{"id":347579,"date":"2025-09-25T07:20:13","date_gmt":"2025-09-25T06:20:13","guid":{"rendered":"https:\/\/www.purejewels.com\/?post_type=product&#038;p=347579"},"modified":"2026-01-06T09:51:47","modified_gmt":"2026-01-06T09:51:47","slug":"baby-armband-aus-22-karat-gold-mit-rhodium-finish-48488","status":"publish","type":"product","link":"https:\/\/www.purejewels.com\/de\/product\/22ct-gold-baby-bracelet-with-rhodium-finish-48488\/","title":{"rendered":"Zweifarbiges Goldarmband f\u00fcr Kinder | 5 Zoll"},"content":{"rendered":"<p>Dieses anmutige, aus 22-kar\u00e4tigem Gold gefertigte Kinderarmband ist ein Symbol f\u00fcr Liebe, F\u00fcrsorge und freudige Anf\u00e4nge. Die schlichte goldene Box-Kette ist mit schimmernden, wei\u00df get\u00f6nten, strukturierten Perlen durchsetzt, die f\u00fcr einen raffinierten und zugleich jugendlichen Look sorgen.<\/p>\n<p>Es ist leicht und dennoch sicher und kann jeden Tag getragen werden - ob als Geschenk f\u00fcr einen besonderen Anlass oder als Andenken an einen Meilenstein. Dieses Armband f\u00e4ngt die Essenz der Kindheit in kostbarem Gold ein: sanft, fr\u00f6hlich und voller Verhei\u00dfungen.<\/p>","protected":false},"excerpt":{"rendered":"<p>Dieses Armband aus 22-kar\u00e4tigem Gold ist eine zarte Mischung aus Eleganz und Komfort und wurde mit durchdachten Details f\u00fcr junge Handgelenke entworfen. Texturierte Perlen in Wei\u00dfgold (Rhodium-Finish) verleihen der schmalen Goldkette einen verspielten Glanz, der sich mit Ihrem Kind mitbewegt.<\/p>\n<p><strong>Material:<\/strong>\u00a022ct Gold<strong><br \/>\nWahrzeichen:\u00a0<\/strong>Britisches G\u00fctesiegel<strong><br \/>\n<\/strong><strong>Bruttogewicht:\u00a0<\/strong>2.00 Gms<br \/>\n<strong>L\u00e4nge:<\/strong>\u00a05 Zoll<br \/>\n<strong>SKU:<\/strong> 48488<\/p>\n<p><strong>Preis und Lieferung<\/strong>: Inklusive Mehrwertsteuer und Lieferkosten<br \/>\n<a href=\"https:\/\/www.purejewels.com\/de\/ruckgabepolitik\/\">R\u00fcckgabepolitik<\/a><\/p>","protected":false},"featured_media":403523,"comment_status":"closed","ping_status":"closed","template":"","meta":{"_eb_attr":"","_crsspst_to_jayantr4sg-hostcom":true},"product_brand":[],"product_cat":[1576,1324,5344,1436,5349],"product_tag":[],"class_list":{"0":"post-347579","1":"product","2":"type-product","3":"status-publish","4":"has-post-thumbnail","6":"product_cat-childrens-jewellery","7":"product_cat-gold-bracelet","8":"product_cat-jewellery-under-750","9":"product_cat-kids-bracelet-kada","10":"product_cat-yellow-gold-jewellery","12":"first","13":"outofstock","14":"taxable","15":"shipping-taxable","16":"product-type-simple","17":"add-to-wishlist-before_image"},"yoast_head":"<!-- This site is optimized with the Yoast SEO plugin v27.6 - https:\/\/yoast.com\/product\/yoast-seo-wordpress\/ -->\n<title>Rhodium Finish Bracelet for New born Baby | PureJewels UK<\/title>\n<meta name=\"description\" content=\"Adorable rhodium finish bracelet for newborn baby. This delicate bracelet is perfect for your little one&#039;s first jewelry. Order yours today!\" \/>\n<meta name=\"robots\" content=\"index, follow, max-snippet:-1, max-image-preview:large, max-video-preview:-1\" \/>\n<link rel=\"canonical\" href=\"https:\/\/www.purejewels.com\/de\/produkt-2\/baby-armband-aus-22-karat-gold-mit-rhodium-finish-48488\/\" \/>\n<meta property=\"og:locale\" content=\"de_DE\" \/>\n<meta property=\"og:type\" content=\"article\" \/>\n<meta property=\"og:title\" content=\"Rhodium Finish Bracelet for New born Baby | PureJewels UK\" \/>\n<meta property=\"og:description\" content=\"Adorable rhodium finish bracelet for newborn baby. This delicate bracelet is perfect for your little one&#039;s first jewelry. Order yours today!\" \/>\n<meta property=\"og:url\" content=\"https:\/\/www.purejewels.com\/de\/produkt-2\/baby-armband-aus-22-karat-gold-mit-rhodium-finish-48488\/\" \/>\n<meta property=\"og:site_name\" content=\"PureJewels UK\" \/>\n<meta property=\"article:modified_time\" content=\"2026-01-06T09:51:47+00:00\" \/>\n<meta property=\"og:image\" content=\"https:\/\/www.purejewels.com\/wp-content\/uploads\/2023\/06\/SKU-48488.jpg\" \/>\n\t<meta property=\"og:image:width\" content=\"1000\" \/>\n\t<meta property=\"og:image:height\" content=\"1000\" \/>\n\t<meta property=\"og:image:type\" content=\"image\/jpeg\" \/>\n<meta name=\"twitter:card\" content=\"summary_large_image\" \/>\n<script type=\"application\/ld+json\" class=\"yoast-schema-graph\">{\"@context\":\"https:\\\/\\\/schema.org\",\"@graph\":[{\"@type\":[\"WebPage\",\"ItemPage\"],\"@id\":\"https:\\\/\\\/www.purejewels.com\\\/product\\\/22ct-gold-baby-bracelet-with-rhodium-finish-48488\\\/\",\"url\":\"https:\\\/\\\/www.purejewels.com\\\/product\\\/22ct-gold-baby-bracelet-with-rhodium-finish-48488\\\/\",\"name\":\"Rhodium Finish Bracelet for New born Baby | PureJewels UK\",\"isPartOf\":{\"@id\":\"https:\\\/\\\/www.purejewels.com\\\/#website\"},\"primaryImageOfPage\":{\"@id\":\"https:\\\/\\\/www.purejewels.com\\\/product\\\/22ct-gold-baby-bracelet-with-rhodium-finish-48488\\\/#primaryimage\"},\"image\":{\"@id\":\"https:\\\/\\\/www.purejewels.com\\\/product\\\/22ct-gold-baby-bracelet-with-rhodium-finish-48488\\\/#primaryimage\"},\"thumbnailUrl\":\"https:\\\/\\\/static.purejewels.com\\\/wp-content\\\/uploads\\\/2023\\\/06\\\/SKU-48488.jpg\",\"datePublished\":\"2025-09-25T06:20:13+00:00\",\"dateModified\":\"2026-01-06T09:51:47+00:00\",\"description\":\"Adorable rhodium finish bracelet for newborn baby. This delicate bracelet is perfect for your little one's first jewelry. Order yours today!\",\"breadcrumb\":{\"@id\":\"https:\\\/\\\/www.purejewels.com\\\/product\\\/22ct-gold-baby-bracelet-with-rhodium-finish-48488\\\/#breadcrumb\"},\"inLanguage\":\"de\",\"potentialAction\":[{\"@type\":\"ReadAction\",\"target\":[\"https:\\\/\\\/www.purejewels.com\\\/product\\\/22ct-gold-baby-bracelet-with-rhodium-finish-48488\\\/\"]}]},{\"@type\":\"ImageObject\",\"inLanguage\":\"de\",\"@id\":\"https:\\\/\\\/www.purejewels.com\\\/product\\\/22ct-gold-baby-bracelet-with-rhodium-finish-48488\\\/#primaryimage\",\"url\":\"https:\\\/\\\/static.purejewels.com\\\/wp-content\\\/uploads\\\/2023\\\/06\\\/SKU-48488.jpg\",\"contentUrl\":\"https:\\\/\\\/static.purejewels.com\\\/wp-content\\\/uploads\\\/2023\\\/06\\\/SKU-48488.jpg\",\"width\":1000,\"height\":1000,\"caption\":\"Dual-Tone Gold Bracelet For Kids\"},{\"@type\":\"BreadcrumbList\",\"@id\":\"https:\\\/\\\/www.purejewels.com\\\/product\\\/22ct-gold-baby-bracelet-with-rhodium-finish-48488\\\/#breadcrumb\",\"itemListElement\":[{\"@type\":\"ListItem\",\"position\":1,\"name\":\"Home\",\"item\":\"https:\\\/\\\/www.purejewels.com\\\/\"},{\"@type\":\"ListItem\",\"position\":2,\"name\":\"Shop\",\"item\":\"https:\\\/\\\/www.purejewels.com\\\/shop\\\/\"},{\"@type\":\"ListItem\",\"position\":3,\"name\":\"Dual-Tone Gold Bracelet For Kids | 5 Inches\"}]},{\"@type\":\"WebSite\",\"@id\":\"https:\\\/\\\/www.purejewels.com\\\/#website\",\"url\":\"https:\\\/\\\/www.purejewels.com\\\/\",\"name\":\"PureJewels UK\",\"description\":\"Share the Love\",\"publisher\":{\"@id\":\"https:\\\/\\\/www.purejewels.com\\\/#organization\"},\"potentialAction\":[{\"@type\":\"SearchAction\",\"target\":{\"@type\":\"EntryPoint\",\"urlTemplate\":\"https:\\\/\\\/www.purejewels.com\\\/?s={search_term_string}\"},\"query-input\":{\"@type\":\"PropertyValueSpecification\",\"valueRequired\":true,\"valueName\":\"search_term_string\"}}],\"inLanguage\":\"de\"},{\"@type\":\"Organization\",\"@id\":\"https:\\\/\\\/www.purejewels.com\\\/#organization\",\"name\":\"PureJewels UK\",\"url\":\"https:\\\/\\\/www.purejewels.com\\\/\",\"logo\":{\"@type\":\"ImageObject\",\"inLanguage\":\"de\",\"@id\":\"https:\\\/\\\/www.purejewels.com\\\/#\\\/schema\\\/logo\\\/image\\\/\",\"url\":\"https:\\\/\\\/static.purejewels.com\\\/wp-content\\\/uploads\\\/2020\\\/11\\\/Logo-PJ-New-1.png\",\"contentUrl\":\"https:\\\/\\\/static.purejewels.com\\\/wp-content\\\/uploads\\\/2020\\\/11\\\/Logo-PJ-New-1.png\",\"width\":150,\"height\":80,\"caption\":\"PureJewels UK\"},\"image\":{\"@id\":\"https:\\\/\\\/www.purejewels.com\\\/#\\\/schema\\\/logo\\\/image\\\/\"}}]}<\/script>\n<!-- \/ Yoast SEO plugin. -->","yoast_head_json":{"title":"Rhodium Finish Armband f\u00fcr neugeborenes Baby | PureJewels UK","description":"Bezauberndes rhodiniertes Armband f\u00fcr neugeborene Babys. Dieses zarte Armband ist perfekt f\u00fcr die ersten Schmuckst\u00fccke Ihres Kindes. Bestellen Sie es noch heute!","robots":{"index":"index","follow":"follow","max-snippet":"max-snippet:-1","max-image-preview":"max-image-preview:large","max-video-preview":"max-video-preview:-1"},"canonical":"https:\/\/www.purejewels.com\/de\/produkt-2\/baby-armband-aus-22-karat-gold-mit-rhodium-finish-48488\/","og_locale":"de_DE","og_type":"article","og_title":"Rhodium Finish Bracelet for New born Baby | PureJewels UK","og_description":"Adorable rhodium finish bracelet for newborn baby. This delicate bracelet is perfect for your little one's first jewelry. Order yours today!","og_url":"https:\/\/www.purejewels.com\/de\/produkt-2\/baby-armband-aus-22-karat-gold-mit-rhodium-finish-48488\/","og_site_name":"PureJewels UK","article_modified_time":"2026-01-06T09:51:47+00:00","og_image":[{"width":1000,"height":1000,"url":"https:\/\/www.purejewels.com\/wp-content\/uploads\/2023\/06\/SKU-48488.jpg","type":"image\/jpeg"}],"twitter_card":"summary_large_image","schema":{"@context":"https:\/\/schema.org","@graph":[{"@type":["WebPage","ItemPage"],"@id":"https:\/\/www.purejewels.com\/product\/22ct-gold-baby-bracelet-with-rhodium-finish-48488\/","url":"https:\/\/www.purejewels.com\/product\/22ct-gold-baby-bracelet-with-rhodium-finish-48488\/","name":"Rhodium Finish Armband f\u00fcr neugeborenes Baby | PureJewels UK","isPartOf":{"@id":"https:\/\/www.purejewels.com\/#website"},"primaryImageOfPage":{"@id":"https:\/\/www.purejewels.com\/product\/22ct-gold-baby-bracelet-with-rhodium-finish-48488\/#primaryimage"},"image":{"@id":"https:\/\/www.purejewels.com\/product\/22ct-gold-baby-bracelet-with-rhodium-finish-48488\/#primaryimage"},"thumbnailUrl":"https:\/\/static.purejewels.com\/wp-content\/uploads\/2023\/06\/SKU-48488.jpg","datePublished":"2025-09-25T06:20:13+00:00","dateModified":"2026-01-06T09:51:47+00:00","description":"Bezauberndes rhodiniertes Armband f\u00fcr neugeborene Babys. Dieses zarte Armband ist perfekt f\u00fcr die ersten Schmuckst\u00fccke Ihres Kindes. Bestellen Sie es noch heute!","breadcrumb":{"@id":"https:\/\/www.purejewels.com\/product\/22ct-gold-baby-bracelet-with-rhodium-finish-48488\/#breadcrumb"},"inLanguage":"de","potentialAction":[{"@type":"ReadAction","target":["https:\/\/www.purejewels.com\/product\/22ct-gold-baby-bracelet-with-rhodium-finish-48488\/"]}]},{"@type":"ImageObject","inLanguage":"de","@id":"https:\/\/www.purejewels.com\/product\/22ct-gold-baby-bracelet-with-rhodium-finish-48488\/#primaryimage","url":"https:\/\/static.purejewels.com\/wp-content\/uploads\/2023\/06\/SKU-48488.jpg","contentUrl":"https:\/\/static.purejewels.com\/wp-content\/uploads\/2023\/06\/SKU-48488.jpg","width":1000,"height":1000,"caption":"Dual-Tone Gold Bracelet For Kids"},{"@type":"BreadcrumbList","@id":"https:\/\/www.purejewels.com\/product\/22ct-gold-baby-bracelet-with-rhodium-finish-48488\/#breadcrumb","itemListElement":[{"@type":"ListItem","position":1,"name":"Home","item":"https:\/\/www.purejewels.com\/"},{"@type":"ListItem","position":2,"name":"Shop","item":"https:\/\/www.purejewels.com\/shop\/"},{"@type":"ListItem","position":3,"name":"Dual-Tone Gold Bracelet For Kids | 5 Inches"}]},{"@type":"WebSite","@id":"https:\/\/www.purejewels.com\/#website","url":"https:\/\/www.purejewels.com\/","name":"PureJewels UK","description":"Teile die Liebe","publisher":{"@id":"https:\/\/www.purejewels.com\/#organization"},"potentialAction":[{"@type":"SearchAction","target":{"@type":"EntryPoint","urlTemplate":"https:\/\/www.purejewels.com\/?s={search_term_string}"},"query-input":{"@type":"PropertyValueSpecification","valueRequired":true,"valueName":"search_term_string"}}],"inLanguage":"de"},{"@type":"Organization","@id":"https:\/\/www.purejewels.com\/#organization","name":"PureJewels UK","url":"https:\/\/www.purejewels.com\/","logo":{"@type":"ImageObject","inLanguage":"de","@id":"https:\/\/www.purejewels.com\/#\/schema\/logo\/image\/","url":"https:\/\/static.purejewels.com\/wp-content\/uploads\/2020\/11\/Logo-PJ-New-1.png","contentUrl":"https:\/\/static.purejewels.com\/wp-content\/uploads\/2020\/11\/Logo-PJ-New-1.png","width":150,"height":80,"caption":"PureJewels UK"},"image":{"@id":"https:\/\/www.purejewels.com\/#\/schema\/logo\/image\/"}}]}},"_links":{"self":[{"href":"https:\/\/www.purejewels.com\/de\/wp-json\/wp\/v2\/product\/347579","targetHints":{"allow":["GET"]}}],"collection":[{"href":"https:\/\/www.purejewels.com\/de\/wp-json\/wp\/v2\/product"}],"about":[{"href":"https:\/\/www.purejewels.com\/de\/wp-json\/wp\/v2\/types\/product"}],"replies":[{"embeddable":true,"href":"https:\/\/www.purejewels.com\/de\/wp-json\/wp\/v2\/comments?post=347579"}],"version-history":[{"count":2,"href":"https:\/\/www.purejewels.com\/de\/wp-json\/wp\/v2\/product\/347579\/revisions"}],"predecessor-version":[{"id":403522,"href":"https:\/\/www.purejewels.com\/de\/wp-json\/wp\/v2\/product\/347579\/revisions\/403522"}],"wp:featuredmedia":[{"embeddable":true,"href":"https:\/\/www.purejewels.com\/de\/wp-json\/wp\/v2\/media\/403523"}],"wp:attachment":[{"href":"https:\/\/www.purejewels.com\/de\/wp-json\/wp\/v2\/media?parent=347579"}],"wp:term":[{"taxonomy":"product_brand","embeddable":true,"href":"https:\/\/www.purejewels.com\/de\/wp-json\/wp\/v2\/product_brand?post=347579"},{"taxonomy":"product_cat","embeddable":true,"href":"https:\/\/www.purejewels.com\/de\/wp-json\/wp\/v2\/product_cat?post=347579"},{"taxonomy":"product_tag","embeddable":true,"href":"https:\/\/www.purejewels.com\/de\/wp-json\/wp\/v2\/product_tag?post=347579"}],"curies":[{"name":"wp","href":"https:\/\/api.w.org\/{rel}","templated":true}]}}