{"id":347751,"date":"2023-06-19T12:54:14","date_gmt":"2023-06-19T11:54:14","guid":{"rendered":"https:\/\/www.purejewels.com\/?post_type=product&#038;p=347751"},"modified":"2026-01-06T07:30:08","modified_gmt":"2026-01-06T07:30:08","slug":"22ct-heiliges-kreuz-anhanger-44711","status":"publish","type":"product","link":"https:\/\/www.purejewels.com\/de\/product\/22ct-holy-cross-pendant-44711\/","title":{"rendered":"22ct Heilig-Kreuz-Anh\u00e4nger"},"content":{"rendered":"<ul>\n<li>Gewicht. 2,8 Gramm<\/li>\n<li>SKU. 44711<\/li>\n<\/ul>\n<p>Wir stellen vor <a href=\"https:\/\/www.purejewels.com\/de\/product\/holy-cross-pendant\/\">Heilig-Kreuz-Anh\u00e4nger<\/a> in exquisiter <a href=\"https:\/\/www.purejewels.com\/de\/product\/22ct-gold-jali-filigree-ring-jali-collection-31926\/\">22ct<\/a> Gold, ein Symbol des Glaubens und der Hingabe.<\/p>\n<p>Dieser mit viel Liebe zum Detail gefertigte Anh\u00e4nger zeigt die zeitlose Sch\u00f6nheit des Heiligen Kreuzes. Die anmutigen Linien und eleganten Kurven des Kreuzes strahlen ein Gef\u00fchl der spirituellen Bedeutung und Ehrfurcht aus.<\/p>\n<p>Dieser Anh\u00e4nger aus hochwertigem 22-kar\u00e4tigem Gold strahlt einen faszinierenden Glanz aus und symbolisiert die Reinheit und G\u00f6ttlichkeit, die mit dem Heiligen Kreuz verbunden sind. Die polierte Oberfl\u00e4che reflektiert das Licht und erzeugt ein faszinierendes Funkeln, das die Aufmerksamkeit auf sich zieht.<\/p>\n<p>Tragt dieses Heilige <a href=\"https:\/\/www.purejewels.com\/de\/product\/holy-cross-gold-pendant-44713\/\">Kreuz-Anh\u00e4nger<\/a> als pers\u00f6nlichen Ausdruck des Glaubens und als st\u00e4ndige Erinnerung an Ihre \u00dcberzeugungen. Seine bedeutungsvolle Symbolik und sein elegantes Design machen ihn zu einem gesch\u00e4tzten Accessoire f\u00fcr den Alltag und f\u00fcr besondere Anl\u00e4sse.<\/p>\n<p>Dieser Heilig-Kreuz-Anh\u00e4nger aus 22 Karat Gold ist nicht nur ein wundersch\u00f6nes Schmuckst\u00fcck, sondern auch ein wertvolles Erbst\u00fcck, das \u00fcber Generationen weitergegeben werden kann. Seine dauerhafte Qualit\u00e4t sorgt daf\u00fcr, dass er jahrelang in Ehren gehalten wird.<\/p>\n<p>Ob als pers\u00f6nliches Accessoire oder als herzliches Geschenk f\u00fcr einen geliebten Menschen, unser Heilig-Kreuz-Anh\u00e4nger aus 22-kar\u00e4tigem Gold verk\u00f6rpert die Essenz des Glaubens, der Hingabe und der zeitlosen Eleganz. Machen Sie sich die spirituelle Bedeutung zu eigen und werten Sie Ihren Stil mit diesem bemerkenswerten Schmuckst\u00fcck auf.<\/p>","protected":false},"excerpt":{"rendered":"<ul>\n<li>22ct Gold Heilig-Kreuz-Anh\u00e4nger<\/li>\n<li>Besetzt mit CZ Stein<\/li>\n<li>Gewicht. 2,8 Gramm<\/li>\n<li>SKU. 44711<\/li>\n<li>Kette nicht enthalten<\/li>\n<li>22ct Gold gestempelt von London Assay Office<\/li>\n<li>Die auf dem Bild gezeigte Kette ist eine\u00a0<strong>Spiga-Kette<\/strong><\/li>\n<li>Mit Pr\u00e4sentationsbox<\/li>\n<li>Lieferung inbegriffen<\/li>\n<li>Alle Preise inklusive Mehrwertsteuer<\/li>\n<li>Live-Chat mit uns f\u00fcr die Verf\u00fcgbarkeit und mehr Bilder von \u00e4hnlichen Designs derzeit auf Lager<\/li>\n<\/ul>","protected":false},"featured_media":347752,"comment_status":"closed","ping_status":"closed","template":"","meta":{"_eb_attr":"","_crsspst_to_jayantr4sg-hostcom":true},"product_brand":[],"product_cat":[5603,1255,1572,1768,1701,1574,5349],"product_tag":[5473],"class_list":{"0":"post-347751","1":"product","2":"type-product","3":"status-publish","4":"has-post-thumbnail","6":"product_cat-cross-pendants","7":"product_cat-gold-pendants","8":"product_cat-mens-jewellery","9":"product_cat-mens-pendants","10":"product_cat-religious-pendants","11":"product_cat-womens-jewellery","12":"product_cat-yellow-gold-jewellery","13":"product_tag-religion-pendant","15":"first","16":"outofstock","17":"taxable","18":"shipping-taxable","19":"product-type-simple","20":"add-to-wishlist-before_image"},"yoast_head":"<!-- This site is optimized with the Yoast SEO plugin v27.5 - https:\/\/yoast.com\/product\/yoast-seo-wordpress\/ -->\n<title>Holy Cross Pendant in Gold| Cross Necklace | PureJewels<\/title>\n<meta name=\"description\" content=\"This 22ct cross pendant is a symbol of faith and devotion that can be worn by men or women. Shop Religious Gold Pendants from PureJewels.\" \/>\n<meta name=\"robots\" content=\"index, follow, max-snippet:-1, max-image-preview:large, max-video-preview:-1\" \/>\n<link rel=\"canonical\" href=\"https:\/\/www.purejewels.com\/de\/produkt-2\/22ct-heiliges-kreuz-anhanger-44711\/\" \/>\n<meta property=\"og:locale\" content=\"de_DE\" \/>\n<meta property=\"og:type\" content=\"article\" \/>\n<meta property=\"og:title\" content=\"Holy Cross Pendant in Gold| Cross Necklace | PureJewels\" \/>\n<meta property=\"og:description\" content=\"This 22ct cross pendant is a symbol of faith and devotion that can be worn by men or women. Shop Religious Gold Pendants from PureJewels.\" \/>\n<meta property=\"og:url\" content=\"https:\/\/www.purejewels.com\/de\/produkt-2\/22ct-heiliges-kreuz-anhanger-44711\/\" \/>\n<meta property=\"og:site_name\" content=\"PureJewels UK\" \/>\n<meta property=\"article:modified_time\" content=\"2026-01-06T07:30:08+00:00\" \/>\n<meta property=\"og:image\" content=\"https:\/\/www.purejewels.com\/wp-content\/uploads\/2023\/06\/44711.jpg\" \/>\n\t<meta property=\"og:image:width\" content=\"1000\" \/>\n\t<meta property=\"og:image:height\" content=\"1000\" \/>\n\t<meta property=\"og:image:type\" content=\"image\/jpeg\" \/>\n<meta name=\"twitter:card\" content=\"summary_large_image\" \/>\n<meta name=\"twitter:label1\" content=\"Gesch\u00e4tzte Lesezeit\" \/>\n\t<meta name=\"twitter:data1\" content=\"1\u00a0Minute\" \/>\n<script type=\"application\/ld+json\" class=\"yoast-schema-graph\">{\"@context\":\"https:\\\/\\\/schema.org\",\"@graph\":[{\"@type\":[\"WebPage\",\"ItemPage\"],\"@id\":\"https:\\\/\\\/www.purejewels.com\\\/product\\\/22ct-holy-cross-pendant-44711\\\/\",\"url\":\"https:\\\/\\\/www.purejewels.com\\\/product\\\/22ct-holy-cross-pendant-44711\\\/\",\"name\":\"Holy Cross Pendant in Gold| Cross Necklace | PureJewels\",\"isPartOf\":{\"@id\":\"https:\\\/\\\/www.purejewels.com\\\/#website\"},\"primaryImageOfPage\":{\"@id\":\"https:\\\/\\\/www.purejewels.com\\\/product\\\/22ct-holy-cross-pendant-44711\\\/#primaryimage\"},\"image\":{\"@id\":\"https:\\\/\\\/www.purejewels.com\\\/product\\\/22ct-holy-cross-pendant-44711\\\/#primaryimage\"},\"thumbnailUrl\":\"https:\\\/\\\/static.purejewels.com\\\/wp-content\\\/uploads\\\/2023\\\/06\\\/44711.jpg\",\"datePublished\":\"2023-06-19T11:54:14+00:00\",\"dateModified\":\"2026-01-06T07:30:08+00:00\",\"description\":\"This 22ct cross pendant is a symbol of faith and devotion that can be worn by men or women. Shop Religious Gold Pendants from PureJewels.\",\"breadcrumb\":{\"@id\":\"https:\\\/\\\/www.purejewels.com\\\/product\\\/22ct-holy-cross-pendant-44711\\\/#breadcrumb\"},\"inLanguage\":\"de\",\"potentialAction\":[{\"@type\":\"ReadAction\",\"target\":[\"https:\\\/\\\/www.purejewels.com\\\/product\\\/22ct-holy-cross-pendant-44711\\\/\"]}]},{\"@type\":\"ImageObject\",\"inLanguage\":\"de\",\"@id\":\"https:\\\/\\\/www.purejewels.com\\\/product\\\/22ct-holy-cross-pendant-44711\\\/#primaryimage\",\"url\":\"https:\\\/\\\/static.purejewels.com\\\/wp-content\\\/uploads\\\/2023\\\/06\\\/44711.jpg\",\"contentUrl\":\"https:\\\/\\\/static.purejewels.com\\\/wp-content\\\/uploads\\\/2023\\\/06\\\/44711.jpg\",\"width\":1000,\"height\":1000,\"caption\":\"22ct Holy Cross Pendant\"},{\"@type\":\"BreadcrumbList\",\"@id\":\"https:\\\/\\\/www.purejewels.com\\\/product\\\/22ct-holy-cross-pendant-44711\\\/#breadcrumb\",\"itemListElement\":[{\"@type\":\"ListItem\",\"position\":1,\"name\":\"Home\",\"item\":\"https:\\\/\\\/www.purejewels.com\\\/\"},{\"@type\":\"ListItem\",\"position\":2,\"name\":\"Shop\",\"item\":\"https:\\\/\\\/www.purejewels.com\\\/shop\\\/\"},{\"@type\":\"ListItem\",\"position\":3,\"name\":\"22ct Holy Cross Pendant\"}]},{\"@type\":\"WebSite\",\"@id\":\"https:\\\/\\\/www.purejewels.com\\\/#website\",\"url\":\"https:\\\/\\\/www.purejewels.com\\\/\",\"name\":\"PureJewels UK\",\"description\":\"Share the Love\",\"publisher\":{\"@id\":\"https:\\\/\\\/www.purejewels.com\\\/#organization\"},\"potentialAction\":[{\"@type\":\"SearchAction\",\"target\":{\"@type\":\"EntryPoint\",\"urlTemplate\":\"https:\\\/\\\/www.purejewels.com\\\/?s={search_term_string}\"},\"query-input\":{\"@type\":\"PropertyValueSpecification\",\"valueRequired\":true,\"valueName\":\"search_term_string\"}}],\"inLanguage\":\"de\"},{\"@type\":\"Organization\",\"@id\":\"https:\\\/\\\/www.purejewels.com\\\/#organization\",\"name\":\"PureJewels UK\",\"url\":\"https:\\\/\\\/www.purejewels.com\\\/\",\"logo\":{\"@type\":\"ImageObject\",\"inLanguage\":\"de\",\"@id\":\"https:\\\/\\\/www.purejewels.com\\\/#\\\/schema\\\/logo\\\/image\\\/\",\"url\":\"https:\\\/\\\/static.purejewels.com\\\/wp-content\\\/uploads\\\/2020\\\/11\\\/Logo-PJ-New-1.png\",\"contentUrl\":\"https:\\\/\\\/static.purejewels.com\\\/wp-content\\\/uploads\\\/2020\\\/11\\\/Logo-PJ-New-1.png\",\"width\":150,\"height\":80,\"caption\":\"PureJewels UK\"},\"image\":{\"@id\":\"https:\\\/\\\/www.purejewels.com\\\/#\\\/schema\\\/logo\\\/image\\\/\"}}]}<\/script>\n<!-- \/ Yoast SEO plugin. -->","yoast_head_json":{"title":"Heiliges Kreuz Anh\u00e4nger in Gold | Kreuz Halskette | PureJewels","description":"Dieses 22ct Kreuz Anh\u00e4nger ist ein Symbol des Glaubens und der Hingabe, die von M\u00e4nnern oder Frauen getragen werden kann. Shop Religi\u00f6se Gold-Anh\u00e4nger von PureJewels.","robots":{"index":"index","follow":"follow","max-snippet":"max-snippet:-1","max-image-preview":"max-image-preview:large","max-video-preview":"max-video-preview:-1"},"canonical":"https:\/\/www.purejewels.com\/de\/produkt-2\/22ct-heiliges-kreuz-anhanger-44711\/","og_locale":"de_DE","og_type":"article","og_title":"Holy Cross Pendant in Gold| Cross Necklace | PureJewels","og_description":"This 22ct cross pendant is a symbol of faith and devotion that can be worn by men or women. Shop Religious Gold Pendants from PureJewels.","og_url":"https:\/\/www.purejewels.com\/de\/produkt-2\/22ct-heiliges-kreuz-anhanger-44711\/","og_site_name":"PureJewels UK","article_modified_time":"2026-01-06T07:30:08+00:00","og_image":[{"width":1000,"height":1000,"url":"https:\/\/www.purejewels.com\/wp-content\/uploads\/2023\/06\/44711.jpg","type":"image\/jpeg"}],"twitter_card":"summary_large_image","twitter_misc":{"Gesch\u00e4tzte Lesezeit":"1\u00a0Minute"},"schema":{"@context":"https:\/\/schema.org","@graph":[{"@type":["WebPage","ItemPage"],"@id":"https:\/\/www.purejewels.com\/product\/22ct-holy-cross-pendant-44711\/","url":"https:\/\/www.purejewels.com\/product\/22ct-holy-cross-pendant-44711\/","name":"Heiliges Kreuz Anh\u00e4nger in Gold | Kreuz Halskette | PureJewels","isPartOf":{"@id":"https:\/\/www.purejewels.com\/#website"},"primaryImageOfPage":{"@id":"https:\/\/www.purejewels.com\/product\/22ct-holy-cross-pendant-44711\/#primaryimage"},"image":{"@id":"https:\/\/www.purejewels.com\/product\/22ct-holy-cross-pendant-44711\/#primaryimage"},"thumbnailUrl":"https:\/\/static.purejewels.com\/wp-content\/uploads\/2023\/06\/44711.jpg","datePublished":"2023-06-19T11:54:14+00:00","dateModified":"2026-01-06T07:30:08+00:00","description":"Dieses 22ct Kreuz Anh\u00e4nger ist ein Symbol des Glaubens und der Hingabe, die von M\u00e4nnern oder Frauen getragen werden kann. Shop Religi\u00f6se Gold-Anh\u00e4nger von PureJewels.","breadcrumb":{"@id":"https:\/\/www.purejewels.com\/product\/22ct-holy-cross-pendant-44711\/#breadcrumb"},"inLanguage":"de","potentialAction":[{"@type":"ReadAction","target":["https:\/\/www.purejewels.com\/product\/22ct-holy-cross-pendant-44711\/"]}]},{"@type":"ImageObject","inLanguage":"de","@id":"https:\/\/www.purejewels.com\/product\/22ct-holy-cross-pendant-44711\/#primaryimage","url":"https:\/\/static.purejewels.com\/wp-content\/uploads\/2023\/06\/44711.jpg","contentUrl":"https:\/\/static.purejewels.com\/wp-content\/uploads\/2023\/06\/44711.jpg","width":1000,"height":1000,"caption":"22ct Holy Cross Pendant"},{"@type":"BreadcrumbList","@id":"https:\/\/www.purejewels.com\/product\/22ct-holy-cross-pendant-44711\/#breadcrumb","itemListElement":[{"@type":"ListItem","position":1,"name":"Home","item":"https:\/\/www.purejewels.com\/"},{"@type":"ListItem","position":2,"name":"Shop","item":"https:\/\/www.purejewels.com\/shop\/"},{"@type":"ListItem","position":3,"name":"22ct Holy Cross Pendant"}]},{"@type":"WebSite","@id":"https:\/\/www.purejewels.com\/#website","url":"https:\/\/www.purejewels.com\/","name":"PureJewels UK","description":"Teile die Liebe","publisher":{"@id":"https:\/\/www.purejewels.com\/#organization"},"potentialAction":[{"@type":"SearchAction","target":{"@type":"EntryPoint","urlTemplate":"https:\/\/www.purejewels.com\/?s={search_term_string}"},"query-input":{"@type":"PropertyValueSpecification","valueRequired":true,"valueName":"search_term_string"}}],"inLanguage":"de"},{"@type":"Organization","@id":"https:\/\/www.purejewels.com\/#organization","name":"PureJewels UK","url":"https:\/\/www.purejewels.com\/","logo":{"@type":"ImageObject","inLanguage":"de","@id":"https:\/\/www.purejewels.com\/#\/schema\/logo\/image\/","url":"https:\/\/static.purejewels.com\/wp-content\/uploads\/2020\/11\/Logo-PJ-New-1.png","contentUrl":"https:\/\/static.purejewels.com\/wp-content\/uploads\/2020\/11\/Logo-PJ-New-1.png","width":150,"height":80,"caption":"PureJewels UK"},"image":{"@id":"https:\/\/www.purejewels.com\/#\/schema\/logo\/image\/"}}]}},"_links":{"self":[{"href":"https:\/\/www.purejewels.com\/de\/wp-json\/wp\/v2\/product\/347751","targetHints":{"allow":["GET"]}}],"collection":[{"href":"https:\/\/www.purejewels.com\/de\/wp-json\/wp\/v2\/product"}],"about":[{"href":"https:\/\/www.purejewels.com\/de\/wp-json\/wp\/v2\/types\/product"}],"replies":[{"embeddable":true,"href":"https:\/\/www.purejewels.com\/de\/wp-json\/wp\/v2\/comments?post=347751"}],"version-history":[{"count":1,"href":"https:\/\/www.purejewels.com\/de\/wp-json\/wp\/v2\/product\/347751\/revisions"}],"predecessor-version":[{"id":387060,"href":"https:\/\/www.purejewels.com\/de\/wp-json\/wp\/v2\/product\/347751\/revisions\/387060"}],"wp:featuredmedia":[{"embeddable":true,"href":"https:\/\/www.purejewels.com\/de\/wp-json\/wp\/v2\/media\/347752"}],"wp:attachment":[{"href":"https:\/\/www.purejewels.com\/de\/wp-json\/wp\/v2\/media?parent=347751"}],"wp:term":[{"taxonomy":"product_brand","embeddable":true,"href":"https:\/\/www.purejewels.com\/de\/wp-json\/wp\/v2\/product_brand?post=347751"},{"taxonomy":"product_cat","embeddable":true,"href":"https:\/\/www.purejewels.com\/de\/wp-json\/wp\/v2\/product_cat?post=347751"},{"taxonomy":"product_tag","embeddable":true,"href":"https:\/\/www.purejewels.com\/de\/wp-json\/wp\/v2\/product_tag?post=347751"}],"curies":[{"name":"wp","href":"https:\/\/api.w.org\/{rel}","templated":true}]}}