{"id":3484,"date":"2017-07-19T13:13:54","date_gmt":"2017-07-19T12:13:54","guid":{"rendered":"http:\/\/new.purejewels.com\/product\/floralia-necklace\/"},"modified":"2025-03-19T08:05:33","modified_gmt":"2025-03-19T08:05:33","slug":"floralia-halskette","status":"publish","type":"product","link":"https:\/\/www.purejewels.com\/de\/product\/floralia-necklace\/","title":{"rendered":"Floralia Halskette"},"content":{"rendered":"<p>SKU 15805<\/p>","protected":false},"excerpt":{"rendered":"<ul>\n<li>18 Karat Wei\u00dfgold<\/li>\n<li>Diamanten, 2,52cts<\/li>\n<li>Aquamarine 1.71cts<\/li>\n<li>Kann in rosa Turmalin, gr\u00fcnem Turmalin und Morganit hergestellt werden<\/li>\n<li>Alle Preise inklusive Mehrwertsteuer<\/li>\n<li>Gold gestempelt von London Assay Office<\/li>\n<li>Alle Sets werden mit Pr\u00e4sentationsbox geliefert<\/li>\n<li>Lieferung inbegriffen<\/li>\n<li>Live-Chat mit uns f\u00fcr die Verf\u00fcgbarkeit und mehr Bilder von \u00e4hnlichen Designs derzeit auf Lager<\/li>\n<\/ul>\n<p><strong>Floralia Halskette<br \/>\n<\/strong>Erhebende Ranken aus Wei\u00dfgold und diamantenen Tautropfen umrahmen vertr\u00e4umte aquamarinfarbene Knospen in unserem <em>Floralia<\/em> Halskette.    Sie ist ein au\u00dfergew\u00f6hnliches St\u00fcck unseres Designteams: die Kette, die Sie ein Leben lang lieben werden.<\/p>\n<p><em>Floralia<\/em> ist ein ruhiger Spaziergang umgeben von Vogelgezwitscher.  Es ist eine erhabene Kollektion mit organischen Verzierungen und einigen der sch\u00f6nsten Steine der Welt.  (Sie k\u00f6nnen sich f\u00fcr Aquamarin oder eine Alternative entscheiden - lesen Sie weiter.) Inspiriert von verlassenen indischen G\u00e4rten hat unser Team nachtbl\u00fchenden Jasmin und Ranken skizziert, um dieses wunderbar stimmungsvolle Design zu schaffen.<\/p>\n<p>Es f\u00fchlt sich an wie ein vergessenes Meisterwerk oder eine Antiquit\u00e4t, die man in einem Hinterhofjuwelier gefunden hat.  Die <em>Floralia<\/em> Halskette erinnert an das alte Indien, ist aber aus modernem 18-kar\u00e4tigem Wei\u00dfgold gefertigt.  Sie ist das perfekte Schmuckst\u00fcck f\u00fcr Ihre Hochzeit und verbindet indische Erinnerungen mit moderner \u00c4sthetik.  Wenn Sie auf Ihrem Lebensweg schon weiter sind, haben Sie es sich zweifelsohne verdient.<\/p>\n<p><strong>Floralia von PureJewels<br \/>\n<\/strong>W\u00e4hlen Sie Ihren Favoriten <em>Floralia<\/em> und sagen Sie uns dann, wie Sie es haben m\u00f6chten.  Diese Kollektion ist so konzipiert, dass sie individuell gestaltet werden kann.  Sie k\u00f6nnen sich f\u00fcr einen femininen rosa Turmalin, einen ungew\u00f6hnlichen gr\u00fcnen Turmalin oder einen seltenen Morganit mit apricotfarbener W\u00e4rme entscheiden.  Ihr <em>Floralia<\/em> Die Halskette wird auf Bestellung hergestellt, also sorgen Sie f\u00fcr Ordnung.<\/p>\n<p>Wenn Sie sich ein Bild machen m\u00f6chten <em>Floralia<\/em> Set k\u00f6nnen Sie es mit Ohrringen oder Ringen aus den Kollektionen Liana oder Wildflower kombinieren.  Sie k\u00f6nnen die Steine f\u00fcr jedes St\u00fcck ausw\u00e4hlen - seien Sie einheitlich, oder mischen Sie Ihre Auswahl!<\/p>\n<p>Kommen Sie vorbei und entdecken Sie die gesamte Floralia-Kollektion.  Wir w\u00fcrden uns freuen, Sie zum Chai zu sehen!  Wenn Sie Fragen haben, w\u00e4hrend Sie online sind, \u00f6ffnen Sie einfach den Live Chat.  Sie werden mit jemandem im Gesch\u00e4ft verbunden.<\/p>","protected":false},"featured_media":3485,"comment_status":"closed","ping_status":"closed","template":"","meta":{"_eb_attr":"","_crsspst_to_jayantr4sg-hostcom":false},"product_brand":[],"product_cat":[253,1537],"product_tag":[],"class_list":{"0":"post-3484","1":"product","2":"type-product","3":"status-publish","4":"has-post-thumbnail","6":"product_cat-floralia-collections","7":"product_cat-white-gold-jewellery-set","9":"first","10":"outofstock","11":"product-type-simple","12":"add-to-wishlist-before_image"},"yoast_head":"<!-- This site is optimized with the Yoast SEO plugin v27.5 - https:\/\/yoast.com\/product\/yoast-seo-wordpress\/ -->\n<title>Floralia Necklace - PureJewels UK<\/title>\n<meta name=\"robots\" content=\"index, follow, max-snippet:-1, max-image-preview:large, max-video-preview:-1\" \/>\n<link rel=\"canonical\" href=\"https:\/\/www.purejewels.com\/de\/produkt-2\/floralia-halskette\/\" \/>\n<meta property=\"og:locale\" content=\"de_DE\" \/>\n<meta property=\"og:type\" content=\"article\" \/>\n<meta property=\"og:title\" content=\"Floralia Necklace - PureJewels UK\" \/>\n<meta property=\"og:description\" content=\"18ct white gold  Diamonds, 2.52cts  Aquamarines 1.71cts  Can be created in pink tourmaline, green tourmaline and morganite  All prices include VAT  Gold\u00a0Hallmarked by London Assay Office  All Sets Comes With Presentation Box  Delivery Included  Live chat with us for availability and more images of similar designs currently in stock  Floralia necklace Uplifting tendrils of white gold and diamond dew-drops frame dreamy aquamarine buds in our Floralia necklace.\u00a0 \u00a0\u00a0It\u2019s an exceptional piece from our design team: the necklace that you\u2019ll love for life.  Floralia is a quiet walk surrounded by birdsong.\u00a0 It\u2019s a sublime collection filled with organic flourishes and some of the most beautiful stones in the world.\u00a0 (You can choose aquamarine, or an alternative \u2013 read on.)\u00a0 Inspired by abandoned Indian gardens, our team sketched night-blooming jasmine and climbing tendrils to create this wonderfully evocative design.  It feels like a forgotten masterpiece, or an antique that you found in a back-alley jeweller.\u00a0 The Floralia necklace has echoes of ancient India, but it\u2019s cast in contemporary 18ct white gold.\u00a0 It\u2019s the perfect heritage piece to wear for your wedding, fusing Indian memories with a modern aesthetic.\u00a0 If you\u2019re further down your life path, then you\u2019ve undoubtedly earned it.  Floralia by PureJewels Choose your favourite Floralia piece, then tell us how you want it made.\u00a0 This collection is designed to be personalised.\u00a0 You can choose feminine pink tourmaline, unusual green tourmaline, or rare morganite \u2013 with apricot-toned warmth.\u00a0 Your Floralia necklace will be made to order, so make sure that you\u2019re organised.  If you\u2019d like to make up a Floralia set, you can coordinate it with earrings or rings from the Liana or Wildflower collections.\u00a0 You can choose the stones for every piece \u2013 be consistent, or mix up your choices!  Come in to discover the entire Floralia collection.\u00a0 We\u2019d love to see you for chai!\u00a0 If you have any questions while you\u2019re online, just open Live Chat.\u00a0 You\u2019ll get through to someone in the store.\" \/>\n<meta property=\"og:url\" content=\"https:\/\/www.purejewels.com\/de\/produkt-2\/floralia-halskette\/\" \/>\n<meta property=\"og:site_name\" content=\"PureJewels UK\" \/>\n<meta property=\"article:modified_time\" content=\"2025-03-19T08:05:33+00:00\" \/>\n<meta property=\"og:image\" content=\"https:\/\/www.purejewels.com\/wp-content\/uploads\/2017\/07\/floralia-necklace-15805.jpg\" \/>\n\t<meta property=\"og:image:width\" content=\"960\" \/>\n\t<meta property=\"og:image:height\" content=\"960\" \/>\n\t<meta property=\"og:image:type\" content=\"image\/jpeg\" \/>\n<meta name=\"twitter:card\" content=\"summary_large_image\" \/>\n<meta name=\"twitter:label1\" content=\"Gesch\u00e4tzte Lesezeit\" \/>\n\t<meta name=\"twitter:data1\" content=\"1\u00a0Minute\" \/>\n<script type=\"application\/ld+json\" class=\"yoast-schema-graph\">{\"@context\":\"https:\\\/\\\/schema.org\",\"@graph\":[{\"@type\":[\"WebPage\",\"ItemPage\"],\"@id\":\"https:\\\/\\\/www.purejewels.com\\\/product\\\/floralia-necklace\\\/\",\"url\":\"https:\\\/\\\/www.purejewels.com\\\/product\\\/floralia-necklace\\\/\",\"name\":\"Floralia Necklace - PureJewels UK\",\"isPartOf\":{\"@id\":\"https:\\\/\\\/www.purejewels.com\\\/#website\"},\"primaryImageOfPage\":{\"@id\":\"https:\\\/\\\/www.purejewels.com\\\/product\\\/floralia-necklace\\\/#primaryimage\"},\"image\":{\"@id\":\"https:\\\/\\\/www.purejewels.com\\\/product\\\/floralia-necklace\\\/#primaryimage\"},\"thumbnailUrl\":\"https:\\\/\\\/static.purejewels.com\\\/wp-content\\\/uploads\\\/2017\\\/07\\\/floralia-necklace-15805.jpg\",\"datePublished\":\"2017-07-19T12:13:54+00:00\",\"dateModified\":\"2025-03-19T08:05:33+00:00\",\"breadcrumb\":{\"@id\":\"https:\\\/\\\/www.purejewels.com\\\/product\\\/floralia-necklace\\\/#breadcrumb\"},\"inLanguage\":\"de\",\"potentialAction\":[{\"@type\":\"ReadAction\",\"target\":[\"https:\\\/\\\/www.purejewels.com\\\/product\\\/floralia-necklace\\\/\"]}]},{\"@type\":\"ImageObject\",\"inLanguage\":\"de\",\"@id\":\"https:\\\/\\\/www.purejewels.com\\\/product\\\/floralia-necklace\\\/#primaryimage\",\"url\":\"https:\\\/\\\/static.purejewels.com\\\/wp-content\\\/uploads\\\/2017\\\/07\\\/floralia-necklace-15805.jpg\",\"contentUrl\":\"https:\\\/\\\/static.purejewels.com\\\/wp-content\\\/uploads\\\/2017\\\/07\\\/floralia-necklace-15805.jpg\",\"width\":960,\"height\":960,\"caption\":\"floralia-necklace-15805.jpg\"},{\"@type\":\"BreadcrumbList\",\"@id\":\"https:\\\/\\\/www.purejewels.com\\\/product\\\/floralia-necklace\\\/#breadcrumb\",\"itemListElement\":[{\"@type\":\"ListItem\",\"position\":1,\"name\":\"Home\",\"item\":\"https:\\\/\\\/www.purejewels.com\\\/\"},{\"@type\":\"ListItem\",\"position\":2,\"name\":\"Shop\",\"item\":\"https:\\\/\\\/www.purejewels.com\\\/shop\\\/\"},{\"@type\":\"ListItem\",\"position\":3,\"name\":\"Floralia Necklace\"}]},{\"@type\":\"WebSite\",\"@id\":\"https:\\\/\\\/www.purejewels.com\\\/#website\",\"url\":\"https:\\\/\\\/www.purejewels.com\\\/\",\"name\":\"PureJewels UK\",\"description\":\"Share the Love\",\"publisher\":{\"@id\":\"https:\\\/\\\/www.purejewels.com\\\/#organization\"},\"potentialAction\":[{\"@type\":\"SearchAction\",\"target\":{\"@type\":\"EntryPoint\",\"urlTemplate\":\"https:\\\/\\\/www.purejewels.com\\\/?s={search_term_string}\"},\"query-input\":{\"@type\":\"PropertyValueSpecification\",\"valueRequired\":true,\"valueName\":\"search_term_string\"}}],\"inLanguage\":\"de\"},{\"@type\":\"Organization\",\"@id\":\"https:\\\/\\\/www.purejewels.com\\\/#organization\",\"name\":\"PureJewels UK\",\"url\":\"https:\\\/\\\/www.purejewels.com\\\/\",\"logo\":{\"@type\":\"ImageObject\",\"inLanguage\":\"de\",\"@id\":\"https:\\\/\\\/www.purejewels.com\\\/#\\\/schema\\\/logo\\\/image\\\/\",\"url\":\"https:\\\/\\\/static.purejewels.com\\\/wp-content\\\/uploads\\\/2020\\\/11\\\/Logo-PJ-New-1.png\",\"contentUrl\":\"https:\\\/\\\/static.purejewels.com\\\/wp-content\\\/uploads\\\/2020\\\/11\\\/Logo-PJ-New-1.png\",\"width\":150,\"height\":80,\"caption\":\"PureJewels UK\"},\"image\":{\"@id\":\"https:\\\/\\\/www.purejewels.com\\\/#\\\/schema\\\/logo\\\/image\\\/\"}}]}<\/script>\n<!-- \/ Yoast SEO plugin. -->","yoast_head_json":{"title":"Floralia Halskette - PureJewels UK","robots":{"index":"index","follow":"follow","max-snippet":"max-snippet:-1","max-image-preview":"max-image-preview:large","max-video-preview":"max-video-preview:-1"},"canonical":"https:\/\/www.purejewels.com\/de\/produkt-2\/floralia-halskette\/","og_locale":"de_DE","og_type":"article","og_title":"Floralia Necklace - PureJewels UK","og_description":"18ct white gold  Diamonds, 2.52cts  Aquamarines 1.71cts  Can be created in pink tourmaline, green tourmaline and morganite  All prices include VAT  Gold\u00a0Hallmarked by London Assay Office  All Sets Comes With Presentation Box  Delivery Included  Live chat with us for availability and more images of similar designs currently in stock  Floralia necklace Uplifting tendrils of white gold and diamond dew-drops frame dreamy aquamarine buds in our Floralia necklace.\u00a0 \u00a0\u00a0It\u2019s an exceptional piece from our design team: the necklace that you\u2019ll love for life.  Floralia is a quiet walk surrounded by birdsong.\u00a0 It\u2019s a sublime collection filled with organic flourishes and some of the most beautiful stones in the world.\u00a0 (You can choose aquamarine, or an alternative \u2013 read on.)\u00a0 Inspired by abandoned Indian gardens, our team sketched night-blooming jasmine and climbing tendrils to create this wonderfully evocative design.  It feels like a forgotten masterpiece, or an antique that you found in a back-alley jeweller.\u00a0 The Floralia necklace has echoes of ancient India, but it\u2019s cast in contemporary 18ct white gold.\u00a0 It\u2019s the perfect heritage piece to wear for your wedding, fusing Indian memories with a modern aesthetic.\u00a0 If you\u2019re further down your life path, then you\u2019ve undoubtedly earned it.  Floralia by PureJewels Choose your favourite Floralia piece, then tell us how you want it made.\u00a0 This collection is designed to be personalised.\u00a0 You can choose feminine pink tourmaline, unusual green tourmaline, or rare morganite \u2013 with apricot-toned warmth.\u00a0 Your Floralia necklace will be made to order, so make sure that you\u2019re organised.  If you\u2019d like to make up a Floralia set, you can coordinate it with earrings or rings from the Liana or Wildflower collections.\u00a0 You can choose the stones for every piece \u2013 be consistent, or mix up your choices!  Come in to discover the entire Floralia collection.\u00a0 We\u2019d love to see you for chai!\u00a0 If you have any questions while you\u2019re online, just open Live Chat.\u00a0 You\u2019ll get through to someone in the store.","og_url":"https:\/\/www.purejewels.com\/de\/produkt-2\/floralia-halskette\/","og_site_name":"PureJewels UK","article_modified_time":"2025-03-19T08:05:33+00:00","og_image":[{"width":960,"height":960,"url":"https:\/\/www.purejewels.com\/wp-content\/uploads\/2017\/07\/floralia-necklace-15805.jpg","type":"image\/jpeg"}],"twitter_card":"summary_large_image","twitter_misc":{"Gesch\u00e4tzte Lesezeit":"1\u00a0Minute"},"schema":{"@context":"https:\/\/schema.org","@graph":[{"@type":["WebPage","ItemPage"],"@id":"https:\/\/www.purejewels.com\/product\/floralia-necklace\/","url":"https:\/\/www.purejewels.com\/product\/floralia-necklace\/","name":"Floralia Halskette - PureJewels UK","isPartOf":{"@id":"https:\/\/www.purejewels.com\/#website"},"primaryImageOfPage":{"@id":"https:\/\/www.purejewels.com\/product\/floralia-necklace\/#primaryimage"},"image":{"@id":"https:\/\/www.purejewels.com\/product\/floralia-necklace\/#primaryimage"},"thumbnailUrl":"https:\/\/static.purejewels.com\/wp-content\/uploads\/2017\/07\/floralia-necklace-15805.jpg","datePublished":"2017-07-19T12:13:54+00:00","dateModified":"2025-03-19T08:05:33+00:00","breadcrumb":{"@id":"https:\/\/www.purejewels.com\/product\/floralia-necklace\/#breadcrumb"},"inLanguage":"de","potentialAction":[{"@type":"ReadAction","target":["https:\/\/www.purejewels.com\/product\/floralia-necklace\/"]}]},{"@type":"ImageObject","inLanguage":"de","@id":"https:\/\/www.purejewels.com\/product\/floralia-necklace\/#primaryimage","url":"https:\/\/static.purejewels.com\/wp-content\/uploads\/2017\/07\/floralia-necklace-15805.jpg","contentUrl":"https:\/\/static.purejewels.com\/wp-content\/uploads\/2017\/07\/floralia-necklace-15805.jpg","width":960,"height":960,"caption":"floralia-necklace-15805.jpg"},{"@type":"BreadcrumbList","@id":"https:\/\/www.purejewels.com\/product\/floralia-necklace\/#breadcrumb","itemListElement":[{"@type":"ListItem","position":1,"name":"Home","item":"https:\/\/www.purejewels.com\/"},{"@type":"ListItem","position":2,"name":"Shop","item":"https:\/\/www.purejewels.com\/shop\/"},{"@type":"ListItem","position":3,"name":"Floralia Necklace"}]},{"@type":"WebSite","@id":"https:\/\/www.purejewels.com\/#website","url":"https:\/\/www.purejewels.com\/","name":"PureJewels UK","description":"Teile die Liebe","publisher":{"@id":"https:\/\/www.purejewels.com\/#organization"},"potentialAction":[{"@type":"SearchAction","target":{"@type":"EntryPoint","urlTemplate":"https:\/\/www.purejewels.com\/?s={search_term_string}"},"query-input":{"@type":"PropertyValueSpecification","valueRequired":true,"valueName":"search_term_string"}}],"inLanguage":"de"},{"@type":"Organization","@id":"https:\/\/www.purejewels.com\/#organization","name":"PureJewels UK","url":"https:\/\/www.purejewels.com\/","logo":{"@type":"ImageObject","inLanguage":"de","@id":"https:\/\/www.purejewels.com\/#\/schema\/logo\/image\/","url":"https:\/\/static.purejewels.com\/wp-content\/uploads\/2020\/11\/Logo-PJ-New-1.png","contentUrl":"https:\/\/static.purejewels.com\/wp-content\/uploads\/2020\/11\/Logo-PJ-New-1.png","width":150,"height":80,"caption":"PureJewels UK"},"image":{"@id":"https:\/\/www.purejewels.com\/#\/schema\/logo\/image\/"}}]}},"_links":{"self":[{"href":"https:\/\/www.purejewels.com\/de\/wp-json\/wp\/v2\/product\/3484","targetHints":{"allow":["GET"]}}],"collection":[{"href":"https:\/\/www.purejewels.com\/de\/wp-json\/wp\/v2\/product"}],"about":[{"href":"https:\/\/www.purejewels.com\/de\/wp-json\/wp\/v2\/types\/product"}],"replies":[{"embeddable":true,"href":"https:\/\/www.purejewels.com\/de\/wp-json\/wp\/v2\/comments?post=3484"}],"version-history":[{"count":1,"href":"https:\/\/www.purejewels.com\/de\/wp-json\/wp\/v2\/product\/3484\/revisions"}],"predecessor-version":[{"id":389307,"href":"https:\/\/www.purejewels.com\/de\/wp-json\/wp\/v2\/product\/3484\/revisions\/389307"}],"wp:featuredmedia":[{"embeddable":true,"href":"https:\/\/www.purejewels.com\/de\/wp-json\/wp\/v2\/media\/3485"}],"wp:attachment":[{"href":"https:\/\/www.purejewels.com\/de\/wp-json\/wp\/v2\/media?parent=3484"}],"wp:term":[{"taxonomy":"product_brand","embeddable":true,"href":"https:\/\/www.purejewels.com\/de\/wp-json\/wp\/v2\/product_brand?post=3484"},{"taxonomy":"product_cat","embeddable":true,"href":"https:\/\/www.purejewels.com\/de\/wp-json\/wp\/v2\/product_cat?post=3484"},{"taxonomy":"product_tag","embeddable":true,"href":"https:\/\/www.purejewels.com\/de\/wp-json\/wp\/v2\/product_tag?post=3484"}],"curies":[{"name":"wp","href":"https:\/\/api.w.org\/{rel}","templated":true}]}}