{"id":348447,"date":"2023-07-07T05:49:52","date_gmt":"2023-07-07T04:49:52","guid":{"rendered":"https:\/\/www.purejewels.com\/?post_type=product&#038;p=348447"},"modified":"2026-01-16T12:14:54","modified_gmt":"2026-01-16T12:14:54","slug":"ohrring-aus-18-karat-gelbgold-mit-blauem-topas-und-gelbem-citrin","status":"publish","type":"product","link":"https:\/\/www.purejewels.com\/de\/product\/18ct-yellow-gold-earring-with-blue-topaz-and-yellow-citrine\/","title":{"rendered":"Ohrring aus 18 Karat Gold mit blauem Topas und gelbem Citrin"},"content":{"rendered":"<p>Diese atemberaubenden 18ct Gold <a href=\"https:\/\/www.purejewels.com\/de\/product-category\/22ct-gold-jewellery\/gold-earrings\/\">Ohrringe<\/a> mit blauem Topas und gelbem Citrin sind ein Muss f\u00fcr jede Schmucksammlung. Der leuchtende blaue Topas und der sonnengelbe Citrin verleihen jedem Outfit einen Hauch von Farbe und Glanz. Der Stil der Ohrringe ist elegant und zeitlos und eignet sich sowohl f\u00fcr den Alltag als auch f\u00fcr besondere Anl\u00e4sse.<\/p>\n<p>Aus hochwertigem 18-kar\u00e4tigem Gold gefertigt, sind diese Ohrringe nicht nur sch\u00f6n, sondern auch haltbar und langlebig. Das Gesamtgewicht des Steins betr\u00e4gt 19,10 Karat und macht diese Ohrringe zu einem auff\u00e4lligen Schmuckst\u00fcck, das sicherlich alle Blicke auf sich zieht.<\/p>\n<p>Verpassen Sie nicht, diese wundersch\u00f6nen Ohrringe in Ihre Sammlung aufzunehmen. Kaufen Sie jetzt und genie\u00dfen Sie die Sch\u00f6nheit von blauem Topas und gelbem Citrin in atemberaubendem 18-kar\u00e4tigem Gold.<\/p>","protected":false},"excerpt":{"rendered":"<div class=\"woocommerce-product-details__short-description\">\n<table class=\"sh_desc\" style=\"width: 100%; height: 252px;\">\n<tbody>\n<tr style=\"height: 28px;\">\n<td style=\"height: 28px;\">Art des Ohrrings<\/td>\n<td style=\"height: 28px;\">Ohrring Tropfen<\/td>\n<\/tr>\n<tr style=\"height: 28px;\">\n<td style=\"height: 28px;\">SKU<\/td>\n<td style=\"height: 28px;\">45244<\/td>\n<\/tr>\n<tr style=\"height: 28px;\">\n<td style=\"height: 28px;\">Metall<\/td>\n<td style=\"height: 28px;\">18ct Gold<\/td>\n<\/tr>\n<tr style=\"height: 28px;\">\n<td style=\"height: 28px;\">Gewicht des Steins.<\/td>\n<td style=\"height: 28px;\">19,10ct<\/td>\n<\/tr>\n<tr style=\"height: 28px;\">\n<td style=\"height: 28px;\">Entgelte<\/td>\n<td style=\"height: 28px;\">Lieferung und Mehrwertsteuer inbegriffen<\/td>\n<\/tr>\n<tr style=\"height: 28px;\">\n<td style=\"height: 28px;\">Verpackung<\/td>\n<td style=\"height: 28px;\">Mit Pr\u00e4sentationsbox<\/td>\n<\/tr>\n<tr style=\"height: 28px;\">\n<td style=\"height: 28px;\">Mehr Informationen<\/td>\n<td style=\"height: 28px;\">Live-Chat mit uns f\u00fcr Verf\u00fcgbarkeit und mehr Bilder<\/td>\n<\/tr>\n<\/tbody>\n<\/table>\n<\/div>\n<div class=\"btn-atc atc-slide\"><\/div>\n<div class=\"product_meta\"><\/div>","protected":false},"featured_media":359309,"comment_status":"closed","ping_status":"closed","template":"","meta":{"_eb_attr":"","_crsspst_to_jayantr4sg-hostcom":false},"product_brand":[],"product_cat":[6086,5679,1791,1794,5699,1685,1254,5338,5751,1569,1574],"product_tag":[66],"class_list":{"0":"post-348447","1":"product","2":"type-product","3":"status-publish","4":"has-post-thumbnail","6":"product_cat-18ct-gold-earring","7":"product_cat-18ct-gold-jewellery","8":"product_cat-anniversary-gifts","9":"product_cat-christmas-gifts","10":"product_cat-coloured-gemstone-jewellery","11":"product_cat-drop-earrings","12":"product_cat-gold-earrings","13":"product_cat-shop-by-price","14":"product_cat-topaz-jewellery","15":"product_cat-valentine-day-gifts","16":"product_cat-womens-jewellery","17":"product_tag-earrings","19":"first","20":"instock","21":"taxable","22":"shipping-taxable","23":"purchasable","24":"product-type-simple","25":"add-to-wishlist-before_image"},"yoast_head":"<!-- This site is optimized with the Yoast SEO plugin v27.4 - https:\/\/yoast.com\/product\/yoast-seo-wordpress\/ -->\n<title>18ct Gold Earring with Blue Topaz &amp; Yellow Citrine at PureJewels<\/title>\n<meta name=\"description\" content=\"18ct yellow gold earrings adorned with a captivating blue topaz &amp; vibrant yellow citrine. Elevate your look with an exquisite gemstone combination.\" \/>\n<meta name=\"robots\" content=\"index, follow, max-snippet:-1, max-image-preview:large, max-video-preview:-1\" \/>\n<link rel=\"canonical\" href=\"https:\/\/www.purejewels.com\/de\/produkt-2\/ohrring-aus-18-karat-gelbgold-mit-blauem-topas-und-gelbem-citrin\/\" \/>\n<meta property=\"og:locale\" content=\"de_DE\" \/>\n<meta property=\"og:type\" content=\"article\" \/>\n<meta property=\"og:title\" content=\"18ct Gold Earring with Blue Topaz &amp; Yellow Citrine at PureJewels\" \/>\n<meta property=\"og:description\" content=\"18ct yellow gold earrings adorned with a captivating blue topaz &amp; vibrant yellow citrine. Elevate your look with an exquisite gemstone combination.\" \/>\n<meta property=\"og:url\" content=\"https:\/\/www.purejewels.com\/de\/produkt-2\/ohrring-aus-18-karat-gelbgold-mit-blauem-topas-und-gelbem-citrin\/\" \/>\n<meta property=\"og:site_name\" content=\"PureJewels UK\" \/>\n<meta property=\"article:modified_time\" content=\"2026-01-16T12:14:54+00:00\" \/>\n<meta property=\"og:image\" content=\"https:\/\/www.purejewels.com\/wp-content\/uploads\/2023\/07\/IMG_3353.jpeg\" \/>\n\t<meta property=\"og:image:width\" content=\"1\" \/>\n\t<meta property=\"og:image:height\" content=\"1\" \/>\n\t<meta property=\"og:image:type\" content=\"image\/jpeg\" \/>\n<meta name=\"twitter:card\" content=\"summary_large_image\" \/>\n<meta name=\"twitter:label1\" content=\"Gesch\u00e4tzte Lesezeit\" \/>\n\t<meta name=\"twitter:data1\" content=\"1\u00a0Minute\" \/>\n<script type=\"application\/ld+json\" class=\"yoast-schema-graph\">{\"@context\":\"https:\\\/\\\/schema.org\",\"@graph\":[{\"@type\":[\"WebPage\",\"ItemPage\"],\"@id\":\"https:\\\/\\\/www.purejewels.com\\\/product\\\/18ct-yellow-gold-earring-with-blue-topaz-and-yellow-citrine\\\/\",\"url\":\"https:\\\/\\\/www.purejewels.com\\\/product\\\/18ct-yellow-gold-earring-with-blue-topaz-and-yellow-citrine\\\/\",\"name\":\"18ct Gold Earring with Blue Topaz & Yellow Citrine at PureJewels\",\"isPartOf\":{\"@id\":\"https:\\\/\\\/www.purejewels.com\\\/#website\"},\"primaryImageOfPage\":{\"@id\":\"https:\\\/\\\/www.purejewels.com\\\/product\\\/18ct-yellow-gold-earring-with-blue-topaz-and-yellow-citrine\\\/#primaryimage\"},\"image\":{\"@id\":\"https:\\\/\\\/www.purejewels.com\\\/product\\\/18ct-yellow-gold-earring-with-blue-topaz-and-yellow-citrine\\\/#primaryimage\"},\"thumbnailUrl\":\"https:\\\/\\\/static.purejewels.com\\\/wp-content\\\/uploads\\\/2023\\\/07\\\/IMG_3353.jpeg\",\"datePublished\":\"2023-07-07T04:49:52+00:00\",\"dateModified\":\"2026-01-16T12:14:54+00:00\",\"description\":\"18ct yellow gold earrings adorned with a captivating blue topaz & vibrant yellow citrine. Elevate your look with an exquisite gemstone combination.\",\"breadcrumb\":{\"@id\":\"https:\\\/\\\/www.purejewels.com\\\/product\\\/18ct-yellow-gold-earring-with-blue-topaz-and-yellow-citrine\\\/#breadcrumb\"},\"inLanguage\":\"de\",\"potentialAction\":[{\"@type\":\"ReadAction\",\"target\":[\"https:\\\/\\\/www.purejewels.com\\\/product\\\/18ct-yellow-gold-earring-with-blue-topaz-and-yellow-citrine\\\/\"]}]},{\"@type\":\"ImageObject\",\"inLanguage\":\"de\",\"@id\":\"https:\\\/\\\/www.purejewels.com\\\/product\\\/18ct-yellow-gold-earring-with-blue-topaz-and-yellow-citrine\\\/#primaryimage\",\"url\":\"https:\\\/\\\/static.purejewels.com\\\/wp-content\\\/uploads\\\/2023\\\/07\\\/IMG_3353.jpeg\",\"contentUrl\":\"https:\\\/\\\/static.purejewels.com\\\/wp-content\\\/uploads\\\/2023\\\/07\\\/IMG_3353.jpeg\",\"caption\":\"18ct Yellow Gold earring with Turquoise and Emerald\"},{\"@type\":\"BreadcrumbList\",\"@id\":\"https:\\\/\\\/www.purejewels.com\\\/product\\\/18ct-yellow-gold-earring-with-blue-topaz-and-yellow-citrine\\\/#breadcrumb\",\"itemListElement\":[{\"@type\":\"ListItem\",\"position\":1,\"name\":\"Home\",\"item\":\"https:\\\/\\\/www.purejewels.com\\\/\"},{\"@type\":\"ListItem\",\"position\":2,\"name\":\"Shop\",\"item\":\"https:\\\/\\\/www.purejewels.com\\\/shop\\\/\"},{\"@type\":\"ListItem\",\"position\":3,\"name\":\"18ct Gold Earring with Blue Topaz and Yellow Citrine\"}]},{\"@type\":\"WebSite\",\"@id\":\"https:\\\/\\\/www.purejewels.com\\\/#website\",\"url\":\"https:\\\/\\\/www.purejewels.com\\\/\",\"name\":\"PureJewels UK\",\"description\":\"Share the Love\",\"publisher\":{\"@id\":\"https:\\\/\\\/www.purejewels.com\\\/#organization\"},\"potentialAction\":[{\"@type\":\"SearchAction\",\"target\":{\"@type\":\"EntryPoint\",\"urlTemplate\":\"https:\\\/\\\/www.purejewels.com\\\/?s={search_term_string}\"},\"query-input\":{\"@type\":\"PropertyValueSpecification\",\"valueRequired\":true,\"valueName\":\"search_term_string\"}}],\"inLanguage\":\"de\"},{\"@type\":\"Organization\",\"@id\":\"https:\\\/\\\/www.purejewels.com\\\/#organization\",\"name\":\"PureJewels UK\",\"url\":\"https:\\\/\\\/www.purejewels.com\\\/\",\"logo\":{\"@type\":\"ImageObject\",\"inLanguage\":\"de\",\"@id\":\"https:\\\/\\\/www.purejewels.com\\\/#\\\/schema\\\/logo\\\/image\\\/\",\"url\":\"https:\\\/\\\/static.purejewels.com\\\/wp-content\\\/uploads\\\/2020\\\/11\\\/Logo-PJ-New-1.png\",\"contentUrl\":\"https:\\\/\\\/static.purejewels.com\\\/wp-content\\\/uploads\\\/2020\\\/11\\\/Logo-PJ-New-1.png\",\"width\":150,\"height\":80,\"caption\":\"PureJewels UK\"},\"image\":{\"@id\":\"https:\\\/\\\/www.purejewels.com\\\/#\\\/schema\\\/logo\\\/image\\\/\"}}]}<\/script>\n<!-- \/ Yoast SEO plugin. -->","yoast_head_json":{"title":"18ct Gold Ohrring mit blauem Topas &amp; gelbem Citrin bei PureJewels","description":"Ohrringe aus 18 Karat Gelbgold mit einem bezaubernden blauen Topas und einem leuchtend gelben Citrin. Erh\u00f6hen Sie Ihren Look mit einer exquisiten Edelsteinkombination.","robots":{"index":"index","follow":"follow","max-snippet":"max-snippet:-1","max-image-preview":"max-image-preview:large","max-video-preview":"max-video-preview:-1"},"canonical":"https:\/\/www.purejewels.com\/de\/produkt-2\/ohrring-aus-18-karat-gelbgold-mit-blauem-topas-und-gelbem-citrin\/","og_locale":"de_DE","og_type":"article","og_title":"18ct Gold Earring with Blue Topaz & Yellow Citrine at PureJewels","og_description":"18ct yellow gold earrings adorned with a captivating blue topaz & vibrant yellow citrine. Elevate your look with an exquisite gemstone combination.","og_url":"https:\/\/www.purejewels.com\/de\/produkt-2\/ohrring-aus-18-karat-gelbgold-mit-blauem-topas-und-gelbem-citrin\/","og_site_name":"PureJewels UK","article_modified_time":"2026-01-16T12:14:54+00:00","og_image":[{"url":"https:\/\/www.purejewels.com\/wp-content\/uploads\/2023\/07\/IMG_3353.jpeg","width":1,"height":1,"type":"image\/jpeg"}],"twitter_card":"summary_large_image","twitter_misc":{"Gesch\u00e4tzte Lesezeit":"1\u00a0Minute"},"schema":{"@context":"https:\/\/schema.org","@graph":[{"@type":["WebPage","ItemPage"],"@id":"https:\/\/www.purejewels.com\/product\/18ct-yellow-gold-earring-with-blue-topaz-and-yellow-citrine\/","url":"https:\/\/www.purejewels.com\/product\/18ct-yellow-gold-earring-with-blue-topaz-and-yellow-citrine\/","name":"18ct Gold Ohrring mit blauem Topas &amp; gelbem Citrin bei PureJewels","isPartOf":{"@id":"https:\/\/www.purejewels.com\/#website"},"primaryImageOfPage":{"@id":"https:\/\/www.purejewels.com\/product\/18ct-yellow-gold-earring-with-blue-topaz-and-yellow-citrine\/#primaryimage"},"image":{"@id":"https:\/\/www.purejewels.com\/product\/18ct-yellow-gold-earring-with-blue-topaz-and-yellow-citrine\/#primaryimage"},"thumbnailUrl":"https:\/\/static.purejewels.com\/wp-content\/uploads\/2023\/07\/IMG_3353.jpeg","datePublished":"2023-07-07T04:49:52+00:00","dateModified":"2026-01-16T12:14:54+00:00","description":"Ohrringe aus 18 Karat Gelbgold mit einem bezaubernden blauen Topas und einem leuchtend gelben Citrin. Erh\u00f6hen Sie Ihren Look mit einer exquisiten Edelsteinkombination.","breadcrumb":{"@id":"https:\/\/www.purejewels.com\/product\/18ct-yellow-gold-earring-with-blue-topaz-and-yellow-citrine\/#breadcrumb"},"inLanguage":"de","potentialAction":[{"@type":"ReadAction","target":["https:\/\/www.purejewels.com\/product\/18ct-yellow-gold-earring-with-blue-topaz-and-yellow-citrine\/"]}]},{"@type":"ImageObject","inLanguage":"de","@id":"https:\/\/www.purejewels.com\/product\/18ct-yellow-gold-earring-with-blue-topaz-and-yellow-citrine\/#primaryimage","url":"https:\/\/static.purejewels.com\/wp-content\/uploads\/2023\/07\/IMG_3353.jpeg","contentUrl":"https:\/\/static.purejewels.com\/wp-content\/uploads\/2023\/07\/IMG_3353.jpeg","caption":"18ct Yellow Gold earring with Turquoise and Emerald"},{"@type":"BreadcrumbList","@id":"https:\/\/www.purejewels.com\/product\/18ct-yellow-gold-earring-with-blue-topaz-and-yellow-citrine\/#breadcrumb","itemListElement":[{"@type":"ListItem","position":1,"name":"Home","item":"https:\/\/www.purejewels.com\/"},{"@type":"ListItem","position":2,"name":"Shop","item":"https:\/\/www.purejewels.com\/shop\/"},{"@type":"ListItem","position":3,"name":"18ct Gold Earring with Blue Topaz and Yellow Citrine"}]},{"@type":"WebSite","@id":"https:\/\/www.purejewels.com\/#website","url":"https:\/\/www.purejewels.com\/","name":"PureJewels UK","description":"Teile die Liebe","publisher":{"@id":"https:\/\/www.purejewels.com\/#organization"},"potentialAction":[{"@type":"SearchAction","target":{"@type":"EntryPoint","urlTemplate":"https:\/\/www.purejewels.com\/?s={search_term_string}"},"query-input":{"@type":"PropertyValueSpecification","valueRequired":true,"valueName":"search_term_string"}}],"inLanguage":"de"},{"@type":"Organization","@id":"https:\/\/www.purejewels.com\/#organization","name":"PureJewels UK","url":"https:\/\/www.purejewels.com\/","logo":{"@type":"ImageObject","inLanguage":"de","@id":"https:\/\/www.purejewels.com\/#\/schema\/logo\/image\/","url":"https:\/\/static.purejewels.com\/wp-content\/uploads\/2020\/11\/Logo-PJ-New-1.png","contentUrl":"https:\/\/static.purejewels.com\/wp-content\/uploads\/2020\/11\/Logo-PJ-New-1.png","width":150,"height":80,"caption":"PureJewels UK"},"image":{"@id":"https:\/\/www.purejewels.com\/#\/schema\/logo\/image\/"}}]}},"_links":{"self":[{"href":"https:\/\/www.purejewels.com\/de\/wp-json\/wp\/v2\/product\/348447","targetHints":{"allow":["GET"]}}],"collection":[{"href":"https:\/\/www.purejewels.com\/de\/wp-json\/wp\/v2\/product"}],"about":[{"href":"https:\/\/www.purejewels.com\/de\/wp-json\/wp\/v2\/types\/product"}],"replies":[{"embeddable":true,"href":"https:\/\/www.purejewels.com\/de\/wp-json\/wp\/v2\/comments?post=348447"}],"version-history":[{"count":3,"href":"https:\/\/www.purejewels.com\/de\/wp-json\/wp\/v2\/product\/348447\/revisions"}],"predecessor-version":[{"id":420214,"href":"https:\/\/www.purejewels.com\/de\/wp-json\/wp\/v2\/product\/348447\/revisions\/420214"}],"wp:featuredmedia":[{"embeddable":true,"href":"https:\/\/www.purejewels.com\/de\/wp-json\/wp\/v2\/media\/359309"}],"wp:attachment":[{"href":"https:\/\/www.purejewels.com\/de\/wp-json\/wp\/v2\/media?parent=348447"}],"wp:term":[{"taxonomy":"product_brand","embeddable":true,"href":"https:\/\/www.purejewels.com\/de\/wp-json\/wp\/v2\/product_brand?post=348447"},{"taxonomy":"product_cat","embeddable":true,"href":"https:\/\/www.purejewels.com\/de\/wp-json\/wp\/v2\/product_cat?post=348447"},{"taxonomy":"product_tag","embeddable":true,"href":"https:\/\/www.purejewels.com\/de\/wp-json\/wp\/v2\/product_tag?post=348447"}],"curies":[{"name":"wp","href":"https:\/\/api.w.org\/{rel}","templated":true}]}}