{"id":3486,"date":"2017-07-19T13:13:56","date_gmt":"2017-07-19T12:13:56","guid":{"rendered":"http:\/\/new.purejewels.com\/product\/floralia-earrings\/"},"modified":"2026-01-06T06:57:52","modified_gmt":"2026-01-06T06:57:52","slug":"floralia-ohrringe","status":"publish","type":"product","link":"https:\/\/www.purejewels.com\/de\/product\/floralia-earrings\/","title":{"rendered":"Floralia-Ohrringe aus 18 Karat Wei\u00dfgold"},"content":{"rendered":"<ul>\n<li><a href=\"https:\/\/www.purejewels.com\/de\/product\/18ct-white-gold-diamond-ring-for-ladies-8775\/\">18 Karat Wei\u00dfgold<\/a>\u00a0 Floralia <a href=\"https:\/\/www.purejewels.com\/de\/product\/22ct-gold-ladies-stud-earring-with-rhodium-finish-46497\/\">Ohrring<\/a><\/li>\n<li>Diamanten 0,75 ct , Aquamarine - 3,03 ct<\/li>\n<li>SKU 15801<\/li>\n<\/ul>\n<p>&nbsp;<\/p>","protected":false},"excerpt":{"rendered":"<ul>\n<li>Floralia-Ohrring aus 18 Karat Wei\u00dfgold<\/li>\n<li>Diamanten 0,75 ct , Aquamarine - 3,03 ct<\/li>\n<li>Kann in rosa Turmalin, gr\u00fcnem Turmalin und Morganit hergestellt werden.<\/li>\n<li>Gepunzt von London Assay Office<\/li>\n<li>Mit Pr\u00e4sentationsbox<\/li>\n<li>Lieferung inbegriffen<\/li>\n<li>Alle Preise inklusive Mehrwertsteuer<\/li>\n<li>Live-Chat mit uns f\u00fcr die Verf\u00fcgbarkeit und mehr Bilder von \u00e4hnlichen Designs derzeit auf Lager<\/li>\n<\/ul>\n<p><strong>Floralia Ohrringe aus Wei\u00dfgold<br \/>\n<\/strong>G\u00f6nnen Sie sich ein Paar unserer sch\u00f6nsten Ohrringe. Aufwendig mit Diamanten und h\u00fcbschen Aquamarinen verziert, sind sie perfekt f\u00fcr jedes besondere Ereignis in diesem Jahr...<\/p>\n<p><em>Floralia<\/em> ist eine Kollektion voller organischer Strudel und sch\u00fcchterner Knospen in Aquamarin.  Es ist ein Spaziergang durch einen \u00fcppigen Garten voller nachtbl\u00fchender Jasminbl\u00fcten.  Gefertigt aus feinstem 18-kar\u00e4tigem Wei\u00dfgold, ist unser <em>Floralia<\/em> Die Ohrringe wurden vom PureJewels-Team entworfen.<\/p>\n<p>Jedes St\u00fcck ist mit einem halben Karat Aquamarin und 0,37 Karat Diamanten besetzt.  Mit diesen pr\u00e4chtigen Ohrringen werden Sie sich wie eine indische Prinzessin f\u00fchlen.<\/p>\n<p><strong>Floralia von PureJewels<br \/>\n<\/strong>Machen Sie sie zu Ihren.  W\u00e4hlen Sie einen Stein f\u00fcr Ihr <em>Floralia<\/em> Ohrringe - sie werden auf Bestellung angefertigt, was bedeutet, dass Sie ihnen eine pers\u00f6nliche Note verleihen k\u00f6nnen.  W\u00e4hlen Sie zwischen einem schicken rosa Turmalin, einem scharfen gr\u00fcnen Turmalin oder einem sanften Morganit.  W\u00e4hlen Sie die Farben, die Ihr Herz h\u00f6her schlagen lassen.  So erhalten Ihre Ohrringe ein ganz pers\u00f6nliches Aussehen.<\/p>\n<p>Wenn Sie ein Set bauen mit <em>Floralia<\/em> und seine Schwestersammlungen, <em>Wildblumen<\/em> und <em>Liana<\/em>dann sollten Sie zwei oder mehr verschiedene Steine w\u00e4hlen.  Sie k\u00f6nnten eine lebendige Sammlung Ihrer Lieblingssteine haben.<\/p>\n<p><em>F\u00fcr Informationen zu Lagerbestand und Lieferzeiten nehmen Sie bitte Kontakt mit uns auf.\u00a0 <\/em>Wir sind normalerweise hier!  Schicken Sie uns Ihre Frage \u00fcber den Live-Chat oder rufen Sie im Laden an, um mit einem Mitglied der PureJewels-Familie zu sprechen.   Oder noch besser: Vereinbaren Sie einen Termin, um auf einen Chai vorbeizukommen.<\/p>","protected":false},"featured_media":3487,"comment_status":"closed","ping_status":"closed","template":"","meta":{"_eb_attr":"","_crsspst_to_jayantr4sg-hostcom":false},"product_brand":[],"product_cat":[1685,253,1537],"product_tag":[],"class_list":{"0":"post-3486","1":"product","2":"type-product","3":"status-publish","4":"has-post-thumbnail","6":"product_cat-drop-earrings","7":"product_cat-floralia-collections","8":"product_cat-white-gold-jewellery-set","10":"first","11":"outofstock","12":"product-type-simple","13":"add-to-wishlist-before_image"},"yoast_head":"<!-- This site is optimized with the Yoast SEO plugin v27.3 - https:\/\/yoast.com\/product\/yoast-seo-wordpress\/ -->\n<title>18ct White Gold Floralia Earrings - PureJewels UK<\/title>\n<meta name=\"robots\" content=\"index, follow, max-snippet:-1, max-image-preview:large, max-video-preview:-1\" \/>\n<link rel=\"canonical\" href=\"https:\/\/www.purejewels.com\/de\/produkt-2\/floralia-ohrringe\/\" \/>\n<meta property=\"og:locale\" content=\"de_DE\" \/>\n<meta property=\"og:type\" content=\"article\" \/>\n<meta property=\"og:title\" content=\"18ct White Gold Floralia Earrings - PureJewels UK\" \/>\n<meta property=\"og:description\" content=\"18ct white gold\u00a0 Floralia Earring  Diamonds 0.75 ct , Aquamarines- 3.03 ct  Can be created in pink tourmaline,green tourmaline and morganite  Hallmarked by London Assay Office  Comes With Presentation Box  Delivery Included  All prices include VAT  Live chat with us for availability and more images of similar designs currently in stock  Floralia white gold earrings Indulge in a pair of our most beautiful earrings. Lavishly adorned with diamonds and pretty aquamarine, they\u2019re perfect for any special event this year\u2026  Floralia is a collection filled with organic swirls and shy buds in aquamarine.\u00a0 It is a walk in a lush garden filled with night-blooming jasmine.\u00a0 Crafted from finest 18ct white gold, our Floralia earrings have been designed by the PureJewels team.  Each one is set with half a carat of aquamarine and a dazzling 0.37ct of diamonds.\u00a0 You\u2019ll feel like an Indian princess with these palatial drops in your ears.  Floralia by PureJewels Make them yours.\u00a0 Choose a stone for your Floralia earrings \u2013 they are made to order, which means you can add a personal twist.\u00a0 Choose from chic pink tourmaline, sharp green tourmaline, or mellow morganite.\u00a0 Choose the colours that make your heart beat.\u00a0 Your earrings will have a completely bespoke look that\u2019s personal to you.  If you\u2019re building a set with Floralia and its sister collections, Wildflower and Liana, then consider choosing two or more different stones.\u00a0 You could have a vibrant collection of your favourites.  To find out about stock and delivery times, get in touch.\u00a0 We\u2019re usually here!\u00a0 Send us your question via Live Chat or call the store to talk to one of the PureJewels family.\u00a0 \u00a0Even better, make an appointment to come in for chai.\" \/>\n<meta property=\"og:url\" content=\"https:\/\/www.purejewels.com\/de\/produkt-2\/floralia-ohrringe\/\" \/>\n<meta property=\"og:site_name\" content=\"PureJewels UK\" \/>\n<meta property=\"article:modified_time\" content=\"2026-01-06T06:57:52+00:00\" \/>\n<meta property=\"og:image\" content=\"https:\/\/www.purejewels.com\/wp-content\/uploads\/2017\/07\/floralia-earrings-15801.jpg\" \/>\n\t<meta property=\"og:image:width\" content=\"960\" \/>\n\t<meta property=\"og:image:height\" content=\"960\" \/>\n\t<meta property=\"og:image:type\" content=\"image\/jpeg\" \/>\n<meta name=\"twitter:card\" content=\"summary_large_image\" \/>\n<meta name=\"twitter:label1\" content=\"Gesch\u00e4tzte Lesezeit\" \/>\n\t<meta name=\"twitter:data1\" content=\"1\u00a0Minute\" \/>\n<script type=\"application\/ld+json\" class=\"yoast-schema-graph\">{\"@context\":\"https:\\\/\\\/schema.org\",\"@graph\":[{\"@type\":[\"WebPage\",\"ItemPage\"],\"@id\":\"https:\\\/\\\/www.purejewels.com\\\/product\\\/floralia-earrings\\\/\",\"url\":\"https:\\\/\\\/www.purejewels.com\\\/product\\\/floralia-earrings\\\/\",\"name\":\"18ct White Gold Floralia Earrings - PureJewels UK\",\"isPartOf\":{\"@id\":\"https:\\\/\\\/www.purejewels.com\\\/#website\"},\"primaryImageOfPage\":{\"@id\":\"https:\\\/\\\/www.purejewels.com\\\/product\\\/floralia-earrings\\\/#primaryimage\"},\"image\":{\"@id\":\"https:\\\/\\\/www.purejewels.com\\\/product\\\/floralia-earrings\\\/#primaryimage\"},\"thumbnailUrl\":\"https:\\\/\\\/static.purejewels.com\\\/wp-content\\\/uploads\\\/2017\\\/07\\\/floralia-earrings-15801.jpg\",\"datePublished\":\"2017-07-19T12:13:56+00:00\",\"dateModified\":\"2026-01-06T06:57:52+00:00\",\"breadcrumb\":{\"@id\":\"https:\\\/\\\/www.purejewels.com\\\/product\\\/floralia-earrings\\\/#breadcrumb\"},\"inLanguage\":\"de\",\"potentialAction\":[{\"@type\":\"ReadAction\",\"target\":[\"https:\\\/\\\/www.purejewels.com\\\/product\\\/floralia-earrings\\\/\"]}]},{\"@type\":\"ImageObject\",\"inLanguage\":\"de\",\"@id\":\"https:\\\/\\\/www.purejewels.com\\\/product\\\/floralia-earrings\\\/#primaryimage\",\"url\":\"https:\\\/\\\/static.purejewels.com\\\/wp-content\\\/uploads\\\/2017\\\/07\\\/floralia-earrings-15801.jpg\",\"contentUrl\":\"https:\\\/\\\/static.purejewels.com\\\/wp-content\\\/uploads\\\/2017\\\/07\\\/floralia-earrings-15801.jpg\",\"width\":960,\"height\":960,\"caption\":\"floralia-earrings-15801.jpg\"},{\"@type\":\"BreadcrumbList\",\"@id\":\"https:\\\/\\\/www.purejewels.com\\\/product\\\/floralia-earrings\\\/#breadcrumb\",\"itemListElement\":[{\"@type\":\"ListItem\",\"position\":1,\"name\":\"Home\",\"item\":\"https:\\\/\\\/www.purejewels.com\\\/\"},{\"@type\":\"ListItem\",\"position\":2,\"name\":\"Shop\",\"item\":\"https:\\\/\\\/www.purejewels.com\\\/shop\\\/\"},{\"@type\":\"ListItem\",\"position\":3,\"name\":\"18ct White Gold Floralia Earrings\"}]},{\"@type\":\"WebSite\",\"@id\":\"https:\\\/\\\/www.purejewels.com\\\/#website\",\"url\":\"https:\\\/\\\/www.purejewels.com\\\/\",\"name\":\"PureJewels UK\",\"description\":\"Share the Love\",\"publisher\":{\"@id\":\"https:\\\/\\\/www.purejewels.com\\\/#organization\"},\"potentialAction\":[{\"@type\":\"SearchAction\",\"target\":{\"@type\":\"EntryPoint\",\"urlTemplate\":\"https:\\\/\\\/www.purejewels.com\\\/?s={search_term_string}\"},\"query-input\":{\"@type\":\"PropertyValueSpecification\",\"valueRequired\":true,\"valueName\":\"search_term_string\"}}],\"inLanguage\":\"de\"},{\"@type\":\"Organization\",\"@id\":\"https:\\\/\\\/www.purejewels.com\\\/#organization\",\"name\":\"PureJewels UK\",\"url\":\"https:\\\/\\\/www.purejewels.com\\\/\",\"logo\":{\"@type\":\"ImageObject\",\"inLanguage\":\"de\",\"@id\":\"https:\\\/\\\/www.purejewels.com\\\/#\\\/schema\\\/logo\\\/image\\\/\",\"url\":\"https:\\\/\\\/static.purejewels.com\\\/wp-content\\\/uploads\\\/2020\\\/11\\\/Logo-PJ-New-1.png\",\"contentUrl\":\"https:\\\/\\\/static.purejewels.com\\\/wp-content\\\/uploads\\\/2020\\\/11\\\/Logo-PJ-New-1.png\",\"width\":150,\"height\":80,\"caption\":\"PureJewels UK\"},\"image\":{\"@id\":\"https:\\\/\\\/www.purejewels.com\\\/#\\\/schema\\\/logo\\\/image\\\/\"}}]}<\/script>\n<!-- \/ Yoast SEO plugin. -->","yoast_head_json":{"title":"18ct Wei\u00dfgold Floralia Ohrringe - PureJewels UK","robots":{"index":"index","follow":"follow","max-snippet":"max-snippet:-1","max-image-preview":"max-image-preview:large","max-video-preview":"max-video-preview:-1"},"canonical":"https:\/\/www.purejewels.com\/de\/produkt-2\/floralia-ohrringe\/","og_locale":"de_DE","og_type":"article","og_title":"18ct White Gold Floralia Earrings - PureJewels UK","og_description":"18ct white gold\u00a0 Floralia Earring  Diamonds 0.75 ct , Aquamarines- 3.03 ct  Can be created in pink tourmaline,green tourmaline and morganite  Hallmarked by London Assay Office  Comes With Presentation Box  Delivery Included  All prices include VAT  Live chat with us for availability and more images of similar designs currently in stock  Floralia white gold earrings Indulge in a pair of our most beautiful earrings. Lavishly adorned with diamonds and pretty aquamarine, they\u2019re perfect for any special event this year\u2026  Floralia is a collection filled with organic swirls and shy buds in aquamarine.\u00a0 It is a walk in a lush garden filled with night-blooming jasmine.\u00a0 Crafted from finest 18ct white gold, our Floralia earrings have been designed by the PureJewels team.  Each one is set with half a carat of aquamarine and a dazzling 0.37ct of diamonds.\u00a0 You\u2019ll feel like an Indian princess with these palatial drops in your ears.  Floralia by PureJewels Make them yours.\u00a0 Choose a stone for your Floralia earrings \u2013 they are made to order, which means you can add a personal twist.\u00a0 Choose from chic pink tourmaline, sharp green tourmaline, or mellow morganite.\u00a0 Choose the colours that make your heart beat.\u00a0 Your earrings will have a completely bespoke look that\u2019s personal to you.  If you\u2019re building a set with Floralia and its sister collections, Wildflower and Liana, then consider choosing two or more different stones.\u00a0 You could have a vibrant collection of your favourites.  To find out about stock and delivery times, get in touch.\u00a0 We\u2019re usually here!\u00a0 Send us your question via Live Chat or call the store to talk to one of the PureJewels family.\u00a0 \u00a0Even better, make an appointment to come in for chai.","og_url":"https:\/\/www.purejewels.com\/de\/produkt-2\/floralia-ohrringe\/","og_site_name":"PureJewels UK","article_modified_time":"2026-01-06T06:57:52+00:00","og_image":[{"width":960,"height":960,"url":"https:\/\/www.purejewels.com\/wp-content\/uploads\/2017\/07\/floralia-earrings-15801.jpg","type":"image\/jpeg"}],"twitter_card":"summary_large_image","twitter_misc":{"Gesch\u00e4tzte Lesezeit":"1\u00a0Minute"},"schema":{"@context":"https:\/\/schema.org","@graph":[{"@type":["WebPage","ItemPage"],"@id":"https:\/\/www.purejewels.com\/product\/floralia-earrings\/","url":"https:\/\/www.purejewels.com\/product\/floralia-earrings\/","name":"18ct Wei\u00dfgold Floralia Ohrringe - PureJewels UK","isPartOf":{"@id":"https:\/\/www.purejewels.com\/#website"},"primaryImageOfPage":{"@id":"https:\/\/www.purejewels.com\/product\/floralia-earrings\/#primaryimage"},"image":{"@id":"https:\/\/www.purejewels.com\/product\/floralia-earrings\/#primaryimage"},"thumbnailUrl":"https:\/\/static.purejewels.com\/wp-content\/uploads\/2017\/07\/floralia-earrings-15801.jpg","datePublished":"2017-07-19T12:13:56+00:00","dateModified":"2026-01-06T06:57:52+00:00","breadcrumb":{"@id":"https:\/\/www.purejewels.com\/product\/floralia-earrings\/#breadcrumb"},"inLanguage":"de","potentialAction":[{"@type":"ReadAction","target":["https:\/\/www.purejewels.com\/product\/floralia-earrings\/"]}]},{"@type":"ImageObject","inLanguage":"de","@id":"https:\/\/www.purejewels.com\/product\/floralia-earrings\/#primaryimage","url":"https:\/\/static.purejewels.com\/wp-content\/uploads\/2017\/07\/floralia-earrings-15801.jpg","contentUrl":"https:\/\/static.purejewels.com\/wp-content\/uploads\/2017\/07\/floralia-earrings-15801.jpg","width":960,"height":960,"caption":"floralia-earrings-15801.jpg"},{"@type":"BreadcrumbList","@id":"https:\/\/www.purejewels.com\/product\/floralia-earrings\/#breadcrumb","itemListElement":[{"@type":"ListItem","position":1,"name":"Home","item":"https:\/\/www.purejewels.com\/"},{"@type":"ListItem","position":2,"name":"Shop","item":"https:\/\/www.purejewels.com\/shop\/"},{"@type":"ListItem","position":3,"name":"18ct White Gold Floralia Earrings"}]},{"@type":"WebSite","@id":"https:\/\/www.purejewels.com\/#website","url":"https:\/\/www.purejewels.com\/","name":"PureJewels UK","description":"Teile die Liebe","publisher":{"@id":"https:\/\/www.purejewels.com\/#organization"},"potentialAction":[{"@type":"SearchAction","target":{"@type":"EntryPoint","urlTemplate":"https:\/\/www.purejewels.com\/?s={search_term_string}"},"query-input":{"@type":"PropertyValueSpecification","valueRequired":true,"valueName":"search_term_string"}}],"inLanguage":"de"},{"@type":"Organization","@id":"https:\/\/www.purejewels.com\/#organization","name":"PureJewels UK","url":"https:\/\/www.purejewels.com\/","logo":{"@type":"ImageObject","inLanguage":"de","@id":"https:\/\/www.purejewels.com\/#\/schema\/logo\/image\/","url":"https:\/\/static.purejewels.com\/wp-content\/uploads\/2020\/11\/Logo-PJ-New-1.png","contentUrl":"https:\/\/static.purejewels.com\/wp-content\/uploads\/2020\/11\/Logo-PJ-New-1.png","width":150,"height":80,"caption":"PureJewels UK"},"image":{"@id":"https:\/\/www.purejewels.com\/#\/schema\/logo\/image\/"}}]}},"_links":{"self":[{"href":"https:\/\/www.purejewels.com\/de\/wp-json\/wp\/v2\/product\/3486","targetHints":{"allow":["GET"]}}],"collection":[{"href":"https:\/\/www.purejewels.com\/de\/wp-json\/wp\/v2\/product"}],"about":[{"href":"https:\/\/www.purejewels.com\/de\/wp-json\/wp\/v2\/types\/product"}],"replies":[{"embeddable":true,"href":"https:\/\/www.purejewels.com\/de\/wp-json\/wp\/v2\/comments?post=3486"}],"version-history":[{"count":0,"href":"https:\/\/www.purejewels.com\/de\/wp-json\/wp\/v2\/product\/3486\/revisions"}],"wp:featuredmedia":[{"embeddable":true,"href":"https:\/\/www.purejewels.com\/de\/wp-json\/wp\/v2\/media\/3487"}],"wp:attachment":[{"href":"https:\/\/www.purejewels.com\/de\/wp-json\/wp\/v2\/media?parent=3486"}],"wp:term":[{"taxonomy":"product_brand","embeddable":true,"href":"https:\/\/www.purejewels.com\/de\/wp-json\/wp\/v2\/product_brand?post=3486"},{"taxonomy":"product_cat","embeddable":true,"href":"https:\/\/www.purejewels.com\/de\/wp-json\/wp\/v2\/product_cat?post=3486"},{"taxonomy":"product_tag","embeddable":true,"href":"https:\/\/www.purejewels.com\/de\/wp-json\/wp\/v2\/product_tag?post=3486"}],"curies":[{"name":"wp","href":"https:\/\/api.w.org\/{rel}","templated":true}]}}