{"id":348613,"date":"2023-07-11T08:22:59","date_gmt":"2023-07-11T07:22:59","guid":{"rendered":"https:\/\/www.purejewels.com\/?post_type=product&#038;p=348613"},"modified":"2026-01-06T10:12:53","modified_gmt":"2026-01-06T10:12:53","slug":"frauen-armband-in-22ct-gold-7-5-zoll","status":"publish","type":"product","link":"https:\/\/www.purejewels.com\/de\/product\/women-bracelet-in-22ct-gold-7-5-inches\/","title":{"rendered":"Armband aus 22 Karat Gold mit Rhodium-Akzenten"},"content":{"rendered":"<h3 data-start=\"736\" data-end=\"752\"><strong data-start=\"740\" data-end=\"750\">Gestaltung<\/strong><\/h3>\n<p data-start=\"753\" data-end=\"1138\">Dieses Armband zeichnet sich durch ein aufwendiges Flechtmuster aus polierten 22-kar\u00e4tigen Goldgliedern aus, das sich anmutig im Zickzack um das Handgelenk schl\u00e4ngelt. Jedes Glied ist mit einem Hauch von Rhodium hervorgehoben, was einen sanften Zweifarbkontrast erzeugt, der die Textur und Bewegung unterstreicht. Das Zusammenspiel von warmem Gold und k\u00fchlem Rhodium verleiht dem Schmuckst\u00fcck einen modernen, auff\u00e4lligen Reiz und bewahrt gleichzeitig seine zeitlose Eleganz.<\/p>\n<h3 data-start=\"1140\" data-end=\"1163\"><strong data-start=\"1144\" data-end=\"1161\">Handwerkliches K\u00f6nnen<\/strong><\/h3>\n<p data-start=\"1164\" data-end=\"1537\">Das Armband ist fachm\u00e4nnisch aus reinem 22-kar\u00e4tigem Gold gefertigt und zeichnet sich durch pr\u00e4zise Glieder aus, die Flexibilit\u00e4t, Komfort und Langlebigkeit gew\u00e4hrleisten. Die Rhodium-Verzierungen wurden sorgf\u00e4ltig aufgetragen, um die optische Tiefe zu verst\u00e4rken und ein dezent schimmerndes Finish zu erzielen. Jedes Armband ist in Gro\u00dfbritannien punziert, was die zertifizierte Reinheit und das Bekenntnis von PureJewels zu au\u00dfergew\u00f6hnlicher Handwerkskunst und Qualit\u00e4t unterstreicht.<\/p>\n<h3 data-start=\"1539\" data-end=\"1566\"><strong data-start=\"1543\" data-end=\"1564\">Styling &amp; Geschenkartikel<\/strong><\/h3>\n<p data-start=\"1567\" data-end=\"1919\">Dieses zweifarbige gewebte Armband ist vielseitig genug f\u00fcr den eleganten Alltag und dennoch auff\u00e4llig genug f\u00fcr festliche Anl\u00e4sse oder Abendgarderobe. Kombinieren Sie es mit schmalen Armreifen, strukturierten <a href=\"https:\/\/www.purejewels.com\/de\/product-category\/22ct-gold-jewellery\/gold-earrings\/\">Ohrringe<\/a> oder klassische Goldstecker, um einen reichhaltigen, vielschichtigen Look zu kreieren. Ein bedeutungsvolles Geschenk f\u00fcr Geburtstage, Jahrestage oder besondere Feierlichkeiten, das Stil und Handwerkskunst auf wundersch\u00f6ne Weise zum Ausdruck bringt.<\/p>","protected":false},"excerpt":{"rendered":"<p>Ein wundersch\u00f6n gewebtes Armband aus 22 Karat Gold, veredelt mit dezenten Rhodiumakzenten, die ihm Tiefe und Schimmer verleihen. Ein raffiniertes zweifarbiges Schmuckst\u00fcck, das sich elegant f\u00fcr den Alltag eignet.<\/p>\n<div class=\"flex between-xs middle-xs price-review\"><\/div>\n<div class=\"woocommerce-product-details__short-description\">\n<table class=\"sh_desc\">\n<tbody>\n<tr>\n<td>Typ des Armbands<\/td>\n<td>Fancy Armband mit Rhodium Finish<\/td>\n<\/tr>\n<tr>\n<td>SKU<\/td>\n<td>43694<\/td>\n<\/tr>\n<tr>\n<td>Gewicht<\/td>\n<td>12,5 Gramm<\/td>\n<\/tr>\n<tr>\n<td>Breite<\/td>\n<td>6 mm<\/td>\n<\/tr>\n<tr>\n<td>Metall<\/td>\n<td>22ct Gold<\/td>\n<\/tr>\n<tr>\n<td>Wahrzeichen<\/td>\n<td>22ct Gold gestempelt von London Assay Office<\/td>\n<\/tr>\n<tr>\n<td>Entgelte<\/td>\n<td>Lieferung und Mehrwertsteuer inbegriffen<\/td>\n<\/tr>\n<tr>\n<td>Verpackung<\/td>\n<td>Mit Pr\u00e4sentationsbox<\/td>\n<\/tr>\n<tr>\n<td>Mehr Informationen<\/td>\n<td>\n<ul>\n<li>Live-Chat mit uns f\u00fcr Verf\u00fcgbarkeit und mehr Bilder<\/li>\n<li>Mehr Goldarmb\u00e4nder erkunden<\/li>\n<li><\/li>\n<\/ul>\n<\/td>\n<\/tr>\n<\/tbody>\n<\/table>\n<\/div>","protected":false},"featured_media":348616,"comment_status":"closed","ping_status":"closed","template":"","meta":{"_eb_attr":"","_crsspst_to_jayantr4sg-hostcom":true},"product_brand":[],"product_cat":[1791,1559,6057,5701,1324,1229,1570,1569,1574,5349],"product_tag":[5634,1430],"class_list":{"0":"post-348613","1":"product","2":"type-product","3":"status-publish","4":"has-post-thumbnail","6":"product_cat-anniversary-gifts","7":"product_cat-birthday-gifts","8":"product_cat-chain-bracelet","9":"product_cat-eid-jewellery","10":"product_cat-gold-bracelet","11":"product_cat-22ct-gold-jewellery","12":"product_cat-mothers-day-gifts","13":"product_cat-valentine-day-gifts","14":"product_cat-womens-jewellery","15":"product_cat-yellow-gold-jewellery","16":"product_tag-22ct-gold-bracelet-for-ladies","17":"product_tag-diwali-gift","19":"first","20":"outofstock","21":"taxable","22":"shipping-taxable","23":"product-type-simple","24":"add-to-wishlist-before_image"},"yoast_head":"<!-- This site is optimized with the Yoast SEO plugin v27.5 - https:\/\/yoast.com\/product\/yoast-seo-wordpress\/ -->\n<title>Shop Women\u2019s 22ct Gold Woven Bracelet with Rhodium Accents<\/title>\n<meta name=\"description\" content=\"22ct gold bracelet with woven links and subtle rhodium accents. A textured two-tone design hallmarked in the UK and crafted for elegant everyday wear.\" \/>\n<meta name=\"robots\" content=\"index, follow, max-snippet:-1, max-image-preview:large, max-video-preview:-1\" \/>\n<link rel=\"canonical\" href=\"https:\/\/www.purejewels.com\/de\/produkt-2\/frauen-armband-in-22ct-gold-7-5-zoll\/\" \/>\n<meta property=\"og:locale\" content=\"de_DE\" \/>\n<meta property=\"og:type\" content=\"article\" \/>\n<meta property=\"og:title\" content=\"Shop Women\u2019s 22ct Gold Woven Bracelet with Rhodium Accents\" \/>\n<meta property=\"og:description\" content=\"22ct gold bracelet with woven links and subtle rhodium accents. A textured two-tone design hallmarked in the UK and crafted for elegant everyday wear.\" \/>\n<meta property=\"og:url\" content=\"https:\/\/www.purejewels.com\/de\/produkt-2\/frauen-armband-in-22ct-gold-7-5-zoll\/\" \/>\n<meta property=\"og:site_name\" content=\"PureJewels UK\" \/>\n<meta property=\"article:modified_time\" content=\"2026-01-06T10:12:53+00:00\" \/>\n<meta property=\"og:image\" content=\"https:\/\/static.purejewels.com\/wp-content\/uploads\/2023\/07\/43694-2.jpg\" \/>\n\t<meta property=\"og:image:width\" content=\"1000\" \/>\n\t<meta property=\"og:image:height\" content=\"1000\" \/>\n\t<meta property=\"og:image:type\" content=\"image\/jpeg\" \/>\n<meta name=\"twitter:card\" content=\"summary_large_image\" \/>\n<meta name=\"twitter:label1\" content=\"Gesch\u00e4tzte Lesezeit\" \/>\n\t<meta name=\"twitter:data1\" content=\"1\u00a0Minute\" \/>\n<script type=\"application\/ld+json\" class=\"yoast-schema-graph\">{\"@context\":\"https:\\\/\\\/schema.org\",\"@graph\":[{\"@type\":[\"WebPage\",\"ItemPage\"],\"@id\":\"https:\\\/\\\/www.purejewels.com\\\/product\\\/women-bracelet-in-22ct-gold-7-5-inches\\\/\",\"url\":\"https:\\\/\\\/www.purejewels.com\\\/product\\\/women-bracelet-in-22ct-gold-7-5-inches\\\/\",\"name\":\"Shop Women\u2019s 22ct Gold Woven Bracelet with Rhodium Accents\",\"isPartOf\":{\"@id\":\"https:\\\/\\\/www.purejewels.com\\\/#website\"},\"primaryImageOfPage\":{\"@id\":\"https:\\\/\\\/www.purejewels.com\\\/product\\\/women-bracelet-in-22ct-gold-7-5-inches\\\/#primaryimage\"},\"image\":{\"@id\":\"https:\\\/\\\/www.purejewels.com\\\/product\\\/women-bracelet-in-22ct-gold-7-5-inches\\\/#primaryimage\"},\"thumbnailUrl\":\"https:\\\/\\\/static.purejewels.com\\\/wp-content\\\/uploads\\\/2023\\\/07\\\/43694-2.jpg\",\"datePublished\":\"2023-07-11T07:22:59+00:00\",\"dateModified\":\"2026-01-06T10:12:53+00:00\",\"description\":\"22ct gold bracelet with woven links and subtle rhodium accents. A textured two-tone design hallmarked in the UK and crafted for elegant everyday wear.\",\"breadcrumb\":{\"@id\":\"https:\\\/\\\/www.purejewels.com\\\/product\\\/women-bracelet-in-22ct-gold-7-5-inches\\\/#breadcrumb\"},\"inLanguage\":\"de\",\"potentialAction\":[{\"@type\":\"ReadAction\",\"target\":[\"https:\\\/\\\/www.purejewels.com\\\/product\\\/women-bracelet-in-22ct-gold-7-5-inches\\\/\"]}]},{\"@type\":\"ImageObject\",\"inLanguage\":\"de\",\"@id\":\"https:\\\/\\\/www.purejewels.com\\\/product\\\/women-bracelet-in-22ct-gold-7-5-inches\\\/#primaryimage\",\"url\":\"https:\\\/\\\/static.purejewels.com\\\/wp-content\\\/uploads\\\/2023\\\/07\\\/43694-2.jpg\",\"contentUrl\":\"https:\\\/\\\/static.purejewels.com\\\/wp-content\\\/uploads\\\/2023\\\/07\\\/43694-2.jpg\",\"width\":1000,\"height\":1000,\"caption\":\"Women Bracelet in 22ct Gold\"},{\"@type\":\"BreadcrumbList\",\"@id\":\"https:\\\/\\\/www.purejewels.com\\\/product\\\/women-bracelet-in-22ct-gold-7-5-inches\\\/#breadcrumb\",\"itemListElement\":[{\"@type\":\"ListItem\",\"position\":1,\"name\":\"Home\",\"item\":\"https:\\\/\\\/www.purejewels.com\\\/\"},{\"@type\":\"ListItem\",\"position\":2,\"name\":\"Shop\",\"item\":\"https:\\\/\\\/www.purejewels.com\\\/shop\\\/\"},{\"@type\":\"ListItem\",\"position\":3,\"name\":\"22ct Gold Woven Rhodium Accent Bracelet\"}]},{\"@type\":\"WebSite\",\"@id\":\"https:\\\/\\\/www.purejewels.com\\\/#website\",\"url\":\"https:\\\/\\\/www.purejewels.com\\\/\",\"name\":\"PureJewels UK\",\"description\":\"Share the Love\",\"publisher\":{\"@id\":\"https:\\\/\\\/www.purejewels.com\\\/#organization\"},\"potentialAction\":[{\"@type\":\"SearchAction\",\"target\":{\"@type\":\"EntryPoint\",\"urlTemplate\":\"https:\\\/\\\/www.purejewels.com\\\/?s={search_term_string}\"},\"query-input\":{\"@type\":\"PropertyValueSpecification\",\"valueRequired\":true,\"valueName\":\"search_term_string\"}}],\"inLanguage\":\"de\"},{\"@type\":\"Organization\",\"@id\":\"https:\\\/\\\/www.purejewels.com\\\/#organization\",\"name\":\"PureJewels UK\",\"url\":\"https:\\\/\\\/www.purejewels.com\\\/\",\"logo\":{\"@type\":\"ImageObject\",\"inLanguage\":\"de\",\"@id\":\"https:\\\/\\\/www.purejewels.com\\\/#\\\/schema\\\/logo\\\/image\\\/\",\"url\":\"https:\\\/\\\/static.purejewels.com\\\/wp-content\\\/uploads\\\/2020\\\/11\\\/Logo-PJ-New-1.png\",\"contentUrl\":\"https:\\\/\\\/static.purejewels.com\\\/wp-content\\\/uploads\\\/2020\\\/11\\\/Logo-PJ-New-1.png\",\"width\":150,\"height\":80,\"caption\":\"PureJewels UK\"},\"image\":{\"@id\":\"https:\\\/\\\/www.purejewels.com\\\/#\\\/schema\\\/logo\\\/image\\\/\"}}]}<\/script>\n<!-- \/ Yoast SEO plugin. -->","yoast_head_json":{"title":"Shop Damenarmband aus 22 Karat Gold mit Rhodium-Akzenten","description":"Armband aus 22 Karat Gold mit gewebten Gliedern und dezenten Rhodiumakzenten. Ein strukturiertes, zweifarbiges Design, das in Gro\u00dfbritannien punziert und f\u00fcr eleganten Alltagstragen gefertigt wurde.","robots":{"index":"index","follow":"follow","max-snippet":"max-snippet:-1","max-image-preview":"max-image-preview:large","max-video-preview":"max-video-preview:-1"},"canonical":"https:\/\/www.purejewels.com\/de\/produkt-2\/frauen-armband-in-22ct-gold-7-5-zoll\/","og_locale":"de_DE","og_type":"article","og_title":"Shop Women\u2019s 22ct Gold Woven Bracelet with Rhodium Accents","og_description":"22ct gold bracelet with woven links and subtle rhodium accents. A textured two-tone design hallmarked in the UK and crafted for elegant everyday wear.","og_url":"https:\/\/www.purejewels.com\/de\/produkt-2\/frauen-armband-in-22ct-gold-7-5-zoll\/","og_site_name":"PureJewels UK","article_modified_time":"2026-01-06T10:12:53+00:00","og_image":[{"width":1000,"height":1000,"url":"https:\/\/static.purejewels.com\/wp-content\/uploads\/2023\/07\/43694-2.jpg","type":"image\/jpeg"}],"twitter_card":"summary_large_image","twitter_misc":{"Gesch\u00e4tzte Lesezeit":"1\u00a0Minute"},"schema":{"@context":"https:\/\/schema.org","@graph":[{"@type":["WebPage","ItemPage"],"@id":"https:\/\/www.purejewels.com\/product\/women-bracelet-in-22ct-gold-7-5-inches\/","url":"https:\/\/www.purejewels.com\/product\/women-bracelet-in-22ct-gold-7-5-inches\/","name":"Shop Damenarmband aus 22 Karat Gold mit Rhodium-Akzenten","isPartOf":{"@id":"https:\/\/www.purejewels.com\/#website"},"primaryImageOfPage":{"@id":"https:\/\/www.purejewels.com\/product\/women-bracelet-in-22ct-gold-7-5-inches\/#primaryimage"},"image":{"@id":"https:\/\/www.purejewels.com\/product\/women-bracelet-in-22ct-gold-7-5-inches\/#primaryimage"},"thumbnailUrl":"https:\/\/static.purejewels.com\/wp-content\/uploads\/2023\/07\/43694-2.jpg","datePublished":"2023-07-11T07:22:59+00:00","dateModified":"2026-01-06T10:12:53+00:00","description":"Armband aus 22 Karat Gold mit gewebten Gliedern und dezenten Rhodiumakzenten. Ein strukturiertes, zweifarbiges Design, das in Gro\u00dfbritannien punziert und f\u00fcr eleganten Alltagstragen gefertigt wurde.","breadcrumb":{"@id":"https:\/\/www.purejewels.com\/product\/women-bracelet-in-22ct-gold-7-5-inches\/#breadcrumb"},"inLanguage":"de","potentialAction":[{"@type":"ReadAction","target":["https:\/\/www.purejewels.com\/product\/women-bracelet-in-22ct-gold-7-5-inches\/"]}]},{"@type":"ImageObject","inLanguage":"de","@id":"https:\/\/www.purejewels.com\/product\/women-bracelet-in-22ct-gold-7-5-inches\/#primaryimage","url":"https:\/\/static.purejewels.com\/wp-content\/uploads\/2023\/07\/43694-2.jpg","contentUrl":"https:\/\/static.purejewels.com\/wp-content\/uploads\/2023\/07\/43694-2.jpg","width":1000,"height":1000,"caption":"Women Bracelet in 22ct Gold"},{"@type":"BreadcrumbList","@id":"https:\/\/www.purejewels.com\/product\/women-bracelet-in-22ct-gold-7-5-inches\/#breadcrumb","itemListElement":[{"@type":"ListItem","position":1,"name":"Home","item":"https:\/\/www.purejewels.com\/"},{"@type":"ListItem","position":2,"name":"Shop","item":"https:\/\/www.purejewels.com\/shop\/"},{"@type":"ListItem","position":3,"name":"22ct Gold Woven Rhodium Accent Bracelet"}]},{"@type":"WebSite","@id":"https:\/\/www.purejewels.com\/#website","url":"https:\/\/www.purejewels.com\/","name":"PureJewels UK","description":"Teile die Liebe","publisher":{"@id":"https:\/\/www.purejewels.com\/#organization"},"potentialAction":[{"@type":"SearchAction","target":{"@type":"EntryPoint","urlTemplate":"https:\/\/www.purejewels.com\/?s={search_term_string}"},"query-input":{"@type":"PropertyValueSpecification","valueRequired":true,"valueName":"search_term_string"}}],"inLanguage":"de"},{"@type":"Organization","@id":"https:\/\/www.purejewels.com\/#organization","name":"PureJewels UK","url":"https:\/\/www.purejewels.com\/","logo":{"@type":"ImageObject","inLanguage":"de","@id":"https:\/\/www.purejewels.com\/#\/schema\/logo\/image\/","url":"https:\/\/static.purejewels.com\/wp-content\/uploads\/2020\/11\/Logo-PJ-New-1.png","contentUrl":"https:\/\/static.purejewels.com\/wp-content\/uploads\/2020\/11\/Logo-PJ-New-1.png","width":150,"height":80,"caption":"PureJewels UK"},"image":{"@id":"https:\/\/www.purejewels.com\/#\/schema\/logo\/image\/"}}]}},"_links":{"self":[{"href":"https:\/\/www.purejewels.com\/de\/wp-json\/wp\/v2\/product\/348613","targetHints":{"allow":["GET"]}}],"collection":[{"href":"https:\/\/www.purejewels.com\/de\/wp-json\/wp\/v2\/product"}],"about":[{"href":"https:\/\/www.purejewels.com\/de\/wp-json\/wp\/v2\/types\/product"}],"replies":[{"embeddable":true,"href":"https:\/\/www.purejewels.com\/de\/wp-json\/wp\/v2\/comments?post=348613"}],"version-history":[{"count":3,"href":"https:\/\/www.purejewels.com\/de\/wp-json\/wp\/v2\/product\/348613\/revisions"}],"predecessor-version":[{"id":422932,"href":"https:\/\/www.purejewels.com\/de\/wp-json\/wp\/v2\/product\/348613\/revisions\/422932"}],"wp:featuredmedia":[{"embeddable":true,"href":"https:\/\/www.purejewels.com\/de\/wp-json\/wp\/v2\/media\/348616"}],"wp:attachment":[{"href":"https:\/\/www.purejewels.com\/de\/wp-json\/wp\/v2\/media?parent=348613"}],"wp:term":[{"taxonomy":"product_brand","embeddable":true,"href":"https:\/\/www.purejewels.com\/de\/wp-json\/wp\/v2\/product_brand?post=348613"},{"taxonomy":"product_cat","embeddable":true,"href":"https:\/\/www.purejewels.com\/de\/wp-json\/wp\/v2\/product_cat?post=348613"},{"taxonomy":"product_tag","embeddable":true,"href":"https:\/\/www.purejewels.com\/de\/wp-json\/wp\/v2\/product_tag?post=348613"}],"curies":[{"name":"wp","href":"https:\/\/api.w.org\/{rel}","templated":true}]}}