{"id":348722,"date":"2025-04-30T10:10:23","date_gmt":"2025-04-30T09:10:23","guid":{"rendered":"https:\/\/www.purejewels.com\/?post_type=product&#038;p=348722"},"modified":"2026-03-30T06:38:29","modified_gmt":"2026-03-30T05:38:29","slug":"18ct-weisgold-herrenarmband-17710","status":"publish","type":"product","link":"https:\/\/www.purejewels.com\/de\/product\/18ct-white-gold-gents-bracelet-17710\/","title":{"rendered":"18ct Wei\u00dfgold Armband f\u00fcr Herren"},"content":{"rendered":"<p>Sie suchen nach einem stilvollen und anspruchsvollen Accessoire f\u00fcr Ihre Sammlung? Suchen Sie nicht weiter als unser <a href=\"https:\/\/www.purejewels.com\/de\/product\/18ct-white-gold-diamond-ring-for-ladies-8775\/\">18ct Wei\u00dfgold<\/a> Herren <a href=\"https:\/\/www.purejewels.com\/de\/product-category\/22ct-gold-jewellery\/gold-bracelet\/\">Armb\u00e4nder<\/a>. Dieses atemberaubende St\u00fcck ist aus hochwertigem Material gefertigt. <a href=\"https:\/\/www.purejewels.com\/de\/product\/18ct-white-gold-khanda-sikh-religious-pendant-6226\/\">18ct<\/a> Gold, gepunzt vom renommierten Londoner Assay Office f\u00fcr die Echtheit.<\/p>\n<p>Dieses Herrenarmband ist das perfekte Accessoire f\u00fcr jeden Anlass, egal ob Sie sich f\u00fcr ein besonderes Ereignis herausputzen oder einfach Ihren Alltagslook aufwerten m\u00f6chten. Das schlichte und zeitlose Design dieses Armbands macht es zu einem vielseitigen St\u00fcck, das zu jedem Outfit getragen werden kann.<\/p>\n<p>Mit einem Gewicht von 12,9 Gramm ist dieses Armband sowohl leicht als auch langlebig, so dass es den ganzen Tag \u00fcber bequem zu tragen ist. Es wird in einer sch\u00f6nen Pr\u00e4sentationsbox geliefert und ist somit das perfekte Geschenk f\u00fcr Sie selbst oder einen lieben Menschen.<\/p>\n<p>Mit kostenloser, verfolgbarer Lieferung und sicheren Online-Zahlungen k\u00f6nnen Sie mit Vertrauen einkaufen. Lassen Sie sich dieses Must-Have-Accessoire f\u00fcr M\u00e4nner nicht entgehen. Bestellen Sie Ihr 18 Karat Goldarmband noch heute!<\/p>","protected":false},"excerpt":{"rendered":"<div class=\"woocommerce-product-details__short-description\">\n<table class=\"sh_desc\">\n<tbody>\n<tr>\n<td>Typ des Armbands<\/td>\n<td>Herren-Armband<\/td>\n<\/tr>\n<tr>\n<td>SKU<\/td>\n<td>17710<\/td>\n<\/tr>\n<tr>\n<td>Gewicht<\/td>\n<td>12,9 Gramm<\/td>\n<\/tr>\n<tr>\n<td>Metall<\/td>\n<td>18ct Gold (gestempelt vom London Assay Office)<\/td>\n<\/tr>\n<tr>\n<td>Entgelte<\/td>\n<td>Lieferung und Mehrwertsteuer inbegriffen<\/td>\n<\/tr>\n<tr>\n<td>Verpackung<\/td>\n<td>Mit Pr\u00e4sentationsbox<\/td>\n<\/tr>\n<tr>\n<td>Mehr Informationen<\/td>\n<td>Live-Chat mit uns f\u00fcr Verf\u00fcgbarkeit und mehr Bilder<\/td>\n<\/tr>\n<\/tbody>\n<\/table>\n<\/div>","protected":false},"featured_media":348723,"comment_status":"closed","ping_status":"closed","template":"","meta":{"_eb_attr":"","_crsspst_to_jayantr4sg-hostcom":false},"product_brand":[],"product_cat":[6088,5679,6057,1571,1324,1572,1628,5348],"product_tag":[],"class_list":{"0":"post-348722","1":"product","2":"type-product","3":"status-publish","4":"has-post-thumbnail","6":"product_cat-18ct-gold-bracelet","7":"product_cat-18ct-gold-jewellery","8":"product_cat-chain-bracelet","9":"product_cat-fathers-day-gifts","10":"product_cat-gold-bracelet","11":"product_cat-mens-jewellery","12":"product_cat-mens-bracelet","13":"product_cat-white-gold-jewellery","15":"first","16":"instock","17":"taxable","18":"shipping-taxable","19":"purchasable","20":"product-type-simple","21":"add-to-wishlist-before_image"},"yoast_head":"<!-- This site is optimized with the Yoast SEO plugin v27.6 - https:\/\/yoast.com\/product\/yoast-seo-wordpress\/ -->\n<title>18ct White Gold Gents Bracelet Online at UK<\/title>\n<meta name=\"description\" content=\"Shop our exquisite 18ct White Gold Gents Bracelet online in the UK. Crafted with elegance and style, this timeless accessory complements any attire.\" \/>\n<meta name=\"robots\" content=\"index, follow, max-snippet:-1, max-image-preview:large, max-video-preview:-1\" \/>\n<link rel=\"canonical\" href=\"https:\/\/www.purejewels.com\/de\/produkt-2\/18ct-weisgold-herrenarmband-17710\/\" \/>\n<meta property=\"og:locale\" content=\"de_DE\" \/>\n<meta property=\"og:type\" content=\"article\" \/>\n<meta property=\"og:title\" content=\"18ct White Gold Gents Bracelet Online at UK\" \/>\n<meta property=\"og:description\" content=\"Shop our exquisite 18ct White Gold Gents Bracelet online in the UK. Crafted with elegance and style, this timeless accessory complements any attire.\" \/>\n<meta property=\"og:url\" content=\"https:\/\/www.purejewels.com\/de\/produkt-2\/18ct-weisgold-herrenarmband-17710\/\" \/>\n<meta property=\"og:site_name\" content=\"PureJewels UK\" \/>\n<meta property=\"article:modified_time\" content=\"2026-03-30T05:38:29+00:00\" \/>\n<meta property=\"og:image\" content=\"https:\/\/static.purejewels.com\/wp-content\/uploads\/2023\/07\/1771C.jpg\" \/>\n\t<meta property=\"og:image:width\" content=\"1000\" \/>\n\t<meta property=\"og:image:height\" content=\"1000\" \/>\n\t<meta property=\"og:image:type\" content=\"image\/jpeg\" \/>\n<meta name=\"twitter:card\" content=\"summary_large_image\" \/>\n<meta name=\"twitter:label1\" content=\"Gesch\u00e4tzte Lesezeit\" \/>\n\t<meta name=\"twitter:data1\" content=\"1\u00a0Minute\" \/>\n<script type=\"application\/ld+json\" class=\"yoast-schema-graph\">{\"@context\":\"https:\\\/\\\/schema.org\",\"@graph\":[{\"@type\":[\"WebPage\",\"ItemPage\"],\"@id\":\"https:\\\/\\\/www.purejewels.com\\\/product\\\/18ct-white-gold-gents-bracelet-17710\\\/\",\"url\":\"https:\\\/\\\/www.purejewels.com\\\/product\\\/18ct-white-gold-gents-bracelet-17710\\\/\",\"name\":\"18ct White Gold Gents Bracelet Online at UK\",\"isPartOf\":{\"@id\":\"https:\\\/\\\/www.purejewels.com\\\/#website\"},\"primaryImageOfPage\":{\"@id\":\"https:\\\/\\\/www.purejewels.com\\\/product\\\/18ct-white-gold-gents-bracelet-17710\\\/#primaryimage\"},\"image\":{\"@id\":\"https:\\\/\\\/www.purejewels.com\\\/product\\\/18ct-white-gold-gents-bracelet-17710\\\/#primaryimage\"},\"thumbnailUrl\":\"https:\\\/\\\/static.purejewels.com\\\/wp-content\\\/uploads\\\/2023\\\/07\\\/1771C.jpg\",\"datePublished\":\"2025-04-30T09:10:23+00:00\",\"dateModified\":\"2026-03-30T05:38:29+00:00\",\"description\":\"Shop our exquisite 18ct White Gold Gents Bracelet online in the UK. Crafted with elegance and style, this timeless accessory complements any attire.\",\"breadcrumb\":{\"@id\":\"https:\\\/\\\/www.purejewels.com\\\/product\\\/18ct-white-gold-gents-bracelet-17710\\\/#breadcrumb\"},\"inLanguage\":\"de\",\"potentialAction\":[{\"@type\":\"ReadAction\",\"target\":[\"https:\\\/\\\/www.purejewels.com\\\/product\\\/18ct-white-gold-gents-bracelet-17710\\\/\"]}]},{\"@type\":\"ImageObject\",\"inLanguage\":\"de\",\"@id\":\"https:\\\/\\\/www.purejewels.com\\\/product\\\/18ct-white-gold-gents-bracelet-17710\\\/#primaryimage\",\"url\":\"https:\\\/\\\/static.purejewels.com\\\/wp-content\\\/uploads\\\/2023\\\/07\\\/1771C.jpg\",\"contentUrl\":\"https:\\\/\\\/static.purejewels.com\\\/wp-content\\\/uploads\\\/2023\\\/07\\\/1771C.jpg\",\"width\":1000,\"height\":1000,\"caption\":\"18ct White Gold Gents Bracelet\"},{\"@type\":\"BreadcrumbList\",\"@id\":\"https:\\\/\\\/www.purejewels.com\\\/product\\\/18ct-white-gold-gents-bracelet-17710\\\/#breadcrumb\",\"itemListElement\":[{\"@type\":\"ListItem\",\"position\":1,\"name\":\"Home\",\"item\":\"https:\\\/\\\/www.purejewels.com\\\/\"},{\"@type\":\"ListItem\",\"position\":2,\"name\":\"Shop\",\"item\":\"https:\\\/\\\/www.purejewels.com\\\/shop\\\/\"},{\"@type\":\"ListItem\",\"position\":3,\"name\":\"18ct White Gold Gents Bracelet\"}]},{\"@type\":\"WebSite\",\"@id\":\"https:\\\/\\\/www.purejewels.com\\\/#website\",\"url\":\"https:\\\/\\\/www.purejewels.com\\\/\",\"name\":\"PureJewels UK\",\"description\":\"Share the Love\",\"publisher\":{\"@id\":\"https:\\\/\\\/www.purejewels.com\\\/#organization\"},\"potentialAction\":[{\"@type\":\"SearchAction\",\"target\":{\"@type\":\"EntryPoint\",\"urlTemplate\":\"https:\\\/\\\/www.purejewels.com\\\/?s={search_term_string}\"},\"query-input\":{\"@type\":\"PropertyValueSpecification\",\"valueRequired\":true,\"valueName\":\"search_term_string\"}}],\"inLanguage\":\"de\"},{\"@type\":\"Organization\",\"@id\":\"https:\\\/\\\/www.purejewels.com\\\/#organization\",\"name\":\"PureJewels UK\",\"url\":\"https:\\\/\\\/www.purejewels.com\\\/\",\"logo\":{\"@type\":\"ImageObject\",\"inLanguage\":\"de\",\"@id\":\"https:\\\/\\\/www.purejewels.com\\\/#\\\/schema\\\/logo\\\/image\\\/\",\"url\":\"https:\\\/\\\/static.purejewels.com\\\/wp-content\\\/uploads\\\/2020\\\/11\\\/Logo-PJ-New-1.png\",\"contentUrl\":\"https:\\\/\\\/static.purejewels.com\\\/wp-content\\\/uploads\\\/2020\\\/11\\\/Logo-PJ-New-1.png\",\"width\":150,\"height\":80,\"caption\":\"PureJewels UK\"},\"image\":{\"@id\":\"https:\\\/\\\/www.purejewels.com\\\/#\\\/schema\\\/logo\\\/image\\\/\"}}]}<\/script>\n<!-- \/ Yoast SEO plugin. -->","yoast_head_json":{"title":"18 Karat Wei\u00dfgold Herrenarmband Online bei UK","description":"Kaufen Sie unser exquisites Herrenarmband aus 18 Karat Wei\u00dfgold online in Gro\u00dfbritannien. Dieses zeitlose Accessoire wurde mit Eleganz und Stil gefertigt und passt zu jedem Outfit.","robots":{"index":"index","follow":"follow","max-snippet":"max-snippet:-1","max-image-preview":"max-image-preview:large","max-video-preview":"max-video-preview:-1"},"canonical":"https:\/\/www.purejewels.com\/de\/produkt-2\/18ct-weisgold-herrenarmband-17710\/","og_locale":"de_DE","og_type":"article","og_title":"18ct White Gold Gents Bracelet Online at UK","og_description":"Shop our exquisite 18ct White Gold Gents Bracelet online in the UK. Crafted with elegance and style, this timeless accessory complements any attire.","og_url":"https:\/\/www.purejewels.com\/de\/produkt-2\/18ct-weisgold-herrenarmband-17710\/","og_site_name":"PureJewels UK","article_modified_time":"2026-03-30T05:38:29+00:00","og_image":[{"width":1000,"height":1000,"url":"https:\/\/static.purejewels.com\/wp-content\/uploads\/2023\/07\/1771C.jpg","type":"image\/jpeg"}],"twitter_card":"summary_large_image","twitter_misc":{"Gesch\u00e4tzte Lesezeit":"1\u00a0Minute"},"schema":{"@context":"https:\/\/schema.org","@graph":[{"@type":["WebPage","ItemPage"],"@id":"https:\/\/www.purejewels.com\/product\/18ct-white-gold-gents-bracelet-17710\/","url":"https:\/\/www.purejewels.com\/product\/18ct-white-gold-gents-bracelet-17710\/","name":"18 Karat Wei\u00dfgold Herrenarmband Online bei UK","isPartOf":{"@id":"https:\/\/www.purejewels.com\/#website"},"primaryImageOfPage":{"@id":"https:\/\/www.purejewels.com\/product\/18ct-white-gold-gents-bracelet-17710\/#primaryimage"},"image":{"@id":"https:\/\/www.purejewels.com\/product\/18ct-white-gold-gents-bracelet-17710\/#primaryimage"},"thumbnailUrl":"https:\/\/static.purejewels.com\/wp-content\/uploads\/2023\/07\/1771C.jpg","datePublished":"2025-04-30T09:10:23+00:00","dateModified":"2026-03-30T05:38:29+00:00","description":"Kaufen Sie unser exquisites Herrenarmband aus 18 Karat Wei\u00dfgold online in Gro\u00dfbritannien. Dieses zeitlose Accessoire wurde mit Eleganz und Stil gefertigt und passt zu jedem Outfit.","breadcrumb":{"@id":"https:\/\/www.purejewels.com\/product\/18ct-white-gold-gents-bracelet-17710\/#breadcrumb"},"inLanguage":"de","potentialAction":[{"@type":"ReadAction","target":["https:\/\/www.purejewels.com\/product\/18ct-white-gold-gents-bracelet-17710\/"]}]},{"@type":"ImageObject","inLanguage":"de","@id":"https:\/\/www.purejewels.com\/product\/18ct-white-gold-gents-bracelet-17710\/#primaryimage","url":"https:\/\/static.purejewels.com\/wp-content\/uploads\/2023\/07\/1771C.jpg","contentUrl":"https:\/\/static.purejewels.com\/wp-content\/uploads\/2023\/07\/1771C.jpg","width":1000,"height":1000,"caption":"18ct White Gold Gents Bracelet"},{"@type":"BreadcrumbList","@id":"https:\/\/www.purejewels.com\/product\/18ct-white-gold-gents-bracelet-17710\/#breadcrumb","itemListElement":[{"@type":"ListItem","position":1,"name":"Home","item":"https:\/\/www.purejewels.com\/"},{"@type":"ListItem","position":2,"name":"Shop","item":"https:\/\/www.purejewels.com\/shop\/"},{"@type":"ListItem","position":3,"name":"18ct White Gold Gents Bracelet"}]},{"@type":"WebSite","@id":"https:\/\/www.purejewels.com\/#website","url":"https:\/\/www.purejewels.com\/","name":"PureJewels UK","description":"Teile die Liebe","publisher":{"@id":"https:\/\/www.purejewels.com\/#organization"},"potentialAction":[{"@type":"SearchAction","target":{"@type":"EntryPoint","urlTemplate":"https:\/\/www.purejewels.com\/?s={search_term_string}"},"query-input":{"@type":"PropertyValueSpecification","valueRequired":true,"valueName":"search_term_string"}}],"inLanguage":"de"},{"@type":"Organization","@id":"https:\/\/www.purejewels.com\/#organization","name":"PureJewels UK","url":"https:\/\/www.purejewels.com\/","logo":{"@type":"ImageObject","inLanguage":"de","@id":"https:\/\/www.purejewels.com\/#\/schema\/logo\/image\/","url":"https:\/\/static.purejewels.com\/wp-content\/uploads\/2020\/11\/Logo-PJ-New-1.png","contentUrl":"https:\/\/static.purejewels.com\/wp-content\/uploads\/2020\/11\/Logo-PJ-New-1.png","width":150,"height":80,"caption":"PureJewels UK"},"image":{"@id":"https:\/\/www.purejewels.com\/#\/schema\/logo\/image\/"}}]}},"_links":{"self":[{"href":"https:\/\/www.purejewels.com\/de\/wp-json\/wp\/v2\/product\/348722","targetHints":{"allow":["GET"]}}],"collection":[{"href":"https:\/\/www.purejewels.com\/de\/wp-json\/wp\/v2\/product"}],"about":[{"href":"https:\/\/www.purejewels.com\/de\/wp-json\/wp\/v2\/types\/product"}],"replies":[{"embeddable":true,"href":"https:\/\/www.purejewels.com\/de\/wp-json\/wp\/v2\/comments?post=348722"}],"version-history":[{"count":4,"href":"https:\/\/www.purejewels.com\/de\/wp-json\/wp\/v2\/product\/348722\/revisions"}],"predecessor-version":[{"id":427783,"href":"https:\/\/www.purejewels.com\/de\/wp-json\/wp\/v2\/product\/348722\/revisions\/427783"}],"wp:featuredmedia":[{"embeddable":true,"href":"https:\/\/www.purejewels.com\/de\/wp-json\/wp\/v2\/media\/348723"}],"wp:attachment":[{"href":"https:\/\/www.purejewels.com\/de\/wp-json\/wp\/v2\/media?parent=348722"}],"wp:term":[{"taxonomy":"product_brand","embeddable":true,"href":"https:\/\/www.purejewels.com\/de\/wp-json\/wp\/v2\/product_brand?post=348722"},{"taxonomy":"product_cat","embeddable":true,"href":"https:\/\/www.purejewels.com\/de\/wp-json\/wp\/v2\/product_cat?post=348722"},{"taxonomy":"product_tag","embeddable":true,"href":"https:\/\/www.purejewels.com\/de\/wp-json\/wp\/v2\/product_tag?post=348722"}],"curies":[{"name":"wp","href":"https:\/\/api.w.org\/{rel}","templated":true}]}}