{"id":348731,"date":"2023-11-14T11:40:16","date_gmt":"2023-11-14T11:40:16","guid":{"rendered":"https:\/\/www.purejewels.com\/?post_type=product&#038;p=348731"},"modified":"2026-03-30T06:32:30","modified_gmt":"2026-03-30T05:32:30","slug":"18ct-weisgold-damenarmband-13394","status":"publish","type":"product","link":"https:\/\/www.purejewels.com\/de\/product\/18ct-white-gold-ladies-bracelet-13394\/","title":{"rendered":"18ct Wei\u00dfgold-Armband | 7 Zoll"},"content":{"rendered":"<p>Dieses mit raffinierter Pr\u00e4zision gefertigte 18 Karat <a href=\"https:\/\/www.purejewels.com\/de\/product\/22ct-gold-mens-bracelet\/\">Goldarmband<\/a> aus leuchtendem Wei\u00dfgold bietet eine schlanke und moderne Silhouette. Die strukturierten Glieder des Armbands mit einer L\u00e4nge von 7 Zoll sind wundersch\u00f6n ausbalanciert und mit dezentem Glanz versehen, was es zu einer eleganten Wahl sowohl f\u00fcr den Alltag als auch f\u00fcr besondere Anl\u00e4sse macht. Als zeitloser Ausdruck von Handwerkskunst spiegelt dieses Armband aus 18 Karat Gold dezenten Luxus und best\u00e4ndigen Stil wider.<\/p>","protected":false},"excerpt":{"rendered":"<table class=\"sh_desc\">\n<tbody>\n<tr>\n<td>Typ des Armbands<\/td>\n<td>Damen-Armband<\/td>\n<\/tr>\n<tr>\n<td>SKU<\/td>\n<td>13394<\/td>\n<\/tr>\n<tr>\n<td>Gewicht<\/td>\n<td>8.1 Gms<\/td>\n<\/tr>\n<tr>\n<td>Metall<\/td>\n<td>18ct Gold<\/td>\n<\/tr>\n<tr>\n<td>Entgelte<\/td>\n<td>Lieferung und Mehrwertsteuer inbegriffen<\/td>\n<\/tr>\n<tr>\n<td>Verpackung<\/td>\n<td>Mit Pr\u00e4sentationsbox<\/td>\n<\/tr>\n<tr>\n<td>Mehr Informationen<\/td>\n<td>Live-Chat mit uns f\u00fcr die Verf\u00fcgbarkeit und mehr Bilder von Jewelry Christmas Presents<\/p>\n<ul>\n<li>Mehr Goldarmb\u00e4nder erkunden<\/li>\n<\/ul>\n<\/td>\n<\/tr>\n<\/tbody>\n<\/table>","protected":false},"featured_media":348733,"comment_status":"closed","ping_status":"closed","template":"","meta":{"_eb_attr":"","_crsspst_to_jayantr4sg-hostcom":false},"product_brand":[],"product_cat":[6088,5679,1791,1559,1794,1324,6055,1569,1573,5348,1574],"product_tag":[5634],"class_list":{"0":"post-348731","1":"product","2":"type-product","3":"status-publish","4":"has-post-thumbnail","6":"product_cat-18ct-gold-bracelet","7":"product_cat-18ct-gold-jewellery","8":"product_cat-anniversary-gifts","9":"product_cat-birthday-gifts","10":"product_cat-christmas-gifts","11":"product_cat-gold-bracelet","12":"product_cat-tennis","13":"product_cat-valentine-day-gifts","14":"product_cat-wedding-gifts","15":"product_cat-white-gold-jewellery","16":"product_cat-womens-jewellery","17":"product_tag-22ct-gold-bracelet-for-ladies","19":"first","20":"instock","21":"taxable","22":"shipping-taxable","23":"purchasable","24":"product-type-simple","25":"add-to-wishlist-before_image"},"yoast_head":"<!-- This site is optimized with the Yoast SEO plugin v27.5 - https:\/\/yoast.com\/product\/yoast-seo-wordpress\/ -->\n<title>Buy 18ct White Gold Bracelet this Black Friday at PureJewels UK<\/title>\n<meta name=\"description\" content=\"Elevate your style this Black Friday with our 18ct white gold bracelet. A perfect blend of sophistication. Free UK delivery and easy return.\" \/>\n<meta name=\"robots\" content=\"index, follow, max-snippet:-1, max-image-preview:large, max-video-preview:-1\" \/>\n<link rel=\"canonical\" href=\"https:\/\/www.purejewels.com\/de\/produkt-2\/18ct-weisgold-damenarmband-13394\/\" \/>\n<meta property=\"og:locale\" content=\"de_DE\" \/>\n<meta property=\"og:type\" content=\"article\" \/>\n<meta property=\"og:title\" content=\"Buy 18ct White Gold Bracelet this Black Friday at PureJewels UK\" \/>\n<meta property=\"og:description\" content=\"Elevate your style this Black Friday with our 18ct white gold bracelet. A perfect blend of sophistication. Free UK delivery and easy return.\" \/>\n<meta property=\"og:url\" content=\"https:\/\/www.purejewels.com\/de\/produkt-2\/18ct-weisgold-damenarmband-13394\/\" \/>\n<meta property=\"og:site_name\" content=\"PureJewels UK\" \/>\n<meta property=\"article:modified_time\" content=\"2026-03-30T05:32:30+00:00\" \/>\n<meta property=\"og:image\" content=\"https:\/\/static.purejewels.com\/wp-content\/uploads\/2023\/07\/13394.jpg\" \/>\n\t<meta property=\"og:image:width\" content=\"1000\" \/>\n\t<meta property=\"og:image:height\" content=\"1000\" \/>\n\t<meta property=\"og:image:type\" content=\"image\/jpeg\" \/>\n<meta name=\"twitter:card\" content=\"summary_large_image\" \/>\n<meta name=\"twitter:label1\" content=\"Gesch\u00e4tzte Lesezeit\" \/>\n\t<meta name=\"twitter:data1\" content=\"1\u00a0Minute\" \/>\n<script type=\"application\/ld+json\" class=\"yoast-schema-graph\">{\"@context\":\"https:\\\/\\\/schema.org\",\"@graph\":[{\"@type\":[\"WebPage\",\"ItemPage\"],\"@id\":\"https:\\\/\\\/www.purejewels.com\\\/product\\\/18ct-white-gold-ladies-bracelet-13394\\\/\",\"url\":\"https:\\\/\\\/www.purejewels.com\\\/product\\\/18ct-white-gold-ladies-bracelet-13394\\\/\",\"name\":\"Buy 18ct White Gold Bracelet this Black Friday at PureJewels UK\",\"isPartOf\":{\"@id\":\"https:\\\/\\\/www.purejewels.com\\\/#website\"},\"primaryImageOfPage\":{\"@id\":\"https:\\\/\\\/www.purejewels.com\\\/product\\\/18ct-white-gold-ladies-bracelet-13394\\\/#primaryimage\"},\"image\":{\"@id\":\"https:\\\/\\\/www.purejewels.com\\\/product\\\/18ct-white-gold-ladies-bracelet-13394\\\/#primaryimage\"},\"thumbnailUrl\":\"https:\\\/\\\/static.purejewels.com\\\/wp-content\\\/uploads\\\/2023\\\/07\\\/13394.jpg\",\"datePublished\":\"2023-11-14T11:40:16+00:00\",\"dateModified\":\"2026-03-30T05:32:30+00:00\",\"description\":\"Elevate your style this Black Friday with our 18ct white gold bracelet. A perfect blend of sophistication. Free UK delivery and easy return.\",\"breadcrumb\":{\"@id\":\"https:\\\/\\\/www.purejewels.com\\\/product\\\/18ct-white-gold-ladies-bracelet-13394\\\/#breadcrumb\"},\"inLanguage\":\"de\",\"potentialAction\":[{\"@type\":\"ReadAction\",\"target\":[\"https:\\\/\\\/www.purejewels.com\\\/product\\\/18ct-white-gold-ladies-bracelet-13394\\\/\"]}]},{\"@type\":\"ImageObject\",\"inLanguage\":\"de\",\"@id\":\"https:\\\/\\\/www.purejewels.com\\\/product\\\/18ct-white-gold-ladies-bracelet-13394\\\/#primaryimage\",\"url\":\"https:\\\/\\\/static.purejewels.com\\\/wp-content\\\/uploads\\\/2023\\\/07\\\/13394.jpg\",\"contentUrl\":\"https:\\\/\\\/static.purejewels.com\\\/wp-content\\\/uploads\\\/2023\\\/07\\\/13394.jpg\",\"width\":1000,\"height\":1000,\"caption\":\"18ct White Gold Men's Bracelet\"},{\"@type\":\"BreadcrumbList\",\"@id\":\"https:\\\/\\\/www.purejewels.com\\\/product\\\/18ct-white-gold-ladies-bracelet-13394\\\/#breadcrumb\",\"itemListElement\":[{\"@type\":\"ListItem\",\"position\":1,\"name\":\"Home\",\"item\":\"https:\\\/\\\/www.purejewels.com\\\/\"},{\"@type\":\"ListItem\",\"position\":2,\"name\":\"Shop\",\"item\":\"https:\\\/\\\/www.purejewels.com\\\/shop\\\/\"},{\"@type\":\"ListItem\",\"position\":3,\"name\":\"18ct White Gold Bracelet | 7 Inches\"}]},{\"@type\":\"WebSite\",\"@id\":\"https:\\\/\\\/www.purejewels.com\\\/#website\",\"url\":\"https:\\\/\\\/www.purejewels.com\\\/\",\"name\":\"PureJewels UK\",\"description\":\"Share the Love\",\"publisher\":{\"@id\":\"https:\\\/\\\/www.purejewels.com\\\/#organization\"},\"potentialAction\":[{\"@type\":\"SearchAction\",\"target\":{\"@type\":\"EntryPoint\",\"urlTemplate\":\"https:\\\/\\\/www.purejewels.com\\\/?s={search_term_string}\"},\"query-input\":{\"@type\":\"PropertyValueSpecification\",\"valueRequired\":true,\"valueName\":\"search_term_string\"}}],\"inLanguage\":\"de\"},{\"@type\":\"Organization\",\"@id\":\"https:\\\/\\\/www.purejewels.com\\\/#organization\",\"name\":\"PureJewels UK\",\"url\":\"https:\\\/\\\/www.purejewels.com\\\/\",\"logo\":{\"@type\":\"ImageObject\",\"inLanguage\":\"de\",\"@id\":\"https:\\\/\\\/www.purejewels.com\\\/#\\\/schema\\\/logo\\\/image\\\/\",\"url\":\"https:\\\/\\\/static.purejewels.com\\\/wp-content\\\/uploads\\\/2020\\\/11\\\/Logo-PJ-New-1.png\",\"contentUrl\":\"https:\\\/\\\/static.purejewels.com\\\/wp-content\\\/uploads\\\/2020\\\/11\\\/Logo-PJ-New-1.png\",\"width\":150,\"height\":80,\"caption\":\"PureJewels UK\"},\"image\":{\"@id\":\"https:\\\/\\\/www.purejewels.com\\\/#\\\/schema\\\/logo\\\/image\\\/\"}}]}<\/script>\n<!-- \/ Yoast SEO plugin. -->","yoast_head_json":{"title":"Kaufen Sie 18ct Wei\u00dfgold Armband diesen Black Friday bei PureJewels UK","description":"Erh\u00f6hen Sie Ihren Stil an diesem Black Friday mit unserem Armband aus 18 Karat Wei\u00dfgold. Eine perfekte Mischung aus Raffinesse. Kostenlose Lieferung in Gro\u00dfbritannien und einfache R\u00fcckgabe.","robots":{"index":"index","follow":"follow","max-snippet":"max-snippet:-1","max-image-preview":"max-image-preview:large","max-video-preview":"max-video-preview:-1"},"canonical":"https:\/\/www.purejewels.com\/de\/produkt-2\/18ct-weisgold-damenarmband-13394\/","og_locale":"de_DE","og_type":"article","og_title":"Buy 18ct White Gold Bracelet this Black Friday at PureJewels UK","og_description":"Elevate your style this Black Friday with our 18ct white gold bracelet. A perfect blend of sophistication. Free UK delivery and easy return.","og_url":"https:\/\/www.purejewels.com\/de\/produkt-2\/18ct-weisgold-damenarmband-13394\/","og_site_name":"PureJewels UK","article_modified_time":"2026-03-30T05:32:30+00:00","og_image":[{"width":1000,"height":1000,"url":"https:\/\/static.purejewels.com\/wp-content\/uploads\/2023\/07\/13394.jpg","type":"image\/jpeg"}],"twitter_card":"summary_large_image","twitter_misc":{"Gesch\u00e4tzte Lesezeit":"1\u00a0Minute"},"schema":{"@context":"https:\/\/schema.org","@graph":[{"@type":["WebPage","ItemPage"],"@id":"https:\/\/www.purejewels.com\/product\/18ct-white-gold-ladies-bracelet-13394\/","url":"https:\/\/www.purejewels.com\/product\/18ct-white-gold-ladies-bracelet-13394\/","name":"Kaufen Sie 18ct Wei\u00dfgold Armband diesen Black Friday bei PureJewels UK","isPartOf":{"@id":"https:\/\/www.purejewels.com\/#website"},"primaryImageOfPage":{"@id":"https:\/\/www.purejewels.com\/product\/18ct-white-gold-ladies-bracelet-13394\/#primaryimage"},"image":{"@id":"https:\/\/www.purejewels.com\/product\/18ct-white-gold-ladies-bracelet-13394\/#primaryimage"},"thumbnailUrl":"https:\/\/static.purejewels.com\/wp-content\/uploads\/2023\/07\/13394.jpg","datePublished":"2023-11-14T11:40:16+00:00","dateModified":"2026-03-30T05:32:30+00:00","description":"Erh\u00f6hen Sie Ihren Stil an diesem Black Friday mit unserem Armband aus 18 Karat Wei\u00dfgold. Eine perfekte Mischung aus Raffinesse. Kostenlose Lieferung in Gro\u00dfbritannien und einfache R\u00fcckgabe.","breadcrumb":{"@id":"https:\/\/www.purejewels.com\/product\/18ct-white-gold-ladies-bracelet-13394\/#breadcrumb"},"inLanguage":"de","potentialAction":[{"@type":"ReadAction","target":["https:\/\/www.purejewels.com\/product\/18ct-white-gold-ladies-bracelet-13394\/"]}]},{"@type":"ImageObject","inLanguage":"de","@id":"https:\/\/www.purejewels.com\/product\/18ct-white-gold-ladies-bracelet-13394\/#primaryimage","url":"https:\/\/static.purejewels.com\/wp-content\/uploads\/2023\/07\/13394.jpg","contentUrl":"https:\/\/static.purejewels.com\/wp-content\/uploads\/2023\/07\/13394.jpg","width":1000,"height":1000,"caption":"18ct White Gold Men's Bracelet"},{"@type":"BreadcrumbList","@id":"https:\/\/www.purejewels.com\/product\/18ct-white-gold-ladies-bracelet-13394\/#breadcrumb","itemListElement":[{"@type":"ListItem","position":1,"name":"Home","item":"https:\/\/www.purejewels.com\/"},{"@type":"ListItem","position":2,"name":"Shop","item":"https:\/\/www.purejewels.com\/shop\/"},{"@type":"ListItem","position":3,"name":"18ct White Gold Bracelet | 7 Inches"}]},{"@type":"WebSite","@id":"https:\/\/www.purejewels.com\/#website","url":"https:\/\/www.purejewels.com\/","name":"PureJewels UK","description":"Teile die Liebe","publisher":{"@id":"https:\/\/www.purejewels.com\/#organization"},"potentialAction":[{"@type":"SearchAction","target":{"@type":"EntryPoint","urlTemplate":"https:\/\/www.purejewels.com\/?s={search_term_string}"},"query-input":{"@type":"PropertyValueSpecification","valueRequired":true,"valueName":"search_term_string"}}],"inLanguage":"de"},{"@type":"Organization","@id":"https:\/\/www.purejewels.com\/#organization","name":"PureJewels UK","url":"https:\/\/www.purejewels.com\/","logo":{"@type":"ImageObject","inLanguage":"de","@id":"https:\/\/www.purejewels.com\/#\/schema\/logo\/image\/","url":"https:\/\/static.purejewels.com\/wp-content\/uploads\/2020\/11\/Logo-PJ-New-1.png","contentUrl":"https:\/\/static.purejewels.com\/wp-content\/uploads\/2020\/11\/Logo-PJ-New-1.png","width":150,"height":80,"caption":"PureJewels UK"},"image":{"@id":"https:\/\/www.purejewels.com\/#\/schema\/logo\/image\/"}}]}},"_links":{"self":[{"href":"https:\/\/www.purejewels.com\/de\/wp-json\/wp\/v2\/product\/348731","targetHints":{"allow":["GET"]}}],"collection":[{"href":"https:\/\/www.purejewels.com\/de\/wp-json\/wp\/v2\/product"}],"about":[{"href":"https:\/\/www.purejewels.com\/de\/wp-json\/wp\/v2\/types\/product"}],"replies":[{"embeddable":true,"href":"https:\/\/www.purejewels.com\/de\/wp-json\/wp\/v2\/comments?post=348731"}],"version-history":[{"count":4,"href":"https:\/\/www.purejewels.com\/de\/wp-json\/wp\/v2\/product\/348731\/revisions"}],"predecessor-version":[{"id":427782,"href":"https:\/\/www.purejewels.com\/de\/wp-json\/wp\/v2\/product\/348731\/revisions\/427782"}],"wp:featuredmedia":[{"embeddable":true,"href":"https:\/\/www.purejewels.com\/de\/wp-json\/wp\/v2\/media\/348733"}],"wp:attachment":[{"href":"https:\/\/www.purejewels.com\/de\/wp-json\/wp\/v2\/media?parent=348731"}],"wp:term":[{"taxonomy":"product_brand","embeddable":true,"href":"https:\/\/www.purejewels.com\/de\/wp-json\/wp\/v2\/product_brand?post=348731"},{"taxonomy":"product_cat","embeddable":true,"href":"https:\/\/www.purejewels.com\/de\/wp-json\/wp\/v2\/product_cat?post=348731"},{"taxonomy":"product_tag","embeddable":true,"href":"https:\/\/www.purejewels.com\/de\/wp-json\/wp\/v2\/product_tag?post=348731"}],"curies":[{"name":"wp","href":"https:\/\/api.w.org\/{rel}","templated":true}]}}