{"id":3488,"date":"2017-07-19T13:13:57","date_gmt":"2017-07-19T12:13:57","guid":{"rendered":"http:\/\/new.purejewels.com\/product\/floralia-cocktail-ring\/"},"modified":"2022-12-13T05:34:21","modified_gmt":"2022-12-13T05:34:21","slug":"floralia-cocktail-ring","status":"publish","type":"product","link":"https:\/\/www.purejewels.com\/de\/product\/floralia-cocktail-ring\/","title":{"rendered":"Floralia Cocktail Ring"},"content":{"rendered":"<p>SKU 16410<\/p>","protected":false},"excerpt":{"rendered":"<ul>\n<li>18 Karat Wei\u00dfgold<\/li>\n<li>Diamanten 0,46cts<\/li>\n<li>Aquamarine 5.55cts<\/li>\n<li>Kann in rosa Turmalin, gr\u00fcnem Turmalin und Morganit hergestellt werden<\/li>\n<\/ul>\n<p>&nbsp;<\/p>\n<p><strong>Wei\u00dfgold-Cocktailring Floralia<br \/>\n<\/strong>Machen Sie sich keine Sorgen wegen Ihres bevorstehenden Geburtstags oder besonderen Ereignisses... g\u00f6nnen Sie sich stattdessen ein sch\u00f6nes Geschenk f\u00fcr sich selbst.  Wenn Sie auf der Suche nach etwas ganz Besonderem sind, wie w\u00e4re es damit?  Der Star unseres\u00a0<em>Floralia<\/em>\u00a0Kollektion steht dieser Wei\u00dfgold-Cocktailring \u00fcberall im Mittelpunkt.<\/p>\n<p>Er ist mit einem atemberaubenden 5,5-kar\u00e4tigen Stein besetzt und auf allen vier Schultern mit Diamanten best\u00e4ubt.  Sie k\u00f6nnten sich auch f\u00fcr einen kleineren Stein oder weniger Diamanten entscheiden, aber unser Designteam hat dieses Schmuckst\u00fcck als Protzst\u00fcck entworfen.  Da ist nichts Bescheidenes dabei.<\/p>\n<p>Wenn Sie also bereit sind, sich herauszuputzen und absolut glamour\u00f6s zu sein, legen Sie die\u00a0<em>Floralia<\/em>\u00a0Cocktailring an Ihrem Finger.  Sie werden von allen beneidet werden.<\/p>\n<p><strong>Floralia von PureJewels<br \/>\n<\/strong><em>Floralia\u00a0<\/em>ist inspiriert von einem Spaziergang durch einen indischen Garten mit duftendem Jasmin und geheimen G\u00e4ngen.  Seine romantische Ausstrahlung wird durch den vertr\u00e4umten Aquamarin unterstrichen - Sie k\u00f6nnen aber auch einen anderen Stein f\u00fcr Ihren Schmuck w\u00e4hlen.\u00a0<em>Floralia<\/em>\u00a0Cocktail-Ring.  Unser Juwelier kann ihn mit einem eleganten rosa Turmalin oder einem frechen gr\u00fcnen Turmalin besetzen.  Wir haben ihn auch mit einem Morganit besetzt - eine sehr elegante Wahl mit der Farbe von Ros\u00e9-Champagner.<\/p>\n<p>PureJewels stellt seit \u00fcber 40 Jahren in der Green Street in London indisch inspirierten Schmuck her.  Heute produziert unser vielseitiges Designteam saisonale Editionen, einige modern, andere fest in der Tradition verwurzelt.<\/p>\n<p><em>Floralia<\/em>\u00a0ist eine schicke, moderne Kollektion mit romantischen Noten.  Sie ist ein wundersch\u00f6nes Brautschmuckset - und kann mit St\u00fccken aus der\u00a0<em>Wildblumen<\/em>\u00a0und\u00a0<em>Liana<\/em>\u00a0Kollektionen.  W\u00e4hlen Sie Ihren Lieblingsstein oder eine andere Farbe f\u00fcr jedes St\u00fcck, um ein wirklich einzigartiges Set zu kreieren.<\/p>\n<p>Wenn Sie Fragen haben, rufen Sie uns einfach an oder \u00f6ffnen Sie den Live Chat.<\/p>","protected":false},"featured_media":315633,"comment_status":"closed","ping_status":"closed","template":"","meta":{"_eb_attr":"","_crsspst_to_jayantr4sg-hostcom":false},"product_brand":[],"product_cat":[1679,236,1796,253,1229,1537],"product_tag":[],"class_list":{"0":"post-3488","1":"product","2":"type-product","3":"status-publish","4":"has-post-thumbnail","6":"product_cat-18ct-gold-rings","7":"product_cat-collections","8":"product_cat-diamond-rings","9":"product_cat-floralia-collections","10":"product_cat-22ct-gold-jewellery","11":"product_cat-white-gold-jewellery-set","13":"first","14":"outofstock","15":"product-type-simple","16":"add-to-wishlist-before_image"},"yoast_head":"<!-- This site is optimized with the Yoast SEO plugin v27.5 - https:\/\/yoast.com\/product\/yoast-seo-wordpress\/ -->\n<title>Floralia Cocktail Ring - PureJewels UK<\/title>\n<meta name=\"robots\" content=\"index, follow, max-snippet:-1, max-image-preview:large, max-video-preview:-1\" \/>\n<link rel=\"canonical\" href=\"https:\/\/www.purejewels.com\/de\/produkt-2\/floralia-cocktail-ring\/\" \/>\n<meta property=\"og:locale\" content=\"de_DE\" \/>\n<meta property=\"og:type\" content=\"article\" \/>\n<meta property=\"og:title\" content=\"Floralia Cocktail Ring - PureJewels UK\" \/>\n<meta property=\"og:description\" content=\"18ct white gold  Diamonds 0.46cts  Aquamarines 5.55cts  Can be created in pink tourmaline, green tourmaline and morganite  &nbsp;  Floralia white gold cocktail ring Don\u2019t feel apprehensive about your forthcoming birthday or special event\u2026 indulge in a beautiful present to yourself instead.\u00a0 If you\u2019re looking for something really special, how\u2019s this?\u00a0 The star of our\u00a0Floralia\u00a0collection, this white gold cocktail ring takes centre stage, wherever it goes.  It\u2019s set with a breathtaking 5.5ct stone and dramatically dusted with diamonds along all four shoulders.\u00a0 You could opt for a smaller stone or fewer diamonds, but our design team created this as a show-off piece.\u00a0 There\u2019s nothing modest about it.  So when you\u2019re ready to dress up and be absolutely glamorous, put the\u00a0Floralia\u00a0cocktail ring on your finger.\u00a0 You\u2019ll be the envy of everyone.  Floralia by PureJewels Floralia\u00a0is inspired by a walk in an Indian garden, filled with scented jasmine and secret doorways.\u00a0 Its romantic allure is complimented by dreamy aquamarine \u2013 but you can choose a different stone for your\u00a0Floralia\u00a0cocktail ring.\u00a0 Our jeweller can set it with an elegant pink tourmaline or a sassy green tourmaline.\u00a0 We\u2019ve also set it with morganite \u2013 a very sophisticated choice with the colour of rose champagne.  PureJewels has been creating Indian-inspired jewellery from Green Street, London, for over 40 years.\u00a0 Today our diverse design team produces seasonal editions, some contemporary, some firmly rooted in tradition.  Floralia\u00a0is a chic, modern collection with romantic notes.\u00a0 It makes a beautiful bridal jewellery set \u2013 and can be mingled with pieces from the\u00a0Wildflower\u00a0and\u00a0Liana\u00a0collections.\u00a0 Choose your favourite stone, or a different colour for every piece, to create a really unique set.  If you have any questions, just give us a call, or open Live Chat.\" \/>\n<meta property=\"og:url\" content=\"https:\/\/www.purejewels.com\/de\/produkt-2\/floralia-cocktail-ring\/\" \/>\n<meta property=\"og:site_name\" content=\"PureJewels UK\" \/>\n<meta property=\"article:modified_time\" content=\"2022-12-13T05:34:21+00:00\" \/>\n<meta property=\"og:image\" content=\"https:\/\/www.purejewels.com\/wp-content\/uploads\/2020\/07\/137217116.jpg\" \/>\n\t<meta property=\"og:image:width\" content=\"960\" \/>\n\t<meta property=\"og:image:height\" content=\"960\" \/>\n\t<meta property=\"og:image:type\" content=\"image\/jpeg\" \/>\n<meta name=\"twitter:card\" content=\"summary_large_image\" \/>\n<meta name=\"twitter:label1\" content=\"Gesch\u00e4tzte Lesezeit\" \/>\n\t<meta name=\"twitter:data1\" content=\"1\u00a0Minute\" \/>\n<script type=\"application\/ld+json\" class=\"yoast-schema-graph\">{\"@context\":\"https:\\\/\\\/schema.org\",\"@graph\":[{\"@type\":[\"WebPage\",\"ItemPage\"],\"@id\":\"https:\\\/\\\/www.purejewels.com\\\/product\\\/floralia-cocktail-ring\\\/\",\"url\":\"https:\\\/\\\/www.purejewels.com\\\/product\\\/floralia-cocktail-ring\\\/\",\"name\":\"Floralia Cocktail Ring - PureJewels UK\",\"isPartOf\":{\"@id\":\"https:\\\/\\\/www.purejewels.com\\\/#website\"},\"primaryImageOfPage\":{\"@id\":\"https:\\\/\\\/www.purejewels.com\\\/product\\\/floralia-cocktail-ring\\\/#primaryimage\"},\"image\":{\"@id\":\"https:\\\/\\\/www.purejewels.com\\\/product\\\/floralia-cocktail-ring\\\/#primaryimage\"},\"thumbnailUrl\":\"https:\\\/\\\/static.purejewels.com\\\/wp-content\\\/uploads\\\/2020\\\/07\\\/137217116.jpg\",\"datePublished\":\"2017-07-19T12:13:57+00:00\",\"dateModified\":\"2022-12-13T05:34:21+00:00\",\"breadcrumb\":{\"@id\":\"https:\\\/\\\/www.purejewels.com\\\/product\\\/floralia-cocktail-ring\\\/#breadcrumb\"},\"inLanguage\":\"de\",\"potentialAction\":[{\"@type\":\"ReadAction\",\"target\":[\"https:\\\/\\\/www.purejewels.com\\\/product\\\/floralia-cocktail-ring\\\/\"]}]},{\"@type\":\"ImageObject\",\"inLanguage\":\"de\",\"@id\":\"https:\\\/\\\/www.purejewels.com\\\/product\\\/floralia-cocktail-ring\\\/#primaryimage\",\"url\":\"https:\\\/\\\/static.purejewels.com\\\/wp-content\\\/uploads\\\/2020\\\/07\\\/137217116.jpg\",\"contentUrl\":\"https:\\\/\\\/static.purejewels.com\\\/wp-content\\\/uploads\\\/2020\\\/07\\\/137217116.jpg\",\"width\":960,\"height\":960,\"caption\":\"18ct white goldDiamonds 0.46ctsAquamarines 5.55ctsCan be created in pink tourmaline, green tourmaline and morganite&nbsp;Floralia white gold cocktail ringDon\u2019t feel apprehensive about your forthcoming birthday or special event\u2026 indulge in a beautiful present to yourself instead.\u00a0 If you\u2019re looking for something really special, how\u2019s this?\u00a0 The star of our Floralia collection, this white gold cocktail ring takes centre stage, wherever it goes.It\u2019s set with a breathtaking 5.5ct stone and dramatically dusted with diamonds along all four shoulders.\u00a0 You could opt for a smaller stone or fewer diamonds, but our design team created this as a show-off piece.\u00a0 There\u2019s nothing modest about it.So when you\u2019re ready to dress up and be absolutely glamorous, put the Floralia cocktail ring on your finger.\u00a0 You\u2019ll be the envy of everyone.Floralia by PureJewelsFloralia is inspired by a walk in an Indian garden, filled with scented jasmine and secret doorways.\u00a0 Its romantic allure is complimented by dreamy aquamarine \u2013 but you can choose a different stone for your Floralia cocktail ring.\u00a0 Our jeweller can set it with an elegant pink tourmaline or a sassy green tourmaline.\u00a0 We\u2019ve also set it with morganite \u2013 a very sophisticated choice with the colour of rose champagne.PureJewels has been creating Indian-inspired jewellery from Green Street, London, for over 40 years.\u00a0 Today our diverse design team produces seasonal editions, some contemporary, some firmly rooted in tradition.Floralia is a chic, modern collection with romantic notes.\u00a0 It makes a beautiful bridal jewellery set \u2013 and can be mingled with pieces from the Wildflower and Liana collections.\u00a0 Choose your favourite stone, or a different colour for every piece, to create a really unique set.If you have any questions, just give us a call, or open Live Chat.\"},{\"@type\":\"BreadcrumbList\",\"@id\":\"https:\\\/\\\/www.purejewels.com\\\/product\\\/floralia-cocktail-ring\\\/#breadcrumb\",\"itemListElement\":[{\"@type\":\"ListItem\",\"position\":1,\"name\":\"Home\",\"item\":\"https:\\\/\\\/www.purejewels.com\\\/\"},{\"@type\":\"ListItem\",\"position\":2,\"name\":\"Shop\",\"item\":\"https:\\\/\\\/www.purejewels.com\\\/shop\\\/\"},{\"@type\":\"ListItem\",\"position\":3,\"name\":\"Floralia Cocktail Ring\"}]},{\"@type\":\"WebSite\",\"@id\":\"https:\\\/\\\/www.purejewels.com\\\/#website\",\"url\":\"https:\\\/\\\/www.purejewels.com\\\/\",\"name\":\"PureJewels UK\",\"description\":\"Share the Love\",\"publisher\":{\"@id\":\"https:\\\/\\\/www.purejewels.com\\\/#organization\"},\"potentialAction\":[{\"@type\":\"SearchAction\",\"target\":{\"@type\":\"EntryPoint\",\"urlTemplate\":\"https:\\\/\\\/www.purejewels.com\\\/?s={search_term_string}\"},\"query-input\":{\"@type\":\"PropertyValueSpecification\",\"valueRequired\":true,\"valueName\":\"search_term_string\"}}],\"inLanguage\":\"de\"},{\"@type\":\"Organization\",\"@id\":\"https:\\\/\\\/www.purejewels.com\\\/#organization\",\"name\":\"PureJewels UK\",\"url\":\"https:\\\/\\\/www.purejewels.com\\\/\",\"logo\":{\"@type\":\"ImageObject\",\"inLanguage\":\"de\",\"@id\":\"https:\\\/\\\/www.purejewels.com\\\/#\\\/schema\\\/logo\\\/image\\\/\",\"url\":\"https:\\\/\\\/static.purejewels.com\\\/wp-content\\\/uploads\\\/2020\\\/11\\\/Logo-PJ-New-1.png\",\"contentUrl\":\"https:\\\/\\\/static.purejewels.com\\\/wp-content\\\/uploads\\\/2020\\\/11\\\/Logo-PJ-New-1.png\",\"width\":150,\"height\":80,\"caption\":\"PureJewels UK\"},\"image\":{\"@id\":\"https:\\\/\\\/www.purejewels.com\\\/#\\\/schema\\\/logo\\\/image\\\/\"}}]}<\/script>\n<!-- \/ Yoast SEO plugin. -->","yoast_head_json":{"title":"Floralia Cocktail Ring - PureJewels UK","robots":{"index":"index","follow":"follow","max-snippet":"max-snippet:-1","max-image-preview":"max-image-preview:large","max-video-preview":"max-video-preview:-1"},"canonical":"https:\/\/www.purejewels.com\/de\/produkt-2\/floralia-cocktail-ring\/","og_locale":"de_DE","og_type":"article","og_title":"Floralia Cocktail Ring - PureJewels UK","og_description":"18ct white gold  Diamonds 0.46cts  Aquamarines 5.55cts  Can be created in pink tourmaline, green tourmaline and morganite  &nbsp;  Floralia white gold cocktail ring Don\u2019t feel apprehensive about your forthcoming birthday or special event\u2026 indulge in a beautiful present to yourself instead.\u00a0 If you\u2019re looking for something really special, how\u2019s this?\u00a0 The star of our\u00a0Floralia\u00a0collection, this white gold cocktail ring takes centre stage, wherever it goes.  It\u2019s set with a breathtaking 5.5ct stone and dramatically dusted with diamonds along all four shoulders.\u00a0 You could opt for a smaller stone or fewer diamonds, but our design team created this as a show-off piece.\u00a0 There\u2019s nothing modest about it.  So when you\u2019re ready to dress up and be absolutely glamorous, put the\u00a0Floralia\u00a0cocktail ring on your finger.\u00a0 You\u2019ll be the envy of everyone.  Floralia by PureJewels Floralia\u00a0is inspired by a walk in an Indian garden, filled with scented jasmine and secret doorways.\u00a0 Its romantic allure is complimented by dreamy aquamarine \u2013 but you can choose a different stone for your\u00a0Floralia\u00a0cocktail ring.\u00a0 Our jeweller can set it with an elegant pink tourmaline or a sassy green tourmaline.\u00a0 We\u2019ve also set it with morganite \u2013 a very sophisticated choice with the colour of rose champagne.  PureJewels has been creating Indian-inspired jewellery from Green Street, London, for over 40 years.\u00a0 Today our diverse design team produces seasonal editions, some contemporary, some firmly rooted in tradition.  Floralia\u00a0is a chic, modern collection with romantic notes.\u00a0 It makes a beautiful bridal jewellery set \u2013 and can be mingled with pieces from the\u00a0Wildflower\u00a0and\u00a0Liana\u00a0collections.\u00a0 Choose your favourite stone, or a different colour for every piece, to create a really unique set.  If you have any questions, just give us a call, or open Live Chat.","og_url":"https:\/\/www.purejewels.com\/de\/produkt-2\/floralia-cocktail-ring\/","og_site_name":"PureJewels UK","article_modified_time":"2022-12-13T05:34:21+00:00","og_image":[{"width":960,"height":960,"url":"https:\/\/www.purejewels.com\/wp-content\/uploads\/2020\/07\/137217116.jpg","type":"image\/jpeg"}],"twitter_card":"summary_large_image","twitter_misc":{"Gesch\u00e4tzte Lesezeit":"1\u00a0Minute"},"schema":{"@context":"https:\/\/schema.org","@graph":[{"@type":["WebPage","ItemPage"],"@id":"https:\/\/www.purejewels.com\/product\/floralia-cocktail-ring\/","url":"https:\/\/www.purejewels.com\/product\/floralia-cocktail-ring\/","name":"Floralia Cocktail Ring - PureJewels UK","isPartOf":{"@id":"https:\/\/www.purejewels.com\/#website"},"primaryImageOfPage":{"@id":"https:\/\/www.purejewels.com\/product\/floralia-cocktail-ring\/#primaryimage"},"image":{"@id":"https:\/\/www.purejewels.com\/product\/floralia-cocktail-ring\/#primaryimage"},"thumbnailUrl":"https:\/\/static.purejewels.com\/wp-content\/uploads\/2020\/07\/137217116.jpg","datePublished":"2017-07-19T12:13:57+00:00","dateModified":"2022-12-13T05:34:21+00:00","breadcrumb":{"@id":"https:\/\/www.purejewels.com\/product\/floralia-cocktail-ring\/#breadcrumb"},"inLanguage":"de","potentialAction":[{"@type":"ReadAction","target":["https:\/\/www.purejewels.com\/product\/floralia-cocktail-ring\/"]}]},{"@type":"ImageObject","inLanguage":"de","@id":"https:\/\/www.purejewels.com\/product\/floralia-cocktail-ring\/#primaryimage","url":"https:\/\/static.purejewels.com\/wp-content\/uploads\/2020\/07\/137217116.jpg","contentUrl":"https:\/\/static.purejewels.com\/wp-content\/uploads\/2020\/07\/137217116.jpg","width":960,"height":960,"caption":"18ct white goldDiamonds 0.46ctsAquamarines 5.55ctsCan be created in pink tourmaline, green tourmaline and morganite&nbsp;Floralia white gold cocktail ringDon\u2019t feel apprehensive about your forthcoming birthday or special event\u2026 indulge in a beautiful present to yourself instead.\u00a0 If you\u2019re looking for something really special, how\u2019s this?\u00a0 The star of our Floralia collection, this white gold cocktail ring takes centre stage, wherever it goes.It\u2019s set with a breathtaking 5.5ct stone and dramatically dusted with diamonds along all four shoulders.\u00a0 You could opt for a smaller stone or fewer diamonds, but our design team created this as a show-off piece.\u00a0 There\u2019s nothing modest about it.So when you\u2019re ready to dress up and be absolutely glamorous, put the Floralia cocktail ring on your finger.\u00a0 You\u2019ll be the envy of everyone.Floralia by PureJewelsFloralia is inspired by a walk in an Indian garden, filled with scented jasmine and secret doorways.\u00a0 Its romantic allure is complimented by dreamy aquamarine \u2013 but you can choose a different stone for your Floralia cocktail ring.\u00a0 Our jeweller can set it with an elegant pink tourmaline or a sassy green tourmaline.\u00a0 We\u2019ve also set it with morganite \u2013 a very sophisticated choice with the colour of rose champagne.PureJewels has been creating Indian-inspired jewellery from Green Street, London, for over 40 years.\u00a0 Today our diverse design team produces seasonal editions, some contemporary, some firmly rooted in tradition.Floralia is a chic, modern collection with romantic notes.\u00a0 It makes a beautiful bridal jewellery set \u2013 and can be mingled with pieces from the Wildflower and Liana collections.\u00a0 Choose your favourite stone, or a different colour for every piece, to create a really unique set.If you have any questions, just give us a call, or open Live Chat."},{"@type":"BreadcrumbList","@id":"https:\/\/www.purejewels.com\/product\/floralia-cocktail-ring\/#breadcrumb","itemListElement":[{"@type":"ListItem","position":1,"name":"Home","item":"https:\/\/www.purejewels.com\/"},{"@type":"ListItem","position":2,"name":"Shop","item":"https:\/\/www.purejewels.com\/shop\/"},{"@type":"ListItem","position":3,"name":"Floralia Cocktail Ring"}]},{"@type":"WebSite","@id":"https:\/\/www.purejewels.com\/#website","url":"https:\/\/www.purejewels.com\/","name":"PureJewels UK","description":"Teile die Liebe","publisher":{"@id":"https:\/\/www.purejewels.com\/#organization"},"potentialAction":[{"@type":"SearchAction","target":{"@type":"EntryPoint","urlTemplate":"https:\/\/www.purejewels.com\/?s={search_term_string}"},"query-input":{"@type":"PropertyValueSpecification","valueRequired":true,"valueName":"search_term_string"}}],"inLanguage":"de"},{"@type":"Organization","@id":"https:\/\/www.purejewels.com\/#organization","name":"PureJewels UK","url":"https:\/\/www.purejewels.com\/","logo":{"@type":"ImageObject","inLanguage":"de","@id":"https:\/\/www.purejewels.com\/#\/schema\/logo\/image\/","url":"https:\/\/static.purejewels.com\/wp-content\/uploads\/2020\/11\/Logo-PJ-New-1.png","contentUrl":"https:\/\/static.purejewels.com\/wp-content\/uploads\/2020\/11\/Logo-PJ-New-1.png","width":150,"height":80,"caption":"PureJewels UK"},"image":{"@id":"https:\/\/www.purejewels.com\/#\/schema\/logo\/image\/"}}]}},"_links":{"self":[{"href":"https:\/\/www.purejewels.com\/de\/wp-json\/wp\/v2\/product\/3488","targetHints":{"allow":["GET"]}}],"collection":[{"href":"https:\/\/www.purejewels.com\/de\/wp-json\/wp\/v2\/product"}],"about":[{"href":"https:\/\/www.purejewels.com\/de\/wp-json\/wp\/v2\/types\/product"}],"replies":[{"embeddable":true,"href":"https:\/\/www.purejewels.com\/de\/wp-json\/wp\/v2\/comments?post=3488"}],"version-history":[{"count":0,"href":"https:\/\/www.purejewels.com\/de\/wp-json\/wp\/v2\/product\/3488\/revisions"}],"wp:featuredmedia":[{"embeddable":true,"href":"https:\/\/www.purejewels.com\/de\/wp-json\/wp\/v2\/media\/315633"}],"wp:attachment":[{"href":"https:\/\/www.purejewels.com\/de\/wp-json\/wp\/v2\/media?parent=3488"}],"wp:term":[{"taxonomy":"product_brand","embeddable":true,"href":"https:\/\/www.purejewels.com\/de\/wp-json\/wp\/v2\/product_brand?post=3488"},{"taxonomy":"product_cat","embeddable":true,"href":"https:\/\/www.purejewels.com\/de\/wp-json\/wp\/v2\/product_cat?post=3488"},{"taxonomy":"product_tag","embeddable":true,"href":"https:\/\/www.purejewels.com\/de\/wp-json\/wp\/v2\/product_tag?post=3488"}],"curies":[{"name":"wp","href":"https:\/\/api.w.org\/{rel}","templated":true}]}}