{"id":348858,"date":"2023-07-18T12:26:22","date_gmt":"2023-07-18T11:26:22","guid":{"rendered":"https:\/\/www.purejewels.com\/?post_type=product&#038;p=348858"},"modified":"2025-11-10T06:23:42","modified_gmt":"2025-11-10T06:23:42","slug":"ehering-aus-24-karat-gold-fur-herren-42896-1","status":"publish","type":"product","link":"https:\/\/www.purejewels.com\/de\/product\/24ct-gold-gents-wedding-band-42896-1\/","title":{"rendered":"24ct Gold Herren Ehering | Gr\u00f6\u00dfe R"},"content":{"rendered":"<p>Unser exquisiter Ehering f\u00fcr Herren aus 24 Karat Gold ist ein Symbol f\u00fcr Luxus und Eleganz. Mit Pr\u00e4zision und Sorgfalt gefertigt, ist dieser schlichte Ring die perfekte Wahl f\u00fcr den modernen Mann, der feine Handwerkskunst und zeitlosen Stil zu sch\u00e4tzen wei\u00df.<\/p>\n<p>Dieses atemberaubende St\u00fcck wiegt zwischen 11 und 11,5 Gramm und ist in allen Gr\u00f6\u00dfen erh\u00e4ltlich, um eine perfekte Passform zu gew\u00e4hrleisten. Jeder Ring wird auf Bestellung gefertigt, sodass Sie ihn an Ihre Fingergr\u00f6\u00dfe anpassen k\u00f6nnen.<\/p>\n<p>Mit dem Punzierungszeichen des renommierten London Assay Office k\u00f6nnen Sie sich auf die Qualit\u00e4t und Echtheit unserer Produkte verlassen. Ihr Ring wird in einer sch\u00f6nen Pr\u00e4sentationsbox geliefert, die sich ideal zum Verschenken oder Aufbewahren eignet.<\/p>\n<p>Ganz gleich, ob Sie einen Ehering oder ein Statement-St\u00fcck suchen, dieser Ring aus 24 Karat Gold ist ein echter Hingucker und hinterl\u00e4sst einen bleibenden Eindruck. Entdecken Sie unsere Kollektion an Herrenringen aus massivem Gold <a href=\"https:\/\/www.purejewels.com\/de\/product-category\/22ct-gold-jewellery\/gold-rings\/\">Ringe<\/a> und verbessern Sie noch heute Ihren Stil.<\/p>","protected":false},"excerpt":{"rendered":"<ul>\n<li>24ct Gold Herren Ehering<\/li>\n<li>Wt. 11 - 11,5 g<\/li>\n<li>Ringgr\u00f6\u00dfe. Verf\u00fcgbar in allen Gr\u00f6\u00dfen<\/li>\n<li><span id=\"urn:enhancement-b80a25bb\" class=\"textannotation\">SKU: 42896-1<\/span><\/li>\n<li>Geschlecht: M\u00e4nnlich<\/li>\n<li>Lieferung: 4 Wochen Lieferung<\/li>\n<li>Kann sein\u00a0<span id=\"urn:enhancement-c1b7fb96\" class=\"textannotation\">auf Bestellung gefertigt<\/span>\u00a0auf Ihre Fingergr\u00f6\u00dfe<\/li>\n<li>Alle unsere\u00a0<span id=\"urn:enhancement-48edcf47\" class=\"textannotation\">Produkte<\/span>\u00a0werden von London gestempelt\u00a0<span id=\"urn:enhancement-452a3ce\" class=\"textannotation\">Pr\u00fcfstelle<\/span><\/li>\n<li>Mit einer Pr\u00e4sentation <span id=\"urn:enhancement-ac5abee4\" class=\"textannotation\">Box<\/span><\/li>\n<li>Lieferung inbegriffen<\/li>\n<li>Alle Preise inklusive Mehrwertsteuer<\/li>\n<li>Kontaktieren Sie uns, um die Kollektion der Ringe aus massivem Gold f\u00fcr M\u00e4nner zu entdecken<\/li>\n<\/ul>","protected":false},"featured_media":338625,"comment_status":"closed","ping_status":"closed","template":"","meta":{"_eb_attr":"","_crsspst_to_jayantr4sg-hostcom":false},"product_brand":[],"product_cat":[5617,1229,226],"product_tag":[1836,64],"class_list":{"0":"post-348858","1":"product","2":"type-product","3":"status-publish","4":"has-post-thumbnail","6":"product_cat-24ct-gold-jewellery","7":"product_cat-22ct-gold-jewellery","8":"product_cat-wedding-rings-bands","9":"product_tag-24ct-gold","10":"product_tag-rings","12":"first","13":"outofstock","14":"taxable","15":"shipping-taxable","16":"product-type-simple","17":"add-to-wishlist-before_image"},"yoast_head":"<!-- This site is optimized with the Yoast SEO plugin v27.4 - https:\/\/yoast.com\/product\/yoast-seo-wordpress\/ -->\n<title>24ct Gold Gents Wedding Band | 24 carat gold plain ring<\/title>\n<meta name=\"description\" content=\"Discover everlasting sophistication with our 24ct gold gents wedding band. Order online for timeless elegance. Limited stock. Shop now .\" \/>\n<meta name=\"robots\" content=\"index, follow, max-snippet:-1, max-image-preview:large, max-video-preview:-1\" \/>\n<link rel=\"canonical\" href=\"https:\/\/www.purejewels.com\/de\/produkt-2\/ehering-aus-24-karat-gold-fur-herren-42896-1\/\" \/>\n<meta property=\"og:locale\" content=\"de_DE\" \/>\n<meta property=\"og:type\" content=\"article\" \/>\n<meta property=\"og:title\" content=\"24ct Gold Gents Wedding Band | 24 carat gold plain ring\" \/>\n<meta property=\"og:description\" content=\"Discover everlasting sophistication with our 24ct gold gents wedding band. Order online for timeless elegance. Limited stock. Shop now .\" \/>\n<meta property=\"og:url\" content=\"https:\/\/www.purejewels.com\/de\/produkt-2\/ehering-aus-24-karat-gold-fur-herren-42896-1\/\" \/>\n<meta property=\"og:site_name\" content=\"PureJewels UK\" \/>\n<meta property=\"article:modified_time\" content=\"2025-11-10T06:23:42+00:00\" \/>\n<meta property=\"og:image\" content=\"https:\/\/www.purejewels.com\/wp-content\/uploads\/2022\/09\/42895-42935-42937-42934-42896-1.jpg\" \/>\n\t<meta property=\"og:image:width\" content=\"1000\" \/>\n\t<meta property=\"og:image:height\" content=\"1000\" \/>\n\t<meta property=\"og:image:type\" content=\"image\/jpeg\" \/>\n<meta name=\"twitter:card\" content=\"summary_large_image\" \/>\n<meta name=\"twitter:label1\" content=\"Gesch\u00e4tzte Lesezeit\" \/>\n\t<meta name=\"twitter:data1\" content=\"1\u00a0Minute\" \/>\n<script type=\"application\/ld+json\" class=\"yoast-schema-graph\">{\"@context\":\"https:\\\/\\\/schema.org\",\"@graph\":[{\"@type\":[\"WebPage\",\"ItemPage\"],\"@id\":\"https:\\\/\\\/www.purejewels.com\\\/product\\\/24ct-gold-gents-wedding-band-42896-1\\\/\",\"url\":\"https:\\\/\\\/www.purejewels.com\\\/product\\\/24ct-gold-gents-wedding-band-42896-1\\\/\",\"name\":\"24ct Gold Gents Wedding Band | 24 carat gold plain ring\",\"isPartOf\":{\"@id\":\"https:\\\/\\\/www.purejewels.com\\\/#website\"},\"primaryImageOfPage\":{\"@id\":\"https:\\\/\\\/www.purejewels.com\\\/product\\\/24ct-gold-gents-wedding-band-42896-1\\\/#primaryimage\"},\"image\":{\"@id\":\"https:\\\/\\\/www.purejewels.com\\\/product\\\/24ct-gold-gents-wedding-band-42896-1\\\/#primaryimage\"},\"thumbnailUrl\":\"https:\\\/\\\/static.purejewels.com\\\/wp-content\\\/uploads\\\/2022\\\/09\\\/42895-42935-42937-42934-42896-1.jpg\",\"datePublished\":\"2023-07-18T11:26:22+00:00\",\"dateModified\":\"2025-11-10T06:23:42+00:00\",\"description\":\"Discover everlasting sophistication with our 24ct gold gents wedding band. Order online for timeless elegance. Limited stock. Shop now .\",\"breadcrumb\":{\"@id\":\"https:\\\/\\\/www.purejewels.com\\\/product\\\/24ct-gold-gents-wedding-band-42896-1\\\/#breadcrumb\"},\"inLanguage\":\"de\",\"potentialAction\":[{\"@type\":\"ReadAction\",\"target\":[\"https:\\\/\\\/www.purejewels.com\\\/product\\\/24ct-gold-gents-wedding-band-42896-1\\\/\"]}]},{\"@type\":\"ImageObject\",\"inLanguage\":\"de\",\"@id\":\"https:\\\/\\\/www.purejewels.com\\\/product\\\/24ct-gold-gents-wedding-band-42896-1\\\/#primaryimage\",\"url\":\"https:\\\/\\\/static.purejewels.com\\\/wp-content\\\/uploads\\\/2022\\\/09\\\/42895-42935-42937-42934-42896-1.jpg\",\"contentUrl\":\"https:\\\/\\\/static.purejewels.com\\\/wp-content\\\/uploads\\\/2022\\\/09\\\/42895-42935-42937-42934-42896-1.jpg\",\"width\":1000,\"height\":1000},{\"@type\":\"BreadcrumbList\",\"@id\":\"https:\\\/\\\/www.purejewels.com\\\/product\\\/24ct-gold-gents-wedding-band-42896-1\\\/#breadcrumb\",\"itemListElement\":[{\"@type\":\"ListItem\",\"position\":1,\"name\":\"Home\",\"item\":\"https:\\\/\\\/www.purejewels.com\\\/\"},{\"@type\":\"ListItem\",\"position\":2,\"name\":\"Shop\",\"item\":\"https:\\\/\\\/www.purejewels.com\\\/shop\\\/\"},{\"@type\":\"ListItem\",\"position\":3,\"name\":\"24ct Gold Gents Wedding Band | Size R\"}]},{\"@type\":\"WebSite\",\"@id\":\"https:\\\/\\\/www.purejewels.com\\\/#website\",\"url\":\"https:\\\/\\\/www.purejewels.com\\\/\",\"name\":\"PureJewels UK\",\"description\":\"Share the Love\",\"publisher\":{\"@id\":\"https:\\\/\\\/www.purejewels.com\\\/#organization\"},\"potentialAction\":[{\"@type\":\"SearchAction\",\"target\":{\"@type\":\"EntryPoint\",\"urlTemplate\":\"https:\\\/\\\/www.purejewels.com\\\/?s={search_term_string}\"},\"query-input\":{\"@type\":\"PropertyValueSpecification\",\"valueRequired\":true,\"valueName\":\"search_term_string\"}}],\"inLanguage\":\"de\"},{\"@type\":\"Organization\",\"@id\":\"https:\\\/\\\/www.purejewels.com\\\/#organization\",\"name\":\"PureJewels UK\",\"url\":\"https:\\\/\\\/www.purejewels.com\\\/\",\"logo\":{\"@type\":\"ImageObject\",\"inLanguage\":\"de\",\"@id\":\"https:\\\/\\\/www.purejewels.com\\\/#\\\/schema\\\/logo\\\/image\\\/\",\"url\":\"https:\\\/\\\/static.purejewels.com\\\/wp-content\\\/uploads\\\/2020\\\/11\\\/Logo-PJ-New-1.png\",\"contentUrl\":\"https:\\\/\\\/static.purejewels.com\\\/wp-content\\\/uploads\\\/2020\\\/11\\\/Logo-PJ-New-1.png\",\"width\":150,\"height\":80,\"caption\":\"PureJewels UK\"},\"image\":{\"@id\":\"https:\\\/\\\/www.purejewels.com\\\/#\\\/schema\\\/logo\\\/image\\\/\"}}]}<\/script>\n<!-- \/ Yoast SEO plugin. -->","yoast_head_json":{"title":"24 Karat Gold Ehering f\u00fcr Herren | 24 Karat Gold einfacher Ring","description":"Entdecken Sie ewige Eleganz mit unserem Ehering aus 24 Karat Gold f\u00fcr Herren. Bestellen Sie online f\u00fcr zeitlose Eleganz. Begrenzter Vorrat. Jetzt einkaufen.","robots":{"index":"index","follow":"follow","max-snippet":"max-snippet:-1","max-image-preview":"max-image-preview:large","max-video-preview":"max-video-preview:-1"},"canonical":"https:\/\/www.purejewels.com\/de\/produkt-2\/ehering-aus-24-karat-gold-fur-herren-42896-1\/","og_locale":"de_DE","og_type":"article","og_title":"24ct Gold Gents Wedding Band | 24 carat gold plain ring","og_description":"Discover everlasting sophistication with our 24ct gold gents wedding band. Order online for timeless elegance. Limited stock. Shop now .","og_url":"https:\/\/www.purejewels.com\/de\/produkt-2\/ehering-aus-24-karat-gold-fur-herren-42896-1\/","og_site_name":"PureJewels UK","article_modified_time":"2025-11-10T06:23:42+00:00","og_image":[{"width":1000,"height":1000,"url":"https:\/\/www.purejewels.com\/wp-content\/uploads\/2022\/09\/42895-42935-42937-42934-42896-1.jpg","type":"image\/jpeg"}],"twitter_card":"summary_large_image","twitter_misc":{"Gesch\u00e4tzte Lesezeit":"1\u00a0Minute"},"schema":{"@context":"https:\/\/schema.org","@graph":[{"@type":["WebPage","ItemPage"],"@id":"https:\/\/www.purejewels.com\/product\/24ct-gold-gents-wedding-band-42896-1\/","url":"https:\/\/www.purejewels.com\/product\/24ct-gold-gents-wedding-band-42896-1\/","name":"24 Karat Gold Ehering f\u00fcr Herren | 24 Karat Gold einfacher Ring","isPartOf":{"@id":"https:\/\/www.purejewels.com\/#website"},"primaryImageOfPage":{"@id":"https:\/\/www.purejewels.com\/product\/24ct-gold-gents-wedding-band-42896-1\/#primaryimage"},"image":{"@id":"https:\/\/www.purejewels.com\/product\/24ct-gold-gents-wedding-band-42896-1\/#primaryimage"},"thumbnailUrl":"https:\/\/static.purejewels.com\/wp-content\/uploads\/2022\/09\/42895-42935-42937-42934-42896-1.jpg","datePublished":"2023-07-18T11:26:22+00:00","dateModified":"2025-11-10T06:23:42+00:00","description":"Entdecken Sie ewige Eleganz mit unserem Ehering aus 24 Karat Gold f\u00fcr Herren. Bestellen Sie online f\u00fcr zeitlose Eleganz. Begrenzter Vorrat. Jetzt einkaufen.","breadcrumb":{"@id":"https:\/\/www.purejewels.com\/product\/24ct-gold-gents-wedding-band-42896-1\/#breadcrumb"},"inLanguage":"de","potentialAction":[{"@type":"ReadAction","target":["https:\/\/www.purejewels.com\/product\/24ct-gold-gents-wedding-band-42896-1\/"]}]},{"@type":"ImageObject","inLanguage":"de","@id":"https:\/\/www.purejewels.com\/product\/24ct-gold-gents-wedding-band-42896-1\/#primaryimage","url":"https:\/\/static.purejewels.com\/wp-content\/uploads\/2022\/09\/42895-42935-42937-42934-42896-1.jpg","contentUrl":"https:\/\/static.purejewels.com\/wp-content\/uploads\/2022\/09\/42895-42935-42937-42934-42896-1.jpg","width":1000,"height":1000},{"@type":"BreadcrumbList","@id":"https:\/\/www.purejewels.com\/product\/24ct-gold-gents-wedding-band-42896-1\/#breadcrumb","itemListElement":[{"@type":"ListItem","position":1,"name":"Home","item":"https:\/\/www.purejewels.com\/"},{"@type":"ListItem","position":2,"name":"Shop","item":"https:\/\/www.purejewels.com\/shop\/"},{"@type":"ListItem","position":3,"name":"24ct Gold Gents Wedding Band | Size R"}]},{"@type":"WebSite","@id":"https:\/\/www.purejewels.com\/#website","url":"https:\/\/www.purejewels.com\/","name":"PureJewels UK","description":"Teile die Liebe","publisher":{"@id":"https:\/\/www.purejewels.com\/#organization"},"potentialAction":[{"@type":"SearchAction","target":{"@type":"EntryPoint","urlTemplate":"https:\/\/www.purejewels.com\/?s={search_term_string}"},"query-input":{"@type":"PropertyValueSpecification","valueRequired":true,"valueName":"search_term_string"}}],"inLanguage":"de"},{"@type":"Organization","@id":"https:\/\/www.purejewels.com\/#organization","name":"PureJewels UK","url":"https:\/\/www.purejewels.com\/","logo":{"@type":"ImageObject","inLanguage":"de","@id":"https:\/\/www.purejewels.com\/#\/schema\/logo\/image\/","url":"https:\/\/static.purejewels.com\/wp-content\/uploads\/2020\/11\/Logo-PJ-New-1.png","contentUrl":"https:\/\/static.purejewels.com\/wp-content\/uploads\/2020\/11\/Logo-PJ-New-1.png","width":150,"height":80,"caption":"PureJewels UK"},"image":{"@id":"https:\/\/www.purejewels.com\/#\/schema\/logo\/image\/"}}]}},"_links":{"self":[{"href":"https:\/\/www.purejewels.com\/de\/wp-json\/wp\/v2\/product\/348858","targetHints":{"allow":["GET"]}}],"collection":[{"href":"https:\/\/www.purejewels.com\/de\/wp-json\/wp\/v2\/product"}],"about":[{"href":"https:\/\/www.purejewels.com\/de\/wp-json\/wp\/v2\/types\/product"}],"replies":[{"embeddable":true,"href":"https:\/\/www.purejewels.com\/de\/wp-json\/wp\/v2\/comments?post=348858"}],"version-history":[{"count":3,"href":"https:\/\/www.purejewels.com\/de\/wp-json\/wp\/v2\/product\/348858\/revisions"}],"predecessor-version":[{"id":420642,"href":"https:\/\/www.purejewels.com\/de\/wp-json\/wp\/v2\/product\/348858\/revisions\/420642"}],"wp:featuredmedia":[{"embeddable":true,"href":"https:\/\/www.purejewels.com\/de\/wp-json\/wp\/v2\/media\/338625"}],"wp:attachment":[{"href":"https:\/\/www.purejewels.com\/de\/wp-json\/wp\/v2\/media?parent=348858"}],"wp:term":[{"taxonomy":"product_brand","embeddable":true,"href":"https:\/\/www.purejewels.com\/de\/wp-json\/wp\/v2\/product_brand?post=348858"},{"taxonomy":"product_cat","embeddable":true,"href":"https:\/\/www.purejewels.com\/de\/wp-json\/wp\/v2\/product_cat?post=348858"},{"taxonomy":"product_tag","embeddable":true,"href":"https:\/\/www.purejewels.com\/de\/wp-json\/wp\/v2\/product_tag?post=348858"}],"curies":[{"name":"wp","href":"https:\/\/api.w.org\/{rel}","templated":true}]}}