{"id":348862,"date":"2023-07-18T12:43:41","date_gmt":"2023-07-18T11:43:41","guid":{"rendered":"https:\/\/www.purejewels.com\/?post_type=product&#038;p=348862"},"modified":"2026-05-12T13:18:15","modified_gmt":"2026-05-12T12:18:15","slug":"einfacher-armreif-aus-24-karat-gold-42619-1","status":"publish","type":"product","link":"https:\/\/www.purejewels.com\/de\/product\/24-carat-gold-single-bangle-42619-1\/","title":{"rendered":"24 Karat Gold Single Armreif | T\u00e4gliches Tragen"},"content":{"rendered":"<p><strong>Gestaltung<\/strong><\/p>\n<p>Dieser Armreif aus 24 Karat Gold ist ein auff\u00e4lliger Ausdruck von purem Gold und verf\u00fcgt \u00fcber ein markantes Strukturmuster, das das Licht aus jedem Winkel reflektiert. Das sich wiederholende, von Diamantschliff inspirierte Motiv verleiht ihm Tiefe und Dimension, w\u00e4hrend die elegante, kreisf\u00f6rmige Silhouette erhalten bleibt. Er wurde entworfen, um ein selbstbewusstes Statement zu setzen, und verleiht dem zeitgen\u00f6ssischen Stil einen Hauch von traditioneller Opulenz.<\/p>\n<p><strong>Handwerkliches K\u00f6nnen<\/strong><\/p>\n<p>Dieser Armreif ist aus 24 Karat (999) reinem Gold handgefertigt und zelebriert Gold in seiner wertvollsten Form. Seine detailreiche Oberfl\u00e4che wurde durch fachm\u00e4nnische Handbearbeitung geschaffen und verleiht ihm eine raffinierte Haptik. Jedes St\u00fcck wird in Gro\u00dfbritannien einzeln punziert, wodurch Reinheit und Echtheit garantiert werden. Die glatte Innenseite sorgt f\u00fcr Tragekomfort und bewahrt gleichzeitig die Integrit\u00e4t des Designs.<\/p>\n<p><strong>Styling &amp; Geschenkartikel<\/strong><\/p>\n<p>Dieser Armreif eignet sich perfekt als Einzelst\u00fcck oder in Kombination mit anderen Schmuckst\u00fccken, um einen festlichen Look zu unterstreichen. Er passt wunderbar sowohl zu Saris als auch zu modernen Outfits. Als bedeutungsvolles Geschenk f\u00fcr Hochzeiten, Jubil\u00e4en und feierliche Anl\u00e4sse ist er ein wertvolles Schmuckst\u00fcck, das \u00fcber Generationen weitergegeben werden kann \u2013 ein wahres Symbol f\u00fcr Wohlstand und Tradition.<\/p>","protected":false},"excerpt":{"rendered":"<p><strong>Auf Bestellung gefertigt<\/strong><br \/>\nEin wundersch\u00f6n strukturierter Armreif aus 24 Karat Gold, dessen Reinheit in Gro\u00dfbritannien punziert ist. Ein strahlendes Statement-St\u00fcck, das f\u00fcr besondere Anl\u00e4sse und als bleibendes Verm\u00e4chtnis entworfen wurde.<\/p>\n<p>Bitte kontaktieren Sie uns \u00fcber <strong><a href=\"https:\/\/api.whatsapp.com\/send\/?phone=447384814118&amp;text=Hi%2C+I%27m+interested+in+this+product&amp;type=phone_number&amp;app_absent=0\">WhatsApp<\/a><\/strong> f\u00fcr weitere Einzelheiten.<\/p>\n<p><strong>SKU<\/strong>: 42619-1<br \/>\n<strong>Gewicht<\/strong>: 20 Gramm pro Armreif.<br \/>\n<strong>Metall<\/strong>: 24 Karat Gold<br \/>\n<strong>Armreif Gr\u00f6\u00dfe<\/strong>: 2,6 (Auf Anfrage auch in anderen Gr\u00f6\u00dfen erh\u00e4ltlich)<br \/>\n<strong>Wahrzeichen<\/strong>: Britisches G\u00fctesiegel<\/p>\n<p>Preis und Lieferung: Inklusive Mehrwertsteuer und Versandkosten<br \/>\n<a href=\"https:\/\/www.purejewels.com\/de\/ruckgabepolitik\/\">R\u00fcckgabepolitik<\/a><\/p>","protected":false},"featured_media":422474,"comment_status":"closed","ping_status":"closed","template":"","meta":{"_eb_attr":"","_crsspst_to_jayantr4sg-hostcom":false},"product_brand":[],"product_cat":[5617,1233,1229,1657],"product_tag":[1836],"class_list":{"0":"post-348862","1":"product","2":"type-product","3":"status-publish","4":"has-post-thumbnail","6":"product_cat-24ct-gold-jewellery","7":"product_cat-gold-bangles","8":"product_cat-22ct-gold-jewellery","9":"product_cat-single-bangle","10":"product_tag-24ct-gold","12":"first","13":"onbackorder","14":"taxable","15":"shipping-taxable","16":"purchasable","17":"product-type-simple","18":"add-to-wishlist-before_image"},"yoast_head":"<!-- This site is optimized with the Yoast SEO plugin v27.5 - https:\/\/yoast.com\/product\/yoast-seo-wordpress\/ -->\n<title>24 Carat Gold Single Bangle | Daily wear | PureJewels<\/title>\n<meta name=\"description\" content=\"Elevate your style with our exquisite 24 carat gold single bangle. Order online for a touch of luxury. Limited availability, don&#039;t miss out! Shop now.\" \/>\n<meta name=\"robots\" content=\"index, follow, max-snippet:-1, max-image-preview:large, max-video-preview:-1\" \/>\n<link rel=\"canonical\" href=\"https:\/\/www.purejewels.com\/de\/produkt-2\/einfacher-armreif-aus-24-karat-gold-42619-1\/\" \/>\n<meta property=\"og:locale\" content=\"de_DE\" \/>\n<meta property=\"og:type\" content=\"article\" \/>\n<meta property=\"og:title\" content=\"24 Carat Gold Single Bangle | Daily wear | PureJewels\" \/>\n<meta property=\"og:description\" content=\"Elevate your style with our exquisite 24 carat gold single bangle. Order online for a touch of luxury. Limited availability, don&#039;t miss out! Shop now.\" \/>\n<meta property=\"og:url\" content=\"https:\/\/www.purejewels.com\/de\/produkt-2\/einfacher-armreif-aus-24-karat-gold-42619-1\/\" \/>\n<meta property=\"og:site_name\" content=\"PureJewels UK\" \/>\n<meta property=\"article:modified_time\" content=\"2026-05-12T12:18:15+00:00\" \/>\n<meta property=\"og:image\" content=\"https:\/\/static.purejewels.com\/wp-content\/uploads\/2023\/07\/thumbnail_IMG_3758-1-re-edit-1-1.jpg\" \/>\n\t<meta property=\"og:image:width\" content=\"1000\" \/>\n\t<meta property=\"og:image:height\" content=\"1000\" \/>\n\t<meta property=\"og:image:type\" content=\"image\/jpeg\" \/>\n<meta name=\"twitter:card\" content=\"summary_large_image\" \/>\n<meta name=\"twitter:label1\" content=\"Gesch\u00e4tzte Lesezeit\" \/>\n\t<meta name=\"twitter:data1\" content=\"1\u00a0Minute\" \/>\n<script type=\"application\/ld+json\" class=\"yoast-schema-graph\">{\"@context\":\"https:\\\/\\\/schema.org\",\"@graph\":[{\"@type\":[\"WebPage\",\"ItemPage\"],\"@id\":\"https:\\\/\\\/www.purejewels.com\\\/product\\\/24-carat-gold-single-bangle-42619-1\\\/\",\"url\":\"https:\\\/\\\/www.purejewels.com\\\/product\\\/24-carat-gold-single-bangle-42619-1\\\/\",\"name\":\"24 Carat Gold Single Bangle | Daily wear | PureJewels\",\"isPartOf\":{\"@id\":\"https:\\\/\\\/www.purejewels.com\\\/#website\"},\"primaryImageOfPage\":{\"@id\":\"https:\\\/\\\/www.purejewels.com\\\/product\\\/24-carat-gold-single-bangle-42619-1\\\/#primaryimage\"},\"image\":{\"@id\":\"https:\\\/\\\/www.purejewels.com\\\/product\\\/24-carat-gold-single-bangle-42619-1\\\/#primaryimage\"},\"thumbnailUrl\":\"https:\\\/\\\/static.purejewels.com\\\/wp-content\\\/uploads\\\/2023\\\/07\\\/thumbnail_IMG_3758-1-re-edit-1-1.jpg\",\"datePublished\":\"2023-07-18T11:43:41+00:00\",\"dateModified\":\"2026-05-12T12:18:15+00:00\",\"description\":\"Elevate your style with our exquisite 24 carat gold single bangle. Order online for a touch of luxury. Limited availability, don't miss out! Shop now.\",\"breadcrumb\":{\"@id\":\"https:\\\/\\\/www.purejewels.com\\\/product\\\/24-carat-gold-single-bangle-42619-1\\\/#breadcrumb\"},\"inLanguage\":\"de\",\"potentialAction\":[{\"@type\":\"ReadAction\",\"target\":[\"https:\\\/\\\/www.purejewels.com\\\/product\\\/24-carat-gold-single-bangle-42619-1\\\/\"]}]},{\"@type\":\"ImageObject\",\"inLanguage\":\"de\",\"@id\":\"https:\\\/\\\/www.purejewels.com\\\/product\\\/24-carat-gold-single-bangle-42619-1\\\/#primaryimage\",\"url\":\"https:\\\/\\\/static.purejewels.com\\\/wp-content\\\/uploads\\\/2023\\\/07\\\/thumbnail_IMG_3758-1-re-edit-1-1.jpg\",\"contentUrl\":\"https:\\\/\\\/static.purejewels.com\\\/wp-content\\\/uploads\\\/2023\\\/07\\\/thumbnail_IMG_3758-1-re-edit-1-1.jpg\",\"width\":1000,\"height\":1000},{\"@type\":\"BreadcrumbList\",\"@id\":\"https:\\\/\\\/www.purejewels.com\\\/product\\\/24-carat-gold-single-bangle-42619-1\\\/#breadcrumb\",\"itemListElement\":[{\"@type\":\"ListItem\",\"position\":1,\"name\":\"Home\",\"item\":\"https:\\\/\\\/www.purejewels.com\\\/\"},{\"@type\":\"ListItem\",\"position\":2,\"name\":\"Shop\",\"item\":\"https:\\\/\\\/www.purejewels.com\\\/shop\\\/\"},{\"@type\":\"ListItem\",\"position\":3,\"name\":\"24 Carat Gold Single Bangle | Daily wear\"}]},{\"@type\":\"WebSite\",\"@id\":\"https:\\\/\\\/www.purejewels.com\\\/#website\",\"url\":\"https:\\\/\\\/www.purejewels.com\\\/\",\"name\":\"PureJewels UK\",\"description\":\"Share the Love\",\"publisher\":{\"@id\":\"https:\\\/\\\/www.purejewels.com\\\/#organization\"},\"potentialAction\":[{\"@type\":\"SearchAction\",\"target\":{\"@type\":\"EntryPoint\",\"urlTemplate\":\"https:\\\/\\\/www.purejewels.com\\\/?s={search_term_string}\"},\"query-input\":{\"@type\":\"PropertyValueSpecification\",\"valueRequired\":true,\"valueName\":\"search_term_string\"}}],\"inLanguage\":\"de\"},{\"@type\":\"Organization\",\"@id\":\"https:\\\/\\\/www.purejewels.com\\\/#organization\",\"name\":\"PureJewels UK\",\"url\":\"https:\\\/\\\/www.purejewels.com\\\/\",\"logo\":{\"@type\":\"ImageObject\",\"inLanguage\":\"de\",\"@id\":\"https:\\\/\\\/www.purejewels.com\\\/#\\\/schema\\\/logo\\\/image\\\/\",\"url\":\"https:\\\/\\\/static.purejewels.com\\\/wp-content\\\/uploads\\\/2020\\\/11\\\/Logo-PJ-New-1.png\",\"contentUrl\":\"https:\\\/\\\/static.purejewels.com\\\/wp-content\\\/uploads\\\/2020\\\/11\\\/Logo-PJ-New-1.png\",\"width\":150,\"height\":80,\"caption\":\"PureJewels UK\"},\"image\":{\"@id\":\"https:\\\/\\\/www.purejewels.com\\\/#\\\/schema\\\/logo\\\/image\\\/\"}}]}<\/script>\n<!-- \/ Yoast SEO plugin. -->","yoast_head_json":{"title":"24 Karat Gold Einzel Armreif | T\u00e4gliches Tragen | PureJewels","description":"Erh\u00f6hen Sie Ihren Stil mit unserem exquisiten einzelnen Armreif aus 24 Karat Gold. Bestellen Sie online f\u00fcr einen Hauch von Luxus. Begrenzte Verf\u00fcgbarkeit, verpassen Sie es nicht! Jetzt einkaufen.","robots":{"index":"index","follow":"follow","max-snippet":"max-snippet:-1","max-image-preview":"max-image-preview:large","max-video-preview":"max-video-preview:-1"},"canonical":"https:\/\/www.purejewels.com\/de\/produkt-2\/einfacher-armreif-aus-24-karat-gold-42619-1\/","og_locale":"de_DE","og_type":"article","og_title":"24 Carat Gold Single Bangle | Daily wear | PureJewels","og_description":"Elevate your style with our exquisite 24 carat gold single bangle. Order online for a touch of luxury. Limited availability, don't miss out! Shop now.","og_url":"https:\/\/www.purejewels.com\/de\/produkt-2\/einfacher-armreif-aus-24-karat-gold-42619-1\/","og_site_name":"PureJewels UK","article_modified_time":"2026-05-12T12:18:15+00:00","og_image":[{"width":1000,"height":1000,"url":"https:\/\/static.purejewels.com\/wp-content\/uploads\/2023\/07\/thumbnail_IMG_3758-1-re-edit-1-1.jpg","type":"image\/jpeg"}],"twitter_card":"summary_large_image","twitter_misc":{"Gesch\u00e4tzte Lesezeit":"1\u00a0Minute"},"schema":{"@context":"https:\/\/schema.org","@graph":[{"@type":["WebPage","ItemPage"],"@id":"https:\/\/www.purejewels.com\/product\/24-carat-gold-single-bangle-42619-1\/","url":"https:\/\/www.purejewels.com\/product\/24-carat-gold-single-bangle-42619-1\/","name":"24 Karat Gold Einzel Armreif | T\u00e4gliches Tragen | PureJewels","isPartOf":{"@id":"https:\/\/www.purejewels.com\/#website"},"primaryImageOfPage":{"@id":"https:\/\/www.purejewels.com\/product\/24-carat-gold-single-bangle-42619-1\/#primaryimage"},"image":{"@id":"https:\/\/www.purejewels.com\/product\/24-carat-gold-single-bangle-42619-1\/#primaryimage"},"thumbnailUrl":"https:\/\/static.purejewels.com\/wp-content\/uploads\/2023\/07\/thumbnail_IMG_3758-1-re-edit-1-1.jpg","datePublished":"2023-07-18T11:43:41+00:00","dateModified":"2026-05-12T12:18:15+00:00","description":"Erh\u00f6hen Sie Ihren Stil mit unserem exquisiten einzelnen Armreif aus 24 Karat Gold. Bestellen Sie online f\u00fcr einen Hauch von Luxus. Begrenzte Verf\u00fcgbarkeit, verpassen Sie es nicht! Jetzt einkaufen.","breadcrumb":{"@id":"https:\/\/www.purejewels.com\/product\/24-carat-gold-single-bangle-42619-1\/#breadcrumb"},"inLanguage":"de","potentialAction":[{"@type":"ReadAction","target":["https:\/\/www.purejewels.com\/product\/24-carat-gold-single-bangle-42619-1\/"]}]},{"@type":"ImageObject","inLanguage":"de","@id":"https:\/\/www.purejewels.com\/product\/24-carat-gold-single-bangle-42619-1\/#primaryimage","url":"https:\/\/static.purejewels.com\/wp-content\/uploads\/2023\/07\/thumbnail_IMG_3758-1-re-edit-1-1.jpg","contentUrl":"https:\/\/static.purejewels.com\/wp-content\/uploads\/2023\/07\/thumbnail_IMG_3758-1-re-edit-1-1.jpg","width":1000,"height":1000},{"@type":"BreadcrumbList","@id":"https:\/\/www.purejewels.com\/product\/24-carat-gold-single-bangle-42619-1\/#breadcrumb","itemListElement":[{"@type":"ListItem","position":1,"name":"Home","item":"https:\/\/www.purejewels.com\/"},{"@type":"ListItem","position":2,"name":"Shop","item":"https:\/\/www.purejewels.com\/shop\/"},{"@type":"ListItem","position":3,"name":"24 Carat Gold Single Bangle | Daily wear"}]},{"@type":"WebSite","@id":"https:\/\/www.purejewels.com\/#website","url":"https:\/\/www.purejewels.com\/","name":"PureJewels UK","description":"Teile die Liebe","publisher":{"@id":"https:\/\/www.purejewels.com\/#organization"},"potentialAction":[{"@type":"SearchAction","target":{"@type":"EntryPoint","urlTemplate":"https:\/\/www.purejewels.com\/?s={search_term_string}"},"query-input":{"@type":"PropertyValueSpecification","valueRequired":true,"valueName":"search_term_string"}}],"inLanguage":"de"},{"@type":"Organization","@id":"https:\/\/www.purejewels.com\/#organization","name":"PureJewels UK","url":"https:\/\/www.purejewels.com\/","logo":{"@type":"ImageObject","inLanguage":"de","@id":"https:\/\/www.purejewels.com\/#\/schema\/logo\/image\/","url":"https:\/\/static.purejewels.com\/wp-content\/uploads\/2020\/11\/Logo-PJ-New-1.png","contentUrl":"https:\/\/static.purejewels.com\/wp-content\/uploads\/2020\/11\/Logo-PJ-New-1.png","width":150,"height":80,"caption":"PureJewels UK"},"image":{"@id":"https:\/\/www.purejewels.com\/#\/schema\/logo\/image\/"}}]}},"_links":{"self":[{"href":"https:\/\/www.purejewels.com\/de\/wp-json\/wp\/v2\/product\/348862","targetHints":{"allow":["GET"]}}],"collection":[{"href":"https:\/\/www.purejewels.com\/de\/wp-json\/wp\/v2\/product"}],"about":[{"href":"https:\/\/www.purejewels.com\/de\/wp-json\/wp\/v2\/types\/product"}],"replies":[{"embeddable":true,"href":"https:\/\/www.purejewels.com\/de\/wp-json\/wp\/v2\/comments?post=348862"}],"version-history":[{"count":4,"href":"https:\/\/www.purejewels.com\/de\/wp-json\/wp\/v2\/product\/348862\/revisions"}],"predecessor-version":[{"id":422478,"href":"https:\/\/www.purejewels.com\/de\/wp-json\/wp\/v2\/product\/348862\/revisions\/422478"}],"wp:featuredmedia":[{"embeddable":true,"href":"https:\/\/www.purejewels.com\/de\/wp-json\/wp\/v2\/media\/422474"}],"wp:attachment":[{"href":"https:\/\/www.purejewels.com\/de\/wp-json\/wp\/v2\/media?parent=348862"}],"wp:term":[{"taxonomy":"product_brand","embeddable":true,"href":"https:\/\/www.purejewels.com\/de\/wp-json\/wp\/v2\/product_brand?post=348862"},{"taxonomy":"product_cat","embeddable":true,"href":"https:\/\/www.purejewels.com\/de\/wp-json\/wp\/v2\/product_cat?post=348862"},{"taxonomy":"product_tag","embeddable":true,"href":"https:\/\/www.purejewels.com\/de\/wp-json\/wp\/v2\/product_tag?post=348862"}],"curies":[{"name":"wp","href":"https:\/\/api.w.org\/{rel}","templated":true}]}}