{"id":348867,"date":"2023-07-19T07:35:16","date_gmt":"2023-07-19T06:35:16","guid":{"rendered":"https:\/\/www.purejewels.com\/?post_type=product&#038;p=348867"},"modified":"2025-11-07T09:31:17","modified_gmt":"2025-11-07T09:31:17","slug":"24karat-gold-herren-kada-42483-1","status":"publish","type":"product","link":"https:\/\/www.purejewels.com\/de\/product\/24karat-gold-mens-kada-42483-1\/","title":{"rendered":"24Karat Gold Herren Kada"},"content":{"rendered":"<p>Wir pr\u00e4sentieren unsere exquisite 24 Karat Gold Kada f\u00fcr M\u00e4nner, ein zeitloses Schmuckst\u00fcck, das Luxus und Raffinesse ausstrahlt. Diese mit Pr\u00e4zision und Liebe zum Detail gefertigte Kada wiegt zwischen 39-44 Gramm und ist in allen Gr\u00f6\u00dfen erh\u00e4ltlich, um jedem Mann die perfekte Passform zu garantieren.<\/p>\n<p>Jede Kada ist vom renommierten Londoner Assay Office gestempelt, was die Reinheit und Qualit\u00e4t des 24-kar\u00e4tigen Goldes garantiert. Sie wird in einer eleganten Pr\u00e4sentationsbox geliefert und ist damit ein ideales Geschenk f\u00fcr einen besonderen Anlass oder eine wohlverdiente Freude f\u00fcr Sie selbst.<\/p>\n<p>Mit einer Lieferzeit von 4 Wochen k\u00f6nnen Sie dieses besondere St\u00fcck schon bald tragen und Ihren tadellosen Geschmack unter Beweis stellen. Wenn Sie Fragen haben oder eine schnellere Lieferung w\u00fcnschen, steht Ihnen unser Kundendienstteam zur Verf\u00fcgung.<\/p>\n<p>&nbsp;<\/p>","protected":false},"excerpt":{"rendered":"<ul>\n<li>24 Karat Gold Kada f\u00fcr M\u00e4nner<\/li>\n<li>Wt. 39 - 44 gms<\/li>\n<li>SKU. 42483-1<\/li>\n<li>Gr\u00f6\u00dfe. Alle Gr\u00f6\u00dfen verf\u00fcgbar<\/li>\n<li>Lieferung: 4 Wochen Lieferung<\/li>\n<li>Alle Preise inklusive Mehrwertsteuer<\/li>\n<li>24ct Gold gestempelt von London Assay Office<\/li>\n<li>Mit Pr\u00e4sentationsbox<\/li>\n<li>Lieferung inbegriffen<\/li>\n<li>Live-Chat mit uns f\u00fcr die Verf\u00fcgbarkeit und mehr Bilder von \u00e4hnlichen Designs derzeit auf Lager<\/li>\n<\/ul>","protected":false},"featured_media":337279,"comment_status":"closed","ping_status":"closed","template":"","meta":{"_eb_attr":"","_crsspst_to_jayantr4sg-hostcom":false},"product_brand":[],"product_cat":[5618,5617,1571,1229,1572],"product_tag":[1836],"class_list":{"0":"post-348867","1":"product","2":"type-product","3":"status-publish","4":"has-post-thumbnail","6":"product_cat-24ct-gold","7":"product_cat-24ct-gold-jewellery","8":"product_cat-fathers-day-gifts","9":"product_cat-22ct-gold-jewellery","10":"product_cat-mens-jewellery","11":"product_tag-24ct-gold","13":"first","14":"outofstock","15":"taxable","16":"shipping-taxable","17":"product-type-simple","18":"add-to-wishlist-before_image"},"yoast_head":"<!-- This site is optimized with the Yoast SEO plugin v27.5 - https:\/\/yoast.com\/product\/yoast-seo-wordpress\/ -->\n<title>24 Carat Gold Kada for Men | PureJewels UK<\/title>\n<meta name=\"description\" content=\"24 Carat Gold Hallmark Jewellery. Elevate your style with our exquisite 24ct Gold Men&#039;s Kada. Shop now and make a statement.\" \/>\n<meta name=\"robots\" content=\"index, follow, max-snippet:-1, max-image-preview:large, max-video-preview:-1\" \/>\n<link rel=\"canonical\" href=\"https:\/\/www.purejewels.com\/de\/produkt-2\/24karat-gold-herren-kada-42483-1\/\" \/>\n<meta property=\"og:locale\" content=\"de_DE\" \/>\n<meta property=\"og:type\" content=\"article\" \/>\n<meta property=\"og:title\" content=\"24 Carat Gold Kada for Men | PureJewels UK\" \/>\n<meta property=\"og:description\" content=\"24 Carat Gold Hallmark Jewellery. Elevate your style with our exquisite 24ct Gold Men&#039;s Kada. Shop now and make a statement.\" \/>\n<meta property=\"og:url\" content=\"https:\/\/www.purejewels.com\/de\/produkt-2\/24karat-gold-herren-kada-42483-1\/\" \/>\n<meta property=\"og:site_name\" content=\"PureJewels UK\" \/>\n<meta property=\"article:modified_time\" content=\"2025-11-07T09:31:17+00:00\" \/>\n<meta property=\"og:image\" content=\"https:\/\/www.purejewels.com\/wp-content\/uploads\/2022\/05\/42483-1.jpg\" \/>\n\t<meta property=\"og:image:width\" content=\"1000\" \/>\n\t<meta property=\"og:image:height\" content=\"1000\" \/>\n\t<meta property=\"og:image:type\" content=\"image\/jpeg\" \/>\n<meta name=\"twitter:card\" content=\"summary_large_image\" \/>\n<meta name=\"twitter:label1\" content=\"Gesch\u00e4tzte Lesezeit\" \/>\n\t<meta name=\"twitter:data1\" content=\"1\u00a0Minute\" \/>\n<script type=\"application\/ld+json\" class=\"yoast-schema-graph\">{\"@context\":\"https:\\\/\\\/schema.org\",\"@graph\":[{\"@type\":[\"WebPage\",\"ItemPage\"],\"@id\":\"https:\\\/\\\/www.purejewels.com\\\/product\\\/24karat-gold-mens-kada-42483-1\\\/\",\"url\":\"https:\\\/\\\/www.purejewels.com\\\/product\\\/24karat-gold-mens-kada-42483-1\\\/\",\"name\":\"24 Carat Gold Kada for Men | PureJewels UK\",\"isPartOf\":{\"@id\":\"https:\\\/\\\/www.purejewels.com\\\/#website\"},\"primaryImageOfPage\":{\"@id\":\"https:\\\/\\\/www.purejewels.com\\\/product\\\/24karat-gold-mens-kada-42483-1\\\/#primaryimage\"},\"image\":{\"@id\":\"https:\\\/\\\/www.purejewels.com\\\/product\\\/24karat-gold-mens-kada-42483-1\\\/#primaryimage\"},\"thumbnailUrl\":\"https:\\\/\\\/static.purejewels.com\\\/wp-content\\\/uploads\\\/2022\\\/05\\\/42483-1.jpg\",\"datePublished\":\"2023-07-19T06:35:16+00:00\",\"dateModified\":\"2025-11-07T09:31:17+00:00\",\"description\":\"24 Carat Gold Hallmark Jewellery. Elevate your style with our exquisite 24ct Gold Men's Kada. Shop now and make a statement.\",\"breadcrumb\":{\"@id\":\"https:\\\/\\\/www.purejewels.com\\\/product\\\/24karat-gold-mens-kada-42483-1\\\/#breadcrumb\"},\"inLanguage\":\"de\",\"potentialAction\":[{\"@type\":\"ReadAction\",\"target\":[\"https:\\\/\\\/www.purejewels.com\\\/product\\\/24karat-gold-mens-kada-42483-1\\\/\"]}]},{\"@type\":\"ImageObject\",\"inLanguage\":\"de\",\"@id\":\"https:\\\/\\\/www.purejewels.com\\\/product\\\/24karat-gold-mens-kada-42483-1\\\/#primaryimage\",\"url\":\"https:\\\/\\\/static.purejewels.com\\\/wp-content\\\/uploads\\\/2022\\\/05\\\/42483-1.jpg\",\"contentUrl\":\"https:\\\/\\\/static.purejewels.com\\\/wp-content\\\/uploads\\\/2022\\\/05\\\/42483-1.jpg\",\"width\":1000,\"height\":1000},{\"@type\":\"BreadcrumbList\",\"@id\":\"https:\\\/\\\/www.purejewels.com\\\/product\\\/24karat-gold-mens-kada-42483-1\\\/#breadcrumb\",\"itemListElement\":[{\"@type\":\"ListItem\",\"position\":1,\"name\":\"Home\",\"item\":\"https:\\\/\\\/www.purejewels.com\\\/\"},{\"@type\":\"ListItem\",\"position\":2,\"name\":\"Shop\",\"item\":\"https:\\\/\\\/www.purejewels.com\\\/shop\\\/\"},{\"@type\":\"ListItem\",\"position\":3,\"name\":\"24Karat Gold Men&#8217;s Kada\"}]},{\"@type\":\"WebSite\",\"@id\":\"https:\\\/\\\/www.purejewels.com\\\/#website\",\"url\":\"https:\\\/\\\/www.purejewels.com\\\/\",\"name\":\"PureJewels UK\",\"description\":\"Share the Love\",\"publisher\":{\"@id\":\"https:\\\/\\\/www.purejewels.com\\\/#organization\"},\"potentialAction\":[{\"@type\":\"SearchAction\",\"target\":{\"@type\":\"EntryPoint\",\"urlTemplate\":\"https:\\\/\\\/www.purejewels.com\\\/?s={search_term_string}\"},\"query-input\":{\"@type\":\"PropertyValueSpecification\",\"valueRequired\":true,\"valueName\":\"search_term_string\"}}],\"inLanguage\":\"de\"},{\"@type\":\"Organization\",\"@id\":\"https:\\\/\\\/www.purejewels.com\\\/#organization\",\"name\":\"PureJewels UK\",\"url\":\"https:\\\/\\\/www.purejewels.com\\\/\",\"logo\":{\"@type\":\"ImageObject\",\"inLanguage\":\"de\",\"@id\":\"https:\\\/\\\/www.purejewels.com\\\/#\\\/schema\\\/logo\\\/image\\\/\",\"url\":\"https:\\\/\\\/static.purejewels.com\\\/wp-content\\\/uploads\\\/2020\\\/11\\\/Logo-PJ-New-1.png\",\"contentUrl\":\"https:\\\/\\\/static.purejewels.com\\\/wp-content\\\/uploads\\\/2020\\\/11\\\/Logo-PJ-New-1.png\",\"width\":150,\"height\":80,\"caption\":\"PureJewels UK\"},\"image\":{\"@id\":\"https:\\\/\\\/www.purejewels.com\\\/#\\\/schema\\\/logo\\\/image\\\/\"}}]}<\/script>\n<!-- \/ Yoast SEO plugin. -->","yoast_head_json":{"title":"24 Karat Gold Kada f\u00fcr M\u00e4nner | PureJewels UK","description":"24-Karat-Gold-Schmuck mit G\u00fctesiegel. Erh\u00f6hen Sie Ihren Stil mit unserem exquisiten 24 Karat Gold Kada f\u00fcr M\u00e4nner. Kaufen Sie jetzt und setzen Sie ein Zeichen.","robots":{"index":"index","follow":"follow","max-snippet":"max-snippet:-1","max-image-preview":"max-image-preview:large","max-video-preview":"max-video-preview:-1"},"canonical":"https:\/\/www.purejewels.com\/de\/produkt-2\/24karat-gold-herren-kada-42483-1\/","og_locale":"de_DE","og_type":"article","og_title":"24 Carat Gold Kada for Men | PureJewels UK","og_description":"24 Carat Gold Hallmark Jewellery. Elevate your style with our exquisite 24ct Gold Men's Kada. Shop now and make a statement.","og_url":"https:\/\/www.purejewels.com\/de\/produkt-2\/24karat-gold-herren-kada-42483-1\/","og_site_name":"PureJewels UK","article_modified_time":"2025-11-07T09:31:17+00:00","og_image":[{"width":1000,"height":1000,"url":"https:\/\/www.purejewels.com\/wp-content\/uploads\/2022\/05\/42483-1.jpg","type":"image\/jpeg"}],"twitter_card":"summary_large_image","twitter_misc":{"Gesch\u00e4tzte Lesezeit":"1\u00a0Minute"},"schema":{"@context":"https:\/\/schema.org","@graph":[{"@type":["WebPage","ItemPage"],"@id":"https:\/\/www.purejewels.com\/product\/24karat-gold-mens-kada-42483-1\/","url":"https:\/\/www.purejewels.com\/product\/24karat-gold-mens-kada-42483-1\/","name":"24 Karat Gold Kada f\u00fcr M\u00e4nner | PureJewels UK","isPartOf":{"@id":"https:\/\/www.purejewels.com\/#website"},"primaryImageOfPage":{"@id":"https:\/\/www.purejewels.com\/product\/24karat-gold-mens-kada-42483-1\/#primaryimage"},"image":{"@id":"https:\/\/www.purejewels.com\/product\/24karat-gold-mens-kada-42483-1\/#primaryimage"},"thumbnailUrl":"https:\/\/static.purejewels.com\/wp-content\/uploads\/2022\/05\/42483-1.jpg","datePublished":"2023-07-19T06:35:16+00:00","dateModified":"2025-11-07T09:31:17+00:00","description":"24-Karat-Gold-Schmuck mit G\u00fctesiegel. Erh\u00f6hen Sie Ihren Stil mit unserem exquisiten 24 Karat Gold Kada f\u00fcr M\u00e4nner. Kaufen Sie jetzt und setzen Sie ein Zeichen.","breadcrumb":{"@id":"https:\/\/www.purejewels.com\/product\/24karat-gold-mens-kada-42483-1\/#breadcrumb"},"inLanguage":"de","potentialAction":[{"@type":"ReadAction","target":["https:\/\/www.purejewels.com\/product\/24karat-gold-mens-kada-42483-1\/"]}]},{"@type":"ImageObject","inLanguage":"de","@id":"https:\/\/www.purejewels.com\/product\/24karat-gold-mens-kada-42483-1\/#primaryimage","url":"https:\/\/static.purejewels.com\/wp-content\/uploads\/2022\/05\/42483-1.jpg","contentUrl":"https:\/\/static.purejewels.com\/wp-content\/uploads\/2022\/05\/42483-1.jpg","width":1000,"height":1000},{"@type":"BreadcrumbList","@id":"https:\/\/www.purejewels.com\/product\/24karat-gold-mens-kada-42483-1\/#breadcrumb","itemListElement":[{"@type":"ListItem","position":1,"name":"Home","item":"https:\/\/www.purejewels.com\/"},{"@type":"ListItem","position":2,"name":"Shop","item":"https:\/\/www.purejewels.com\/shop\/"},{"@type":"ListItem","position":3,"name":"24Karat Gold Men&#8217;s Kada"}]},{"@type":"WebSite","@id":"https:\/\/www.purejewels.com\/#website","url":"https:\/\/www.purejewels.com\/","name":"PureJewels UK","description":"Teile die Liebe","publisher":{"@id":"https:\/\/www.purejewels.com\/#organization"},"potentialAction":[{"@type":"SearchAction","target":{"@type":"EntryPoint","urlTemplate":"https:\/\/www.purejewels.com\/?s={search_term_string}"},"query-input":{"@type":"PropertyValueSpecification","valueRequired":true,"valueName":"search_term_string"}}],"inLanguage":"de"},{"@type":"Organization","@id":"https:\/\/www.purejewels.com\/#organization","name":"PureJewels UK","url":"https:\/\/www.purejewels.com\/","logo":{"@type":"ImageObject","inLanguage":"de","@id":"https:\/\/www.purejewels.com\/#\/schema\/logo\/image\/","url":"https:\/\/static.purejewels.com\/wp-content\/uploads\/2020\/11\/Logo-PJ-New-1.png","contentUrl":"https:\/\/static.purejewels.com\/wp-content\/uploads\/2020\/11\/Logo-PJ-New-1.png","width":150,"height":80,"caption":"PureJewels UK"},"image":{"@id":"https:\/\/www.purejewels.com\/#\/schema\/logo\/image\/"}}]}},"_links":{"self":[{"href":"https:\/\/www.purejewels.com\/de\/wp-json\/wp\/v2\/product\/348867","targetHints":{"allow":["GET"]}}],"collection":[{"href":"https:\/\/www.purejewels.com\/de\/wp-json\/wp\/v2\/product"}],"about":[{"href":"https:\/\/www.purejewels.com\/de\/wp-json\/wp\/v2\/types\/product"}],"replies":[{"embeddable":true,"href":"https:\/\/www.purejewels.com\/de\/wp-json\/wp\/v2\/comments?post=348867"}],"version-history":[{"count":3,"href":"https:\/\/www.purejewels.com\/de\/wp-json\/wp\/v2\/product\/348867\/revisions"}],"predecessor-version":[{"id":420491,"href":"https:\/\/www.purejewels.com\/de\/wp-json\/wp\/v2\/product\/348867\/revisions\/420491"}],"wp:featuredmedia":[{"embeddable":true,"href":"https:\/\/www.purejewels.com\/de\/wp-json\/wp\/v2\/media\/337279"}],"wp:attachment":[{"href":"https:\/\/www.purejewels.com\/de\/wp-json\/wp\/v2\/media?parent=348867"}],"wp:term":[{"taxonomy":"product_brand","embeddable":true,"href":"https:\/\/www.purejewels.com\/de\/wp-json\/wp\/v2\/product_brand?post=348867"},{"taxonomy":"product_cat","embeddable":true,"href":"https:\/\/www.purejewels.com\/de\/wp-json\/wp\/v2\/product_cat?post=348867"},{"taxonomy":"product_tag","embeddable":true,"href":"https:\/\/www.purejewels.com\/de\/wp-json\/wp\/v2\/product_tag?post=348867"}],"curies":[{"name":"wp","href":"https:\/\/api.w.org\/{rel}","templated":true}]}}