{"id":3490,"date":"2017-07-19T13:13:59","date_gmt":"2017-07-19T12:13:59","guid":{"rendered":"http:\/\/new.purejewels.com\/product\/liana-pendant\/"},"modified":"2025-03-19T08:08:19","modified_gmt":"2025-03-19T08:08:19","slug":"lianen-anhanger","status":"publish","type":"product","link":"https:\/\/www.purejewels.com\/de\/product\/liana-pendant\/","title":{"rendered":"Liana-Anh\u00e4nger"},"content":{"rendered":"<p>SKU 15807<\/p>","protected":false},"excerpt":{"rendered":"<ul>\n<li>18 Karat Wei\u00dfgold<\/li>\n<li>Diamanten 0,21cts<\/li>\n<li>Aquamarine 0.84cts<\/li>\n<li>Kann in rosa Turmalin, gr\u00fcnem Turmalin und Morganit hergestellt werden<\/li>\n<li>Gold gestempelt von London Assay Office<\/li>\n<li>Mit Pr\u00e4sentationsbox<\/li>\n<li>Lieferung inbegriffen<\/li>\n<li>Alle Preise inklusive Mehrwertsteuer<\/li>\n<li>Live-Chat mit uns f\u00fcr die Verf\u00fcgbarkeit und mehr Bilder von \u00e4hnlichen Designs derzeit auf Lager<\/li>\n<\/ul>\n<p><strong>Liana-Anh\u00e4nger<br \/>\n<\/strong>Sie wissen, wie es anf\u00e4ngt: ein charmanter Blick, eine denkw\u00fcrdige Begegnung, das Herz ist ergriffen.\u00a0 <em>Liana<\/em> wird ein Teil Ihrer Liebesgeschichte.<\/p>\n<p>W\u00e4hlen Sie Ihren Stein - Aqua (f\u00fcr Tr\u00e4ume), rosa Turmalin (f\u00fcr Romantik), gr\u00fcner Turmalin (f\u00fcr Respekt) oder Morganit (f\u00fcr Optimismus).  Wir fertigen Ihre Liana-Halskette auf Bestellung an und fassen den Stein Ihrer Wahl in eine wirbelnde Welle aus poliertem Wei\u00dfgold.  Die Kette ist mit 0,21 Karat Diamanten besetzt, die \u00fcber den zentralen Anh\u00e4nger gestreut sind.<\/p>\n<p>Die meisten Anh\u00e4nger haben eine solide 2D-Form, aber <em>Liana<\/em> zeichnet sich durch sein flie\u00dfendes, strukturiertes Design aus.  Es ist ein aufsehenerregendes Accessoire f\u00fcr einen besonderen Anlass.  Wenn Sie es f\u00fcr Ihre Hochzeit in Erw\u00e4gung ziehen, sehen Sie sich die dazu passenden St\u00fccke an - <em>Liana<\/em>, Wildflower und Floralia sind alle mit demselben Thema verbunden.<\/p>\n<p>Sie k\u00f6nnten sogar mehrere ausw\u00e4hlen <em>Liana<\/em> Die mit verschiedenen Steinen besetzten St\u00fccke ergeben ein farbenfrohes, lebendiges und fr\u00f6hliches Set.<\/p>\n<p><strong>Entworfen von PureJewels<br \/>\n<\/strong><em>Liana<\/em> ist eine von PureJewels entworfene Archiv-Kollektion.  Sie war so beliebt, dass wir sie jetzt auf Sonderbestellung anbieten.  F\u00fcr Br\u00e4ute und besondere Anl\u00e4sse, die <em>Liana<\/em> Anh\u00e4nger ist ein dekadentes St\u00fcck, das f\u00fcr immer in Erinnerung bleiben wird.<\/p>\n<p>Bei der Gestaltung lie\u00df sich unser Team von alten indischen Kunstwerken und den in der Natur vorkommenden Formen inspirieren.\u00a0 <em>Liana<\/em> verbindet organische Formen mit elegantem Minimalismus zu einem unverwechselbaren zeitgen\u00f6ssischen Finish.  Die Auswahl an Steinen erm\u00f6glicht es Ihnen, diese Kollektion zu personalisieren, was sie noch einzigartiger macht.<\/p>\n<p>Haben Sie Fragen zu Ihrer Wahl?  Z\u00f6gern Sie nicht, uns zu kontaktieren.  Sie k\u00f6nnen den Showroom anrufen oder den Live Chat \u00f6ffnen.  Sie erreichen einen Berater vor Ort, der den Lagerbestand pr\u00fcft und sicherstellt, dass Ihre Bestellung rechtzeitig ankommt.<\/p>\n<p>&nbsp;<\/p>","protected":false},"featured_media":3491,"comment_status":"closed","ping_status":"closed","template":"","meta":{"_eb_attr":"","_crsspst_to_jayantr4sg-hostcom":false},"product_brand":[],"product_cat":[1533,253,1767,1537],"product_tag":[],"class_list":{"0":"post-3490","1":"product","2":"type-product","3":"status-publish","4":"has-post-thumbnail","6":"product_cat-diamond-jewellery-set","7":"product_cat-floralia-collections","8":"product_cat-ladies-pendants","9":"product_cat-white-gold-jewellery-set","11":"first","12":"outofstock","13":"product-type-simple","14":"add-to-wishlist-before_image"},"yoast_head":"<!-- This site is optimized with the Yoast SEO plugin v27.5 - https:\/\/yoast.com\/product\/yoast-seo-wordpress\/ -->\n<title>Liana Pendant - PureJewels UK<\/title>\n<meta name=\"robots\" content=\"index, follow, max-snippet:-1, max-image-preview:large, max-video-preview:-1\" \/>\n<link rel=\"canonical\" href=\"https:\/\/www.purejewels.com\/de\/produkt-2\/lianen-anhanger\/\" \/>\n<meta property=\"og:locale\" content=\"de_DE\" \/>\n<meta property=\"og:type\" content=\"article\" \/>\n<meta property=\"og:title\" content=\"Liana Pendant - PureJewels UK\" \/>\n<meta property=\"og:description\" content=\"18ct white gold  Diamonds 0.21cts  Aquamarines 0.84cts  Can be created in pink tourmaline, green tourmaline and morganite  Gold\u00a0Hallmarked by London Assay Office  Comes With Presentation Box  Delivery Included  All prices include VAT  Live chat with us for availability and more images of similar designs currently in stock  Liana pendant You know how this begins: a charming look, a memorable meeting, the heart is smitten.\u00a0 Liana becomes a part of your love story.  Choose your stone \u2013 aqua (for dreams), pink tourmaline (for romance), green tourmaline (for respect) or morganite (for optimism).\u00a0 We will create your Liana necklace to order, setting the stone of your choice in a swirling wave of polished white gold.\u00a0 It is finished with a generous 0.21ct of diamonds sprinkled over the central pendant.  Most pendants have a solid, 2D shape but Liana is distinctive for its fluid, textured design.\u00a0 It makes a sensational statement piece for a special occasion.\u00a0 If you\u2019re considering it for your wedding, take a look at the coordinating pieces \u2013 Liana, Wildflower and Floralia are all related to the same theme.  You could even choose several Liana pieces set with different stones, creating a multi-coloured set that\u2019s vibrant and joyful.  Designed by PureJewels Liana is an archive collection designed by PureJewels.\u00a0 It was such a favourite that we now offer it on special order.\u00a0 For brides and landmark occasions, the Liana pendant is a decadent piece that will be treasured forever.  In the design process, our team was inspired by ancient Indian artwork and the shapes found in nature.\u00a0 Liana fuses organic shapes with an elegant minimalism, for a distinctly contemporary finish.\u00a0 The choice of stones means that you can personalise this collection, for extra uniqueness.  Questions about your choice?\u00a0 Don\u2019t hesitate to get in touch.\u00a0 You can call the showroom or open Live Chat.\u00a0 You\u2019ll reach an in-store advisor who can check on stock and make sure that your order will arrive in time.  &nbsp;\" \/>\n<meta property=\"og:url\" content=\"https:\/\/www.purejewels.com\/de\/produkt-2\/lianen-anhanger\/\" \/>\n<meta property=\"og:site_name\" content=\"PureJewels UK\" \/>\n<meta property=\"article:modified_time\" content=\"2025-03-19T08:08:19+00:00\" \/>\n<meta property=\"og:image\" content=\"https:\/\/www.purejewels.com\/wp-content\/uploads\/2017\/07\/liana-pendant-15807-2.jpg\" \/>\n\t<meta property=\"og:image:width\" content=\"960\" \/>\n\t<meta property=\"og:image:height\" content=\"960\" \/>\n\t<meta property=\"og:image:type\" content=\"image\/jpeg\" \/>\n<meta name=\"twitter:card\" content=\"summary_large_image\" \/>\n<meta name=\"twitter:label1\" content=\"Gesch\u00e4tzte Lesezeit\" \/>\n\t<meta name=\"twitter:data1\" content=\"1\u00a0Minute\" \/>\n<script type=\"application\/ld+json\" class=\"yoast-schema-graph\">{\"@context\":\"https:\\\/\\\/schema.org\",\"@graph\":[{\"@type\":[\"WebPage\",\"ItemPage\"],\"@id\":\"https:\\\/\\\/www.purejewels.com\\\/product\\\/liana-pendant\\\/\",\"url\":\"https:\\\/\\\/www.purejewels.com\\\/product\\\/liana-pendant\\\/\",\"name\":\"Liana Pendant - PureJewels UK\",\"isPartOf\":{\"@id\":\"https:\\\/\\\/www.purejewels.com\\\/#website\"},\"primaryImageOfPage\":{\"@id\":\"https:\\\/\\\/www.purejewels.com\\\/product\\\/liana-pendant\\\/#primaryimage\"},\"image\":{\"@id\":\"https:\\\/\\\/www.purejewels.com\\\/product\\\/liana-pendant\\\/#primaryimage\"},\"thumbnailUrl\":\"https:\\\/\\\/static.purejewels.com\\\/wp-content\\\/uploads\\\/2017\\\/07\\\/liana-pendant-15807-2.jpg\",\"datePublished\":\"2017-07-19T12:13:59+00:00\",\"dateModified\":\"2025-03-19T08:08:19+00:00\",\"breadcrumb\":{\"@id\":\"https:\\\/\\\/www.purejewels.com\\\/product\\\/liana-pendant\\\/#breadcrumb\"},\"inLanguage\":\"de\",\"potentialAction\":[{\"@type\":\"ReadAction\",\"target\":[\"https:\\\/\\\/www.purejewels.com\\\/product\\\/liana-pendant\\\/\"]}]},{\"@type\":\"ImageObject\",\"inLanguage\":\"de\",\"@id\":\"https:\\\/\\\/www.purejewels.com\\\/product\\\/liana-pendant\\\/#primaryimage\",\"url\":\"https:\\\/\\\/static.purejewels.com\\\/wp-content\\\/uploads\\\/2017\\\/07\\\/liana-pendant-15807-2.jpg\",\"contentUrl\":\"https:\\\/\\\/static.purejewels.com\\\/wp-content\\\/uploads\\\/2017\\\/07\\\/liana-pendant-15807-2.jpg\",\"width\":960,\"height\":960,\"caption\":\"liana-pendant-15807.jpg\"},{\"@type\":\"BreadcrumbList\",\"@id\":\"https:\\\/\\\/www.purejewels.com\\\/product\\\/liana-pendant\\\/#breadcrumb\",\"itemListElement\":[{\"@type\":\"ListItem\",\"position\":1,\"name\":\"Home\",\"item\":\"https:\\\/\\\/www.purejewels.com\\\/\"},{\"@type\":\"ListItem\",\"position\":2,\"name\":\"Shop\",\"item\":\"https:\\\/\\\/www.purejewels.com\\\/shop\\\/\"},{\"@type\":\"ListItem\",\"position\":3,\"name\":\"Liana Pendant\"}]},{\"@type\":\"WebSite\",\"@id\":\"https:\\\/\\\/www.purejewels.com\\\/#website\",\"url\":\"https:\\\/\\\/www.purejewels.com\\\/\",\"name\":\"PureJewels UK\",\"description\":\"Share the Love\",\"publisher\":{\"@id\":\"https:\\\/\\\/www.purejewels.com\\\/#organization\"},\"potentialAction\":[{\"@type\":\"SearchAction\",\"target\":{\"@type\":\"EntryPoint\",\"urlTemplate\":\"https:\\\/\\\/www.purejewels.com\\\/?s={search_term_string}\"},\"query-input\":{\"@type\":\"PropertyValueSpecification\",\"valueRequired\":true,\"valueName\":\"search_term_string\"}}],\"inLanguage\":\"de\"},{\"@type\":\"Organization\",\"@id\":\"https:\\\/\\\/www.purejewels.com\\\/#organization\",\"name\":\"PureJewels UK\",\"url\":\"https:\\\/\\\/www.purejewels.com\\\/\",\"logo\":{\"@type\":\"ImageObject\",\"inLanguage\":\"de\",\"@id\":\"https:\\\/\\\/www.purejewels.com\\\/#\\\/schema\\\/logo\\\/image\\\/\",\"url\":\"https:\\\/\\\/static.purejewels.com\\\/wp-content\\\/uploads\\\/2020\\\/11\\\/Logo-PJ-New-1.png\",\"contentUrl\":\"https:\\\/\\\/static.purejewels.com\\\/wp-content\\\/uploads\\\/2020\\\/11\\\/Logo-PJ-New-1.png\",\"width\":150,\"height\":80,\"caption\":\"PureJewels UK\"},\"image\":{\"@id\":\"https:\\\/\\\/www.purejewels.com\\\/#\\\/schema\\\/logo\\\/image\\\/\"}}]}<\/script>\n<!-- \/ Yoast SEO plugin. -->","yoast_head_json":{"title":"Liana Anh\u00e4nger - PureJewels UK","robots":{"index":"index","follow":"follow","max-snippet":"max-snippet:-1","max-image-preview":"max-image-preview:large","max-video-preview":"max-video-preview:-1"},"canonical":"https:\/\/www.purejewels.com\/de\/produkt-2\/lianen-anhanger\/","og_locale":"de_DE","og_type":"article","og_title":"Liana Pendant - PureJewels UK","og_description":"18ct white gold  Diamonds 0.21cts  Aquamarines 0.84cts  Can be created in pink tourmaline, green tourmaline and morganite  Gold\u00a0Hallmarked by London Assay Office  Comes With Presentation Box  Delivery Included  All prices include VAT  Live chat with us for availability and more images of similar designs currently in stock  Liana pendant You know how this begins: a charming look, a memorable meeting, the heart is smitten.\u00a0 Liana becomes a part of your love story.  Choose your stone \u2013 aqua (for dreams), pink tourmaline (for romance), green tourmaline (for respect) or morganite (for optimism).\u00a0 We will create your Liana necklace to order, setting the stone of your choice in a swirling wave of polished white gold.\u00a0 It is finished with a generous 0.21ct of diamonds sprinkled over the central pendant.  Most pendants have a solid, 2D shape but Liana is distinctive for its fluid, textured design.\u00a0 It makes a sensational statement piece for a special occasion.\u00a0 If you\u2019re considering it for your wedding, take a look at the coordinating pieces \u2013 Liana, Wildflower and Floralia are all related to the same theme.  You could even choose several Liana pieces set with different stones, creating a multi-coloured set that\u2019s vibrant and joyful.  Designed by PureJewels Liana is an archive collection designed by PureJewels.\u00a0 It was such a favourite that we now offer it on special order.\u00a0 For brides and landmark occasions, the Liana pendant is a decadent piece that will be treasured forever.  In the design process, our team was inspired by ancient Indian artwork and the shapes found in nature.\u00a0 Liana fuses organic shapes with an elegant minimalism, for a distinctly contemporary finish.\u00a0 The choice of stones means that you can personalise this collection, for extra uniqueness.  Questions about your choice?\u00a0 Don\u2019t hesitate to get in touch.\u00a0 You can call the showroom or open Live Chat.\u00a0 You\u2019ll reach an in-store advisor who can check on stock and make sure that your order will arrive in time.  &nbsp;","og_url":"https:\/\/www.purejewels.com\/de\/produkt-2\/lianen-anhanger\/","og_site_name":"PureJewels UK","article_modified_time":"2025-03-19T08:08:19+00:00","og_image":[{"width":960,"height":960,"url":"https:\/\/www.purejewels.com\/wp-content\/uploads\/2017\/07\/liana-pendant-15807-2.jpg","type":"image\/jpeg"}],"twitter_card":"summary_large_image","twitter_misc":{"Gesch\u00e4tzte Lesezeit":"1\u00a0Minute"},"schema":{"@context":"https:\/\/schema.org","@graph":[{"@type":["WebPage","ItemPage"],"@id":"https:\/\/www.purejewels.com\/product\/liana-pendant\/","url":"https:\/\/www.purejewels.com\/product\/liana-pendant\/","name":"Liana Anh\u00e4nger - PureJewels UK","isPartOf":{"@id":"https:\/\/www.purejewels.com\/#website"},"primaryImageOfPage":{"@id":"https:\/\/www.purejewels.com\/product\/liana-pendant\/#primaryimage"},"image":{"@id":"https:\/\/www.purejewels.com\/product\/liana-pendant\/#primaryimage"},"thumbnailUrl":"https:\/\/static.purejewels.com\/wp-content\/uploads\/2017\/07\/liana-pendant-15807-2.jpg","datePublished":"2017-07-19T12:13:59+00:00","dateModified":"2025-03-19T08:08:19+00:00","breadcrumb":{"@id":"https:\/\/www.purejewels.com\/product\/liana-pendant\/#breadcrumb"},"inLanguage":"de","potentialAction":[{"@type":"ReadAction","target":["https:\/\/www.purejewels.com\/product\/liana-pendant\/"]}]},{"@type":"ImageObject","inLanguage":"de","@id":"https:\/\/www.purejewels.com\/product\/liana-pendant\/#primaryimage","url":"https:\/\/static.purejewels.com\/wp-content\/uploads\/2017\/07\/liana-pendant-15807-2.jpg","contentUrl":"https:\/\/static.purejewels.com\/wp-content\/uploads\/2017\/07\/liana-pendant-15807-2.jpg","width":960,"height":960,"caption":"liana-pendant-15807.jpg"},{"@type":"BreadcrumbList","@id":"https:\/\/www.purejewels.com\/product\/liana-pendant\/#breadcrumb","itemListElement":[{"@type":"ListItem","position":1,"name":"Home","item":"https:\/\/www.purejewels.com\/"},{"@type":"ListItem","position":2,"name":"Shop","item":"https:\/\/www.purejewels.com\/shop\/"},{"@type":"ListItem","position":3,"name":"Liana Pendant"}]},{"@type":"WebSite","@id":"https:\/\/www.purejewels.com\/#website","url":"https:\/\/www.purejewels.com\/","name":"PureJewels UK","description":"Teile die Liebe","publisher":{"@id":"https:\/\/www.purejewels.com\/#organization"},"potentialAction":[{"@type":"SearchAction","target":{"@type":"EntryPoint","urlTemplate":"https:\/\/www.purejewels.com\/?s={search_term_string}"},"query-input":{"@type":"PropertyValueSpecification","valueRequired":true,"valueName":"search_term_string"}}],"inLanguage":"de"},{"@type":"Organization","@id":"https:\/\/www.purejewels.com\/#organization","name":"PureJewels UK","url":"https:\/\/www.purejewels.com\/","logo":{"@type":"ImageObject","inLanguage":"de","@id":"https:\/\/www.purejewels.com\/#\/schema\/logo\/image\/","url":"https:\/\/static.purejewels.com\/wp-content\/uploads\/2020\/11\/Logo-PJ-New-1.png","contentUrl":"https:\/\/static.purejewels.com\/wp-content\/uploads\/2020\/11\/Logo-PJ-New-1.png","width":150,"height":80,"caption":"PureJewels UK"},"image":{"@id":"https:\/\/www.purejewels.com\/#\/schema\/logo\/image\/"}}]}},"_links":{"self":[{"href":"https:\/\/www.purejewels.com\/de\/wp-json\/wp\/v2\/product\/3490","targetHints":{"allow":["GET"]}}],"collection":[{"href":"https:\/\/www.purejewels.com\/de\/wp-json\/wp\/v2\/product"}],"about":[{"href":"https:\/\/www.purejewels.com\/de\/wp-json\/wp\/v2\/types\/product"}],"replies":[{"embeddable":true,"href":"https:\/\/www.purejewels.com\/de\/wp-json\/wp\/v2\/comments?post=3490"}],"version-history":[{"count":1,"href":"https:\/\/www.purejewels.com\/de\/wp-json\/wp\/v2\/product\/3490\/revisions"}],"predecessor-version":[{"id":389309,"href":"https:\/\/www.purejewels.com\/de\/wp-json\/wp\/v2\/product\/3490\/revisions\/389309"}],"wp:featuredmedia":[{"embeddable":true,"href":"https:\/\/www.purejewels.com\/de\/wp-json\/wp\/v2\/media\/3491"}],"wp:attachment":[{"href":"https:\/\/www.purejewels.com\/de\/wp-json\/wp\/v2\/media?parent=3490"}],"wp:term":[{"taxonomy":"product_brand","embeddable":true,"href":"https:\/\/www.purejewels.com\/de\/wp-json\/wp\/v2\/product_brand?post=3490"},{"taxonomy":"product_cat","embeddable":true,"href":"https:\/\/www.purejewels.com\/de\/wp-json\/wp\/v2\/product_cat?post=3490"},{"taxonomy":"product_tag","embeddable":true,"href":"https:\/\/www.purejewels.com\/de\/wp-json\/wp\/v2\/product_tag?post=3490"}],"curies":[{"name":"wp","href":"https:\/\/api.w.org\/{rel}","templated":true}]}}