{"id":349005,"date":"2024-07-15T06:56:29","date_gmt":"2024-07-15T05:56:29","guid":{"rendered":"https:\/\/www.purejewels.com\/?post_type=product&#038;p=349005"},"modified":"2026-02-02T09:15:39","modified_gmt":"2026-02-02T09:15:39","slug":"22ct-gold-anhanger-halskette-43429","status":"publish","type":"product","link":"https:\/\/www.purejewels.com\/de\/product\/22ct-gold-pendant-necklace-43429\/","title":{"rendered":"22ct Gold Anh\u00e4nger Halskette | Rosette Kollektion"},"content":{"rendered":"<p class=\"mb-2 mt-6 text-lg first:mt-3\"><strong><a href=\"https:\/\/www.purejewels.com\/de\/product\/22ct-gold-fancy-pendant-23444\/\">22ct Gold Anh\u00e4nger<\/a> Halskette | Rosette Kollektion<\/strong><\/p>\n<p>Erh\u00f6hen Sie Ihren Stil mit diesem exquisiten <a href=\"https:\/\/www.purejewels.com\/de\/product\/22ct-gold-jali-filigree-ring-jali-collection-31926\/\">22ct<\/a> <a href=\"https:\/\/www.purejewels.com\/de\/product\/22ct-real-gold-shoe-pendant-43097\/\">Gold-Anh\u00e4nger<\/a> Halskette aus der exklusiven Rosette-Kollektion von PureJewels. Diese mit viel Liebe zum Detail gefertigte Anh\u00e4nger-Halskette verk\u00f6rpert das reiche Erbe und die zeitlose Eleganz der traditionellen <a href=\"https:\/\/www.purejewels.com\/de\/contact\/\">Indianerschmuck<\/a>Das Herzst\u00fcck dieser atemberaubenden Halskette ist ein bezaubernder Anh\u00e4nger aus 22 Karat Gold mit einem zarten Rosettenmuster.<\/p>\n<p>Die filigrane Rosette wird mit traditionellen Techniken von Hand gefertigt und zeigt die au\u00dfergew\u00f6hnliche Kunstfertigkeit, die in jedem St\u00fcck steckt. Der warme, gl\u00e4nzende Schimmer des 22-kar\u00e4tigen Goldes wird durch eine <a href=\"https:\/\/www.purejewels.com\/de\/armari-collection\/\">antikes Finish<\/a>Diese Anh\u00e4nger-Halskette ist die perfekte Erg\u00e4nzung f\u00fcr jede Braut oder jedes formelle Ensemble. Die klassische und <a href=\"https:\/\/www.purejewels.com\/de\/product\/18ct-yellow-gold-diamond-and-peridot-necklace-18-inches-44229\/\">anspruchsvolles Design<\/a> macht ihn zu einer vielseitigen Wahl, die sich je nach Anlass verkleiden oder verkleinern l\u00e4sst.<\/p>\n<p>Egal, ob Sie an einer besonderen Veranstaltung teilnehmen oder Ihren allt\u00e4glichen Stil aufwerten m\u00f6chten, dieses <a href=\"https:\/\/www.purejewels.com\/de\/product\/round-pendant-necklace-in-22ct-gold-45139\/\">22ct Gold Anh\u00e4nger Halskette<\/a> Die mit gr\u00f6\u00dfter Sorgfalt und Liebe zum Detail gefertigte Halskette ist ein Beweis f\u00fcr das Engagement von PureJewels bei der Herstellung exklusiver, hochwertiger Schmuckst\u00fccke. Als Teil der markeneigenen Kollektion ist diese Anh\u00e4nger-Halskette eine einzigartige und gesch\u00e4tzte Erg\u00e4nzung f\u00fcr Ihr Schmuckk\u00e4stchen.Investieren Sie in diese zeitlose 22-kar\u00e4tige Gold-Anh\u00e4nger-Halskette und lassen Sie sie zu einem gesch\u00e4tzten Erbst\u00fcck werden, das Sie \u00fcber Generationen weitergeben k\u00f6nnen. Lassen Sie sich von der Sch\u00f6nheit traditioneller Handwerkskunst und der dauerhaften Anziehungskraft von 22 Karat Gold mit diesem au\u00dfergew\u00f6hnlichen St\u00fcck aus der Rosette Collection verzaubern.<\/p>\n<p>&nbsp;<\/p>","protected":false},"excerpt":{"rendered":"<p>Diese Halskette aus 22-kar\u00e4tigem Gold aus der Rosette-Kollektion ist eine Hommage an Kunst und Tradition. Mit einem Gewicht von 28,1 g weist sie verschlungene Rosettenmotive entlang der Kette auf, die zu einem verschn\u00f6rkelten Anh\u00e4nger in der Mitte f\u00fchren, der mit Granulation und floralen Details verziert ist. Dieses vom London Assay Office gepunzte Schmuckst\u00fcck verk\u00f6rpert traditionelle Handwerkskunst f\u00fcr die moderne Tr\u00e4gerin.<\/p>\n<p><strong>Material:<\/strong> 22ct Gold<br \/>\n<strong>Reinheit:<\/strong> 91.6% rein<br \/>\n<strong>Wahrzeichen:<\/strong> Britisches G\u00fctesiegel<br \/>\n<strong>Bruttogewicht:<\/strong> 28.10 Gms<br \/>\n<strong>L\u00e4nge:<\/strong> 21 Zoll<br \/>\n<strong>KatalogID:<\/strong> R1057<br \/>\n<strong>SKU:<\/strong> 43429<\/p>\n<p><strong>Preis und Lieferung:<\/strong> Inklusive Mehrwertsteuer und Lieferkosten<br \/>\n<strong><a href=\"https:\/\/www.purejewels.com\/de\/ruckgabepolitik\/\">R\u00fcckgabepolitik<\/a><\/strong><\/p>","protected":false},"featured_media":349006,"comment_status":"closed","ping_status":"closed","template":"","meta":{"_eb_attr":"","_crsspst_to_jayantr4sg-hostcom":false},"product_brand":[],"product_cat":[1780,5950,5370,1229,1253,5902,1656,5275,1573,1574],"product_tag":[],"class_list":{"0":"post-349005","1":"product","2":"type-product","3":"status-publish","4":"has-post-thumbnail","6":"product_cat-antique-style-necklaces","7":"product_cat-bridal-necklace","8":"product_cat-ethnic-jewellery","9":"product_cat-22ct-gold-jewellery","10":"product_cat-gold-necklaces","11":"product_cat-lariat-necklace","12":"product_cat-rosettes-collections","13":"product_cat-rosettes-necklace","14":"product_cat-wedding-gifts","15":"product_cat-womens-jewellery","17":"first","18":"onbackorder","19":"taxable","20":"shipping-taxable","21":"purchasable","22":"product-type-simple","23":"add-to-wishlist-before_image"},"yoast_head":"<!-- This site is optimized with the Yoast SEO plugin v27.5 - https:\/\/yoast.com\/product\/yoast-seo-wordpress\/ -->\n<title>Buy 22ct Gold Pendant Necklace from Rosette Collection<\/title>\n<meta name=\"description\" content=\"Purchase the 22ct Gold Pendant Necklace from Rosette Collection. Elevate your style with exquisite elegance. Shop now! Free delivery across UK.\" \/>\n<meta name=\"robots\" content=\"index, follow, max-snippet:-1, max-image-preview:large, max-video-preview:-1\" \/>\n<link rel=\"canonical\" href=\"https:\/\/www.purejewels.com\/de\/produkt-2\/22ct-gold-anhanger-halskette-43429\/\" \/>\n<meta property=\"og:locale\" content=\"de_DE\" \/>\n<meta property=\"og:type\" content=\"article\" \/>\n<meta property=\"og:title\" content=\"Buy 22ct Gold Pendant Necklace from Rosette Collection\" \/>\n<meta property=\"og:description\" content=\"Purchase the 22ct Gold Pendant Necklace from Rosette Collection. Elevate your style with exquisite elegance. Shop now! Free delivery across UK.\" \/>\n<meta property=\"og:url\" content=\"https:\/\/www.purejewels.com\/de\/produkt-2\/22ct-gold-anhanger-halskette-43429\/\" \/>\n<meta property=\"og:site_name\" content=\"PureJewels UK\" \/>\n<meta property=\"article:modified_time\" content=\"2026-02-02T09:15:39+00:00\" \/>\n<meta property=\"og:image\" content=\"https:\/\/static.purejewels.com\/wp-content\/uploads\/2023\/07\/43429.jpg\" \/>\n\t<meta property=\"og:image:width\" content=\"1000\" \/>\n\t<meta property=\"og:image:height\" content=\"1000\" \/>\n\t<meta property=\"og:image:type\" content=\"image\/jpeg\" \/>\n<meta name=\"twitter:card\" content=\"summary_large_image\" \/>\n<meta name=\"twitter:label1\" content=\"Gesch\u00e4tzte Lesezeit\" \/>\n\t<meta name=\"twitter:data1\" content=\"2\u00a0Minuten\" \/>\n<script type=\"application\/ld+json\" class=\"yoast-schema-graph\">{\"@context\":\"https:\\\/\\\/schema.org\",\"@graph\":[{\"@type\":[\"WebPage\",\"ItemPage\"],\"@id\":\"https:\\\/\\\/www.purejewels.com\\\/product\\\/22ct-gold-pendant-necklace-43429\\\/\",\"url\":\"https:\\\/\\\/www.purejewels.com\\\/product\\\/22ct-gold-pendant-necklace-43429\\\/\",\"name\":\"Buy 22ct Gold Pendant Necklace from Rosette Collection\",\"isPartOf\":{\"@id\":\"https:\\\/\\\/www.purejewels.com\\\/#website\"},\"primaryImageOfPage\":{\"@id\":\"https:\\\/\\\/www.purejewels.com\\\/product\\\/22ct-gold-pendant-necklace-43429\\\/#primaryimage\"},\"image\":{\"@id\":\"https:\\\/\\\/www.purejewels.com\\\/product\\\/22ct-gold-pendant-necklace-43429\\\/#primaryimage\"},\"thumbnailUrl\":\"https:\\\/\\\/static.purejewels.com\\\/wp-content\\\/uploads\\\/2023\\\/07\\\/43429.jpg\",\"datePublished\":\"2024-07-15T05:56:29+00:00\",\"dateModified\":\"2026-02-02T09:15:39+00:00\",\"description\":\"Purchase the 22ct Gold Pendant Necklace from Rosette Collection. Elevate your style with exquisite elegance. Shop now! Free delivery across UK.\",\"breadcrumb\":{\"@id\":\"https:\\\/\\\/www.purejewels.com\\\/product\\\/22ct-gold-pendant-necklace-43429\\\/#breadcrumb\"},\"inLanguage\":\"de\",\"potentialAction\":[{\"@type\":\"ReadAction\",\"target\":[\"https:\\\/\\\/www.purejewels.com\\\/product\\\/22ct-gold-pendant-necklace-43429\\\/\"]}]},{\"@type\":\"ImageObject\",\"inLanguage\":\"de\",\"@id\":\"https:\\\/\\\/www.purejewels.com\\\/product\\\/22ct-gold-pendant-necklace-43429\\\/#primaryimage\",\"url\":\"https:\\\/\\\/static.purejewels.com\\\/wp-content\\\/uploads\\\/2023\\\/07\\\/43429.jpg\",\"contentUrl\":\"https:\\\/\\\/static.purejewels.com\\\/wp-content\\\/uploads\\\/2023\\\/07\\\/43429.jpg\",\"width\":1000,\"height\":1000,\"caption\":\"22ct Gold Pendant Necklace\"},{\"@type\":\"BreadcrumbList\",\"@id\":\"https:\\\/\\\/www.purejewels.com\\\/product\\\/22ct-gold-pendant-necklace-43429\\\/#breadcrumb\",\"itemListElement\":[{\"@type\":\"ListItem\",\"position\":1,\"name\":\"Home\",\"item\":\"https:\\\/\\\/www.purejewels.com\\\/\"},{\"@type\":\"ListItem\",\"position\":2,\"name\":\"Shop\",\"item\":\"https:\\\/\\\/www.purejewels.com\\\/shop\\\/\"},{\"@type\":\"ListItem\",\"position\":3,\"name\":\"22ct Gold Pendant Necklace | Rosette Collection\"}]},{\"@type\":\"WebSite\",\"@id\":\"https:\\\/\\\/www.purejewels.com\\\/#website\",\"url\":\"https:\\\/\\\/www.purejewels.com\\\/\",\"name\":\"PureJewels UK\",\"description\":\"Share the Love\",\"publisher\":{\"@id\":\"https:\\\/\\\/www.purejewels.com\\\/#organization\"},\"potentialAction\":[{\"@type\":\"SearchAction\",\"target\":{\"@type\":\"EntryPoint\",\"urlTemplate\":\"https:\\\/\\\/www.purejewels.com\\\/?s={search_term_string}\"},\"query-input\":{\"@type\":\"PropertyValueSpecification\",\"valueRequired\":true,\"valueName\":\"search_term_string\"}}],\"inLanguage\":\"de\"},{\"@type\":\"Organization\",\"@id\":\"https:\\\/\\\/www.purejewels.com\\\/#organization\",\"name\":\"PureJewels UK\",\"url\":\"https:\\\/\\\/www.purejewels.com\\\/\",\"logo\":{\"@type\":\"ImageObject\",\"inLanguage\":\"de\",\"@id\":\"https:\\\/\\\/www.purejewels.com\\\/#\\\/schema\\\/logo\\\/image\\\/\",\"url\":\"https:\\\/\\\/static.purejewels.com\\\/wp-content\\\/uploads\\\/2020\\\/11\\\/Logo-PJ-New-1.png\",\"contentUrl\":\"https:\\\/\\\/static.purejewels.com\\\/wp-content\\\/uploads\\\/2020\\\/11\\\/Logo-PJ-New-1.png\",\"width\":150,\"height\":80,\"caption\":\"PureJewels UK\"},\"image\":{\"@id\":\"https:\\\/\\\/www.purejewels.com\\\/#\\\/schema\\\/logo\\\/image\\\/\"}}]}<\/script>\n<!-- \/ Yoast SEO plugin. -->","yoast_head_json":{"title":"22ct Gold Anh\u00e4nger Halskette von Rosette Collection kaufen","description":"Kaufen Sie die 22-Karat-Gold-Anh\u00e4nger-Halskette von Rosette Collection. Erh\u00f6hen Sie Ihren Stil mit exquisiter Eleganz. Jetzt einkaufen! Kostenlose Lieferung in ganz Gro\u00dfbritannien.","robots":{"index":"index","follow":"follow","max-snippet":"max-snippet:-1","max-image-preview":"max-image-preview:large","max-video-preview":"max-video-preview:-1"},"canonical":"https:\/\/www.purejewels.com\/de\/produkt-2\/22ct-gold-anhanger-halskette-43429\/","og_locale":"de_DE","og_type":"article","og_title":"Buy 22ct Gold Pendant Necklace from Rosette Collection","og_description":"Purchase the 22ct Gold Pendant Necklace from Rosette Collection. Elevate your style with exquisite elegance. Shop now! Free delivery across UK.","og_url":"https:\/\/www.purejewels.com\/de\/produkt-2\/22ct-gold-anhanger-halskette-43429\/","og_site_name":"PureJewels UK","article_modified_time":"2026-02-02T09:15:39+00:00","og_image":[{"width":1000,"height":1000,"url":"https:\/\/static.purejewels.com\/wp-content\/uploads\/2023\/07\/43429.jpg","type":"image\/jpeg"}],"twitter_card":"summary_large_image","twitter_misc":{"Gesch\u00e4tzte Lesezeit":"2\u00a0Minuten"},"schema":{"@context":"https:\/\/schema.org","@graph":[{"@type":["WebPage","ItemPage"],"@id":"https:\/\/www.purejewels.com\/product\/22ct-gold-pendant-necklace-43429\/","url":"https:\/\/www.purejewels.com\/product\/22ct-gold-pendant-necklace-43429\/","name":"22ct Gold Anh\u00e4nger Halskette von Rosette Collection kaufen","isPartOf":{"@id":"https:\/\/www.purejewels.com\/#website"},"primaryImageOfPage":{"@id":"https:\/\/www.purejewels.com\/product\/22ct-gold-pendant-necklace-43429\/#primaryimage"},"image":{"@id":"https:\/\/www.purejewels.com\/product\/22ct-gold-pendant-necklace-43429\/#primaryimage"},"thumbnailUrl":"https:\/\/static.purejewels.com\/wp-content\/uploads\/2023\/07\/43429.jpg","datePublished":"2024-07-15T05:56:29+00:00","dateModified":"2026-02-02T09:15:39+00:00","description":"Kaufen Sie die 22-Karat-Gold-Anh\u00e4nger-Halskette von Rosette Collection. Erh\u00f6hen Sie Ihren Stil mit exquisiter Eleganz. Jetzt einkaufen! Kostenlose Lieferung in ganz Gro\u00dfbritannien.","breadcrumb":{"@id":"https:\/\/www.purejewels.com\/product\/22ct-gold-pendant-necklace-43429\/#breadcrumb"},"inLanguage":"de","potentialAction":[{"@type":"ReadAction","target":["https:\/\/www.purejewels.com\/product\/22ct-gold-pendant-necklace-43429\/"]}]},{"@type":"ImageObject","inLanguage":"de","@id":"https:\/\/www.purejewels.com\/product\/22ct-gold-pendant-necklace-43429\/#primaryimage","url":"https:\/\/static.purejewels.com\/wp-content\/uploads\/2023\/07\/43429.jpg","contentUrl":"https:\/\/static.purejewels.com\/wp-content\/uploads\/2023\/07\/43429.jpg","width":1000,"height":1000,"caption":"22ct Gold Pendant Necklace"},{"@type":"BreadcrumbList","@id":"https:\/\/www.purejewels.com\/product\/22ct-gold-pendant-necklace-43429\/#breadcrumb","itemListElement":[{"@type":"ListItem","position":1,"name":"Home","item":"https:\/\/www.purejewels.com\/"},{"@type":"ListItem","position":2,"name":"Shop","item":"https:\/\/www.purejewels.com\/shop\/"},{"@type":"ListItem","position":3,"name":"22ct Gold Pendant Necklace | Rosette Collection"}]},{"@type":"WebSite","@id":"https:\/\/www.purejewels.com\/#website","url":"https:\/\/www.purejewels.com\/","name":"PureJewels UK","description":"Teile die Liebe","publisher":{"@id":"https:\/\/www.purejewels.com\/#organization"},"potentialAction":[{"@type":"SearchAction","target":{"@type":"EntryPoint","urlTemplate":"https:\/\/www.purejewels.com\/?s={search_term_string}"},"query-input":{"@type":"PropertyValueSpecification","valueRequired":true,"valueName":"search_term_string"}}],"inLanguage":"de"},{"@type":"Organization","@id":"https:\/\/www.purejewels.com\/#organization","name":"PureJewels UK","url":"https:\/\/www.purejewels.com\/","logo":{"@type":"ImageObject","inLanguage":"de","@id":"https:\/\/www.purejewels.com\/#\/schema\/logo\/image\/","url":"https:\/\/static.purejewels.com\/wp-content\/uploads\/2020\/11\/Logo-PJ-New-1.png","contentUrl":"https:\/\/static.purejewels.com\/wp-content\/uploads\/2020\/11\/Logo-PJ-New-1.png","width":150,"height":80,"caption":"PureJewels UK"},"image":{"@id":"https:\/\/www.purejewels.com\/#\/schema\/logo\/image\/"}}]}},"_links":{"self":[{"href":"https:\/\/www.purejewels.com\/de\/wp-json\/wp\/v2\/product\/349005","targetHints":{"allow":["GET"]}}],"collection":[{"href":"https:\/\/www.purejewels.com\/de\/wp-json\/wp\/v2\/product"}],"about":[{"href":"https:\/\/www.purejewels.com\/de\/wp-json\/wp\/v2\/types\/product"}],"replies":[{"embeddable":true,"href":"https:\/\/www.purejewels.com\/de\/wp-json\/wp\/v2\/comments?post=349005"}],"version-history":[{"count":3,"href":"https:\/\/www.purejewels.com\/de\/wp-json\/wp\/v2\/product\/349005\/revisions"}],"predecessor-version":[{"id":411497,"href":"https:\/\/www.purejewels.com\/de\/wp-json\/wp\/v2\/product\/349005\/revisions\/411497"}],"wp:featuredmedia":[{"embeddable":true,"href":"https:\/\/www.purejewels.com\/de\/wp-json\/wp\/v2\/media\/349006"}],"wp:attachment":[{"href":"https:\/\/www.purejewels.com\/de\/wp-json\/wp\/v2\/media?parent=349005"}],"wp:term":[{"taxonomy":"product_brand","embeddable":true,"href":"https:\/\/www.purejewels.com\/de\/wp-json\/wp\/v2\/product_brand?post=349005"},{"taxonomy":"product_cat","embeddable":true,"href":"https:\/\/www.purejewels.com\/de\/wp-json\/wp\/v2\/product_cat?post=349005"},{"taxonomy":"product_tag","embeddable":true,"href":"https:\/\/www.purejewels.com\/de\/wp-json\/wp\/v2\/product_tag?post=349005"}],"curies":[{"name":"wp","href":"https:\/\/api.w.org\/{rel}","templated":true}]}}