{"id":349100,"date":"2025-05-19T04:54:59","date_gmt":"2025-05-19T03:54:59","guid":{"rendered":"https:\/\/www.purejewels.com\/?post_type=product&#038;p=349100"},"modified":"2026-03-05T05:23:40","modified_gmt":"2026-03-05T05:23:40","slug":"rosette-22ct-gold-ohrstecker-45679","status":"publish","type":"product","link":"https:\/\/www.purejewels.com\/de\/product\/rosette-22ct-gold-stud-45679\/","title":{"rendered":"Rosette 22ct Gold Ohrstecker | Durchmesser 5mm"},"content":{"rendered":"<p data-start=\"258\" data-end=\"336\"><strong data-start=\"258\" data-end=\"290\">Rosette Petite Stud <a href=\"https:\/\/www.purejewels.com\/de\/product-category\/22ct-gold-jewellery\/gold-earrings\/\">Ohrringe<\/a><\/strong><br data-start=\"290\" data-end=\"293\" \/><em data-start=\"293\" data-end=\"336\">Ein bl\u00fchendes Erbe, verfeinert f\u00fcr die t\u00e4gliche Anmut<\/em><\/p>\n<p data-start=\"338\" data-end=\"368\"><strong data-start=\"338\" data-end=\"368\">Urspr\u00fcnge und Symbolik des Designs<\/strong><\/p>\n<p data-start=\"370\" data-end=\"703\">Diese Ohrringe basieren auf dem zeitlosen Motiv der Rosette - einem Symbol f\u00fcr Sch\u00f6nheit, Erneuerung und die zyklische Natur des Lebens - und ehren ein Designerbe, das Kontinente und Jahrhunderte umspannt. Die Rosette, die in antiken Tempeln, mittelalterlicher Architektur und klassischem Schmuck zu finden ist, wird seit langem mit Triumph, Hingabe und weiblicher St\u00e4rke in Verbindung gebracht.<\/p>\n<p data-start=\"705\" data-end=\"966\">Bei PureJewels interpretieren wir dieses heilige Motiv durch eine zeitgen\u00f6ssische Linse neu und verbinden \u00f6stliche Kunstfertigkeit mit westlicher Raffinesse. Diese 5 mm kleinen Ohrstecker sind eine Hommage an die Schlichtheit und spiegeln die Eleganz unseres charakteristischen Rosettenanh\u00e4ngers in Miniaturform wider.<\/p>\n<p data-start=\"973\" data-end=\"1000\"><strong data-start=\"973\" data-end=\"1000\">Gefertigt aus Sunrise Gold<\/strong><\/p>\n<p data-start=\"1002\" data-end=\"1303\">Gegr\u00fcndet in <strong data-start=\"1012\" data-end=\"1028\">Sonnenaufgang Gold<\/strong>Diese Ohrringe aus einer warmen und strahlenden 22-kar\u00e4tigen Legierung, die es nur bei PureJewels gibt, erinnern an das erste Licht der Morgend\u00e4mmerung - ein Moment, der neue Anf\u00e4nge und stille St\u00e4rke symbolisiert. Der satte Goldton, gepaart mit einer matt-satinierten Oberfl\u00e4che, betont die nat\u00fcrlichen Kurven und die skulpturale Tiefe jedes Bl\u00fctenblattes.<\/p>\n<p data-start=\"1305\" data-end=\"1496\">Das Zentrum bietet eine sch\u00f6ne <strong data-start=\"1332\" data-end=\"1343\">Granulat<\/strong>handgeschliffen von unseren Meisterhandwerkern in <strong data-start=\"1387\" data-end=\"1396\">Indien<\/strong>Sie fangen das Licht mit einem edelsteinartigen Schimmer ein - ein dezenter Schimmer, der sowohl K\u00f6nnen als auch Seele widerspiegelt.<\/p>\n<p data-start=\"1503\" data-end=\"1528\"><strong data-start=\"1503\" data-end=\"1528\">Die Ehrfurcht vor dem Handwerk<\/strong><\/p>\n<p data-start=\"1530\" data-end=\"1857\">Jedes Paar wird nach dem traditionellen <strong data-start=\"1574\" data-end=\"1600\">Stanztechnik<\/strong>-ein altes Verfahren, das au\u00dfergew\u00f6hnliche Pr\u00e4zision erfordert. Dieses arbeitsintensive Verfahren war einst feinen M\u00fcnzen und zeremoniellen Medaillons vorbehalten. Heute wird es von PureJewels als Zeichen dauerhafter Qualit\u00e4t und zur Feier der Handwerkskunst einer ganzen Generation beibehalten.<\/p>\n<p data-start=\"1859\" data-end=\"2110\">Diese Ohrringe werden in Zusammenarbeit mit unseren Handwerkspartnern in Indien hergestellt, deren tief verwurzelte Fertigkeiten jeder Kurve eine besondere Note verleihen. Sie wurden mit Blick auf Langlebigkeit und Komfort entworfen und sind ideal f\u00fcr den t\u00e4glichen Gebrauch - leicht, f\u00fchlbar und bedeutungsvoll.<\/p>\n<p data-start=\"2117\" data-end=\"2135\"><strong data-start=\"2117\" data-end=\"2135\">Spezifikationen<\/strong><\/p>\n<ul data-start=\"2137\" data-end=\"2320\">\n<li data-start=\"2137\" data-end=\"2169\">\n<p data-start=\"2139\" data-end=\"2169\"><strong data-start=\"2139\" data-end=\"2148\">Metall<\/strong>: 22ct Sunrise Gold<\/p>\n<\/li>\n<li data-start=\"2170\" data-end=\"2196\">\n<p data-start=\"2172\" data-end=\"2196\"><strong data-start=\"2172\" data-end=\"2180\">Gr\u00f6\u00dfe<\/strong>: 5 mm Durchmesser<\/p>\n<\/li>\n<li data-start=\"2197\" data-end=\"2252\">\n<p data-start=\"2199\" data-end=\"2252\"><strong data-start=\"2199\" data-end=\"2209\">Oberfl\u00e4che<\/strong>: Mattsatin mit handgeschliffenem Zentrum<\/p>\n<\/li>\n<li data-start=\"2253\" data-end=\"2297\">\n<p data-start=\"2255\" data-end=\"2297\"><strong data-start=\"2255\" data-end=\"2264\">Handwerk<\/strong>: Gestempelt und handgefertigt<\/p>\n<\/li>\n<li data-start=\"2298\" data-end=\"2320\">\n<p data-start=\"2300\" data-end=\"2320\"><strong data-start=\"2300\" data-end=\"2311\">Hergestellt in<\/strong>: Indien<\/p>\n<\/li>\n<\/ul>\n<p data-start=\"2327\" data-end=\"2356\"><strong data-start=\"2327\" data-end=\"2356\">Eine Bl\u00fcte zum Mitnehmen<\/strong><\/p>\n<p data-start=\"2358\" data-end=\"2615\">Diese zierlichen Rosetten-Ohrringe sind mehr als nur Schmuck - sie sind ein Symbol f\u00fcr pers\u00f6nliche Siege und stilles Vertrauen. Ob allein oder zusammen mit dem Rosetten-Anh\u00e4nger getragen, sie strahlen eine subtile Ausstrahlung aus, die Sie durch die Kapitel Ihrer Geschichte begleiten wird.<\/p>\n<ul>\n<li><b>Bereich ID:<\/b> JWERSTRS002<\/li>\n<li>SKU: 47052, 45679<\/li>\n<\/ul>","protected":false},"excerpt":{"rendered":"<p data-start=\"179\" data-end=\"243\"><strong data-start=\"179\" data-end=\"243\">Kleine Rosetten-Ohrstecker - f\u00fcr allt\u00e4gliche Eleganz geschaffen<\/strong><\/p>\n<p data-start=\"245\" data-end=\"547\">Diese bezaubernden 5 mm gro\u00dfen Ohrringe sind eine zarte Erweiterung unserer charakteristischen Rosetten-Kollektion und ein Fest des subtilen Luxus. Jede Bl\u00fcte, die im traditionellen Stanzverfahren hergestellt wird, weist in der Mitte eine komplizierte Granulation auf - von Hand geschliffen, um das Licht einzufangen und mit einem edelsteinartigen Schimmer zu reflektieren.<\/p>\n<p data-start=\"549\" data-end=\"785\">Mit ihrer zierlichen Form und ihrem tiefgr\u00fcndigen Charakter sind diese Ohrringe ideal f\u00fcr das t\u00e4gliche Tragen - sie verleihen bei jeder Gelegenheit ein sanftes Strahlen des Vertrauens. Mit ihrem durchdachten Design f\u00fcr Komfort und Anmut ehren sie die stillen Triumphe des Lebens und die dauerhafte Sch\u00f6nheit.<\/p>\n<table class=\"sh_desc\">\n<tbody>\n<tr>\n<td>Art des Ohrrings<\/td>\n<td>Ohrstecker<\/td>\n<\/tr>\n<tr>\n<td>SKU<\/td>\n<td>47052, 45679<\/td>\n<\/tr>\n<tr>\n<td>Gewicht<\/td>\n<td>1.2 Gms<\/td>\n<\/tr>\n<tr>\n<td>Metall<\/td>\n<td>22ct Gold<\/td>\n<\/tr>\n<tr>\n<td>KatalogID<\/td>\n<td>R1082<\/td>\n<\/tr>\n<tr>\n<td>Entgelte<\/td>\n<td>Lieferung und Mehrwertsteuer inbegriffen<\/td>\n<\/tr>\n<tr>\n<td>Verpackung<\/td>\n<td>Mit Pr\u00e4sentationsbox<\/td>\n<\/tr>\n<tr>\n<td>Mehr Informationen<\/td>\n<td>Live-Chat mit uns f\u00fcr Verf\u00fcgbarkeit und mehr Bilder<\/td>\n<\/tr>\n<\/tbody>\n<\/table>","protected":false},"featured_media":350155,"comment_status":"closed","ping_status":"closed","template":"","meta":{"_eb_attr":"","_crsspst_to_jayantr4sg-hostcom":false},"product_brand":[],"product_cat":[1791,1559,1576,6190,5701,1792,1790,1254,1229,5343,1570,6146,1656,5274,1577,1575,1573,1574,5349],"product_tag":[66],"class_list":{"0":"post-349100","1":"product","2":"type-product","3":"status-publish","4":"has-post-thumbnail","6":"product_cat-anniversary-gifts","7":"product_cat-birthday-gifts","8":"product_cat-childrens-jewellery","9":"product_cat-easter-jewellery","10":"product_cat-eid-jewellery","11":"product_cat-festival-gifts","12":"product_cat-for-whom-when","13":"product_cat-gold-earrings","14":"product_cat-22ct-gold-jewellery","15":"product_cat-jewellery-under-550","16":"product_cat-mothers-day-gifts","17":"product_cat-rosette-stud","18":"product_cat-rosettes-collections","19":"product_cat-rosettes-earring","20":"product_cat-stud-earrings","21":"product_cat-teenage-jewellery","22":"product_cat-wedding-gifts","23":"product_cat-womens-jewellery","24":"product_cat-yellow-gold-jewellery","25":"product_tag-earrings","27":"first","28":"instock","29":"taxable","30":"shipping-taxable","31":"purchasable","32":"product-type-simple","33":"add-to-wishlist-before_image"},"yoast_head":"<!-- This site is optimized with the Yoast SEO plugin v27.3 - https:\/\/yoast.com\/product\/yoast-seo-wordpress\/ -->\n<title>Rosette 22ct Gold Stud | Diameter 5mm | PureJewels UK<\/title>\n<meta name=\"description\" content=\"Get Rosette 22ct Gold Stud 5 mm online - a classic touch of elegance and sophistication. Elevate your style now! Free delivery across UK.\" \/>\n<meta name=\"robots\" content=\"index, follow, max-snippet:-1, max-image-preview:large, max-video-preview:-1\" \/>\n<link rel=\"canonical\" href=\"https:\/\/www.purejewels.com\/de\/produkt-2\/rosette-22ct-gold-ohrstecker-45679\/\" \/>\n<meta property=\"og:locale\" content=\"de_DE\" \/>\n<meta property=\"og:type\" content=\"article\" \/>\n<meta property=\"og:title\" content=\"Rosette 22ct Gold Stud | Diameter 5mm | PureJewels UK\" \/>\n<meta property=\"og:description\" content=\"Get Rosette 22ct Gold Stud 5 mm online - a classic touch of elegance and sophistication. Elevate your style now! Free delivery across UK.\" \/>\n<meta property=\"og:url\" content=\"https:\/\/www.purejewels.com\/de\/produkt-2\/rosette-22ct-gold-ohrstecker-45679\/\" \/>\n<meta property=\"og:site_name\" content=\"PureJewels UK\" \/>\n<meta property=\"article:modified_time\" content=\"2026-03-05T05:23:40+00:00\" \/>\n<meta property=\"og:image\" content=\"https:\/\/static.purejewels.com\/wp-content\/uploads\/2023\/07\/SKU-44602.jpg\" \/>\n\t<meta property=\"og:image:width\" content=\"1\" \/>\n\t<meta property=\"og:image:height\" content=\"1\" \/>\n\t<meta property=\"og:image:type\" content=\"image\/jpeg\" \/>\n<meta name=\"twitter:card\" content=\"summary_large_image\" \/>\n<meta name=\"twitter:label1\" content=\"Gesch\u00e4tzte Lesezeit\" \/>\n\t<meta name=\"twitter:data1\" content=\"1\u00a0Minute\" \/>\n<script type=\"application\/ld+json\" class=\"yoast-schema-graph\">{\"@context\":\"https:\\\/\\\/schema.org\",\"@graph\":[{\"@type\":[\"WebPage\",\"ItemPage\"],\"@id\":\"https:\\\/\\\/www.purejewels.com\\\/product\\\/rosette-22ct-gold-stud-45679\\\/\",\"url\":\"https:\\\/\\\/www.purejewels.com\\\/product\\\/rosette-22ct-gold-stud-45679\\\/\",\"name\":\"Rosette 22ct Gold Stud | Diameter 5mm | PureJewels UK\",\"isPartOf\":{\"@id\":\"https:\\\/\\\/www.purejewels.com\\\/#website\"},\"primaryImageOfPage\":{\"@id\":\"https:\\\/\\\/www.purejewels.com\\\/product\\\/rosette-22ct-gold-stud-45679\\\/#primaryimage\"},\"image\":{\"@id\":\"https:\\\/\\\/www.purejewels.com\\\/product\\\/rosette-22ct-gold-stud-45679\\\/#primaryimage\"},\"thumbnailUrl\":\"https:\\\/\\\/static.purejewels.com\\\/wp-content\\\/uploads\\\/2023\\\/07\\\/SKU-44602.jpg\",\"datePublished\":\"2025-05-19T03:54:59+00:00\",\"dateModified\":\"2026-03-05T05:23:40+00:00\",\"description\":\"Get Rosette 22ct Gold Stud 5 mm online - a classic touch of elegance and sophistication. Elevate your style now! Free delivery across UK.\",\"breadcrumb\":{\"@id\":\"https:\\\/\\\/www.purejewels.com\\\/product\\\/rosette-22ct-gold-stud-45679\\\/#breadcrumb\"},\"inLanguage\":\"de\",\"potentialAction\":[{\"@type\":\"ReadAction\",\"target\":[\"https:\\\/\\\/www.purejewels.com\\\/product\\\/rosette-22ct-gold-stud-45679\\\/\"]}]},{\"@type\":\"ImageObject\",\"inLanguage\":\"de\",\"@id\":\"https:\\\/\\\/www.purejewels.com\\\/product\\\/rosette-22ct-gold-stud-45679\\\/#primaryimage\",\"url\":\"https:\\\/\\\/static.purejewels.com\\\/wp-content\\\/uploads\\\/2023\\\/07\\\/SKU-44602.jpg\",\"contentUrl\":\"https:\\\/\\\/static.purejewels.com\\\/wp-content\\\/uploads\\\/2023\\\/07\\\/SKU-44602.jpg\",\"caption\":\"Rosette 22ct Gold Stud\"},{\"@type\":\"BreadcrumbList\",\"@id\":\"https:\\\/\\\/www.purejewels.com\\\/product\\\/rosette-22ct-gold-stud-45679\\\/#breadcrumb\",\"itemListElement\":[{\"@type\":\"ListItem\",\"position\":1,\"name\":\"Home\",\"item\":\"https:\\\/\\\/www.purejewels.com\\\/\"},{\"@type\":\"ListItem\",\"position\":2,\"name\":\"Shop\",\"item\":\"https:\\\/\\\/www.purejewels.com\\\/shop\\\/\"},{\"@type\":\"ListItem\",\"position\":3,\"name\":\"Rosette 22ct Gold Stud | Diameter 5mm\"}]},{\"@type\":\"WebSite\",\"@id\":\"https:\\\/\\\/www.purejewels.com\\\/#website\",\"url\":\"https:\\\/\\\/www.purejewels.com\\\/\",\"name\":\"PureJewels UK\",\"description\":\"Share the Love\",\"publisher\":{\"@id\":\"https:\\\/\\\/www.purejewels.com\\\/#organization\"},\"potentialAction\":[{\"@type\":\"SearchAction\",\"target\":{\"@type\":\"EntryPoint\",\"urlTemplate\":\"https:\\\/\\\/www.purejewels.com\\\/?s={search_term_string}\"},\"query-input\":{\"@type\":\"PropertyValueSpecification\",\"valueRequired\":true,\"valueName\":\"search_term_string\"}}],\"inLanguage\":\"de\"},{\"@type\":\"Organization\",\"@id\":\"https:\\\/\\\/www.purejewels.com\\\/#organization\",\"name\":\"PureJewels UK\",\"url\":\"https:\\\/\\\/www.purejewels.com\\\/\",\"logo\":{\"@type\":\"ImageObject\",\"inLanguage\":\"de\",\"@id\":\"https:\\\/\\\/www.purejewels.com\\\/#\\\/schema\\\/logo\\\/image\\\/\",\"url\":\"https:\\\/\\\/static.purejewels.com\\\/wp-content\\\/uploads\\\/2020\\\/11\\\/Logo-PJ-New-1.png\",\"contentUrl\":\"https:\\\/\\\/static.purejewels.com\\\/wp-content\\\/uploads\\\/2020\\\/11\\\/Logo-PJ-New-1.png\",\"width\":150,\"height\":80,\"caption\":\"PureJewels UK\"},\"image\":{\"@id\":\"https:\\\/\\\/www.purejewels.com\\\/#\\\/schema\\\/logo\\\/image\\\/\"}}]}<\/script>\n<!-- \/ Yoast SEO plugin. -->","yoast_head_json":{"title":"Rosette 22ct Gold Stud | Durchmesser 5mm | PureJewels UK","description":"Rosette 22ct Gold Stud 5 mm online kaufen - ein klassischer Touch von Eleganz und Raffinesse. Erh\u00f6hen Sie jetzt Ihren Stil! Kostenlose Lieferung in ganz Gro\u00dfbritannien.","robots":{"index":"index","follow":"follow","max-snippet":"max-snippet:-1","max-image-preview":"max-image-preview:large","max-video-preview":"max-video-preview:-1"},"canonical":"https:\/\/www.purejewels.com\/de\/produkt-2\/rosette-22ct-gold-ohrstecker-45679\/","og_locale":"de_DE","og_type":"article","og_title":"Rosette 22ct Gold Stud | Diameter 5mm | PureJewels UK","og_description":"Get Rosette 22ct Gold Stud 5 mm online - a classic touch of elegance and sophistication. Elevate your style now! Free delivery across UK.","og_url":"https:\/\/www.purejewels.com\/de\/produkt-2\/rosette-22ct-gold-ohrstecker-45679\/","og_site_name":"PureJewels UK","article_modified_time":"2026-03-05T05:23:40+00:00","og_image":[{"url":"https:\/\/static.purejewels.com\/wp-content\/uploads\/2023\/07\/SKU-44602.jpg","width":1,"height":1,"type":"image\/jpeg"}],"twitter_card":"summary_large_image","twitter_misc":{"Gesch\u00e4tzte Lesezeit":"1\u00a0Minute"},"schema":{"@context":"https:\/\/schema.org","@graph":[{"@type":["WebPage","ItemPage"],"@id":"https:\/\/www.purejewels.com\/product\/rosette-22ct-gold-stud-45679\/","url":"https:\/\/www.purejewels.com\/product\/rosette-22ct-gold-stud-45679\/","name":"Rosette 22ct Gold Stud | Durchmesser 5mm | PureJewels UK","isPartOf":{"@id":"https:\/\/www.purejewels.com\/#website"},"primaryImageOfPage":{"@id":"https:\/\/www.purejewels.com\/product\/rosette-22ct-gold-stud-45679\/#primaryimage"},"image":{"@id":"https:\/\/www.purejewels.com\/product\/rosette-22ct-gold-stud-45679\/#primaryimage"},"thumbnailUrl":"https:\/\/static.purejewels.com\/wp-content\/uploads\/2023\/07\/SKU-44602.jpg","datePublished":"2025-05-19T03:54:59+00:00","dateModified":"2026-03-05T05:23:40+00:00","description":"Rosette 22ct Gold Stud 5 mm online kaufen - ein klassischer Touch von Eleganz und Raffinesse. Erh\u00f6hen Sie jetzt Ihren Stil! Kostenlose Lieferung in ganz Gro\u00dfbritannien.","breadcrumb":{"@id":"https:\/\/www.purejewels.com\/product\/rosette-22ct-gold-stud-45679\/#breadcrumb"},"inLanguage":"de","potentialAction":[{"@type":"ReadAction","target":["https:\/\/www.purejewels.com\/product\/rosette-22ct-gold-stud-45679\/"]}]},{"@type":"ImageObject","inLanguage":"de","@id":"https:\/\/www.purejewels.com\/product\/rosette-22ct-gold-stud-45679\/#primaryimage","url":"https:\/\/static.purejewels.com\/wp-content\/uploads\/2023\/07\/SKU-44602.jpg","contentUrl":"https:\/\/static.purejewels.com\/wp-content\/uploads\/2023\/07\/SKU-44602.jpg","caption":"Rosette 22ct Gold Stud"},{"@type":"BreadcrumbList","@id":"https:\/\/www.purejewels.com\/product\/rosette-22ct-gold-stud-45679\/#breadcrumb","itemListElement":[{"@type":"ListItem","position":1,"name":"Home","item":"https:\/\/www.purejewels.com\/"},{"@type":"ListItem","position":2,"name":"Shop","item":"https:\/\/www.purejewels.com\/shop\/"},{"@type":"ListItem","position":3,"name":"Rosette 22ct Gold Stud | Diameter 5mm"}]},{"@type":"WebSite","@id":"https:\/\/www.purejewels.com\/#website","url":"https:\/\/www.purejewels.com\/","name":"PureJewels UK","description":"Teile die Liebe","publisher":{"@id":"https:\/\/www.purejewels.com\/#organization"},"potentialAction":[{"@type":"SearchAction","target":{"@type":"EntryPoint","urlTemplate":"https:\/\/www.purejewels.com\/?s={search_term_string}"},"query-input":{"@type":"PropertyValueSpecification","valueRequired":true,"valueName":"search_term_string"}}],"inLanguage":"de"},{"@type":"Organization","@id":"https:\/\/www.purejewels.com\/#organization","name":"PureJewels UK","url":"https:\/\/www.purejewels.com\/","logo":{"@type":"ImageObject","inLanguage":"de","@id":"https:\/\/www.purejewels.com\/#\/schema\/logo\/image\/","url":"https:\/\/static.purejewels.com\/wp-content\/uploads\/2020\/11\/Logo-PJ-New-1.png","contentUrl":"https:\/\/static.purejewels.com\/wp-content\/uploads\/2020\/11\/Logo-PJ-New-1.png","width":150,"height":80,"caption":"PureJewels UK"},"image":{"@id":"https:\/\/www.purejewels.com\/#\/schema\/logo\/image\/"}}]}},"_links":{"self":[{"href":"https:\/\/www.purejewels.com\/de\/wp-json\/wp\/v2\/product\/349100","targetHints":{"allow":["GET"]}}],"collection":[{"href":"https:\/\/www.purejewels.com\/de\/wp-json\/wp\/v2\/product"}],"about":[{"href":"https:\/\/www.purejewels.com\/de\/wp-json\/wp\/v2\/types\/product"}],"replies":[{"embeddable":true,"href":"https:\/\/www.purejewels.com\/de\/wp-json\/wp\/v2\/comments?post=349100"}],"version-history":[{"count":5,"href":"https:\/\/www.purejewels.com\/de\/wp-json\/wp\/v2\/product\/349100\/revisions"}],"predecessor-version":[{"id":414477,"href":"https:\/\/www.purejewels.com\/de\/wp-json\/wp\/v2\/product\/349100\/revisions\/414477"}],"wp:featuredmedia":[{"embeddable":true,"href":"https:\/\/www.purejewels.com\/de\/wp-json\/wp\/v2\/media\/350155"}],"wp:attachment":[{"href":"https:\/\/www.purejewels.com\/de\/wp-json\/wp\/v2\/media?parent=349100"}],"wp:term":[{"taxonomy":"product_brand","embeddable":true,"href":"https:\/\/www.purejewels.com\/de\/wp-json\/wp\/v2\/product_brand?post=349100"},{"taxonomy":"product_cat","embeddable":true,"href":"https:\/\/www.purejewels.com\/de\/wp-json\/wp\/v2\/product_cat?post=349100"},{"taxonomy":"product_tag","embeddable":true,"href":"https:\/\/www.purejewels.com\/de\/wp-json\/wp\/v2\/product_tag?post=349100"}],"curies":[{"name":"wp","href":"https:\/\/api.w.org\/{rel}","templated":true}]}}