{"id":3492,"date":"2017-07-19T13:14:00","date_gmt":"2017-07-19T12:14:00","guid":{"rendered":"http:\/\/new.purejewels.com\/product\/liana-earrings\/"},"modified":"2026-01-06T06:57:52","modified_gmt":"2026-01-06T06:57:52","slug":"lianen-ohrringe","status":"publish","type":"product","link":"https:\/\/www.purejewels.com\/de\/product\/liana-earrings\/","title":{"rendered":"Liana-Ohrringe"},"content":{"rendered":"<p>SKU 15804<\/p>","protected":false},"excerpt":{"rendered":"<p>&nbsp;<\/p>\n<ul>\n<li>Ohrring aus 18 Karat Wei\u00dfgold<\/li>\n<li>Diamanten 0,38 Karat, Aquamarine 0,84 Karat<\/li>\n<li>Kann in rosa Turmalin, gr\u00fcnem Turmalin und Morganit hergestellt werden<\/li>\n<li>Gepunzt von London Assay Office<\/li>\n<li>Mit Pr\u00e4sentationsbox<\/li>\n<li>Lieferung inbegriffen<\/li>\n<li>Alle Preise inklusive Mehrwertsteuer<\/li>\n<li>Live-Chat mit uns f\u00fcr die Verf\u00fcgbarkeit und mehr Bilder von \u00e4hnlichen Designs derzeit auf Lager<\/li>\n<\/ul>\n<p><strong>Liana Aquamarin-Ohrringe<br \/>\n<\/strong>Wundersch\u00f6nes 18-kar\u00e4tiges Wei\u00dfgold taucht mit Schwung aus Ihrem Ohr: Diese dramatischen Ohrringe sind perfekt f\u00fcr besondere Anl\u00e4sse.<\/p>\n<p><em>Liana<\/em> ist eine Archivkollektion, die bei PureJewels zu einem lebenslangen Favoriten geworden ist.  Sie zeichnet sich durch poliertes Wei\u00dfgold und kristallklare Aquamarine aus und wird von romantischen und eleganten Frauen \u00fcberall geliebt.<\/p>\n<p>Diese Ohrringe sind mit 0,38 Karat Diamanten besetzt und k\u00f6nnen mit Aquamarin (hier zu sehen) oder einem Stein Ihrer Wahl gefertigt werden.  W\u00e4hlen Sie zwischen einem femininen rosa Turmalin, einem rosafarbenen Morganit, einem durchsetzungsf\u00e4higen gr\u00fcnen Turmalin oder einem vertr\u00e4umten Aquamarin.  Je nachdem, wof\u00fcr Sie sich entscheiden, wird Ihr <em>Liana<\/em> Die Ohrringe nehmen ein wenig von deiner Pers\u00f6nlichkeit an!<\/p>\n<p>Sie k\u00f6nnen sogar f\u00fcr jeden Stein einen anderen w\u00e4hlen <em>Liana<\/em> St\u00fcck in Ihrer Sammlung: ein Garten voller bunter Blumen.<\/p>\n<p><strong>Ein Lianen-Set erstellen<\/strong><br \/>\nDie <em>Liana<\/em> Ohrringe sehen sensationell aus, wenn Sie sie allein als Teil Ihrer Abendgarderobe tragen.  Wir haben sie aber auch schon mit der Halskette kombiniert gesehen, um ein spektakul\u00e4res Brautschmuckset zu kreieren.  Dekadent mit Diamanten verziert, <em>Liana<\/em> ist eines roten Teppichs w\u00fcrdig.<\/p>\n<p><strong>\u00dcber PureJewels<br \/>\n<\/strong><em>Liana<\/em> ist eine unserer exklusiven Kollektionen, die von unserem hauseigenen Team entworfen wurde.  Wir blicken auf eine lange Tradition von Design und Handwerkskunst zur\u00fcck, die mit der Gr\u00fcndung von Bhanji Gokaldas PureJewels vor mehr als 40 Jahren begann.  Heute konzentrieren wir uns auf die Verwendung von feinstem Gold und Steinen in unseren Kollektionen, die gr\u00f6\u00dftenteils in Gro\u00dfbritannien hergestellt werden.  Unser Team bezieht au\u00dferdem wundersch\u00f6nen Schmuck aus der ganzen Welt.<\/p>\n<p>Z\u00f6gern Sie bei Ihren Entscheidungen?  Dann \u00f6ffnen Sie den Live-Chat und sprechen Sie mit uns \u00fcber Ihre Schmuckauswahl.  Wir k\u00f6nnen Ihnen dabei helfen, ein pers\u00f6nliches Brautset zusammenzustellen oder ein Schmuckst\u00fcck auf Ihr Outfit abzustimmen.  Wir k\u00f6nnen Ihnen sogar helfen, das perfekte Geschenk zu finden!  Chatten Sie online oder rufen Sie an, um mit einem unserer Berater im Londoner Ausstellungsraum zu sprechen.<\/p>","protected":false},"featured_media":3493,"comment_status":"closed","ping_status":"closed","template":"","meta":{"_eb_attr":"","_crsspst_to_jayantr4sg-hostcom":false},"product_brand":[],"product_cat":[236,1685,253,1229,1537],"product_tag":[],"class_list":{"0":"post-3492","1":"product","2":"type-product","3":"status-publish","4":"has-post-thumbnail","6":"product_cat-collections","7":"product_cat-drop-earrings","8":"product_cat-floralia-collections","9":"product_cat-22ct-gold-jewellery","10":"product_cat-white-gold-jewellery-set","12":"first","13":"outofstock","14":"product-type-simple","15":"add-to-wishlist-before_image"},"yoast_head":"<!-- This site is optimized with the Yoast SEO plugin v27.3 - https:\/\/yoast.com\/product\/yoast-seo-wordpress\/ -->\n<title>Liana Earrings - PureJewels UK<\/title>\n<meta name=\"robots\" content=\"index, follow, max-snippet:-1, max-image-preview:large, max-video-preview:-1\" \/>\n<link rel=\"canonical\" href=\"https:\/\/www.purejewels.com\/de\/produkt-2\/lianen-ohrringe\/\" \/>\n<meta property=\"og:locale\" content=\"de_DE\" \/>\n<meta property=\"og:type\" content=\"article\" \/>\n<meta property=\"og:title\" content=\"Liana Earrings - PureJewels UK\" \/>\n<meta property=\"og:description\" content=\"&nbsp;   18ct white gold Earring  Diamonds 0.38 cts, Aquamarines 0.84 cts  Can be created in pink tourmaline, green tourmaline and morganite  Hallmarked by London Assay Office  Comes With Presentation Box  Delivery Included  All prices include VAT  Live chat with us for availability and more images of similar designs currently in stock  Liana aquamarine earrings Gorgeous 18ct white gold dives from your ear with a flourish: these dramatic drop earrings are perfect for special occasions.  Liana is an archive collection that has become a lifelong favourite at PureJewels.\u00a0 Characterised by polished white gold and crystal-clear aquamarine, it\u2019s beloved by romantic and chic women everywhere.  These earrings are dressed with 0.38ct of diamonds, and can be made with aquamarine (seen here) or your choice of stone.\u00a0 Pick from feminine pink tourmaline, rosy-hued morganite, assertive green tourmaline, or dreamy aqua.\u00a0 Depending which you choose, your Liana earrings take on a little bit of your personality!  You can even choose a different stone for each Liana piece in your collection: a garden full of bright flowers.  Create a Liana set The Liana earrings look sensational worn alone as part of your evening attire.\u00a0 But we\u2019ve seen them combined with the necklace to create a spectacular bridal jewellery set.\u00a0 Decadently trimmed with diamonds, Liana is red-carpet-worthy.  About PureJewels Liana is one of our exclusive collections designed by the in-house team.\u00a0 We have a long tradition of design and craftsmanship that started when Bhanji Gokaldas PureJewels more than 40 years ago.\u00a0 Today, we are focused on using the finest gold and stones in our collections, which are largely crafted in Britain.\u00a0 Our team also sources beautiful jewellery from all over the world.  Hesitating in your decisions?\u00a0 Why not open Live Chat and talk to us about your jewellery choices.\u00a0 We can help you to create a personal bridal set or match a piece to your outfit.\u00a0 We can even help you choose the perfect gift!\u00a0 Chat online or call to speak to one of our advisors in the London show room.\" \/>\n<meta property=\"og:url\" content=\"https:\/\/www.purejewels.com\/de\/produkt-2\/lianen-ohrringe\/\" \/>\n<meta property=\"og:site_name\" content=\"PureJewels UK\" \/>\n<meta property=\"article:modified_time\" content=\"2026-01-06T06:57:52+00:00\" \/>\n<meta property=\"og:image\" content=\"https:\/\/www.purejewels.com\/wp-content\/uploads\/2017\/07\/liana-earrings-15804-2.jpg\" \/>\n\t<meta property=\"og:image:width\" content=\"960\" \/>\n\t<meta property=\"og:image:height\" content=\"960\" \/>\n\t<meta property=\"og:image:type\" content=\"image\/jpeg\" \/>\n<meta name=\"twitter:card\" content=\"summary_large_image\" \/>\n<meta name=\"twitter:label1\" content=\"Gesch\u00e4tzte Lesezeit\" \/>\n\t<meta name=\"twitter:data1\" content=\"1\u00a0Minute\" \/>\n<script type=\"application\/ld+json\" class=\"yoast-schema-graph\">{\"@context\":\"https:\\\/\\\/schema.org\",\"@graph\":[{\"@type\":[\"WebPage\",\"ItemPage\"],\"@id\":\"https:\\\/\\\/www.purejewels.com\\\/product\\\/liana-earrings\\\/\",\"url\":\"https:\\\/\\\/www.purejewels.com\\\/product\\\/liana-earrings\\\/\",\"name\":\"Liana Earrings - PureJewels UK\",\"isPartOf\":{\"@id\":\"https:\\\/\\\/www.purejewels.com\\\/#website\"},\"primaryImageOfPage\":{\"@id\":\"https:\\\/\\\/www.purejewels.com\\\/product\\\/liana-earrings\\\/#primaryimage\"},\"image\":{\"@id\":\"https:\\\/\\\/www.purejewels.com\\\/product\\\/liana-earrings\\\/#primaryimage\"},\"thumbnailUrl\":\"https:\\\/\\\/static.purejewels.com\\\/wp-content\\\/uploads\\\/2017\\\/07\\\/liana-earrings-15804-2.jpg\",\"datePublished\":\"2017-07-19T12:14:00+00:00\",\"dateModified\":\"2026-01-06T06:57:52+00:00\",\"breadcrumb\":{\"@id\":\"https:\\\/\\\/www.purejewels.com\\\/product\\\/liana-earrings\\\/#breadcrumb\"},\"inLanguage\":\"de\",\"potentialAction\":[{\"@type\":\"ReadAction\",\"target\":[\"https:\\\/\\\/www.purejewels.com\\\/product\\\/liana-earrings\\\/\"]}]},{\"@type\":\"ImageObject\",\"inLanguage\":\"de\",\"@id\":\"https:\\\/\\\/www.purejewels.com\\\/product\\\/liana-earrings\\\/#primaryimage\",\"url\":\"https:\\\/\\\/static.purejewels.com\\\/wp-content\\\/uploads\\\/2017\\\/07\\\/liana-earrings-15804-2.jpg\",\"contentUrl\":\"https:\\\/\\\/static.purejewels.com\\\/wp-content\\\/uploads\\\/2017\\\/07\\\/liana-earrings-15804-2.jpg\",\"width\":960,\"height\":960,\"caption\":\"liana-earrings-15804.jpg\"},{\"@type\":\"BreadcrumbList\",\"@id\":\"https:\\\/\\\/www.purejewels.com\\\/product\\\/liana-earrings\\\/#breadcrumb\",\"itemListElement\":[{\"@type\":\"ListItem\",\"position\":1,\"name\":\"Home\",\"item\":\"https:\\\/\\\/www.purejewels.com\\\/\"},{\"@type\":\"ListItem\",\"position\":2,\"name\":\"Shop\",\"item\":\"https:\\\/\\\/www.purejewels.com\\\/shop\\\/\"},{\"@type\":\"ListItem\",\"position\":3,\"name\":\"Liana Earrings\"}]},{\"@type\":\"WebSite\",\"@id\":\"https:\\\/\\\/www.purejewels.com\\\/#website\",\"url\":\"https:\\\/\\\/www.purejewels.com\\\/\",\"name\":\"PureJewels UK\",\"description\":\"Share the Love\",\"publisher\":{\"@id\":\"https:\\\/\\\/www.purejewels.com\\\/#organization\"},\"potentialAction\":[{\"@type\":\"SearchAction\",\"target\":{\"@type\":\"EntryPoint\",\"urlTemplate\":\"https:\\\/\\\/www.purejewels.com\\\/?s={search_term_string}\"},\"query-input\":{\"@type\":\"PropertyValueSpecification\",\"valueRequired\":true,\"valueName\":\"search_term_string\"}}],\"inLanguage\":\"de\"},{\"@type\":\"Organization\",\"@id\":\"https:\\\/\\\/www.purejewels.com\\\/#organization\",\"name\":\"PureJewels UK\",\"url\":\"https:\\\/\\\/www.purejewels.com\\\/\",\"logo\":{\"@type\":\"ImageObject\",\"inLanguage\":\"de\",\"@id\":\"https:\\\/\\\/www.purejewels.com\\\/#\\\/schema\\\/logo\\\/image\\\/\",\"url\":\"https:\\\/\\\/static.purejewels.com\\\/wp-content\\\/uploads\\\/2020\\\/11\\\/Logo-PJ-New-1.png\",\"contentUrl\":\"https:\\\/\\\/static.purejewels.com\\\/wp-content\\\/uploads\\\/2020\\\/11\\\/Logo-PJ-New-1.png\",\"width\":150,\"height\":80,\"caption\":\"PureJewels UK\"},\"image\":{\"@id\":\"https:\\\/\\\/www.purejewels.com\\\/#\\\/schema\\\/logo\\\/image\\\/\"}}]}<\/script>\n<!-- \/ Yoast SEO plugin. -->","yoast_head_json":{"title":"Liana Ohrringe - PureJewels UK","robots":{"index":"index","follow":"follow","max-snippet":"max-snippet:-1","max-image-preview":"max-image-preview:large","max-video-preview":"max-video-preview:-1"},"canonical":"https:\/\/www.purejewels.com\/de\/produkt-2\/lianen-ohrringe\/","og_locale":"de_DE","og_type":"article","og_title":"Liana Earrings - PureJewels UK","og_description":"&nbsp;   18ct white gold Earring  Diamonds 0.38 cts, Aquamarines 0.84 cts  Can be created in pink tourmaline, green tourmaline and morganite  Hallmarked by London Assay Office  Comes With Presentation Box  Delivery Included  All prices include VAT  Live chat with us for availability and more images of similar designs currently in stock  Liana aquamarine earrings Gorgeous 18ct white gold dives from your ear with a flourish: these dramatic drop earrings are perfect for special occasions.  Liana is an archive collection that has become a lifelong favourite at PureJewels.\u00a0 Characterised by polished white gold and crystal-clear aquamarine, it\u2019s beloved by romantic and chic women everywhere.  These earrings are dressed with 0.38ct of diamonds, and can be made with aquamarine (seen here) or your choice of stone.\u00a0 Pick from feminine pink tourmaline, rosy-hued morganite, assertive green tourmaline, or dreamy aqua.\u00a0 Depending which you choose, your Liana earrings take on a little bit of your personality!  You can even choose a different stone for each Liana piece in your collection: a garden full of bright flowers.  Create a Liana set The Liana earrings look sensational worn alone as part of your evening attire.\u00a0 But we\u2019ve seen them combined with the necklace to create a spectacular bridal jewellery set.\u00a0 Decadently trimmed with diamonds, Liana is red-carpet-worthy.  About PureJewels Liana is one of our exclusive collections designed by the in-house team.\u00a0 We have a long tradition of design and craftsmanship that started when Bhanji Gokaldas PureJewels more than 40 years ago.\u00a0 Today, we are focused on using the finest gold and stones in our collections, which are largely crafted in Britain.\u00a0 Our team also sources beautiful jewellery from all over the world.  Hesitating in your decisions?\u00a0 Why not open Live Chat and talk to us about your jewellery choices.\u00a0 We can help you to create a personal bridal set or match a piece to your outfit.\u00a0 We can even help you choose the perfect gift!\u00a0 Chat online or call to speak to one of our advisors in the London show room.","og_url":"https:\/\/www.purejewels.com\/de\/produkt-2\/lianen-ohrringe\/","og_site_name":"PureJewels UK","article_modified_time":"2026-01-06T06:57:52+00:00","og_image":[{"width":960,"height":960,"url":"https:\/\/www.purejewels.com\/wp-content\/uploads\/2017\/07\/liana-earrings-15804-2.jpg","type":"image\/jpeg"}],"twitter_card":"summary_large_image","twitter_misc":{"Gesch\u00e4tzte Lesezeit":"1\u00a0Minute"},"schema":{"@context":"https:\/\/schema.org","@graph":[{"@type":["WebPage","ItemPage"],"@id":"https:\/\/www.purejewels.com\/product\/liana-earrings\/","url":"https:\/\/www.purejewels.com\/product\/liana-earrings\/","name":"Liana Ohrringe - PureJewels UK","isPartOf":{"@id":"https:\/\/www.purejewels.com\/#website"},"primaryImageOfPage":{"@id":"https:\/\/www.purejewels.com\/product\/liana-earrings\/#primaryimage"},"image":{"@id":"https:\/\/www.purejewels.com\/product\/liana-earrings\/#primaryimage"},"thumbnailUrl":"https:\/\/static.purejewels.com\/wp-content\/uploads\/2017\/07\/liana-earrings-15804-2.jpg","datePublished":"2017-07-19T12:14:00+00:00","dateModified":"2026-01-06T06:57:52+00:00","breadcrumb":{"@id":"https:\/\/www.purejewels.com\/product\/liana-earrings\/#breadcrumb"},"inLanguage":"de","potentialAction":[{"@type":"ReadAction","target":["https:\/\/www.purejewels.com\/product\/liana-earrings\/"]}]},{"@type":"ImageObject","inLanguage":"de","@id":"https:\/\/www.purejewels.com\/product\/liana-earrings\/#primaryimage","url":"https:\/\/static.purejewels.com\/wp-content\/uploads\/2017\/07\/liana-earrings-15804-2.jpg","contentUrl":"https:\/\/static.purejewels.com\/wp-content\/uploads\/2017\/07\/liana-earrings-15804-2.jpg","width":960,"height":960,"caption":"liana-earrings-15804.jpg"},{"@type":"BreadcrumbList","@id":"https:\/\/www.purejewels.com\/product\/liana-earrings\/#breadcrumb","itemListElement":[{"@type":"ListItem","position":1,"name":"Home","item":"https:\/\/www.purejewels.com\/"},{"@type":"ListItem","position":2,"name":"Shop","item":"https:\/\/www.purejewels.com\/shop\/"},{"@type":"ListItem","position":3,"name":"Liana Earrings"}]},{"@type":"WebSite","@id":"https:\/\/www.purejewels.com\/#website","url":"https:\/\/www.purejewels.com\/","name":"PureJewels UK","description":"Teile die Liebe","publisher":{"@id":"https:\/\/www.purejewels.com\/#organization"},"potentialAction":[{"@type":"SearchAction","target":{"@type":"EntryPoint","urlTemplate":"https:\/\/www.purejewels.com\/?s={search_term_string}"},"query-input":{"@type":"PropertyValueSpecification","valueRequired":true,"valueName":"search_term_string"}}],"inLanguage":"de"},{"@type":"Organization","@id":"https:\/\/www.purejewels.com\/#organization","name":"PureJewels UK","url":"https:\/\/www.purejewels.com\/","logo":{"@type":"ImageObject","inLanguage":"de","@id":"https:\/\/www.purejewels.com\/#\/schema\/logo\/image\/","url":"https:\/\/static.purejewels.com\/wp-content\/uploads\/2020\/11\/Logo-PJ-New-1.png","contentUrl":"https:\/\/static.purejewels.com\/wp-content\/uploads\/2020\/11\/Logo-PJ-New-1.png","width":150,"height":80,"caption":"PureJewels UK"},"image":{"@id":"https:\/\/www.purejewels.com\/#\/schema\/logo\/image\/"}}]}},"_links":{"self":[{"href":"https:\/\/www.purejewels.com\/de\/wp-json\/wp\/v2\/product\/3492","targetHints":{"allow":["GET"]}}],"collection":[{"href":"https:\/\/www.purejewels.com\/de\/wp-json\/wp\/v2\/product"}],"about":[{"href":"https:\/\/www.purejewels.com\/de\/wp-json\/wp\/v2\/types\/product"}],"replies":[{"embeddable":true,"href":"https:\/\/www.purejewels.com\/de\/wp-json\/wp\/v2\/comments?post=3492"}],"version-history":[{"count":1,"href":"https:\/\/www.purejewels.com\/de\/wp-json\/wp\/v2\/product\/3492\/revisions"}],"predecessor-version":[{"id":389306,"href":"https:\/\/www.purejewels.com\/de\/wp-json\/wp\/v2\/product\/3492\/revisions\/389306"}],"wp:featuredmedia":[{"embeddable":true,"href":"https:\/\/www.purejewels.com\/de\/wp-json\/wp\/v2\/media\/3493"}],"wp:attachment":[{"href":"https:\/\/www.purejewels.com\/de\/wp-json\/wp\/v2\/media?parent=3492"}],"wp:term":[{"taxonomy":"product_brand","embeddable":true,"href":"https:\/\/www.purejewels.com\/de\/wp-json\/wp\/v2\/product_brand?post=3492"},{"taxonomy":"product_cat","embeddable":true,"href":"https:\/\/www.purejewels.com\/de\/wp-json\/wp\/v2\/product_cat?post=3492"},{"taxonomy":"product_tag","embeddable":true,"href":"https:\/\/www.purejewels.com\/de\/wp-json\/wp\/v2\/product_tag?post=3492"}],"curies":[{"name":"wp","href":"https:\/\/api.w.org\/{rel}","templated":true}]}}