{"id":349269,"date":"2023-07-20T12:50:52","date_gmt":"2023-07-20T11:50:52","guid":{"rendered":"https:\/\/www.purejewels.com\/?post_type=product&#038;p=349269"},"modified":"2026-01-07T06:26:51","modified_gmt":"2026-01-07T06:26:51","slug":"22-karat-goldband-ring-fur-manner-48686","status":"publish","type":"product","link":"https:\/\/www.purejewels.com\/de\/product\/22-carat-gold-band-ring-for-men-48686\/","title":{"rendered":"22 Karat Goldband Ring f\u00fcr M\u00e4nner | Gr\u00f6\u00dfe S | 5.5mm"},"content":{"rendered":"<p>Dieser maskuline Ring ist aus luxuri\u00f6sem Material gefertigt. <a href=\"https:\/\/www.purejewels.com\/de\/product\/22ct-gold-jali-filigree-ring-jali-collection-31926\/\">22ct<\/a> Gold, perfekt f\u00fcr den Mann, der zeitlosen Stil und Qualit\u00e4t zu sch\u00e4tzen wei\u00df. Das klassische Banddesign sorgt f\u00fcr ein vielseitiges St\u00fcck, das jedes Outfit erg\u00e4nzt, w\u00e4hrend das hohe Gewicht und der satte Glanz des <a href=\"https:\/\/www.purejewels.com\/de\/product\/holy-cross-gold-pendant-44713\/\">22 Karat Gold<\/a> Raffinesse ausstrahlen.<\/p>\n<ul>\n<li data-sourcepos=\"7:1-7:13\"><strong>22 Karat Gold f\u00fcr un\u00fcbertroffenen Luxus:<\/strong> Aus feinstem 22-kar\u00e4tigem Gold gefertigt, bietet dieser Ring unvergleichliches Gewicht, Brillanz und einen Hauch von Opulenz.<\/li>\n<li data-sourcepos=\"8:1-9:0\"><strong><a href=\"https:\/\/www.purejewels.com\/de\/elegance-of-sold-gold\/\">Massiv Gold<\/a> Konstruktion:<\/strong> Dieser Ring ist weder plattiert noch hohl, was eine lange Haltbarkeit und ein luxuri\u00f6ses Gef\u00fchl garantiert.<\/li>\n<\/ul>","protected":false},"excerpt":{"rendered":"<table style=\"width: 100%; height: 280px;\">\n<tbody>\n<tr style=\"height: 28px;\">\n<td style=\"height: 28px;\">Typ des Rings<\/td>\n<td style=\"height: 28px;\">22ct Gold Ring<\/td>\n<\/tr>\n<tr style=\"height: 28px;\">\n<td style=\"height: 28px;\">SKU<\/td>\n<td style=\"height: 28px;\">48686<\/td>\n<\/tr>\n<tr style=\"height: 28px;\">\n<td style=\"height: 28px;\">Gewicht<\/td>\n<td style=\"height: 28px;\">5,8g<\/td>\n<\/tr>\n<tr style=\"height: 28px;\">\n<td style=\"height: 28px;\">Ringgr\u00f6\u00dfe<\/td>\n<td style=\"height: 28px;\">S<\/td>\n<\/tr>\n<tr style=\"height: 28px;\">\n<td style=\"height: 28px;\">Geschlecht<\/td>\n<td style=\"height: 28px;\">M\u00e4nner<\/td>\n<\/tr>\n<tr style=\"height: 28px;\">\n<td style=\"height: 28px;\">Entgelte<\/td>\n<td style=\"height: 28px;\">Lieferung und Mehrwertsteuer inbegriffen<\/td>\n<\/tr>\n<tr style=\"height: 28px;\">\n<td style=\"height: 28px;\">Verpackung<\/td>\n<td style=\"height: 28px;\">Mit Pr\u00e4sentationsbox<\/td>\n<\/tr>\n<tr style=\"height: 84px;\">\n<td style=\"height: 84px;\">Mehr Informationen<\/td>\n<td style=\"height: 84px;\">\n<ul>\n<li>Live-Chat mit uns f\u00fcr Verf\u00fcgbarkeit und mehr Bilder<\/li>\n<li>Klicken Sie hier, um Ihre Ringgr\u00f6\u00dfe zu \u00fcberpr\u00fcfen<\/li>\n<\/ul>\n<\/td>\n<\/tr>\n<\/tbody>\n<\/table>","protected":false},"featured_media":364425,"comment_status":"closed","ping_status":"closed","template":"","meta":{"_eb_attr":"","_crsspst_to_jayantr4sg-hostcom":false},"product_brand":[],"product_cat":[1640,1571,1784,1790,1229,1235,1572,5349],"product_tag":[63,64],"class_list":{"0":"post-349269","1":"product","2":"type-product","3":"status-publish","4":"has-post-thumbnail","6":"product_cat-22ct-gold-bands","7":"product_cat-fathers-day-gifts","8":"product_cat-gents-rings","9":"product_cat-for-whom-when","10":"product_cat-22ct-gold-jewellery","11":"product_cat-gold-rings","12":"product_cat-mens-jewellery","13":"product_cat-yellow-gold-jewellery","14":"product_tag-gold","15":"product_tag-rings","17":"first","18":"outofstock","19":"taxable","20":"shipping-taxable","21":"product-type-simple","22":"add-to-wishlist-before_image"},"yoast_head":"<!-- This site is optimized with the Yoast SEO plugin v27.5 - https:\/\/yoast.com\/product\/yoast-seo-wordpress\/ -->\n<title>22 carat Gold Band Ring for Men | PureJewels UK<\/title>\n<meta name=\"description\" content=\"Shop now for men&#039;s 22 carat Gold Band Ring from PureJewels. Classic sophistication and superior craftsmanship. Elevate your style today!\" \/>\n<meta name=\"robots\" content=\"index, follow, max-snippet:-1, max-image-preview:large, max-video-preview:-1\" \/>\n<link rel=\"canonical\" href=\"https:\/\/www.purejewels.com\/de\/produkt-2\/22-karat-goldband-ring-fur-manner-48686\/\" \/>\n<meta property=\"og:locale\" content=\"de_DE\" \/>\n<meta property=\"og:type\" content=\"article\" \/>\n<meta property=\"og:title\" content=\"22 carat Gold Band Ring for Men | PureJewels UK\" \/>\n<meta property=\"og:description\" content=\"Shop now for men&#039;s 22 carat Gold Band Ring from PureJewels. Classic sophistication and superior craftsmanship. Elevate your style today!\" \/>\n<meta property=\"og:url\" content=\"https:\/\/www.purejewels.com\/de\/produkt-2\/22-karat-goldband-ring-fur-manner-48686\/\" \/>\n<meta property=\"og:site_name\" content=\"PureJewels UK\" \/>\n<meta property=\"article:modified_time\" content=\"2026-01-07T06:26:51+00:00\" \/>\n<meta property=\"og:image\" content=\"https:\/\/www.purejewels.com\/wp-content\/uploads\/2023\/07\/48686.png\" \/>\n\t<meta property=\"og:image:width\" content=\"1000\" \/>\n\t<meta property=\"og:image:height\" content=\"1000\" \/>\n\t<meta property=\"og:image:type\" content=\"image\/png\" \/>\n<meta name=\"twitter:card\" content=\"summary_large_image\" \/>\n<script type=\"application\/ld+json\" class=\"yoast-schema-graph\">{\"@context\":\"https:\\\/\\\/schema.org\",\"@graph\":[{\"@type\":[\"WebPage\",\"ItemPage\"],\"@id\":\"https:\\\/\\\/www.purejewels.com\\\/product\\\/22-carat-gold-band-ring-for-men-48686\\\/\",\"url\":\"https:\\\/\\\/www.purejewels.com\\\/product\\\/22-carat-gold-band-ring-for-men-48686\\\/\",\"name\":\"22 carat Gold Band Ring for Men | PureJewels UK\",\"isPartOf\":{\"@id\":\"https:\\\/\\\/www.purejewels.com\\\/#website\"},\"primaryImageOfPage\":{\"@id\":\"https:\\\/\\\/www.purejewels.com\\\/product\\\/22-carat-gold-band-ring-for-men-48686\\\/#primaryimage\"},\"image\":{\"@id\":\"https:\\\/\\\/www.purejewels.com\\\/product\\\/22-carat-gold-band-ring-for-men-48686\\\/#primaryimage\"},\"thumbnailUrl\":\"https:\\\/\\\/static.purejewels.com\\\/wp-content\\\/uploads\\\/2023\\\/07\\\/48686.png\",\"datePublished\":\"2023-07-20T11:50:52+00:00\",\"dateModified\":\"2026-01-07T06:26:51+00:00\",\"description\":\"Shop now for men's 22 carat Gold Band Ring from PureJewels. Classic sophistication and superior craftsmanship. Elevate your style today!\",\"breadcrumb\":{\"@id\":\"https:\\\/\\\/www.purejewels.com\\\/product\\\/22-carat-gold-band-ring-for-men-48686\\\/#breadcrumb\"},\"inLanguage\":\"de\",\"potentialAction\":[{\"@type\":\"ReadAction\",\"target\":[\"https:\\\/\\\/www.purejewels.com\\\/product\\\/22-carat-gold-band-ring-for-men-48686\\\/\"]}]},{\"@type\":\"ImageObject\",\"inLanguage\":\"de\",\"@id\":\"https:\\\/\\\/www.purejewels.com\\\/product\\\/22-carat-gold-band-ring-for-men-48686\\\/#primaryimage\",\"url\":\"https:\\\/\\\/static.purejewels.com\\\/wp-content\\\/uploads\\\/2023\\\/07\\\/48686.png\",\"contentUrl\":\"https:\\\/\\\/static.purejewels.com\\\/wp-content\\\/uploads\\\/2023\\\/07\\\/48686.png\",\"width\":1000,\"height\":1000,\"caption\":\"22ct Gold Band\"},{\"@type\":\"BreadcrumbList\",\"@id\":\"https:\\\/\\\/www.purejewels.com\\\/product\\\/22-carat-gold-band-ring-for-men-48686\\\/#breadcrumb\",\"itemListElement\":[{\"@type\":\"ListItem\",\"position\":1,\"name\":\"Home\",\"item\":\"https:\\\/\\\/www.purejewels.com\\\/\"},{\"@type\":\"ListItem\",\"position\":2,\"name\":\"Shop\",\"item\":\"https:\\\/\\\/www.purejewels.com\\\/shop\\\/\"},{\"@type\":\"ListItem\",\"position\":3,\"name\":\"22 carat Gold Band Ring for Men | Size S | 5.5mm\"}]},{\"@type\":\"WebSite\",\"@id\":\"https:\\\/\\\/www.purejewels.com\\\/#website\",\"url\":\"https:\\\/\\\/www.purejewels.com\\\/\",\"name\":\"PureJewels UK\",\"description\":\"Share the Love\",\"publisher\":{\"@id\":\"https:\\\/\\\/www.purejewels.com\\\/#organization\"},\"potentialAction\":[{\"@type\":\"SearchAction\",\"target\":{\"@type\":\"EntryPoint\",\"urlTemplate\":\"https:\\\/\\\/www.purejewels.com\\\/?s={search_term_string}\"},\"query-input\":{\"@type\":\"PropertyValueSpecification\",\"valueRequired\":true,\"valueName\":\"search_term_string\"}}],\"inLanguage\":\"de\"},{\"@type\":\"Organization\",\"@id\":\"https:\\\/\\\/www.purejewels.com\\\/#organization\",\"name\":\"PureJewels UK\",\"url\":\"https:\\\/\\\/www.purejewels.com\\\/\",\"logo\":{\"@type\":\"ImageObject\",\"inLanguage\":\"de\",\"@id\":\"https:\\\/\\\/www.purejewels.com\\\/#\\\/schema\\\/logo\\\/image\\\/\",\"url\":\"https:\\\/\\\/static.purejewels.com\\\/wp-content\\\/uploads\\\/2020\\\/11\\\/Logo-PJ-New-1.png\",\"contentUrl\":\"https:\\\/\\\/static.purejewels.com\\\/wp-content\\\/uploads\\\/2020\\\/11\\\/Logo-PJ-New-1.png\",\"width\":150,\"height\":80,\"caption\":\"PureJewels UK\"},\"image\":{\"@id\":\"https:\\\/\\\/www.purejewels.com\\\/#\\\/schema\\\/logo\\\/image\\\/\"}}]}<\/script>\n<!-- \/ Yoast SEO plugin. -->","yoast_head_json":{"title":"22 Karat Goldband Ring f\u00fcr M\u00e4nner | PureJewels UK","description":"Shoppen Sie jetzt f\u00fcr Herren 22 Karat Gold Band Ring von PureJewels. Klassische Raffinesse und hervorragende Handwerkskunst. Erh\u00f6hen Sie Ihren Stil heute!","robots":{"index":"index","follow":"follow","max-snippet":"max-snippet:-1","max-image-preview":"max-image-preview:large","max-video-preview":"max-video-preview:-1"},"canonical":"https:\/\/www.purejewels.com\/de\/produkt-2\/22-karat-goldband-ring-fur-manner-48686\/","og_locale":"de_DE","og_type":"article","og_title":"22 carat Gold Band Ring for Men | PureJewels UK","og_description":"Shop now for men's 22 carat Gold Band Ring from PureJewels. Classic sophistication and superior craftsmanship. Elevate your style today!","og_url":"https:\/\/www.purejewels.com\/de\/produkt-2\/22-karat-goldband-ring-fur-manner-48686\/","og_site_name":"PureJewels UK","article_modified_time":"2026-01-07T06:26:51+00:00","og_image":[{"width":1000,"height":1000,"url":"https:\/\/www.purejewels.com\/wp-content\/uploads\/2023\/07\/48686.png","type":"image\/png"}],"twitter_card":"summary_large_image","schema":{"@context":"https:\/\/schema.org","@graph":[{"@type":["WebPage","ItemPage"],"@id":"https:\/\/www.purejewels.com\/product\/22-carat-gold-band-ring-for-men-48686\/","url":"https:\/\/www.purejewels.com\/product\/22-carat-gold-band-ring-for-men-48686\/","name":"22 Karat Goldband Ring f\u00fcr M\u00e4nner | PureJewels UK","isPartOf":{"@id":"https:\/\/www.purejewels.com\/#website"},"primaryImageOfPage":{"@id":"https:\/\/www.purejewels.com\/product\/22-carat-gold-band-ring-for-men-48686\/#primaryimage"},"image":{"@id":"https:\/\/www.purejewels.com\/product\/22-carat-gold-band-ring-for-men-48686\/#primaryimage"},"thumbnailUrl":"https:\/\/static.purejewels.com\/wp-content\/uploads\/2023\/07\/48686.png","datePublished":"2023-07-20T11:50:52+00:00","dateModified":"2026-01-07T06:26:51+00:00","description":"Shoppen Sie jetzt f\u00fcr Herren 22 Karat Gold Band Ring von PureJewels. Klassische Raffinesse und hervorragende Handwerkskunst. Erh\u00f6hen Sie Ihren Stil heute!","breadcrumb":{"@id":"https:\/\/www.purejewels.com\/product\/22-carat-gold-band-ring-for-men-48686\/#breadcrumb"},"inLanguage":"de","potentialAction":[{"@type":"ReadAction","target":["https:\/\/www.purejewels.com\/product\/22-carat-gold-band-ring-for-men-48686\/"]}]},{"@type":"ImageObject","inLanguage":"de","@id":"https:\/\/www.purejewels.com\/product\/22-carat-gold-band-ring-for-men-48686\/#primaryimage","url":"https:\/\/static.purejewels.com\/wp-content\/uploads\/2023\/07\/48686.png","contentUrl":"https:\/\/static.purejewels.com\/wp-content\/uploads\/2023\/07\/48686.png","width":1000,"height":1000,"caption":"22ct Gold Band"},{"@type":"BreadcrumbList","@id":"https:\/\/www.purejewels.com\/product\/22-carat-gold-band-ring-for-men-48686\/#breadcrumb","itemListElement":[{"@type":"ListItem","position":1,"name":"Home","item":"https:\/\/www.purejewels.com\/"},{"@type":"ListItem","position":2,"name":"Shop","item":"https:\/\/www.purejewels.com\/shop\/"},{"@type":"ListItem","position":3,"name":"22 carat Gold Band Ring for Men | Size S | 5.5mm"}]},{"@type":"WebSite","@id":"https:\/\/www.purejewels.com\/#website","url":"https:\/\/www.purejewels.com\/","name":"PureJewels UK","description":"Teile die Liebe","publisher":{"@id":"https:\/\/www.purejewels.com\/#organization"},"potentialAction":[{"@type":"SearchAction","target":{"@type":"EntryPoint","urlTemplate":"https:\/\/www.purejewels.com\/?s={search_term_string}"},"query-input":{"@type":"PropertyValueSpecification","valueRequired":true,"valueName":"search_term_string"}}],"inLanguage":"de"},{"@type":"Organization","@id":"https:\/\/www.purejewels.com\/#organization","name":"PureJewels UK","url":"https:\/\/www.purejewels.com\/","logo":{"@type":"ImageObject","inLanguage":"de","@id":"https:\/\/www.purejewels.com\/#\/schema\/logo\/image\/","url":"https:\/\/static.purejewels.com\/wp-content\/uploads\/2020\/11\/Logo-PJ-New-1.png","contentUrl":"https:\/\/static.purejewels.com\/wp-content\/uploads\/2020\/11\/Logo-PJ-New-1.png","width":150,"height":80,"caption":"PureJewels UK"},"image":{"@id":"https:\/\/www.purejewels.com\/#\/schema\/logo\/image\/"}}]}},"_links":{"self":[{"href":"https:\/\/www.purejewels.com\/de\/wp-json\/wp\/v2\/product\/349269","targetHints":{"allow":["GET"]}}],"collection":[{"href":"https:\/\/www.purejewels.com\/de\/wp-json\/wp\/v2\/product"}],"about":[{"href":"https:\/\/www.purejewels.com\/de\/wp-json\/wp\/v2\/types\/product"}],"replies":[{"embeddable":true,"href":"https:\/\/www.purejewels.com\/de\/wp-json\/wp\/v2\/comments?post=349269"}],"version-history":[{"count":2,"href":"https:\/\/www.purejewels.com\/de\/wp-json\/wp\/v2\/product\/349269\/revisions"}],"predecessor-version":[{"id":364427,"href":"https:\/\/www.purejewels.com\/de\/wp-json\/wp\/v2\/product\/349269\/revisions\/364427"}],"wp:featuredmedia":[{"embeddable":true,"href":"https:\/\/www.purejewels.com\/de\/wp-json\/wp\/v2\/media\/364425"}],"wp:attachment":[{"href":"https:\/\/www.purejewels.com\/de\/wp-json\/wp\/v2\/media?parent=349269"}],"wp:term":[{"taxonomy":"product_brand","embeddable":true,"href":"https:\/\/www.purejewels.com\/de\/wp-json\/wp\/v2\/product_brand?post=349269"},{"taxonomy":"product_cat","embeddable":true,"href":"https:\/\/www.purejewels.com\/de\/wp-json\/wp\/v2\/product_cat?post=349269"},{"taxonomy":"product_tag","embeddable":true,"href":"https:\/\/www.purejewels.com\/de\/wp-json\/wp\/v2\/product_tag?post=349269"}],"curies":[{"name":"wp","href":"https:\/\/api.w.org\/{rel}","templated":true}]}}