{"id":3494,"date":"2017-07-19T13:14:02","date_gmt":"2017-07-19T12:14:02","guid":{"rendered":"http:\/\/new.purejewels.com\/product\/liana-necklace\/"},"modified":"2022-12-13T05:35:15","modified_gmt":"2022-12-13T05:35:15","slug":"lianenkette","status":"publish","type":"product","link":"https:\/\/www.purejewels.com\/de\/product\/liana-necklace\/","title":{"rendered":"Liana-Halskette"},"content":{"rendered":"<p style=\"text-align: center;\"><a href=\"https:\/\/www.purejewels.com\/de\/product\/18ct-white-gold-diamond-ring-for-ladies-8775\/\">18 Karat Wei\u00dfgold<\/a><\/p>\n<p style=\"text-align: center;\">Diamanten 1.00cts<\/p>\n<p style=\"text-align: center;\"><a href=\"https:\/\/www.purejewels.com\/de\/product-category\/coloured-gemstone-jewellery\/\">Aquamarine<\/a> 0,95cts<\/p>\n<p style=\"text-align: center;\">Kann in rosa Turmalin, gr\u00fcnem Turmalin und Morganit hergestellt werden<\/p>\n<ul>\n<li>Alle Preise inklusive Mehrwertsteuer<\/li>\n<li>Gold gestempelt von London Assay Office<\/li>\n<li>Alle Sets werden mit Pr\u00e4sentationsbox geliefert<\/li>\n<li>Lieferung inbegriffen<\/li>\n<li>Live-Chat mit uns f\u00fcr die Verf\u00fcgbarkeit und mehr Bilder von \u00e4hnlichen Designs derzeit auf Lager<\/li>\n<\/ul>\n<p><strong>Liane wei\u00df <a href=\"https:\/\/www.purejewels.com\/de\/product-category\/22ct-gold-jewellery\/gold-necklaces\/\">goldene Halskette<\/a><br \/>\n<\/strong>Das ist Liebe deluxe.\u00a0 <em>Liana<\/em> ist aus gl\u00e4nzendem Wei\u00dfgold gefertigt und mit Diamanten besetzt - wenn Ihr Stil schick und luxuri\u00f6s ist, werden Sie es lieben.  Die Halskette ist das Glanzst\u00fcck der Kollektion und besteht aus einem Aquamarin von fast 1 Karat, der von Ranken aus Wei\u00dfgold gehalten wird.<\/p>\n<p>Wenn das kristallklare Blau des Aquamarins Ihr Herz nicht anspricht, tauschen Sie ihn gegen einen k\u00f6stlichen rosa Turmalin, einen frechen gr\u00fcnen Turmalin oder einen rosafarbenen Morganit aus.  Die <em>Liana<\/em> Halskette ist individuell gestaltbar, da jede einzelne f\u00fcr uns angefertigt wird.<\/p>\n<p>Um den Hauptstein herum tanzen weitere 1 ct Diamanten, die in Schn\u00f6rkeln angeordnet sind und f\u00fcr ein romantisches Finish sorgen.  Unsere wundersch\u00f6ne Liana-Halskette ist perfekt, wenn Sie die Sch\u00f6ne des Balls sein wollen.<\/p>\n<p>W\u00e4hlen Sie es als Teil Ihrer <a href=\"https:\/\/www.purejewels.com\/de\/product\/22ct-gold-bridal-necklace-46262\/\">Brautschmuck<\/a>Oder Sie tragen es zu einem aufsehenerregenden Abendkleid - es ist ein dekadentes, eindrucksvolles St\u00fcck, um das Sie Ihre Enkelkinder zweifellos beneiden werden!<\/p>\n<p><strong>\u00dcber PureJewels<br \/>\n<\/strong>Unser Designteam steckt sein Herz in jede Kollektion von PureJewels.  Inspiriert von der indischen Kultur und Geschichte, kreieren wir zeitgen\u00f6ssische St\u00fccke, die das indische Erbe widerspiegeln.  Wir verstehen das Gef\u00fchl des Stolzes und der Zugeh\u00f6rigkeit und gleichzeitig den Wunsch nach einem aktuellen, modernen Look.  Deshalb interpretieren wir oft unseren bevorzugten traditionellen indischen Schmuck und kreieren einzigartige und authentische St\u00fccke, die auf eine alte Zeit zur\u00fcckblicken.<\/p>\n<p><em>Liana<\/em> ist eine romantische Kollektion, die von indischen G\u00e4rten und Kunstwerken inspiriert ist.  Sie kann mit verschiedenen Steinen besetzt werden, so dass Sie ein Set zusammenstellen k\u00f6nnen, das so vielf\u00e4ltig ist wie ein Garten voller Blumen.<\/p>\n<p>Vergessen Sie nicht, dass wir f\u00fcr Sie da sind, wenn Sie uns etwas fragen m\u00f6chten. \u00d6ffnen Sie den Live-Chat, um jemanden in unserem Londoner Gesch\u00e4ft zu erreichen.  Wir k\u00f6nnen die Verf\u00fcgbarkeit pr\u00fcfen und Ihnen helfen, Ihre Bestellung aufzugeben, oder einen Termin f\u00fcr einen Besuch vor Ort vereinbaren!<\/p>","protected":false},"excerpt":{"rendered":"<ul>\n<li>Liana-Halskette<\/li>\n<li>18 Karat Wei\u00dfgold<\/li>\n<li>Diamanten 1.00cts<\/li>\n<li>Aquamarine 0,95cts<\/li>\n<li>Kann in rosa Turmalin, gr\u00fcnem Turmalin und Morganit hergestellt werden\n<ul>\n<li>Alle Preise inklusive Mehrwertsteuer<\/li>\n<li>Gold gestempelt von London Assay Office<\/li>\n<li>Alle Sets werden mit Pr\u00e4sentationsbox geliefert<\/li>\n<li>Lieferung inbegriffen<\/li>\n<li>Live-Chat mit uns f\u00fcr die Verf\u00fcgbarkeit und mehr Bilder von \u00e4hnlichen Designs derzeit auf Lager<\/li>\n<\/ul>\n<p><strong>Liana Halskette aus Wei\u00dfgold<br \/>\n<\/strong>Das ist Liebe deluxe.\u00a0 <em>Liana<\/em> ist aus gl\u00e4nzendem Wei\u00dfgold gefertigt und mit Diamanten besetzt - wenn Ihr Stil schick und luxuri\u00f6s ist, werden Sie es lieben.  Die Halskette ist das Glanzst\u00fcck der Kollektion und besteht aus einem Aquamarin von fast 1 Karat, der von Ranken aus Wei\u00dfgold gehalten wird.<\/p>\n<p>Wenn das kristallklare Blau des Aquamarins Ihr Herz nicht anspricht, tauschen Sie ihn gegen einen k\u00f6stlichen rosa Turmalin, einen frechen gr\u00fcnen Turmalin oder einen rosafarbenen Morganit aus.  Die <em>Liana<\/em> Halskette ist individuell gestaltbar, da jede einzelne f\u00fcr uns angefertigt wird.<\/p>\n<p>Um den Hauptstein herum tanzen weitere 1 ct Diamanten, die in Schn\u00f6rkeln angeordnet sind und f\u00fcr ein romantisches Finish sorgen.  Unsere wundersch\u00f6ne Liana-Halskette ist perfekt, wenn Sie die Sch\u00f6ne des Balls sein wollen.<\/p>\n<p>W\u00e4hlen Sie ihn als Teil Ihres Brautschmucks oder tragen Sie ihn zu einem aufsehenerregenden Abendkleid - er ist ein dekadentes, eindrucksvolles St\u00fcck, um das Sie zweifellos Ihre Enkelkinder beneiden werden!<\/p>\n<p><strong>\u00dcber PureJewels<br \/>\n<\/strong>Unser Designteam steckt sein Herz in jede Kollektion von PureJewels.  Inspiriert von der indischen Kultur und Geschichte, kreieren wir zeitgen\u00f6ssische St\u00fccke, die das indische Erbe widerspiegeln.  Wir verstehen das Gef\u00fchl des Stolzes und der Zugeh\u00f6rigkeit und gleichzeitig den Wunsch nach einem aktuellen, modernen Look.  Deshalb interpretieren wir oft unseren bevorzugten traditionellen indischen Schmuck und kreieren einzigartige und authentische St\u00fccke, die auf eine alte Zeit zur\u00fcckblicken.<\/p>\n<p><em>Liana<\/em> ist eine romantische Kollektion, die von indischen G\u00e4rten und Kunstwerken inspiriert ist.  Sie kann mit verschiedenen Steinen besetzt werden, so dass Sie ein Set zusammenstellen k\u00f6nnen, das so vielf\u00e4ltig ist wie ein Garten voller Blumen.<\/p>\n<p>Vergessen Sie nicht, dass wir f\u00fcr Sie da sind, wenn Sie uns etwas fragen m\u00f6chten. \u00d6ffnen Sie den Live-Chat, um jemanden in unserem Londoner Gesch\u00e4ft zu erreichen.  Wir k\u00f6nnen die Verf\u00fcgbarkeit pr\u00fcfen und Ihnen helfen, Ihre Bestellung aufzugeben, oder einen Termin f\u00fcr einen Besuch vor Ort vereinbaren!<\/li>\n<\/ul>\n<p>&nbsp;<\/p>","protected":false},"featured_media":3495,"comment_status":"closed","ping_status":"closed","template":"","meta":{"_eb_attr":"","_crsspst_to_jayantr4sg-hostcom":false},"product_brand":[],"product_cat":[1533,253,1537],"product_tag":[],"class_list":{"0":"post-3494","1":"product","2":"type-product","3":"status-publish","4":"has-post-thumbnail","6":"product_cat-diamond-jewellery-set","7":"product_cat-floralia-collections","8":"product_cat-white-gold-jewellery-set","10":"first","11":"outofstock","12":"product-type-simple","13":"add-to-wishlist-before_image"},"yoast_head":"<!-- This site is optimized with the Yoast SEO plugin v27.5 - https:\/\/yoast.com\/product\/yoast-seo-wordpress\/ -->\n<title>Liana Necklace - PureJewels UK<\/title>\n<meta name=\"robots\" content=\"index, follow, max-snippet:-1, max-image-preview:large, max-video-preview:-1\" \/>\n<link rel=\"canonical\" href=\"https:\/\/www.purejewels.com\/de\/produkt-2\/lianenkette\/\" \/>\n<meta property=\"og:locale\" content=\"de_DE\" \/>\n<meta property=\"og:type\" content=\"article\" \/>\n<meta property=\"og:title\" content=\"Liana Necklace - PureJewels UK\" \/>\n<meta property=\"og:description\" content=\"Liana Necklace  18ct white gold  Diamonds 1.00cts  Aquamarines 0.95cts  Can be created in pink tourmaline, green tourmaline and morganite   All prices include VAT  Gold\u00a0Hallmarked by London Assay Office  All Sets Comes With Presentation Box  Delivery Included  Live chat with us for availability and more images of similar designs currently in stock  Liana white gold necklace It\u2019s love deluxe.\u00a0 Liana is made with glossy white gold and loaded with diamonds - if your style is chic and luxurious, you\u2019ll love it.\u00a0 The necklace is the collection\u2019s headline piece, with almost 1ct of aquamarine suspended by tendrils of white gold.  If the crystal-clear blue of aquamarine doesn\u2019t speak to your heart, change it out for delicious pink tourmaline, sassy green tourmaline, or rose-tinted morganite.\u00a0 The Liana necklace is customisable, because each one is made just for us.  Dancing around the main stone you\u2019ll find another 1ct of diamonds, arranged in flourishes for a blissfully romantic finish.\u00a0 Our gorgeous Liana necklace is perfect when you want to be the belle of the ball.  Choose it as part of your bridal jewellery, or choose it to wear with a sensational evening gown \u2013 it\u2019s a decadent, impactful piece that will doubtless become the envy of your grandchildren!  About PureJewels Our design team put their hearts into every collection at PureJewels.\u00a0 Deeply inspired by Indian culture and history, we create contemporary pieces that resonate with Indian heritage.\u00a0 We understand that sense of pride and belonging, simultaneous with a desire for a current, modern look.\u00a0 So we often interpret our favourite Indian traditional jewellery, creating unique and authentic pieces that hark back to an ancient time.  Liana is a romantic collection inspired by Indian gardens and art.\u00a0 It can be set with different stones, so you could have a set that\u2019s as diverse as a garden of flowers.  Don\u2019t forget we\u2019re here if you want to ask us anything. Open Live Chat to reach someone in our London store.\u00a0 We can check availability and help you place your order, or make an appointment to come in for a real visit!  &nbsp;\" \/>\n<meta property=\"og:url\" content=\"https:\/\/www.purejewels.com\/de\/produkt-2\/lianenkette\/\" \/>\n<meta property=\"og:site_name\" content=\"PureJewels UK\" \/>\n<meta property=\"article:modified_time\" content=\"2022-12-13T05:35:15+00:00\" \/>\n<meta property=\"og:image\" content=\"https:\/\/www.purejewels.com\/wp-content\/uploads\/2017\/07\/liana-necklace-16409-2.jpg\" \/>\n\t<meta property=\"og:image:width\" content=\"960\" \/>\n\t<meta property=\"og:image:height\" content=\"960\" \/>\n\t<meta property=\"og:image:type\" content=\"image\/jpeg\" \/>\n<meta name=\"twitter:card\" content=\"summary_large_image\" \/>\n<meta name=\"twitter:label1\" content=\"Gesch\u00e4tzte Lesezeit\" \/>\n\t<meta name=\"twitter:data1\" content=\"2\u00a0Minuten\" \/>\n<script type=\"application\/ld+json\" class=\"yoast-schema-graph\">{\"@context\":\"https:\\\/\\\/schema.org\",\"@graph\":[{\"@type\":[\"WebPage\",\"ItemPage\"],\"@id\":\"https:\\\/\\\/www.purejewels.com\\\/product\\\/liana-necklace\\\/\",\"url\":\"https:\\\/\\\/www.purejewels.com\\\/product\\\/liana-necklace\\\/\",\"name\":\"Liana Necklace - PureJewels UK\",\"isPartOf\":{\"@id\":\"https:\\\/\\\/www.purejewels.com\\\/#website\"},\"primaryImageOfPage\":{\"@id\":\"https:\\\/\\\/www.purejewels.com\\\/product\\\/liana-necklace\\\/#primaryimage\"},\"image\":{\"@id\":\"https:\\\/\\\/www.purejewels.com\\\/product\\\/liana-necklace\\\/#primaryimage\"},\"thumbnailUrl\":\"https:\\\/\\\/static.purejewels.com\\\/wp-content\\\/uploads\\\/2017\\\/07\\\/liana-necklace-16409-2.jpg\",\"datePublished\":\"2017-07-19T12:14:02+00:00\",\"dateModified\":\"2022-12-13T05:35:15+00:00\",\"breadcrumb\":{\"@id\":\"https:\\\/\\\/www.purejewels.com\\\/product\\\/liana-necklace\\\/#breadcrumb\"},\"inLanguage\":\"de\",\"potentialAction\":[{\"@type\":\"ReadAction\",\"target\":[\"https:\\\/\\\/www.purejewels.com\\\/product\\\/liana-necklace\\\/\"]}]},{\"@type\":\"ImageObject\",\"inLanguage\":\"de\",\"@id\":\"https:\\\/\\\/www.purejewels.com\\\/product\\\/liana-necklace\\\/#primaryimage\",\"url\":\"https:\\\/\\\/static.purejewels.com\\\/wp-content\\\/uploads\\\/2017\\\/07\\\/liana-necklace-16409-2.jpg\",\"contentUrl\":\"https:\\\/\\\/static.purejewels.com\\\/wp-content\\\/uploads\\\/2017\\\/07\\\/liana-necklace-16409-2.jpg\",\"width\":960,\"height\":960,\"caption\":\"liana-necklace-16409.jpg\"},{\"@type\":\"BreadcrumbList\",\"@id\":\"https:\\\/\\\/www.purejewels.com\\\/product\\\/liana-necklace\\\/#breadcrumb\",\"itemListElement\":[{\"@type\":\"ListItem\",\"position\":1,\"name\":\"Home\",\"item\":\"https:\\\/\\\/www.purejewels.com\\\/\"},{\"@type\":\"ListItem\",\"position\":2,\"name\":\"Shop\",\"item\":\"https:\\\/\\\/www.purejewels.com\\\/shop\\\/\"},{\"@type\":\"ListItem\",\"position\":3,\"name\":\"Liana Necklace\"}]},{\"@type\":\"WebSite\",\"@id\":\"https:\\\/\\\/www.purejewels.com\\\/#website\",\"url\":\"https:\\\/\\\/www.purejewels.com\\\/\",\"name\":\"PureJewels UK\",\"description\":\"Share the Love\",\"publisher\":{\"@id\":\"https:\\\/\\\/www.purejewels.com\\\/#organization\"},\"potentialAction\":[{\"@type\":\"SearchAction\",\"target\":{\"@type\":\"EntryPoint\",\"urlTemplate\":\"https:\\\/\\\/www.purejewels.com\\\/?s={search_term_string}\"},\"query-input\":{\"@type\":\"PropertyValueSpecification\",\"valueRequired\":true,\"valueName\":\"search_term_string\"}}],\"inLanguage\":\"de\"},{\"@type\":\"Organization\",\"@id\":\"https:\\\/\\\/www.purejewels.com\\\/#organization\",\"name\":\"PureJewels UK\",\"url\":\"https:\\\/\\\/www.purejewels.com\\\/\",\"logo\":{\"@type\":\"ImageObject\",\"inLanguage\":\"de\",\"@id\":\"https:\\\/\\\/www.purejewels.com\\\/#\\\/schema\\\/logo\\\/image\\\/\",\"url\":\"https:\\\/\\\/static.purejewels.com\\\/wp-content\\\/uploads\\\/2020\\\/11\\\/Logo-PJ-New-1.png\",\"contentUrl\":\"https:\\\/\\\/static.purejewels.com\\\/wp-content\\\/uploads\\\/2020\\\/11\\\/Logo-PJ-New-1.png\",\"width\":150,\"height\":80,\"caption\":\"PureJewels UK\"},\"image\":{\"@id\":\"https:\\\/\\\/www.purejewels.com\\\/#\\\/schema\\\/logo\\\/image\\\/\"}}]}<\/script>\n<!-- \/ Yoast SEO plugin. -->","yoast_head_json":{"title":"Liana Halskette - PureJewels UK","robots":{"index":"index","follow":"follow","max-snippet":"max-snippet:-1","max-image-preview":"max-image-preview:large","max-video-preview":"max-video-preview:-1"},"canonical":"https:\/\/www.purejewels.com\/de\/produkt-2\/lianenkette\/","og_locale":"de_DE","og_type":"article","og_title":"Liana Necklace - PureJewels UK","og_description":"Liana Necklace  18ct white gold  Diamonds 1.00cts  Aquamarines 0.95cts  Can be created in pink tourmaline, green tourmaline and morganite   All prices include VAT  Gold\u00a0Hallmarked by London Assay Office  All Sets Comes With Presentation Box  Delivery Included  Live chat with us for availability and more images of similar designs currently in stock  Liana white gold necklace It\u2019s love deluxe.\u00a0 Liana is made with glossy white gold and loaded with diamonds - if your style is chic and luxurious, you\u2019ll love it.\u00a0 The necklace is the collection\u2019s headline piece, with almost 1ct of aquamarine suspended by tendrils of white gold.  If the crystal-clear blue of aquamarine doesn\u2019t speak to your heart, change it out for delicious pink tourmaline, sassy green tourmaline, or rose-tinted morganite.\u00a0 The Liana necklace is customisable, because each one is made just for us.  Dancing around the main stone you\u2019ll find another 1ct of diamonds, arranged in flourishes for a blissfully romantic finish.\u00a0 Our gorgeous Liana necklace is perfect when you want to be the belle of the ball.  Choose it as part of your bridal jewellery, or choose it to wear with a sensational evening gown \u2013 it\u2019s a decadent, impactful piece that will doubtless become the envy of your grandchildren!  About PureJewels Our design team put their hearts into every collection at PureJewels.\u00a0 Deeply inspired by Indian culture and history, we create contemporary pieces that resonate with Indian heritage.\u00a0 We understand that sense of pride and belonging, simultaneous with a desire for a current, modern look.\u00a0 So we often interpret our favourite Indian traditional jewellery, creating unique and authentic pieces that hark back to an ancient time.  Liana is a romantic collection inspired by Indian gardens and art.\u00a0 It can be set with different stones, so you could have a set that\u2019s as diverse as a garden of flowers.  Don\u2019t forget we\u2019re here if you want to ask us anything. Open Live Chat to reach someone in our London store.\u00a0 We can check availability and help you place your order, or make an appointment to come in for a real visit!  &nbsp;","og_url":"https:\/\/www.purejewels.com\/de\/produkt-2\/lianenkette\/","og_site_name":"PureJewels UK","article_modified_time":"2022-12-13T05:35:15+00:00","og_image":[{"width":960,"height":960,"url":"https:\/\/www.purejewels.com\/wp-content\/uploads\/2017\/07\/liana-necklace-16409-2.jpg","type":"image\/jpeg"}],"twitter_card":"summary_large_image","twitter_misc":{"Gesch\u00e4tzte Lesezeit":"2\u00a0Minuten"},"schema":{"@context":"https:\/\/schema.org","@graph":[{"@type":["WebPage","ItemPage"],"@id":"https:\/\/www.purejewels.com\/product\/liana-necklace\/","url":"https:\/\/www.purejewels.com\/product\/liana-necklace\/","name":"Liana Halskette - PureJewels UK","isPartOf":{"@id":"https:\/\/www.purejewels.com\/#website"},"primaryImageOfPage":{"@id":"https:\/\/www.purejewels.com\/product\/liana-necklace\/#primaryimage"},"image":{"@id":"https:\/\/www.purejewels.com\/product\/liana-necklace\/#primaryimage"},"thumbnailUrl":"https:\/\/static.purejewels.com\/wp-content\/uploads\/2017\/07\/liana-necklace-16409-2.jpg","datePublished":"2017-07-19T12:14:02+00:00","dateModified":"2022-12-13T05:35:15+00:00","breadcrumb":{"@id":"https:\/\/www.purejewels.com\/product\/liana-necklace\/#breadcrumb"},"inLanguage":"de","potentialAction":[{"@type":"ReadAction","target":["https:\/\/www.purejewels.com\/product\/liana-necklace\/"]}]},{"@type":"ImageObject","inLanguage":"de","@id":"https:\/\/www.purejewels.com\/product\/liana-necklace\/#primaryimage","url":"https:\/\/static.purejewels.com\/wp-content\/uploads\/2017\/07\/liana-necklace-16409-2.jpg","contentUrl":"https:\/\/static.purejewels.com\/wp-content\/uploads\/2017\/07\/liana-necklace-16409-2.jpg","width":960,"height":960,"caption":"liana-necklace-16409.jpg"},{"@type":"BreadcrumbList","@id":"https:\/\/www.purejewels.com\/product\/liana-necklace\/#breadcrumb","itemListElement":[{"@type":"ListItem","position":1,"name":"Home","item":"https:\/\/www.purejewels.com\/"},{"@type":"ListItem","position":2,"name":"Shop","item":"https:\/\/www.purejewels.com\/shop\/"},{"@type":"ListItem","position":3,"name":"Liana Necklace"}]},{"@type":"WebSite","@id":"https:\/\/www.purejewels.com\/#website","url":"https:\/\/www.purejewels.com\/","name":"PureJewels UK","description":"Teile die Liebe","publisher":{"@id":"https:\/\/www.purejewels.com\/#organization"},"potentialAction":[{"@type":"SearchAction","target":{"@type":"EntryPoint","urlTemplate":"https:\/\/www.purejewels.com\/?s={search_term_string}"},"query-input":{"@type":"PropertyValueSpecification","valueRequired":true,"valueName":"search_term_string"}}],"inLanguage":"de"},{"@type":"Organization","@id":"https:\/\/www.purejewels.com\/#organization","name":"PureJewels UK","url":"https:\/\/www.purejewels.com\/","logo":{"@type":"ImageObject","inLanguage":"de","@id":"https:\/\/www.purejewels.com\/#\/schema\/logo\/image\/","url":"https:\/\/static.purejewels.com\/wp-content\/uploads\/2020\/11\/Logo-PJ-New-1.png","contentUrl":"https:\/\/static.purejewels.com\/wp-content\/uploads\/2020\/11\/Logo-PJ-New-1.png","width":150,"height":80,"caption":"PureJewels UK"},"image":{"@id":"https:\/\/www.purejewels.com\/#\/schema\/logo\/image\/"}}]}},"_links":{"self":[{"href":"https:\/\/www.purejewels.com\/de\/wp-json\/wp\/v2\/product\/3494","targetHints":{"allow":["GET"]}}],"collection":[{"href":"https:\/\/www.purejewels.com\/de\/wp-json\/wp\/v2\/product"}],"about":[{"href":"https:\/\/www.purejewels.com\/de\/wp-json\/wp\/v2\/types\/product"}],"replies":[{"embeddable":true,"href":"https:\/\/www.purejewels.com\/de\/wp-json\/wp\/v2\/comments?post=3494"}],"version-history":[{"count":0,"href":"https:\/\/www.purejewels.com\/de\/wp-json\/wp\/v2\/product\/3494\/revisions"}],"wp:featuredmedia":[{"embeddable":true,"href":"https:\/\/www.purejewels.com\/de\/wp-json\/wp\/v2\/media\/3495"}],"wp:attachment":[{"href":"https:\/\/www.purejewels.com\/de\/wp-json\/wp\/v2\/media?parent=3494"}],"wp:term":[{"taxonomy":"product_brand","embeddable":true,"href":"https:\/\/www.purejewels.com\/de\/wp-json\/wp\/v2\/product_brand?post=3494"},{"taxonomy":"product_cat","embeddable":true,"href":"https:\/\/www.purejewels.com\/de\/wp-json\/wp\/v2\/product_cat?post=3494"},{"taxonomy":"product_tag","embeddable":true,"href":"https:\/\/www.purejewels.com\/de\/wp-json\/wp\/v2\/product_tag?post=3494"}],"curies":[{"name":"wp","href":"https:\/\/api.w.org\/{rel}","templated":true}]}}