{"id":349591,"date":"2023-08-04T04:54:15","date_gmt":"2023-08-04T03:54:15","guid":{"rendered":"https:\/\/www.purejewels.com\/?post_type=product&#038;p=349591"},"modified":"2026-01-10T16:15:09","modified_gmt":"2026-01-10T16:15:09","slug":"armari-kollektion-22-kt-gold-armspange-45812","status":"publish","type":"product","link":"https:\/\/www.purejewels.com\/de\/product\/armari-collection-22ct-gold-bangle-45812\/","title":{"rendered":"Armari Sammlung 22ct Gold Armreif | Gr\u00f6\u00dfe 2.6"},"content":{"rendered":"<p>SKU: 47884<\/p>\n<p><b>Bereich ID:<\/b>\u00a0JWBNSMAR001<\/p>\n<p><strong><a href=\"https:\/\/www.purejewels.com\/de\/product\/22ct-gold-bangle-28063\/\">22ct Gold Armreif<\/a> aus der Sammlung Armari<\/strong><\/p>\n<p>Dieser atemberaubende Armreif aus 22-kar\u00e4tigem Gold ist Teil der Armari-Kollektion, die die Essenz von Selbstbestimmung durch Furchtlosigkeit verk\u00f6rpert. Der Armreif wird in Handarbeit mit der Pr\u00e4getechnik hergestellt, die ein erhabenes Design auf der Goldoberfl\u00e4che erzeugt. Der Armreif ist au\u00dferdem mit einem <a href=\"https:\/\/www.purejewels.com\/de\/armari-collection\/\">antikes Finish<\/a>Das verleiht ihm ein zeitloses und anspruchsvolles Aussehen.<\/p>\n<p>Der Armreif ist 2,6 Zoll gro\u00df, kann aber auf Bestellung auch in anderen Gr\u00f6\u00dfen hergestellt werden. Er ist eine perfekte Erg\u00e4nzung f\u00fcr jede Schmucksammlung und kann zu jedem Anlass getragen werden, von allt\u00e4glich bis formell.<\/p>\n<p><strong>Warum diesen Armreif w\u00e4hlen?<\/strong><\/p>\n<ul>\n<li>Hergestellt aus hochwertigem 22-kar\u00e4tigem Gold<\/li>\n<li>Einzigartiges und aufwendiges antikes Finish<\/li>\n<li data-sourcepos=\"10:1-10:24\">Einzigartiges, gepr\u00e4gtes Design<\/li>\n<li>Zeitloses und elegantes Design<\/li>\n<li>Kann an Ihre Gr\u00f6\u00dfe angepasst werden<\/li>\n<li>Perfekt f\u00fcr jede Gelegenheit<\/li>\n<li>Vom London Assay Office f\u00fcr h\u00f6chste Qualit\u00e4t gepunzt<\/li>\n<\/ul>\n<p><strong>St\u00e4rken Sie sich mit diesem sch\u00f6nen und furchtlosen Armreif aus der Armari Collection.<\/strong><\/p>\n<p><strong>Bestellen Sie Ihren Armreif noch heute und erleben Sie den Unterschied.<\/strong><\/p>","protected":false},"excerpt":{"rendered":"<table class=\"sh_desc\">\n<tbody>\n<tr>\n<td>Art des Armreifs<\/td>\n<td>Armreif in Antikoptik<\/td>\n<\/tr>\n<tr>\n<td>SKU<\/td>\n<td>47884<\/td>\n<\/tr>\n<tr>\n<td>Gewicht<\/td>\n<td>12,6 Gramm<\/td>\n<\/tr>\n<tr>\n<td>Metall<\/td>\n<td>22ct Gold<\/td>\n<\/tr>\n<tr>\n<td>Armreif Gr\u00f6\u00dfe<\/td>\n<td>2.6<\/td>\n<\/tr>\n<tr>\n<td>Sammlung<\/td>\n<td><b>Sammlung Armari<\/b><\/td>\n<\/tr>\n<tr>\n<td>Wahrzeichen<\/td>\n<td>22ct Gold gestempelt von London Assay Office<\/td>\n<\/tr>\n<tr>\n<td>Entgelte<\/td>\n<td>Lieferung und Mehrwertsteuer inbegriffen<\/td>\n<\/tr>\n<tr>\n<td>Verpackung<\/td>\n<td>Mit Pr\u00e4sentationsbox<\/td>\n<\/tr>\n<tr>\n<td>Mehr Informationen<\/td>\n<td>\n<ul>\n<li>Hinweis: Der hier angegebene Preis gilt f\u00fcr einen einzelnen Armreif.<\/li>\n<li>Live-Chat mit uns f\u00fcr Verf\u00fcgbarkeit und mehr Bilder<\/li>\n<li>Klicken Sie hier zur \u00dcberpr\u00fcfung Ihrer\u00a0<strong>Armreif Gr\u00f6\u00dfe<\/strong><\/li>\n<\/ul>\n<\/td>\n<\/tr>\n<\/tbody>\n<\/table>","protected":false},"featured_media":349592,"comment_status":"closed","ping_status":"closed","template":"","meta":{"_eb_attr":"","_crsspst_to_jayantr4sg-hostcom":false},"product_brand":[],"product_cat":[1791,5640,245,1559,236,5701,1233,1570,5271,1657,1573,5349],"product_tag":[5310,1514],"class_list":{"0":"post-349591","1":"product","2":"type-product","3":"status-publish","4":"has-post-thumbnail","6":"product_cat-anniversary-gifts","7":"product_cat-armari-bangles","8":"product_cat-armari-collections","9":"product_cat-birthday-gifts","10":"product_cat-collections","11":"product_cat-eid-jewellery","12":"product_cat-gold-bangles","13":"product_cat-mothers-day-gifts","14":"product_cat-occasion-wear-bangles","15":"product_cat-single-bangle","16":"product_cat-wedding-gifts","17":"product_cat-yellow-gold-jewellery","18":"product_tag-22k-gold-bangles","19":"product_tag-bangles","21":"first","22":"outofstock","23":"taxable","24":"shipping-taxable","25":"product-type-simple","26":"add-to-wishlist-before_image"},"yoast_head":"<!-- This site is optimized with the Yoast SEO plugin v27.3 - https:\/\/yoast.com\/product\/yoast-seo-wordpress\/ -->\n<title>Armari Collection 22ct Gold Bangle | Gold Bangles in UK<\/title>\n<meta name=\"description\" content=\"Embrace elegance with Armari&#039;s 22ct Gold Bangle. Antique finish, timeless charm. Elevate your style with this exquisite piece.\" \/>\n<meta name=\"robots\" content=\"index, follow, max-snippet:-1, max-image-preview:large, max-video-preview:-1\" \/>\n<link rel=\"canonical\" href=\"https:\/\/www.purejewels.com\/de\/produkt-2\/armari-kollektion-22-kt-gold-armspange-45812\/\" \/>\n<meta property=\"og:locale\" content=\"de_DE\" \/>\n<meta property=\"og:type\" content=\"article\" \/>\n<meta property=\"og:title\" content=\"Armari Collection 22ct Gold Bangle | Gold Bangles in UK\" \/>\n<meta property=\"og:description\" content=\"Embrace elegance with Armari&#039;s 22ct Gold Bangle. Antique finish, timeless charm. Elevate your style with this exquisite piece.\" \/>\n<meta property=\"og:url\" content=\"https:\/\/www.purejewels.com\/de\/produkt-2\/armari-kollektion-22-kt-gold-armspange-45812\/\" \/>\n<meta property=\"og:site_name\" content=\"PureJewels UK\" \/>\n<meta property=\"article:modified_time\" content=\"2026-01-10T16:15:09+00:00\" \/>\n<meta property=\"og:image\" content=\"https:\/\/www.purejewels.com\/wp-content\/uploads\/2023\/08\/45811.jpg\" \/>\n\t<meta property=\"og:image:width\" content=\"1000\" \/>\n\t<meta property=\"og:image:height\" content=\"1000\" \/>\n\t<meta property=\"og:image:type\" content=\"image\/jpeg\" \/>\n<meta name=\"twitter:card\" content=\"summary_large_image\" \/>\n<meta name=\"twitter:label1\" content=\"Gesch\u00e4tzte Lesezeit\" \/>\n\t<meta name=\"twitter:data1\" content=\"1\u00a0Minute\" \/>\n<script type=\"application\/ld+json\" class=\"yoast-schema-graph\">{\"@context\":\"https:\\\/\\\/schema.org\",\"@graph\":[{\"@type\":[\"WebPage\",\"ItemPage\"],\"@id\":\"https:\\\/\\\/www.purejewels.com\\\/product\\\/armari-collection-22ct-gold-bangle-45812\\\/\",\"url\":\"https:\\\/\\\/www.purejewels.com\\\/product\\\/armari-collection-22ct-gold-bangle-45812\\\/\",\"name\":\"Armari Collection 22ct Gold Bangle | Gold Bangles in UK\",\"isPartOf\":{\"@id\":\"https:\\\/\\\/www.purejewels.com\\\/#website\"},\"primaryImageOfPage\":{\"@id\":\"https:\\\/\\\/www.purejewels.com\\\/product\\\/armari-collection-22ct-gold-bangle-45812\\\/#primaryimage\"},\"image\":{\"@id\":\"https:\\\/\\\/www.purejewels.com\\\/product\\\/armari-collection-22ct-gold-bangle-45812\\\/#primaryimage\"},\"thumbnailUrl\":\"https:\\\/\\\/static.purejewels.com\\\/wp-content\\\/uploads\\\/2023\\\/08\\\/45811.jpg\",\"datePublished\":\"2023-08-04T03:54:15+00:00\",\"dateModified\":\"2026-01-10T16:15:09+00:00\",\"description\":\"Embrace elegance with Armari's 22ct Gold Bangle. Antique finish, timeless charm. Elevate your style with this exquisite piece.\",\"breadcrumb\":{\"@id\":\"https:\\\/\\\/www.purejewels.com\\\/product\\\/armari-collection-22ct-gold-bangle-45812\\\/#breadcrumb\"},\"inLanguage\":\"de\",\"potentialAction\":[{\"@type\":\"ReadAction\",\"target\":[\"https:\\\/\\\/www.purejewels.com\\\/product\\\/armari-collection-22ct-gold-bangle-45812\\\/\"]}]},{\"@type\":\"ImageObject\",\"inLanguage\":\"de\",\"@id\":\"https:\\\/\\\/www.purejewels.com\\\/product\\\/armari-collection-22ct-gold-bangle-45812\\\/#primaryimage\",\"url\":\"https:\\\/\\\/static.purejewels.com\\\/wp-content\\\/uploads\\\/2023\\\/08\\\/45811.jpg\",\"contentUrl\":\"https:\\\/\\\/static.purejewels.com\\\/wp-content\\\/uploads\\\/2023\\\/08\\\/45811.jpg\",\"width\":1000,\"height\":1000,\"caption\":\"Armari Collection 22ct Gold Bangle\"},{\"@type\":\"BreadcrumbList\",\"@id\":\"https:\\\/\\\/www.purejewels.com\\\/product\\\/armari-collection-22ct-gold-bangle-45812\\\/#breadcrumb\",\"itemListElement\":[{\"@type\":\"ListItem\",\"position\":1,\"name\":\"Home\",\"item\":\"https:\\\/\\\/www.purejewels.com\\\/\"},{\"@type\":\"ListItem\",\"position\":2,\"name\":\"Shop\",\"item\":\"https:\\\/\\\/www.purejewels.com\\\/shop\\\/\"},{\"@type\":\"ListItem\",\"position\":3,\"name\":\"Armari Collection 22ct Gold Bangle | Size 2.6\"}]},{\"@type\":\"WebSite\",\"@id\":\"https:\\\/\\\/www.purejewels.com\\\/#website\",\"url\":\"https:\\\/\\\/www.purejewels.com\\\/\",\"name\":\"PureJewels UK\",\"description\":\"Share the Love\",\"publisher\":{\"@id\":\"https:\\\/\\\/www.purejewels.com\\\/#organization\"},\"potentialAction\":[{\"@type\":\"SearchAction\",\"target\":{\"@type\":\"EntryPoint\",\"urlTemplate\":\"https:\\\/\\\/www.purejewels.com\\\/?s={search_term_string}\"},\"query-input\":{\"@type\":\"PropertyValueSpecification\",\"valueRequired\":true,\"valueName\":\"search_term_string\"}}],\"inLanguage\":\"de\"},{\"@type\":\"Organization\",\"@id\":\"https:\\\/\\\/www.purejewels.com\\\/#organization\",\"name\":\"PureJewels UK\",\"url\":\"https:\\\/\\\/www.purejewels.com\\\/\",\"logo\":{\"@type\":\"ImageObject\",\"inLanguage\":\"de\",\"@id\":\"https:\\\/\\\/www.purejewels.com\\\/#\\\/schema\\\/logo\\\/image\\\/\",\"url\":\"https:\\\/\\\/static.purejewels.com\\\/wp-content\\\/uploads\\\/2020\\\/11\\\/Logo-PJ-New-1.png\",\"contentUrl\":\"https:\\\/\\\/static.purejewels.com\\\/wp-content\\\/uploads\\\/2020\\\/11\\\/Logo-PJ-New-1.png\",\"width\":150,\"height\":80,\"caption\":\"PureJewels UK\"},\"image\":{\"@id\":\"https:\\\/\\\/www.purejewels.com\\\/#\\\/schema\\\/logo\\\/image\\\/\"}}]}<\/script>\n<!-- \/ Yoast SEO plugin. -->","yoast_head_json":{"title":"Armari Collection 22ct Gold Armreif | Gold Armreifen in UK","description":"Eleganz mit dem 22-kar\u00e4tigen Goldarmreif von Armari. Antikes Finish, zeitloser Charme. Erh\u00f6hen Sie Ihren Stil mit diesem exquisiten St\u00fcck.","robots":{"index":"index","follow":"follow","max-snippet":"max-snippet:-1","max-image-preview":"max-image-preview:large","max-video-preview":"max-video-preview:-1"},"canonical":"https:\/\/www.purejewels.com\/de\/produkt-2\/armari-kollektion-22-kt-gold-armspange-45812\/","og_locale":"de_DE","og_type":"article","og_title":"Armari Collection 22ct Gold Bangle | Gold Bangles in UK","og_description":"Embrace elegance with Armari's 22ct Gold Bangle. Antique finish, timeless charm. Elevate your style with this exquisite piece.","og_url":"https:\/\/www.purejewels.com\/de\/produkt-2\/armari-kollektion-22-kt-gold-armspange-45812\/","og_site_name":"PureJewels UK","article_modified_time":"2026-01-10T16:15:09+00:00","og_image":[{"width":1000,"height":1000,"url":"https:\/\/www.purejewels.com\/wp-content\/uploads\/2023\/08\/45811.jpg","type":"image\/jpeg"}],"twitter_card":"summary_large_image","twitter_misc":{"Gesch\u00e4tzte Lesezeit":"1\u00a0Minute"},"schema":{"@context":"https:\/\/schema.org","@graph":[{"@type":["WebPage","ItemPage"],"@id":"https:\/\/www.purejewels.com\/product\/armari-collection-22ct-gold-bangle-45812\/","url":"https:\/\/www.purejewels.com\/product\/armari-collection-22ct-gold-bangle-45812\/","name":"Armari Collection 22ct Gold Armreif | Gold Armreifen in UK","isPartOf":{"@id":"https:\/\/www.purejewels.com\/#website"},"primaryImageOfPage":{"@id":"https:\/\/www.purejewels.com\/product\/armari-collection-22ct-gold-bangle-45812\/#primaryimage"},"image":{"@id":"https:\/\/www.purejewels.com\/product\/armari-collection-22ct-gold-bangle-45812\/#primaryimage"},"thumbnailUrl":"https:\/\/static.purejewels.com\/wp-content\/uploads\/2023\/08\/45811.jpg","datePublished":"2023-08-04T03:54:15+00:00","dateModified":"2026-01-10T16:15:09+00:00","description":"Eleganz mit dem 22-kar\u00e4tigen Goldarmreif von Armari. Antikes Finish, zeitloser Charme. Erh\u00f6hen Sie Ihren Stil mit diesem exquisiten St\u00fcck.","breadcrumb":{"@id":"https:\/\/www.purejewels.com\/product\/armari-collection-22ct-gold-bangle-45812\/#breadcrumb"},"inLanguage":"de","potentialAction":[{"@type":"ReadAction","target":["https:\/\/www.purejewels.com\/product\/armari-collection-22ct-gold-bangle-45812\/"]}]},{"@type":"ImageObject","inLanguage":"de","@id":"https:\/\/www.purejewels.com\/product\/armari-collection-22ct-gold-bangle-45812\/#primaryimage","url":"https:\/\/static.purejewels.com\/wp-content\/uploads\/2023\/08\/45811.jpg","contentUrl":"https:\/\/static.purejewels.com\/wp-content\/uploads\/2023\/08\/45811.jpg","width":1000,"height":1000,"caption":"Armari Collection 22ct Gold Bangle"},{"@type":"BreadcrumbList","@id":"https:\/\/www.purejewels.com\/product\/armari-collection-22ct-gold-bangle-45812\/#breadcrumb","itemListElement":[{"@type":"ListItem","position":1,"name":"Home","item":"https:\/\/www.purejewels.com\/"},{"@type":"ListItem","position":2,"name":"Shop","item":"https:\/\/www.purejewels.com\/shop\/"},{"@type":"ListItem","position":3,"name":"Armari Collection 22ct Gold Bangle | Size 2.6"}]},{"@type":"WebSite","@id":"https:\/\/www.purejewels.com\/#website","url":"https:\/\/www.purejewels.com\/","name":"PureJewels UK","description":"Teile die Liebe","publisher":{"@id":"https:\/\/www.purejewels.com\/#organization"},"potentialAction":[{"@type":"SearchAction","target":{"@type":"EntryPoint","urlTemplate":"https:\/\/www.purejewels.com\/?s={search_term_string}"},"query-input":{"@type":"PropertyValueSpecification","valueRequired":true,"valueName":"search_term_string"}}],"inLanguage":"de"},{"@type":"Organization","@id":"https:\/\/www.purejewels.com\/#organization","name":"PureJewels UK","url":"https:\/\/www.purejewels.com\/","logo":{"@type":"ImageObject","inLanguage":"de","@id":"https:\/\/www.purejewels.com\/#\/schema\/logo\/image\/","url":"https:\/\/static.purejewels.com\/wp-content\/uploads\/2020\/11\/Logo-PJ-New-1.png","contentUrl":"https:\/\/static.purejewels.com\/wp-content\/uploads\/2020\/11\/Logo-PJ-New-1.png","width":150,"height":80,"caption":"PureJewels UK"},"image":{"@id":"https:\/\/www.purejewels.com\/#\/schema\/logo\/image\/"}}]}},"_links":{"self":[{"href":"https:\/\/www.purejewels.com\/de\/wp-json\/wp\/v2\/product\/349591","targetHints":{"allow":["GET"]}}],"collection":[{"href":"https:\/\/www.purejewels.com\/de\/wp-json\/wp\/v2\/product"}],"about":[{"href":"https:\/\/www.purejewels.com\/de\/wp-json\/wp\/v2\/types\/product"}],"replies":[{"embeddable":true,"href":"https:\/\/www.purejewels.com\/de\/wp-json\/wp\/v2\/comments?post=349591"}],"version-history":[{"count":1,"href":"https:\/\/www.purejewels.com\/de\/wp-json\/wp\/v2\/product\/349591\/revisions"}],"predecessor-version":[{"id":372024,"href":"https:\/\/www.purejewels.com\/de\/wp-json\/wp\/v2\/product\/349591\/revisions\/372024"}],"wp:featuredmedia":[{"embeddable":true,"href":"https:\/\/www.purejewels.com\/de\/wp-json\/wp\/v2\/media\/349592"}],"wp:attachment":[{"href":"https:\/\/www.purejewels.com\/de\/wp-json\/wp\/v2\/media?parent=349591"}],"wp:term":[{"taxonomy":"product_brand","embeddable":true,"href":"https:\/\/www.purejewels.com\/de\/wp-json\/wp\/v2\/product_brand?post=349591"},{"taxonomy":"product_cat","embeddable":true,"href":"https:\/\/www.purejewels.com\/de\/wp-json\/wp\/v2\/product_cat?post=349591"},{"taxonomy":"product_tag","embeddable":true,"href":"https:\/\/www.purejewels.com\/de\/wp-json\/wp\/v2\/product_tag?post=349591"}],"curies":[{"name":"wp","href":"https:\/\/api.w.org\/{rel}","templated":true}]}}