{"id":3498,"date":"2017-07-19T13:14:06","date_gmt":"2017-07-19T12:14:06","guid":{"rendered":"http:\/\/new.purejewels.com\/product\/wildflower-ring\/"},"modified":"2025-12-11T04:52:48","modified_gmt":"2025-12-11T04:52:48","slug":"wildblumenring","status":"publish","type":"product","link":"https:\/\/www.purejewels.com\/de\/product\/wildflower-ring\/","title":{"rendered":"Wildblumen-Ring"},"content":{"rendered":"<p><strong>Designkonzept<\/strong><\/p>\n<p>Dieser Ring ist von der stillen Poesie der Floralia-Kollektion gepr\u00e4gt und l\u00e4sst sich von den versteckten G\u00e4rten und bl\u00fchenden Wegen eines indischen Palastes inspirieren. Seine durchbrochene Silhouette ahmt den sanften Aufstieg von Jasminranken nach und bildet eine anmutige Ranke, die sich nat\u00fcrlich um den Finger schlingt. Ein Aquamarin im Marquise-Schliff ruht wie ein zarter Morgentautropfen, w\u00e4hrend eine Reihe von Diamanten im Pav\u00e9-Setting das Funkeln der fr\u00fchen Sonnenstrahlen auf frischen Bl\u00fctenbl\u00e4ttern widerspiegelt. Das Design zelebriert Bewegung, Wachstum und die Sch\u00f6nheit, die sich in den kleinsten Details der Natur findet.<\/p>\n<p><strong>Handwerkliches K\u00f6nnen<\/strong><\/p>\n<p>Der Ring ist fachm\u00e4nnisch aus poliertem Wei\u00dfgold gefertigt und besticht durch seine ausgewogene, skulpturale Form und seine raffinierten Details. Die flie\u00dfenden Linien der Ranke sind pr\u00e4zise geformt, um Komfort und Haltbarkeit zu gew\u00e4hrleisten und gleichzeitig die luftige Eleganz eines durchbrochenen Designs zu bewahren. Jeder Diamant ist einzeln gefasst, um eine nahtlose Lichtlinie zu schaffen, und der Edelstein im Marquise-Schliff ist in einer speziell geformten Fassung befestigt, die seinen nat\u00fcrlichen Glanz unterstreicht. Der in Gro\u00dfbritannien punzierte Ring spiegelt das Engagement von PureJewels f\u00fcr feine Handwerkskunst, Authentizit\u00e4t und Liebe zum Detail wider.<\/p>\n<p><strong>Styling-Ideen<\/strong><\/p>\n<p>Dieser ausdrucksstarke, von der Natur inspirierte Ring passt wunderbar zu modernen und romantischen Looks. Tragen Sie ihn allein als auff\u00e4lliges Accessoire f\u00fcr den Alltag oder kombinieren Sie ihn mit schmalen Wei\u00dfgoldringen, um einen zarten botanischen Look zu kreieren. Am Abend passt er perfekt zu Saphir-, Aquamarin- oder Diamantschmuck und unterstreicht dessen k\u00fchle Eleganz. Der Ring eignet sich auch hervorragend als bedeutungsvolles Geschenk, zum Beispiel zum Geburtstag, zum Jahrestag oder zu Anl\u00e4ssen, die Wachstum, Erneuerung und pers\u00f6nliche Entwicklung feiern. Sein poetisches Design verleiht jedem Outfit einen Hauch von zur\u00fcckhaltendem Luxus.<\/p>","protected":false},"excerpt":{"rendered":"<ul>\n<li>Wildblumen-Ring<\/li>\n<li>18 Karat Wei\u00dfgold<\/li>\n<li>Diamanten 0,07cts<\/li>\n<li>Aquamarine 0,12cts<\/li>\n<li>Kann in rosa Turmalin, gr\u00fcnem Turmalin und Morganit hergestellt werden<\/li>\n<li>Die Lieferung kann bis zu sechs Wochen dauern.<\/li>\n<\/ul>\n<p>&nbsp;<\/p>\n<p><strong>Eine bl\u00fchende Wildblume, die jeden Tag erhellt. <\/strong><em>W\u00e4hlen Sie Ihren eigenen Stein f\u00fcr die Knospe auf diesem romantischen Ring aus Wei\u00dfgold.\u00a0 <\/em><\/p>\n<p><strong>Ring Wildblume Wei\u00dfgold<br \/>\n<\/strong>Dieser Ring ist eine Erinnerung an die Sch\u00f6nheit des Lebens und erhellt jeden Tag Ihren Weg.  Er ist aus unserer <em>Floralia<\/em> Kollektion, inspiriert von den verschlungenen Pfaden und geheimen G\u00e4rten auf dem Gel\u00e4nde eines indischen Palastes.  Wir haben das Gl\u00fccksgef\u00fchl von verzweigtem Jasmin und das Glitzern des Morgentaus in einer Kollektion eingefangen, die die nat\u00fcrlichen Wildblumen feiert.<\/p>\n<p>Dieser Ring aus Wei\u00dfgold ist mit tau\u00e4hnlichen Diamanten besetzt, die mit einem Aqua eingefasst sind, und wird von einer Wei\u00dfgoldranke abgeschlossen.<\/p>\n<p>Er ist wie f\u00fcr Sie gemacht.  Personalisieren Sie Ihren Wildflower-Ring mit einem Stein Ihrer Wahl: W\u00e4hlen Sie zwischen rosa Turmalin, Aquamarin, gr\u00fcnem Turmalin oder Morganit.<\/p>\n<p><strong>\u00dcber PureJewels<br \/>\n<\/strong><em>Floralia<\/em> ist eine Archivkollektion, die von unserem Team entworfen wurde und auf Bestellung erh\u00e4ltlich ist.  Kommen Sie in den Ausstellungsraum und entdecken Sie weitere unserer exklusiven Kollektionen sowie Schmuckst\u00fccke, die wir aus der ganzen Welt bezogen haben.  PureJewels hat eine indische Geschichte und eine globale Ausrichtung.  Seit Gro\u00dfvater Bhanji seinen Fu\u00df nach England setzte, haben wir treue Kunden in London und dar\u00fcber hinaus bedient.  Heute zieht unsere riesige Kollektion von Ohrringen und Armreifen aus 22 Karat Gold Besucher aus vielen L\u00e4ndern an!<\/p>\n<p>Unser vielseitiges Designteam entwirft heute eine saisonale Kollektion und arbeitet auch an ma\u00dfgeschneiderten Auftr\u00e4gen.  In den letzten Jahren haben wir sowohl Kollektionen in Wei\u00dfgold als auch in 22-kar\u00e4tigem Gold (einer traditionellen Spezialit\u00e4t) hergestellt.  Wei\u00dfgold ist eine zeitgem\u00e4\u00dfe und stilvolle Wahl - es war perfekt f\u00fcr unsere schicke <em>Floralia<\/em> Sammlung.<\/p>\n<p>Wenn Sie mehr \u00fcber den Wildflower White Gold Ring erfahren m\u00f6chten, \u00f6ffnen Sie bitte den Live Chat.  Sie erreichen einen Berater im Gesch\u00e4ft (keinen Telefonisten), der Ihnen Auskunft \u00fcber den Lagerbestand und die Lieferzeiten geben kann.<\/p>\n<p>&nbsp;<\/p>\n<p>&nbsp;<\/p>","protected":false},"featured_media":3499,"comment_status":"closed","ping_status":"closed","template":"","meta":{"_eb_attr":"","_crsspst_to_jayantr4sg-hostcom":false},"product_brand":[],"product_cat":[253,1783,1537],"product_tag":[],"class_list":{"0":"post-3498","1":"product","2":"type-product","3":"status-publish","4":"has-post-thumbnail","6":"product_cat-floralia-collections","7":"product_cat-ladies-rings","8":"product_cat-white-gold-jewellery-set","10":"first","11":"onbackorder","12":"product-type-simple","13":"add-to-wishlist-before_image"},"yoast_head":"<!-- This site is optimized with the Yoast SEO plugin v27.4 - https:\/\/yoast.com\/product\/yoast-seo-wordpress\/ -->\n<title>White Gold Wildflower Ring with Aquamarine and Diamonds<\/title>\n<meta name=\"description\" content=\"White gold wildflower ring with aquamarine and diamonds inspired by jasmine tendrils. UK hallmarked and available with custom gemstone options at PureJewels.\" \/>\n<meta name=\"robots\" content=\"index, follow, max-snippet:-1, max-image-preview:large, max-video-preview:-1\" \/>\n<link rel=\"canonical\" href=\"https:\/\/www.purejewels.com\/de\/produkt-2\/wildblumenring\/\" \/>\n<meta property=\"og:locale\" content=\"de_DE\" \/>\n<meta property=\"og:type\" content=\"article\" \/>\n<meta property=\"og:title\" content=\"White Gold Wildflower Ring with Aquamarine and Diamonds\" \/>\n<meta property=\"og:description\" content=\"White gold wildflower ring with aquamarine and diamonds inspired by jasmine tendrils. UK hallmarked and available with custom gemstone options at PureJewels.\" \/>\n<meta property=\"og:url\" content=\"https:\/\/www.purejewels.com\/de\/produkt-2\/wildblumenring\/\" \/>\n<meta property=\"og:site_name\" content=\"PureJewels UK\" \/>\n<meta property=\"article:modified_time\" content=\"2025-12-11T04:52:48+00:00\" \/>\n<meta property=\"og:image\" content=\"https:\/\/static.purejewels.com\/wp-content\/uploads\/2017\/07\/wildflower-ring-15808-2.jpg\" \/>\n\t<meta property=\"og:image:width\" content=\"960\" \/>\n\t<meta property=\"og:image:height\" content=\"960\" \/>\n\t<meta property=\"og:image:type\" content=\"image\/jpeg\" \/>\n<meta name=\"twitter:card\" content=\"summary_large_image\" \/>\n<meta name=\"twitter:label1\" content=\"Gesch\u00e4tzte Lesezeit\" \/>\n\t<meta name=\"twitter:data1\" content=\"2\u00a0Minuten\" \/>\n<script type=\"application\/ld+json\" class=\"yoast-schema-graph\">{\"@context\":\"https:\\\/\\\/schema.org\",\"@graph\":[{\"@type\":[\"WebPage\",\"ItemPage\"],\"@id\":\"https:\\\/\\\/www.purejewels.com\\\/product\\\/wildflower-ring\\\/\",\"url\":\"https:\\\/\\\/www.purejewels.com\\\/product\\\/wildflower-ring\\\/\",\"name\":\"White Gold Wildflower Ring with Aquamarine and Diamonds\",\"isPartOf\":{\"@id\":\"https:\\\/\\\/www.purejewels.com\\\/#website\"},\"primaryImageOfPage\":{\"@id\":\"https:\\\/\\\/www.purejewels.com\\\/product\\\/wildflower-ring\\\/#primaryimage\"},\"image\":{\"@id\":\"https:\\\/\\\/www.purejewels.com\\\/product\\\/wildflower-ring\\\/#primaryimage\"},\"thumbnailUrl\":\"https:\\\/\\\/static.purejewels.com\\\/wp-content\\\/uploads\\\/2017\\\/07\\\/wildflower-ring-15808-2.jpg\",\"datePublished\":\"2017-07-19T12:14:06+00:00\",\"dateModified\":\"2025-12-11T04:52:48+00:00\",\"description\":\"White gold wildflower ring with aquamarine and diamonds inspired by jasmine tendrils. UK hallmarked and available with custom gemstone options at PureJewels.\",\"breadcrumb\":{\"@id\":\"https:\\\/\\\/www.purejewels.com\\\/product\\\/wildflower-ring\\\/#breadcrumb\"},\"inLanguage\":\"de\",\"potentialAction\":[{\"@type\":\"ReadAction\",\"target\":[\"https:\\\/\\\/www.purejewels.com\\\/product\\\/wildflower-ring\\\/\"]}]},{\"@type\":\"ImageObject\",\"inLanguage\":\"de\",\"@id\":\"https:\\\/\\\/www.purejewels.com\\\/product\\\/wildflower-ring\\\/#primaryimage\",\"url\":\"https:\\\/\\\/static.purejewels.com\\\/wp-content\\\/uploads\\\/2017\\\/07\\\/wildflower-ring-15808-2.jpg\",\"contentUrl\":\"https:\\\/\\\/static.purejewels.com\\\/wp-content\\\/uploads\\\/2017\\\/07\\\/wildflower-ring-15808-2.jpg\",\"width\":960,\"height\":960,\"caption\":\"wildflower-ring-15808.jpg\"},{\"@type\":\"BreadcrumbList\",\"@id\":\"https:\\\/\\\/www.purejewels.com\\\/product\\\/wildflower-ring\\\/#breadcrumb\",\"itemListElement\":[{\"@type\":\"ListItem\",\"position\":1,\"name\":\"Home\",\"item\":\"https:\\\/\\\/www.purejewels.com\\\/\"},{\"@type\":\"ListItem\",\"position\":2,\"name\":\"Shop\",\"item\":\"https:\\\/\\\/www.purejewels.com\\\/shop\\\/\"},{\"@type\":\"ListItem\",\"position\":3,\"name\":\"Wildflower Ring\"}]},{\"@type\":\"WebSite\",\"@id\":\"https:\\\/\\\/www.purejewels.com\\\/#website\",\"url\":\"https:\\\/\\\/www.purejewels.com\\\/\",\"name\":\"PureJewels UK\",\"description\":\"Share the Love\",\"publisher\":{\"@id\":\"https:\\\/\\\/www.purejewels.com\\\/#organization\"},\"potentialAction\":[{\"@type\":\"SearchAction\",\"target\":{\"@type\":\"EntryPoint\",\"urlTemplate\":\"https:\\\/\\\/www.purejewels.com\\\/?s={search_term_string}\"},\"query-input\":{\"@type\":\"PropertyValueSpecification\",\"valueRequired\":true,\"valueName\":\"search_term_string\"}}],\"inLanguage\":\"de\"},{\"@type\":\"Organization\",\"@id\":\"https:\\\/\\\/www.purejewels.com\\\/#organization\",\"name\":\"PureJewels UK\",\"url\":\"https:\\\/\\\/www.purejewels.com\\\/\",\"logo\":{\"@type\":\"ImageObject\",\"inLanguage\":\"de\",\"@id\":\"https:\\\/\\\/www.purejewels.com\\\/#\\\/schema\\\/logo\\\/image\\\/\",\"url\":\"https:\\\/\\\/static.purejewels.com\\\/wp-content\\\/uploads\\\/2020\\\/11\\\/Logo-PJ-New-1.png\",\"contentUrl\":\"https:\\\/\\\/static.purejewels.com\\\/wp-content\\\/uploads\\\/2020\\\/11\\\/Logo-PJ-New-1.png\",\"width\":150,\"height\":80,\"caption\":\"PureJewels UK\"},\"image\":{\"@id\":\"https:\\\/\\\/www.purejewels.com\\\/#\\\/schema\\\/logo\\\/image\\\/\"}}]}<\/script>\n<!-- \/ Yoast SEO plugin. -->","yoast_head_json":{"title":"Wei\u00dfgold-Ring mit Wildblumenmotiv, Aquamarin und Diamanten","description":"Wei\u00dfgold-Ring mit Wildblumenmotiv, Aquamarin und Diamanten, inspiriert von Jasminranken. Mit britischer Punzierung und bei PureJewels mit individuellen Edelsteinoptionen erh\u00e4ltlich.","robots":{"index":"index","follow":"follow","max-snippet":"max-snippet:-1","max-image-preview":"max-image-preview:large","max-video-preview":"max-video-preview:-1"},"canonical":"https:\/\/www.purejewels.com\/de\/produkt-2\/wildblumenring\/","og_locale":"de_DE","og_type":"article","og_title":"White Gold Wildflower Ring with Aquamarine and Diamonds","og_description":"White gold wildflower ring with aquamarine and diamonds inspired by jasmine tendrils. UK hallmarked and available with custom gemstone options at PureJewels.","og_url":"https:\/\/www.purejewels.com\/de\/produkt-2\/wildblumenring\/","og_site_name":"PureJewels UK","article_modified_time":"2025-12-11T04:52:48+00:00","og_image":[{"width":960,"height":960,"url":"https:\/\/static.purejewels.com\/wp-content\/uploads\/2017\/07\/wildflower-ring-15808-2.jpg","type":"image\/jpeg"}],"twitter_card":"summary_large_image","twitter_misc":{"Gesch\u00e4tzte Lesezeit":"2\u00a0Minuten"},"schema":{"@context":"https:\/\/schema.org","@graph":[{"@type":["WebPage","ItemPage"],"@id":"https:\/\/www.purejewels.com\/product\/wildflower-ring\/","url":"https:\/\/www.purejewels.com\/product\/wildflower-ring\/","name":"Wei\u00dfgold-Ring mit Wildblumenmotiv, Aquamarin und Diamanten","isPartOf":{"@id":"https:\/\/www.purejewels.com\/#website"},"primaryImageOfPage":{"@id":"https:\/\/www.purejewels.com\/product\/wildflower-ring\/#primaryimage"},"image":{"@id":"https:\/\/www.purejewels.com\/product\/wildflower-ring\/#primaryimage"},"thumbnailUrl":"https:\/\/static.purejewels.com\/wp-content\/uploads\/2017\/07\/wildflower-ring-15808-2.jpg","datePublished":"2017-07-19T12:14:06+00:00","dateModified":"2025-12-11T04:52:48+00:00","description":"Wei\u00dfgold-Ring mit Wildblumenmotiv, Aquamarin und Diamanten, inspiriert von Jasminranken. Mit britischer Punzierung und bei PureJewels mit individuellen Edelsteinoptionen erh\u00e4ltlich.","breadcrumb":{"@id":"https:\/\/www.purejewels.com\/product\/wildflower-ring\/#breadcrumb"},"inLanguage":"de","potentialAction":[{"@type":"ReadAction","target":["https:\/\/www.purejewels.com\/product\/wildflower-ring\/"]}]},{"@type":"ImageObject","inLanguage":"de","@id":"https:\/\/www.purejewels.com\/product\/wildflower-ring\/#primaryimage","url":"https:\/\/static.purejewels.com\/wp-content\/uploads\/2017\/07\/wildflower-ring-15808-2.jpg","contentUrl":"https:\/\/static.purejewels.com\/wp-content\/uploads\/2017\/07\/wildflower-ring-15808-2.jpg","width":960,"height":960,"caption":"wildflower-ring-15808.jpg"},{"@type":"BreadcrumbList","@id":"https:\/\/www.purejewels.com\/product\/wildflower-ring\/#breadcrumb","itemListElement":[{"@type":"ListItem","position":1,"name":"Home","item":"https:\/\/www.purejewels.com\/"},{"@type":"ListItem","position":2,"name":"Shop","item":"https:\/\/www.purejewels.com\/shop\/"},{"@type":"ListItem","position":3,"name":"Wildflower Ring"}]},{"@type":"WebSite","@id":"https:\/\/www.purejewels.com\/#website","url":"https:\/\/www.purejewels.com\/","name":"PureJewels UK","description":"Teile die Liebe","publisher":{"@id":"https:\/\/www.purejewels.com\/#organization"},"potentialAction":[{"@type":"SearchAction","target":{"@type":"EntryPoint","urlTemplate":"https:\/\/www.purejewels.com\/?s={search_term_string}"},"query-input":{"@type":"PropertyValueSpecification","valueRequired":true,"valueName":"search_term_string"}}],"inLanguage":"de"},{"@type":"Organization","@id":"https:\/\/www.purejewels.com\/#organization","name":"PureJewels UK","url":"https:\/\/www.purejewels.com\/","logo":{"@type":"ImageObject","inLanguage":"de","@id":"https:\/\/www.purejewels.com\/#\/schema\/logo\/image\/","url":"https:\/\/static.purejewels.com\/wp-content\/uploads\/2020\/11\/Logo-PJ-New-1.png","contentUrl":"https:\/\/static.purejewels.com\/wp-content\/uploads\/2020\/11\/Logo-PJ-New-1.png","width":150,"height":80,"caption":"PureJewels UK"},"image":{"@id":"https:\/\/www.purejewels.com\/#\/schema\/logo\/image\/"}}]}},"_links":{"self":[{"href":"https:\/\/www.purejewels.com\/de\/wp-json\/wp\/v2\/product\/3498","targetHints":{"allow":["GET"]}}],"collection":[{"href":"https:\/\/www.purejewels.com\/de\/wp-json\/wp\/v2\/product"}],"about":[{"href":"https:\/\/www.purejewels.com\/de\/wp-json\/wp\/v2\/types\/product"}],"replies":[{"embeddable":true,"href":"https:\/\/www.purejewels.com\/de\/wp-json\/wp\/v2\/comments?post=3498"}],"version-history":[{"count":3,"href":"https:\/\/www.purejewels.com\/de\/wp-json\/wp\/v2\/product\/3498\/revisions"}],"predecessor-version":[{"id":422927,"href":"https:\/\/www.purejewels.com\/de\/wp-json\/wp\/v2\/product\/3498\/revisions\/422927"}],"wp:featuredmedia":[{"embeddable":true,"href":"https:\/\/www.purejewels.com\/de\/wp-json\/wp\/v2\/media\/3499"}],"wp:attachment":[{"href":"https:\/\/www.purejewels.com\/de\/wp-json\/wp\/v2\/media?parent=3498"}],"wp:term":[{"taxonomy":"product_brand","embeddable":true,"href":"https:\/\/www.purejewels.com\/de\/wp-json\/wp\/v2\/product_brand?post=3498"},{"taxonomy":"product_cat","embeddable":true,"href":"https:\/\/www.purejewels.com\/de\/wp-json\/wp\/v2\/product_cat?post=3498"},{"taxonomy":"product_tag","embeddable":true,"href":"https:\/\/www.purejewels.com\/de\/wp-json\/wp\/v2\/product_tag?post=3498"}],"curies":[{"name":"wp","href":"https:\/\/api.w.org\/{rel}","templated":true}]}}