{"id":349961,"date":"2023-08-17T09:29:37","date_gmt":"2023-08-17T08:29:37","guid":{"rendered":"https:\/\/www.purejewels.com\/?post_type=product&#038;p=349961"},"modified":"2026-01-06T08:45:53","modified_gmt":"2026-01-06T08:45:53","slug":"anusha-kollektion-22-kt-gold-halskette-32888","status":"publish","type":"product","link":"https:\/\/www.purejewels.com\/de\/product\/anusha-collection-22ct-gold-necklace-32888\/","title":{"rendered":"Anusha Kollektion 22ct Gold Halskette"},"content":{"rendered":"<ul>\n<li><b>SKU:<\/b> 32888<\/li>\n<li><b>Bereich ID. <\/b>ANNC169<\/li>\n<\/ul>","protected":false},"excerpt":{"rendered":"<table class=\"sh_desc\" style=\"width: 100%; height: 252px;\">\n<tbody>\n<tr style=\"height: 28px;\">\n<td style=\"height: 28px;\">Art der Halskette<\/td>\n<td style=\"height: 28px;\">Halskette f\u00fcr Br\u00e4ute<\/td>\n<\/tr>\n<tr style=\"height: 28px;\">\n<td style=\"height: 28px;\">SKU<\/td>\n<td style=\"height: 28px;\">32888<\/td>\n<\/tr>\n<tr style=\"height: 28px;\">\n<td style=\"height: 28px;\">Gewicht<\/td>\n<td style=\"height: 28px;\">49,9 Gms<\/td>\n<\/tr>\n<tr style=\"height: 28px;\">\n<td style=\"height: 28px;\">Stein<\/td>\n<td style=\"height: 28px;\">Synthetische Polki<\/td>\n<\/tr>\n<tr style=\"height: 28px;\">\n<td style=\"height: 28px;\">Sammlung<\/td>\n<td style=\"height: 28px;\">Anusha Kollektion<\/td>\n<\/tr>\n<tr style=\"height: 28px;\">\n<td style=\"height: 28px;\">Metall<\/td>\n<td style=\"height: 28px;\">22ct Gold<\/td>\n<\/tr>\n<tr style=\"height: 28px;\">\n<td style=\"height: 28px;\">Entgelte<\/td>\n<td style=\"height: 28px;\">Lieferung und Mehrwertsteuer inbegriffen<\/td>\n<\/tr>\n<tr style=\"height: 28px;\">\n<td style=\"height: 28px;\">Verpackung<\/td>\n<td style=\"height: 28px;\">Mit Pr\u00e4sentationsbox<\/td>\n<\/tr>\n<tr style=\"height: 28px;\">\n<td style=\"height: 28px;\">Mehr Informationen<\/td>\n<td style=\"height: 28px;\">\n<ul>\n<li>Live-Chat mit uns f\u00fcr Verf\u00fcgbarkeit und mehr Bilder<\/li>\n<li>Erkunden Sie unser\u00a0<strong>Goldschmuck-Set<\/strong><\/li>\n<\/ul>\n<\/td>\n<\/tr>\n<\/tbody>\n<\/table>","protected":false},"featured_media":349968,"comment_status":"closed","ping_status":"closed","template":"","meta":{"_eb_attr":"","_crsspst_to_jayantr4sg-hostcom":false},"product_brand":[],"product_cat":[256,1804,5950,1625,1782,236,1790,1229,1253,1778,1573,1574,5349],"product_tag":[],"class_list":{"0":"post-349961","1":"product","2":"type-product","3":"status-publish","4":"has-post-thumbnail","6":"product_cat-anusha-collections","7":"product_cat-jewellery-sets","8":"product_cat-bridal-necklace","9":"product_cat-bridal-set","10":"product_cat-choker-necklaces","11":"product_cat-collections","12":"product_cat-for-whom-when","13":"product_cat-22ct-gold-jewellery","14":"product_cat-gold-necklaces","15":"product_cat-short-necklaces","16":"product_cat-wedding-gifts","17":"product_cat-womens-jewellery","18":"product_cat-yellow-gold-jewellery","20":"first","21":"outofstock","22":"taxable","23":"shipping-taxable","24":"product-type-simple","25":"add-to-wishlist-before_image"},"yoast_head":"<!-- This site is optimized with the Yoast SEO plugin v27.3 - https:\/\/yoast.com\/product\/yoast-seo-wordpress\/ -->\n<title>Buy 22ct Gold Necklace at PureJewels UK | Anusha Collection<\/title>\n<meta name=\"description\" content=\"Bridal 22ct gold Anusha Collection necklace with great detail. Beautiful on it&#039;s own &amp; perfect for special occasions. Free Delivery across UK\" \/>\n<meta name=\"robots\" content=\"index, follow, max-snippet:-1, max-image-preview:large, max-video-preview:-1\" \/>\n<link rel=\"canonical\" href=\"https:\/\/www.purejewels.com\/de\/produkt-2\/anusha-kollektion-22-kt-gold-halskette-32888\/\" \/>\n<meta property=\"og:locale\" content=\"de_DE\" \/>\n<meta property=\"og:type\" content=\"article\" \/>\n<meta property=\"og:title\" content=\"Buy 22ct Gold Necklace at PureJewels UK | Anusha Collection\" \/>\n<meta property=\"og:description\" content=\"Bridal 22ct gold Anusha Collection necklace with great detail. Beautiful on it&#039;s own &amp; perfect for special occasions. Free Delivery across UK\" \/>\n<meta property=\"og:url\" content=\"https:\/\/www.purejewels.com\/de\/produkt-2\/anusha-kollektion-22-kt-gold-halskette-32888\/\" \/>\n<meta property=\"og:site_name\" content=\"PureJewels UK\" \/>\n<meta property=\"article:modified_time\" content=\"2026-01-06T08:45:53+00:00\" \/>\n<meta property=\"og:image\" content=\"https:\/\/www.purejewels.com\/wp-content\/uploads\/2023\/08\/32888.jpg\" \/>\n\t<meta property=\"og:image:width\" content=\"1000\" \/>\n\t<meta property=\"og:image:height\" content=\"1000\" \/>\n\t<meta property=\"og:image:type\" content=\"image\/jpeg\" \/>\n<meta name=\"twitter:card\" content=\"summary_large_image\" \/>\n<script type=\"application\/ld+json\" class=\"yoast-schema-graph\">{\"@context\":\"https:\\\/\\\/schema.org\",\"@graph\":[{\"@type\":[\"WebPage\",\"ItemPage\"],\"@id\":\"https:\\\/\\\/www.purejewels.com\\\/product\\\/anusha-collection-22ct-gold-necklace-32888\\\/\",\"url\":\"https:\\\/\\\/www.purejewels.com\\\/product\\\/anusha-collection-22ct-gold-necklace-32888\\\/\",\"name\":\"Buy 22ct Gold Necklace at PureJewels UK | Anusha Collection\",\"isPartOf\":{\"@id\":\"https:\\\/\\\/www.purejewels.com\\\/#website\"},\"primaryImageOfPage\":{\"@id\":\"https:\\\/\\\/www.purejewels.com\\\/product\\\/anusha-collection-22ct-gold-necklace-32888\\\/#primaryimage\"},\"image\":{\"@id\":\"https:\\\/\\\/www.purejewels.com\\\/product\\\/anusha-collection-22ct-gold-necklace-32888\\\/#primaryimage\"},\"thumbnailUrl\":\"https:\\\/\\\/static.purejewels.com\\\/wp-content\\\/uploads\\\/2023\\\/08\\\/32888.jpg\",\"datePublished\":\"2023-08-17T08:29:37+00:00\",\"dateModified\":\"2026-01-06T08:45:53+00:00\",\"description\":\"Bridal 22ct gold Anusha Collection necklace with great detail. Beautiful on it's own & perfect for special occasions. Free Delivery across UK\",\"breadcrumb\":{\"@id\":\"https:\\\/\\\/www.purejewels.com\\\/product\\\/anusha-collection-22ct-gold-necklace-32888\\\/#breadcrumb\"},\"inLanguage\":\"de\",\"potentialAction\":[{\"@type\":\"ReadAction\",\"target\":[\"https:\\\/\\\/www.purejewels.com\\\/product\\\/anusha-collection-22ct-gold-necklace-32888\\\/\"]}]},{\"@type\":\"ImageObject\",\"inLanguage\":\"de\",\"@id\":\"https:\\\/\\\/www.purejewels.com\\\/product\\\/anusha-collection-22ct-gold-necklace-32888\\\/#primaryimage\",\"url\":\"https:\\\/\\\/static.purejewels.com\\\/wp-content\\\/uploads\\\/2023\\\/08\\\/32888.jpg\",\"contentUrl\":\"https:\\\/\\\/static.purejewels.com\\\/wp-content\\\/uploads\\\/2023\\\/08\\\/32888.jpg\",\"width\":1000,\"height\":1000,\"caption\":\"Anusha Collection 22ct Gold Necklace\"},{\"@type\":\"BreadcrumbList\",\"@id\":\"https:\\\/\\\/www.purejewels.com\\\/product\\\/anusha-collection-22ct-gold-necklace-32888\\\/#breadcrumb\",\"itemListElement\":[{\"@type\":\"ListItem\",\"position\":1,\"name\":\"Home\",\"item\":\"https:\\\/\\\/www.purejewels.com\\\/\"},{\"@type\":\"ListItem\",\"position\":2,\"name\":\"Shop\",\"item\":\"https:\\\/\\\/www.purejewels.com\\\/shop\\\/\"},{\"@type\":\"ListItem\",\"position\":3,\"name\":\"Anusha Collection 22ct Gold Necklace\"}]},{\"@type\":\"WebSite\",\"@id\":\"https:\\\/\\\/www.purejewels.com\\\/#website\",\"url\":\"https:\\\/\\\/www.purejewels.com\\\/\",\"name\":\"PureJewels UK\",\"description\":\"Share the Love\",\"publisher\":{\"@id\":\"https:\\\/\\\/www.purejewels.com\\\/#organization\"},\"potentialAction\":[{\"@type\":\"SearchAction\",\"target\":{\"@type\":\"EntryPoint\",\"urlTemplate\":\"https:\\\/\\\/www.purejewels.com\\\/?s={search_term_string}\"},\"query-input\":{\"@type\":\"PropertyValueSpecification\",\"valueRequired\":true,\"valueName\":\"search_term_string\"}}],\"inLanguage\":\"de\"},{\"@type\":\"Organization\",\"@id\":\"https:\\\/\\\/www.purejewels.com\\\/#organization\",\"name\":\"PureJewels UK\",\"url\":\"https:\\\/\\\/www.purejewels.com\\\/\",\"logo\":{\"@type\":\"ImageObject\",\"inLanguage\":\"de\",\"@id\":\"https:\\\/\\\/www.purejewels.com\\\/#\\\/schema\\\/logo\\\/image\\\/\",\"url\":\"https:\\\/\\\/static.purejewels.com\\\/wp-content\\\/uploads\\\/2020\\\/11\\\/Logo-PJ-New-1.png\",\"contentUrl\":\"https:\\\/\\\/static.purejewels.com\\\/wp-content\\\/uploads\\\/2020\\\/11\\\/Logo-PJ-New-1.png\",\"width\":150,\"height\":80,\"caption\":\"PureJewels UK\"},\"image\":{\"@id\":\"https:\\\/\\\/www.purejewels.com\\\/#\\\/schema\\\/logo\\\/image\\\/\"}}]}<\/script>\n<!-- \/ Yoast SEO plugin. -->","yoast_head_json":{"title":"22ct Gold Halskette kaufen bei PureJewels UK | Anusha Collection","description":"Hochzeitskette aus 22-kar\u00e4tigem Gold der Anusha Collection mit tollen Details. Wundersch\u00f6n f\u00fcr sich allein und perfekt f\u00fcr besondere Anl\u00e4sse. Kostenlose Lieferung in ganz Gro\u00dfbritannien","robots":{"index":"index","follow":"follow","max-snippet":"max-snippet:-1","max-image-preview":"max-image-preview:large","max-video-preview":"max-video-preview:-1"},"canonical":"https:\/\/www.purejewels.com\/de\/produkt-2\/anusha-kollektion-22-kt-gold-halskette-32888\/","og_locale":"de_DE","og_type":"article","og_title":"Buy 22ct Gold Necklace at PureJewels UK | Anusha Collection","og_description":"Bridal 22ct gold Anusha Collection necklace with great detail. Beautiful on it's own & perfect for special occasions. Free Delivery across UK","og_url":"https:\/\/www.purejewels.com\/de\/produkt-2\/anusha-kollektion-22-kt-gold-halskette-32888\/","og_site_name":"PureJewels UK","article_modified_time":"2026-01-06T08:45:53+00:00","og_image":[{"width":1000,"height":1000,"url":"https:\/\/www.purejewels.com\/wp-content\/uploads\/2023\/08\/32888.jpg","type":"image\/jpeg"}],"twitter_card":"summary_large_image","schema":{"@context":"https:\/\/schema.org","@graph":[{"@type":["WebPage","ItemPage"],"@id":"https:\/\/www.purejewels.com\/product\/anusha-collection-22ct-gold-necklace-32888\/","url":"https:\/\/www.purejewels.com\/product\/anusha-collection-22ct-gold-necklace-32888\/","name":"22ct Gold Halskette kaufen bei PureJewels UK | Anusha Collection","isPartOf":{"@id":"https:\/\/www.purejewels.com\/#website"},"primaryImageOfPage":{"@id":"https:\/\/www.purejewels.com\/product\/anusha-collection-22ct-gold-necklace-32888\/#primaryimage"},"image":{"@id":"https:\/\/www.purejewels.com\/product\/anusha-collection-22ct-gold-necklace-32888\/#primaryimage"},"thumbnailUrl":"https:\/\/static.purejewels.com\/wp-content\/uploads\/2023\/08\/32888.jpg","datePublished":"2023-08-17T08:29:37+00:00","dateModified":"2026-01-06T08:45:53+00:00","description":"Hochzeitskette aus 22-kar\u00e4tigem Gold der Anusha Collection mit tollen Details. Wundersch\u00f6n f\u00fcr sich allein und perfekt f\u00fcr besondere Anl\u00e4sse. Kostenlose Lieferung in ganz Gro\u00dfbritannien","breadcrumb":{"@id":"https:\/\/www.purejewels.com\/product\/anusha-collection-22ct-gold-necklace-32888\/#breadcrumb"},"inLanguage":"de","potentialAction":[{"@type":"ReadAction","target":["https:\/\/www.purejewels.com\/product\/anusha-collection-22ct-gold-necklace-32888\/"]}]},{"@type":"ImageObject","inLanguage":"de","@id":"https:\/\/www.purejewels.com\/product\/anusha-collection-22ct-gold-necklace-32888\/#primaryimage","url":"https:\/\/static.purejewels.com\/wp-content\/uploads\/2023\/08\/32888.jpg","contentUrl":"https:\/\/static.purejewels.com\/wp-content\/uploads\/2023\/08\/32888.jpg","width":1000,"height":1000,"caption":"Anusha Collection 22ct Gold Necklace"},{"@type":"BreadcrumbList","@id":"https:\/\/www.purejewels.com\/product\/anusha-collection-22ct-gold-necklace-32888\/#breadcrumb","itemListElement":[{"@type":"ListItem","position":1,"name":"Home","item":"https:\/\/www.purejewels.com\/"},{"@type":"ListItem","position":2,"name":"Shop","item":"https:\/\/www.purejewels.com\/shop\/"},{"@type":"ListItem","position":3,"name":"Anusha Collection 22ct Gold Necklace"}]},{"@type":"WebSite","@id":"https:\/\/www.purejewels.com\/#website","url":"https:\/\/www.purejewels.com\/","name":"PureJewels UK","description":"Teile die Liebe","publisher":{"@id":"https:\/\/www.purejewels.com\/#organization"},"potentialAction":[{"@type":"SearchAction","target":{"@type":"EntryPoint","urlTemplate":"https:\/\/www.purejewels.com\/?s={search_term_string}"},"query-input":{"@type":"PropertyValueSpecification","valueRequired":true,"valueName":"search_term_string"}}],"inLanguage":"de"},{"@type":"Organization","@id":"https:\/\/www.purejewels.com\/#organization","name":"PureJewels UK","url":"https:\/\/www.purejewels.com\/","logo":{"@type":"ImageObject","inLanguage":"de","@id":"https:\/\/www.purejewels.com\/#\/schema\/logo\/image\/","url":"https:\/\/static.purejewels.com\/wp-content\/uploads\/2020\/11\/Logo-PJ-New-1.png","contentUrl":"https:\/\/static.purejewels.com\/wp-content\/uploads\/2020\/11\/Logo-PJ-New-1.png","width":150,"height":80,"caption":"PureJewels UK"},"image":{"@id":"https:\/\/www.purejewels.com\/#\/schema\/logo\/image\/"}}]}},"_links":{"self":[{"href":"https:\/\/www.purejewels.com\/de\/wp-json\/wp\/v2\/product\/349961","targetHints":{"allow":["GET"]}}],"collection":[{"href":"https:\/\/www.purejewels.com\/de\/wp-json\/wp\/v2\/product"}],"about":[{"href":"https:\/\/www.purejewels.com\/de\/wp-json\/wp\/v2\/types\/product"}],"replies":[{"embeddable":true,"href":"https:\/\/www.purejewels.com\/de\/wp-json\/wp\/v2\/comments?post=349961"}],"version-history":[{"count":2,"href":"https:\/\/www.purejewels.com\/de\/wp-json\/wp\/v2\/product\/349961\/revisions"}],"predecessor-version":[{"id":388188,"href":"https:\/\/www.purejewels.com\/de\/wp-json\/wp\/v2\/product\/349961\/revisions\/388188"}],"wp:featuredmedia":[{"embeddable":true,"href":"https:\/\/www.purejewels.com\/de\/wp-json\/wp\/v2\/media\/349968"}],"wp:attachment":[{"href":"https:\/\/www.purejewels.com\/de\/wp-json\/wp\/v2\/media?parent=349961"}],"wp:term":[{"taxonomy":"product_brand","embeddable":true,"href":"https:\/\/www.purejewels.com\/de\/wp-json\/wp\/v2\/product_brand?post=349961"},{"taxonomy":"product_cat","embeddable":true,"href":"https:\/\/www.purejewels.com\/de\/wp-json\/wp\/v2\/product_cat?post=349961"},{"taxonomy":"product_tag","embeddable":true,"href":"https:\/\/www.purejewels.com\/de\/wp-json\/wp\/v2\/product_tag?post=349961"}],"curies":[{"name":"wp","href":"https:\/\/api.w.org\/{rel}","templated":true}]}}