{"id":3500,"date":"2017-07-19T13:14:07","date_gmt":"2017-07-19T12:14:07","guid":{"rendered":"http:\/\/new.purejewels.com\/product\/dew-drop-pendant\/"},"modified":"2025-03-19T08:07:06","modified_gmt":"2025-03-19T08:07:06","slug":"tautropfen-anhanger","status":"publish","type":"product","link":"https:\/\/www.purejewels.com\/de\/product\/dew-drop-pendant\/","title":{"rendered":"Tautropfen-Anh\u00e4nger"},"content":{"rendered":"<p style=\"text-align: center;\"><a href=\"https:\/\/www.purejewels.com\/de\/product\/18ct-white-gold-diamond-ring-for-ladies-8775\/\">18 Karat Wei\u00dfgold<\/a><\/p>\n<p style=\"text-align: center;\">Diamanten 0,21cts<\/p>\n<p style=\"text-align: center;\"><a href=\"https:\/\/www.purejewels.com\/de\/product-category\/coloured-gemstone-jewellery\/\">Aquamarine<\/a> 0,10cts<\/p>\n<p style=\"text-align: center;\">Kann in rosa Turmalin, gr\u00fcnem Turmalin und Morganit hergestellt werden<\/p>\n<ul>\n<li>Gold gestempelt von London Assay Office<\/li>\n<li>Mit Pr\u00e4sentationsbox<\/li>\n<li>Lieferung inbegriffen<\/li>\n<li>Alle Preise inklusive Mehrwertsteuer<\/li>\n<li>Live-Chat mit uns f\u00fcr die Verf\u00fcgbarkeit und mehr Bilder von \u00e4hnlichen Designs derzeit auf Lager<\/li>\n<\/ul>\n<p><strong>Unsere g\u00f6ttliche Floralia-Halskette mit Tropfenanh\u00e4nger ist aus Wei\u00dfgold gefertigt. <\/strong><em>Exquisites Design und Handwerkskunst <a href=\"https:\/\/www.purejewels.com\/de\/a-guide-to-die-stamping\/\">Handwerkskunst<\/a> abheben.\u00a0 <\/em><\/p>\n<p><strong>Floralia Halskette mit Anh\u00e4nger aus Wei\u00dfgold<br \/>\n<\/strong>Das Herzst\u00fcck unserer sch\u00f6nen Floralia-Kollektion.... Der pr\u00e4chtige Tau-Anh\u00e4nger von Floralia ist ein schlichtes und elegantes Design.  Es handelt sich um einen Tropfenanh\u00e4nger aus Wei\u00dfgold, der mit stilvollen Rundungen versehen ist und mit einem \u00fcppigen Diamantenbesatz endet.  Er ist gl\u00e4nzend, lebensbejahend und absolut luxuri\u00f6s.<\/p>\n<p>Sie k\u00f6nnen Ihre Floralia Tropfenhalskette aus Wei\u00dfgold individuell gestalten - w\u00e4hlen Sie zwischen Aquamarin, rosa Turmalin, gr\u00fcnem Turmalin oder Morganit.  Sie wird auf Bestellung angefertigt, daher nutzen Sie bitte den Live Chat, um die Lieferzeiten zu \u00fcberpr\u00fcfen.<\/p>\n<p><strong>Die Geschichte von Floralia<\/strong><br \/>\nMachen Sie einen Spaziergang im geheimen Garten... tief im Palastgel\u00e4nde ist es ein Ort, den nur wenige Menschen betreten.  Es gibt keine Ger\u00e4usche au\u00dfer Vogelgezwitscher und dem Fl\u00fcstern der Pflanzen, die wachsen und sich umeinander winden.  Die Natur ist die K\u00f6nigin, und sie hegt und pflegt die Knospen und Bl\u00fcten, die sich nach einem Regentropfen sehnen.  Jeden Morgen ist der Garten mit kristallklaren Tautropfen bedeckt, die im Nu fallen - nur um \u00fcber Nacht wieder vom Himmel zu fallen.<\/p>\n<p><em>Floralia<\/em> ist unser Gartentraum, der dramatische Wildblumen mit der Perfektion klarer Tautropfen verbindet.  Unsere Halskette aus Wei\u00dfgold mit Tropfenanh\u00e4nger ist mit echten Diamanten in einem organischen Wirbel besetzt.<\/p>\n<p><strong>Eine charakteristische Halskette mit Anh\u00e4nger<br \/>\n<\/strong><em>Floralia<\/em> ist eine typische PureJewels-Kollektion.  Inspiriert vom historischen Indien und den \u00fcppigen Palastg\u00e4rten, die man dort noch immer erkunden kann, hat sie sich zu einem modernen Favoriten entwickelt.  Gestylt in glamour\u00f6sem <a href=\"https:\/\/www.purejewels.com\/de\/product\/18ct-white-gold-khanda-sikh-religious-pendant-6226\/\">18ct<\/a> Die Anh\u00e4nger-Halskette aus Wei\u00dfgold ist so vielseitig, dass sie jeden Tag getragen werden kann.  Tragen Sie sie an einem gew\u00f6hnlichen Arbeitstag, um Ihr B\u00fcro-Outfit aufzuwerten, oder f\u00fcgen Sie sie zu einem tiefen Ausschnitt hinzu, um einen sensationellen Abend-Look zu kreieren.<\/p>\n<p>Die Floralia wei\u00df <a href=\"https:\/\/www.purejewels.com\/de\/product\/22ct-real-gold-shoe-pendant-43097\/\">Goldanh\u00e4nger<\/a> ist perfekt f\u00fcr besondere Anl\u00e4sse oder <a href=\"https:\/\/www.purejewels.com\/de\/armari-collection\/\">Hochzeitssets<\/a>besonders in Verbindung mit dem koordinierenden Tau <a href=\"https:\/\/www.purejewels.com\/de\/product\/22ct-gold-oval-drop-earrings-rhodium-finish\/\">Ohrringtropfen<\/a> oder <a href=\"https:\/\/www.purejewels.com\/de\/product\/22ct-gold-cocktail-adjustable-ring-46364\/\">Cocktaillring<\/a>.<\/p>\n<p>&nbsp;<\/p>","protected":false},"excerpt":{"rendered":"<p>Tautropfen-Anh\u00e4nger<\/p>\n<p>- 18ct Wei\u00dfgold<br \/>\n- 0,21ct Diamanten<br \/>\n- 0,10ct Aquamarine<br \/>\n- Erh\u00e4ltlich in rosa Turmalin, gr\u00fcnem Turmalin und Morganit<\/p>","protected":false},"featured_media":3501,"comment_status":"closed","ping_status":"closed","template":"","meta":{"_eb_attr":"","_crsspst_to_jayantr4sg-hostcom":false},"product_brand":[],"product_cat":[1533,253,1767,1537,1574],"product_tag":[],"class_list":{"0":"post-3500","1":"product","2":"type-product","3":"status-publish","4":"has-post-thumbnail","6":"product_cat-diamond-jewellery-set","7":"product_cat-floralia-collections","8":"product_cat-ladies-pendants","9":"product_cat-white-gold-jewellery-set","10":"product_cat-womens-jewellery","12":"first","13":"outofstock","14":"product-type-simple","15":"add-to-wishlist-before_image"},"yoast_head":"<!-- This site is optimized with the Yoast SEO plugin v27.4 - https:\/\/yoast.com\/product\/yoast-seo-wordpress\/ -->\n<title>Dew Drop Pendant - PureJewels UK<\/title>\n<meta name=\"robots\" content=\"index, follow, max-snippet:-1, max-image-preview:large, max-video-preview:-1\" \/>\n<link rel=\"canonical\" href=\"https:\/\/www.purejewels.com\/de\/produkt-2\/tautropfen-anhanger\/\" \/>\n<meta property=\"og:locale\" content=\"de_DE\" \/>\n<meta property=\"og:type\" content=\"article\" \/>\n<meta property=\"og:title\" content=\"Dew Drop Pendant - PureJewels UK\" \/>\n<meta property=\"og:description\" content=\"Dew Drop Pendant  - 18ct White Gold - 0.21ct Diamonds - 0.10ct Aquamarines - Available in pink tourmaline, green tourmaline and morganite\" \/>\n<meta property=\"og:url\" content=\"https:\/\/www.purejewels.com\/de\/produkt-2\/tautropfen-anhanger\/\" \/>\n<meta property=\"og:site_name\" content=\"PureJewels UK\" \/>\n<meta property=\"article:modified_time\" content=\"2025-03-19T08:07:06+00:00\" \/>\n<meta property=\"og:image\" content=\"https:\/\/www.purejewels.com\/wp-content\/uploads\/2017\/07\/dew-drop-pendant-15806-2.jpg\" \/>\n\t<meta property=\"og:image:width\" content=\"960\" \/>\n\t<meta property=\"og:image:height\" content=\"960\" \/>\n\t<meta property=\"og:image:type\" content=\"image\/jpeg\" \/>\n<meta name=\"twitter:card\" content=\"summary_large_image\" \/>\n<meta name=\"twitter:label1\" content=\"Gesch\u00e4tzte Lesezeit\" \/>\n\t<meta name=\"twitter:data1\" content=\"2\u00a0Minuten\" \/>\n<script type=\"application\/ld+json\" class=\"yoast-schema-graph\">{\"@context\":\"https:\\\/\\\/schema.org\",\"@graph\":[{\"@type\":[\"WebPage\",\"ItemPage\"],\"@id\":\"https:\\\/\\\/www.purejewels.com\\\/product\\\/dew-drop-pendant\\\/\",\"url\":\"https:\\\/\\\/www.purejewels.com\\\/product\\\/dew-drop-pendant\\\/\",\"name\":\"Dew Drop Pendant - PureJewels UK\",\"isPartOf\":{\"@id\":\"https:\\\/\\\/www.purejewels.com\\\/#website\"},\"primaryImageOfPage\":{\"@id\":\"https:\\\/\\\/www.purejewels.com\\\/product\\\/dew-drop-pendant\\\/#primaryimage\"},\"image\":{\"@id\":\"https:\\\/\\\/www.purejewels.com\\\/product\\\/dew-drop-pendant\\\/#primaryimage\"},\"thumbnailUrl\":\"https:\\\/\\\/static.purejewels.com\\\/wp-content\\\/uploads\\\/2017\\\/07\\\/dew-drop-pendant-15806-2.jpg\",\"datePublished\":\"2017-07-19T12:14:07+00:00\",\"dateModified\":\"2025-03-19T08:07:06+00:00\",\"breadcrumb\":{\"@id\":\"https:\\\/\\\/www.purejewels.com\\\/product\\\/dew-drop-pendant\\\/#breadcrumb\"},\"inLanguage\":\"de\",\"potentialAction\":[{\"@type\":\"ReadAction\",\"target\":[\"https:\\\/\\\/www.purejewels.com\\\/product\\\/dew-drop-pendant\\\/\"]}]},{\"@type\":\"ImageObject\",\"inLanguage\":\"de\",\"@id\":\"https:\\\/\\\/www.purejewels.com\\\/product\\\/dew-drop-pendant\\\/#primaryimage\",\"url\":\"https:\\\/\\\/static.purejewels.com\\\/wp-content\\\/uploads\\\/2017\\\/07\\\/dew-drop-pendant-15806-2.jpg\",\"contentUrl\":\"https:\\\/\\\/static.purejewels.com\\\/wp-content\\\/uploads\\\/2017\\\/07\\\/dew-drop-pendant-15806-2.jpg\",\"width\":960,\"height\":960,\"caption\":\"dew-drop-pendant-15806.jpg\"},{\"@type\":\"BreadcrumbList\",\"@id\":\"https:\\\/\\\/www.purejewels.com\\\/product\\\/dew-drop-pendant\\\/#breadcrumb\",\"itemListElement\":[{\"@type\":\"ListItem\",\"position\":1,\"name\":\"Home\",\"item\":\"https:\\\/\\\/www.purejewels.com\\\/\"},{\"@type\":\"ListItem\",\"position\":2,\"name\":\"Shop\",\"item\":\"https:\\\/\\\/www.purejewels.com\\\/shop\\\/\"},{\"@type\":\"ListItem\",\"position\":3,\"name\":\"Dew Drop Pendant\"}]},{\"@type\":\"WebSite\",\"@id\":\"https:\\\/\\\/www.purejewels.com\\\/#website\",\"url\":\"https:\\\/\\\/www.purejewels.com\\\/\",\"name\":\"PureJewels UK\",\"description\":\"Share the Love\",\"publisher\":{\"@id\":\"https:\\\/\\\/www.purejewels.com\\\/#organization\"},\"potentialAction\":[{\"@type\":\"SearchAction\",\"target\":{\"@type\":\"EntryPoint\",\"urlTemplate\":\"https:\\\/\\\/www.purejewels.com\\\/?s={search_term_string}\"},\"query-input\":{\"@type\":\"PropertyValueSpecification\",\"valueRequired\":true,\"valueName\":\"search_term_string\"}}],\"inLanguage\":\"de\"},{\"@type\":\"Organization\",\"@id\":\"https:\\\/\\\/www.purejewels.com\\\/#organization\",\"name\":\"PureJewels UK\",\"url\":\"https:\\\/\\\/www.purejewels.com\\\/\",\"logo\":{\"@type\":\"ImageObject\",\"inLanguage\":\"de\",\"@id\":\"https:\\\/\\\/www.purejewels.com\\\/#\\\/schema\\\/logo\\\/image\\\/\",\"url\":\"https:\\\/\\\/static.purejewels.com\\\/wp-content\\\/uploads\\\/2020\\\/11\\\/Logo-PJ-New-1.png\",\"contentUrl\":\"https:\\\/\\\/static.purejewels.com\\\/wp-content\\\/uploads\\\/2020\\\/11\\\/Logo-PJ-New-1.png\",\"width\":150,\"height\":80,\"caption\":\"PureJewels UK\"},\"image\":{\"@id\":\"https:\\\/\\\/www.purejewels.com\\\/#\\\/schema\\\/logo\\\/image\\\/\"}}]}<\/script>\n<!-- \/ Yoast SEO plugin. -->","yoast_head_json":{"title":"Tautropfen-Anh\u00e4nger - PureJewels UK","robots":{"index":"index","follow":"follow","max-snippet":"max-snippet:-1","max-image-preview":"max-image-preview:large","max-video-preview":"max-video-preview:-1"},"canonical":"https:\/\/www.purejewels.com\/de\/produkt-2\/tautropfen-anhanger\/","og_locale":"de_DE","og_type":"article","og_title":"Dew Drop Pendant - PureJewels UK","og_description":"Dew Drop Pendant  - 18ct White Gold - 0.21ct Diamonds - 0.10ct Aquamarines - Available in pink tourmaline, green tourmaline and morganite","og_url":"https:\/\/www.purejewels.com\/de\/produkt-2\/tautropfen-anhanger\/","og_site_name":"PureJewels UK","article_modified_time":"2025-03-19T08:07:06+00:00","og_image":[{"width":960,"height":960,"url":"https:\/\/www.purejewels.com\/wp-content\/uploads\/2017\/07\/dew-drop-pendant-15806-2.jpg","type":"image\/jpeg"}],"twitter_card":"summary_large_image","twitter_misc":{"Gesch\u00e4tzte Lesezeit":"2\u00a0Minuten"},"schema":{"@context":"https:\/\/schema.org","@graph":[{"@type":["WebPage","ItemPage"],"@id":"https:\/\/www.purejewels.com\/product\/dew-drop-pendant\/","url":"https:\/\/www.purejewels.com\/product\/dew-drop-pendant\/","name":"Tautropfen-Anh\u00e4nger - PureJewels UK","isPartOf":{"@id":"https:\/\/www.purejewels.com\/#website"},"primaryImageOfPage":{"@id":"https:\/\/www.purejewels.com\/product\/dew-drop-pendant\/#primaryimage"},"image":{"@id":"https:\/\/www.purejewels.com\/product\/dew-drop-pendant\/#primaryimage"},"thumbnailUrl":"https:\/\/static.purejewels.com\/wp-content\/uploads\/2017\/07\/dew-drop-pendant-15806-2.jpg","datePublished":"2017-07-19T12:14:07+00:00","dateModified":"2025-03-19T08:07:06+00:00","breadcrumb":{"@id":"https:\/\/www.purejewels.com\/product\/dew-drop-pendant\/#breadcrumb"},"inLanguage":"de","potentialAction":[{"@type":"ReadAction","target":["https:\/\/www.purejewels.com\/product\/dew-drop-pendant\/"]}]},{"@type":"ImageObject","inLanguage":"de","@id":"https:\/\/www.purejewels.com\/product\/dew-drop-pendant\/#primaryimage","url":"https:\/\/static.purejewels.com\/wp-content\/uploads\/2017\/07\/dew-drop-pendant-15806-2.jpg","contentUrl":"https:\/\/static.purejewels.com\/wp-content\/uploads\/2017\/07\/dew-drop-pendant-15806-2.jpg","width":960,"height":960,"caption":"dew-drop-pendant-15806.jpg"},{"@type":"BreadcrumbList","@id":"https:\/\/www.purejewels.com\/product\/dew-drop-pendant\/#breadcrumb","itemListElement":[{"@type":"ListItem","position":1,"name":"Home","item":"https:\/\/www.purejewels.com\/"},{"@type":"ListItem","position":2,"name":"Shop","item":"https:\/\/www.purejewels.com\/shop\/"},{"@type":"ListItem","position":3,"name":"Dew Drop Pendant"}]},{"@type":"WebSite","@id":"https:\/\/www.purejewels.com\/#website","url":"https:\/\/www.purejewels.com\/","name":"PureJewels UK","description":"Teile die Liebe","publisher":{"@id":"https:\/\/www.purejewels.com\/#organization"},"potentialAction":[{"@type":"SearchAction","target":{"@type":"EntryPoint","urlTemplate":"https:\/\/www.purejewels.com\/?s={search_term_string}"},"query-input":{"@type":"PropertyValueSpecification","valueRequired":true,"valueName":"search_term_string"}}],"inLanguage":"de"},{"@type":"Organization","@id":"https:\/\/www.purejewels.com\/#organization","name":"PureJewels UK","url":"https:\/\/www.purejewels.com\/","logo":{"@type":"ImageObject","inLanguage":"de","@id":"https:\/\/www.purejewels.com\/#\/schema\/logo\/image\/","url":"https:\/\/static.purejewels.com\/wp-content\/uploads\/2020\/11\/Logo-PJ-New-1.png","contentUrl":"https:\/\/static.purejewels.com\/wp-content\/uploads\/2020\/11\/Logo-PJ-New-1.png","width":150,"height":80,"caption":"PureJewels UK"},"image":{"@id":"https:\/\/www.purejewels.com\/#\/schema\/logo\/image\/"}}]}},"_links":{"self":[{"href":"https:\/\/www.purejewels.com\/de\/wp-json\/wp\/v2\/product\/3500","targetHints":{"allow":["GET"]}}],"collection":[{"href":"https:\/\/www.purejewels.com\/de\/wp-json\/wp\/v2\/product"}],"about":[{"href":"https:\/\/www.purejewels.com\/de\/wp-json\/wp\/v2\/types\/product"}],"replies":[{"embeddable":true,"href":"https:\/\/www.purejewels.com\/de\/wp-json\/wp\/v2\/comments?post=3500"}],"version-history":[{"count":1,"href":"https:\/\/www.purejewels.com\/de\/wp-json\/wp\/v2\/product\/3500\/revisions"}],"predecessor-version":[{"id":389308,"href":"https:\/\/www.purejewels.com\/de\/wp-json\/wp\/v2\/product\/3500\/revisions\/389308"}],"wp:featuredmedia":[{"embeddable":true,"href":"https:\/\/www.purejewels.com\/de\/wp-json\/wp\/v2\/media\/3501"}],"wp:attachment":[{"href":"https:\/\/www.purejewels.com\/de\/wp-json\/wp\/v2\/media?parent=3500"}],"wp:term":[{"taxonomy":"product_brand","embeddable":true,"href":"https:\/\/www.purejewels.com\/de\/wp-json\/wp\/v2\/product_brand?post=3500"},{"taxonomy":"product_cat","embeddable":true,"href":"https:\/\/www.purejewels.com\/de\/wp-json\/wp\/v2\/product_cat?post=3500"},{"taxonomy":"product_tag","embeddable":true,"href":"https:\/\/www.purejewels.com\/de\/wp-json\/wp\/v2\/product_tag?post=3500"}],"curies":[{"name":"wp","href":"https:\/\/api.w.org\/{rel}","templated":true}]}}