{"id":350269,"date":"2023-12-01T11:11:05","date_gmt":"2023-12-01T11:11:05","guid":{"rendered":"https:\/\/www.purejewels.com\/?post_type=product&#038;p=350269"},"modified":"2026-01-06T09:47:38","modified_gmt":"2026-01-06T09:47:38","slug":"22-karat-gold-filigrane-armband-7-5-zoll","status":"publish","type":"product","link":"https:\/\/www.purejewels.com\/de\/product\/22-carat-gold-filigree-bracelet-7-5-inches\/","title":{"rendered":"22 Karat Gold Filigran-Armband | 7,5 Zoll"},"content":{"rendered":"<p data-sourcepos=\"3:1-3:257\">Feiern Sie an diesem Muttertag die unglaubliche Frau, die Sie gro\u00dfgezogen hat, mit einem Geschenk, das ihre Anmut und Eleganz verk\u00f6rpert: ein <strong>Filigranarmband aus 22 Karat Gold<\/strong>. Dieses aus reinstem Gold gewebte Armband ist ein Meisterwerk der Handwerkskunst und wird sicher ein gesch\u00e4tztes Erbst\u00fcck werden, das sie f\u00fcr immer in Ehren halten wird.<\/p>\n<p data-sourcepos=\"5:1-5:125\"><strong>Dieses Armband ist mehr als nur ein Schmuckst\u00fcck, es ist ein greifbarer Ausdruck Ihrer Liebe und Wertsch\u00e4tzung.<\/strong> Die zarte Filigranarbeit, die an feine Spitze erinnert, verleiht einen Hauch von \u00e4therischer Sch\u00f6nheit, die perfekt zu Mamas einzigartigem Stil passt.<\/p>\n<ul>\n<li>SKU 45372<\/li>\n<li>Entwurf JLBR1163<\/li>\n<\/ul>","protected":false},"excerpt":{"rendered":"<div class=\"flex between-xs middle-xs price-review\"><\/div>\n<div class=\"woocommerce-product-details__short-description\">\n<table class=\"sh_desc\" style=\"width: 100%;\">\n<tbody>\n<tr>\n<td style=\"width: 28.1667%;\">Typ des Armbands<\/td>\n<td style=\"width: 71.6667%;\">Filigranes Armband<\/td>\n<\/tr>\n<tr>\n<td style=\"width: 28.1667%;\">SKU<\/td>\n<td style=\"width: 71.6667%;\">45372<\/td>\n<\/tr>\n<tr>\n<td style=\"width: 28.1667%;\">Gewicht<\/td>\n<td style=\"width: 71.6667%;\">12.1 Gms<\/td>\n<\/tr>\n<tr>\n<td style=\"width: 28.1667%;\">L\u00e4nge<\/td>\n<td style=\"width: 71.6667%;\">7,5 Zoll<\/td>\n<\/tr>\n<tr>\n<td style=\"width: 28.1667%;\">Metall<\/td>\n<td style=\"width: 71.6667%;\">22ct Gold<\/td>\n<\/tr>\n<tr>\n<td style=\"width: 28.1667%;\">Wahrzeichen<\/td>\n<td style=\"width: 71.6667%;\">22ct Gold gestempelt von London Assay Office<\/td>\n<\/tr>\n<tr>\n<td style=\"width: 28.1667%;\">Entgelte<\/td>\n<td style=\"width: 71.6667%;\">Lieferung und Mehrwertsteuer inbegriffen<\/td>\n<\/tr>\n<tr>\n<td style=\"width: 28.1667%;\">Verpackung<\/td>\n<td style=\"width: 71.6667%;\">Mit Pr\u00e4sentationsbox<\/td>\n<\/tr>\n<tr>\n<td style=\"width: 28.1667%;\">Mehr Informationen<\/td>\n<td style=\"width: 71.6667%;\">Live-Chat mit uns f\u00fcr Verf\u00fcgbarkeit und mehr Bilder<\/td>\n<\/tr>\n<\/tbody>\n<\/table>\n<\/div>","protected":false},"featured_media":350270,"comment_status":"closed","ping_status":"closed","template":"","meta":{"_eb_attr":"","_crsspst_to_jayantr4sg-hostcom":true},"product_brand":[],"product_cat":[1559,5676,1627,252,1570,1574,5349],"product_tag":[5634,1430],"class_list":{"0":"post-350269","1":"product","2":"type-product","3":"status-publish","4":"has-post-thumbnail","6":"product_cat-birthday-gifts","7":"product_cat-chain-bracelets-for-ladies","8":"product_cat-ladies-bracelet","9":"product_cat-jali-collections","10":"product_cat-mothers-day-gifts","11":"product_cat-womens-jewellery","12":"product_cat-yellow-gold-jewellery","13":"product_tag-22ct-gold-bracelet-for-ladies","14":"product_tag-diwali-gift","16":"first","17":"outofstock","18":"taxable","19":"shipping-taxable","20":"product-type-simple","21":"add-to-wishlist-before_image"},"yoast_head":"<!-- This site is optimized with the Yoast SEO plugin v27.3 - https:\/\/yoast.com\/product\/yoast-seo-wordpress\/ -->\n<title>Buy Timeless 22ct Gold Bracelet Online At Purejewels<\/title>\n<meta name=\"description\" content=\"22ct Gold is crafted into intricate bracelet design. This Stunning Bracelet is made with Filigree Art. Free and Fast Delivery Across the UK.\" \/>\n<meta name=\"robots\" content=\"index, follow, max-snippet:-1, max-image-preview:large, max-video-preview:-1\" \/>\n<link rel=\"canonical\" href=\"https:\/\/www.purejewels.com\/de\/produkt-2\/22-karat-gold-filigrane-armband-7-5-zoll\/\" \/>\n<meta property=\"og:locale\" content=\"de_DE\" \/>\n<meta property=\"og:type\" content=\"article\" \/>\n<meta property=\"og:title\" content=\"Buy Timeless 22ct Gold Bracelet Online At Purejewels\" \/>\n<meta property=\"og:description\" content=\"22ct Gold is crafted into intricate bracelet design. This Stunning Bracelet is made with Filigree Art. Free and Fast Delivery Across the UK.\" \/>\n<meta property=\"og:url\" content=\"https:\/\/www.purejewels.com\/de\/produkt-2\/22-karat-gold-filigrane-armband-7-5-zoll\/\" \/>\n<meta property=\"og:site_name\" content=\"PureJewels UK\" \/>\n<meta property=\"article:modified_time\" content=\"2026-01-06T09:47:38+00:00\" \/>\n<meta property=\"og:image\" content=\"https:\/\/www.purejewels.com\/wp-content\/uploads\/2023\/08\/45372.jpg\" \/>\n\t<meta property=\"og:image:width\" content=\"1313\" \/>\n\t<meta property=\"og:image:height\" content=\"875\" \/>\n\t<meta property=\"og:image:type\" content=\"image\/jpeg\" \/>\n<meta name=\"twitter:card\" content=\"summary_large_image\" \/>\n<script type=\"application\/ld+json\" class=\"yoast-schema-graph\">{\"@context\":\"https:\\\/\\\/schema.org\",\"@graph\":[{\"@type\":[\"WebPage\",\"ItemPage\"],\"@id\":\"https:\\\/\\\/www.purejewels.com\\\/product\\\/22-carat-gold-filigree-bracelet-7-5-inches\\\/\",\"url\":\"https:\\\/\\\/www.purejewels.com\\\/product\\\/22-carat-gold-filigree-bracelet-7-5-inches\\\/\",\"name\":\"Buy Timeless 22ct Gold Bracelet Online At Purejewels\",\"isPartOf\":{\"@id\":\"https:\\\/\\\/www.purejewels.com\\\/#website\"},\"primaryImageOfPage\":{\"@id\":\"https:\\\/\\\/www.purejewels.com\\\/product\\\/22-carat-gold-filigree-bracelet-7-5-inches\\\/#primaryimage\"},\"image\":{\"@id\":\"https:\\\/\\\/www.purejewels.com\\\/product\\\/22-carat-gold-filigree-bracelet-7-5-inches\\\/#primaryimage\"},\"thumbnailUrl\":\"https:\\\/\\\/static.purejewels.com\\\/wp-content\\\/uploads\\\/2023\\\/08\\\/45372.jpg\",\"datePublished\":\"2023-12-01T11:11:05+00:00\",\"dateModified\":\"2026-01-06T09:47:38+00:00\",\"description\":\"22ct Gold is crafted into intricate bracelet design. This Stunning Bracelet is made with Filigree Art. Free and Fast Delivery Across the UK.\",\"breadcrumb\":{\"@id\":\"https:\\\/\\\/www.purejewels.com\\\/product\\\/22-carat-gold-filigree-bracelet-7-5-inches\\\/#breadcrumb\"},\"inLanguage\":\"de\",\"potentialAction\":[{\"@type\":\"ReadAction\",\"target\":[\"https:\\\/\\\/www.purejewels.com\\\/product\\\/22-carat-gold-filigree-bracelet-7-5-inches\\\/\"]}]},{\"@type\":\"ImageObject\",\"inLanguage\":\"de\",\"@id\":\"https:\\\/\\\/www.purejewels.com\\\/product\\\/22-carat-gold-filigree-bracelet-7-5-inches\\\/#primaryimage\",\"url\":\"https:\\\/\\\/static.purejewels.com\\\/wp-content\\\/uploads\\\/2023\\\/08\\\/45372.jpg\",\"contentUrl\":\"https:\\\/\\\/static.purejewels.com\\\/wp-content\\\/uploads\\\/2023\\\/08\\\/45372.jpg\",\"width\":1313,\"height\":875,\"caption\":\"22 carat gold Filigree Bracelet | 7.5\"},{\"@type\":\"BreadcrumbList\",\"@id\":\"https:\\\/\\\/www.purejewels.com\\\/product\\\/22-carat-gold-filigree-bracelet-7-5-inches\\\/#breadcrumb\",\"itemListElement\":[{\"@type\":\"ListItem\",\"position\":1,\"name\":\"Home\",\"item\":\"https:\\\/\\\/www.purejewels.com\\\/\"},{\"@type\":\"ListItem\",\"position\":2,\"name\":\"Shop\",\"item\":\"https:\\\/\\\/www.purejewels.com\\\/shop\\\/\"},{\"@type\":\"ListItem\",\"position\":3,\"name\":\"22 carat Gold Filigree Bracelet | 7.5 inches\"}]},{\"@type\":\"WebSite\",\"@id\":\"https:\\\/\\\/www.purejewels.com\\\/#website\",\"url\":\"https:\\\/\\\/www.purejewels.com\\\/\",\"name\":\"PureJewels UK\",\"description\":\"Share the Love\",\"publisher\":{\"@id\":\"https:\\\/\\\/www.purejewels.com\\\/#organization\"},\"potentialAction\":[{\"@type\":\"SearchAction\",\"target\":{\"@type\":\"EntryPoint\",\"urlTemplate\":\"https:\\\/\\\/www.purejewels.com\\\/?s={search_term_string}\"},\"query-input\":{\"@type\":\"PropertyValueSpecification\",\"valueRequired\":true,\"valueName\":\"search_term_string\"}}],\"inLanguage\":\"de\"},{\"@type\":\"Organization\",\"@id\":\"https:\\\/\\\/www.purejewels.com\\\/#organization\",\"name\":\"PureJewels UK\",\"url\":\"https:\\\/\\\/www.purejewels.com\\\/\",\"logo\":{\"@type\":\"ImageObject\",\"inLanguage\":\"de\",\"@id\":\"https:\\\/\\\/www.purejewels.com\\\/#\\\/schema\\\/logo\\\/image\\\/\",\"url\":\"https:\\\/\\\/static.purejewels.com\\\/wp-content\\\/uploads\\\/2020\\\/11\\\/Logo-PJ-New-1.png\",\"contentUrl\":\"https:\\\/\\\/static.purejewels.com\\\/wp-content\\\/uploads\\\/2020\\\/11\\\/Logo-PJ-New-1.png\",\"width\":150,\"height\":80,\"caption\":\"PureJewels UK\"},\"image\":{\"@id\":\"https:\\\/\\\/www.purejewels.com\\\/#\\\/schema\\\/logo\\\/image\\\/\"}}]}<\/script>\n<!-- \/ Yoast SEO plugin. -->","yoast_head_json":{"title":"Zeitloses 22-kar\u00e4tiges Goldarmband online bei Purejewels kaufen","description":"22ct Gold ist in komplizierten Armband Design gefertigt. Diese atemberaubende Armband ist mit Filigree Art gemacht. Kostenlose und schnelle Lieferung in ganz Gro\u00dfbritannien.","robots":{"index":"index","follow":"follow","max-snippet":"max-snippet:-1","max-image-preview":"max-image-preview:large","max-video-preview":"max-video-preview:-1"},"canonical":"https:\/\/www.purejewels.com\/de\/produkt-2\/22-karat-gold-filigrane-armband-7-5-zoll\/","og_locale":"de_DE","og_type":"article","og_title":"Buy Timeless 22ct Gold Bracelet Online At Purejewels","og_description":"22ct Gold is crafted into intricate bracelet design. This Stunning Bracelet is made with Filigree Art. Free and Fast Delivery Across the UK.","og_url":"https:\/\/www.purejewels.com\/de\/produkt-2\/22-karat-gold-filigrane-armband-7-5-zoll\/","og_site_name":"PureJewels UK","article_modified_time":"2026-01-06T09:47:38+00:00","og_image":[{"width":1313,"height":875,"url":"https:\/\/www.purejewels.com\/wp-content\/uploads\/2023\/08\/45372.jpg","type":"image\/jpeg"}],"twitter_card":"summary_large_image","schema":{"@context":"https:\/\/schema.org","@graph":[{"@type":["WebPage","ItemPage"],"@id":"https:\/\/www.purejewels.com\/product\/22-carat-gold-filigree-bracelet-7-5-inches\/","url":"https:\/\/www.purejewels.com\/product\/22-carat-gold-filigree-bracelet-7-5-inches\/","name":"Zeitloses 22-kar\u00e4tiges Goldarmband online bei Purejewels kaufen","isPartOf":{"@id":"https:\/\/www.purejewels.com\/#website"},"primaryImageOfPage":{"@id":"https:\/\/www.purejewels.com\/product\/22-carat-gold-filigree-bracelet-7-5-inches\/#primaryimage"},"image":{"@id":"https:\/\/www.purejewels.com\/product\/22-carat-gold-filigree-bracelet-7-5-inches\/#primaryimage"},"thumbnailUrl":"https:\/\/static.purejewels.com\/wp-content\/uploads\/2023\/08\/45372.jpg","datePublished":"2023-12-01T11:11:05+00:00","dateModified":"2026-01-06T09:47:38+00:00","description":"22ct Gold ist in komplizierten Armband Design gefertigt. Diese atemberaubende Armband ist mit Filigree Art gemacht. Kostenlose und schnelle Lieferung in ganz Gro\u00dfbritannien.","breadcrumb":{"@id":"https:\/\/www.purejewels.com\/product\/22-carat-gold-filigree-bracelet-7-5-inches\/#breadcrumb"},"inLanguage":"de","potentialAction":[{"@type":"ReadAction","target":["https:\/\/www.purejewels.com\/product\/22-carat-gold-filigree-bracelet-7-5-inches\/"]}]},{"@type":"ImageObject","inLanguage":"de","@id":"https:\/\/www.purejewels.com\/product\/22-carat-gold-filigree-bracelet-7-5-inches\/#primaryimage","url":"https:\/\/static.purejewels.com\/wp-content\/uploads\/2023\/08\/45372.jpg","contentUrl":"https:\/\/static.purejewels.com\/wp-content\/uploads\/2023\/08\/45372.jpg","width":1313,"height":875,"caption":"22 carat gold Filigree Bracelet | 7.5"},{"@type":"BreadcrumbList","@id":"https:\/\/www.purejewels.com\/product\/22-carat-gold-filigree-bracelet-7-5-inches\/#breadcrumb","itemListElement":[{"@type":"ListItem","position":1,"name":"Home","item":"https:\/\/www.purejewels.com\/"},{"@type":"ListItem","position":2,"name":"Shop","item":"https:\/\/www.purejewels.com\/shop\/"},{"@type":"ListItem","position":3,"name":"22 carat Gold Filigree Bracelet | 7.5 inches"}]},{"@type":"WebSite","@id":"https:\/\/www.purejewels.com\/#website","url":"https:\/\/www.purejewels.com\/","name":"PureJewels UK","description":"Teile die Liebe","publisher":{"@id":"https:\/\/www.purejewels.com\/#organization"},"potentialAction":[{"@type":"SearchAction","target":{"@type":"EntryPoint","urlTemplate":"https:\/\/www.purejewels.com\/?s={search_term_string}"},"query-input":{"@type":"PropertyValueSpecification","valueRequired":true,"valueName":"search_term_string"}}],"inLanguage":"de"},{"@type":"Organization","@id":"https:\/\/www.purejewels.com\/#organization","name":"PureJewels UK","url":"https:\/\/www.purejewels.com\/","logo":{"@type":"ImageObject","inLanguage":"de","@id":"https:\/\/www.purejewels.com\/#\/schema\/logo\/image\/","url":"https:\/\/static.purejewels.com\/wp-content\/uploads\/2020\/11\/Logo-PJ-New-1.png","contentUrl":"https:\/\/static.purejewels.com\/wp-content\/uploads\/2020\/11\/Logo-PJ-New-1.png","width":150,"height":80,"caption":"PureJewels UK"},"image":{"@id":"https:\/\/www.purejewels.com\/#\/schema\/logo\/image\/"}}]}},"_links":{"self":[{"href":"https:\/\/www.purejewels.com\/de\/wp-json\/wp\/v2\/product\/350269","targetHints":{"allow":["GET"]}}],"collection":[{"href":"https:\/\/www.purejewels.com\/de\/wp-json\/wp\/v2\/product"}],"about":[{"href":"https:\/\/www.purejewels.com\/de\/wp-json\/wp\/v2\/types\/product"}],"replies":[{"embeddable":true,"href":"https:\/\/www.purejewels.com\/de\/wp-json\/wp\/v2\/comments?post=350269"}],"version-history":[{"count":1,"href":"https:\/\/www.purejewels.com\/de\/wp-json\/wp\/v2\/product\/350269\/revisions"}],"predecessor-version":[{"id":371584,"href":"https:\/\/www.purejewels.com\/de\/wp-json\/wp\/v2\/product\/350269\/revisions\/371584"}],"wp:featuredmedia":[{"embeddable":true,"href":"https:\/\/www.purejewels.com\/de\/wp-json\/wp\/v2\/media\/350270"}],"wp:attachment":[{"href":"https:\/\/www.purejewels.com\/de\/wp-json\/wp\/v2\/media?parent=350269"}],"wp:term":[{"taxonomy":"product_brand","embeddable":true,"href":"https:\/\/www.purejewels.com\/de\/wp-json\/wp\/v2\/product_brand?post=350269"},{"taxonomy":"product_cat","embeddable":true,"href":"https:\/\/www.purejewels.com\/de\/wp-json\/wp\/v2\/product_cat?post=350269"},{"taxonomy":"product_tag","embeddable":true,"href":"https:\/\/www.purejewels.com\/de\/wp-json\/wp\/v2\/product_tag?post=350269"}],"curies":[{"name":"wp","href":"https:\/\/api.w.org\/{rel}","templated":true}]}}