{"id":3504,"date":"2017-07-19T13:14:10","date_gmt":"2017-07-19T12:14:10","guid":{"rendered":"http:\/\/new.purejewels.com\/product\/dew-drop-studs\/"},"modified":"2025-09-10T10:46:44","modified_gmt":"2025-09-10T09:46:44","slug":"tautropfen-nagel","status":"publish","type":"product","link":"https:\/\/www.purejewels.com\/de\/product\/dew-drop-studs\/","title":{"rendered":"Tautropfen-Ohrstecker-Ohrring"},"content":{"rendered":"<ul>\n<li>Diamanten <span style=\"float: none; background-color: transparent; color: #333333; cursor: text; font-family: Georgia,'Times New Roman','Bitstream Charter',Times,serif; font-size: 16px; font-style: normal; font-variant: normal; font-weight: 400; letter-spacing: normal; text-align: left; text-decoration: none; text-indent: 0px;\">0,06 Karat<\/span><\/li>\n<li>SKU 15802<\/li>\n<\/ul>\n<p style=\"text-align: center;\">","protected":false},"excerpt":{"rendered":"<ul>\n<li>Ohrringe aus 18 Karat Wei\u00dfgold<\/li>\n<li>Diamanten 0,06cts<\/li>\n<li>18ct Gold gestempelt von London Assay Office<\/li>\n<li>Mit Pr\u00e4sentationsbox<\/li>\n<li>Lieferung inbegriffen<\/li>\n<li>Live-Chat mit uns f\u00fcr die Verf\u00fcgbarkeit und mehr Bilder von \u00e4hnlichen Designs derzeit auf Lager<strong>Sie geht im Licht... und tr\u00e4gt ihre funkelnden, diamantenen Tautropfen-Ohrstecker.<\/strong> <em>Floralia <\/em>ist eine unverkennbare PureJewels-Kollektion mit diesen perfekten Tautropfen-Ohrsteckern.  Sinnliche Kurven werden mit taufrischen Diamanttropfen hervorgehoben - ein sch\u00f6nes Geschenk f\u00fcr die Frau in Ihrem Leben.\n<p><strong>Tautropfen-Ohrstecker aus 18 Karat Wei\u00dfgold<\/strong><br \/>\nInspiriert von einem frischen und taufrischen Fr\u00fchlingsmorgen, <em>Floralia<\/em> f\u00e4ngt die romantische Unschuld des Kletterjasmins ein - mit winzigen Knospen, die aus den verschlungenen Ranken hervorlugen.<\/p>\n<p>Perfekt f\u00fcr den t\u00e4glichen Gebrauch, werden Sie immer wieder zu Ihren Tautropfen-Ohrsteckern greifen.  Schmuck wie dieser, der sowohl luxuri\u00f6s als auch schick ist, ist die Art von Schmuck, die ein lebenslanges Lieblingsst\u00fcck wird.<\/p>\n<p><strong>Die Geschichte des Designs<br \/>\n<\/strong>Das Team von PureJewels hat sich auf zeitgen\u00f6ssisches Design mit indischem Flair spezialisiert.  F\u00fcr <em>Floralia<\/em>Als wir die Idee eines \u00fcppigen indischen Gartens - vielleicht ein geheimes Pl\u00e4tzchen im Allerheiligsten eines Palastes - erkundeten, stellten wir uns einen Klettergarten vor.  Wir stellten uns Schlingpflanzen vor, die nicht gepflegt werden und im warmen Sonnenschein wild wachsen.  Wir f\u00fcgten einen Hauch von magischem Morgentau hinzu und fertigten diese Bilder in Wei\u00dfgold und Diamanten an, mit Aquamarin und rosa Turmalin, um Feenstaub darzustellen. Wenn Sie der Typ sind, der auf dem Nachhauseweg einen sch\u00f6nen Sonnenuntergang entdeckt - oder eine geheime T\u00fcr, die in einer mit Efeu bewachsenen Mauer versteckt ist... dann werden Sie den m\u00e4rchenhaften Stil von <em>Floralia<\/em>.<\/p>\n<p><strong>Die Geschichte macht den Schmuck<\/strong><br \/>\nAlles begann mit einem indischen Schmuckmacher, der seinen Ehrgeiz nach London brachte, um f\u00fcr seine Kunden einzigartige St\u00fccke zu fertigen.  Sein bescheidenes Gesch\u00e4ft wurde zu einem Ziel f\u00fcr indische Familien und sp\u00e4ter f\u00fcr Familien aller Herkunftsl\u00e4nder.  Schlie\u00dflich stellte PureJewels ein Designteam zusammen, das Verlobungsringe und andere St\u00fccke f\u00fcr hochrangige Kunden entwarf, die einen authentischen indischen Stil suchten.<\/p>\n<p>Heute, eine unserer charakteristischen Kollektionen, <em>Floralia<\/em> wird in Gro\u00dfbritannien unter Verwendung von feinstem Gold und Diamanten aus einem der besten Schleifzentren der Welt hergestellt.  Ihre Tautropfen-Ohrstecker werden von unserem Team aus spezialisierten Schmuckmachern gefertigt.  Jetzt sind sie bereit, Sie jeden Tag zu erfreuen.<\/p>\n<p>&nbsp;<\/p>\n<p style=\"text-align: center;\">\n<\/li>\n<\/ul>","protected":false},"featured_media":3505,"comment_status":"closed","ping_status":"closed","template":"","meta":{"_eb_attr":"","_crsspst_to_jayantr4sg-hostcom":false},"product_brand":[],"product_cat":[253,1254,1577,1537],"product_tag":[1455],"class_list":{"0":"post-3504","1":"product","2":"type-product","3":"status-publish","4":"has-post-thumbnail","6":"product_cat-floralia-collections","7":"product_cat-gold-earrings","8":"product_cat-stud-earrings","9":"product_cat-white-gold-jewellery-set","10":"product_tag-diamond-studs","12":"first","13":"outofstock","14":"product-type-simple","15":"add-to-wishlist-before_image"},"yoast_head":"<!-- This site is optimized with the Yoast SEO plugin v27.3 - https:\/\/yoast.com\/product\/yoast-seo-wordpress\/ -->\n<title>Dew Drop Studs Earring - PureJewels UK<\/title>\n<meta name=\"robots\" content=\"index, follow, max-snippet:-1, max-image-preview:large, max-video-preview:-1\" \/>\n<link rel=\"canonical\" href=\"https:\/\/www.purejewels.com\/de\/produkt-2\/tautropfen-nagel\/\" \/>\n<meta property=\"og:locale\" content=\"de_DE\" \/>\n<meta property=\"og:type\" content=\"article\" \/>\n<meta property=\"og:title\" content=\"Dew Drop Studs Earring - PureJewels UK\" \/>\n<meta property=\"og:description\" content=\"18ct white gold Earrings  Diamonds 0.06cts  18ct Gold\u00a0Hallmarked by London Assay Office  Comes With Presentation Box  Delivery Included  Live chat with us for availability and more images of similar designs currently in stockShe walks in light\u2026 wearing her twinkling, diamond dew drop studs. Floralia is a signature PureJewels collection featuring these perfect dew drop stud earrings.\u00a0 Sensual curves are highlighted with dewy drops of diamond \u2013 a beautiful gift for the woman in your life.  18ct white gold dew drop studs Inspired by a fresh and dewy spring morning, Floralia captures the romantic innocence of climbing jasmine \u2013 with tiny buds peeping out from twining tendrils.  Perfect for daily wear, you\u2019ll frequently find yourself reaching for your dew drop studs.\u00a0 Jewellery like this, which is luxurious as well as chic, is the sort that becomes a life-long favourite.  The design story The PureJewels team specialises in contemporary design with Indian flair.\u00a0 For Floralia, we explored the idea of a lush, Indian garden \u2013 perhaps a secret place in the inner sanctum of a palace grounds.\u00a0 We imagined climbing plants that were left untended and grew wild in the warm sunshine.\u00a0 We added a sprinkle of magical morning dew and then crafted these visuals in white gold and diamonds, with aquamarine and pink tourmaline to represent fairy dust. If you\u2019re the type to notice a pretty sunset as you\u2019re walking home \u2013 or a secret door hidden in a wall covered with ivy\u2026 then you\u2019ll love the fairytale style of Floralia.  The story makes the jewellery It all started with an Indian jewellery-maker, who brought his ambition to London \u2013 crafting unique pieces for clients.\u00a0 His humble store became a destination for Indian families, and later families of all origins.\u00a0 Eventually, PureJewels assembled a design team to create engagement rings and other pieces for high-profile clients seeking authentic Indian style.  Today, one of our signature collections, Floralia is made in Britain using the finest gold and diamonds from one of the world\u2019s best cutting centres.\u00a0 Your dew drop studs are made by our team of specialist jewellery-makers.\u00a0 Now they\u2019re ready for you to enjoy every day.  &nbsp;\" \/>\n<meta property=\"og:url\" content=\"https:\/\/www.purejewels.com\/de\/produkt-2\/tautropfen-nagel\/\" \/>\n<meta property=\"og:site_name\" content=\"PureJewels UK\" \/>\n<meta property=\"article:modified_time\" content=\"2025-09-10T09:46:44+00:00\" \/>\n<meta property=\"og:image\" content=\"https:\/\/www.purejewels.com\/wp-content\/uploads\/2017\/07\/dew-drop-studs-15802-2.jpg\" \/>\n\t<meta property=\"og:image:width\" content=\"960\" \/>\n\t<meta property=\"og:image:height\" content=\"960\" \/>\n\t<meta property=\"og:image:type\" content=\"image\/jpeg\" \/>\n<meta name=\"twitter:card\" content=\"summary_large_image\" \/>\n<meta name=\"twitter:label1\" content=\"Gesch\u00e4tzte Lesezeit\" \/>\n\t<meta name=\"twitter:data1\" content=\"1\u00a0Minute\" \/>\n<script type=\"application\/ld+json\" class=\"yoast-schema-graph\">{\"@context\":\"https:\\\/\\\/schema.org\",\"@graph\":[{\"@type\":[\"WebPage\",\"ItemPage\"],\"@id\":\"https:\\\/\\\/www.purejewels.com\\\/product\\\/dew-drop-studs\\\/\",\"url\":\"https:\\\/\\\/www.purejewels.com\\\/product\\\/dew-drop-studs\\\/\",\"name\":\"Dew Drop Studs Earring - PureJewels UK\",\"isPartOf\":{\"@id\":\"https:\\\/\\\/www.purejewels.com\\\/#website\"},\"primaryImageOfPage\":{\"@id\":\"https:\\\/\\\/www.purejewels.com\\\/product\\\/dew-drop-studs\\\/#primaryimage\"},\"image\":{\"@id\":\"https:\\\/\\\/www.purejewels.com\\\/product\\\/dew-drop-studs\\\/#primaryimage\"},\"thumbnailUrl\":\"https:\\\/\\\/static.purejewels.com\\\/wp-content\\\/uploads\\\/2017\\\/07\\\/dew-drop-studs-15802-2.jpg\",\"datePublished\":\"2017-07-19T12:14:10+00:00\",\"dateModified\":\"2025-09-10T09:46:44+00:00\",\"breadcrumb\":{\"@id\":\"https:\\\/\\\/www.purejewels.com\\\/product\\\/dew-drop-studs\\\/#breadcrumb\"},\"inLanguage\":\"de\",\"potentialAction\":[{\"@type\":\"ReadAction\",\"target\":[\"https:\\\/\\\/www.purejewels.com\\\/product\\\/dew-drop-studs\\\/\"]}]},{\"@type\":\"ImageObject\",\"inLanguage\":\"de\",\"@id\":\"https:\\\/\\\/www.purejewels.com\\\/product\\\/dew-drop-studs\\\/#primaryimage\",\"url\":\"https:\\\/\\\/static.purejewels.com\\\/wp-content\\\/uploads\\\/2017\\\/07\\\/dew-drop-studs-15802-2.jpg\",\"contentUrl\":\"https:\\\/\\\/static.purejewels.com\\\/wp-content\\\/uploads\\\/2017\\\/07\\\/dew-drop-studs-15802-2.jpg\",\"width\":960,\"height\":960,\"caption\":\"dew-drop-studs-15802.jpg\"},{\"@type\":\"BreadcrumbList\",\"@id\":\"https:\\\/\\\/www.purejewels.com\\\/product\\\/dew-drop-studs\\\/#breadcrumb\",\"itemListElement\":[{\"@type\":\"ListItem\",\"position\":1,\"name\":\"Home\",\"item\":\"https:\\\/\\\/www.purejewels.com\\\/\"},{\"@type\":\"ListItem\",\"position\":2,\"name\":\"Shop\",\"item\":\"https:\\\/\\\/www.purejewels.com\\\/shop\\\/\"},{\"@type\":\"ListItem\",\"position\":3,\"name\":\"Dew Drop Studs Earring\"}]},{\"@type\":\"WebSite\",\"@id\":\"https:\\\/\\\/www.purejewels.com\\\/#website\",\"url\":\"https:\\\/\\\/www.purejewels.com\\\/\",\"name\":\"PureJewels UK\",\"description\":\"Share the Love\",\"publisher\":{\"@id\":\"https:\\\/\\\/www.purejewels.com\\\/#organization\"},\"potentialAction\":[{\"@type\":\"SearchAction\",\"target\":{\"@type\":\"EntryPoint\",\"urlTemplate\":\"https:\\\/\\\/www.purejewels.com\\\/?s={search_term_string}\"},\"query-input\":{\"@type\":\"PropertyValueSpecification\",\"valueRequired\":true,\"valueName\":\"search_term_string\"}}],\"inLanguage\":\"de\"},{\"@type\":\"Organization\",\"@id\":\"https:\\\/\\\/www.purejewels.com\\\/#organization\",\"name\":\"PureJewels UK\",\"url\":\"https:\\\/\\\/www.purejewels.com\\\/\",\"logo\":{\"@type\":\"ImageObject\",\"inLanguage\":\"de\",\"@id\":\"https:\\\/\\\/www.purejewels.com\\\/#\\\/schema\\\/logo\\\/image\\\/\",\"url\":\"https:\\\/\\\/static.purejewels.com\\\/wp-content\\\/uploads\\\/2020\\\/11\\\/Logo-PJ-New-1.png\",\"contentUrl\":\"https:\\\/\\\/static.purejewels.com\\\/wp-content\\\/uploads\\\/2020\\\/11\\\/Logo-PJ-New-1.png\",\"width\":150,\"height\":80,\"caption\":\"PureJewels UK\"},\"image\":{\"@id\":\"https:\\\/\\\/www.purejewels.com\\\/#\\\/schema\\\/logo\\\/image\\\/\"}}]}<\/script>\n<!-- \/ Yoast SEO plugin. -->","yoast_head_json":{"title":"Tautropfen-Ohrstecker - PureJewels UK","robots":{"index":"index","follow":"follow","max-snippet":"max-snippet:-1","max-image-preview":"max-image-preview:large","max-video-preview":"max-video-preview:-1"},"canonical":"https:\/\/www.purejewels.com\/de\/produkt-2\/tautropfen-nagel\/","og_locale":"de_DE","og_type":"article","og_title":"Dew Drop Studs Earring - PureJewels UK","og_description":"18ct white gold Earrings  Diamonds 0.06cts  18ct Gold\u00a0Hallmarked by London Assay Office  Comes With Presentation Box  Delivery Included  Live chat with us for availability and more images of similar designs currently in stockShe walks in light\u2026 wearing her twinkling, diamond dew drop studs. Floralia is a signature PureJewels collection featuring these perfect dew drop stud earrings.\u00a0 Sensual curves are highlighted with dewy drops of diamond \u2013 a beautiful gift for the woman in your life.  18ct white gold dew drop studs Inspired by a fresh and dewy spring morning, Floralia captures the romantic innocence of climbing jasmine \u2013 with tiny buds peeping out from twining tendrils.  Perfect for daily wear, you\u2019ll frequently find yourself reaching for your dew drop studs.\u00a0 Jewellery like this, which is luxurious as well as chic, is the sort that becomes a life-long favourite.  The design story The PureJewels team specialises in contemporary design with Indian flair.\u00a0 For Floralia, we explored the idea of a lush, Indian garden \u2013 perhaps a secret place in the inner sanctum of a palace grounds.\u00a0 We imagined climbing plants that were left untended and grew wild in the warm sunshine.\u00a0 We added a sprinkle of magical morning dew and then crafted these visuals in white gold and diamonds, with aquamarine and pink tourmaline to represent fairy dust. If you\u2019re the type to notice a pretty sunset as you\u2019re walking home \u2013 or a secret door hidden in a wall covered with ivy\u2026 then you\u2019ll love the fairytale style of Floralia.  The story makes the jewellery It all started with an Indian jewellery-maker, who brought his ambition to London \u2013 crafting unique pieces for clients.\u00a0 His humble store became a destination for Indian families, and later families of all origins.\u00a0 Eventually, PureJewels assembled a design team to create engagement rings and other pieces for high-profile clients seeking authentic Indian style.  Today, one of our signature collections, Floralia is made in Britain using the finest gold and diamonds from one of the world\u2019s best cutting centres.\u00a0 Your dew drop studs are made by our team of specialist jewellery-makers.\u00a0 Now they\u2019re ready for you to enjoy every day.  &nbsp;","og_url":"https:\/\/www.purejewels.com\/de\/produkt-2\/tautropfen-nagel\/","og_site_name":"PureJewels UK","article_modified_time":"2025-09-10T09:46:44+00:00","og_image":[{"width":960,"height":960,"url":"https:\/\/www.purejewels.com\/wp-content\/uploads\/2017\/07\/dew-drop-studs-15802-2.jpg","type":"image\/jpeg"}],"twitter_card":"summary_large_image","twitter_misc":{"Gesch\u00e4tzte Lesezeit":"1\u00a0Minute"},"schema":{"@context":"https:\/\/schema.org","@graph":[{"@type":["WebPage","ItemPage"],"@id":"https:\/\/www.purejewels.com\/product\/dew-drop-studs\/","url":"https:\/\/www.purejewels.com\/product\/dew-drop-studs\/","name":"Tautropfen-Ohrstecker - PureJewels UK","isPartOf":{"@id":"https:\/\/www.purejewels.com\/#website"},"primaryImageOfPage":{"@id":"https:\/\/www.purejewels.com\/product\/dew-drop-studs\/#primaryimage"},"image":{"@id":"https:\/\/www.purejewels.com\/product\/dew-drop-studs\/#primaryimage"},"thumbnailUrl":"https:\/\/static.purejewels.com\/wp-content\/uploads\/2017\/07\/dew-drop-studs-15802-2.jpg","datePublished":"2017-07-19T12:14:10+00:00","dateModified":"2025-09-10T09:46:44+00:00","breadcrumb":{"@id":"https:\/\/www.purejewels.com\/product\/dew-drop-studs\/#breadcrumb"},"inLanguage":"de","potentialAction":[{"@type":"ReadAction","target":["https:\/\/www.purejewels.com\/product\/dew-drop-studs\/"]}]},{"@type":"ImageObject","inLanguage":"de","@id":"https:\/\/www.purejewels.com\/product\/dew-drop-studs\/#primaryimage","url":"https:\/\/static.purejewels.com\/wp-content\/uploads\/2017\/07\/dew-drop-studs-15802-2.jpg","contentUrl":"https:\/\/static.purejewels.com\/wp-content\/uploads\/2017\/07\/dew-drop-studs-15802-2.jpg","width":960,"height":960,"caption":"dew-drop-studs-15802.jpg"},{"@type":"BreadcrumbList","@id":"https:\/\/www.purejewels.com\/product\/dew-drop-studs\/#breadcrumb","itemListElement":[{"@type":"ListItem","position":1,"name":"Home","item":"https:\/\/www.purejewels.com\/"},{"@type":"ListItem","position":2,"name":"Shop","item":"https:\/\/www.purejewels.com\/shop\/"},{"@type":"ListItem","position":3,"name":"Dew Drop Studs Earring"}]},{"@type":"WebSite","@id":"https:\/\/www.purejewels.com\/#website","url":"https:\/\/www.purejewels.com\/","name":"PureJewels UK","description":"Teile die Liebe","publisher":{"@id":"https:\/\/www.purejewels.com\/#organization"},"potentialAction":[{"@type":"SearchAction","target":{"@type":"EntryPoint","urlTemplate":"https:\/\/www.purejewels.com\/?s={search_term_string}"},"query-input":{"@type":"PropertyValueSpecification","valueRequired":true,"valueName":"search_term_string"}}],"inLanguage":"de"},{"@type":"Organization","@id":"https:\/\/www.purejewels.com\/#organization","name":"PureJewels UK","url":"https:\/\/www.purejewels.com\/","logo":{"@type":"ImageObject","inLanguage":"de","@id":"https:\/\/www.purejewels.com\/#\/schema\/logo\/image\/","url":"https:\/\/static.purejewels.com\/wp-content\/uploads\/2020\/11\/Logo-PJ-New-1.png","contentUrl":"https:\/\/static.purejewels.com\/wp-content\/uploads\/2020\/11\/Logo-PJ-New-1.png","width":150,"height":80,"caption":"PureJewels UK"},"image":{"@id":"https:\/\/www.purejewels.com\/#\/schema\/logo\/image\/"}}]}},"_links":{"self":[{"href":"https:\/\/www.purejewels.com\/de\/wp-json\/wp\/v2\/product\/3504","targetHints":{"allow":["GET"]}}],"collection":[{"href":"https:\/\/www.purejewels.com\/de\/wp-json\/wp\/v2\/product"}],"about":[{"href":"https:\/\/www.purejewels.com\/de\/wp-json\/wp\/v2\/types\/product"}],"replies":[{"embeddable":true,"href":"https:\/\/www.purejewels.com\/de\/wp-json\/wp\/v2\/comments?post=3504"}],"version-history":[{"count":1,"href":"https:\/\/www.purejewels.com\/de\/wp-json\/wp\/v2\/product\/3504\/revisions"}],"predecessor-version":[{"id":389303,"href":"https:\/\/www.purejewels.com\/de\/wp-json\/wp\/v2\/product\/3504\/revisions\/389303"}],"wp:featuredmedia":[{"embeddable":true,"href":"https:\/\/www.purejewels.com\/de\/wp-json\/wp\/v2\/media\/3505"}],"wp:attachment":[{"href":"https:\/\/www.purejewels.com\/de\/wp-json\/wp\/v2\/media?parent=3504"}],"wp:term":[{"taxonomy":"product_brand","embeddable":true,"href":"https:\/\/www.purejewels.com\/de\/wp-json\/wp\/v2\/product_brand?post=3504"},{"taxonomy":"product_cat","embeddable":true,"href":"https:\/\/www.purejewels.com\/de\/wp-json\/wp\/v2\/product_cat?post=3504"},{"taxonomy":"product_tag","embeddable":true,"href":"https:\/\/www.purejewels.com\/de\/wp-json\/wp\/v2\/product_tag?post=3504"}],"curies":[{"name":"wp","href":"https:\/\/api.w.org\/{rel}","templated":true}]}}