{"id":350665,"date":"2023-08-01T06:26:13","date_gmt":"2023-08-01T05:26:13","guid":{"rendered":"https:\/\/www.purejewels.com\/?post_type=product&#038;p=350665"},"modified":"2026-02-13T12:56:38","modified_gmt":"2026-02-13T12:56:38","slug":"rudraksh-gold-armband-48372","status":"publish","type":"product","link":"https:\/\/www.purejewels.com\/de\/product\/rudraksh-gold-bracelet-48372\/","title":{"rendered":"Rudraksh Goldarmband"},"content":{"rendered":"<p data-start=\"419\" data-end=\"897\">Erh\u00f6hen Sie Ihre spirituelle Reise mit unserem <strong data-start=\"459\" data-end=\"493\">Handgefertigt <a href=\"https:\/\/www.purejewels.com\/de\/product\/22ct-gold-bracelet-with-rudraksha-48775\/\">Rudraksha-Armband<\/a><\/strong>Sie wurden entwickelt, um Gelassenheit und Ausgeglichenheit in jedem Moment zu vermitteln. Jede Perle wird sorgf\u00e4ltig nach ihrer Reinheit und nat\u00fcrlichen Beschaffenheit ausgew\u00e4hlt und mit Sorgfalt aneinandergereiht, um ein St\u00fcck zu schaffen, das \u00fcber die Mode hinausgeht und Teil Ihres t\u00e4glichen Wellness-Rituals wird. Rudraksha-Perlen sind in den vedischen Traditionen f\u00fcr ihre spirituelle Bedeutung bekannt. Sie sollen den Tr\u00e4ger sch\u00fctzen, seine Klarheit verbessern und positive Energie anziehen.<\/p>\n<p data-start=\"899\" data-end=\"1162\">Perfekt f\u00fcr die Meditation, ein achtsames Leben oder als sinnvolles Geschenk ist dieses <a href=\"https:\/\/www.purejewels.com\/de\/product-category\/22ct-gold-jewellery\/gold-bracelet\/\">Armband<\/a> verbindet nahtlos Tradition mit minimalistischer Eleganz. Geeignet f\u00fcr M\u00e4nner und Frauen.<\/p>","protected":false},"excerpt":{"rendered":"<p>Umarmen Sie die zeitlose Kraft der Spiritualit\u00e4t mit unserem authentischen Rudraksha-Armband. Sorgf\u00e4ltig aufgereiht mit nat\u00fcrlichen Rudraksha-Perlen ist dieses Armband ein Symbol f\u00fcr Frieden, Schutz und spirituelles Erwachen - eine perfekte Harmonie aus Tradition und Eleganz.<\/p>\n<p><strong>Material:<\/strong>\u00a022ct Gold<strong><br \/>\nWahrzeichen:\u00a0<\/strong>Britisches G\u00fctesiegel<strong><br \/>\n<\/strong><strong>Bruttogewicht: <\/strong>10.10 Gms<br \/>\n<strong>Nettogewicht: <\/strong>8,90 Gramm<br \/>\n<strong>SKU:<\/strong> 48372<\/p>\n<p><strong>Preis und Lieferung<\/strong>: Inklusive Mehrwertsteuer und Lieferkosten<br \/>\n<a href=\"https:\/\/www.purejewels.com\/de\/ruckgabepolitik\/\">R\u00fcckgabepolitik<\/a><\/p>","protected":false},"featured_media":403233,"comment_status":"closed","ping_status":"closed","template":"","meta":{"_eb_attr":"","_crsspst_to_jayantr4sg-hostcom":true},"product_brand":[],"product_cat":[5441,1571,1324,1627,1229,1572,1628,5349],"product_tag":[],"class_list":{"0":"post-350665","1":"product","2":"type-product","3":"status-publish","4":"has-post-thumbnail","6":"product_cat-gold-bead-bracelets","7":"product_cat-fathers-day-gifts","8":"product_cat-gold-bracelet","9":"product_cat-ladies-bracelet","10":"product_cat-22ct-gold-jewellery","11":"product_cat-mens-jewellery","12":"product_cat-mens-bracelet","13":"product_cat-yellow-gold-jewellery","15":"first","16":"instock","17":"taxable","18":"shipping-taxable","19":"purchasable","20":"product-type-simple","21":"add-to-wishlist-before_image"},"yoast_head":"<!-- This site is optimized with the Yoast SEO plugin v27.5 - https:\/\/yoast.com\/product\/yoast-seo-wordpress\/ -->\n<title>Unisex Rudraksh Gold Bracelet | PureJewels Uk<\/title>\n<meta name=\"description\" content=\"Elevate your ensemble and feed your soul with the captivating allure of our 22ct Gold Rudraksha Bracelet with a lobster hook.\" \/>\n<meta name=\"robots\" content=\"index, follow, max-snippet:-1, max-image-preview:large, max-video-preview:-1\" \/>\n<link rel=\"canonical\" href=\"https:\/\/www.purejewels.com\/de\/produkt-2\/rudraksh-gold-armband-48372\/\" \/>\n<meta property=\"og:locale\" content=\"de_DE\" \/>\n<meta property=\"og:type\" content=\"article\" \/>\n<meta property=\"og:title\" content=\"Unisex Rudraksh Gold Bracelet | PureJewels Uk\" \/>\n<meta property=\"og:description\" content=\"Elevate your ensemble and feed your soul with the captivating allure of our 22ct Gold Rudraksha Bracelet with a lobster hook.\" \/>\n<meta property=\"og:url\" content=\"https:\/\/www.purejewels.com\/de\/produkt-2\/rudraksh-gold-armband-48372\/\" \/>\n<meta property=\"og:site_name\" content=\"PureJewels UK\" \/>\n<meta property=\"article:modified_time\" content=\"2026-02-13T12:56:38+00:00\" \/>\n<meta property=\"og:image\" content=\"https:\/\/static.purejewels.com\/wp-content\/uploads\/2023\/08\/SKU-48372.jpg\" \/>\n\t<meta property=\"og:image:width\" content=\"1000\" \/>\n\t<meta property=\"og:image:height\" content=\"1000\" \/>\n\t<meta property=\"og:image:type\" content=\"image\/jpeg\" \/>\n<meta name=\"twitter:card\" content=\"summary_large_image\" \/>\n<meta name=\"twitter:label1\" content=\"Gesch\u00e4tzte Lesezeit\" \/>\n\t<meta name=\"twitter:data1\" content=\"1\u00a0Minute\" \/>\n<script type=\"application\/ld+json\" class=\"yoast-schema-graph\">{\"@context\":\"https:\\\/\\\/schema.org\",\"@graph\":[{\"@type\":[\"WebPage\",\"ItemPage\"],\"@id\":\"https:\\\/\\\/www.purejewels.com\\\/product\\\/rudraksh-gold-bracelet-48372\\\/\",\"url\":\"https:\\\/\\\/www.purejewels.com\\\/product\\\/rudraksh-gold-bracelet-48372\\\/\",\"name\":\"Unisex Rudraksh Gold Bracelet | PureJewels Uk\",\"isPartOf\":{\"@id\":\"https:\\\/\\\/www.purejewels.com\\\/#website\"},\"primaryImageOfPage\":{\"@id\":\"https:\\\/\\\/www.purejewels.com\\\/product\\\/rudraksh-gold-bracelet-48372\\\/#primaryimage\"},\"image\":{\"@id\":\"https:\\\/\\\/www.purejewels.com\\\/product\\\/rudraksh-gold-bracelet-48372\\\/#primaryimage\"},\"thumbnailUrl\":\"https:\\\/\\\/static.purejewels.com\\\/wp-content\\\/uploads\\\/2023\\\/08\\\/SKU-48372.jpg\",\"datePublished\":\"2023-08-01T05:26:13+00:00\",\"dateModified\":\"2026-02-13T12:56:38+00:00\",\"description\":\"Elevate your ensemble and feed your soul with the captivating allure of our 22ct Gold Rudraksha Bracelet with a lobster hook.\",\"breadcrumb\":{\"@id\":\"https:\\\/\\\/www.purejewels.com\\\/product\\\/rudraksh-gold-bracelet-48372\\\/#breadcrumb\"},\"inLanguage\":\"de\",\"potentialAction\":[{\"@type\":\"ReadAction\",\"target\":[\"https:\\\/\\\/www.purejewels.com\\\/product\\\/rudraksh-gold-bracelet-48372\\\/\"]}]},{\"@type\":\"ImageObject\",\"inLanguage\":\"de\",\"@id\":\"https:\\\/\\\/www.purejewels.com\\\/product\\\/rudraksh-gold-bracelet-48372\\\/#primaryimage\",\"url\":\"https:\\\/\\\/static.purejewels.com\\\/wp-content\\\/uploads\\\/2023\\\/08\\\/SKU-48372.jpg\",\"contentUrl\":\"https:\\\/\\\/static.purejewels.com\\\/wp-content\\\/uploads\\\/2023\\\/08\\\/SKU-48372.jpg\",\"width\":1000,\"height\":1000,\"caption\":\"Rudraksh Gold Bracelet\"},{\"@type\":\"BreadcrumbList\",\"@id\":\"https:\\\/\\\/www.purejewels.com\\\/product\\\/rudraksh-gold-bracelet-48372\\\/#breadcrumb\",\"itemListElement\":[{\"@type\":\"ListItem\",\"position\":1,\"name\":\"Home\",\"item\":\"https:\\\/\\\/www.purejewels.com\\\/\"},{\"@type\":\"ListItem\",\"position\":2,\"name\":\"Shop\",\"item\":\"https:\\\/\\\/www.purejewels.com\\\/shop\\\/\"},{\"@type\":\"ListItem\",\"position\":3,\"name\":\"Rudraksh Gold Bracelet\"}]},{\"@type\":\"WebSite\",\"@id\":\"https:\\\/\\\/www.purejewels.com\\\/#website\",\"url\":\"https:\\\/\\\/www.purejewels.com\\\/\",\"name\":\"PureJewels UK\",\"description\":\"Share the Love\",\"publisher\":{\"@id\":\"https:\\\/\\\/www.purejewels.com\\\/#organization\"},\"potentialAction\":[{\"@type\":\"SearchAction\",\"target\":{\"@type\":\"EntryPoint\",\"urlTemplate\":\"https:\\\/\\\/www.purejewels.com\\\/?s={search_term_string}\"},\"query-input\":{\"@type\":\"PropertyValueSpecification\",\"valueRequired\":true,\"valueName\":\"search_term_string\"}}],\"inLanguage\":\"de\"},{\"@type\":\"Organization\",\"@id\":\"https:\\\/\\\/www.purejewels.com\\\/#organization\",\"name\":\"PureJewels UK\",\"url\":\"https:\\\/\\\/www.purejewels.com\\\/\",\"logo\":{\"@type\":\"ImageObject\",\"inLanguage\":\"de\",\"@id\":\"https:\\\/\\\/www.purejewels.com\\\/#\\\/schema\\\/logo\\\/image\\\/\",\"url\":\"https:\\\/\\\/static.purejewels.com\\\/wp-content\\\/uploads\\\/2020\\\/11\\\/Logo-PJ-New-1.png\",\"contentUrl\":\"https:\\\/\\\/static.purejewels.com\\\/wp-content\\\/uploads\\\/2020\\\/11\\\/Logo-PJ-New-1.png\",\"width\":150,\"height\":80,\"caption\":\"PureJewels UK\"},\"image\":{\"@id\":\"https:\\\/\\\/www.purejewels.com\\\/#\\\/schema\\\/logo\\\/image\\\/\"}}]}<\/script>\n<!-- \/ Yoast SEO plugin. -->","yoast_head_json":{"title":"Unisex Rudraksh Gold-Armband | PureJewels Uk","description":"Erh\u00f6hen Sie Ihr Ensemble und n\u00e4hren Sie Ihre Seele mit dem fesselnden Reiz unseres Rudraksha-Armbandes aus 22 Karat Gold mit Karabinerhaken.","robots":{"index":"index","follow":"follow","max-snippet":"max-snippet:-1","max-image-preview":"max-image-preview:large","max-video-preview":"max-video-preview:-1"},"canonical":"https:\/\/www.purejewels.com\/de\/produkt-2\/rudraksh-gold-armband-48372\/","og_locale":"de_DE","og_type":"article","og_title":"Unisex Rudraksh Gold Bracelet | PureJewels Uk","og_description":"Elevate your ensemble and feed your soul with the captivating allure of our 22ct Gold Rudraksha Bracelet with a lobster hook.","og_url":"https:\/\/www.purejewels.com\/de\/produkt-2\/rudraksh-gold-armband-48372\/","og_site_name":"PureJewels UK","article_modified_time":"2026-02-13T12:56:38+00:00","og_image":[{"width":1000,"height":1000,"url":"https:\/\/static.purejewels.com\/wp-content\/uploads\/2023\/08\/SKU-48372.jpg","type":"image\/jpeg"}],"twitter_card":"summary_large_image","twitter_misc":{"Gesch\u00e4tzte Lesezeit":"1\u00a0Minute"},"schema":{"@context":"https:\/\/schema.org","@graph":[{"@type":["WebPage","ItemPage"],"@id":"https:\/\/www.purejewels.com\/product\/rudraksh-gold-bracelet-48372\/","url":"https:\/\/www.purejewels.com\/product\/rudraksh-gold-bracelet-48372\/","name":"Unisex Rudraksh Gold-Armband | PureJewels Uk","isPartOf":{"@id":"https:\/\/www.purejewels.com\/#website"},"primaryImageOfPage":{"@id":"https:\/\/www.purejewels.com\/product\/rudraksh-gold-bracelet-48372\/#primaryimage"},"image":{"@id":"https:\/\/www.purejewels.com\/product\/rudraksh-gold-bracelet-48372\/#primaryimage"},"thumbnailUrl":"https:\/\/static.purejewels.com\/wp-content\/uploads\/2023\/08\/SKU-48372.jpg","datePublished":"2023-08-01T05:26:13+00:00","dateModified":"2026-02-13T12:56:38+00:00","description":"Erh\u00f6hen Sie Ihr Ensemble und n\u00e4hren Sie Ihre Seele mit dem fesselnden Reiz unseres Rudraksha-Armbandes aus 22 Karat Gold mit Karabinerhaken.","breadcrumb":{"@id":"https:\/\/www.purejewels.com\/product\/rudraksh-gold-bracelet-48372\/#breadcrumb"},"inLanguage":"de","potentialAction":[{"@type":"ReadAction","target":["https:\/\/www.purejewels.com\/product\/rudraksh-gold-bracelet-48372\/"]}]},{"@type":"ImageObject","inLanguage":"de","@id":"https:\/\/www.purejewels.com\/product\/rudraksh-gold-bracelet-48372\/#primaryimage","url":"https:\/\/static.purejewels.com\/wp-content\/uploads\/2023\/08\/SKU-48372.jpg","contentUrl":"https:\/\/static.purejewels.com\/wp-content\/uploads\/2023\/08\/SKU-48372.jpg","width":1000,"height":1000,"caption":"Rudraksh Gold Bracelet"},{"@type":"BreadcrumbList","@id":"https:\/\/www.purejewels.com\/product\/rudraksh-gold-bracelet-48372\/#breadcrumb","itemListElement":[{"@type":"ListItem","position":1,"name":"Home","item":"https:\/\/www.purejewels.com\/"},{"@type":"ListItem","position":2,"name":"Shop","item":"https:\/\/www.purejewels.com\/shop\/"},{"@type":"ListItem","position":3,"name":"Rudraksh Gold Bracelet"}]},{"@type":"WebSite","@id":"https:\/\/www.purejewels.com\/#website","url":"https:\/\/www.purejewels.com\/","name":"PureJewels UK","description":"Teile die Liebe","publisher":{"@id":"https:\/\/www.purejewels.com\/#organization"},"potentialAction":[{"@type":"SearchAction","target":{"@type":"EntryPoint","urlTemplate":"https:\/\/www.purejewels.com\/?s={search_term_string}"},"query-input":{"@type":"PropertyValueSpecification","valueRequired":true,"valueName":"search_term_string"}}],"inLanguage":"de"},{"@type":"Organization","@id":"https:\/\/www.purejewels.com\/#organization","name":"PureJewels UK","url":"https:\/\/www.purejewels.com\/","logo":{"@type":"ImageObject","inLanguage":"de","@id":"https:\/\/www.purejewels.com\/#\/schema\/logo\/image\/","url":"https:\/\/static.purejewels.com\/wp-content\/uploads\/2020\/11\/Logo-PJ-New-1.png","contentUrl":"https:\/\/static.purejewels.com\/wp-content\/uploads\/2020\/11\/Logo-PJ-New-1.png","width":150,"height":80,"caption":"PureJewels UK"},"image":{"@id":"https:\/\/www.purejewels.com\/#\/schema\/logo\/image\/"}}]}},"_links":{"self":[{"href":"https:\/\/www.purejewels.com\/de\/wp-json\/wp\/v2\/product\/350665","targetHints":{"allow":["GET"]}}],"collection":[{"href":"https:\/\/www.purejewels.com\/de\/wp-json\/wp\/v2\/product"}],"about":[{"href":"https:\/\/www.purejewels.com\/de\/wp-json\/wp\/v2\/types\/product"}],"replies":[{"embeddable":true,"href":"https:\/\/www.purejewels.com\/de\/wp-json\/wp\/v2\/comments?post=350665"}],"version-history":[{"count":3,"href":"https:\/\/www.purejewels.com\/de\/wp-json\/wp\/v2\/product\/350665\/revisions"}],"predecessor-version":[{"id":403235,"href":"https:\/\/www.purejewels.com\/de\/wp-json\/wp\/v2\/product\/350665\/revisions\/403235"}],"wp:featuredmedia":[{"embeddable":true,"href":"https:\/\/www.purejewels.com\/de\/wp-json\/wp\/v2\/media\/403233"}],"wp:attachment":[{"href":"https:\/\/www.purejewels.com\/de\/wp-json\/wp\/v2\/media?parent=350665"}],"wp:term":[{"taxonomy":"product_brand","embeddable":true,"href":"https:\/\/www.purejewels.com\/de\/wp-json\/wp\/v2\/product_brand?post=350665"},{"taxonomy":"product_cat","embeddable":true,"href":"https:\/\/www.purejewels.com\/de\/wp-json\/wp\/v2\/product_cat?post=350665"},{"taxonomy":"product_tag","embeddable":true,"href":"https:\/\/www.purejewels.com\/de\/wp-json\/wp\/v2\/product_tag?post=350665"}],"curies":[{"name":"wp","href":"https:\/\/api.w.org\/{rel}","templated":true}]}}