{"id":350959,"date":"2023-08-08T05:33:56","date_gmt":"2023-08-08T04:33:56","guid":{"rendered":"https:\/\/www.purejewels.com\/?post_type=product&#038;p=350959"},"modified":"2026-01-06T11:06:36","modified_gmt":"2026-01-06T11:06:36","slug":"diamantring-mit-saphir-aus-18-karat-gold-11558","status":"publish","type":"product","link":"https:\/\/www.purejewels.com\/de\/product\/diamond-ring-with-sapphire-in-18ct-gold-11558\/","title":{"rendered":"18ct Diamantring mit Saphir"},"content":{"rendered":"<ul>\n<li><b>SKU:<\/b>\u00a011558<\/li>\n<\/ul>","protected":false},"excerpt":{"rendered":"<ul>\n<li>18 Karat Wei\u00dfgold Diamantring<\/li>\n<li>Ringgr\u00f6\u00dfe. H 1\/2<\/li>\n<li>SKU. 11558<\/li>\n<li>Gewicht des Diamanten 0,23 ct.<\/li>\n<li>Alle Preise inklusive Mehrwertsteuer<\/li>\n<li>Alle unsere Produkte sind vom London Assay Office gestempelt.<\/li>\n<li>Kommt mit Pr\u00e4sentationsbox<\/li>\n<li>Lieferung inbegriffen<\/li>\n<li>Live-Chat mit uns f\u00fcr die Verf\u00fcgbarkeit und mehr Bilder von Christmas Diamond Rings<\/li>\n<\/ul>","protected":false},"featured_media":350960,"comment_status":"closed","ping_status":"closed","template":"","meta":{"_eb_attr":"","_crsspst_to_jayantr4sg-hostcom":true},"product_brand":[],"product_cat":[5679,6085,1679,1791,5699,5457,5460,1796,5371,5338,5752,6042,5348,1574],"product_tag":[1430],"class_list":{"0":"post-350959","1":"product","2":"type-product","3":"status-publish","4":"has-post-thumbnail","6":"product_cat-18ct-gold-jewellery","7":"product_cat-18ct-gold-ring","8":"product_cat-18ct-gold-rings","9":"product_cat-anniversary-gifts","10":"product_cat-coloured-gemstone-jewellery","11":"product_cat-diamond-jewellery","12":"product_cat-diamond-ring","13":"product_cat-diamond-rings","14":"product_cat-jewellery-for-hands","15":"product_cat-shop-by-price","16":"product_cat-gold-sapphire-jewellery","17":"product_cat-solitaire-ring","18":"product_cat-white-gold-jewellery","19":"product_cat-womens-jewellery","20":"product_tag-diwali-gift","22":"first","23":"instock","24":"taxable","25":"shipping-taxable","26":"purchasable","27":"product-type-simple","28":"add-to-wishlist-before_image"},"yoast_head":"<!-- This site is optimized with the Yoast SEO plugin v27.5 - https:\/\/yoast.com\/product\/yoast-seo-wordpress\/ -->\n<title>Diamond Ring With Sapphire in 18ct Gold | Size H 1\/2<\/title>\n<meta name=\"description\" content=\"Elevate your style with our exquisite Diamond Ring featuring a stunning Sapphire in 18ct Gold, Size H 1\/2. Explore our online collection of Diamond Rings.\" \/>\n<meta name=\"robots\" content=\"index, follow, max-snippet:-1, max-image-preview:large, max-video-preview:-1\" \/>\n<link rel=\"canonical\" href=\"https:\/\/www.purejewels.com\/de\/produkt-2\/diamantring-mit-saphir-aus-18-karat-gold-11558\/\" \/>\n<meta property=\"og:locale\" content=\"de_DE\" \/>\n<meta property=\"og:type\" content=\"article\" \/>\n<meta property=\"og:title\" content=\"Diamond Ring With Sapphire in 18ct Gold | Size H 1\/2\" \/>\n<meta property=\"og:description\" content=\"Elevate your style with our exquisite Diamond Ring featuring a stunning Sapphire in 18ct Gold, Size H 1\/2. Explore our online collection of Diamond Rings.\" \/>\n<meta property=\"og:url\" content=\"https:\/\/www.purejewels.com\/de\/produkt-2\/diamantring-mit-saphir-aus-18-karat-gold-11558\/\" \/>\n<meta property=\"og:site_name\" content=\"PureJewels UK\" \/>\n<meta property=\"article:modified_time\" content=\"2026-01-06T11:06:36+00:00\" \/>\n<meta property=\"og:image\" content=\"https:\/\/www.purejewels.com\/wp-content\/uploads\/2023\/09\/11558-3.jpg\" \/>\n\t<meta property=\"og:image:width\" content=\"1\" \/>\n\t<meta property=\"og:image:height\" content=\"1\" \/>\n\t<meta property=\"og:image:type\" content=\"image\/jpeg\" \/>\n<meta name=\"twitter:card\" content=\"summary_large_image\" \/>\n<meta name=\"twitter:label1\" content=\"Gesch\u00e4tzte Lesezeit\" \/>\n\t<meta name=\"twitter:data1\" content=\"1\u00a0Minute\" \/>\n<script type=\"application\/ld+json\" class=\"yoast-schema-graph\">{\"@context\":\"https:\\\/\\\/schema.org\",\"@graph\":[{\"@type\":[\"WebPage\",\"ItemPage\"],\"@id\":\"https:\\\/\\\/www.purejewels.com\\\/product\\\/diamond-ring-with-sapphire-in-18ct-gold-11558\\\/\",\"url\":\"https:\\\/\\\/www.purejewels.com\\\/product\\\/diamond-ring-with-sapphire-in-18ct-gold-11558\\\/\",\"name\":\"Diamond Ring With Sapphire in 18ct Gold | Size H 1\\\/2\",\"isPartOf\":{\"@id\":\"https:\\\/\\\/www.purejewels.com\\\/#website\"},\"primaryImageOfPage\":{\"@id\":\"https:\\\/\\\/www.purejewels.com\\\/product\\\/diamond-ring-with-sapphire-in-18ct-gold-11558\\\/#primaryimage\"},\"image\":{\"@id\":\"https:\\\/\\\/www.purejewels.com\\\/product\\\/diamond-ring-with-sapphire-in-18ct-gold-11558\\\/#primaryimage\"},\"thumbnailUrl\":\"https:\\\/\\\/static.purejewels.com\\\/wp-content\\\/uploads\\\/2023\\\/09\\\/11558-3.jpg\",\"datePublished\":\"2023-08-08T04:33:56+00:00\",\"dateModified\":\"2026-01-06T11:06:36+00:00\",\"description\":\"Elevate your style with our exquisite Diamond Ring featuring a stunning Sapphire in 18ct Gold, Size H 1\\\/2. Explore our online collection of Diamond Rings.\",\"breadcrumb\":{\"@id\":\"https:\\\/\\\/www.purejewels.com\\\/product\\\/diamond-ring-with-sapphire-in-18ct-gold-11558\\\/#breadcrumb\"},\"inLanguage\":\"de\",\"potentialAction\":[{\"@type\":\"ReadAction\",\"target\":[\"https:\\\/\\\/www.purejewels.com\\\/product\\\/diamond-ring-with-sapphire-in-18ct-gold-11558\\\/\"]}]},{\"@type\":\"ImageObject\",\"inLanguage\":\"de\",\"@id\":\"https:\\\/\\\/www.purejewels.com\\\/product\\\/diamond-ring-with-sapphire-in-18ct-gold-11558\\\/#primaryimage\",\"url\":\"https:\\\/\\\/static.purejewels.com\\\/wp-content\\\/uploads\\\/2023\\\/09\\\/11558-3.jpg\",\"contentUrl\":\"https:\\\/\\\/static.purejewels.com\\\/wp-content\\\/uploads\\\/2023\\\/09\\\/11558-3.jpg\",\"caption\":\"Diamond Ring With Sapphire\"},{\"@type\":\"BreadcrumbList\",\"@id\":\"https:\\\/\\\/www.purejewels.com\\\/product\\\/diamond-ring-with-sapphire-in-18ct-gold-11558\\\/#breadcrumb\",\"itemListElement\":[{\"@type\":\"ListItem\",\"position\":1,\"name\":\"Home\",\"item\":\"https:\\\/\\\/www.purejewels.com\\\/\"},{\"@type\":\"ListItem\",\"position\":2,\"name\":\"Shop\",\"item\":\"https:\\\/\\\/www.purejewels.com\\\/shop\\\/\"},{\"@type\":\"ListItem\",\"position\":3,\"name\":\"18ct Diamond Ring With Sapphire\"}]},{\"@type\":\"WebSite\",\"@id\":\"https:\\\/\\\/www.purejewels.com\\\/#website\",\"url\":\"https:\\\/\\\/www.purejewels.com\\\/\",\"name\":\"PureJewels UK\",\"description\":\"Share the Love\",\"publisher\":{\"@id\":\"https:\\\/\\\/www.purejewels.com\\\/#organization\"},\"potentialAction\":[{\"@type\":\"SearchAction\",\"target\":{\"@type\":\"EntryPoint\",\"urlTemplate\":\"https:\\\/\\\/www.purejewels.com\\\/?s={search_term_string}\"},\"query-input\":{\"@type\":\"PropertyValueSpecification\",\"valueRequired\":true,\"valueName\":\"search_term_string\"}}],\"inLanguage\":\"de\"},{\"@type\":\"Organization\",\"@id\":\"https:\\\/\\\/www.purejewels.com\\\/#organization\",\"name\":\"PureJewels UK\",\"url\":\"https:\\\/\\\/www.purejewels.com\\\/\",\"logo\":{\"@type\":\"ImageObject\",\"inLanguage\":\"de\",\"@id\":\"https:\\\/\\\/www.purejewels.com\\\/#\\\/schema\\\/logo\\\/image\\\/\",\"url\":\"https:\\\/\\\/static.purejewels.com\\\/wp-content\\\/uploads\\\/2020\\\/11\\\/Logo-PJ-New-1.png\",\"contentUrl\":\"https:\\\/\\\/static.purejewels.com\\\/wp-content\\\/uploads\\\/2020\\\/11\\\/Logo-PJ-New-1.png\",\"width\":150,\"height\":80,\"caption\":\"PureJewels UK\"},\"image\":{\"@id\":\"https:\\\/\\\/www.purejewels.com\\\/#\\\/schema\\\/logo\\\/image\\\/\"}}]}<\/script>\n<!-- \/ Yoast SEO plugin. -->","yoast_head_json":{"title":"Diamantring mit Saphir in 18ct Gold | Gr\u00f6\u00dfe H 1\/2","description":"Erh\u00f6hen Sie Ihren Stil mit unserem exquisiten Diamantring mit einem atemberaubenden Saphir in 18ct Gold, Gr\u00f6\u00dfe H 1\/2. Entdecken Sie unsere Online-Kollektion von Diamantringen.","robots":{"index":"index","follow":"follow","max-snippet":"max-snippet:-1","max-image-preview":"max-image-preview:large","max-video-preview":"max-video-preview:-1"},"canonical":"https:\/\/www.purejewels.com\/de\/produkt-2\/diamantring-mit-saphir-aus-18-karat-gold-11558\/","og_locale":"de_DE","og_type":"article","og_title":"Diamond Ring With Sapphire in 18ct Gold | Size H 1\/2","og_description":"Elevate your style with our exquisite Diamond Ring featuring a stunning Sapphire in 18ct Gold, Size H 1\/2. Explore our online collection of Diamond Rings.","og_url":"https:\/\/www.purejewels.com\/de\/produkt-2\/diamantring-mit-saphir-aus-18-karat-gold-11558\/","og_site_name":"PureJewels UK","article_modified_time":"2026-01-06T11:06:36+00:00","og_image":[{"url":"https:\/\/www.purejewels.com\/wp-content\/uploads\/2023\/09\/11558-3.jpg","width":1,"height":1,"type":"image\/jpeg"}],"twitter_card":"summary_large_image","twitter_misc":{"Gesch\u00e4tzte Lesezeit":"1\u00a0Minute"},"schema":{"@context":"https:\/\/schema.org","@graph":[{"@type":["WebPage","ItemPage"],"@id":"https:\/\/www.purejewels.com\/product\/diamond-ring-with-sapphire-in-18ct-gold-11558\/","url":"https:\/\/www.purejewels.com\/product\/diamond-ring-with-sapphire-in-18ct-gold-11558\/","name":"Diamantring mit Saphir in 18ct Gold | Gr\u00f6\u00dfe H 1\/2","isPartOf":{"@id":"https:\/\/www.purejewels.com\/#website"},"primaryImageOfPage":{"@id":"https:\/\/www.purejewels.com\/product\/diamond-ring-with-sapphire-in-18ct-gold-11558\/#primaryimage"},"image":{"@id":"https:\/\/www.purejewels.com\/product\/diamond-ring-with-sapphire-in-18ct-gold-11558\/#primaryimage"},"thumbnailUrl":"https:\/\/static.purejewels.com\/wp-content\/uploads\/2023\/09\/11558-3.jpg","datePublished":"2023-08-08T04:33:56+00:00","dateModified":"2026-01-06T11:06:36+00:00","description":"Erh\u00f6hen Sie Ihren Stil mit unserem exquisiten Diamantring mit einem atemberaubenden Saphir in 18ct Gold, Gr\u00f6\u00dfe H 1\/2. Entdecken Sie unsere Online-Kollektion von Diamantringen.","breadcrumb":{"@id":"https:\/\/www.purejewels.com\/product\/diamond-ring-with-sapphire-in-18ct-gold-11558\/#breadcrumb"},"inLanguage":"de","potentialAction":[{"@type":"ReadAction","target":["https:\/\/www.purejewels.com\/product\/diamond-ring-with-sapphire-in-18ct-gold-11558\/"]}]},{"@type":"ImageObject","inLanguage":"de","@id":"https:\/\/www.purejewels.com\/product\/diamond-ring-with-sapphire-in-18ct-gold-11558\/#primaryimage","url":"https:\/\/static.purejewels.com\/wp-content\/uploads\/2023\/09\/11558-3.jpg","contentUrl":"https:\/\/static.purejewels.com\/wp-content\/uploads\/2023\/09\/11558-3.jpg","caption":"Diamond Ring With Sapphire"},{"@type":"BreadcrumbList","@id":"https:\/\/www.purejewels.com\/product\/diamond-ring-with-sapphire-in-18ct-gold-11558\/#breadcrumb","itemListElement":[{"@type":"ListItem","position":1,"name":"Home","item":"https:\/\/www.purejewels.com\/"},{"@type":"ListItem","position":2,"name":"Shop","item":"https:\/\/www.purejewels.com\/shop\/"},{"@type":"ListItem","position":3,"name":"18ct Diamond Ring With Sapphire"}]},{"@type":"WebSite","@id":"https:\/\/www.purejewels.com\/#website","url":"https:\/\/www.purejewels.com\/","name":"PureJewels UK","description":"Teile die Liebe","publisher":{"@id":"https:\/\/www.purejewels.com\/#organization"},"potentialAction":[{"@type":"SearchAction","target":{"@type":"EntryPoint","urlTemplate":"https:\/\/www.purejewels.com\/?s={search_term_string}"},"query-input":{"@type":"PropertyValueSpecification","valueRequired":true,"valueName":"search_term_string"}}],"inLanguage":"de"},{"@type":"Organization","@id":"https:\/\/www.purejewels.com\/#organization","name":"PureJewels UK","url":"https:\/\/www.purejewels.com\/","logo":{"@type":"ImageObject","inLanguage":"de","@id":"https:\/\/www.purejewels.com\/#\/schema\/logo\/image\/","url":"https:\/\/static.purejewels.com\/wp-content\/uploads\/2020\/11\/Logo-PJ-New-1.png","contentUrl":"https:\/\/static.purejewels.com\/wp-content\/uploads\/2020\/11\/Logo-PJ-New-1.png","width":150,"height":80,"caption":"PureJewels UK"},"image":{"@id":"https:\/\/www.purejewels.com\/#\/schema\/logo\/image\/"}}]}},"_links":{"self":[{"href":"https:\/\/www.purejewels.com\/de\/wp-json\/wp\/v2\/product\/350959","targetHints":{"allow":["GET"]}}],"collection":[{"href":"https:\/\/www.purejewels.com\/de\/wp-json\/wp\/v2\/product"}],"about":[{"href":"https:\/\/www.purejewels.com\/de\/wp-json\/wp\/v2\/types\/product"}],"replies":[{"embeddable":true,"href":"https:\/\/www.purejewels.com\/de\/wp-json\/wp\/v2\/comments?post=350959"}],"version-history":[{"count":3,"href":"https:\/\/www.purejewels.com\/de\/wp-json\/wp\/v2\/product\/350959\/revisions"}],"predecessor-version":[{"id":390950,"href":"https:\/\/www.purejewels.com\/de\/wp-json\/wp\/v2\/product\/350959\/revisions\/390950"}],"wp:featuredmedia":[{"embeddable":true,"href":"https:\/\/www.purejewels.com\/de\/wp-json\/wp\/v2\/media\/350960"}],"wp:attachment":[{"href":"https:\/\/www.purejewels.com\/de\/wp-json\/wp\/v2\/media?parent=350959"}],"wp:term":[{"taxonomy":"product_brand","embeddable":true,"href":"https:\/\/www.purejewels.com\/de\/wp-json\/wp\/v2\/product_brand?post=350959"},{"taxonomy":"product_cat","embeddable":true,"href":"https:\/\/www.purejewels.com\/de\/wp-json\/wp\/v2\/product_cat?post=350959"},{"taxonomy":"product_tag","embeddable":true,"href":"https:\/\/www.purejewels.com\/de\/wp-json\/wp\/v2\/product_tag?post=350959"}],"curies":[{"name":"wp","href":"https:\/\/api.w.org\/{rel}","templated":true}]}}