{"id":351033,"date":"2023-09-11T11:28:01","date_gmt":"2023-09-11T10:28:01","guid":{"rendered":"https:\/\/www.purejewels.com\/?post_type=product&#038;p=351033"},"modified":"2025-06-11T13:15:04","modified_gmt":"2025-06-11T12:15:04","slug":"diamant-halskette-aus-18-karat-weisgold-30069","status":"publish","type":"product","link":"https:\/\/www.purejewels.com\/de\/product\/18ct-white-gold-diamond-necklace-30069\/","title":{"rendered":"18ct Wei\u00dfgold Diamant-Halskette"},"content":{"rendered":"<ul>\n<li>SKU: 30069<\/li>\n<li><b>Bereich ID WDNC278<\/b><\/li>\n<\/ul>\n<p>Lassen Sie sich von der zeitlosen Sch\u00f6nheit und Raffinesse unserer <a href=\"https:\/\/www.purejewels.com\/de\/product\/18ct-white-gold-diamond-ring-for-ladies-8775\/\">18ct Wei\u00dfgold<\/a> Halskette, ein Symbol f\u00fcr Eleganz und ein Statement f\u00fcr Ihren einzigartigen Stil. Ob zu einem besonderen Anlass oder als allt\u00e4gliches Accessoire getragen, diese Halskette wird die Herzen erobern und die Blicke auf sich ziehen, wo immer Sie hingehen. Erweitern Sie Ihre Schmuckkollektion mit diesem exquisiten St\u00fcck noch heute.<\/p>\n<p>Sie suchen nach dem perfekten Schmuck-Weihnachtsgeschenk? Funkeln und gl\u00e4nzen Sie mit unserer atemberaubenden Diamant-Halskette. Finden Sie das perfekte Geschenk, das die Feiertage f\u00fcr Ihre Liebsten unvergesslich macht. Kaufen Sie jetzt f\u00fcr ein Geschenk, das ein Leben lang h\u00e4lt.<\/p>","protected":false},"excerpt":{"rendered":"<table class=\"sh_desc\" style=\"width: 100%; height: 308px;\">\n<tbody>\n<tr style=\"height: 28px;\">\n<td style=\"height: 28px; width: 28.1667%;\">Art der Halskette<\/td>\n<td style=\"height: 28px; width: 71.6667%;\">Shot-Halskette<\/td>\n<\/tr>\n<tr style=\"height: 28px;\">\n<td style=\"height: 28px; width: 28.1667%;\">SKU<\/td>\n<td style=\"height: 28px; width: 71.6667%;\">30069<\/td>\n<\/tr>\n<tr style=\"height: 28px;\">\n<td style=\"height: 28px; width: 28.1667%;\">Stein<\/td>\n<td style=\"height: 28px; width: 71.6667%;\">Diamant<\/td>\n<\/tr>\n<tr>\n<td style=\"width: 28.1667%;\">Diamant Gewicht<\/td>\n<td style=\"width: 71.6667%;\"><b>\u00a0<\/b>0,18ct<\/td>\n<\/tr>\n<tr style=\"height: 28px;\">\n<td style=\"height: 28px; width: 28.1667%;\">Metall<\/td>\n<td style=\"height: 28px; width: 71.6667%;\">18 Karat Wei\u00dfgold<\/td>\n<\/tr>\n<tr style=\"height: 28px;\">\n<td style=\"height: 28px; width: 28.1667%;\">Wahrzeichen<\/td>\n<td style=\"height: 28px; width: 71.6667%;\">18ct Gold gestempelt von London Assay Office<\/td>\n<\/tr>\n<tr style=\"height: 28px;\">\n<td style=\"height: 28px; width: 28.1667%;\">Entgelte<\/td>\n<td style=\"height: 28px; width: 71.6667%;\">Lieferung und Mehrwertsteuer inbegriffen<\/td>\n<\/tr>\n<tr style=\"height: 28px;\">\n<td style=\"height: 28px; width: 28.1667%;\">Verpackung<\/td>\n<td style=\"height: 28px; width: 71.6667%;\">Mit Pr\u00e4sentationsbox<\/td>\n<\/tr>\n<tr style=\"height: 84px;\">\n<td style=\"height: 84px; width: 28.1667%;\">Mehr Informationen<\/td>\n<td style=\"height: 84px; width: 71.6667%;\">Live-Chat mit uns f\u00fcr Verf\u00fcgbarkeit und mehr Bilder von Diamond Necklaces UK<\/td>\n<\/tr>\n<\/tbody>\n<\/table>","protected":false},"featured_media":351335,"comment_status":"closed","ping_status":"closed","template":"","meta":{"_eb_attr":"","_crsspst_to_jayantr4sg-hostcom":true},"product_brand":[],"product_cat":[5679,1791,1794,5457,1533,5459,1569,1573,5348,1537,1574],"product_tag":[1461],"class_list":{"0":"post-351033","1":"product","2":"type-product","3":"status-publish","4":"has-post-thumbnail","6":"product_cat-18ct-gold-jewellery","7":"product_cat-anniversary-gifts","8":"product_cat-christmas-gifts","9":"product_cat-diamond-jewellery","10":"product_cat-diamond-jewellery-set","11":"product_cat-diamond-pendant","12":"product_cat-valentine-day-gifts","13":"product_cat-wedding-gifts","14":"product_cat-white-gold-jewellery","15":"product_cat-white-gold-jewellery-set","16":"product_cat-womens-jewellery","17":"product_tag-diamond-necklace","19":"first","20":"instock","21":"taxable","22":"shipping-taxable","23":"purchasable","24":"product-type-simple","25":"add-to-wishlist-before_image"},"yoast_head":"<!-- This site is optimized with the Yoast SEO plugin v27.6 - https:\/\/yoast.com\/product\/yoast-seo-wordpress\/ -->\n<title>Diamond Necklace in 18ct white gold available Online, Purejewels<\/title>\n<meta name=\"description\" content=\"Christmas Jewellery | Diamond Necklaces in 18ct White gold | Shop white Gold Jewellery Online | latest white gold necklace designs | Free delivery across UK\" \/>\n<meta name=\"robots\" content=\"index, follow, max-snippet:-1, max-image-preview:large, max-video-preview:-1\" \/>\n<link rel=\"canonical\" href=\"https:\/\/www.purejewels.com\/de\/produkt-2\/diamant-halskette-aus-18-karat-weisgold-30069\/\" \/>\n<meta property=\"og:locale\" content=\"de_DE\" \/>\n<meta property=\"og:type\" content=\"article\" \/>\n<meta property=\"og:title\" content=\"Diamond Necklace in 18ct white gold available Online, Purejewels\" \/>\n<meta property=\"og:description\" content=\"Christmas Jewellery | Diamond Necklaces in 18ct White gold | Shop white Gold Jewellery Online | latest white gold necklace designs | Free delivery across UK\" \/>\n<meta property=\"og:url\" content=\"https:\/\/www.purejewels.com\/de\/produkt-2\/diamant-halskette-aus-18-karat-weisgold-30069\/\" \/>\n<meta property=\"og:site_name\" content=\"PureJewels UK\" \/>\n<meta property=\"article:modified_time\" content=\"2025-06-11T12:15:04+00:00\" \/>\n<meta property=\"og:image\" content=\"https:\/\/www.purejewels.com\/wp-content\/uploads\/2023\/09\/SKU-30069-1.png\" \/>\n\t<meta property=\"og:image:width\" content=\"1000\" \/>\n\t<meta property=\"og:image:height\" content=\"1000\" \/>\n\t<meta property=\"og:image:type\" content=\"image\/png\" \/>\n<meta name=\"twitter:card\" content=\"summary_large_image\" \/>\n<meta name=\"twitter:label1\" content=\"Gesch\u00e4tzte Lesezeit\" \/>\n\t<meta name=\"twitter:data1\" content=\"1\u00a0Minute\" \/>\n<script type=\"application\/ld+json\" class=\"yoast-schema-graph\">{\"@context\":\"https:\\\/\\\/schema.org\",\"@graph\":[{\"@type\":[\"WebPage\",\"ItemPage\"],\"@id\":\"https:\\\/\\\/www.purejewels.com\\\/product\\\/18ct-white-gold-diamond-necklace-30069\\\/\",\"url\":\"https:\\\/\\\/www.purejewels.com\\\/product\\\/18ct-white-gold-diamond-necklace-30069\\\/\",\"name\":\"Diamond Necklace in 18ct white gold available Online, Purejewels\",\"isPartOf\":{\"@id\":\"https:\\\/\\\/www.purejewels.com\\\/#website\"},\"primaryImageOfPage\":{\"@id\":\"https:\\\/\\\/www.purejewels.com\\\/product\\\/18ct-white-gold-diamond-necklace-30069\\\/#primaryimage\"},\"image\":{\"@id\":\"https:\\\/\\\/www.purejewels.com\\\/product\\\/18ct-white-gold-diamond-necklace-30069\\\/#primaryimage\"},\"thumbnailUrl\":\"https:\\\/\\\/static.purejewels.com\\\/wp-content\\\/uploads\\\/2023\\\/09\\\/SKU-30069-1.png\",\"datePublished\":\"2023-09-11T10:28:01+00:00\",\"dateModified\":\"2025-06-11T12:15:04+00:00\",\"description\":\"Christmas Jewellery | Diamond Necklaces in 18ct White gold | Shop white Gold Jewellery Online | latest white gold necklace designs | Free delivery across UK\",\"breadcrumb\":{\"@id\":\"https:\\\/\\\/www.purejewels.com\\\/product\\\/18ct-white-gold-diamond-necklace-30069\\\/#breadcrumb\"},\"inLanguage\":\"de\",\"potentialAction\":[{\"@type\":\"ReadAction\",\"target\":[\"https:\\\/\\\/www.purejewels.com\\\/product\\\/18ct-white-gold-diamond-necklace-30069\\\/\"]}]},{\"@type\":\"ImageObject\",\"inLanguage\":\"de\",\"@id\":\"https:\\\/\\\/www.purejewels.com\\\/product\\\/18ct-white-gold-diamond-necklace-30069\\\/#primaryimage\",\"url\":\"https:\\\/\\\/static.purejewels.com\\\/wp-content\\\/uploads\\\/2023\\\/09\\\/SKU-30069-1.png\",\"contentUrl\":\"https:\\\/\\\/static.purejewels.com\\\/wp-content\\\/uploads\\\/2023\\\/09\\\/SKU-30069-1.png\",\"width\":1000,\"height\":1000,\"caption\":\"18ct White Gold Diamond Necklace\"},{\"@type\":\"BreadcrumbList\",\"@id\":\"https:\\\/\\\/www.purejewels.com\\\/product\\\/18ct-white-gold-diamond-necklace-30069\\\/#breadcrumb\",\"itemListElement\":[{\"@type\":\"ListItem\",\"position\":1,\"name\":\"Home\",\"item\":\"https:\\\/\\\/www.purejewels.com\\\/\"},{\"@type\":\"ListItem\",\"position\":2,\"name\":\"Shop\",\"item\":\"https:\\\/\\\/www.purejewels.com\\\/shop\\\/\"},{\"@type\":\"ListItem\",\"position\":3,\"name\":\"18ct White Gold Diamond Necklace\"}]},{\"@type\":\"WebSite\",\"@id\":\"https:\\\/\\\/www.purejewels.com\\\/#website\",\"url\":\"https:\\\/\\\/www.purejewels.com\\\/\",\"name\":\"PureJewels UK\",\"description\":\"Share the Love\",\"publisher\":{\"@id\":\"https:\\\/\\\/www.purejewels.com\\\/#organization\"},\"potentialAction\":[{\"@type\":\"SearchAction\",\"target\":{\"@type\":\"EntryPoint\",\"urlTemplate\":\"https:\\\/\\\/www.purejewels.com\\\/?s={search_term_string}\"},\"query-input\":{\"@type\":\"PropertyValueSpecification\",\"valueRequired\":true,\"valueName\":\"search_term_string\"}}],\"inLanguage\":\"de\"},{\"@type\":\"Organization\",\"@id\":\"https:\\\/\\\/www.purejewels.com\\\/#organization\",\"name\":\"PureJewels UK\",\"url\":\"https:\\\/\\\/www.purejewels.com\\\/\",\"logo\":{\"@type\":\"ImageObject\",\"inLanguage\":\"de\",\"@id\":\"https:\\\/\\\/www.purejewels.com\\\/#\\\/schema\\\/logo\\\/image\\\/\",\"url\":\"https:\\\/\\\/static.purejewels.com\\\/wp-content\\\/uploads\\\/2020\\\/11\\\/Logo-PJ-New-1.png\",\"contentUrl\":\"https:\\\/\\\/static.purejewels.com\\\/wp-content\\\/uploads\\\/2020\\\/11\\\/Logo-PJ-New-1.png\",\"width\":150,\"height\":80,\"caption\":\"PureJewels UK\"},\"image\":{\"@id\":\"https:\\\/\\\/www.purejewels.com\\\/#\\\/schema\\\/logo\\\/image\\\/\"}}]}<\/script>\n<!-- \/ Yoast SEO plugin. -->","yoast_head_json":{"title":"Diamant-Halskette aus 18 Karat Wei\u00dfgold online erh\u00e4ltlich, Purejewels","description":"Weihnachtsschmuck | Diamant-Halsketten aus 18 Karat Wei\u00dfgold | Wei\u00dfgold-Schmuck online kaufen | neueste Wei\u00dfgold-Halsketten-Designs | Kostenlose Lieferung in ganz Gro\u00dfbritannien","robots":{"index":"index","follow":"follow","max-snippet":"max-snippet:-1","max-image-preview":"max-image-preview:large","max-video-preview":"max-video-preview:-1"},"canonical":"https:\/\/www.purejewels.com\/de\/produkt-2\/diamant-halskette-aus-18-karat-weisgold-30069\/","og_locale":"de_DE","og_type":"article","og_title":"Diamond Necklace in 18ct white gold available Online, Purejewels","og_description":"Christmas Jewellery | Diamond Necklaces in 18ct White gold | Shop white Gold Jewellery Online | latest white gold necklace designs | Free delivery across UK","og_url":"https:\/\/www.purejewels.com\/de\/produkt-2\/diamant-halskette-aus-18-karat-weisgold-30069\/","og_site_name":"PureJewels UK","article_modified_time":"2025-06-11T12:15:04+00:00","og_image":[{"width":1000,"height":1000,"url":"https:\/\/www.purejewels.com\/wp-content\/uploads\/2023\/09\/SKU-30069-1.png","type":"image\/png"}],"twitter_card":"summary_large_image","twitter_misc":{"Gesch\u00e4tzte Lesezeit":"1\u00a0Minute"},"schema":{"@context":"https:\/\/schema.org","@graph":[{"@type":["WebPage","ItemPage"],"@id":"https:\/\/www.purejewels.com\/product\/18ct-white-gold-diamond-necklace-30069\/","url":"https:\/\/www.purejewels.com\/product\/18ct-white-gold-diamond-necklace-30069\/","name":"Diamant-Halskette aus 18 Karat Wei\u00dfgold online erh\u00e4ltlich, Purejewels","isPartOf":{"@id":"https:\/\/www.purejewels.com\/#website"},"primaryImageOfPage":{"@id":"https:\/\/www.purejewels.com\/product\/18ct-white-gold-diamond-necklace-30069\/#primaryimage"},"image":{"@id":"https:\/\/www.purejewels.com\/product\/18ct-white-gold-diamond-necklace-30069\/#primaryimage"},"thumbnailUrl":"https:\/\/static.purejewels.com\/wp-content\/uploads\/2023\/09\/SKU-30069-1.png","datePublished":"2023-09-11T10:28:01+00:00","dateModified":"2025-06-11T12:15:04+00:00","description":"Weihnachtsschmuck | Diamant-Halsketten aus 18 Karat Wei\u00dfgold | Wei\u00dfgold-Schmuck online kaufen | neueste Wei\u00dfgold-Halsketten-Designs | Kostenlose Lieferung in ganz Gro\u00dfbritannien","breadcrumb":{"@id":"https:\/\/www.purejewels.com\/product\/18ct-white-gold-diamond-necklace-30069\/#breadcrumb"},"inLanguage":"de","potentialAction":[{"@type":"ReadAction","target":["https:\/\/www.purejewels.com\/product\/18ct-white-gold-diamond-necklace-30069\/"]}]},{"@type":"ImageObject","inLanguage":"de","@id":"https:\/\/www.purejewels.com\/product\/18ct-white-gold-diamond-necklace-30069\/#primaryimage","url":"https:\/\/static.purejewels.com\/wp-content\/uploads\/2023\/09\/SKU-30069-1.png","contentUrl":"https:\/\/static.purejewels.com\/wp-content\/uploads\/2023\/09\/SKU-30069-1.png","width":1000,"height":1000,"caption":"18ct White Gold Diamond Necklace"},{"@type":"BreadcrumbList","@id":"https:\/\/www.purejewels.com\/product\/18ct-white-gold-diamond-necklace-30069\/#breadcrumb","itemListElement":[{"@type":"ListItem","position":1,"name":"Home","item":"https:\/\/www.purejewels.com\/"},{"@type":"ListItem","position":2,"name":"Shop","item":"https:\/\/www.purejewels.com\/shop\/"},{"@type":"ListItem","position":3,"name":"18ct White Gold Diamond Necklace"}]},{"@type":"WebSite","@id":"https:\/\/www.purejewels.com\/#website","url":"https:\/\/www.purejewels.com\/","name":"PureJewels UK","description":"Teile die Liebe","publisher":{"@id":"https:\/\/www.purejewels.com\/#organization"},"potentialAction":[{"@type":"SearchAction","target":{"@type":"EntryPoint","urlTemplate":"https:\/\/www.purejewels.com\/?s={search_term_string}"},"query-input":{"@type":"PropertyValueSpecification","valueRequired":true,"valueName":"search_term_string"}}],"inLanguage":"de"},{"@type":"Organization","@id":"https:\/\/www.purejewels.com\/#organization","name":"PureJewels UK","url":"https:\/\/www.purejewels.com\/","logo":{"@type":"ImageObject","inLanguage":"de","@id":"https:\/\/www.purejewels.com\/#\/schema\/logo\/image\/","url":"https:\/\/static.purejewels.com\/wp-content\/uploads\/2020\/11\/Logo-PJ-New-1.png","contentUrl":"https:\/\/static.purejewels.com\/wp-content\/uploads\/2020\/11\/Logo-PJ-New-1.png","width":150,"height":80,"caption":"PureJewels UK"},"image":{"@id":"https:\/\/www.purejewels.com\/#\/schema\/logo\/image\/"}}]}},"_links":{"self":[{"href":"https:\/\/www.purejewels.com\/de\/wp-json\/wp\/v2\/product\/351033","targetHints":{"allow":["GET"]}}],"collection":[{"href":"https:\/\/www.purejewels.com\/de\/wp-json\/wp\/v2\/product"}],"about":[{"href":"https:\/\/www.purejewels.com\/de\/wp-json\/wp\/v2\/types\/product"}],"replies":[{"embeddable":true,"href":"https:\/\/www.purejewels.com\/de\/wp-json\/wp\/v2\/comments?post=351033"}],"version-history":[{"count":2,"href":"https:\/\/www.purejewels.com\/de\/wp-json\/wp\/v2\/product\/351033\/revisions"}],"predecessor-version":[{"id":375917,"href":"https:\/\/www.purejewels.com\/de\/wp-json\/wp\/v2\/product\/351033\/revisions\/375917"}],"wp:featuredmedia":[{"embeddable":true,"href":"https:\/\/www.purejewels.com\/de\/wp-json\/wp\/v2\/media\/351335"}],"wp:attachment":[{"href":"https:\/\/www.purejewels.com\/de\/wp-json\/wp\/v2\/media?parent=351033"}],"wp:term":[{"taxonomy":"product_brand","embeddable":true,"href":"https:\/\/www.purejewels.com\/de\/wp-json\/wp\/v2\/product_brand?post=351033"},{"taxonomy":"product_cat","embeddable":true,"href":"https:\/\/www.purejewels.com\/de\/wp-json\/wp\/v2\/product_cat?post=351033"},{"taxonomy":"product_tag","embeddable":true,"href":"https:\/\/www.purejewels.com\/de\/wp-json\/wp\/v2\/product_tag?post=351033"}],"curies":[{"name":"wp","href":"https:\/\/api.w.org\/{rel}","templated":true}]}}