{"id":351245,"date":"2024-10-25T05:24:38","date_gmt":"2024-10-25T04:24:38","guid":{"rendered":"https:\/\/www.purejewels.com\/?post_type=product&#038;p=351245"},"modified":"2026-02-26T13:26:15","modified_gmt":"2026-02-26T13:26:15","slug":"22-karatige-gold-reifen-ohrringe-51335","status":"publish","type":"product","link":"https:\/\/www.purejewels.com\/de\/product\/22-karat-gold-hoop-earrings-51335\/","title":{"rendered":"22 Karat Gold Reif-Ohrringe"},"content":{"rendered":"<p data-start=\"101\" data-end=\"294\"><strong data-start=\"101\" data-end=\"111\">Gestaltung<\/strong><br data-start=\"111\" data-end=\"114\" \/>Diese klassischen Reif-Ohrringe erhalten durch eine gerippte Struktur, die das Licht sch\u00f6n einf\u00e4ngt, einen modernen Touch. Ihre abgerundete Silhouette macht sie zu einem m\u00fchelosen Alltagsbegleiter.<\/p>\n<p data-start=\"296\" data-end=\"532\"><strong data-start=\"296\" data-end=\"313\"><a href=\"https:\/\/www.purejewels.com\/de\/a-guide-to-die-stamping\/\">Handwerkliches K\u00f6nnen<\/a><\/strong><br data-start=\"313\" data-end=\"316\" \/>Die aus reinem 22-kar\u00e4tigem Gold gegossenen und vom britischen Assay Office gepunzten Reifchen sind mit einem sicheren, bequemen Verschluss f\u00fcr das t\u00e4gliche Tragen ausgestattet. Die gerippten Details sind pr\u00e4zise gearbeitet und sorgen f\u00fcr Tiefe und Haltbarkeit.<\/p>\n<p data-start=\"534\" data-end=\"760\"><strong data-start=\"534\" data-end=\"545\">Styling<\/strong><br data-start=\"545\" data-end=\"548\" \/>Perfekt f\u00fcr das t\u00e4gliche Tragen, passen diese Creolen nahtlos zu l\u00e4ssigen Outfits oder k\u00f6nnen Lagenlooks erg\u00e4nzen. <a href=\"https:\/\/www.purejewels.com\/de\/elegance-of-sold-gold\/\">Goldschmuck<\/a> f\u00fcr ein k\u00fchnes Statement. Ein vielseitiges St\u00fcck, das modernen Stil mit traditioneller Eleganz verbindet.<\/p>","protected":false},"excerpt":{"rendered":"<p>Diese eleganten und zeitlosen Ohrringe aus 22-kar\u00e4tigem Gold haben eine strukturierte Oberfl\u00e4che, die bei jeder Drehung das Licht einf\u00e4ngt. Ein perfektes Alltags-Essential mit raffiniertem Charme.<\/p>\n<p><strong>Material:<\/strong> 22 Karat Gold (91,61 TP5T reines Gold)<strong><br \/>\nWahrzeichen:\u00a0<\/strong>Britisches G\u00fctesiegel<strong><br \/>\n<\/strong><strong>Bruttogewicht: <\/strong>1,01 g<br \/>\n<strong>Innendurchmesser:<\/strong> 8mm<strong><br \/>\nSKU: <\/strong>53765, 53766, 53767, 53768<\/p>\n<p><strong>Preis und Lieferung<\/strong>:Inklusive Mehrwertsteuer und Lieferkosten<\/p>\n<p><a href=\"https:\/\/www.purejewels.com\/de\/ruckgabepolitik\/\">R\u00fcckgabepolitik<\/a><\/p>","protected":false},"featured_media":401262,"comment_status":"closed","ping_status":"closed","template":"","meta":{"_eb_attr":"","_crsspst_to_jayantr4sg-hostcom":true},"product_brand":[],"product_cat":[1791,1559,1254,1229,1579,5342,5347,5338,5353,5608,1575,5349],"product_tag":[],"class_list":{"0":"post-351245","1":"product","2":"type-product","3":"status-publish","4":"has-post-thumbnail","6":"product_cat-anniversary-gifts","7":"product_cat-birthday-gifts","8":"product_cat-gold-earrings","9":"product_cat-22ct-gold-jewellery","10":"product_cat-hoop-earrings","11":"product_cat-jewellery-under-250","12":"product_cat-shop-by-metal","13":"product_cat-shop-by-price","14":"product_cat-shop-by","15":"product_cat-simple-hoops","16":"product_cat-teenage-jewellery","17":"product_cat-yellow-gold-jewellery","19":"first","20":"outofstock","21":"taxable","22":"shipping-taxable","23":"product-type-simple","24":"add-to-wishlist-before_image"},"yoast_head":"<!-- This site is optimized with the Yoast SEO plugin v27.5 - https:\/\/yoast.com\/product\/yoast-seo-wordpress\/ -->\n<title>22 Karat Gold Hoop Earrings | 8mm | PureJewels UK<\/title>\n<meta name=\"description\" content=\"Discover timeless elegance with our exquisite 22 Karat Gold Hoop Earrings. These masterpieces from PureJewels UK are a fusion of tradition and modern style.\" \/>\n<meta name=\"robots\" content=\"index, follow, max-snippet:-1, max-image-preview:large, max-video-preview:-1\" \/>\n<link rel=\"canonical\" href=\"https:\/\/www.purejewels.com\/de\/produkt-2\/22-karatige-gold-reifen-ohrringe-51335\/\" \/>\n<meta property=\"og:locale\" content=\"de_DE\" \/>\n<meta property=\"og:type\" content=\"article\" \/>\n<meta property=\"og:title\" content=\"22 Karat Gold Hoop Earrings | 8mm | PureJewels UK\" \/>\n<meta property=\"og:description\" content=\"Discover timeless elegance with our exquisite 22 Karat Gold Hoop Earrings. These masterpieces from PureJewels UK are a fusion of tradition and modern style.\" \/>\n<meta property=\"og:url\" content=\"https:\/\/www.purejewels.com\/de\/produkt-2\/22-karatige-gold-reifen-ohrringe-51335\/\" \/>\n<meta property=\"og:site_name\" content=\"PureJewels UK\" \/>\n<meta property=\"article:modified_time\" content=\"2026-02-26T13:26:15+00:00\" \/>\n<meta property=\"og:image\" content=\"https:\/\/static.purejewels.com\/wp-content\/uploads\/2024\/10\/SKU-51335.1.png\" \/>\n\t<meta property=\"og:image:width\" content=\"1000\" \/>\n\t<meta property=\"og:image:height\" content=\"1000\" \/>\n\t<meta property=\"og:image:type\" content=\"image\/png\" \/>\n<meta name=\"twitter:card\" content=\"summary_large_image\" \/>\n<meta name=\"twitter:label1\" content=\"Gesch\u00e4tzte Lesezeit\" \/>\n\t<meta name=\"twitter:data1\" content=\"1\u00a0Minute\" \/>\n<script type=\"application\/ld+json\" class=\"yoast-schema-graph\">{\"@context\":\"https:\\\/\\\/schema.org\",\"@graph\":[{\"@type\":[\"WebPage\",\"ItemPage\"],\"@id\":\"https:\\\/\\\/www.purejewels.com\\\/product\\\/22-karat-gold-hoop-earrings-51335\\\/\",\"url\":\"https:\\\/\\\/www.purejewels.com\\\/product\\\/22-karat-gold-hoop-earrings-51335\\\/\",\"name\":\"22 Karat Gold Hoop Earrings | 8mm | PureJewels UK\",\"isPartOf\":{\"@id\":\"https:\\\/\\\/www.purejewels.com\\\/#website\"},\"primaryImageOfPage\":{\"@id\":\"https:\\\/\\\/www.purejewels.com\\\/product\\\/22-karat-gold-hoop-earrings-51335\\\/#primaryimage\"},\"image\":{\"@id\":\"https:\\\/\\\/www.purejewels.com\\\/product\\\/22-karat-gold-hoop-earrings-51335\\\/#primaryimage\"},\"thumbnailUrl\":\"https:\\\/\\\/static.purejewels.com\\\/wp-content\\\/uploads\\\/2024\\\/10\\\/SKU-51335.1.png\",\"datePublished\":\"2024-10-25T04:24:38+00:00\",\"dateModified\":\"2026-02-26T13:26:15+00:00\",\"description\":\"Discover timeless elegance with our exquisite 22 Karat Gold Hoop Earrings. These masterpieces from PureJewels UK are a fusion of tradition and modern style.\",\"breadcrumb\":{\"@id\":\"https:\\\/\\\/www.purejewels.com\\\/product\\\/22-karat-gold-hoop-earrings-51335\\\/#breadcrumb\"},\"inLanguage\":\"de\",\"potentialAction\":[{\"@type\":\"ReadAction\",\"target\":[\"https:\\\/\\\/www.purejewels.com\\\/product\\\/22-karat-gold-hoop-earrings-51335\\\/\"]}]},{\"@type\":\"ImageObject\",\"inLanguage\":\"de\",\"@id\":\"https:\\\/\\\/www.purejewels.com\\\/product\\\/22-karat-gold-hoop-earrings-51335\\\/#primaryimage\",\"url\":\"https:\\\/\\\/static.purejewels.com\\\/wp-content\\\/uploads\\\/2024\\\/10\\\/SKU-51335.1.png\",\"contentUrl\":\"https:\\\/\\\/static.purejewels.com\\\/wp-content\\\/uploads\\\/2024\\\/10\\\/SKU-51335.1.png\",\"width\":1000,\"height\":1000,\"caption\":\"22 Karat Gold Hoop Earrings\"},{\"@type\":\"BreadcrumbList\",\"@id\":\"https:\\\/\\\/www.purejewels.com\\\/product\\\/22-karat-gold-hoop-earrings-51335\\\/#breadcrumb\",\"itemListElement\":[{\"@type\":\"ListItem\",\"position\":1,\"name\":\"Home\",\"item\":\"https:\\\/\\\/www.purejewels.com\\\/\"},{\"@type\":\"ListItem\",\"position\":2,\"name\":\"Shop\",\"item\":\"https:\\\/\\\/www.purejewels.com\\\/shop\\\/\"},{\"@type\":\"ListItem\",\"position\":3,\"name\":\"22 Karat Gold Hoop Earrings\"}]},{\"@type\":\"WebSite\",\"@id\":\"https:\\\/\\\/www.purejewels.com\\\/#website\",\"url\":\"https:\\\/\\\/www.purejewels.com\\\/\",\"name\":\"PureJewels UK\",\"description\":\"Share the Love\",\"publisher\":{\"@id\":\"https:\\\/\\\/www.purejewels.com\\\/#organization\"},\"potentialAction\":[{\"@type\":\"SearchAction\",\"target\":{\"@type\":\"EntryPoint\",\"urlTemplate\":\"https:\\\/\\\/www.purejewels.com\\\/?s={search_term_string}\"},\"query-input\":{\"@type\":\"PropertyValueSpecification\",\"valueRequired\":true,\"valueName\":\"search_term_string\"}}],\"inLanguage\":\"de\"},{\"@type\":\"Organization\",\"@id\":\"https:\\\/\\\/www.purejewels.com\\\/#organization\",\"name\":\"PureJewels UK\",\"url\":\"https:\\\/\\\/www.purejewels.com\\\/\",\"logo\":{\"@type\":\"ImageObject\",\"inLanguage\":\"de\",\"@id\":\"https:\\\/\\\/www.purejewels.com\\\/#\\\/schema\\\/logo\\\/image\\\/\",\"url\":\"https:\\\/\\\/static.purejewels.com\\\/wp-content\\\/uploads\\\/2020\\\/11\\\/Logo-PJ-New-1.png\",\"contentUrl\":\"https:\\\/\\\/static.purejewels.com\\\/wp-content\\\/uploads\\\/2020\\\/11\\\/Logo-PJ-New-1.png\",\"width\":150,\"height\":80,\"caption\":\"PureJewels UK\"},\"image\":{\"@id\":\"https:\\\/\\\/www.purejewels.com\\\/#\\\/schema\\\/logo\\\/image\\\/\"}}]}<\/script>\n<!-- \/ Yoast SEO plugin. -->","yoast_head_json":{"title":"22 Karat Gold Hoop Ohrringe | 8mm | PureJewels UK","description":"Entdecken Sie zeitlose Eleganz mit unseren exquisiten 22 Karat Gold Hoop Earrings. Diese Meisterwerke von PureJewels UK sind eine Verschmelzung von Tradition und modernem Stil.","robots":{"index":"index","follow":"follow","max-snippet":"max-snippet:-1","max-image-preview":"max-image-preview:large","max-video-preview":"max-video-preview:-1"},"canonical":"https:\/\/www.purejewels.com\/de\/produkt-2\/22-karatige-gold-reifen-ohrringe-51335\/","og_locale":"de_DE","og_type":"article","og_title":"22 Karat Gold Hoop Earrings | 8mm | PureJewels UK","og_description":"Discover timeless elegance with our exquisite 22 Karat Gold Hoop Earrings. These masterpieces from PureJewels UK are a fusion of tradition and modern style.","og_url":"https:\/\/www.purejewels.com\/de\/produkt-2\/22-karatige-gold-reifen-ohrringe-51335\/","og_site_name":"PureJewels UK","article_modified_time":"2026-02-26T13:26:15+00:00","og_image":[{"width":1000,"height":1000,"url":"https:\/\/static.purejewels.com\/wp-content\/uploads\/2024\/10\/SKU-51335.1.png","type":"image\/png"}],"twitter_card":"summary_large_image","twitter_misc":{"Gesch\u00e4tzte Lesezeit":"1\u00a0Minute"},"schema":{"@context":"https:\/\/schema.org","@graph":[{"@type":["WebPage","ItemPage"],"@id":"https:\/\/www.purejewels.com\/product\/22-karat-gold-hoop-earrings-51335\/","url":"https:\/\/www.purejewels.com\/product\/22-karat-gold-hoop-earrings-51335\/","name":"22 Karat Gold Hoop Ohrringe | 8mm | PureJewels UK","isPartOf":{"@id":"https:\/\/www.purejewels.com\/#website"},"primaryImageOfPage":{"@id":"https:\/\/www.purejewels.com\/product\/22-karat-gold-hoop-earrings-51335\/#primaryimage"},"image":{"@id":"https:\/\/www.purejewels.com\/product\/22-karat-gold-hoop-earrings-51335\/#primaryimage"},"thumbnailUrl":"https:\/\/static.purejewels.com\/wp-content\/uploads\/2024\/10\/SKU-51335.1.png","datePublished":"2024-10-25T04:24:38+00:00","dateModified":"2026-02-26T13:26:15+00:00","description":"Entdecken Sie zeitlose Eleganz mit unseren exquisiten 22 Karat Gold Hoop Earrings. Diese Meisterwerke von PureJewels UK sind eine Verschmelzung von Tradition und modernem Stil.","breadcrumb":{"@id":"https:\/\/www.purejewels.com\/product\/22-karat-gold-hoop-earrings-51335\/#breadcrumb"},"inLanguage":"de","potentialAction":[{"@type":"ReadAction","target":["https:\/\/www.purejewels.com\/product\/22-karat-gold-hoop-earrings-51335\/"]}]},{"@type":"ImageObject","inLanguage":"de","@id":"https:\/\/www.purejewels.com\/product\/22-karat-gold-hoop-earrings-51335\/#primaryimage","url":"https:\/\/static.purejewels.com\/wp-content\/uploads\/2024\/10\/SKU-51335.1.png","contentUrl":"https:\/\/static.purejewels.com\/wp-content\/uploads\/2024\/10\/SKU-51335.1.png","width":1000,"height":1000,"caption":"22 Karat Gold Hoop Earrings"},{"@type":"BreadcrumbList","@id":"https:\/\/www.purejewels.com\/product\/22-karat-gold-hoop-earrings-51335\/#breadcrumb","itemListElement":[{"@type":"ListItem","position":1,"name":"Home","item":"https:\/\/www.purejewels.com\/"},{"@type":"ListItem","position":2,"name":"Shop","item":"https:\/\/www.purejewels.com\/shop\/"},{"@type":"ListItem","position":3,"name":"22 Karat Gold Hoop Earrings"}]},{"@type":"WebSite","@id":"https:\/\/www.purejewels.com\/#website","url":"https:\/\/www.purejewels.com\/","name":"PureJewels UK","description":"Teile die Liebe","publisher":{"@id":"https:\/\/www.purejewels.com\/#organization"},"potentialAction":[{"@type":"SearchAction","target":{"@type":"EntryPoint","urlTemplate":"https:\/\/www.purejewels.com\/?s={search_term_string}"},"query-input":{"@type":"PropertyValueSpecification","valueRequired":true,"valueName":"search_term_string"}}],"inLanguage":"de"},{"@type":"Organization","@id":"https:\/\/www.purejewels.com\/#organization","name":"PureJewels UK","url":"https:\/\/www.purejewels.com\/","logo":{"@type":"ImageObject","inLanguage":"de","@id":"https:\/\/www.purejewels.com\/#\/schema\/logo\/image\/","url":"https:\/\/static.purejewels.com\/wp-content\/uploads\/2020\/11\/Logo-PJ-New-1.png","contentUrl":"https:\/\/static.purejewels.com\/wp-content\/uploads\/2020\/11\/Logo-PJ-New-1.png","width":150,"height":80,"caption":"PureJewels UK"},"image":{"@id":"https:\/\/www.purejewels.com\/#\/schema\/logo\/image\/"}}]}},"_links":{"self":[{"href":"https:\/\/www.purejewels.com\/de\/wp-json\/wp\/v2\/product\/351245","targetHints":{"allow":["GET"]}}],"collection":[{"href":"https:\/\/www.purejewels.com\/de\/wp-json\/wp\/v2\/product"}],"about":[{"href":"https:\/\/www.purejewels.com\/de\/wp-json\/wp\/v2\/types\/product"}],"replies":[{"embeddable":true,"href":"https:\/\/www.purejewels.com\/de\/wp-json\/wp\/v2\/comments?post=351245"}],"version-history":[{"count":5,"href":"https:\/\/www.purejewels.com\/de\/wp-json\/wp\/v2\/product\/351245\/revisions"}],"predecessor-version":[{"id":423772,"href":"https:\/\/www.purejewels.com\/de\/wp-json\/wp\/v2\/product\/351245\/revisions\/423772"}],"wp:featuredmedia":[{"embeddable":true,"href":"https:\/\/www.purejewels.com\/de\/wp-json\/wp\/v2\/media\/401262"}],"wp:attachment":[{"href":"https:\/\/www.purejewels.com\/de\/wp-json\/wp\/v2\/media?parent=351245"}],"wp:term":[{"taxonomy":"product_brand","embeddable":true,"href":"https:\/\/www.purejewels.com\/de\/wp-json\/wp\/v2\/product_brand?post=351245"},{"taxonomy":"product_cat","embeddable":true,"href":"https:\/\/www.purejewels.com\/de\/wp-json\/wp\/v2\/product_cat?post=351245"},{"taxonomy":"product_tag","embeddable":true,"href":"https:\/\/www.purejewels.com\/de\/wp-json\/wp\/v2\/product_tag?post=351245"}],"curies":[{"name":"wp","href":"https:\/\/api.w.org\/{rel}","templated":true}]}}