{"id":351268,"date":"2023-09-15T08:54:11","date_gmt":"2023-09-15T07:54:11","guid":{"rendered":"https:\/\/www.purejewels.com\/?post_type=product&#038;p=351268"},"modified":"2026-03-30T09:16:39","modified_gmt":"2026-03-30T08:16:39","slug":"18-karat-gold-rhodiniert-diamant-ohrstecker-45858","status":"publish","type":"product","link":"https:\/\/www.purejewels.com\/de\/product\/18ct-gold-rhodium-finish-diamond-ear-studs-45858\/","title":{"rendered":"18ct Gold Diamant Ohrstecker"},"content":{"rendered":"<p>Diamant-Ohrstecker sind seit langem ein klassisches und zeitloses Accessoire f\u00fcr Frauen jeden Alters. Ganz gleich, ob Sie sich f\u00fcr einen besonderen Anlass herausputzen oder Ihrem Alltagslook einfach nur einen Hauch von Glamour verleihen m\u00f6chten, Diamantohrstecker sind die perfekte M\u00f6glichkeit, Ihren Stil aufzuwerten. Und mit unseren atemberaubenden Diamantohrsteckern aus 18 Karat Gold (0,34 Karat) ziehen Sie alle Blicke auf sich, wo immer Sie hingehen.<\/p>\n<p>Eines der besten Merkmale von Diamantohrsteckern ist ihre Vielseitigkeit. Sie k\u00f6nnen nach oben oder unten gekleidet werden, mit l\u00e4ssiger oder formeller Kleidung getragen werden und sind f\u00fcr jede Gelegenheit geeignet. Die Auswahl an Diamantohrsteckern ist endlos. Von klassischen Diamanten im Rundschliff bis hin zu einzigartigen und verschlungenen Designs gibt es f\u00fcr jeden Geschmack und jede Vorliebe das passende Modell.<\/p>\n<p>Unsere Diamantohrstecker aus 18 Karat Gold (0,34 Karat) sind der Inbegriff von Eleganz und Raffinesse. Mit einem Gesamtkaratgewicht von 0,34 Karat sind diese atemberaubenden Ohrstecker mit brillanten Diamanten im Rundschliff besetzt, die in gl\u00e4nzendes 18-kar\u00e4tiges Gold gefasst sind. Das Ergebnis ist ein Paar Ohrringe, das nicht nur sch\u00f6n anzusehen, sondern auch unglaublich haltbar und langlebig ist.<\/p>\n<p>Wenn es um das Tragen von Diamantohrsteckern geht, sind die M\u00f6glichkeiten endlos. Egal, ob Sie sie f\u00fcr einen klassischen und zeitlosen Look alleine tragen oder sie f\u00fcr einen dramatischen Effekt mit anderen Ohrringen kombinieren, Diamantohrstecker sind ein vielseitiges und stilvolles Accessoire, das nie aus der Mode kommt.<\/p>\n<p>Warum also warten? G\u00f6nnen Sie sich noch heute ein Paar unserer diamantenen Ohrstecker aus 18 Karat Gold (0,34 Karat) und verleihen Sie Ihrer Schmucksammlung einen Hauch von Funkeln und Glanz. Mit ihrer zeitlosen Sch\u00f6nheit und ihrem raffinierten Design werden diese Diamant-Ohrstecker mit Sicherheit \u00fcber Jahre hinweg zu einem gesch\u00e4tzten Lieblingsst\u00fcck.<\/p>","protected":false},"excerpt":{"rendered":"<table class=\"sh_desc\" style=\"width: 100%; height: 308px;\">\n<tbody>\n<tr style=\"height: 28px;\">\n<td style=\"height: 28px;\">Art des Ohrrings<\/td>\n<td style=\"height: 28px;\">Ohrstecker<\/td>\n<\/tr>\n<tr style=\"height: 28px;\">\n<td style=\"height: 28px;\">SKU<\/td>\n<td style=\"height: 28px;\">45858<\/td>\n<\/tr>\n<tr style=\"height: 28px;\">\n<td style=\"height: 28px;\">Oberfl\u00e4che<\/td>\n<td style=\"height: 28px;\">Rhodium<\/td>\n<\/tr>\n<tr style=\"height: 28px;\">\n<td style=\"height: 28px;\">Geschlecht<\/td>\n<td style=\"height: 28px;\">Damen<\/td>\n<\/tr>\n<tr style=\"height: 28px;\">\n<td style=\"height: 28px;\">Diamant Wt.<\/td>\n<td style=\"height: 28px;\">0,34ct<\/td>\n<\/tr>\n<tr style=\"height: 28px;\">\n<td style=\"height: 28px;\">Stein<\/td>\n<td style=\"height: 28px;\">Diamant<\/td>\n<\/tr>\n<tr style=\"height: 28px;\">\n<td style=\"height: 28px;\">Metall<\/td>\n<td style=\"height: 28px;\">18ct Wei\u00dfgold<\/td>\n<\/tr>\n<tr style=\"height: 28px;\">\n<td style=\"height: 28px;\">Entgelte<\/td>\n<td style=\"height: 28px;\">Lieferung und Mehrwertsteuer inbegriffen<\/td>\n<\/tr>\n<tr style=\"height: 28px;\">\n<td style=\"height: 28px;\">Verpackung<\/td>\n<td style=\"height: 28px;\">Mit Pr\u00e4sentationsbox<\/td>\n<\/tr>\n<tr style=\"height: 28px;\">\n<td style=\"height: 28px;\">Mehr Informationen<\/td>\n<td style=\"height: 28px;\">Live-Chat mit uns f\u00fcr Verf\u00fcgbarkeit und mehr Bilder<\/td>\n<\/tr>\n<\/tbody>\n<\/table>","protected":false},"featured_media":351358,"comment_status":"closed","ping_status":"closed","template":"","meta":{"_eb_attr":"","_crsspst_to_jayantr4sg-hostcom":true},"product_brand":[],"product_cat":[6086,5679,1791,1559,1794,5458,5457,1570,1577,1573,5348,1574],"product_tag":[],"class_list":{"0":"post-351268","1":"product","2":"type-product","3":"status-publish","4":"has-post-thumbnail","6":"product_cat-18ct-gold-earring","7":"product_cat-18ct-gold-jewellery","8":"product_cat-anniversary-gifts","9":"product_cat-birthday-gifts","10":"product_cat-christmas-gifts","11":"product_cat-diamond-earring","12":"product_cat-diamond-jewellery","13":"product_cat-mothers-day-gifts","14":"product_cat-stud-earrings","15":"product_cat-wedding-gifts","16":"product_cat-white-gold-jewellery","17":"product_cat-womens-jewellery","19":"first","20":"instock","21":"taxable","22":"shipping-taxable","23":"purchasable","24":"product-type-simple","25":"add-to-wishlist-before_image"},"yoast_head":"<!-- This site is optimized with the Yoast SEO plugin v27.3 - https:\/\/yoast.com\/product\/yoast-seo-wordpress\/ -->\n<title>18ct Gold Rhodium Finish Diamond Ear Studs online UK<\/title>\n<meta name=\"description\" content=\"Shop earrings diamond designs this Black Friday with our 18ct gold diamond studs\u2014crafted for timeless elegance, radiant sparkle, and effortless everyday sophistication.\" \/>\n<meta name=\"robots\" content=\"index, follow, max-snippet:-1, max-image-preview:large, max-video-preview:-1\" \/>\n<link rel=\"canonical\" href=\"https:\/\/www.purejewels.com\/de\/produkt-2\/18-karat-gold-rhodiniert-diamant-ohrstecker-45858\/\" \/>\n<meta property=\"og:locale\" content=\"de_DE\" \/>\n<meta property=\"og:type\" content=\"article\" \/>\n<meta property=\"og:title\" content=\"18ct Gold Rhodium Finish Diamond Ear Studs online UK\" \/>\n<meta property=\"og:description\" content=\"Shop earrings diamond designs this Black Friday with our 18ct gold diamond studs\u2014crafted for timeless elegance, radiant sparkle, and effortless everyday sophistication.\" \/>\n<meta property=\"og:url\" content=\"https:\/\/www.purejewels.com\/de\/produkt-2\/18-karat-gold-rhodiniert-diamant-ohrstecker-45858\/\" \/>\n<meta property=\"og:site_name\" content=\"PureJewels UK\" \/>\n<meta property=\"article:modified_time\" content=\"2026-03-30T08:16:39+00:00\" \/>\n<meta property=\"og:image\" content=\"https:\/\/static.purejewels.com\/wp-content\/uploads\/2023\/09\/SKU-45858.png\" \/>\n\t<meta property=\"og:image:width\" content=\"1000\" \/>\n\t<meta property=\"og:image:height\" content=\"1000\" \/>\n\t<meta property=\"og:image:type\" content=\"image\/png\" \/>\n<meta name=\"twitter:card\" content=\"summary_large_image\" \/>\n<meta name=\"twitter:label1\" content=\"Gesch\u00e4tzte Lesezeit\" \/>\n\t<meta name=\"twitter:data1\" content=\"2\u00a0Minuten\" \/>\n<script type=\"application\/ld+json\" class=\"yoast-schema-graph\">{\"@context\":\"https:\\\/\\\/schema.org\",\"@graph\":[{\"@type\":[\"WebPage\",\"ItemPage\"],\"@id\":\"https:\\\/\\\/www.purejewels.com\\\/product\\\/18ct-gold-rhodium-finish-diamond-ear-studs-45858\\\/\",\"url\":\"https:\\\/\\\/www.purejewels.com\\\/product\\\/18ct-gold-rhodium-finish-diamond-ear-studs-45858\\\/\",\"name\":\"18ct Gold Rhodium Finish Diamond Ear Studs online UK\",\"isPartOf\":{\"@id\":\"https:\\\/\\\/www.purejewels.com\\\/#website\"},\"primaryImageOfPage\":{\"@id\":\"https:\\\/\\\/www.purejewels.com\\\/product\\\/18ct-gold-rhodium-finish-diamond-ear-studs-45858\\\/#primaryimage\"},\"image\":{\"@id\":\"https:\\\/\\\/www.purejewels.com\\\/product\\\/18ct-gold-rhodium-finish-diamond-ear-studs-45858\\\/#primaryimage\"},\"thumbnailUrl\":\"https:\\\/\\\/static.purejewels.com\\\/wp-content\\\/uploads\\\/2023\\\/09\\\/SKU-45858.png\",\"datePublished\":\"2023-09-15T07:54:11+00:00\",\"dateModified\":\"2026-03-30T08:16:39+00:00\",\"description\":\"Shop earrings diamond designs this Black Friday with our 18ct gold diamond studs\u2014crafted for timeless elegance, radiant sparkle, and effortless everyday sophistication.\",\"breadcrumb\":{\"@id\":\"https:\\\/\\\/www.purejewels.com\\\/product\\\/18ct-gold-rhodium-finish-diamond-ear-studs-45858\\\/#breadcrumb\"},\"inLanguage\":\"de\",\"potentialAction\":[{\"@type\":\"ReadAction\",\"target\":[\"https:\\\/\\\/www.purejewels.com\\\/product\\\/18ct-gold-rhodium-finish-diamond-ear-studs-45858\\\/\"]}]},{\"@type\":\"ImageObject\",\"inLanguage\":\"de\",\"@id\":\"https:\\\/\\\/www.purejewels.com\\\/product\\\/18ct-gold-rhodium-finish-diamond-ear-studs-45858\\\/#primaryimage\",\"url\":\"https:\\\/\\\/static.purejewels.com\\\/wp-content\\\/uploads\\\/2023\\\/09\\\/SKU-45858.png\",\"contentUrl\":\"https:\\\/\\\/static.purejewels.com\\\/wp-content\\\/uploads\\\/2023\\\/09\\\/SKU-45858.png\",\"width\":1000,\"height\":1000,\"caption\":\"18ct Gold Rhodium Finish Diamond Ear Studs\"},{\"@type\":\"BreadcrumbList\",\"@id\":\"https:\\\/\\\/www.purejewels.com\\\/product\\\/18ct-gold-rhodium-finish-diamond-ear-studs-45858\\\/#breadcrumb\",\"itemListElement\":[{\"@type\":\"ListItem\",\"position\":1,\"name\":\"Home\",\"item\":\"https:\\\/\\\/www.purejewels.com\\\/\"},{\"@type\":\"ListItem\",\"position\":2,\"name\":\"Shop\",\"item\":\"https:\\\/\\\/www.purejewels.com\\\/shop\\\/\"},{\"@type\":\"ListItem\",\"position\":3,\"name\":\"18ct Gold Diamond Studs\"}]},{\"@type\":\"WebSite\",\"@id\":\"https:\\\/\\\/www.purejewels.com\\\/#website\",\"url\":\"https:\\\/\\\/www.purejewels.com\\\/\",\"name\":\"PureJewels UK\",\"description\":\"Share the Love\",\"publisher\":{\"@id\":\"https:\\\/\\\/www.purejewels.com\\\/#organization\"},\"potentialAction\":[{\"@type\":\"SearchAction\",\"target\":{\"@type\":\"EntryPoint\",\"urlTemplate\":\"https:\\\/\\\/www.purejewels.com\\\/?s={search_term_string}\"},\"query-input\":{\"@type\":\"PropertyValueSpecification\",\"valueRequired\":true,\"valueName\":\"search_term_string\"}}],\"inLanguage\":\"de\"},{\"@type\":\"Organization\",\"@id\":\"https:\\\/\\\/www.purejewels.com\\\/#organization\",\"name\":\"PureJewels UK\",\"url\":\"https:\\\/\\\/www.purejewels.com\\\/\",\"logo\":{\"@type\":\"ImageObject\",\"inLanguage\":\"de\",\"@id\":\"https:\\\/\\\/www.purejewels.com\\\/#\\\/schema\\\/logo\\\/image\\\/\",\"url\":\"https:\\\/\\\/static.purejewels.com\\\/wp-content\\\/uploads\\\/2020\\\/11\\\/Logo-PJ-New-1.png\",\"contentUrl\":\"https:\\\/\\\/static.purejewels.com\\\/wp-content\\\/uploads\\\/2020\\\/11\\\/Logo-PJ-New-1.png\",\"width\":150,\"height\":80,\"caption\":\"PureJewels UK\"},\"image\":{\"@id\":\"https:\\\/\\\/www.purejewels.com\\\/#\\\/schema\\\/logo\\\/image\\\/\"}}]}<\/script>\n<!-- \/ Yoast SEO plugin. -->","yoast_head_json":{"title":"18ct Gold Rhodium Finish Diamant Ohrstecker online UK","description":"Shoppen Sie an diesem Black Friday Ohrringe mit Diamanten - unsere Ohrstecker aus 18 Karat Gold stehen f\u00fcr zeitlose Eleganz, strahlendes Funkeln und m\u00fchelose Raffinesse im Alltag.","robots":{"index":"index","follow":"follow","max-snippet":"max-snippet:-1","max-image-preview":"max-image-preview:large","max-video-preview":"max-video-preview:-1"},"canonical":"https:\/\/www.purejewels.com\/de\/produkt-2\/18-karat-gold-rhodiniert-diamant-ohrstecker-45858\/","og_locale":"de_DE","og_type":"article","og_title":"18ct Gold Rhodium Finish Diamond Ear Studs online UK","og_description":"Shop earrings diamond designs this Black Friday with our 18ct gold diamond studs\u2014crafted for timeless elegance, radiant sparkle, and effortless everyday sophistication.","og_url":"https:\/\/www.purejewels.com\/de\/produkt-2\/18-karat-gold-rhodiniert-diamant-ohrstecker-45858\/","og_site_name":"PureJewels UK","article_modified_time":"2026-03-30T08:16:39+00:00","og_image":[{"width":1000,"height":1000,"url":"https:\/\/static.purejewels.com\/wp-content\/uploads\/2023\/09\/SKU-45858.png","type":"image\/png"}],"twitter_card":"summary_large_image","twitter_misc":{"Gesch\u00e4tzte Lesezeit":"2\u00a0Minuten"},"schema":{"@context":"https:\/\/schema.org","@graph":[{"@type":["WebPage","ItemPage"],"@id":"https:\/\/www.purejewels.com\/product\/18ct-gold-rhodium-finish-diamond-ear-studs-45858\/","url":"https:\/\/www.purejewels.com\/product\/18ct-gold-rhodium-finish-diamond-ear-studs-45858\/","name":"18ct Gold Rhodium Finish Diamant Ohrstecker online UK","isPartOf":{"@id":"https:\/\/www.purejewels.com\/#website"},"primaryImageOfPage":{"@id":"https:\/\/www.purejewels.com\/product\/18ct-gold-rhodium-finish-diamond-ear-studs-45858\/#primaryimage"},"image":{"@id":"https:\/\/www.purejewels.com\/product\/18ct-gold-rhodium-finish-diamond-ear-studs-45858\/#primaryimage"},"thumbnailUrl":"https:\/\/static.purejewels.com\/wp-content\/uploads\/2023\/09\/SKU-45858.png","datePublished":"2023-09-15T07:54:11+00:00","dateModified":"2026-03-30T08:16:39+00:00","description":"Shoppen Sie an diesem Black Friday Ohrringe mit Diamanten - unsere Ohrstecker aus 18 Karat Gold stehen f\u00fcr zeitlose Eleganz, strahlendes Funkeln und m\u00fchelose Raffinesse im Alltag.","breadcrumb":{"@id":"https:\/\/www.purejewels.com\/product\/18ct-gold-rhodium-finish-diamond-ear-studs-45858\/#breadcrumb"},"inLanguage":"de","potentialAction":[{"@type":"ReadAction","target":["https:\/\/www.purejewels.com\/product\/18ct-gold-rhodium-finish-diamond-ear-studs-45858\/"]}]},{"@type":"ImageObject","inLanguage":"de","@id":"https:\/\/www.purejewels.com\/product\/18ct-gold-rhodium-finish-diamond-ear-studs-45858\/#primaryimage","url":"https:\/\/static.purejewels.com\/wp-content\/uploads\/2023\/09\/SKU-45858.png","contentUrl":"https:\/\/static.purejewels.com\/wp-content\/uploads\/2023\/09\/SKU-45858.png","width":1000,"height":1000,"caption":"18ct Gold Rhodium Finish Diamond Ear Studs"},{"@type":"BreadcrumbList","@id":"https:\/\/www.purejewels.com\/product\/18ct-gold-rhodium-finish-diamond-ear-studs-45858\/#breadcrumb","itemListElement":[{"@type":"ListItem","position":1,"name":"Home","item":"https:\/\/www.purejewels.com\/"},{"@type":"ListItem","position":2,"name":"Shop","item":"https:\/\/www.purejewels.com\/shop\/"},{"@type":"ListItem","position":3,"name":"18ct Gold Diamond Studs"}]},{"@type":"WebSite","@id":"https:\/\/www.purejewels.com\/#website","url":"https:\/\/www.purejewels.com\/","name":"PureJewels UK","description":"Teile die Liebe","publisher":{"@id":"https:\/\/www.purejewels.com\/#organization"},"potentialAction":[{"@type":"SearchAction","target":{"@type":"EntryPoint","urlTemplate":"https:\/\/www.purejewels.com\/?s={search_term_string}"},"query-input":{"@type":"PropertyValueSpecification","valueRequired":true,"valueName":"search_term_string"}}],"inLanguage":"de"},{"@type":"Organization","@id":"https:\/\/www.purejewels.com\/#organization","name":"PureJewels UK","url":"https:\/\/www.purejewels.com\/","logo":{"@type":"ImageObject","inLanguage":"de","@id":"https:\/\/www.purejewels.com\/#\/schema\/logo\/image\/","url":"https:\/\/static.purejewels.com\/wp-content\/uploads\/2020\/11\/Logo-PJ-New-1.png","contentUrl":"https:\/\/static.purejewels.com\/wp-content\/uploads\/2020\/11\/Logo-PJ-New-1.png","width":150,"height":80,"caption":"PureJewels UK"},"image":{"@id":"https:\/\/www.purejewels.com\/#\/schema\/logo\/image\/"}}]}},"_links":{"self":[{"href":"https:\/\/www.purejewels.com\/de\/wp-json\/wp\/v2\/product\/351268","targetHints":{"allow":["GET"]}}],"collection":[{"href":"https:\/\/www.purejewels.com\/de\/wp-json\/wp\/v2\/product"}],"about":[{"href":"https:\/\/www.purejewels.com\/de\/wp-json\/wp\/v2\/types\/product"}],"replies":[{"embeddable":true,"href":"https:\/\/www.purejewels.com\/de\/wp-json\/wp\/v2\/comments?post=351268"}],"version-history":[{"count":4,"href":"https:\/\/www.purejewels.com\/de\/wp-json\/wp\/v2\/product\/351268\/revisions"}],"predecessor-version":[{"id":400554,"href":"https:\/\/www.purejewels.com\/de\/wp-json\/wp\/v2\/product\/351268\/revisions\/400554"}],"wp:featuredmedia":[{"embeddable":true,"href":"https:\/\/www.purejewels.com\/de\/wp-json\/wp\/v2\/media\/351358"}],"wp:attachment":[{"href":"https:\/\/www.purejewels.com\/de\/wp-json\/wp\/v2\/media?parent=351268"}],"wp:term":[{"taxonomy":"product_brand","embeddable":true,"href":"https:\/\/www.purejewels.com\/de\/wp-json\/wp\/v2\/product_brand?post=351268"},{"taxonomy":"product_cat","embeddable":true,"href":"https:\/\/www.purejewels.com\/de\/wp-json\/wp\/v2\/product_cat?post=351268"},{"taxonomy":"product_tag","embeddable":true,"href":"https:\/\/www.purejewels.com\/de\/wp-json\/wp\/v2\/product_tag?post=351268"}],"curies":[{"name":"wp","href":"https:\/\/api.w.org\/{rel}","templated":true}]}}