{"id":351390,"date":"2023-09-18T12:10:31","date_gmt":"2023-09-18T11:10:31","guid":{"rendered":"https:\/\/www.purejewels.com\/?post_type=product&#038;p=351390"},"modified":"2026-03-30T09:12:24","modified_gmt":"2026-03-30T08:12:24","slug":"18ct-gold-einzelstein-diamanten-ohrringe-ohrstecker-42585","status":"publish","type":"product","link":"https:\/\/www.purejewels.com\/de\/product\/18ct-gold-single-stone-diamonds-earrings-studs-42585\/","title":{"rendered":"18ct Gold Einzelstein Diamanten Ohrringe Ohrstecker"},"content":{"rendered":"<p>Suchen Sie nach dem perfekten Weihnachtsgeschenk, um Ihre Lieben in dieser Weihnachtszeit zu blenden? Suchen Sie nicht weiter als die atemberaubenden 18ct Gold Single Stone Diamond Earrings Studs von PureJewels UK.<\/p>\n<p>Diese exquisiten Ohrringe sind der Inbegriff von Eleganz und Luxus. Sie sind mit einem einzelnen, funkelnden Diamanten in einer gl\u00e4nzenden 18-kar\u00e4tigen Goldfassung besetzt. Diese Ohrringe sind perfekt geeignet, um jedem Outfit einen Hauch von Glamour zu verleihen und werden mit Sicherheit eine gesch\u00e4tzte Erg\u00e4nzung f\u00fcr jede Schmucksammlung sein.<\/p>\n<p>Ganz gleich, ob Sie f\u00fcr Ihren Partner, Ihre Schwester, Ihre Mutter oder Ihre beste Freundin einkaufen, mit diesen Diamantohrsteckern k\u00f6nnen Sie zeigen, wie viel Ihnen am Herzen liegt. Mit ihrem zeitlosen Design und hochwertigen <a href=\"https:\/\/www.purejewels.com\/de\/a-guide-to-die-stamping\/\">Handwerkskunst<\/a>Diese Ohrringe werden mit Sicherheit jahrelang getragen und gesch\u00e4tzt.<\/p>\n<p>Warum also warten? Verschenken Sie Luxus und Stil zu Weihnachten mit den 18ct Gold Single Stone Diamond Earrings Studs von PureJewels UK. Bestellen Sie sie noch heute und machen Sie die Weihnachtszeit zu etwas ganz Besonderem.<\/p>","protected":false},"excerpt":{"rendered":"<table class=\"sh_desc\" style=\"width: 100%; height: 308px;\">\n<tbody>\n<tr style=\"height: 28px;\">\n<td style=\"height: 28px;\">Art des Ohrrings<\/td>\n<td style=\"height: 28px;\">Ohrstecker<\/td>\n<\/tr>\n<tr style=\"height: 28px;\">\n<td style=\"height: 28px;\">SKU<\/td>\n<td style=\"height: 28px;\">42585<\/td>\n<\/tr>\n<tr style=\"height: 28px;\">\n<td style=\"height: 28px;\">Geschlecht<\/td>\n<td style=\"height: 28px;\">Damen<\/td>\n<\/tr>\n<tr style=\"height: 28px;\">\n<td style=\"height: 28px;\">Diamant Wt.<\/td>\n<td style=\"height: 28px;\">0,24ct<\/td>\n<\/tr>\n<tr style=\"height: 28px;\">\n<td style=\"height: 28px;\">Stein<\/td>\n<td style=\"height: 28px;\">Diamant<\/td>\n<\/tr>\n<tr style=\"height: 28px;\">\n<td style=\"height: 28px;\">Metall<\/td>\n<td style=\"height: 28px;\">18ct Wei\u00dfgold<\/td>\n<\/tr>\n<tr style=\"height: 28px;\">\n<td style=\"height: 28px;\">Entgelte<\/td>\n<td style=\"height: 28px;\">Lieferung und Mehrwertsteuer inbegriffen<\/td>\n<\/tr>\n<tr style=\"height: 28px;\">\n<td style=\"height: 28px;\">Verpackung<\/td>\n<td style=\"height: 28px;\">Mit Pr\u00e4sentationsbox<\/td>\n<\/tr>\n<tr style=\"height: 28px;\">\n<td style=\"height: 28px;\">Mehr Informationen<\/td>\n<td style=\"height: 28px;\">Live-Chat mit uns f\u00fcr die Verf\u00fcgbarkeit und mehr Bilder von Weihnachtsschmuck Geschenke<\/td>\n<\/tr>\n<\/tbody>\n<\/table>","protected":false},"featured_media":351391,"comment_status":"closed","ping_status":"closed","template":"","meta":{"_eb_attr":"","_crsspst_to_jayantr4sg-hostcom":true},"product_brand":[],"product_cat":[6086,5679,1791,1559,1794,5458,5457,1570,1577,1569,1573,5348,1574],"product_tag":[],"class_list":{"0":"post-351390","1":"product","2":"type-product","3":"status-publish","4":"has-post-thumbnail","6":"product_cat-18ct-gold-earring","7":"product_cat-18ct-gold-jewellery","8":"product_cat-anniversary-gifts","9":"product_cat-birthday-gifts","10":"product_cat-christmas-gifts","11":"product_cat-diamond-earring","12":"product_cat-diamond-jewellery","13":"product_cat-mothers-day-gifts","14":"product_cat-stud-earrings","15":"product_cat-valentine-day-gifts","16":"product_cat-wedding-gifts","17":"product_cat-white-gold-jewellery","18":"product_cat-womens-jewellery","20":"first","21":"instock","22":"taxable","23":"shipping-taxable","24":"purchasable","25":"product-type-simple","26":"add-to-wishlist-before_image"},"yoast_head":"<!-- This site is optimized with the Yoast SEO plugin v27.6 - https:\/\/yoast.com\/product\/yoast-seo-wordpress\/ -->\n<title>18ct Gold Single Stone Diamonds Earrings Studs online UK<\/title>\n<meta name=\"description\" content=\"Discover timeless elegance with this 18ct gold single diamond earring design, featuring brilliant-cut stones in classic stud settings for refined everyday luxury.\" \/>\n<meta name=\"robots\" content=\"index, follow, max-snippet:-1, max-image-preview:large, max-video-preview:-1\" \/>\n<link rel=\"canonical\" href=\"https:\/\/www.purejewels.com\/de\/produkt-2\/18ct-gold-einzelstein-diamanten-ohrringe-ohrstecker-42585\/\" \/>\n<meta property=\"og:locale\" content=\"de_DE\" \/>\n<meta property=\"og:type\" content=\"article\" \/>\n<meta property=\"og:title\" content=\"18ct Gold Single Stone Diamonds Earrings Studs online UK\" \/>\n<meta property=\"og:description\" content=\"Discover timeless elegance with this 18ct gold single diamond earring design, featuring brilliant-cut stones in classic stud settings for refined everyday luxury.\" \/>\n<meta property=\"og:url\" content=\"https:\/\/www.purejewels.com\/de\/produkt-2\/18ct-gold-einzelstein-diamanten-ohrringe-ohrstecker-42585\/\" \/>\n<meta property=\"og:site_name\" content=\"PureJewels UK\" \/>\n<meta property=\"article:modified_time\" content=\"2026-03-30T08:12:24+00:00\" \/>\n<meta property=\"og:image\" content=\"https:\/\/static.purejewels.com\/wp-content\/uploads\/2023\/09\/SKU-42585.png\" \/>\n\t<meta property=\"og:image:width\" content=\"1000\" \/>\n\t<meta property=\"og:image:height\" content=\"1000\" \/>\n\t<meta property=\"og:image:type\" content=\"image\/png\" \/>\n<meta name=\"twitter:card\" content=\"summary_large_image\" \/>\n<meta name=\"twitter:label1\" content=\"Gesch\u00e4tzte Lesezeit\" \/>\n\t<meta name=\"twitter:data1\" content=\"1\u00a0Minute\" \/>\n<script type=\"application\/ld+json\" class=\"yoast-schema-graph\">{\"@context\":\"https:\\\/\\\/schema.org\",\"@graph\":[{\"@type\":[\"WebPage\",\"ItemPage\"],\"@id\":\"https:\\\/\\\/www.purejewels.com\\\/product\\\/18ct-gold-single-stone-diamonds-earrings-studs-42585\\\/\",\"url\":\"https:\\\/\\\/www.purejewels.com\\\/product\\\/18ct-gold-single-stone-diamonds-earrings-studs-42585\\\/\",\"name\":\"18ct Gold Single Stone Diamonds Earrings Studs online UK\",\"isPartOf\":{\"@id\":\"https:\\\/\\\/www.purejewels.com\\\/#website\"},\"primaryImageOfPage\":{\"@id\":\"https:\\\/\\\/www.purejewels.com\\\/product\\\/18ct-gold-single-stone-diamonds-earrings-studs-42585\\\/#primaryimage\"},\"image\":{\"@id\":\"https:\\\/\\\/www.purejewels.com\\\/product\\\/18ct-gold-single-stone-diamonds-earrings-studs-42585\\\/#primaryimage\"},\"thumbnailUrl\":\"https:\\\/\\\/static.purejewels.com\\\/wp-content\\\/uploads\\\/2023\\\/09\\\/SKU-42585.png\",\"datePublished\":\"2023-09-18T11:10:31+00:00\",\"dateModified\":\"2026-03-30T08:12:24+00:00\",\"description\":\"Discover timeless elegance with this 18ct gold single diamond earring design, featuring brilliant-cut stones in classic stud settings for refined everyday luxury.\",\"breadcrumb\":{\"@id\":\"https:\\\/\\\/www.purejewels.com\\\/product\\\/18ct-gold-single-stone-diamonds-earrings-studs-42585\\\/#breadcrumb\"},\"inLanguage\":\"de\",\"potentialAction\":[{\"@type\":\"ReadAction\",\"target\":[\"https:\\\/\\\/www.purejewels.com\\\/product\\\/18ct-gold-single-stone-diamonds-earrings-studs-42585\\\/\"]}]},{\"@type\":\"ImageObject\",\"inLanguage\":\"de\",\"@id\":\"https:\\\/\\\/www.purejewels.com\\\/product\\\/18ct-gold-single-stone-diamonds-earrings-studs-42585\\\/#primaryimage\",\"url\":\"https:\\\/\\\/static.purejewels.com\\\/wp-content\\\/uploads\\\/2023\\\/09\\\/SKU-42585.png\",\"contentUrl\":\"https:\\\/\\\/static.purejewels.com\\\/wp-content\\\/uploads\\\/2023\\\/09\\\/SKU-42585.png\",\"width\":1000,\"height\":1000,\"caption\":\"18ct Gold Single Stone Diamonds Earrings Studs\"},{\"@type\":\"BreadcrumbList\",\"@id\":\"https:\\\/\\\/www.purejewels.com\\\/product\\\/18ct-gold-single-stone-diamonds-earrings-studs-42585\\\/#breadcrumb\",\"itemListElement\":[{\"@type\":\"ListItem\",\"position\":1,\"name\":\"Home\",\"item\":\"https:\\\/\\\/www.purejewels.com\\\/\"},{\"@type\":\"ListItem\",\"position\":2,\"name\":\"Shop\",\"item\":\"https:\\\/\\\/www.purejewels.com\\\/shop\\\/\"},{\"@type\":\"ListItem\",\"position\":3,\"name\":\"18ct Gold Single Stone Diamonds Earrings Studs\"}]},{\"@type\":\"WebSite\",\"@id\":\"https:\\\/\\\/www.purejewels.com\\\/#website\",\"url\":\"https:\\\/\\\/www.purejewels.com\\\/\",\"name\":\"PureJewels UK\",\"description\":\"Share the Love\",\"publisher\":{\"@id\":\"https:\\\/\\\/www.purejewels.com\\\/#organization\"},\"potentialAction\":[{\"@type\":\"SearchAction\",\"target\":{\"@type\":\"EntryPoint\",\"urlTemplate\":\"https:\\\/\\\/www.purejewels.com\\\/?s={search_term_string}\"},\"query-input\":{\"@type\":\"PropertyValueSpecification\",\"valueRequired\":true,\"valueName\":\"search_term_string\"}}],\"inLanguage\":\"de\"},{\"@type\":\"Organization\",\"@id\":\"https:\\\/\\\/www.purejewels.com\\\/#organization\",\"name\":\"PureJewels UK\",\"url\":\"https:\\\/\\\/www.purejewels.com\\\/\",\"logo\":{\"@type\":\"ImageObject\",\"inLanguage\":\"de\",\"@id\":\"https:\\\/\\\/www.purejewels.com\\\/#\\\/schema\\\/logo\\\/image\\\/\",\"url\":\"https:\\\/\\\/static.purejewels.com\\\/wp-content\\\/uploads\\\/2020\\\/11\\\/Logo-PJ-New-1.png\",\"contentUrl\":\"https:\\\/\\\/static.purejewels.com\\\/wp-content\\\/uploads\\\/2020\\\/11\\\/Logo-PJ-New-1.png\",\"width\":150,\"height\":80,\"caption\":\"PureJewels UK\"},\"image\":{\"@id\":\"https:\\\/\\\/www.purejewels.com\\\/#\\\/schema\\\/logo\\\/image\\\/\"}}]}<\/script>\n<!-- \/ Yoast SEO plugin. -->","yoast_head_json":{"title":"18ct Gold Einzelstein Diamanten Ohrringe Ohrstecker online UK","description":"Entdecken Sie zeitlose Eleganz mit diesem Ohrring aus 18-kar\u00e4tigem Gold mit Brillanten in klassischen Ohrstecker-Fassungen f\u00fcr raffinierten Luxus im Alltag.","robots":{"index":"index","follow":"follow","max-snippet":"max-snippet:-1","max-image-preview":"max-image-preview:large","max-video-preview":"max-video-preview:-1"},"canonical":"https:\/\/www.purejewels.com\/de\/produkt-2\/18ct-gold-einzelstein-diamanten-ohrringe-ohrstecker-42585\/","og_locale":"de_DE","og_type":"article","og_title":"18ct Gold Single Stone Diamonds Earrings Studs online UK","og_description":"Discover timeless elegance with this 18ct gold single diamond earring design, featuring brilliant-cut stones in classic stud settings for refined everyday luxury.","og_url":"https:\/\/www.purejewels.com\/de\/produkt-2\/18ct-gold-einzelstein-diamanten-ohrringe-ohrstecker-42585\/","og_site_name":"PureJewels UK","article_modified_time":"2026-03-30T08:12:24+00:00","og_image":[{"width":1000,"height":1000,"url":"https:\/\/static.purejewels.com\/wp-content\/uploads\/2023\/09\/SKU-42585.png","type":"image\/png"}],"twitter_card":"summary_large_image","twitter_misc":{"Gesch\u00e4tzte Lesezeit":"1\u00a0Minute"},"schema":{"@context":"https:\/\/schema.org","@graph":[{"@type":["WebPage","ItemPage"],"@id":"https:\/\/www.purejewels.com\/product\/18ct-gold-single-stone-diamonds-earrings-studs-42585\/","url":"https:\/\/www.purejewels.com\/product\/18ct-gold-single-stone-diamonds-earrings-studs-42585\/","name":"18ct Gold Einzelstein Diamanten Ohrringe Ohrstecker online UK","isPartOf":{"@id":"https:\/\/www.purejewels.com\/#website"},"primaryImageOfPage":{"@id":"https:\/\/www.purejewels.com\/product\/18ct-gold-single-stone-diamonds-earrings-studs-42585\/#primaryimage"},"image":{"@id":"https:\/\/www.purejewels.com\/product\/18ct-gold-single-stone-diamonds-earrings-studs-42585\/#primaryimage"},"thumbnailUrl":"https:\/\/static.purejewels.com\/wp-content\/uploads\/2023\/09\/SKU-42585.png","datePublished":"2023-09-18T11:10:31+00:00","dateModified":"2026-03-30T08:12:24+00:00","description":"Entdecken Sie zeitlose Eleganz mit diesem Ohrring aus 18-kar\u00e4tigem Gold mit Brillanten in klassischen Ohrstecker-Fassungen f\u00fcr raffinierten Luxus im Alltag.","breadcrumb":{"@id":"https:\/\/www.purejewels.com\/product\/18ct-gold-single-stone-diamonds-earrings-studs-42585\/#breadcrumb"},"inLanguage":"de","potentialAction":[{"@type":"ReadAction","target":["https:\/\/www.purejewels.com\/product\/18ct-gold-single-stone-diamonds-earrings-studs-42585\/"]}]},{"@type":"ImageObject","inLanguage":"de","@id":"https:\/\/www.purejewels.com\/product\/18ct-gold-single-stone-diamonds-earrings-studs-42585\/#primaryimage","url":"https:\/\/static.purejewels.com\/wp-content\/uploads\/2023\/09\/SKU-42585.png","contentUrl":"https:\/\/static.purejewels.com\/wp-content\/uploads\/2023\/09\/SKU-42585.png","width":1000,"height":1000,"caption":"18ct Gold Single Stone Diamonds Earrings Studs"},{"@type":"BreadcrumbList","@id":"https:\/\/www.purejewels.com\/product\/18ct-gold-single-stone-diamonds-earrings-studs-42585\/#breadcrumb","itemListElement":[{"@type":"ListItem","position":1,"name":"Home","item":"https:\/\/www.purejewels.com\/"},{"@type":"ListItem","position":2,"name":"Shop","item":"https:\/\/www.purejewels.com\/shop\/"},{"@type":"ListItem","position":3,"name":"18ct Gold Single Stone Diamonds Earrings Studs"}]},{"@type":"WebSite","@id":"https:\/\/www.purejewels.com\/#website","url":"https:\/\/www.purejewels.com\/","name":"PureJewels UK","description":"Teile die Liebe","publisher":{"@id":"https:\/\/www.purejewels.com\/#organization"},"potentialAction":[{"@type":"SearchAction","target":{"@type":"EntryPoint","urlTemplate":"https:\/\/www.purejewels.com\/?s={search_term_string}"},"query-input":{"@type":"PropertyValueSpecification","valueRequired":true,"valueName":"search_term_string"}}],"inLanguage":"de"},{"@type":"Organization","@id":"https:\/\/www.purejewels.com\/#organization","name":"PureJewels UK","url":"https:\/\/www.purejewels.com\/","logo":{"@type":"ImageObject","inLanguage":"de","@id":"https:\/\/www.purejewels.com\/#\/schema\/logo\/image\/","url":"https:\/\/static.purejewels.com\/wp-content\/uploads\/2020\/11\/Logo-PJ-New-1.png","contentUrl":"https:\/\/static.purejewels.com\/wp-content\/uploads\/2020\/11\/Logo-PJ-New-1.png","width":150,"height":80,"caption":"PureJewels UK"},"image":{"@id":"https:\/\/www.purejewels.com\/#\/schema\/logo\/image\/"}}]}},"_links":{"self":[{"href":"https:\/\/www.purejewels.com\/de\/wp-json\/wp\/v2\/product\/351390","targetHints":{"allow":["GET"]}}],"collection":[{"href":"https:\/\/www.purejewels.com\/de\/wp-json\/wp\/v2\/product"}],"about":[{"href":"https:\/\/www.purejewels.com\/de\/wp-json\/wp\/v2\/types\/product"}],"replies":[{"embeddable":true,"href":"https:\/\/www.purejewels.com\/de\/wp-json\/wp\/v2\/comments?post=351390"}],"version-history":[{"count":4,"href":"https:\/\/www.purejewels.com\/de\/wp-json\/wp\/v2\/product\/351390\/revisions"}],"predecessor-version":[{"id":400550,"href":"https:\/\/www.purejewels.com\/de\/wp-json\/wp\/v2\/product\/351390\/revisions\/400550"}],"wp:featuredmedia":[{"embeddable":true,"href":"https:\/\/www.purejewels.com\/de\/wp-json\/wp\/v2\/media\/351391"}],"wp:attachment":[{"href":"https:\/\/www.purejewels.com\/de\/wp-json\/wp\/v2\/media?parent=351390"}],"wp:term":[{"taxonomy":"product_brand","embeddable":true,"href":"https:\/\/www.purejewels.com\/de\/wp-json\/wp\/v2\/product_brand?post=351390"},{"taxonomy":"product_cat","embeddable":true,"href":"https:\/\/www.purejewels.com\/de\/wp-json\/wp\/v2\/product_cat?post=351390"},{"taxonomy":"product_tag","embeddable":true,"href":"https:\/\/www.purejewels.com\/de\/wp-json\/wp\/v2\/product_tag?post=351390"}],"curies":[{"name":"wp","href":"https:\/\/api.w.org\/{rel}","templated":true}]}}