{"id":351399,"date":"2023-09-18T12:24:20","date_gmt":"2023-09-18T11:24:20","guid":{"rendered":"https:\/\/www.purejewels.com\/?post_type=product&#038;p=351399"},"modified":"2025-05-22T11:25:04","modified_gmt":"2025-05-22T10:25:04","slug":"22-kt-gold-ohrring-mit-cz-1718","status":"publish","type":"product","link":"https:\/\/www.purejewels.com\/de\/product\/22ct-gold-hoop-earring-with-cz-1718\/","title":{"rendered":"18ct Gold Diamanten Hoop Ohrringe mit zwei T\u00f6nen"},"content":{"rendered":"<p><strong>18K Gold Diamant <a href=\"https:\/\/www.purejewels.com\/de\/product\/22kt-gold-daily-wear-hoop-earring-41670\/\">Reif-Ohrringe<\/a><\/strong><\/p>\n<p>Entdecken Sie Eleganz und Raffinesse mit diesen 18K Gold <a href=\"https:\/\/www.purejewels.com\/de\/product\/timeless-classics-22ct-gold-earring-25878\/\">Reifenohrringe f\u00fcr Frauen<\/a>Ein atemberaubendes St\u00fcck, das sich ideal als zeitlose Erg\u00e4nzung zu Ihrer Schmucksammlung eignet.<\/p>\n<p>Mit ihrem auff\u00e4lligen zweifarbigen Design vereinen diese Creolen Gelb- und Wei\u00dfgold, die durch eine Rhodinierung f\u00fcr ein modernes, vielseitiges Finish veredelt werden. Jeder Diamant wird von erfahrenen Kunsthandwerkern sorgf\u00e4ltig von Hand gefasst, um eine unvergleichliche Brillanz und eine sichere Platzierung zu gew\u00e4hrleisten. Diese Ohrringe werden in einem hochwertigen 18-kar\u00e4tigen Goldgussverfahren hergestellt und bieten eine au\u00dfergew\u00f6hnliche Haltbarkeit und einen makellosen, polierten Look.<\/p>\n<p>Diese Ohrringe sind perfekt f\u00fcr Hochzeiten, Geburtstage oder Jubil\u00e4en. Sie vereinen Luxus und Vielseitigkeit und sind das ultimative Geschenk f\u00fcr die besonderen Momente im Leben.<\/p>\n<ul>\n<li>SKU. 1718<\/li>\n<\/ul>","protected":false},"excerpt":{"rendered":"<table class=\"sh_desc\" style=\"width: 100%; height: 308px;\">\n<tbody>\n<tr style=\"height: 28px;\">\n<td style=\"height: 28px;\">Art des Ohrrings<\/td>\n<td style=\"height: 28px;\">Reif-Ohrring<\/td>\n<\/tr>\n<tr style=\"height: 28px;\">\n<td style=\"height: 28px;\">SKU<\/td>\n<td style=\"height: 28px;\">1718<\/td>\n<\/tr>\n<tr style=\"height: 28px;\">\n<td style=\"height: 28px;\">Geschlecht<\/td>\n<td style=\"height: 28px;\">Damen<\/td>\n<\/tr>\n<tr style=\"height: 28px;\">\n<td style=\"height: 28px;\">Gewicht<\/td>\n<td style=\"height: 28px;\">3.6 Gms<\/td>\n<\/tr>\n<tr style=\"height: 28px;\">\n<td style=\"height: 28px;\">Gewicht des Diamanten<\/td>\n<td style=\"height: 28px;\">0,25ct<\/td>\n<\/tr>\n<tr style=\"height: 28px;\">\n<td style=\"height: 28px;\">Metall<\/td>\n<td style=\"height: 28px;\">18ct Gold<\/td>\n<\/tr>\n<tr style=\"height: 28px;\">\n<td style=\"height: 28px;\">Entgelte<\/td>\n<td style=\"height: 28px;\">Lieferung und Mehrwertsteuer inbegriffen<\/td>\n<\/tr>\n<tr style=\"height: 28px;\">\n<td style=\"height: 28px;\">Verpackung<\/td>\n<td style=\"height: 28px;\">Mit Pr\u00e4sentationsbox<\/td>\n<\/tr>\n<tr style=\"height: 28px;\">\n<td style=\"height: 28px;\">Mehr Informationen<\/td>\n<td style=\"height: 28px;\">Live-Chat mit uns f\u00fcr Verf\u00fcgbarkeit und mehr Bilder<\/td>\n<\/tr>\n<\/tbody>\n<\/table>","protected":false},"featured_media":351400,"comment_status":"closed","ping_status":"closed","template":"","meta":{"_eb_attr":"","_crsspst_to_jayantr4sg-hostcom":true},"product_brand":[],"product_cat":[1791,1559,5458,5457,1793,1254,1579,5347,1570,1573,1574,5349],"product_tag":[],"class_list":{"0":"post-351399","1":"product","2":"type-product","3":"status-publish","4":"has-post-thumbnail","6":"product_cat-anniversary-gifts","7":"product_cat-birthday-gifts","8":"product_cat-diamond-earring","9":"product_cat-diamond-jewellery","10":"product_cat-diwali-gifts","11":"product_cat-gold-earrings","12":"product_cat-hoop-earrings","13":"product_cat-shop-by-metal","14":"product_cat-mothers-day-gifts","15":"product_cat-wedding-gifts","16":"product_cat-womens-jewellery","17":"product_cat-yellow-gold-jewellery","19":"first","20":"outofstock","21":"sale","22":"taxable","23":"shipping-taxable","24":"product-type-simple","25":"add-to-wishlist-before_image"},"yoast_head":"<!-- This site is optimized with the Yoast SEO plugin v27.3 - https:\/\/yoast.com\/product\/yoast-seo-wordpress\/ -->\n<title>Explore 18ct Gold Diamond Hoop Earrings Online, Purejewels UK<\/title>\n<meta name=\"description\" content=\"Purejewels - Elevate your style with 18K Gold Diamond Hoop Earrings featuring real diamonds and a stunning two-tone yellow and white gold design.\" \/>\n<meta name=\"robots\" content=\"index, follow, max-snippet:-1, max-image-preview:large, max-video-preview:-1\" \/>\n<link rel=\"canonical\" href=\"https:\/\/www.purejewels.com\/de\/produkt-2\/22-kt-gold-ohrring-mit-cz-1718\/\" \/>\n<meta property=\"og:locale\" content=\"de_DE\" \/>\n<meta property=\"og:type\" content=\"article\" \/>\n<meta property=\"og:title\" content=\"Explore 18ct Gold Diamond Hoop Earrings Online, Purejewels UK\" \/>\n<meta property=\"og:description\" content=\"Purejewels - Elevate your style with 18K Gold Diamond Hoop Earrings featuring real diamonds and a stunning two-tone yellow and white gold design.\" \/>\n<meta property=\"og:url\" content=\"https:\/\/www.purejewels.com\/de\/produkt-2\/22-kt-gold-ohrring-mit-cz-1718\/\" \/>\n<meta property=\"og:site_name\" content=\"PureJewels UK\" \/>\n<meta property=\"article:modified_time\" content=\"2025-05-22T10:25:04+00:00\" \/>\n<meta property=\"og:image\" content=\"https:\/\/www.purejewels.com\/wp-content\/uploads\/2023\/09\/SKU-1718.png\" \/>\n\t<meta property=\"og:image:width\" content=\"1000\" \/>\n\t<meta property=\"og:image:height\" content=\"1000\" \/>\n\t<meta property=\"og:image:type\" content=\"image\/png\" \/>\n<meta name=\"twitter:card\" content=\"summary_large_image\" \/>\n<meta name=\"twitter:label1\" content=\"Gesch\u00e4tzte Lesezeit\" \/>\n\t<meta name=\"twitter:data1\" content=\"1\u00a0Minute\" \/>\n<script type=\"application\/ld+json\" class=\"yoast-schema-graph\">{\"@context\":\"https:\\\/\\\/schema.org\",\"@graph\":[{\"@type\":[\"WebPage\",\"ItemPage\"],\"@id\":\"https:\\\/\\\/www.purejewels.com\\\/product\\\/22ct-gold-hoop-earring-with-cz-1718\\\/\",\"url\":\"https:\\\/\\\/www.purejewels.com\\\/product\\\/22ct-gold-hoop-earring-with-cz-1718\\\/\",\"name\":\"Explore 18ct Gold Diamond Hoop Earrings Online, Purejewels UK\",\"isPartOf\":{\"@id\":\"https:\\\/\\\/www.purejewels.com\\\/#website\"},\"primaryImageOfPage\":{\"@id\":\"https:\\\/\\\/www.purejewels.com\\\/product\\\/22ct-gold-hoop-earring-with-cz-1718\\\/#primaryimage\"},\"image\":{\"@id\":\"https:\\\/\\\/www.purejewels.com\\\/product\\\/22ct-gold-hoop-earring-with-cz-1718\\\/#primaryimage\"},\"thumbnailUrl\":\"https:\\\/\\\/static.purejewels.com\\\/wp-content\\\/uploads\\\/2023\\\/09\\\/SKU-1718.png\",\"datePublished\":\"2023-09-18T11:24:20+00:00\",\"dateModified\":\"2025-05-22T10:25:04+00:00\",\"description\":\"Purejewels - Elevate your style with 18K Gold Diamond Hoop Earrings featuring real diamonds and a stunning two-tone yellow and white gold design.\",\"breadcrumb\":{\"@id\":\"https:\\\/\\\/www.purejewels.com\\\/product\\\/22ct-gold-hoop-earring-with-cz-1718\\\/#breadcrumb\"},\"inLanguage\":\"de\",\"potentialAction\":[{\"@type\":\"ReadAction\",\"target\":[\"https:\\\/\\\/www.purejewels.com\\\/product\\\/22ct-gold-hoop-earring-with-cz-1718\\\/\"]}]},{\"@type\":\"ImageObject\",\"inLanguage\":\"de\",\"@id\":\"https:\\\/\\\/www.purejewels.com\\\/product\\\/22ct-gold-hoop-earring-with-cz-1718\\\/#primaryimage\",\"url\":\"https:\\\/\\\/static.purejewels.com\\\/wp-content\\\/uploads\\\/2023\\\/09\\\/SKU-1718.png\",\"contentUrl\":\"https:\\\/\\\/static.purejewels.com\\\/wp-content\\\/uploads\\\/2023\\\/09\\\/SKU-1718.png\",\"width\":1000,\"height\":1000,\"caption\":\"22ct Gold Hoop Earring with CZ\"},{\"@type\":\"BreadcrumbList\",\"@id\":\"https:\\\/\\\/www.purejewels.com\\\/product\\\/22ct-gold-hoop-earring-with-cz-1718\\\/#breadcrumb\",\"itemListElement\":[{\"@type\":\"ListItem\",\"position\":1,\"name\":\"Home\",\"item\":\"https:\\\/\\\/www.purejewels.com\\\/\"},{\"@type\":\"ListItem\",\"position\":2,\"name\":\"Shop\",\"item\":\"https:\\\/\\\/www.purejewels.com\\\/shop\\\/\"},{\"@type\":\"ListItem\",\"position\":3,\"name\":\"18ct Gold Diamonds Hoop Earrings with Two Tone\"}]},{\"@type\":\"WebSite\",\"@id\":\"https:\\\/\\\/www.purejewels.com\\\/#website\",\"url\":\"https:\\\/\\\/www.purejewels.com\\\/\",\"name\":\"PureJewels UK\",\"description\":\"Share the Love\",\"publisher\":{\"@id\":\"https:\\\/\\\/www.purejewels.com\\\/#organization\"},\"potentialAction\":[{\"@type\":\"SearchAction\",\"target\":{\"@type\":\"EntryPoint\",\"urlTemplate\":\"https:\\\/\\\/www.purejewels.com\\\/?s={search_term_string}\"},\"query-input\":{\"@type\":\"PropertyValueSpecification\",\"valueRequired\":true,\"valueName\":\"search_term_string\"}}],\"inLanguage\":\"de\"},{\"@type\":\"Organization\",\"@id\":\"https:\\\/\\\/www.purejewels.com\\\/#organization\",\"name\":\"PureJewels UK\",\"url\":\"https:\\\/\\\/www.purejewels.com\\\/\",\"logo\":{\"@type\":\"ImageObject\",\"inLanguage\":\"de\",\"@id\":\"https:\\\/\\\/www.purejewels.com\\\/#\\\/schema\\\/logo\\\/image\\\/\",\"url\":\"https:\\\/\\\/static.purejewels.com\\\/wp-content\\\/uploads\\\/2020\\\/11\\\/Logo-PJ-New-1.png\",\"contentUrl\":\"https:\\\/\\\/static.purejewels.com\\\/wp-content\\\/uploads\\\/2020\\\/11\\\/Logo-PJ-New-1.png\",\"width\":150,\"height\":80,\"caption\":\"PureJewels UK\"},\"image\":{\"@id\":\"https:\\\/\\\/www.purejewels.com\\\/#\\\/schema\\\/logo\\\/image\\\/\"}}]}<\/script>\n<!-- \/ Yoast SEO plugin. -->","yoast_head_json":{"title":"Entdecken Sie 18ct Gold Diamond Hoop Earrings Online, Purejewels UK","description":"Purejewels - Erh\u00f6hen Sie Ihren Stil mit 18K Gold Diamond Hoop Earrings mit echten Diamanten und einem atemberaubenden zweifarbigen Design aus Gelb- und Wei\u00dfgold.","robots":{"index":"index","follow":"follow","max-snippet":"max-snippet:-1","max-image-preview":"max-image-preview:large","max-video-preview":"max-video-preview:-1"},"canonical":"https:\/\/www.purejewels.com\/de\/produkt-2\/22-kt-gold-ohrring-mit-cz-1718\/","og_locale":"de_DE","og_type":"article","og_title":"Explore 18ct Gold Diamond Hoop Earrings Online, Purejewels UK","og_description":"Purejewels - Elevate your style with 18K Gold Diamond Hoop Earrings featuring real diamonds and a stunning two-tone yellow and white gold design.","og_url":"https:\/\/www.purejewels.com\/de\/produkt-2\/22-kt-gold-ohrring-mit-cz-1718\/","og_site_name":"PureJewels UK","article_modified_time":"2025-05-22T10:25:04+00:00","og_image":[{"width":1000,"height":1000,"url":"https:\/\/www.purejewels.com\/wp-content\/uploads\/2023\/09\/SKU-1718.png","type":"image\/png"}],"twitter_card":"summary_large_image","twitter_misc":{"Gesch\u00e4tzte Lesezeit":"1\u00a0Minute"},"schema":{"@context":"https:\/\/schema.org","@graph":[{"@type":["WebPage","ItemPage"],"@id":"https:\/\/www.purejewels.com\/product\/22ct-gold-hoop-earring-with-cz-1718\/","url":"https:\/\/www.purejewels.com\/product\/22ct-gold-hoop-earring-with-cz-1718\/","name":"Entdecken Sie 18ct Gold Diamond Hoop Earrings Online, Purejewels UK","isPartOf":{"@id":"https:\/\/www.purejewels.com\/#website"},"primaryImageOfPage":{"@id":"https:\/\/www.purejewels.com\/product\/22ct-gold-hoop-earring-with-cz-1718\/#primaryimage"},"image":{"@id":"https:\/\/www.purejewels.com\/product\/22ct-gold-hoop-earring-with-cz-1718\/#primaryimage"},"thumbnailUrl":"https:\/\/static.purejewels.com\/wp-content\/uploads\/2023\/09\/SKU-1718.png","datePublished":"2023-09-18T11:24:20+00:00","dateModified":"2025-05-22T10:25:04+00:00","description":"Purejewels - Erh\u00f6hen Sie Ihren Stil mit 18K Gold Diamond Hoop Earrings mit echten Diamanten und einem atemberaubenden zweifarbigen Design aus Gelb- und Wei\u00dfgold.","breadcrumb":{"@id":"https:\/\/www.purejewels.com\/product\/22ct-gold-hoop-earring-with-cz-1718\/#breadcrumb"},"inLanguage":"de","potentialAction":[{"@type":"ReadAction","target":["https:\/\/www.purejewels.com\/product\/22ct-gold-hoop-earring-with-cz-1718\/"]}]},{"@type":"ImageObject","inLanguage":"de","@id":"https:\/\/www.purejewels.com\/product\/22ct-gold-hoop-earring-with-cz-1718\/#primaryimage","url":"https:\/\/static.purejewels.com\/wp-content\/uploads\/2023\/09\/SKU-1718.png","contentUrl":"https:\/\/static.purejewels.com\/wp-content\/uploads\/2023\/09\/SKU-1718.png","width":1000,"height":1000,"caption":"22ct Gold Hoop Earring with CZ"},{"@type":"BreadcrumbList","@id":"https:\/\/www.purejewels.com\/product\/22ct-gold-hoop-earring-with-cz-1718\/#breadcrumb","itemListElement":[{"@type":"ListItem","position":1,"name":"Home","item":"https:\/\/www.purejewels.com\/"},{"@type":"ListItem","position":2,"name":"Shop","item":"https:\/\/www.purejewels.com\/shop\/"},{"@type":"ListItem","position":3,"name":"18ct Gold Diamonds Hoop Earrings with Two Tone"}]},{"@type":"WebSite","@id":"https:\/\/www.purejewels.com\/#website","url":"https:\/\/www.purejewels.com\/","name":"PureJewels UK","description":"Teile die Liebe","publisher":{"@id":"https:\/\/www.purejewels.com\/#organization"},"potentialAction":[{"@type":"SearchAction","target":{"@type":"EntryPoint","urlTemplate":"https:\/\/www.purejewels.com\/?s={search_term_string}"},"query-input":{"@type":"PropertyValueSpecification","valueRequired":true,"valueName":"search_term_string"}}],"inLanguage":"de"},{"@type":"Organization","@id":"https:\/\/www.purejewels.com\/#organization","name":"PureJewels UK","url":"https:\/\/www.purejewels.com\/","logo":{"@type":"ImageObject","inLanguage":"de","@id":"https:\/\/www.purejewels.com\/#\/schema\/logo\/image\/","url":"https:\/\/static.purejewels.com\/wp-content\/uploads\/2020\/11\/Logo-PJ-New-1.png","contentUrl":"https:\/\/static.purejewels.com\/wp-content\/uploads\/2020\/11\/Logo-PJ-New-1.png","width":150,"height":80,"caption":"PureJewels UK"},"image":{"@id":"https:\/\/www.purejewels.com\/#\/schema\/logo\/image\/"}}]}},"_links":{"self":[{"href":"https:\/\/www.purejewels.com\/de\/wp-json\/wp\/v2\/product\/351399","targetHints":{"allow":["GET"]}}],"collection":[{"href":"https:\/\/www.purejewels.com\/de\/wp-json\/wp\/v2\/product"}],"about":[{"href":"https:\/\/www.purejewels.com\/de\/wp-json\/wp\/v2\/types\/product"}],"replies":[{"embeddable":true,"href":"https:\/\/www.purejewels.com\/de\/wp-json\/wp\/v2\/comments?post=351399"}],"version-history":[{"count":3,"href":"https:\/\/www.purejewels.com\/de\/wp-json\/wp\/v2\/product\/351399\/revisions"}],"predecessor-version":[{"id":375925,"href":"https:\/\/www.purejewels.com\/de\/wp-json\/wp\/v2\/product\/351399\/revisions\/375925"}],"wp:featuredmedia":[{"embeddable":true,"href":"https:\/\/www.purejewels.com\/de\/wp-json\/wp\/v2\/media\/351400"}],"wp:attachment":[{"href":"https:\/\/www.purejewels.com\/de\/wp-json\/wp\/v2\/media?parent=351399"}],"wp:term":[{"taxonomy":"product_brand","embeddable":true,"href":"https:\/\/www.purejewels.com\/de\/wp-json\/wp\/v2\/product_brand?post=351399"},{"taxonomy":"product_cat","embeddable":true,"href":"https:\/\/www.purejewels.com\/de\/wp-json\/wp\/v2\/product_cat?post=351399"},{"taxonomy":"product_tag","embeddable":true,"href":"https:\/\/www.purejewels.com\/de\/wp-json\/wp\/v2\/product_tag?post=351399"}],"curies":[{"name":"wp","href":"https:\/\/api.w.org\/{rel}","templated":true}]}}