{"id":351625,"date":"2024-07-14T06:40:53","date_gmt":"2024-07-14T05:40:53","guid":{"rendered":"https:\/\/www.purejewels.com\/?post_type=product&#038;p=351625"},"modified":"2026-04-07T08:33:15","modified_gmt":"2026-04-07T07:33:15","slug":"22ct-gold-om-anhanger-48435","status":"publish","type":"product","link":"https:\/\/www.purejewels.com\/de\/product\/22ct-gold-om-pendant-48435\/","title":{"rendered":"22ct Gold Om Flow Anh\u00e4nger Kette"},"content":{"rendered":"<p data-sourcepos=\"3:1-3:84\"><strong>Zelebrieren Sie Ihren Glauben und finden Sie inneren Frieden mit diesem exquisiten Om-Anh\u00e4nger aus 22 Karat Gold.<\/strong><\/p>\n<ul data-sourcepos=\"5:1-6:25\">\n<li data-sourcepos=\"5:1-5:87\">Dieser Anh\u00e4nger ist aus reinem 22-kar\u00e4tigem Gold (Reinheitsgrad 91,6%) gefertigt und hat einen reichen, warmen Glanz.<\/li>\n<li data-sourcepos=\"6:1-6:25\">Mit dem heiligen Om-Symbol, das f\u00fcr spirituelle Erleuchtung und das Universum steht.<\/li>\n<li data-sourcepos=\"7:1-7:92\">Dieses bedeutungsvolle St\u00fcck dient als Erinnerung an inneren Frieden und die Verbindung zu einer h\u00f6heren Macht, f\u00fcr Sie oder einen geliebten Menschen.<\/li>\n<\/ul>\n<p data-sourcepos=\"9:1-9:27\"><strong>Spezifikationen des Anh\u00e4ngers:<\/strong><\/p>\n<ul data-sourcepos=\"11:1-12:1\">\n<li data-sourcepos=\"11:1-11:36\">Material: 22 Karat Gold (Reinheit 91,6%)<\/li>\n<li data-sourcepos=\"12:1-12:1\">Gewicht: 4,9 Gramm<\/li>\n<li data-sourcepos=\"13:1-13:28\">Gestaltung: Detailliertes Om-Symbol<\/li>\n<li data-sourcepos=\"14:1-14:58\">Ausf\u00fchrung: Klassisches Gelbgold<\/li>\n<li data-sourcepos=\"15:1-16:0\">Kette: Nicht enthalten<\/li>\n<\/ul>\n<p data-sourcepos=\"17:1-17:14\"><strong>Ideal f\u00fcr:<\/strong><\/p>\n<ul data-sourcepos=\"19:1-22:0\">\n<li data-sourcepos=\"19:1-19:82\">T\u00e4gliches Tragen - Die elegante Schlichtheit dieses Anh\u00e4ngers macht ihn perfekt f\u00fcr jede Gelegenheit.<\/li>\n<li data-sourcepos=\"20:1-20:96\">Spirituelle Personen - Das Om-Symbol hat im Hinduismus und in anderen Religionen eine gro\u00dfe Bedeutung.<\/li>\n<li data-sourcepos=\"21:1-22:0\">Verschenken - Ein sch\u00f6nes Geschenk f\u00fcr Geburtstage, Jahrestage oder religi\u00f6se Feste.<\/li>\n<\/ul>\n<p data-sourcepos=\"25:1-25:137\"><strong>Dieser Om-Anh\u00e4nger aus 22 Karat Gold mit einem Gewicht von 4,9 Gramm ist ein wertvolles St\u00fcck, das spirituelle Tiefe mit zeitlosem Design verbindet.<\/strong><\/p>","protected":false},"excerpt":{"rendered":"<div class=\"woocommerce-product-details__short-description\">\n<table class=\"sh_desc\">\n<tbody>\n<tr>\n<td>Typ des Anh\u00e4ngers<\/td>\n<td>Religion Anh\u00e4nger<\/td>\n<\/tr>\n<tr>\n<td>SKU<\/td>\n<td>48435<\/td>\n<\/tr>\n<tr>\n<td>Metall<\/td>\n<td>22ct Gold<\/td>\n<\/tr>\n<tr>\n<td>Wt.<\/td>\n<td>4.9 Gms<\/td>\n<\/tr>\n<tr>\n<td>Entgelte<\/td>\n<td>Lieferung und Mehrwertsteuer inbegriffen<\/td>\n<\/tr>\n<tr>\n<td>Verpackung<\/td>\n<td>Mit Pr\u00e4sentationsbox<\/td>\n<\/tr>\n<tr>\n<td>Mehr Informationen<\/td>\n<td>\n<ul>\n<li>Live-Chat mit uns f\u00fcr Verf\u00fcgbarkeit und mehr Bilder<\/li>\n<li>Sehen Sie sich unsere Sammlung von\u00a0<strong>Ketten<\/strong><\/li>\n<li><span style=\"font-family: inherit; font-size: inherit;\">Hinweis: Kette nicht inbegriffen<\/span><\/li>\n<li>Sehen Sie sich unsere Sammlung von\u00a0<strong>Anh\u00e4nger f\u00fcr M\u00e4nner<\/strong><\/li>\n<\/ul>\n<\/td>\n<\/tr>\n<\/tbody>\n<\/table>\n<\/div>\n<div class=\"btn-atc atc-slide\"><\/div>\n<div class=\"product_meta\"><\/div>","protected":false},"featured_media":366985,"comment_status":"closed","ping_status":"closed","template":"","meta":{"_eb_attr":"","_crsspst_to_jayantr4sg-hostcom":true},"product_brand":[],"product_cat":[1793,1790,1229,1255,1767,1572,1768,5347,5600,1701,1574,5349],"product_tag":[1430],"class_list":{"0":"post-351625","1":"product","2":"type-product","3":"status-publish","4":"has-post-thumbnail","6":"product_cat-diwali-gifts","7":"product_cat-for-whom-when","8":"product_cat-22ct-gold-jewellery","9":"product_cat-gold-pendants","10":"product_cat-ladies-pendants","11":"product_cat-mens-jewellery","12":"product_cat-mens-pendants","13":"product_cat-shop-by-metal","14":"product_cat-om-pendants","15":"product_cat-religious-pendants","16":"product_cat-womens-jewellery","17":"product_cat-yellow-gold-jewellery","18":"product_tag-diwali-gift","20":"first","21":"outofstock","22":"taxable","23":"shipping-taxable","24":"product-type-simple","25":"add-to-wishlist-before_image"},"yoast_head":"<!-- This site is optimized with the Yoast SEO plugin v27.6 - https:\/\/yoast.com\/product\/yoast-seo-wordpress\/ -->\n<title>22ct Gold Om Pendant Chain PureJewels | Smooth Gold Om Chain<\/title>\n<meta name=\"description\" content=\"Explore a 22ct gold Om pendant chain with smooth flowing contours, designed for everyday wear and spiritual significance.\" \/>\n<meta name=\"robots\" content=\"index, follow, max-snippet:-1, max-image-preview:large, max-video-preview:-1\" \/>\n<link rel=\"canonical\" href=\"https:\/\/www.purejewels.com\/de\/produkt-2\/22ct-gold-om-anhanger-48435\/\" \/>\n<meta property=\"og:locale\" content=\"de_DE\" \/>\n<meta property=\"og:type\" content=\"article\" \/>\n<meta property=\"og:title\" content=\"22ct Gold Om Pendant Chain PureJewels | Smooth Gold Om Chain\" \/>\n<meta property=\"og:description\" content=\"Explore a 22ct gold Om pendant chain with smooth flowing contours, designed for everyday wear and spiritual significance.\" \/>\n<meta property=\"og:url\" content=\"https:\/\/www.purejewels.com\/de\/produkt-2\/22ct-gold-om-anhanger-48435\/\" \/>\n<meta property=\"og:site_name\" content=\"PureJewels UK\" \/>\n<meta property=\"article:modified_time\" content=\"2026-04-07T07:33:15+00:00\" \/>\n<meta property=\"og:image\" content=\"https:\/\/static.purejewels.com\/wp-content\/uploads\/2023\/09\/SKU-48435.png\" \/>\n\t<meta property=\"og:image:width\" content=\"1000\" \/>\n\t<meta property=\"og:image:height\" content=\"1000\" \/>\n\t<meta property=\"og:image:type\" content=\"image\/png\" \/>\n<meta name=\"twitter:card\" content=\"summary_large_image\" \/>\n<meta name=\"twitter:label1\" content=\"Gesch\u00e4tzte Lesezeit\" \/>\n\t<meta name=\"twitter:data1\" content=\"1\u00a0Minute\" \/>\n<script type=\"application\/ld+json\" class=\"yoast-schema-graph\">{\"@context\":\"https:\\\/\\\/schema.org\",\"@graph\":[{\"@type\":[\"WebPage\",\"ItemPage\"],\"@id\":\"https:\\\/\\\/www.purejewels.com\\\/product\\\/22ct-gold-om-pendant-48435\\\/\",\"url\":\"https:\\\/\\\/www.purejewels.com\\\/product\\\/22ct-gold-om-pendant-48435\\\/\",\"name\":\"22ct Gold Om Pendant Chain PureJewels | Smooth Gold Om Chain\",\"isPartOf\":{\"@id\":\"https:\\\/\\\/www.purejewels.com\\\/#website\"},\"primaryImageOfPage\":{\"@id\":\"https:\\\/\\\/www.purejewels.com\\\/product\\\/22ct-gold-om-pendant-48435\\\/#primaryimage\"},\"image\":{\"@id\":\"https:\\\/\\\/www.purejewels.com\\\/product\\\/22ct-gold-om-pendant-48435\\\/#primaryimage\"},\"thumbnailUrl\":\"https:\\\/\\\/static.purejewels.com\\\/wp-content\\\/uploads\\\/2023\\\/09\\\/SKU-48435.png\",\"datePublished\":\"2024-07-14T05:40:53+00:00\",\"dateModified\":\"2026-04-07T07:33:15+00:00\",\"description\":\"Explore a 22ct gold Om pendant chain with smooth flowing contours, designed for everyday wear and spiritual significance.\",\"breadcrumb\":{\"@id\":\"https:\\\/\\\/www.purejewels.com\\\/product\\\/22ct-gold-om-pendant-48435\\\/#breadcrumb\"},\"inLanguage\":\"de\",\"potentialAction\":[{\"@type\":\"ReadAction\",\"target\":[\"https:\\\/\\\/www.purejewels.com\\\/product\\\/22ct-gold-om-pendant-48435\\\/\"]}]},{\"@type\":\"ImageObject\",\"inLanguage\":\"de\",\"@id\":\"https:\\\/\\\/www.purejewels.com\\\/product\\\/22ct-gold-om-pendant-48435\\\/#primaryimage\",\"url\":\"https:\\\/\\\/static.purejewels.com\\\/wp-content\\\/uploads\\\/2023\\\/09\\\/SKU-48435.png\",\"contentUrl\":\"https:\\\/\\\/static.purejewels.com\\\/wp-content\\\/uploads\\\/2023\\\/09\\\/SKU-48435.png\",\"width\":1000,\"height\":1000,\"caption\":\"22ct Gold Om pendant\"},{\"@type\":\"BreadcrumbList\",\"@id\":\"https:\\\/\\\/www.purejewels.com\\\/product\\\/22ct-gold-om-pendant-48435\\\/#breadcrumb\",\"itemListElement\":[{\"@type\":\"ListItem\",\"position\":1,\"name\":\"Home\",\"item\":\"https:\\\/\\\/www.purejewels.com\\\/\"},{\"@type\":\"ListItem\",\"position\":2,\"name\":\"Shop\",\"item\":\"https:\\\/\\\/www.purejewels.com\\\/shop\\\/\"},{\"@type\":\"ListItem\",\"position\":3,\"name\":\"22ct Gold Om Flow Pendant Chain\"}]},{\"@type\":\"WebSite\",\"@id\":\"https:\\\/\\\/www.purejewels.com\\\/#website\",\"url\":\"https:\\\/\\\/www.purejewels.com\\\/\",\"name\":\"PureJewels UK\",\"description\":\"Share the Love\",\"publisher\":{\"@id\":\"https:\\\/\\\/www.purejewels.com\\\/#organization\"},\"potentialAction\":[{\"@type\":\"SearchAction\",\"target\":{\"@type\":\"EntryPoint\",\"urlTemplate\":\"https:\\\/\\\/www.purejewels.com\\\/?s={search_term_string}\"},\"query-input\":{\"@type\":\"PropertyValueSpecification\",\"valueRequired\":true,\"valueName\":\"search_term_string\"}}],\"inLanguage\":\"de\"},{\"@type\":\"Organization\",\"@id\":\"https:\\\/\\\/www.purejewels.com\\\/#organization\",\"name\":\"PureJewels UK\",\"url\":\"https:\\\/\\\/www.purejewels.com\\\/\",\"logo\":{\"@type\":\"ImageObject\",\"inLanguage\":\"de\",\"@id\":\"https:\\\/\\\/www.purejewels.com\\\/#\\\/schema\\\/logo\\\/image\\\/\",\"url\":\"https:\\\/\\\/static.purejewels.com\\\/wp-content\\\/uploads\\\/2020\\\/11\\\/Logo-PJ-New-1.png\",\"contentUrl\":\"https:\\\/\\\/static.purejewels.com\\\/wp-content\\\/uploads\\\/2020\\\/11\\\/Logo-PJ-New-1.png\",\"width\":150,\"height\":80,\"caption\":\"PureJewels UK\"},\"image\":{\"@id\":\"https:\\\/\\\/www.purejewels.com\\\/#\\\/schema\\\/logo\\\/image\\\/\"}}]}<\/script>\n<!-- \/ Yoast SEO plugin. -->","yoast_head_json":{"title":"22ct Gold Om Anh\u00e4nger Kette PureJewels | Glatte Gold Om Kette","description":"Entdecken Sie eine Om-Anh\u00e4ngerkette aus 22 Karat Gold mit sanft flie\u00dfenden Konturen, die f\u00fcr das t\u00e4gliche Tragen und die spirituelle Bedeutung konzipiert wurde.","robots":{"index":"index","follow":"follow","max-snippet":"max-snippet:-1","max-image-preview":"max-image-preview:large","max-video-preview":"max-video-preview:-1"},"canonical":"https:\/\/www.purejewels.com\/de\/produkt-2\/22ct-gold-om-anhanger-48435\/","og_locale":"de_DE","og_type":"article","og_title":"22ct Gold Om Pendant Chain PureJewels | Smooth Gold Om Chain","og_description":"Explore a 22ct gold Om pendant chain with smooth flowing contours, designed for everyday wear and spiritual significance.","og_url":"https:\/\/www.purejewels.com\/de\/produkt-2\/22ct-gold-om-anhanger-48435\/","og_site_name":"PureJewels UK","article_modified_time":"2026-04-07T07:33:15+00:00","og_image":[{"width":1000,"height":1000,"url":"https:\/\/static.purejewels.com\/wp-content\/uploads\/2023\/09\/SKU-48435.png","type":"image\/png"}],"twitter_card":"summary_large_image","twitter_misc":{"Gesch\u00e4tzte Lesezeit":"1\u00a0Minute"},"schema":{"@context":"https:\/\/schema.org","@graph":[{"@type":["WebPage","ItemPage"],"@id":"https:\/\/www.purejewels.com\/product\/22ct-gold-om-pendant-48435\/","url":"https:\/\/www.purejewels.com\/product\/22ct-gold-om-pendant-48435\/","name":"22ct Gold Om Anh\u00e4nger Kette PureJewels | Glatte Gold Om Kette","isPartOf":{"@id":"https:\/\/www.purejewels.com\/#website"},"primaryImageOfPage":{"@id":"https:\/\/www.purejewels.com\/product\/22ct-gold-om-pendant-48435\/#primaryimage"},"image":{"@id":"https:\/\/www.purejewels.com\/product\/22ct-gold-om-pendant-48435\/#primaryimage"},"thumbnailUrl":"https:\/\/static.purejewels.com\/wp-content\/uploads\/2023\/09\/SKU-48435.png","datePublished":"2024-07-14T05:40:53+00:00","dateModified":"2026-04-07T07:33:15+00:00","description":"Entdecken Sie eine Om-Anh\u00e4ngerkette aus 22 Karat Gold mit sanft flie\u00dfenden Konturen, die f\u00fcr das t\u00e4gliche Tragen und die spirituelle Bedeutung konzipiert wurde.","breadcrumb":{"@id":"https:\/\/www.purejewels.com\/product\/22ct-gold-om-pendant-48435\/#breadcrumb"},"inLanguage":"de","potentialAction":[{"@type":"ReadAction","target":["https:\/\/www.purejewels.com\/product\/22ct-gold-om-pendant-48435\/"]}]},{"@type":"ImageObject","inLanguage":"de","@id":"https:\/\/www.purejewels.com\/product\/22ct-gold-om-pendant-48435\/#primaryimage","url":"https:\/\/static.purejewels.com\/wp-content\/uploads\/2023\/09\/SKU-48435.png","contentUrl":"https:\/\/static.purejewels.com\/wp-content\/uploads\/2023\/09\/SKU-48435.png","width":1000,"height":1000,"caption":"22ct Gold Om pendant"},{"@type":"BreadcrumbList","@id":"https:\/\/www.purejewels.com\/product\/22ct-gold-om-pendant-48435\/#breadcrumb","itemListElement":[{"@type":"ListItem","position":1,"name":"Home","item":"https:\/\/www.purejewels.com\/"},{"@type":"ListItem","position":2,"name":"Shop","item":"https:\/\/www.purejewels.com\/shop\/"},{"@type":"ListItem","position":3,"name":"22ct Gold Om Flow Pendant Chain"}]},{"@type":"WebSite","@id":"https:\/\/www.purejewels.com\/#website","url":"https:\/\/www.purejewels.com\/","name":"PureJewels UK","description":"Teile die Liebe","publisher":{"@id":"https:\/\/www.purejewels.com\/#organization"},"potentialAction":[{"@type":"SearchAction","target":{"@type":"EntryPoint","urlTemplate":"https:\/\/www.purejewels.com\/?s={search_term_string}"},"query-input":{"@type":"PropertyValueSpecification","valueRequired":true,"valueName":"search_term_string"}}],"inLanguage":"de"},{"@type":"Organization","@id":"https:\/\/www.purejewels.com\/#organization","name":"PureJewels UK","url":"https:\/\/www.purejewels.com\/","logo":{"@type":"ImageObject","inLanguage":"de","@id":"https:\/\/www.purejewels.com\/#\/schema\/logo\/image\/","url":"https:\/\/static.purejewels.com\/wp-content\/uploads\/2020\/11\/Logo-PJ-New-1.png","contentUrl":"https:\/\/static.purejewels.com\/wp-content\/uploads\/2020\/11\/Logo-PJ-New-1.png","width":150,"height":80,"caption":"PureJewels UK"},"image":{"@id":"https:\/\/www.purejewels.com\/#\/schema\/logo\/image\/"}}]}},"_links":{"self":[{"href":"https:\/\/www.purejewels.com\/de\/wp-json\/wp\/v2\/product\/351625","targetHints":{"allow":["GET"]}}],"collection":[{"href":"https:\/\/www.purejewels.com\/de\/wp-json\/wp\/v2\/product"}],"about":[{"href":"https:\/\/www.purejewels.com\/de\/wp-json\/wp\/v2\/types\/product"}],"replies":[{"embeddable":true,"href":"https:\/\/www.purejewels.com\/de\/wp-json\/wp\/v2\/comments?post=351625"}],"version-history":[{"count":4,"href":"https:\/\/www.purejewels.com\/de\/wp-json\/wp\/v2\/product\/351625\/revisions"}],"predecessor-version":[{"id":428124,"href":"https:\/\/www.purejewels.com\/de\/wp-json\/wp\/v2\/product\/351625\/revisions\/428124"}],"wp:featuredmedia":[{"embeddable":true,"href":"https:\/\/www.purejewels.com\/de\/wp-json\/wp\/v2\/media\/366985"}],"wp:attachment":[{"href":"https:\/\/www.purejewels.com\/de\/wp-json\/wp\/v2\/media?parent=351625"}],"wp:term":[{"taxonomy":"product_brand","embeddable":true,"href":"https:\/\/www.purejewels.com\/de\/wp-json\/wp\/v2\/product_brand?post=351625"},{"taxonomy":"product_cat","embeddable":true,"href":"https:\/\/www.purejewels.com\/de\/wp-json\/wp\/v2\/product_cat?post=351625"},{"taxonomy":"product_tag","embeddable":true,"href":"https:\/\/www.purejewels.com\/de\/wp-json\/wp\/v2\/product_tag?post=351625"}],"curies":[{"name":"wp","href":"https:\/\/api.w.org\/{rel}","templated":true}]}}