{"id":351703,"date":"2023-09-25T12:59:44","date_gmt":"2023-09-25T11:59:44","guid":{"rendered":"https:\/\/www.purejewels.com\/?post_type=product&#038;p=351703"},"modified":"2026-02-26T13:09:36","modified_gmt":"2026-02-26T13:09:36","slug":"diamant-tennisarmband-46045","status":"publish","type":"product","link":"https:\/\/www.purejewels.com\/de\/product\/diamond-tennis-bracelet-46045\/","title":{"rendered":"Diamant-Tennisarmband | 7 Zoll"},"content":{"rendered":"<ul>\n<li>SKU: 46045<\/li>\n<li><b>Bereich ID WDBR257<\/b><\/li>\n<li>Wir stellen vor: unser exquisites <a href=\"https:\/\/www.purejewels.com\/de\/product\/18ct-white-gold-diamond-ring-for-ladies-8775\/\">18ct Wei\u00dfgold<\/a> Diamant-Tennis <a href=\"https:\/\/www.purejewels.com\/de\/product-category\/22ct-gold-jewellery\/gold-bracelet\/\">Armb\u00e4nder<\/a>ein zeitloses St\u00fcck, das Eleganz und Luxus m\u00fchelos vereint. Dieses mit Pr\u00e4zision gefertigte und mit schimmernden Diamanten verzierte Armband wird Ihr Handgelenk mit unvergleichlicher Sch\u00f6nheit schm\u00fccken. Produktmerkmale:\n<ul>\n<li>Material: Gefertigt aus <a href=\"https:\/\/www.purejewels.com\/de\/product\/18ct-white-gold-khanda-sikh-religious-pendant-6226\/\">18ct<\/a> Dieses Armband aus Wei\u00dfgold besticht durch seine gl\u00e4nzende und dauerhafte Oberfl\u00e4che, die zu jeder Kleidung passt. Die hochwertige Wei\u00dfgoldfassung bietet den perfekten Rahmen f\u00fcr die schillernden Diamanten.<\/li>\n<li>Diamanten: Dieses Armband besticht durch eine Reihe runder Diamanten im Brillantschliff, von denen jeder einzelne aufgrund seiner au\u00dfergew\u00f6hnlichen Klarheit, Farbe und seines Schliffs sorgf\u00e4ltig ausgew\u00e4hlt wurde. Mit einem Gesamtkaratgewicht von 1,67 strahlen diese Diamanten ein fesselndes Funkeln aus, das die Aufmerksamkeit aller Betrachter auf sich ziehen wird.<\/li>\n<li>L\u00e4nge: Mit einer L\u00e4nge von 7 Zoll passt dieses Tennisarmband bequem an die meisten Handgelenke, f\u00e4llt anmutig und verleiht Ihrem Look einen Hauch von Raffinesse. Der sichere Verschluss sorgt daf\u00fcr, dass es sicher befestigt bleibt.<\/li>\n<li>Vielseitiger Stil: Ob Sie sich f\u00fcr einen besonderen Anlass herausputzen oder Ihrer Alltagskleidung einen Hauch von Glamour verleihen m\u00f6chten, dieses Armband ist die perfekte Wahl. Sein zeitloses Design macht es zu einem vielseitigen Accessoire, das einzeln oder in Kombination mit anderen Armb\u00e4ndern getragen werden kann, um einen individuellen Look zu kreieren.<\/li>\n<li>Geschenktauglich: Dieses exquisite Armband wird in einer sch\u00f6nen Pr\u00e4sentationsbox geliefert und ist somit ein ideales Geschenk f\u00fcr einen geliebten Menschen zu besonderen Anl\u00e4ssen wie Geburtstagen oder Jahrestagen oder als Symbol f\u00fcr Ihre anhaltende Zuneigung.<\/li>\n<\/ul>\n<p>Erh\u00f6hen Sie Ihren Stil mit der zeitlosen Sch\u00f6nheit und dem Glanz unseres Diamant-Tennisarmbands aus 18 Karat Wei\u00dfgold. Egal, ob Sie es zum Ausgehen oder im Alltag tragen, dieses Schmuckst\u00fcck wird zweifellos zu einem gesch\u00e4tzten Teil Ihrer Schmucksammlung werden. Setzen Sie mit jedem Tragen ein Zeichen von Raffinesse und Eleganz. Bestellen Sie Ihr Armband noch heute und erleben Sie die Faszination echter Diamanten in einem klassischen Design.<\/li>\n<\/ul>\n<p>&nbsp;<\/p>\n<p>&nbsp;<\/p>\n<p data-sourcepos=\"9:1-9:134\">","protected":false},"excerpt":{"rendered":"<table class=\"sh_desc\" style=\"width: 100%;height: 299px\">\n<tbody>\n<tr style=\"height: 28px\">\n<td style=\"height: 28px\">Typ des Armbands<\/td>\n<td style=\"height: 28px\">Damen-Armband<\/td>\n<\/tr>\n<tr style=\"height: 28px\">\n<td style=\"height: 28px\">SKU<\/td>\n<td style=\"height: 28px\">46045<\/td>\n<\/tr>\n<tr style=\"height: 28px\">\n<td style=\"height: 28px\">Gewicht<\/td>\n<td style=\"height: 28px\">9.3 Gms<\/td>\n<\/tr>\n<tr style=\"height: 28px\">\n<td style=\"height: 28px\">Metall<\/td>\n<td style=\"height: 28px\">18ct Gold<\/td>\n<\/tr>\n<tr style=\"height: 28px\">\n<td style=\"height: 28px\">Diamant<\/td>\n<td style=\"height: 28px\">Wt. 1.6ct Farbe. G Reinheit.  VS<\/p>\n<p>Kommt mit Zertifikat<\/td>\n<\/tr>\n<tr style=\"height: 28px\">\n<td style=\"height: 28px\">L\u00e4nge<\/td>\n<td style=\"height: 28px\">7 Zoll<\/td>\n<\/tr>\n<tr style=\"height: 28px\">\n<td style=\"height: 28px\">Geschlecht<\/td>\n<td style=\"height: 28px\">Damen<\/td>\n<\/tr>\n<tr style=\"height: 28px\">\n<td style=\"height: 28px\">Entgelte<\/td>\n<td style=\"height: 28px\">Lieferung und Mehrwertsteuer inbegriffen<\/td>\n<\/tr>\n<tr style=\"height: 28px\">\n<td style=\"height: 28px\">Verpackung<\/td>\n<td style=\"height: 28px\">Mit Pr\u00e4sentationsbox<\/td>\n<\/tr>\n<tr style=\"height: 112px\">\n<td style=\"height: 47px\">Mehr Informationen<\/td>\n<td style=\"height: 47px\">Live-Chat mit uns f\u00fcr Verf\u00fcgbarkeit und mehr Bilder<\/td>\n<\/tr>\n<\/tbody>\n<\/table>","protected":false},"featured_media":351704,"comment_status":"closed","ping_status":"closed","template":"","meta":{"_eb_attr":"","_crsspst_to_jayantr4sg-hostcom":true},"product_brand":[],"product_cat":[6088,5679,1791,1559,5462,5457,1790,1324,6055,5348,1574],"product_tag":[],"class_list":{"0":"post-351703","1":"product","2":"type-product","3":"status-publish","4":"has-post-thumbnail","6":"product_cat-18ct-gold-bracelet","7":"product_cat-18ct-gold-jewellery","8":"product_cat-anniversary-gifts","9":"product_cat-birthday-gifts","10":"product_cat-diamond-bracelet","11":"product_cat-diamond-jewellery","12":"product_cat-for-whom-when","13":"product_cat-gold-bracelet","14":"product_cat-tennis","15":"product_cat-white-gold-jewellery","16":"product_cat-womens-jewellery","18":"first","19":"outofstock","20":"taxable","21":"shipping-taxable","22":"product-type-simple","23":"add-to-wishlist-before_image"},"yoast_head":"<!-- This site is optimized with the Yoast SEO plugin v27.3 - https:\/\/yoast.com\/product\/yoast-seo-wordpress\/ -->\n<title>18ct White Gold Diamond Tennis Bracelet | 7 inches | Purejewels<\/title>\n<meta name=\"description\" content=\"Buy this luxurious 18ct white gold diamond tennis bracelet. Featuring 7 inches of sparkling diamonds, this bracelet is sure to make a statement.\" \/>\n<meta name=\"robots\" content=\"index, follow, max-snippet:-1, max-image-preview:large, max-video-preview:-1\" \/>\n<link rel=\"canonical\" href=\"https:\/\/www.purejewels.com\/de\/produkt-2\/diamant-tennisarmband-46045\/\" \/>\n<meta property=\"og:locale\" content=\"de_DE\" \/>\n<meta property=\"og:type\" content=\"article\" \/>\n<meta property=\"og:title\" content=\"18ct White Gold Diamond Tennis Bracelet | 7 inches | Purejewels\" \/>\n<meta property=\"og:description\" content=\"Buy this luxurious 18ct white gold diamond tennis bracelet. Featuring 7 inches of sparkling diamonds, this bracelet is sure to make a statement.\" \/>\n<meta property=\"og:url\" content=\"https:\/\/www.purejewels.com\/de\/produkt-2\/diamant-tennisarmband-46045\/\" \/>\n<meta property=\"og:site_name\" content=\"PureJewels UK\" \/>\n<meta property=\"article:modified_time\" content=\"2026-02-26T13:09:36+00:00\" \/>\n<meta property=\"og:image\" content=\"https:\/\/static.purejewels.com\/wp-content\/uploads\/2023\/09\/SKU-46045.png\" \/>\n\t<meta property=\"og:image:width\" content=\"1000\" \/>\n\t<meta property=\"og:image:height\" content=\"1000\" \/>\n\t<meta property=\"og:image:type\" content=\"image\/png\" \/>\n<meta name=\"twitter:card\" content=\"summary_large_image\" \/>\n<meta name=\"twitter:label1\" content=\"Gesch\u00e4tzte Lesezeit\" \/>\n\t<meta name=\"twitter:data1\" content=\"2\u00a0Minuten\" \/>\n<script type=\"application\/ld+json\" class=\"yoast-schema-graph\">{\"@context\":\"https:\\\/\\\/schema.org\",\"@graph\":[{\"@type\":[\"WebPage\",\"ItemPage\"],\"@id\":\"https:\\\/\\\/www.purejewels.com\\\/product\\\/diamond-tennis-bracelet-46045\\\/\",\"url\":\"https:\\\/\\\/www.purejewels.com\\\/product\\\/diamond-tennis-bracelet-46045\\\/\",\"name\":\"18ct White Gold Diamond Tennis Bracelet | 7 inches | Purejewels\",\"isPartOf\":{\"@id\":\"https:\\\/\\\/www.purejewels.com\\\/#website\"},\"primaryImageOfPage\":{\"@id\":\"https:\\\/\\\/www.purejewels.com\\\/product\\\/diamond-tennis-bracelet-46045\\\/#primaryimage\"},\"image\":{\"@id\":\"https:\\\/\\\/www.purejewels.com\\\/product\\\/diamond-tennis-bracelet-46045\\\/#primaryimage\"},\"thumbnailUrl\":\"https:\\\/\\\/static.purejewels.com\\\/wp-content\\\/uploads\\\/2023\\\/09\\\/SKU-46045.png\",\"datePublished\":\"2023-09-25T11:59:44+00:00\",\"dateModified\":\"2026-02-26T13:09:36+00:00\",\"description\":\"Buy this luxurious 18ct white gold diamond tennis bracelet. Featuring 7 inches of sparkling diamonds, this bracelet is sure to make a statement.\",\"breadcrumb\":{\"@id\":\"https:\\\/\\\/www.purejewels.com\\\/product\\\/diamond-tennis-bracelet-46045\\\/#breadcrumb\"},\"inLanguage\":\"de\",\"potentialAction\":[{\"@type\":\"ReadAction\",\"target\":[\"https:\\\/\\\/www.purejewels.com\\\/product\\\/diamond-tennis-bracelet-46045\\\/\"]}]},{\"@type\":\"ImageObject\",\"inLanguage\":\"de\",\"@id\":\"https:\\\/\\\/www.purejewels.com\\\/product\\\/diamond-tennis-bracelet-46045\\\/#primaryimage\",\"url\":\"https:\\\/\\\/static.purejewels.com\\\/wp-content\\\/uploads\\\/2023\\\/09\\\/SKU-46045.png\",\"contentUrl\":\"https:\\\/\\\/static.purejewels.com\\\/wp-content\\\/uploads\\\/2023\\\/09\\\/SKU-46045.png\",\"width\":1000,\"height\":1000,\"caption\":\"Diamond Tennis Bracelet\"},{\"@type\":\"BreadcrumbList\",\"@id\":\"https:\\\/\\\/www.purejewels.com\\\/product\\\/diamond-tennis-bracelet-46045\\\/#breadcrumb\",\"itemListElement\":[{\"@type\":\"ListItem\",\"position\":1,\"name\":\"Home\",\"item\":\"https:\\\/\\\/www.purejewels.com\\\/\"},{\"@type\":\"ListItem\",\"position\":2,\"name\":\"Shop\",\"item\":\"https:\\\/\\\/www.purejewels.com\\\/shop\\\/\"},{\"@type\":\"ListItem\",\"position\":3,\"name\":\"Diamond Tennis Bracelet | 7 inches\"}]},{\"@type\":\"WebSite\",\"@id\":\"https:\\\/\\\/www.purejewels.com\\\/#website\",\"url\":\"https:\\\/\\\/www.purejewels.com\\\/\",\"name\":\"PureJewels UK\",\"description\":\"Share the Love\",\"publisher\":{\"@id\":\"https:\\\/\\\/www.purejewels.com\\\/#organization\"},\"potentialAction\":[{\"@type\":\"SearchAction\",\"target\":{\"@type\":\"EntryPoint\",\"urlTemplate\":\"https:\\\/\\\/www.purejewels.com\\\/?s={search_term_string}\"},\"query-input\":{\"@type\":\"PropertyValueSpecification\",\"valueRequired\":true,\"valueName\":\"search_term_string\"}}],\"inLanguage\":\"de\"},{\"@type\":\"Organization\",\"@id\":\"https:\\\/\\\/www.purejewels.com\\\/#organization\",\"name\":\"PureJewels UK\",\"url\":\"https:\\\/\\\/www.purejewels.com\\\/\",\"logo\":{\"@type\":\"ImageObject\",\"inLanguage\":\"de\",\"@id\":\"https:\\\/\\\/www.purejewels.com\\\/#\\\/schema\\\/logo\\\/image\\\/\",\"url\":\"https:\\\/\\\/static.purejewels.com\\\/wp-content\\\/uploads\\\/2020\\\/11\\\/Logo-PJ-New-1.png\",\"contentUrl\":\"https:\\\/\\\/static.purejewels.com\\\/wp-content\\\/uploads\\\/2020\\\/11\\\/Logo-PJ-New-1.png\",\"width\":150,\"height\":80,\"caption\":\"PureJewels UK\"},\"image\":{\"@id\":\"https:\\\/\\\/www.purejewels.com\\\/#\\\/schema\\\/logo\\\/image\\\/\"}}]}<\/script>\n<!-- \/ Yoast SEO plugin. -->","yoast_head_json":{"title":"18ct Wei\u00dfgold Diamant-Tennis-Armband | 7 Zoll | Purejewels","description":"Kaufen Sie dieses luxuri\u00f6se Diamant-Tennisarmband aus 18 Karat Wei\u00dfgold. Mit seinen 7 Zoll funkelnden Diamanten ist dieses Armband ein echter Hingucker.","robots":{"index":"index","follow":"follow","max-snippet":"max-snippet:-1","max-image-preview":"max-image-preview:large","max-video-preview":"max-video-preview:-1"},"canonical":"https:\/\/www.purejewels.com\/de\/produkt-2\/diamant-tennisarmband-46045\/","og_locale":"de_DE","og_type":"article","og_title":"18ct White Gold Diamond Tennis Bracelet | 7 inches | Purejewels","og_description":"Buy this luxurious 18ct white gold diamond tennis bracelet. Featuring 7 inches of sparkling diamonds, this bracelet is sure to make a statement.","og_url":"https:\/\/www.purejewels.com\/de\/produkt-2\/diamant-tennisarmband-46045\/","og_site_name":"PureJewels UK","article_modified_time":"2026-02-26T13:09:36+00:00","og_image":[{"width":1000,"height":1000,"url":"https:\/\/static.purejewels.com\/wp-content\/uploads\/2023\/09\/SKU-46045.png","type":"image\/png"}],"twitter_card":"summary_large_image","twitter_misc":{"Gesch\u00e4tzte Lesezeit":"2\u00a0Minuten"},"schema":{"@context":"https:\/\/schema.org","@graph":[{"@type":["WebPage","ItemPage"],"@id":"https:\/\/www.purejewels.com\/product\/diamond-tennis-bracelet-46045\/","url":"https:\/\/www.purejewels.com\/product\/diamond-tennis-bracelet-46045\/","name":"18ct Wei\u00dfgold Diamant-Tennis-Armband | 7 Zoll | Purejewels","isPartOf":{"@id":"https:\/\/www.purejewels.com\/#website"},"primaryImageOfPage":{"@id":"https:\/\/www.purejewels.com\/product\/diamond-tennis-bracelet-46045\/#primaryimage"},"image":{"@id":"https:\/\/www.purejewels.com\/product\/diamond-tennis-bracelet-46045\/#primaryimage"},"thumbnailUrl":"https:\/\/static.purejewels.com\/wp-content\/uploads\/2023\/09\/SKU-46045.png","datePublished":"2023-09-25T11:59:44+00:00","dateModified":"2026-02-26T13:09:36+00:00","description":"Kaufen Sie dieses luxuri\u00f6se Diamant-Tennisarmband aus 18 Karat Wei\u00dfgold. Mit seinen 7 Zoll funkelnden Diamanten ist dieses Armband ein echter Hingucker.","breadcrumb":{"@id":"https:\/\/www.purejewels.com\/product\/diamond-tennis-bracelet-46045\/#breadcrumb"},"inLanguage":"de","potentialAction":[{"@type":"ReadAction","target":["https:\/\/www.purejewels.com\/product\/diamond-tennis-bracelet-46045\/"]}]},{"@type":"ImageObject","inLanguage":"de","@id":"https:\/\/www.purejewels.com\/product\/diamond-tennis-bracelet-46045\/#primaryimage","url":"https:\/\/static.purejewels.com\/wp-content\/uploads\/2023\/09\/SKU-46045.png","contentUrl":"https:\/\/static.purejewels.com\/wp-content\/uploads\/2023\/09\/SKU-46045.png","width":1000,"height":1000,"caption":"Diamond Tennis Bracelet"},{"@type":"BreadcrumbList","@id":"https:\/\/www.purejewels.com\/product\/diamond-tennis-bracelet-46045\/#breadcrumb","itemListElement":[{"@type":"ListItem","position":1,"name":"Home","item":"https:\/\/www.purejewels.com\/"},{"@type":"ListItem","position":2,"name":"Shop","item":"https:\/\/www.purejewels.com\/shop\/"},{"@type":"ListItem","position":3,"name":"Diamond Tennis Bracelet | 7 inches"}]},{"@type":"WebSite","@id":"https:\/\/www.purejewels.com\/#website","url":"https:\/\/www.purejewels.com\/","name":"PureJewels UK","description":"Teile die Liebe","publisher":{"@id":"https:\/\/www.purejewels.com\/#organization"},"potentialAction":[{"@type":"SearchAction","target":{"@type":"EntryPoint","urlTemplate":"https:\/\/www.purejewels.com\/?s={search_term_string}"},"query-input":{"@type":"PropertyValueSpecification","valueRequired":true,"valueName":"search_term_string"}}],"inLanguage":"de"},{"@type":"Organization","@id":"https:\/\/www.purejewels.com\/#organization","name":"PureJewels UK","url":"https:\/\/www.purejewels.com\/","logo":{"@type":"ImageObject","inLanguage":"de","@id":"https:\/\/www.purejewels.com\/#\/schema\/logo\/image\/","url":"https:\/\/static.purejewels.com\/wp-content\/uploads\/2020\/11\/Logo-PJ-New-1.png","contentUrl":"https:\/\/static.purejewels.com\/wp-content\/uploads\/2020\/11\/Logo-PJ-New-1.png","width":150,"height":80,"caption":"PureJewels UK"},"image":{"@id":"https:\/\/www.purejewels.com\/#\/schema\/logo\/image\/"}}]}},"_links":{"self":[{"href":"https:\/\/www.purejewels.com\/de\/wp-json\/wp\/v2\/product\/351703","targetHints":{"allow":["GET"]}}],"collection":[{"href":"https:\/\/www.purejewels.com\/de\/wp-json\/wp\/v2\/product"}],"about":[{"href":"https:\/\/www.purejewels.com\/de\/wp-json\/wp\/v2\/types\/product"}],"replies":[{"embeddable":true,"href":"https:\/\/www.purejewels.com\/de\/wp-json\/wp\/v2\/comments?post=351703"}],"version-history":[{"count":4,"href":"https:\/\/www.purejewels.com\/de\/wp-json\/wp\/v2\/product\/351703\/revisions"}],"predecessor-version":[{"id":426380,"href":"https:\/\/www.purejewels.com\/de\/wp-json\/wp\/v2\/product\/351703\/revisions\/426380"}],"wp:featuredmedia":[{"embeddable":true,"href":"https:\/\/www.purejewels.com\/de\/wp-json\/wp\/v2\/media\/351704"}],"wp:attachment":[{"href":"https:\/\/www.purejewels.com\/de\/wp-json\/wp\/v2\/media?parent=351703"}],"wp:term":[{"taxonomy":"product_brand","embeddable":true,"href":"https:\/\/www.purejewels.com\/de\/wp-json\/wp\/v2\/product_brand?post=351703"},{"taxonomy":"product_cat","embeddable":true,"href":"https:\/\/www.purejewels.com\/de\/wp-json\/wp\/v2\/product_cat?post=351703"},{"taxonomy":"product_tag","embeddable":true,"href":"https:\/\/www.purejewels.com\/de\/wp-json\/wp\/v2\/product_tag?post=351703"}],"curies":[{"name":"wp","href":"https:\/\/api.w.org\/{rel}","templated":true}]}}