{"id":351915,"date":"2023-09-29T16:30:37","date_gmt":"2023-09-29T15:30:37","guid":{"rendered":"https:\/\/www.purejewels.com\/?post_type=product&#038;p=351915"},"modified":"2026-01-06T09:47:40","modified_gmt":"2026-01-06T09:47:40","slug":"22ct-gold-verdreht-armband-6-5-zoll-45066","status":"publish","type":"product","link":"https:\/\/www.purejewels.com\/de\/product\/22ct-gold-twisted-bracelet-6-5-inches-45066\/","title":{"rendered":"22ct Gold Twisted Armband | 6,5 Zoll"},"content":{"rendered":"<ul>\n<li><b>Bereich ID.\u00a0 <\/b>YGBR013<\/li>\n<li>SKU 45066<\/li>\n<li>Entdecken Sie den Inbegriff von zeitlosem Charme und moderner Raffinesse in unserem <a href=\"https:\/\/www.purejewels.com\/de\/product\/22ct-gold-jali-filigree-ring-jali-collection-31926\/\">22ct<\/a> Gold gedrehte Kette Damen <a href=\"https:\/\/www.purejewels.com\/de\/product-category\/22ct-gold-jewellery\/gold-bracelet\/\">Armb\u00e4nder<\/a>Produktmerkmale: Das Modell ist so konzipiert, dass es Ihre t\u00e4gliche Garderobe m\u00fchelos erg\u00e4nzt:\n<ol>\n<li><strong>Reines 22-kar\u00e4tiges Gold:<\/strong> Dieses Armband wurde sorgf\u00e4ltig aus hochwertigem 22-kar\u00e4tigem Gold gefertigt, das f\u00fcr ein leuchtendes und dauerhaftes Finish sorgt. Seine au\u00dfergew\u00f6hnliche Reinheit garantiert nicht nur einen dauerhaften Wert, sondern macht es auch zu einem gesch\u00e4tzten Erbst\u00fcck.<\/li>\n<li><strong>Elegant gedrehte Kette:<\/strong> Das Armband verf\u00fcgt \u00fcber ein einzigartiges, gedrehtes Kettendesign, das Ihrem Ensemble einen Hauch von Raffinesse und Individualit\u00e4t verleiht. Es ist ein vielseitiges Accessoire, das sowohl mit legeren als auch formellen Outfits harmoniert und somit eine vielseitige Wahl f\u00fcr jeden Anlass ist.<\/li>\n<li><strong>T\u00e4gliche Kleidung Komfort:<\/strong> Dieses federleichte und unauff\u00e4llige Armband wurde mit Blick auf Ihren Komfort im Alltag entworfen und ist somit ein idealer Begleiter f\u00fcr das t\u00e4gliche Tragen. Es wertet Ihren Look m\u00fchelos auf, ohne Sie zu beschweren.<\/li>\n<li><strong>Sicher befestigen:<\/strong> Der zuverl\u00e4ssige Verschluss sorgt f\u00fcr einen sicheren Sitz des Armbands, so dass Sie den ganzen Tag lang beruhigt und ohne Probleme arbeiten k\u00f6nnen.<\/li>\n<li><strong>Geschenkw\u00fcrdige Pr\u00e4sentation:<\/strong> Ob Sie sich selbst verw\u00f6hnen oder einen geliebten Menschen \u00fcberraschen wollen, dieses Armband wird elegant verpackt geliefert und eignet sich hervorragend als Geschenk f\u00fcr Geburtstage, Jahrestage oder andere besondere Anl\u00e4sse.<\/li>\n<\/ol>\n<p>Erh\u00f6hen Sie Ihre allt\u00e4gliche Eleganz mit unserer 22ct Gold Twisted Chain <a href=\"https:\/\/www.purejewels.com\/de\/product-category\/22ct-gold-jewellery\/gold-bracelet\/ladies-bracelet\/\">Damen-Armband<\/a> - ein Symbol f\u00fcr zeitlose Sch\u00f6nheit und moderne Raffinesse. Sie ist mehr als nur ein Schmuckst\u00fcck, sie ist eine Verk\u00f6rperung Ihres best\u00e4ndigen Stils und Ihrer Raffinesse. Schm\u00fccken Sie Ihr Handgelenk mit diesem exquisiten St\u00fcck und genie\u00dfen Sie den Luxus von reinem Gold. Verpassen Sie nicht die Gelegenheit, es zu einem festen Bestandteil Ihrer t\u00e4glichen Mode zu machen. Sichern Sie sich jetzt Ihre Bestellung.<\/li>\n<\/ul>","protected":false},"excerpt":{"rendered":"<div class=\"woocommerce-product-details__short-description\">\n<ul>\n<li>22ct Ladies Twisted Armband<\/li>\n<li>L\u00e4nge 6,5 Zoll<\/li>\n<li>Dicke 3,3 mm<\/li>\n<li>Wt. 3.7 gms<\/li>\n<li>SKU 45066<\/li>\n<li>Alle Preise inklusive Mehrwertsteuer<\/li>\n<li>Alle unsere Produkte sind vom London Assay Office gestempelt.<\/li>\n<li>Kommt mit einer Pr\u00e4sentationsbox<\/li>\n<li>Lieferung inbegriffen<\/li>\n<li>Live-Chat mit uns f\u00fcr die Verf\u00fcgbarkeit und mehr Bilder und Ideen von Diwali Geschenk Online<\/li>\n<\/ul>\n<\/div>\n<div class=\"btn-atc atc-slide\"><\/div>\n<div class=\"product_meta\"><\/div>","protected":false},"featured_media":316967,"comment_status":"closed","ping_status":"closed","template":"","meta":{"_eb_attr":"","_crsspst_to_jayantr4sg-hostcom":false},"product_brand":[],"product_cat":[1791,1559,5676,1793,1324,1627,1575,1573,1574],"product_tag":[1430],"class_list":{"0":"post-351915","1":"product","2":"type-product","3":"status-publish","4":"has-post-thumbnail","6":"product_cat-anniversary-gifts","7":"product_cat-birthday-gifts","8":"product_cat-chain-bracelets-for-ladies","9":"product_cat-diwali-gifts","10":"product_cat-gold-bracelet","11":"product_cat-ladies-bracelet","12":"product_cat-teenage-jewellery","13":"product_cat-wedding-gifts","14":"product_cat-womens-jewellery","15":"product_tag-diwali-gift","17":"first","18":"outofstock","19":"taxable","20":"shipping-taxable","21":"product-type-simple","22":"add-to-wishlist-before_image"},"yoast_head":"<!-- This site is optimized with the Yoast SEO plugin v27.6 - https:\/\/yoast.com\/product\/yoast-seo-wordpress\/ -->\n<title>22ct Gold Twisted Chain Ladies Bracelet in London at Purejewels<\/title>\n<meta name=\"description\" content=\"Elevate your everyday elegance with our 22ct Gold Twisted Chain Ladies&#039; Bracelet \u2013 a symbol of timeless beauty and contemporary refinement\" \/>\n<meta name=\"robots\" content=\"index, follow, max-snippet:-1, max-image-preview:large, max-video-preview:-1\" \/>\n<link rel=\"canonical\" href=\"https:\/\/www.purejewels.com\/de\/produkt-2\/22ct-gold-verdreht-armband-6-5-zoll-45066\/\" \/>\n<meta property=\"og:locale\" content=\"de_DE\" \/>\n<meta property=\"og:type\" content=\"article\" \/>\n<meta property=\"og:title\" content=\"22ct Gold Twisted Chain Ladies Bracelet in London at Purejewels\" \/>\n<meta property=\"og:description\" content=\"Elevate your everyday elegance with our 22ct Gold Twisted Chain Ladies&#039; Bracelet \u2013 a symbol of timeless beauty and contemporary refinement\" \/>\n<meta property=\"og:url\" content=\"https:\/\/www.purejewels.com\/de\/produkt-2\/22ct-gold-verdreht-armband-6-5-zoll-45066\/\" \/>\n<meta property=\"og:site_name\" content=\"PureJewels UK\" \/>\n<meta property=\"article:modified_time\" content=\"2026-01-06T09:47:40+00:00\" \/>\n<meta property=\"og:image\" content=\"https:\/\/www.purejewels.com\/wp-content\/uploads\/2020\/08\/image183463267.jpg\" \/>\n\t<meta property=\"og:image:width\" content=\"1000\" \/>\n\t<meta property=\"og:image:height\" content=\"1000\" \/>\n\t<meta property=\"og:image:type\" content=\"image\/jpeg\" \/>\n<meta name=\"twitter:card\" content=\"summary_large_image\" \/>\n<meta name=\"twitter:label1\" content=\"Gesch\u00e4tzte Lesezeit\" \/>\n\t<meta name=\"twitter:data1\" content=\"1\u00a0Minute\" \/>\n<script type=\"application\/ld+json\" class=\"yoast-schema-graph\">{\"@context\":\"https:\\\/\\\/schema.org\",\"@graph\":[{\"@type\":[\"WebPage\",\"ItemPage\"],\"@id\":\"https:\\\/\\\/www.purejewels.com\\\/product\\\/22ct-gold-twisted-bracelet-6-5-inches-45066\\\/\",\"url\":\"https:\\\/\\\/www.purejewels.com\\\/product\\\/22ct-gold-twisted-bracelet-6-5-inches-45066\\\/\",\"name\":\"22ct Gold Twisted Chain Ladies Bracelet in London at Purejewels\",\"isPartOf\":{\"@id\":\"https:\\\/\\\/www.purejewels.com\\\/#website\"},\"primaryImageOfPage\":{\"@id\":\"https:\\\/\\\/www.purejewels.com\\\/product\\\/22ct-gold-twisted-bracelet-6-5-inches-45066\\\/#primaryimage\"},\"image\":{\"@id\":\"https:\\\/\\\/www.purejewels.com\\\/product\\\/22ct-gold-twisted-bracelet-6-5-inches-45066\\\/#primaryimage\"},\"thumbnailUrl\":\"https:\\\/\\\/static.purejewels.com\\\/wp-content\\\/uploads\\\/2020\\\/08\\\/image183463267.jpg\",\"datePublished\":\"2023-09-29T15:30:37+00:00\",\"dateModified\":\"2026-01-06T09:47:40+00:00\",\"description\":\"Elevate your everyday elegance with our 22ct Gold Twisted Chain Ladies' Bracelet \u2013 a symbol of timeless beauty and contemporary refinement\",\"breadcrumb\":{\"@id\":\"https:\\\/\\\/www.purejewels.com\\\/product\\\/22ct-gold-twisted-bracelet-6-5-inches-45066\\\/#breadcrumb\"},\"inLanguage\":\"de\",\"potentialAction\":[{\"@type\":\"ReadAction\",\"target\":[\"https:\\\/\\\/www.purejewels.com\\\/product\\\/22ct-gold-twisted-bracelet-6-5-inches-45066\\\/\"]}]},{\"@type\":\"ImageObject\",\"inLanguage\":\"de\",\"@id\":\"https:\\\/\\\/www.purejewels.com\\\/product\\\/22ct-gold-twisted-bracelet-6-5-inches-45066\\\/#primaryimage\",\"url\":\"https:\\\/\\\/static.purejewels.com\\\/wp-content\\\/uploads\\\/2020\\\/08\\\/image183463267.jpg\",\"contentUrl\":\"https:\\\/\\\/static.purejewels.com\\\/wp-content\\\/uploads\\\/2020\\\/08\\\/image183463267.jpg\",\"width\":1000,\"height\":1000,\"caption\":\"22ct Gold Medium Narrow Twisted Chain Ladies Bracelet YGBR013\"},{\"@type\":\"BreadcrumbList\",\"@id\":\"https:\\\/\\\/www.purejewels.com\\\/product\\\/22ct-gold-twisted-bracelet-6-5-inches-45066\\\/#breadcrumb\",\"itemListElement\":[{\"@type\":\"ListItem\",\"position\":1,\"name\":\"Home\",\"item\":\"https:\\\/\\\/www.purejewels.com\\\/\"},{\"@type\":\"ListItem\",\"position\":2,\"name\":\"Shop\",\"item\":\"https:\\\/\\\/www.purejewels.com\\\/shop\\\/\"},{\"@type\":\"ListItem\",\"position\":3,\"name\":\"22ct Gold Twisted Bracelet | 6.5 Inches\"}]},{\"@type\":\"WebSite\",\"@id\":\"https:\\\/\\\/www.purejewels.com\\\/#website\",\"url\":\"https:\\\/\\\/www.purejewels.com\\\/\",\"name\":\"PureJewels UK\",\"description\":\"Share the Love\",\"publisher\":{\"@id\":\"https:\\\/\\\/www.purejewels.com\\\/#organization\"},\"potentialAction\":[{\"@type\":\"SearchAction\",\"target\":{\"@type\":\"EntryPoint\",\"urlTemplate\":\"https:\\\/\\\/www.purejewels.com\\\/?s={search_term_string}\"},\"query-input\":{\"@type\":\"PropertyValueSpecification\",\"valueRequired\":true,\"valueName\":\"search_term_string\"}}],\"inLanguage\":\"de\"},{\"@type\":\"Organization\",\"@id\":\"https:\\\/\\\/www.purejewels.com\\\/#organization\",\"name\":\"PureJewels UK\",\"url\":\"https:\\\/\\\/www.purejewels.com\\\/\",\"logo\":{\"@type\":\"ImageObject\",\"inLanguage\":\"de\",\"@id\":\"https:\\\/\\\/www.purejewels.com\\\/#\\\/schema\\\/logo\\\/image\\\/\",\"url\":\"https:\\\/\\\/static.purejewels.com\\\/wp-content\\\/uploads\\\/2020\\\/11\\\/Logo-PJ-New-1.png\",\"contentUrl\":\"https:\\\/\\\/static.purejewels.com\\\/wp-content\\\/uploads\\\/2020\\\/11\\\/Logo-PJ-New-1.png\",\"width\":150,\"height\":80,\"caption\":\"PureJewels UK\"},\"image\":{\"@id\":\"https:\\\/\\\/www.purejewels.com\\\/#\\\/schema\\\/logo\\\/image\\\/\"}}]}<\/script>\n<!-- \/ Yoast SEO plugin. -->","yoast_head_json":{"title":"22ct Gold Twisted Chain Damen Armband in London bei Purejewels","description":"Erh\u00f6hen Sie Ihre allt\u00e4gliche Eleganz mit unserem 22ct Gold Twisted Chain Damenarmband - ein Symbol f\u00fcr zeitlose Sch\u00f6nheit und zeitgen\u00f6ssische Raffinesse","robots":{"index":"index","follow":"follow","max-snippet":"max-snippet:-1","max-image-preview":"max-image-preview:large","max-video-preview":"max-video-preview:-1"},"canonical":"https:\/\/www.purejewels.com\/de\/produkt-2\/22ct-gold-verdreht-armband-6-5-zoll-45066\/","og_locale":"de_DE","og_type":"article","og_title":"22ct Gold Twisted Chain Ladies Bracelet in London at Purejewels","og_description":"Elevate your everyday elegance with our 22ct Gold Twisted Chain Ladies' Bracelet \u2013 a symbol of timeless beauty and contemporary refinement","og_url":"https:\/\/www.purejewels.com\/de\/produkt-2\/22ct-gold-verdreht-armband-6-5-zoll-45066\/","og_site_name":"PureJewels UK","article_modified_time":"2026-01-06T09:47:40+00:00","og_image":[{"width":1000,"height":1000,"url":"https:\/\/www.purejewels.com\/wp-content\/uploads\/2020\/08\/image183463267.jpg","type":"image\/jpeg"}],"twitter_card":"summary_large_image","twitter_misc":{"Gesch\u00e4tzte Lesezeit":"1\u00a0Minute"},"schema":{"@context":"https:\/\/schema.org","@graph":[{"@type":["WebPage","ItemPage"],"@id":"https:\/\/www.purejewels.com\/product\/22ct-gold-twisted-bracelet-6-5-inches-45066\/","url":"https:\/\/www.purejewels.com\/product\/22ct-gold-twisted-bracelet-6-5-inches-45066\/","name":"22ct Gold Twisted Chain Damen Armband in London bei Purejewels","isPartOf":{"@id":"https:\/\/www.purejewels.com\/#website"},"primaryImageOfPage":{"@id":"https:\/\/www.purejewels.com\/product\/22ct-gold-twisted-bracelet-6-5-inches-45066\/#primaryimage"},"image":{"@id":"https:\/\/www.purejewels.com\/product\/22ct-gold-twisted-bracelet-6-5-inches-45066\/#primaryimage"},"thumbnailUrl":"https:\/\/static.purejewels.com\/wp-content\/uploads\/2020\/08\/image183463267.jpg","datePublished":"2023-09-29T15:30:37+00:00","dateModified":"2026-01-06T09:47:40+00:00","description":"Erh\u00f6hen Sie Ihre allt\u00e4gliche Eleganz mit unserem 22ct Gold Twisted Chain Damenarmband - ein Symbol f\u00fcr zeitlose Sch\u00f6nheit und zeitgen\u00f6ssische Raffinesse","breadcrumb":{"@id":"https:\/\/www.purejewels.com\/product\/22ct-gold-twisted-bracelet-6-5-inches-45066\/#breadcrumb"},"inLanguage":"de","potentialAction":[{"@type":"ReadAction","target":["https:\/\/www.purejewels.com\/product\/22ct-gold-twisted-bracelet-6-5-inches-45066\/"]}]},{"@type":"ImageObject","inLanguage":"de","@id":"https:\/\/www.purejewels.com\/product\/22ct-gold-twisted-bracelet-6-5-inches-45066\/#primaryimage","url":"https:\/\/static.purejewels.com\/wp-content\/uploads\/2020\/08\/image183463267.jpg","contentUrl":"https:\/\/static.purejewels.com\/wp-content\/uploads\/2020\/08\/image183463267.jpg","width":1000,"height":1000,"caption":"22ct Gold Medium Narrow Twisted Chain Ladies Bracelet YGBR013"},{"@type":"BreadcrumbList","@id":"https:\/\/www.purejewels.com\/product\/22ct-gold-twisted-bracelet-6-5-inches-45066\/#breadcrumb","itemListElement":[{"@type":"ListItem","position":1,"name":"Home","item":"https:\/\/www.purejewels.com\/"},{"@type":"ListItem","position":2,"name":"Shop","item":"https:\/\/www.purejewels.com\/shop\/"},{"@type":"ListItem","position":3,"name":"22ct Gold Twisted Bracelet | 6.5 Inches"}]},{"@type":"WebSite","@id":"https:\/\/www.purejewels.com\/#website","url":"https:\/\/www.purejewels.com\/","name":"PureJewels UK","description":"Teile die Liebe","publisher":{"@id":"https:\/\/www.purejewels.com\/#organization"},"potentialAction":[{"@type":"SearchAction","target":{"@type":"EntryPoint","urlTemplate":"https:\/\/www.purejewels.com\/?s={search_term_string}"},"query-input":{"@type":"PropertyValueSpecification","valueRequired":true,"valueName":"search_term_string"}}],"inLanguage":"de"},{"@type":"Organization","@id":"https:\/\/www.purejewels.com\/#organization","name":"PureJewels UK","url":"https:\/\/www.purejewels.com\/","logo":{"@type":"ImageObject","inLanguage":"de","@id":"https:\/\/www.purejewels.com\/#\/schema\/logo\/image\/","url":"https:\/\/static.purejewels.com\/wp-content\/uploads\/2020\/11\/Logo-PJ-New-1.png","contentUrl":"https:\/\/static.purejewels.com\/wp-content\/uploads\/2020\/11\/Logo-PJ-New-1.png","width":150,"height":80,"caption":"PureJewels UK"},"image":{"@id":"https:\/\/www.purejewels.com\/#\/schema\/logo\/image\/"}}]}},"_links":{"self":[{"href":"https:\/\/www.purejewels.com\/de\/wp-json\/wp\/v2\/product\/351915","targetHints":{"allow":["GET"]}}],"collection":[{"href":"https:\/\/www.purejewels.com\/de\/wp-json\/wp\/v2\/product"}],"about":[{"href":"https:\/\/www.purejewels.com\/de\/wp-json\/wp\/v2\/types\/product"}],"replies":[{"embeddable":true,"href":"https:\/\/www.purejewels.com\/de\/wp-json\/wp\/v2\/comments?post=351915"}],"version-history":[{"count":0,"href":"https:\/\/www.purejewels.com\/de\/wp-json\/wp\/v2\/product\/351915\/revisions"}],"wp:featuredmedia":[{"embeddable":true,"href":"https:\/\/www.purejewels.com\/de\/wp-json\/wp\/v2\/media\/316967"}],"wp:attachment":[{"href":"https:\/\/www.purejewels.com\/de\/wp-json\/wp\/v2\/media?parent=351915"}],"wp:term":[{"taxonomy":"product_brand","embeddable":true,"href":"https:\/\/www.purejewels.com\/de\/wp-json\/wp\/v2\/product_brand?post=351915"},{"taxonomy":"product_cat","embeddable":true,"href":"https:\/\/www.purejewels.com\/de\/wp-json\/wp\/v2\/product_cat?post=351915"},{"taxonomy":"product_tag","embeddable":true,"href":"https:\/\/www.purejewels.com\/de\/wp-json\/wp\/v2\/product_tag?post=351915"}],"curies":[{"name":"wp","href":"https:\/\/api.w.org\/{rel}","templated":true}]}}