{"id":352115,"date":"2024-07-14T12:26:39","date_gmt":"2024-07-14T11:26:39","guid":{"rendered":"https:\/\/www.purejewels.com\/?post_type=product&#038;p=352115"},"modified":"2026-01-06T08:08:05","modified_gmt":"2026-01-06T08:08:05","slug":"22-kt-gold-initial-l-anhanger-48443","status":"publish","type":"product","link":"https:\/\/www.purejewels.com\/de\/product\/22ct-gold-initial-l-pendant-48443\/","title":{"rendered":"22ct Gold Initial L Anh\u00e4nger | Unisex"},"content":{"rendered":"<p data-start=\"0\" data-end=\"413\"><strong data-start=\"0\" data-end=\"10\">Gestaltung<\/strong><br data-start=\"10\" data-end=\"13\" \/>Dieser Anh\u00e4nger mit der Initiale L aus 22-kar\u00e4tigem Gold ist eine raffinierte Interpretation der <a href=\"https:\/\/www.purejewels.com\/de\/personalised-gold-jewellery\/\">personalisierter Schmuck<\/a>, mit einer klaren, wohlproportionierten Buchstabenform, die sowohl modern als auch zeitlos wirkt. Die glatten Oberfl\u00e4chen und sanften Kurven fangen das Licht wundersch\u00f6n ein und lassen die Initiale hervorstechen, ohne dass sie \u00fcberm\u00e4\u00dfig plakativ wirkt. Sie ist sowohl f\u00fcr M\u00e4nner als auch f\u00fcr Frauen geeignet und l\u00e4sst sich leicht an einer Lieblingskette befestigen, so dass sie m\u00fchelos im Alltag getragen werden kann.<\/p>\n<p data-start=\"415\" data-end=\"789\"><strong data-start=\"415\" data-end=\"432\"><a href=\"https:\/\/www.purejewels.com\/de\/a-guide-to-die-stamping\/\">Handwerkliches K\u00f6nnen<\/a><\/strong><br data-start=\"432\" data-end=\"435\" \/>Der Anh\u00e4nger aus reichhaltigem 22-kar\u00e4tigem Gelbgold ist mit scharfen Kanten und einem polierten Glanz versehen, der die Klarheit des Buchstabens hervorhebt. Die Gr\u00f6\u00dfe des B\u00fcgels ist so gew\u00e4hlt, dass er zu einer Reihe von Kettentypen und -st\u00e4rken passt, damit Sie ihn flexibel tragen k\u00f6nnen. Jedes St\u00fcck ist in Gro\u00dfbritannien gepunzt, um die Reinheit und Echtheit des Goldes zu best\u00e4tigen.<\/p>\n<p data-start=\"791\" data-end=\"1183\" data-is-last-node=\"\" data-is-only-node=\"\"><strong data-start=\"791\" data-end=\"812\">Styling &amp; Geschenkartikel<\/strong><br data-start=\"812\" data-end=\"815\" \/>Tragen Sie diesen Anh\u00e4nger mit den Initialen L einzeln an einer feinen Kette, um ein subtiles, pers\u00f6nliches Detail zu erhalten, oder kombinieren Sie ihn mit anderen Charms und Anh\u00e4ngern, um Ihre eigene Geschichte zu gestalten. Er ist ein bedeutungsvolles Geschenk f\u00fcr Geburtstage, Abschlussfeiern oder Jubil\u00e4en, egal ob Sie die Initialen des Tr\u00e4gers oder die einer besonderen Person w\u00e4hlen. Kombinieren Sie es mit einer Kette aus unserer Kollektion, um ein komplettes, fertiges Geschenkset zusammenzustellen.<\/p>","protected":false},"excerpt":{"rendered":"<table class=\"sh_desc\" style=\"width: 128.665%;\">\n<tbody>\n<tr>\n<td style=\"width: 28.1667%;\">Typ des Anh\u00e4ngers<\/td>\n<td style=\"width: 100.333%;\">Initial-Anh\u00e4nger<\/td>\n<\/tr>\n<tr>\n<td style=\"width: 28.1667%;\">SKU<\/td>\n<td style=\"width: 100.333%;\">48443<\/td>\n<\/tr>\n<tr>\n<td style=\"width: 28.1667%;\">Gewicht<\/td>\n<td style=\"width: 100.333%;\">0,7 Gramm<\/td>\n<\/tr>\n<tr>\n<td style=\"width: 28.1667%;\">Wahrzeichen<\/td>\n<td style=\"width: 100.333%;\">22ct Gold gestempelt von London Assay Office<\/td>\n<\/tr>\n<tr>\n<td style=\"width: 28.1667%;\">Entgelte<\/td>\n<td style=\"width: 100.333%;\">Lieferung und Mehrwertsteuer inbegriffen<\/td>\n<\/tr>\n<tr>\n<td style=\"width: 28.1667%;\">Verpackung<\/td>\n<td style=\"width: 100.333%;\">Mit Pr\u00e4sentationsbox<\/td>\n<\/tr>\n<tr>\n<td style=\"width: 28.1667%;\">Mehr Informationen<\/td>\n<td style=\"width: 100.333%;\">\n<ul>\n<li>\u00a0Alle Alphabete sind im Laden erh\u00e4ltlich<\/li>\n<li>Kette ist nicht enthalten<\/li>\n<li>Erkunden Sie unser<strong>\u00a0Kette<\/strong>\u00a0Sammlung<\/li>\n<li>Live-Chat mit uns f\u00fcr Verf\u00fcgbarkeit und mehr Bilder<\/li>\n<\/ul>\n<\/td>\n<\/tr>\n<\/tbody>\n<\/table>","protected":false},"featured_media":367009,"comment_status":"closed","ping_status":"closed","template":"","meta":{"_eb_attr":"","_crsspst_to_jayantr4sg-hostcom":false},"product_brand":[],"product_cat":[1559,1576,1794,1793,1770,1229,1255,5598,5342,1767,1768,1575,1569,1574,5349],"product_tag":[],"class_list":{"0":"post-352115","1":"product","2":"type-product","3":"status-publish","4":"has-post-thumbnail","6":"product_cat-birthday-gifts","7":"product_cat-childrens-jewellery","8":"product_cat-christmas-gifts","9":"product_cat-diwali-gifts","10":"product_cat-fancy-pendants","11":"product_cat-22ct-gold-jewellery","12":"product_cat-gold-pendants","13":"product_cat-initial-pendant","14":"product_cat-jewellery-under-250","15":"product_cat-ladies-pendants","16":"product_cat-mens-pendants","17":"product_cat-teenage-jewellery","18":"product_cat-valentine-day-gifts","19":"product_cat-womens-jewellery","20":"product_cat-yellow-gold-jewellery","22":"first","23":"instock","24":"taxable","25":"shipping-taxable","26":"purchasable","27":"product-type-simple","28":"add-to-wishlist-before_image"},"yoast_head":"<!-- This site is optimized with the Yoast SEO plugin v27.6 - https:\/\/yoast.com\/product\/yoast-seo-wordpress\/ -->\n<title>22ct Gold L Initial Pendant - Elegance and Luxury, PureJewels UK<\/title>\n<meta name=\"description\" content=\"Order your 22ct Gold Alphabet Pendant for the letter L today and experience the difference for yourself! Free and fast UK Delivery\" \/>\n<meta name=\"robots\" content=\"index, follow, max-snippet:-1, max-image-preview:large, max-video-preview:-1\" \/>\n<link rel=\"canonical\" href=\"https:\/\/www.purejewels.com\/de\/produkt-2\/22-kt-gold-initial-l-anhanger-48443\/\" \/>\n<meta property=\"og:locale\" content=\"de_DE\" \/>\n<meta property=\"og:type\" content=\"article\" \/>\n<meta property=\"og:title\" content=\"22ct Gold L Initial Pendant - Elegance and Luxury, PureJewels UK\" \/>\n<meta property=\"og:description\" content=\"Order your 22ct Gold Alphabet Pendant for the letter L today and experience the difference for yourself! Free and fast UK Delivery\" \/>\n<meta property=\"og:url\" content=\"https:\/\/www.purejewels.com\/de\/produkt-2\/22-kt-gold-initial-l-anhanger-48443\/\" \/>\n<meta property=\"og:site_name\" content=\"PureJewels UK\" \/>\n<meta property=\"article:modified_time\" content=\"2026-01-06T08:08:05+00:00\" \/>\n<meta property=\"og:image\" content=\"https:\/\/www.purejewels.com\/wp-content\/uploads\/2023\/01\/SKU-48443.png\" \/>\n\t<meta property=\"og:image:width\" content=\"1000\" \/>\n\t<meta property=\"og:image:height\" content=\"1000\" \/>\n\t<meta property=\"og:image:type\" content=\"image\/png\" \/>\n<meta name=\"twitter:card\" content=\"summary_large_image\" \/>\n<meta name=\"twitter:label1\" content=\"Gesch\u00e4tzte Lesezeit\" \/>\n\t<meta name=\"twitter:data1\" content=\"2\u00a0Minuten\" \/>\n<script type=\"application\/ld+json\" class=\"yoast-schema-graph\">{\"@context\":\"https:\\\/\\\/schema.org\",\"@graph\":[{\"@type\":[\"WebPage\",\"ItemPage\"],\"@id\":\"https:\\\/\\\/www.purejewels.com\\\/product\\\/22ct-gold-initial-l-pendant-48443\\\/\",\"url\":\"https:\\\/\\\/www.purejewels.com\\\/product\\\/22ct-gold-initial-l-pendant-48443\\\/\",\"name\":\"22ct Gold L Initial Pendant - Elegance and Luxury, PureJewels UK\",\"isPartOf\":{\"@id\":\"https:\\\/\\\/www.purejewels.com\\\/#website\"},\"primaryImageOfPage\":{\"@id\":\"https:\\\/\\\/www.purejewels.com\\\/product\\\/22ct-gold-initial-l-pendant-48443\\\/#primaryimage\"},\"image\":{\"@id\":\"https:\\\/\\\/www.purejewels.com\\\/product\\\/22ct-gold-initial-l-pendant-48443\\\/#primaryimage\"},\"thumbnailUrl\":\"https:\\\/\\\/static.purejewels.com\\\/wp-content\\\/uploads\\\/2023\\\/01\\\/SKU-48443.png\",\"datePublished\":\"2024-07-14T11:26:39+00:00\",\"dateModified\":\"2026-01-06T08:08:05+00:00\",\"description\":\"Order your 22ct Gold Alphabet Pendant for the letter L today and experience the difference for yourself! Free and fast UK Delivery\",\"breadcrumb\":{\"@id\":\"https:\\\/\\\/www.purejewels.com\\\/product\\\/22ct-gold-initial-l-pendant-48443\\\/#breadcrumb\"},\"inLanguage\":\"de\",\"potentialAction\":[{\"@type\":\"ReadAction\",\"target\":[\"https:\\\/\\\/www.purejewels.com\\\/product\\\/22ct-gold-initial-l-pendant-48443\\\/\"]}]},{\"@type\":\"ImageObject\",\"inLanguage\":\"de\",\"@id\":\"https:\\\/\\\/www.purejewels.com\\\/product\\\/22ct-gold-initial-l-pendant-48443\\\/#primaryimage\",\"url\":\"https:\\\/\\\/static.purejewels.com\\\/wp-content\\\/uploads\\\/2023\\\/01\\\/SKU-48443.png\",\"contentUrl\":\"https:\\\/\\\/static.purejewels.com\\\/wp-content\\\/uploads\\\/2023\\\/01\\\/SKU-48443.png\",\"width\":1000,\"height\":1000,\"caption\":\"22ct Gold Pendant\"},{\"@type\":\"BreadcrumbList\",\"@id\":\"https:\\\/\\\/www.purejewels.com\\\/product\\\/22ct-gold-initial-l-pendant-48443\\\/#breadcrumb\",\"itemListElement\":[{\"@type\":\"ListItem\",\"position\":1,\"name\":\"Home\",\"item\":\"https:\\\/\\\/www.purejewels.com\\\/\"},{\"@type\":\"ListItem\",\"position\":2,\"name\":\"Shop\",\"item\":\"https:\\\/\\\/www.purejewels.com\\\/shop\\\/\"},{\"@type\":\"ListItem\",\"position\":3,\"name\":\"22ct Gold Initial L Pendant | Unisex\"}]},{\"@type\":\"WebSite\",\"@id\":\"https:\\\/\\\/www.purejewels.com\\\/#website\",\"url\":\"https:\\\/\\\/www.purejewels.com\\\/\",\"name\":\"PureJewels UK\",\"description\":\"Share the Love\",\"publisher\":{\"@id\":\"https:\\\/\\\/www.purejewels.com\\\/#organization\"},\"potentialAction\":[{\"@type\":\"SearchAction\",\"target\":{\"@type\":\"EntryPoint\",\"urlTemplate\":\"https:\\\/\\\/www.purejewels.com\\\/?s={search_term_string}\"},\"query-input\":{\"@type\":\"PropertyValueSpecification\",\"valueRequired\":true,\"valueName\":\"search_term_string\"}}],\"inLanguage\":\"de\"},{\"@type\":\"Organization\",\"@id\":\"https:\\\/\\\/www.purejewels.com\\\/#organization\",\"name\":\"PureJewels UK\",\"url\":\"https:\\\/\\\/www.purejewels.com\\\/\",\"logo\":{\"@type\":\"ImageObject\",\"inLanguage\":\"de\",\"@id\":\"https:\\\/\\\/www.purejewels.com\\\/#\\\/schema\\\/logo\\\/image\\\/\",\"url\":\"https:\\\/\\\/static.purejewels.com\\\/wp-content\\\/uploads\\\/2020\\\/11\\\/Logo-PJ-New-1.png\",\"contentUrl\":\"https:\\\/\\\/static.purejewels.com\\\/wp-content\\\/uploads\\\/2020\\\/11\\\/Logo-PJ-New-1.png\",\"width\":150,\"height\":80,\"caption\":\"PureJewels UK\"},\"image\":{\"@id\":\"https:\\\/\\\/www.purejewels.com\\\/#\\\/schema\\\/logo\\\/image\\\/\"}}]}<\/script>\n<!-- \/ Yoast SEO plugin. -->","yoast_head_json":{"title":"22ct Gold L Initial-Anh\u00e4nger - Eleganz und Luxus, PureJewels UK","description":"Bestellen Sie noch heute Ihren 22ct Gold Alphabet-Anh\u00e4nger f\u00fcr den Buchstaben L und erleben Sie den Unterschied selbst! Kostenlose und schnelle UK Lieferung","robots":{"index":"index","follow":"follow","max-snippet":"max-snippet:-1","max-image-preview":"max-image-preview:large","max-video-preview":"max-video-preview:-1"},"canonical":"https:\/\/www.purejewels.com\/de\/produkt-2\/22-kt-gold-initial-l-anhanger-48443\/","og_locale":"de_DE","og_type":"article","og_title":"22ct Gold L Initial Pendant - Elegance and Luxury, PureJewels UK","og_description":"Order your 22ct Gold Alphabet Pendant for the letter L today and experience the difference for yourself! Free and fast UK Delivery","og_url":"https:\/\/www.purejewels.com\/de\/produkt-2\/22-kt-gold-initial-l-anhanger-48443\/","og_site_name":"PureJewels UK","article_modified_time":"2026-01-06T08:08:05+00:00","og_image":[{"width":1000,"height":1000,"url":"https:\/\/www.purejewels.com\/wp-content\/uploads\/2023\/01\/SKU-48443.png","type":"image\/png"}],"twitter_card":"summary_large_image","twitter_misc":{"Gesch\u00e4tzte Lesezeit":"2\u00a0Minuten"},"schema":{"@context":"https:\/\/schema.org","@graph":[{"@type":["WebPage","ItemPage"],"@id":"https:\/\/www.purejewels.com\/product\/22ct-gold-initial-l-pendant-48443\/","url":"https:\/\/www.purejewels.com\/product\/22ct-gold-initial-l-pendant-48443\/","name":"22ct Gold L Initial-Anh\u00e4nger - Eleganz und Luxus, PureJewels UK","isPartOf":{"@id":"https:\/\/www.purejewels.com\/#website"},"primaryImageOfPage":{"@id":"https:\/\/www.purejewels.com\/product\/22ct-gold-initial-l-pendant-48443\/#primaryimage"},"image":{"@id":"https:\/\/www.purejewels.com\/product\/22ct-gold-initial-l-pendant-48443\/#primaryimage"},"thumbnailUrl":"https:\/\/static.purejewels.com\/wp-content\/uploads\/2023\/01\/SKU-48443.png","datePublished":"2024-07-14T11:26:39+00:00","dateModified":"2026-01-06T08:08:05+00:00","description":"Bestellen Sie noch heute Ihren 22ct Gold Alphabet-Anh\u00e4nger f\u00fcr den Buchstaben L und erleben Sie den Unterschied selbst! Kostenlose und schnelle UK Lieferung","breadcrumb":{"@id":"https:\/\/www.purejewels.com\/product\/22ct-gold-initial-l-pendant-48443\/#breadcrumb"},"inLanguage":"de","potentialAction":[{"@type":"ReadAction","target":["https:\/\/www.purejewels.com\/product\/22ct-gold-initial-l-pendant-48443\/"]}]},{"@type":"ImageObject","inLanguage":"de","@id":"https:\/\/www.purejewels.com\/product\/22ct-gold-initial-l-pendant-48443\/#primaryimage","url":"https:\/\/static.purejewels.com\/wp-content\/uploads\/2023\/01\/SKU-48443.png","contentUrl":"https:\/\/static.purejewels.com\/wp-content\/uploads\/2023\/01\/SKU-48443.png","width":1000,"height":1000,"caption":"22ct Gold Pendant"},{"@type":"BreadcrumbList","@id":"https:\/\/www.purejewels.com\/product\/22ct-gold-initial-l-pendant-48443\/#breadcrumb","itemListElement":[{"@type":"ListItem","position":1,"name":"Home","item":"https:\/\/www.purejewels.com\/"},{"@type":"ListItem","position":2,"name":"Shop","item":"https:\/\/www.purejewels.com\/shop\/"},{"@type":"ListItem","position":3,"name":"22ct Gold Initial L Pendant | Unisex"}]},{"@type":"WebSite","@id":"https:\/\/www.purejewels.com\/#website","url":"https:\/\/www.purejewels.com\/","name":"PureJewels UK","description":"Teile die Liebe","publisher":{"@id":"https:\/\/www.purejewels.com\/#organization"},"potentialAction":[{"@type":"SearchAction","target":{"@type":"EntryPoint","urlTemplate":"https:\/\/www.purejewels.com\/?s={search_term_string}"},"query-input":{"@type":"PropertyValueSpecification","valueRequired":true,"valueName":"search_term_string"}}],"inLanguage":"de"},{"@type":"Organization","@id":"https:\/\/www.purejewels.com\/#organization","name":"PureJewels UK","url":"https:\/\/www.purejewels.com\/","logo":{"@type":"ImageObject","inLanguage":"de","@id":"https:\/\/www.purejewels.com\/#\/schema\/logo\/image\/","url":"https:\/\/static.purejewels.com\/wp-content\/uploads\/2020\/11\/Logo-PJ-New-1.png","contentUrl":"https:\/\/static.purejewels.com\/wp-content\/uploads\/2020\/11\/Logo-PJ-New-1.png","width":150,"height":80,"caption":"PureJewels UK"},"image":{"@id":"https:\/\/www.purejewels.com\/#\/schema\/logo\/image\/"}}]}},"_links":{"self":[{"href":"https:\/\/www.purejewels.com\/de\/wp-json\/wp\/v2\/product\/352115","targetHints":{"allow":["GET"]}}],"collection":[{"href":"https:\/\/www.purejewels.com\/de\/wp-json\/wp\/v2\/product"}],"about":[{"href":"https:\/\/www.purejewels.com\/de\/wp-json\/wp\/v2\/types\/product"}],"replies":[{"embeddable":true,"href":"https:\/\/www.purejewels.com\/de\/wp-json\/wp\/v2\/comments?post=352115"}],"version-history":[{"count":4,"href":"https:\/\/www.purejewels.com\/de\/wp-json\/wp\/v2\/product\/352115\/revisions"}],"predecessor-version":[{"id":420650,"href":"https:\/\/www.purejewels.com\/de\/wp-json\/wp\/v2\/product\/352115\/revisions\/420650"}],"wp:featuredmedia":[{"embeddable":true,"href":"https:\/\/www.purejewels.com\/de\/wp-json\/wp\/v2\/media\/367009"}],"wp:attachment":[{"href":"https:\/\/www.purejewels.com\/de\/wp-json\/wp\/v2\/media?parent=352115"}],"wp:term":[{"taxonomy":"product_brand","embeddable":true,"href":"https:\/\/www.purejewels.com\/de\/wp-json\/wp\/v2\/product_brand?post=352115"},{"taxonomy":"product_cat","embeddable":true,"href":"https:\/\/www.purejewels.com\/de\/wp-json\/wp\/v2\/product_cat?post=352115"},{"taxonomy":"product_tag","embeddable":true,"href":"https:\/\/www.purejewels.com\/de\/wp-json\/wp\/v2\/product_tag?post=352115"}],"curies":[{"name":"wp","href":"https:\/\/api.w.org\/{rel}","templated":true}]}}