{"id":352487,"date":"2023-12-04T13:22:10","date_gmt":"2023-12-04T13:22:10","guid":{"rendered":"https:\/\/www.purejewels.com\/?post_type=product&#038;p=352487"},"modified":"2026-01-06T05:33:50","modified_gmt":"2026-01-06T05:33:50","slug":"22ct-gold-damen-ohrstecker-mit-rhodium-finish-46497","status":"publish","type":"product","link":"https:\/\/www.purejewels.com\/de\/product\/22ct-gold-ladies-stud-earring-with-rhodium-finish-46497\/","title":{"rendered":"22ct Gold Ohrstecker mit Rhodium Finish"},"content":{"rendered":"<p data-start=\"296\" data-end=\"578\">Mit unseren 22-kar\u00e4tigen Gold-Ohrsteckern, die aus reinem 22-kar\u00e4tigem Gelbgold gefertigt und mit einem raffinierten Rhodium-Finish veredelt wurden, verleihen Sie Ihrem Alltagsstil einen besonderen Touch. Die gl\u00e4nzenden, silberfarbenen Details bilden einen sch\u00f6nen Kontrast und sorgen f\u00fcr visuelle Faszination und verbesserte Haltbarkeit.<\/p>\n<p data-start=\"580\" data-end=\"859\">Diese minimalistisch gestalteten Ohrstecker bieten m\u00fchelose Eleganz - ideal f\u00fcr das t\u00e4gliche Tragen, aber auch raffiniert genug f\u00fcr besondere Anl\u00e4sse. Die Verschmelzung von klassischem Gold und modernem Rhodium macht sie zu einer vielseitigen Wahl f\u00fcr Frauen, die subtilen Luxus und raffinierten Schmuck sch\u00e4tzen. <a href=\"https:\/\/www.purejewels.com\/de\/a-guide-to-die-stamping\/\">Handwerkskunst<\/a>.<\/p>\n<p data-start=\"861\" data-end=\"1072\">Diese Ohrringe lassen sich sowohl mit traditioneller Kleidung als auch mit Westernsilhouetten kombinieren und sind eine durchdachte und stilvolle Wahl f\u00fcr <strong data-start=\"990\" data-end=\"1009\">Diwali Geschenke UK<\/strong>-ein Symbol f\u00fcr Anmut und Festlichkeit in einem einzigen, zeitlosen St\u00fcck.<\/p>\n<p>SKU: 46497<br \/>\n<b>Bereich ID YGER907<\/b><\/p>","protected":false},"excerpt":{"rendered":"<div class=\"woocommerce-product-details__short-description\">\n<p>Elegante Ohrstecker aus 22-kar\u00e4tigem Gold mit gl\u00e4nzendem Rhodium-Finish f\u00fcr moderne Eleganz.<br data-start=\"1004\" data-end=\"1007\" \/>Perfekt f\u00fcr den t\u00e4glichen Gebrauch oder als raffinierte Erg\u00e4nzung zu jedem Outfit.<\/p>\n<table class=\"sh_desc\">\n<tbody>\n<tr>\n<td>Art des Ohrrings<\/td>\n<td>Ohrstecker mit Rhodium-Finish<\/td>\n<\/tr>\n<tr>\n<td>SKU<\/td>\n<td>46497<\/td>\n<\/tr>\n<tr>\n<td>Gewicht<\/td>\n<td>1,9 Gramm<\/td>\n<\/tr>\n<tr>\n<td>Dimension<\/td>\n<td>Breite 7,6 mm, H\u00f6he 12,6 mm<\/td>\n<\/tr>\n<tr>\n<td>Metall<\/td>\n<td>22ct Gold<\/td>\n<\/tr>\n<tr>\n<td>Entgelte<\/td>\n<td>Lieferung und Mehrwertsteuer inbegriffen<\/td>\n<\/tr>\n<tr>\n<td>Verpackung<\/td>\n<td>Mit Pr\u00e4sentationsbox<\/td>\n<\/tr>\n<tr>\n<td>Mehr Informationen<\/td>\n<td>Live-Chat mit uns f\u00fcr Verf\u00fcgbarkeit und mehr Bilder<\/td>\n<\/tr>\n<\/tbody>\n<\/table>\n<\/div>\n<div class=\"btn-atc atc-slide\"><\/div>\n<div class=\"product_meta\"><\/div>","protected":false},"featured_media":352640,"comment_status":"closed","ping_status":"closed","template":"","meta":{"_eb_attr":"","_crsspst_to_jayantr4sg-hostcom":true},"product_brand":[],"product_cat":[1791,1559,1793,1254,1229,5343,5338,1577,1575,1574,5349],"product_tag":[1430,66],"class_list":{"0":"post-352487","1":"product","2":"type-product","3":"status-publish","4":"has-post-thumbnail","6":"product_cat-anniversary-gifts","7":"product_cat-birthday-gifts","8":"product_cat-diwali-gifts","9":"product_cat-gold-earrings","10":"product_cat-22ct-gold-jewellery","11":"product_cat-jewellery-under-550","12":"product_cat-shop-by-price","13":"product_cat-stud-earrings","14":"product_cat-teenage-jewellery","15":"product_cat-womens-jewellery","16":"product_cat-yellow-gold-jewellery","17":"product_tag-diwali-gift","18":"product_tag-earrings","20":"first","21":"outofstock","22":"taxable","23":"shipping-taxable","24":"product-type-simple","25":"add-to-wishlist-before_image"},"yoast_head":"<!-- This site is optimized with the Yoast SEO plugin v27.6 - https:\/\/yoast.com\/product\/yoast-seo-wordpress\/ -->\n<title>Order Online 22ct Gold Ladies Stud Earring with Rhodium Finish<\/title>\n<meta name=\"description\" content=\"Buy 22ct Gold Ladies Stud Earring with Rhodium Finish that sparkles brightly when it catches the light. free delivery across UK.\" \/>\n<meta name=\"robots\" content=\"index, follow, max-snippet:-1, max-image-preview:large, max-video-preview:-1\" \/>\n<link rel=\"canonical\" href=\"https:\/\/www.purejewels.com\/de\/produkt-2\/22ct-gold-damen-ohrstecker-mit-rhodium-finish-46497\/\" \/>\n<meta property=\"og:locale\" content=\"de_DE\" \/>\n<meta property=\"og:type\" content=\"article\" \/>\n<meta property=\"og:title\" content=\"Order Online 22ct Gold Ladies Stud Earring with Rhodium Finish\" \/>\n<meta property=\"og:description\" content=\"Buy 22ct Gold Ladies Stud Earring with Rhodium Finish that sparkles brightly when it catches the light. free delivery across UK.\" \/>\n<meta property=\"og:url\" content=\"https:\/\/www.purejewels.com\/de\/produkt-2\/22ct-gold-damen-ohrstecker-mit-rhodium-finish-46497\/\" \/>\n<meta property=\"og:site_name\" content=\"PureJewels UK\" \/>\n<meta property=\"article:modified_time\" content=\"2026-01-06T05:33:50+00:00\" \/>\n<meta property=\"og:image\" content=\"https:\/\/www.purejewels.com\/wp-content\/uploads\/2023\/10\/46497.png\" \/>\n\t<meta property=\"og:image:width\" content=\"1000\" \/>\n\t<meta property=\"og:image:height\" content=\"1000\" \/>\n\t<meta property=\"og:image:type\" content=\"image\/png\" \/>\n<meta name=\"twitter:card\" content=\"summary_large_image\" \/>\n<meta name=\"twitter:label1\" content=\"Gesch\u00e4tzte Lesezeit\" \/>\n\t<meta name=\"twitter:data1\" content=\"1\u00a0Minute\" \/>\n<script type=\"application\/ld+json\" class=\"yoast-schema-graph\">{\"@context\":\"https:\\\/\\\/schema.org\",\"@graph\":[{\"@type\":[\"WebPage\",\"ItemPage\"],\"@id\":\"https:\\\/\\\/www.purejewels.com\\\/product\\\/22ct-gold-ladies-stud-earring-with-rhodium-finish-46497\\\/\",\"url\":\"https:\\\/\\\/www.purejewels.com\\\/product\\\/22ct-gold-ladies-stud-earring-with-rhodium-finish-46497\\\/\",\"name\":\"Order Online 22ct Gold Ladies Stud Earring with Rhodium Finish\",\"isPartOf\":{\"@id\":\"https:\\\/\\\/www.purejewels.com\\\/#website\"},\"primaryImageOfPage\":{\"@id\":\"https:\\\/\\\/www.purejewels.com\\\/product\\\/22ct-gold-ladies-stud-earring-with-rhodium-finish-46497\\\/#primaryimage\"},\"image\":{\"@id\":\"https:\\\/\\\/www.purejewels.com\\\/product\\\/22ct-gold-ladies-stud-earring-with-rhodium-finish-46497\\\/#primaryimage\"},\"thumbnailUrl\":\"https:\\\/\\\/static.purejewels.com\\\/wp-content\\\/uploads\\\/2023\\\/10\\\/46497.png\",\"datePublished\":\"2023-12-04T13:22:10+00:00\",\"dateModified\":\"2026-01-06T05:33:50+00:00\",\"description\":\"Buy 22ct Gold Ladies Stud Earring with Rhodium Finish that sparkles brightly when it catches the light. free delivery across UK.\",\"breadcrumb\":{\"@id\":\"https:\\\/\\\/www.purejewels.com\\\/product\\\/22ct-gold-ladies-stud-earring-with-rhodium-finish-46497\\\/#breadcrumb\"},\"inLanguage\":\"de\",\"potentialAction\":[{\"@type\":\"ReadAction\",\"target\":[\"https:\\\/\\\/www.purejewels.com\\\/product\\\/22ct-gold-ladies-stud-earring-with-rhodium-finish-46497\\\/\"]}]},{\"@type\":\"ImageObject\",\"inLanguage\":\"de\",\"@id\":\"https:\\\/\\\/www.purejewels.com\\\/product\\\/22ct-gold-ladies-stud-earring-with-rhodium-finish-46497\\\/#primaryimage\",\"url\":\"https:\\\/\\\/static.purejewels.com\\\/wp-content\\\/uploads\\\/2023\\\/10\\\/46497.png\",\"contentUrl\":\"https:\\\/\\\/static.purejewels.com\\\/wp-content\\\/uploads\\\/2023\\\/10\\\/46497.png\",\"width\":1000,\"height\":1000,\"caption\":\"22ct Gold Stud Earring with Rhodium Finish\"},{\"@type\":\"BreadcrumbList\",\"@id\":\"https:\\\/\\\/www.purejewels.com\\\/product\\\/22ct-gold-ladies-stud-earring-with-rhodium-finish-46497\\\/#breadcrumb\",\"itemListElement\":[{\"@type\":\"ListItem\",\"position\":1,\"name\":\"Home\",\"item\":\"https:\\\/\\\/www.purejewels.com\\\/\"},{\"@type\":\"ListItem\",\"position\":2,\"name\":\"Shop\",\"item\":\"https:\\\/\\\/www.purejewels.com\\\/shop\\\/\"},{\"@type\":\"ListItem\",\"position\":3,\"name\":\"22ct Gold Stud Earring with Rhodium Finish\"}]},{\"@type\":\"WebSite\",\"@id\":\"https:\\\/\\\/www.purejewels.com\\\/#website\",\"url\":\"https:\\\/\\\/www.purejewels.com\\\/\",\"name\":\"PureJewels UK\",\"description\":\"Share the Love\",\"publisher\":{\"@id\":\"https:\\\/\\\/www.purejewels.com\\\/#organization\"},\"potentialAction\":[{\"@type\":\"SearchAction\",\"target\":{\"@type\":\"EntryPoint\",\"urlTemplate\":\"https:\\\/\\\/www.purejewels.com\\\/?s={search_term_string}\"},\"query-input\":{\"@type\":\"PropertyValueSpecification\",\"valueRequired\":true,\"valueName\":\"search_term_string\"}}],\"inLanguage\":\"de\"},{\"@type\":\"Organization\",\"@id\":\"https:\\\/\\\/www.purejewels.com\\\/#organization\",\"name\":\"PureJewels UK\",\"url\":\"https:\\\/\\\/www.purejewels.com\\\/\",\"logo\":{\"@type\":\"ImageObject\",\"inLanguage\":\"de\",\"@id\":\"https:\\\/\\\/www.purejewels.com\\\/#\\\/schema\\\/logo\\\/image\\\/\",\"url\":\"https:\\\/\\\/static.purejewels.com\\\/wp-content\\\/uploads\\\/2020\\\/11\\\/Logo-PJ-New-1.png\",\"contentUrl\":\"https:\\\/\\\/static.purejewels.com\\\/wp-content\\\/uploads\\\/2020\\\/11\\\/Logo-PJ-New-1.png\",\"width\":150,\"height\":80,\"caption\":\"PureJewels UK\"},\"image\":{\"@id\":\"https:\\\/\\\/www.purejewels.com\\\/#\\\/schema\\\/logo\\\/image\\\/\"}}]}<\/script>\n<!-- \/ Yoast SEO plugin. -->","yoast_head_json":{"title":"Online bestellen 22ct Gold Damen Ohrstecker mit Rhodium Finish","description":"Kaufen Sie 22ct Gold Damen Ohrstecker mit Rhodium-Finish, dass funkelt hell, wenn es das Licht f\u00e4ngt. kostenlose Lieferung in Gro\u00dfbritannien.","robots":{"index":"index","follow":"follow","max-snippet":"max-snippet:-1","max-image-preview":"max-image-preview:large","max-video-preview":"max-video-preview:-1"},"canonical":"https:\/\/www.purejewels.com\/de\/produkt-2\/22ct-gold-damen-ohrstecker-mit-rhodium-finish-46497\/","og_locale":"de_DE","og_type":"article","og_title":"Order Online 22ct Gold Ladies Stud Earring with Rhodium Finish","og_description":"Buy 22ct Gold Ladies Stud Earring with Rhodium Finish that sparkles brightly when it catches the light. free delivery across UK.","og_url":"https:\/\/www.purejewels.com\/de\/produkt-2\/22ct-gold-damen-ohrstecker-mit-rhodium-finish-46497\/","og_site_name":"PureJewels UK","article_modified_time":"2026-01-06T05:33:50+00:00","og_image":[{"width":1000,"height":1000,"url":"https:\/\/www.purejewels.com\/wp-content\/uploads\/2023\/10\/46497.png","type":"image\/png"}],"twitter_card":"summary_large_image","twitter_misc":{"Gesch\u00e4tzte Lesezeit":"1\u00a0Minute"},"schema":{"@context":"https:\/\/schema.org","@graph":[{"@type":["WebPage","ItemPage"],"@id":"https:\/\/www.purejewels.com\/product\/22ct-gold-ladies-stud-earring-with-rhodium-finish-46497\/","url":"https:\/\/www.purejewels.com\/product\/22ct-gold-ladies-stud-earring-with-rhodium-finish-46497\/","name":"Online bestellen 22ct Gold Damen Ohrstecker mit Rhodium Finish","isPartOf":{"@id":"https:\/\/www.purejewels.com\/#website"},"primaryImageOfPage":{"@id":"https:\/\/www.purejewels.com\/product\/22ct-gold-ladies-stud-earring-with-rhodium-finish-46497\/#primaryimage"},"image":{"@id":"https:\/\/www.purejewels.com\/product\/22ct-gold-ladies-stud-earring-with-rhodium-finish-46497\/#primaryimage"},"thumbnailUrl":"https:\/\/static.purejewels.com\/wp-content\/uploads\/2023\/10\/46497.png","datePublished":"2023-12-04T13:22:10+00:00","dateModified":"2026-01-06T05:33:50+00:00","description":"Kaufen Sie 22ct Gold Damen Ohrstecker mit Rhodium-Finish, dass funkelt hell, wenn es das Licht f\u00e4ngt. kostenlose Lieferung in Gro\u00dfbritannien.","breadcrumb":{"@id":"https:\/\/www.purejewels.com\/product\/22ct-gold-ladies-stud-earring-with-rhodium-finish-46497\/#breadcrumb"},"inLanguage":"de","potentialAction":[{"@type":"ReadAction","target":["https:\/\/www.purejewels.com\/product\/22ct-gold-ladies-stud-earring-with-rhodium-finish-46497\/"]}]},{"@type":"ImageObject","inLanguage":"de","@id":"https:\/\/www.purejewels.com\/product\/22ct-gold-ladies-stud-earring-with-rhodium-finish-46497\/#primaryimage","url":"https:\/\/static.purejewels.com\/wp-content\/uploads\/2023\/10\/46497.png","contentUrl":"https:\/\/static.purejewels.com\/wp-content\/uploads\/2023\/10\/46497.png","width":1000,"height":1000,"caption":"22ct Gold Stud Earring with Rhodium Finish"},{"@type":"BreadcrumbList","@id":"https:\/\/www.purejewels.com\/product\/22ct-gold-ladies-stud-earring-with-rhodium-finish-46497\/#breadcrumb","itemListElement":[{"@type":"ListItem","position":1,"name":"Home","item":"https:\/\/www.purejewels.com\/"},{"@type":"ListItem","position":2,"name":"Shop","item":"https:\/\/www.purejewels.com\/shop\/"},{"@type":"ListItem","position":3,"name":"22ct Gold Stud Earring with Rhodium Finish"}]},{"@type":"WebSite","@id":"https:\/\/www.purejewels.com\/#website","url":"https:\/\/www.purejewels.com\/","name":"PureJewels UK","description":"Teile die Liebe","publisher":{"@id":"https:\/\/www.purejewels.com\/#organization"},"potentialAction":[{"@type":"SearchAction","target":{"@type":"EntryPoint","urlTemplate":"https:\/\/www.purejewels.com\/?s={search_term_string}"},"query-input":{"@type":"PropertyValueSpecification","valueRequired":true,"valueName":"search_term_string"}}],"inLanguage":"de"},{"@type":"Organization","@id":"https:\/\/www.purejewels.com\/#organization","name":"PureJewels UK","url":"https:\/\/www.purejewels.com\/","logo":{"@type":"ImageObject","inLanguage":"de","@id":"https:\/\/www.purejewels.com\/#\/schema\/logo\/image\/","url":"https:\/\/static.purejewels.com\/wp-content\/uploads\/2020\/11\/Logo-PJ-New-1.png","contentUrl":"https:\/\/static.purejewels.com\/wp-content\/uploads\/2020\/11\/Logo-PJ-New-1.png","width":150,"height":80,"caption":"PureJewels UK"},"image":{"@id":"https:\/\/www.purejewels.com\/#\/schema\/logo\/image\/"}}]}},"_links":{"self":[{"href":"https:\/\/www.purejewels.com\/de\/wp-json\/wp\/v2\/product\/352487","targetHints":{"allow":["GET"]}}],"collection":[{"href":"https:\/\/www.purejewels.com\/de\/wp-json\/wp\/v2\/product"}],"about":[{"href":"https:\/\/www.purejewels.com\/de\/wp-json\/wp\/v2\/types\/product"}],"replies":[{"embeddable":true,"href":"https:\/\/www.purejewels.com\/de\/wp-json\/wp\/v2\/comments?post=352487"}],"version-history":[{"count":4,"href":"https:\/\/www.purejewels.com\/de\/wp-json\/wp\/v2\/product\/352487\/revisions"}],"predecessor-version":[{"id":415719,"href":"https:\/\/www.purejewels.com\/de\/wp-json\/wp\/v2\/product\/352487\/revisions\/415719"}],"wp:featuredmedia":[{"embeddable":true,"href":"https:\/\/www.purejewels.com\/de\/wp-json\/wp\/v2\/media\/352640"}],"wp:attachment":[{"href":"https:\/\/www.purejewels.com\/de\/wp-json\/wp\/v2\/media?parent=352487"}],"wp:term":[{"taxonomy":"product_brand","embeddable":true,"href":"https:\/\/www.purejewels.com\/de\/wp-json\/wp\/v2\/product_brand?post=352487"},{"taxonomy":"product_cat","embeddable":true,"href":"https:\/\/www.purejewels.com\/de\/wp-json\/wp\/v2\/product_cat?post=352487"},{"taxonomy":"product_tag","embeddable":true,"href":"https:\/\/www.purejewels.com\/de\/wp-json\/wp\/v2\/product_tag?post=352487"}],"curies":[{"name":"wp","href":"https:\/\/api.w.org\/{rel}","templated":true}]}}