{"id":352845,"date":"2023-11-23T06:25:05","date_gmt":"2023-11-23T06:25:05","guid":{"rendered":"https:\/\/www.purejewels.com\/?post_type=product&#038;p=352845"},"modified":"2026-02-04T06:46:34","modified_gmt":"2026-02-04T06:46:34","slug":"22ct-gold-armari-antik-stil-lange-halskette-49666","status":"publish","type":"product","link":"https:\/\/www.purejewels.com\/de\/product\/22ct-gold-armari-antique-style-long-necklace-49666\/","title":{"rendered":"22ct Gold Armari antiken Stil lange Halskette | 27 Zentimeter"},"content":{"rendered":"<h3 data-start=\"659\" data-end=\"682\"><strong data-start=\"663\" data-end=\"682\">Gestaltungskonzept:<\/strong><\/h3>\n<p data-start=\"684\" data-end=\"960\">Das von Tempelschmuck und k\u00f6niglichen Erbst\u00fccken inspirierte Design zeigt einen herzf\u00f6rmigen Anh\u00e4nger, der mit Pfauen- und Blumenmotiven verziert ist, umrahmt von zarten Perlen und filigranen Verzierungen. Die breite Kette ist in einem Gittergeflecht strukturiert, das St\u00e4rke und Tradition symbolisiert.<\/p>\n<hr data-start=\"962\" data-end=\"965\" \/>\n<h3 data-start=\"967\" data-end=\"989\"><strong data-start=\"971\" data-end=\"989\">Handwerkliches K\u00f6nnen:<\/strong><\/h3>\n<p data-start=\"991\" data-end=\"1258\">Dieses von erfahrenen Kunsthandwerkern in Handarbeit gefertigte St\u00fcck verbindet klassische Goldschmiedetechniken mit sorgf\u00e4ltigen Details. Das matte Antik-Finish unterstreicht seinen Vintage-Charme, w\u00e4hrend der skulpturale Anh\u00e4nger die besten Traditionen der indischen Schmuckherstellung widerspiegelt.<\/p>\n<hr data-start=\"1260\" data-end=\"1263\" \/>\n<h3 data-start=\"1265\" data-end=\"1285\"><strong data-start=\"1269\" data-end=\"1285\">Stil-Ideen:<\/strong><\/h3>\n<ul>\n<li data-start=\"1289\" data-end=\"1364\">Ein perfektes Schaust\u00fcck f\u00fcr Sarees, Lehengas oder traditionelle Kleider<\/li>\n<li data-start=\"1367\" data-end=\"1431\">Ideal f\u00fcr Feste, Tempelzeremonien oder kulturelle Veranstaltungen<\/li>\n<li data-start=\"1434\" data-end=\"1495\">Kombinieren Sie es mit Halsb\u00e4ndern oder Harams f\u00fcr einen mehrschichtigen k\u00f6niglichen Look<\/li>\n<li data-start=\"1498\" data-end=\"1562\">Peppen Sie jedes minimalistische Outfit mit einem k\u00fchnen Heritage-Statement auf<\/li>\n<\/ul>","protected":false},"excerpt":{"rendered":"<p>Diese lange Halskette im antiken Stil von Armari aus reinem 22-kar\u00e4tigem Gold ist eine Hommage an das traditionelle indische Erbe mit einem modernen Hauch von Erhabenheit. Sie misst 27 Zoll und zeigt einen k\u00fchnen, kunstvoll geschnitzten Medaillon-Anh\u00e4nger, der an einer wundersch\u00f6n geflochtenen, mehrreihigen Goldkette h\u00e4ngt und einen Look von zeitloser Eleganz und kulturellem Reichtum schafft.<\/p>\n<div><strong>Material:<\/strong>\u00a022ct Gold<\/div>\n<div><strong>Reinheit:<\/strong>\u00a091.6% Reines Gold<\/div>\n<div><strong>Wahrzeichen:<\/strong>\u00a0Britisches G\u00fctesiegel<\/div>\n<div><strong>Bruttogewicht: <\/strong>80.94 Gms<\/div>\n<div><strong>Beenden:\u00a0<\/strong>Antike_Matte<\/div>\n<div><strong>L\u00e4nge:<\/strong> 27 Zoll<\/div>\n<div><strong>SKU:<\/strong> 52973<\/div>\n<div><\/div>\n<div>\n<p><strong>Preis und Lieferung<\/strong>: Inklusive Mehrwertsteuer und Lieferkosten<br \/>\n<a href=\"https:\/\/www.purejewels.com\/de\/ruckgabepolitik\/\">R\u00fcckgabepolitik<\/a><\/p>\n<\/div>","protected":false},"featured_media":353241,"comment_status":"closed","ping_status":"closed","template":"","meta":{"_eb_attr":"","_crsspst_to_jayantr4sg-hostcom":false},"product_brand":[],"product_cat":[1780,245,5643,1625,236,1229,1253,1573,1574],"product_tag":[],"class_list":{"0":"post-352845","1":"product","2":"type-product","3":"status-publish","4":"has-post-thumbnail","6":"product_cat-antique-style-necklaces","7":"product_cat-armari-collections","8":"product_cat-armari-necklace","9":"product_cat-bridal-set","10":"product_cat-collections","11":"product_cat-22ct-gold-jewellery","12":"product_cat-gold-necklaces","13":"product_cat-wedding-gifts","14":"product_cat-womens-jewellery","16":"first","17":"outofstock","18":"taxable","19":"shipping-taxable","20":"product-type-simple","21":"add-to-wishlist-before_image"},"yoast_head":"<!-- This site is optimized with the Yoast SEO plugin v27.3 - https:\/\/yoast.com\/product\/yoast-seo-wordpress\/ -->\n<title>22ct Gold Antique Style Necklace From Armari Collection in UK<\/title>\n<meta name=\"description\" content=\"Real Gold Necklace For Wedding &amp; Special Occasion Antique Rani Haar Style Necklace by PureJewels | Quick Delivery | Easy Returns.\" \/>\n<meta name=\"robots\" content=\"index, follow, max-snippet:-1, max-image-preview:large, max-video-preview:-1\" \/>\n<link rel=\"canonical\" href=\"https:\/\/www.purejewels.com\/de\/produkt-2\/22ct-gold-armari-antik-stil-lange-halskette-49666\/\" \/>\n<meta property=\"og:locale\" content=\"de_DE\" \/>\n<meta property=\"og:type\" content=\"article\" \/>\n<meta property=\"og:title\" content=\"22ct Gold Antique Style Necklace From Armari Collection in UK\" \/>\n<meta property=\"og:description\" content=\"Real Gold Necklace For Wedding &amp; Special Occasion Antique Rani Haar Style Necklace by PureJewels | Quick Delivery | Easy Returns.\" \/>\n<meta property=\"og:url\" content=\"https:\/\/www.purejewels.com\/de\/produkt-2\/22ct-gold-armari-antik-stil-lange-halskette-49666\/\" \/>\n<meta property=\"og:site_name\" content=\"PureJewels UK\" \/>\n<meta property=\"article:modified_time\" content=\"2026-02-04T06:46:34+00:00\" \/>\n<meta property=\"og:image\" content=\"https:\/\/static.purejewels.com\/wp-content\/uploads\/2023\/10\/46054-final.jpg\" \/>\n\t<meta property=\"og:image:width\" content=\"1000\" \/>\n\t<meta property=\"og:image:height\" content=\"1000\" \/>\n\t<meta property=\"og:image:type\" content=\"image\/jpeg\" \/>\n<meta name=\"twitter:card\" content=\"summary_large_image\" \/>\n<meta name=\"twitter:label1\" content=\"Gesch\u00e4tzte Lesezeit\" \/>\n\t<meta name=\"twitter:data1\" content=\"1\u00a0Minute\" \/>\n<script type=\"application\/ld+json\" class=\"yoast-schema-graph\">{\"@context\":\"https:\\\/\\\/schema.org\",\"@graph\":[{\"@type\":[\"WebPage\",\"ItemPage\"],\"@id\":\"https:\\\/\\\/www.purejewels.com\\\/product\\\/22ct-gold-armari-antique-style-long-necklace-49666\\\/\",\"url\":\"https:\\\/\\\/www.purejewels.com\\\/product\\\/22ct-gold-armari-antique-style-long-necklace-49666\\\/\",\"name\":\"22ct Gold Antique Style Necklace From Armari Collection in UK\",\"isPartOf\":{\"@id\":\"https:\\\/\\\/www.purejewels.com\\\/#website\"},\"primaryImageOfPage\":{\"@id\":\"https:\\\/\\\/www.purejewels.com\\\/product\\\/22ct-gold-armari-antique-style-long-necklace-49666\\\/#primaryimage\"},\"image\":{\"@id\":\"https:\\\/\\\/www.purejewels.com\\\/product\\\/22ct-gold-armari-antique-style-long-necklace-49666\\\/#primaryimage\"},\"thumbnailUrl\":\"https:\\\/\\\/static.purejewels.com\\\/wp-content\\\/uploads\\\/2023\\\/10\\\/46054-final.jpg\",\"datePublished\":\"2023-11-23T06:25:05+00:00\",\"dateModified\":\"2026-02-04T06:46:34+00:00\",\"description\":\"Real Gold Necklace For Wedding & Special Occasion Antique Rani Haar Style Necklace by PureJewels | Quick Delivery | Easy Returns.\",\"breadcrumb\":{\"@id\":\"https:\\\/\\\/www.purejewels.com\\\/product\\\/22ct-gold-armari-antique-style-long-necklace-49666\\\/#breadcrumb\"},\"inLanguage\":\"de\",\"potentialAction\":[{\"@type\":\"ReadAction\",\"target\":[\"https:\\\/\\\/www.purejewels.com\\\/product\\\/22ct-gold-armari-antique-style-long-necklace-49666\\\/\"]}]},{\"@type\":\"ImageObject\",\"inLanguage\":\"de\",\"@id\":\"https:\\\/\\\/www.purejewels.com\\\/product\\\/22ct-gold-armari-antique-style-long-necklace-49666\\\/#primaryimage\",\"url\":\"https:\\\/\\\/static.purejewels.com\\\/wp-content\\\/uploads\\\/2023\\\/10\\\/46054-final.jpg\",\"contentUrl\":\"https:\\\/\\\/static.purejewels.com\\\/wp-content\\\/uploads\\\/2023\\\/10\\\/46054-final.jpg\",\"width\":1000,\"height\":1000,\"caption\":\"22ct Gold Armari Antique Style Long Necklace\"},{\"@type\":\"BreadcrumbList\",\"@id\":\"https:\\\/\\\/www.purejewels.com\\\/product\\\/22ct-gold-armari-antique-style-long-necklace-49666\\\/#breadcrumb\",\"itemListElement\":[{\"@type\":\"ListItem\",\"position\":1,\"name\":\"Home\",\"item\":\"https:\\\/\\\/www.purejewels.com\\\/\"},{\"@type\":\"ListItem\",\"position\":2,\"name\":\"Shop\",\"item\":\"https:\\\/\\\/www.purejewels.com\\\/shop\\\/\"},{\"@type\":\"ListItem\",\"position\":3,\"name\":\"22ct Gold Armari Antique Style Long Necklace | 27 Inches\"}]},{\"@type\":\"WebSite\",\"@id\":\"https:\\\/\\\/www.purejewels.com\\\/#website\",\"url\":\"https:\\\/\\\/www.purejewels.com\\\/\",\"name\":\"PureJewels UK\",\"description\":\"Share the Love\",\"publisher\":{\"@id\":\"https:\\\/\\\/www.purejewels.com\\\/#organization\"},\"potentialAction\":[{\"@type\":\"SearchAction\",\"target\":{\"@type\":\"EntryPoint\",\"urlTemplate\":\"https:\\\/\\\/www.purejewels.com\\\/?s={search_term_string}\"},\"query-input\":{\"@type\":\"PropertyValueSpecification\",\"valueRequired\":true,\"valueName\":\"search_term_string\"}}],\"inLanguage\":\"de\"},{\"@type\":\"Organization\",\"@id\":\"https:\\\/\\\/www.purejewels.com\\\/#organization\",\"name\":\"PureJewels UK\",\"url\":\"https:\\\/\\\/www.purejewels.com\\\/\",\"logo\":{\"@type\":\"ImageObject\",\"inLanguage\":\"de\",\"@id\":\"https:\\\/\\\/www.purejewels.com\\\/#\\\/schema\\\/logo\\\/image\\\/\",\"url\":\"https:\\\/\\\/static.purejewels.com\\\/wp-content\\\/uploads\\\/2020\\\/11\\\/Logo-PJ-New-1.png\",\"contentUrl\":\"https:\\\/\\\/static.purejewels.com\\\/wp-content\\\/uploads\\\/2020\\\/11\\\/Logo-PJ-New-1.png\",\"width\":150,\"height\":80,\"caption\":\"PureJewels UK\"},\"image\":{\"@id\":\"https:\\\/\\\/www.purejewels.com\\\/#\\\/schema\\\/logo\\\/image\\\/\"}}]}<\/script>\n<!-- \/ Yoast SEO plugin. -->","yoast_head_json":{"title":"22ct Gold Antik Stil Halskette von Armari Sammlung in UK","description":"Echtes Gold Halskette f\u00fcr Hochzeit &amp; besonderen Anlass Antike Rani Haar Stil Halskette von PureJewels | Schnelle Lieferung | Einfache R\u00fcckgabe.","robots":{"index":"index","follow":"follow","max-snippet":"max-snippet:-1","max-image-preview":"max-image-preview:large","max-video-preview":"max-video-preview:-1"},"canonical":"https:\/\/www.purejewels.com\/de\/produkt-2\/22ct-gold-armari-antik-stil-lange-halskette-49666\/","og_locale":"de_DE","og_type":"article","og_title":"22ct Gold Antique Style Necklace From Armari Collection in UK","og_description":"Real Gold Necklace For Wedding & Special Occasion Antique Rani Haar Style Necklace by PureJewels | Quick Delivery | Easy Returns.","og_url":"https:\/\/www.purejewels.com\/de\/produkt-2\/22ct-gold-armari-antik-stil-lange-halskette-49666\/","og_site_name":"PureJewels UK","article_modified_time":"2026-02-04T06:46:34+00:00","og_image":[{"width":1000,"height":1000,"url":"https:\/\/static.purejewels.com\/wp-content\/uploads\/2023\/10\/46054-final.jpg","type":"image\/jpeg"}],"twitter_card":"summary_large_image","twitter_misc":{"Gesch\u00e4tzte Lesezeit":"1\u00a0Minute"},"schema":{"@context":"https:\/\/schema.org","@graph":[{"@type":["WebPage","ItemPage"],"@id":"https:\/\/www.purejewels.com\/product\/22ct-gold-armari-antique-style-long-necklace-49666\/","url":"https:\/\/www.purejewels.com\/product\/22ct-gold-armari-antique-style-long-necklace-49666\/","name":"22ct Gold Antik Stil Halskette von Armari Sammlung in UK","isPartOf":{"@id":"https:\/\/www.purejewels.com\/#website"},"primaryImageOfPage":{"@id":"https:\/\/www.purejewels.com\/product\/22ct-gold-armari-antique-style-long-necklace-49666\/#primaryimage"},"image":{"@id":"https:\/\/www.purejewels.com\/product\/22ct-gold-armari-antique-style-long-necklace-49666\/#primaryimage"},"thumbnailUrl":"https:\/\/static.purejewels.com\/wp-content\/uploads\/2023\/10\/46054-final.jpg","datePublished":"2023-11-23T06:25:05+00:00","dateModified":"2026-02-04T06:46:34+00:00","description":"Echtes Gold Halskette f\u00fcr Hochzeit &amp; besonderen Anlass Antike Rani Haar Stil Halskette von PureJewels | Schnelle Lieferung | Einfache R\u00fcckgabe.","breadcrumb":{"@id":"https:\/\/www.purejewels.com\/product\/22ct-gold-armari-antique-style-long-necklace-49666\/#breadcrumb"},"inLanguage":"de","potentialAction":[{"@type":"ReadAction","target":["https:\/\/www.purejewels.com\/product\/22ct-gold-armari-antique-style-long-necklace-49666\/"]}]},{"@type":"ImageObject","inLanguage":"de","@id":"https:\/\/www.purejewels.com\/product\/22ct-gold-armari-antique-style-long-necklace-49666\/#primaryimage","url":"https:\/\/static.purejewels.com\/wp-content\/uploads\/2023\/10\/46054-final.jpg","contentUrl":"https:\/\/static.purejewels.com\/wp-content\/uploads\/2023\/10\/46054-final.jpg","width":1000,"height":1000,"caption":"22ct Gold Armari Antique Style Long Necklace"},{"@type":"BreadcrumbList","@id":"https:\/\/www.purejewels.com\/product\/22ct-gold-armari-antique-style-long-necklace-49666\/#breadcrumb","itemListElement":[{"@type":"ListItem","position":1,"name":"Home","item":"https:\/\/www.purejewels.com\/"},{"@type":"ListItem","position":2,"name":"Shop","item":"https:\/\/www.purejewels.com\/shop\/"},{"@type":"ListItem","position":3,"name":"22ct Gold Armari Antique Style Long Necklace | 27 Inches"}]},{"@type":"WebSite","@id":"https:\/\/www.purejewels.com\/#website","url":"https:\/\/www.purejewels.com\/","name":"PureJewels UK","description":"Teile die Liebe","publisher":{"@id":"https:\/\/www.purejewels.com\/#organization"},"potentialAction":[{"@type":"SearchAction","target":{"@type":"EntryPoint","urlTemplate":"https:\/\/www.purejewels.com\/?s={search_term_string}"},"query-input":{"@type":"PropertyValueSpecification","valueRequired":true,"valueName":"search_term_string"}}],"inLanguage":"de"},{"@type":"Organization","@id":"https:\/\/www.purejewels.com\/#organization","name":"PureJewels UK","url":"https:\/\/www.purejewels.com\/","logo":{"@type":"ImageObject","inLanguage":"de","@id":"https:\/\/www.purejewels.com\/#\/schema\/logo\/image\/","url":"https:\/\/static.purejewels.com\/wp-content\/uploads\/2020\/11\/Logo-PJ-New-1.png","contentUrl":"https:\/\/static.purejewels.com\/wp-content\/uploads\/2020\/11\/Logo-PJ-New-1.png","width":150,"height":80,"caption":"PureJewels UK"},"image":{"@id":"https:\/\/www.purejewels.com\/#\/schema\/logo\/image\/"}}]}},"_links":{"self":[{"href":"https:\/\/www.purejewels.com\/de\/wp-json\/wp\/v2\/product\/352845","targetHints":{"allow":["GET"]}}],"collection":[{"href":"https:\/\/www.purejewels.com\/de\/wp-json\/wp\/v2\/product"}],"about":[{"href":"https:\/\/www.purejewels.com\/de\/wp-json\/wp\/v2\/types\/product"}],"replies":[{"embeddable":true,"href":"https:\/\/www.purejewels.com\/de\/wp-json\/wp\/v2\/comments?post=352845"}],"version-history":[{"count":3,"href":"https:\/\/www.purejewels.com\/de\/wp-json\/wp\/v2\/product\/352845\/revisions"}],"predecessor-version":[{"id":416883,"href":"https:\/\/www.purejewels.com\/de\/wp-json\/wp\/v2\/product\/352845\/revisions\/416883"}],"wp:featuredmedia":[{"embeddable":true,"href":"https:\/\/www.purejewels.com\/de\/wp-json\/wp\/v2\/media\/353241"}],"wp:attachment":[{"href":"https:\/\/www.purejewels.com\/de\/wp-json\/wp\/v2\/media?parent=352845"}],"wp:term":[{"taxonomy":"product_brand","embeddable":true,"href":"https:\/\/www.purejewels.com\/de\/wp-json\/wp\/v2\/product_brand?post=352845"},{"taxonomy":"product_cat","embeddable":true,"href":"https:\/\/www.purejewels.com\/de\/wp-json\/wp\/v2\/product_cat?post=352845"},{"taxonomy":"product_tag","embeddable":true,"href":"https:\/\/www.purejewels.com\/de\/wp-json\/wp\/v2\/product_tag?post=352845"}],"curies":[{"name":"wp","href":"https:\/\/api.w.org\/{rel}","templated":true}]}}