{"id":353402,"date":"2023-09-14T08:34:29","date_gmt":"2023-09-14T07:34:29","guid":{"rendered":"https:\/\/www.purejewels.com\/?post_type=product&#038;p=353402"},"modified":"2026-01-30T08:13:21","modified_gmt":"2026-01-30T08:13:21","slug":"22-kt-gold-armari-kollektion-bolzen-24mm","status":"publish","type":"product","link":"https:\/\/www.purejewels.com\/de\/product\/22ct-gold-armari-collection-stud-24mm\/","title":{"rendered":"22ct Gold Armari Sammlung Ohrstecker | 24mm"},"content":{"rendered":"<p data-start=\"681\" data-end=\"1228\"><strong data-start=\"681\" data-end=\"691\">Gestaltung<\/strong><br data-start=\"691\" data-end=\"694\" \/>Dieser 24 mm gro\u00dfe Ohrstecker aus der Armari-Kollektion zieht die Aufmerksamkeit auf sich mit seinem komplizierten Blumenmuster, das mit einem kontrastierenden goldenen Punkt versehen ist. Das geschichtete Bl\u00fctenblattdesign erzeugt einen skulpturalen Rhythmus auf der Oberfl\u00e4che, der an antike Kachelarbeiten und botanische Symmetrie erinnert. Der gro\u00dfe Durchmesser verleiht dem St\u00fcck eine k\u00fchne Eleganz, w\u00e4hrend der abgedunkelte antike Hintergrund seine visuelle Tiefe noch verst\u00e4rkt. Die Form ist eine Hommage an kultur\u00fcbergreifende Motive und spiegelt sowohl \u00f6stliche Ornamente als auch westliche architektonische Einfl\u00fcsse wider.<\/p>\n<p data-start=\"1230\" data-end=\"1717\"><strong data-start=\"1230\" data-end=\"1239\">Handwerk<\/strong><br data-start=\"1239\" data-end=\"1242\" \/>Dieses in unserem Londoner Atelier gefertigte St\u00fcck ist das Ergebnis au\u00dfergew\u00f6hnlicher Pr\u00e4zision und traditioneller Techniken. Jeder Bolzen wird in reiner Handarbeit <a href=\"https:\/\/www.purejewels.com\/de\/product\/22ct-gold-jali-filigree-ring-jali-collection-31926\/\">22ct<\/a> Gold und wird in sorgf\u00e4ltiger Handarbeit poliert, strukturiert und antikisiert. Durch eine raffinierte Kombination aus Pr\u00e4gung und manueller Montage wird das St\u00fcck mit bemerkenswerter Sorgfalt in Bezug auf Gr\u00f6\u00dfe und Ausf\u00fchrung hergestellt. Es ist vom Londoner Assay Office gepunzt und steht als Zeichen f\u00fcr vertrauensw\u00fcrdige Reinheit und britische Handwerkskunst.<\/p>\n<p data-start=\"1719\" data-end=\"2134\"><strong data-start=\"1719\" data-end=\"1728\">Stil<\/strong><br data-start=\"1728\" data-end=\"1731\" \/>\u00dcberlebensgro\u00df und doch wundersch\u00f6n raffiniert ist dieser 24-mm-Stecknadelkopf perfekt f\u00fcr alle, die auf Statement-St\u00fccke mit kulturellem Tiefgang stehen. Er l\u00e4sst sich m\u00fchelos zu formellen und feierlichen Anl\u00e4ssen tragen und zieht Bewunderung auf sich, ohne dass er verziert werden muss. Einzeln oder in Kombination mit einem erg\u00e4nzenden Armreif oder Ring getragen, spiegelt er den Geist des modernen Erbst\u00fccks wider - verwurzelt in der Tradition und unverkennbar k\u00fchn.<\/p>","protected":false},"excerpt":{"rendered":"<p>Dieser 24 mm gro\u00dfe Armari Ohrstecker von PureJewels ist eine Hommage an Geometrie und kulturelle Kunstfertigkeit. Handgefertigt aus 22-kar\u00e4tigem Gold mit geschichteten Bl\u00fctenmotiven und gepunktetem Relief, tr\u00e4gt er die Kraft des Erbes und die Sch\u00f6nheit feiner Handwerkskunst in sich. Ein auff\u00e4lliges Schmuckst\u00fcck f\u00fcr alle, die Traditionen zu sch\u00e4tzen wissen.<\/p>\n<p><strong>Material:<\/strong>\u00a022ct Gold ( 91,6% reines Gold)<br \/>\n<strong>Oberfl\u00e4che<\/strong>: Antike Ausf\u00fchrung<br \/>\n<strong>Wahrzeichen:<\/strong>\u00a0Britisches G\u00fctesiegel<br \/>\n<strong>SKU:<\/strong> 49691<br \/>\n<strong>Bruttogewicht:<\/strong> 8.10 Gms<br \/>\n<strong>Durchmesser:<\/strong> 24mm<br data-start=\"779\" data-end=\"782\" \/><strong data-start=\"782\" data-end=\"799\">Geeignet f\u00fcr:<\/strong>\u00a0Dailywear-Ohrringe<\/p>\n<p><strong>Preis und Lieferung:<\/strong>\u00a0Inklusive Mehrwertsteuer und Lieferkosten<br \/>\n<a href=\"https:\/\/www.purejewels.com\/de\/ruckgabepolitik\/\"><strong>R\u00fcckgabepolitik<\/strong><\/a><\/p>","protected":false},"featured_media":348667,"comment_status":"closed","ping_status":"closed","template":"","meta":{"_eb_attr":"","_crsspst_to_jayantr4sg-hostcom":false},"product_brand":[],"product_cat":[1791,245,5639,6143,1559,236,1254,1229,1570,1577,1573,1574,5349],"product_tag":[],"class_list":{"0":"post-353402","1":"product","2":"type-product","3":"status-publish","4":"has-post-thumbnail","6":"product_cat-anniversary-gifts","7":"product_cat-armari-collections","8":"product_cat-armari-earring","9":"product_cat-armari-stud-earrings","10":"product_cat-birthday-gifts","11":"product_cat-collections","12":"product_cat-gold-earrings","13":"product_cat-22ct-gold-jewellery","14":"product_cat-mothers-day-gifts","15":"product_cat-stud-earrings","16":"product_cat-wedding-gifts","17":"product_cat-womens-jewellery","18":"product_cat-yellow-gold-jewellery","20":"first","21":"instock","22":"taxable","23":"shipping-taxable","24":"purchasable","25":"product-type-simple","26":"add-to-wishlist-before_image"},"yoast_head":"<!-- This site is optimized with the Yoast SEO plugin v27.5 - https:\/\/yoast.com\/product\/yoast-seo-wordpress\/ -->\n<title>Buy the 22ct Gold Armari Collection stud at PureJewels UK<\/title>\n<meta name=\"description\" content=\"Experience elegance and luxury with PureJewels UK&#039;s 22ct Gold Armari Collection stud. Explore now for a timeless touch of opulence.\" \/>\n<meta name=\"robots\" content=\"index, follow, max-snippet:-1, max-image-preview:large, max-video-preview:-1\" \/>\n<link rel=\"canonical\" href=\"https:\/\/www.purejewels.com\/de\/produkt-2\/22-kt-gold-armari-kollektion-bolzen-24mm\/\" \/>\n<meta property=\"og:locale\" content=\"de_DE\" \/>\n<meta property=\"og:type\" content=\"article\" \/>\n<meta property=\"og:title\" content=\"Buy the 22ct Gold Armari Collection stud at PureJewels UK\" \/>\n<meta property=\"og:description\" content=\"Experience elegance and luxury with PureJewels UK&#039;s 22ct Gold Armari Collection stud. Explore now for a timeless touch of opulence.\" \/>\n<meta property=\"og:url\" content=\"https:\/\/www.purejewels.com\/de\/produkt-2\/22-kt-gold-armari-kollektion-bolzen-24mm\/\" \/>\n<meta property=\"og:site_name\" content=\"PureJewels UK\" \/>\n<meta property=\"article:modified_time\" content=\"2026-01-30T08:13:21+00:00\" \/>\n<meta property=\"og:image\" content=\"https:\/\/static.purejewels.com\/wp-content\/uploads\/2023\/07\/45408.jpg\" \/>\n\t<meta property=\"og:image:width\" content=\"1000\" \/>\n\t<meta property=\"og:image:height\" content=\"1000\" \/>\n\t<meta property=\"og:image:type\" content=\"image\/jpeg\" \/>\n<meta name=\"twitter:card\" content=\"summary_large_image\" \/>\n<meta name=\"twitter:label1\" content=\"Gesch\u00e4tzte Lesezeit\" \/>\n\t<meta name=\"twitter:data1\" content=\"2\u00a0Minuten\" \/>\n<script type=\"application\/ld+json\" class=\"yoast-schema-graph\">{\"@context\":\"https:\\\/\\\/schema.org\",\"@graph\":[{\"@type\":[\"WebPage\",\"ItemPage\"],\"@id\":\"https:\\\/\\\/www.purejewels.com\\\/product\\\/22ct-gold-armari-collection-stud-24mm\\\/\",\"url\":\"https:\\\/\\\/www.purejewels.com\\\/product\\\/22ct-gold-armari-collection-stud-24mm\\\/\",\"name\":\"Buy the 22ct Gold Armari Collection stud at PureJewels UK\",\"isPartOf\":{\"@id\":\"https:\\\/\\\/www.purejewels.com\\\/#website\"},\"primaryImageOfPage\":{\"@id\":\"https:\\\/\\\/www.purejewels.com\\\/product\\\/22ct-gold-armari-collection-stud-24mm\\\/#primaryimage\"},\"image\":{\"@id\":\"https:\\\/\\\/www.purejewels.com\\\/product\\\/22ct-gold-armari-collection-stud-24mm\\\/#primaryimage\"},\"thumbnailUrl\":\"https:\\\/\\\/static.purejewels.com\\\/wp-content\\\/uploads\\\/2023\\\/07\\\/45408.jpg\",\"datePublished\":\"2023-09-14T07:34:29+00:00\",\"dateModified\":\"2026-01-30T08:13:21+00:00\",\"description\":\"Experience elegance and luxury with PureJewels UK's 22ct Gold Armari Collection stud. Explore now for a timeless touch of opulence.\",\"breadcrumb\":{\"@id\":\"https:\\\/\\\/www.purejewels.com\\\/product\\\/22ct-gold-armari-collection-stud-24mm\\\/#breadcrumb\"},\"inLanguage\":\"de\",\"potentialAction\":[{\"@type\":\"ReadAction\",\"target\":[\"https:\\\/\\\/www.purejewels.com\\\/product\\\/22ct-gold-armari-collection-stud-24mm\\\/\"]}]},{\"@type\":\"ImageObject\",\"inLanguage\":\"de\",\"@id\":\"https:\\\/\\\/www.purejewels.com\\\/product\\\/22ct-gold-armari-collection-stud-24mm\\\/#primaryimage\",\"url\":\"https:\\\/\\\/static.purejewels.com\\\/wp-content\\\/uploads\\\/2023\\\/07\\\/45408.jpg\",\"contentUrl\":\"https:\\\/\\\/static.purejewels.com\\\/wp-content\\\/uploads\\\/2023\\\/07\\\/45408.jpg\",\"width\":1000,\"height\":1000,\"caption\":\"22ct Gold Armari Collection stud\"},{\"@type\":\"BreadcrumbList\",\"@id\":\"https:\\\/\\\/www.purejewels.com\\\/product\\\/22ct-gold-armari-collection-stud-24mm\\\/#breadcrumb\",\"itemListElement\":[{\"@type\":\"ListItem\",\"position\":1,\"name\":\"Home\",\"item\":\"https:\\\/\\\/www.purejewels.com\\\/\"},{\"@type\":\"ListItem\",\"position\":2,\"name\":\"Shop\",\"item\":\"https:\\\/\\\/www.purejewels.com\\\/shop\\\/\"},{\"@type\":\"ListItem\",\"position\":3,\"name\":\"22ct Gold Armari Collection Stud | 24mm\"}]},{\"@type\":\"WebSite\",\"@id\":\"https:\\\/\\\/www.purejewels.com\\\/#website\",\"url\":\"https:\\\/\\\/www.purejewels.com\\\/\",\"name\":\"PureJewels UK\",\"description\":\"Share the Love\",\"publisher\":{\"@id\":\"https:\\\/\\\/www.purejewels.com\\\/#organization\"},\"potentialAction\":[{\"@type\":\"SearchAction\",\"target\":{\"@type\":\"EntryPoint\",\"urlTemplate\":\"https:\\\/\\\/www.purejewels.com\\\/?s={search_term_string}\"},\"query-input\":{\"@type\":\"PropertyValueSpecification\",\"valueRequired\":true,\"valueName\":\"search_term_string\"}}],\"inLanguage\":\"de\"},{\"@type\":\"Organization\",\"@id\":\"https:\\\/\\\/www.purejewels.com\\\/#organization\",\"name\":\"PureJewels UK\",\"url\":\"https:\\\/\\\/www.purejewels.com\\\/\",\"logo\":{\"@type\":\"ImageObject\",\"inLanguage\":\"de\",\"@id\":\"https:\\\/\\\/www.purejewels.com\\\/#\\\/schema\\\/logo\\\/image\\\/\",\"url\":\"https:\\\/\\\/static.purejewels.com\\\/wp-content\\\/uploads\\\/2020\\\/11\\\/Logo-PJ-New-1.png\",\"contentUrl\":\"https:\\\/\\\/static.purejewels.com\\\/wp-content\\\/uploads\\\/2020\\\/11\\\/Logo-PJ-New-1.png\",\"width\":150,\"height\":80,\"caption\":\"PureJewels UK\"},\"image\":{\"@id\":\"https:\\\/\\\/www.purejewels.com\\\/#\\\/schema\\\/logo\\\/image\\\/\"}}]}<\/script>\n<!-- \/ Yoast SEO plugin. -->","yoast_head_json":{"title":"Armari Collection 22ct Gold Ohrstecker bei PureJewels UK kaufen","description":"Erleben Sie Eleganz und Luxus mit PureJewels UK's 22ct Gold Armari Collection Stud. Entdecken Sie jetzt f\u00fcr einen zeitlosen Hauch von Opulenz.","robots":{"index":"index","follow":"follow","max-snippet":"max-snippet:-1","max-image-preview":"max-image-preview:large","max-video-preview":"max-video-preview:-1"},"canonical":"https:\/\/www.purejewels.com\/de\/produkt-2\/22-kt-gold-armari-kollektion-bolzen-24mm\/","og_locale":"de_DE","og_type":"article","og_title":"Buy the 22ct Gold Armari Collection stud at PureJewels UK","og_description":"Experience elegance and luxury with PureJewels UK's 22ct Gold Armari Collection stud. Explore now for a timeless touch of opulence.","og_url":"https:\/\/www.purejewels.com\/de\/produkt-2\/22-kt-gold-armari-kollektion-bolzen-24mm\/","og_site_name":"PureJewels UK","article_modified_time":"2026-01-30T08:13:21+00:00","og_image":[{"width":1000,"height":1000,"url":"https:\/\/static.purejewels.com\/wp-content\/uploads\/2023\/07\/45408.jpg","type":"image\/jpeg"}],"twitter_card":"summary_large_image","twitter_misc":{"Gesch\u00e4tzte Lesezeit":"2\u00a0Minuten"},"schema":{"@context":"https:\/\/schema.org","@graph":[{"@type":["WebPage","ItemPage"],"@id":"https:\/\/www.purejewels.com\/product\/22ct-gold-armari-collection-stud-24mm\/","url":"https:\/\/www.purejewels.com\/product\/22ct-gold-armari-collection-stud-24mm\/","name":"Armari Collection 22ct Gold Ohrstecker bei PureJewels UK kaufen","isPartOf":{"@id":"https:\/\/www.purejewels.com\/#website"},"primaryImageOfPage":{"@id":"https:\/\/www.purejewels.com\/product\/22ct-gold-armari-collection-stud-24mm\/#primaryimage"},"image":{"@id":"https:\/\/www.purejewels.com\/product\/22ct-gold-armari-collection-stud-24mm\/#primaryimage"},"thumbnailUrl":"https:\/\/static.purejewels.com\/wp-content\/uploads\/2023\/07\/45408.jpg","datePublished":"2023-09-14T07:34:29+00:00","dateModified":"2026-01-30T08:13:21+00:00","description":"Erleben Sie Eleganz und Luxus mit PureJewels UK's 22ct Gold Armari Collection Stud. Entdecken Sie jetzt f\u00fcr einen zeitlosen Hauch von Opulenz.","breadcrumb":{"@id":"https:\/\/www.purejewels.com\/product\/22ct-gold-armari-collection-stud-24mm\/#breadcrumb"},"inLanguage":"de","potentialAction":[{"@type":"ReadAction","target":["https:\/\/www.purejewels.com\/product\/22ct-gold-armari-collection-stud-24mm\/"]}]},{"@type":"ImageObject","inLanguage":"de","@id":"https:\/\/www.purejewels.com\/product\/22ct-gold-armari-collection-stud-24mm\/#primaryimage","url":"https:\/\/static.purejewels.com\/wp-content\/uploads\/2023\/07\/45408.jpg","contentUrl":"https:\/\/static.purejewels.com\/wp-content\/uploads\/2023\/07\/45408.jpg","width":1000,"height":1000,"caption":"22ct Gold Armari Collection stud"},{"@type":"BreadcrumbList","@id":"https:\/\/www.purejewels.com\/product\/22ct-gold-armari-collection-stud-24mm\/#breadcrumb","itemListElement":[{"@type":"ListItem","position":1,"name":"Home","item":"https:\/\/www.purejewels.com\/"},{"@type":"ListItem","position":2,"name":"Shop","item":"https:\/\/www.purejewels.com\/shop\/"},{"@type":"ListItem","position":3,"name":"22ct Gold Armari Collection Stud | 24mm"}]},{"@type":"WebSite","@id":"https:\/\/www.purejewels.com\/#website","url":"https:\/\/www.purejewels.com\/","name":"PureJewels UK","description":"Teile die Liebe","publisher":{"@id":"https:\/\/www.purejewels.com\/#organization"},"potentialAction":[{"@type":"SearchAction","target":{"@type":"EntryPoint","urlTemplate":"https:\/\/www.purejewels.com\/?s={search_term_string}"},"query-input":{"@type":"PropertyValueSpecification","valueRequired":true,"valueName":"search_term_string"}}],"inLanguage":"de"},{"@type":"Organization","@id":"https:\/\/www.purejewels.com\/#organization","name":"PureJewels UK","url":"https:\/\/www.purejewels.com\/","logo":{"@type":"ImageObject","inLanguage":"de","@id":"https:\/\/www.purejewels.com\/#\/schema\/logo\/image\/","url":"https:\/\/static.purejewels.com\/wp-content\/uploads\/2020\/11\/Logo-PJ-New-1.png","contentUrl":"https:\/\/static.purejewels.com\/wp-content\/uploads\/2020\/11\/Logo-PJ-New-1.png","width":150,"height":80,"caption":"PureJewels UK"},"image":{"@id":"https:\/\/www.purejewels.com\/#\/schema\/logo\/image\/"}}]}},"_links":{"self":[{"href":"https:\/\/www.purejewels.com\/de\/wp-json\/wp\/v2\/product\/353402","targetHints":{"allow":["GET"]}}],"collection":[{"href":"https:\/\/www.purejewels.com\/de\/wp-json\/wp\/v2\/product"}],"about":[{"href":"https:\/\/www.purejewels.com\/de\/wp-json\/wp\/v2\/types\/product"}],"replies":[{"embeddable":true,"href":"https:\/\/www.purejewels.com\/de\/wp-json\/wp\/v2\/comments?post=353402"}],"version-history":[{"count":4,"href":"https:\/\/www.purejewels.com\/de\/wp-json\/wp\/v2\/product\/353402\/revisions"}],"predecessor-version":[{"id":416229,"href":"https:\/\/www.purejewels.com\/de\/wp-json\/wp\/v2\/product\/353402\/revisions\/416229"}],"wp:featuredmedia":[{"embeddable":true,"href":"https:\/\/www.purejewels.com\/de\/wp-json\/wp\/v2\/media\/348667"}],"wp:attachment":[{"href":"https:\/\/www.purejewels.com\/de\/wp-json\/wp\/v2\/media?parent=353402"}],"wp:term":[{"taxonomy":"product_brand","embeddable":true,"href":"https:\/\/www.purejewels.com\/de\/wp-json\/wp\/v2\/product_brand?post=353402"},{"taxonomy":"product_cat","embeddable":true,"href":"https:\/\/www.purejewels.com\/de\/wp-json\/wp\/v2\/product_cat?post=353402"},{"taxonomy":"product_tag","embeddable":true,"href":"https:\/\/www.purejewels.com\/de\/wp-json\/wp\/v2\/product_tag?post=353402"}],"curies":[{"name":"wp","href":"https:\/\/api.w.org\/{rel}","templated":true}]}}