{"id":353677,"date":"2024-07-07T09:03:59","date_gmt":"2024-07-07T08:03:59","guid":{"rendered":"https:\/\/www.purejewels.com\/?post_type=product&#038;p=353677"},"modified":"2026-01-06T11:29:00","modified_gmt":"2026-01-06T11:29:00","slug":"22ct-gold-braut-do-ladda-halskette-47107","status":"publish","type":"product","link":"https:\/\/www.purejewels.com\/de\/product\/22ct-gold-bridal-do-ladda-necklace-47107\/","title":{"rendered":"22ct Gold Bridal Do Ladda Halskette | Antike Mattierung"},"content":{"rendered":"<p data-start=\"619\" data-end=\"1041\"><strong data-start=\"619\" data-end=\"638\">Designkonzept<\/strong><\/p>\n<p data-start=\"619\" data-end=\"1041\">Das Design ist von traditionellem s\u00fcdasiatischem Brautschmuck inspiriert, wo mehrlagige Halsketten Erhabenheit und Segen verk\u00f6rpern. Der doppelreihige Stil (Do Ladda) steht f\u00fcr St\u00e4rke und Einheit, w\u00e4hrend die verschn\u00f6rkelten Blumenmotive von Fruchtbarkeit, Liebe und Neuanf\u00e4ngen erz\u00e4hlen. Die Kette ist mit einer matten, antiken Textur versehen und erinnert an den Charme von Erbst\u00fccken, die von Generation zu Generation weitergegeben werden.<\/p>\n<hr data-start=\"1043\" data-end=\"1046\" \/>\n<p data-start=\"1048\" data-end=\"1489\"><strong data-start=\"1048\" data-end=\"1066\"><a href=\"https:\/\/www.purejewels.com\/de\/a-guide-to-die-stamping\/\">Handwerkliches K\u00f6nnen<\/a><\/strong><\/p>\n<p data-start=\"1048\" data-end=\"1489\">Diese in sorgf\u00e4ltiger Handarbeit aus 22-kar\u00e4tigem Gelbgold gefertigte Halskette zeugt vom K\u00f6nnen meisterlicher Kunsthandwerker. Jede Perle, jedes Motiv und jede Kurve wurde mit Pr\u00e4zision geformt, um ein St\u00fcck zu schaffen, das Langlebigkeit mit filigraner Sch\u00f6nheit ausbalanciert. Die antike, matte Oberfl\u00e4che verst\u00e4rkt die Tiefe der Muster und verleiht der Kette einen zeitlosen, vom Erbe inspirierten Look. Die vollst\u00e4ndige Punzierung durch das London Assay Office garantiert Reinheit und Authentizit\u00e4t.<\/p>\n<hr data-start=\"1491\" data-end=\"1494\" \/>\n<p data-start=\"1496\" data-end=\"2036\"><strong data-start=\"1496\" data-end=\"1514\">Styling-Ideen<\/strong><\/p>\n<p data-start=\"1496\" data-end=\"2036\">Diese Do Ladda-Brautkette wurde entworfen, um am wichtigsten Tag im Leben einer Braut ein Statement abzugeben. Als Herzst\u00fcck einer Lehenga, eines Sarees oder eines traditionellen Gewandes verleiht sie eine majest\u00e4tische Aura und verwandelt den gesamten Look mit ihrer Erhabenheit. F\u00fcr ein mehrschichtiges Brautensemble kann sie mit Halsketten, Armreifen oder passenden Jhumka-Ohrringen kombiniert werden, um ein komplettes k\u00f6nigliches Set zu schaffen. Nach der Hochzeit bleibt sie ein wertvolles Erbst\u00fcck, das sich perfekt f\u00fcr Feste, kulturelle Zeremonien oder als Erbst\u00fcck eignet.<\/p>","protected":false},"excerpt":{"rendered":"<table class=\"sh_desc\" style=\"width: 100%; height: 308px;\">\n<tbody>\n<tr style=\"height: 28px;\">\n<td style=\"height: 28px;\">Art der Halskette<\/td>\n<td style=\"height: 28px;\">Do Lada Halskette<\/td>\n<\/tr>\n<tr style=\"height: 28px;\">\n<td style=\"height: 28px;\">SKU<\/td>\n<td style=\"height: 28px;\">47107<\/td>\n<\/tr>\n<tr style=\"height: 28px;\">\n<td style=\"height: 28px;\">Gewicht<\/td>\n<td style=\"height: 28px;\">36,8 Gms<\/td>\n<\/tr>\n<tr style=\"height: 28px;\">\n<td style=\"height: 28px;\">Metall<\/td>\n<td style=\"height: 28px;\">22ct Gold<\/td>\n<\/tr>\n<tr style=\"height: 28px;\">\n<td style=\"height: 28px;\">KatalogID<\/td>\n<td style=\"height: 28px;\">R1028<\/td>\n<\/tr>\n<tr style=\"height: 28px;\">\n<td style=\"height: 28px;\">Wahrzeichen<\/td>\n<td style=\"height: 28px;\">22ct Gold gestempelt von London Assay Office<\/td>\n<\/tr>\n<tr style=\"height: 28px;\">\n<td style=\"height: 28px;\">Entgelte<\/td>\n<td style=\"height: 28px;\">Lieferung und Mehrwertsteuer inbegriffen<\/td>\n<\/tr>\n<tr style=\"height: 28px;\">\n<td style=\"height: 28px;\">Verpackung<\/td>\n<td style=\"height: 28px;\">Mit Pr\u00e4sentationsbox<\/td>\n<\/tr>\n<tr style=\"height: 84px;\">\n<td style=\"height: 84px;\">Mehr Informationen<\/td>\n<td style=\"height: 84px;\">\n<ul>\n<li>Live-Chat mit uns f\u00fcr Verf\u00fcgbarkeit und mehr Bilder<\/li>\n<li>Erkunden Sie unser\u00a0<strong>Goldschmuck-Set<\/strong><\/li>\n<li>Sie k\u00f6nnen Ihren Schmuck kombinieren mit\n<ul>\n<li style=\"list-style-type: none;\">\n<ul>\n<li><strong>Jhumkha-Ohrring<\/strong><\/li>\n<li><strong>Nasenstift<\/strong><\/li>\n<li><b style=\"font-family: inherit; font-size: inherit;\">Haath Phool mit Armreif\/Poncha<\/b><\/li>\n<li><strong>Haath Phool mit Armreif\/Poncha<\/strong><\/li>\n<\/ul>\n<\/li>\n<\/ul>\n<\/li>\n<\/ul>\n<\/td>\n<\/tr>\n<\/tbody>\n<\/table>","protected":false},"featured_media":366319,"comment_status":"closed","ping_status":"closed","template":"","meta":{"_eb_attr":"","_crsspst_to_jayantr4sg-hostcom":false},"product_brand":[],"product_cat":[1780,5950,236,1790,1229,1253,5945,1656,5275,1573,1574],"product_tag":[],"class_list":{"0":"post-353677","1":"product","2":"type-product","3":"status-publish","4":"has-post-thumbnail","6":"product_cat-antique-style-necklaces","7":"product_cat-bridal-necklace","8":"product_cat-collections","9":"product_cat-for-whom-when","10":"product_cat-22ct-gold-jewellery","11":"product_cat-gold-necklaces","12":"product_cat-rani-haar","13":"product_cat-rosettes-collections","14":"product_cat-rosettes-necklace","15":"product_cat-wedding-gifts","16":"product_cat-womens-jewellery","18":"first","19":"onbackorder","20":"taxable","21":"shipping-taxable","22":"product-type-simple","23":"add-to-wishlist-before_image"},"yoast_head":"<!-- This site is optimized with the Yoast SEO plugin v27.5 - https:\/\/yoast.com\/product\/yoast-seo-wordpress\/ -->\n<title>22ct Gold Bridal Multi Layered Necklace | Antique Matte Finish<\/title>\n<meta name=\"description\" content=\"22ct gold bridal haar is the perfect finishing touch to your wedding day look. The antique matte finish gives it a timeless elegance.\" \/>\n<meta name=\"robots\" content=\"index, follow, max-snippet:-1, max-image-preview:large, max-video-preview:-1\" \/>\n<link rel=\"canonical\" href=\"https:\/\/www.purejewels.com\/de\/produkt-2\/22ct-gold-braut-do-ladda-halskette-47107\/\" \/>\n<meta property=\"og:locale\" content=\"de_DE\" \/>\n<meta property=\"og:type\" content=\"article\" \/>\n<meta property=\"og:title\" content=\"22ct Gold Bridal Multi Layered Necklace | Antique Matte Finish\" \/>\n<meta property=\"og:description\" content=\"22ct gold bridal haar is the perfect finishing touch to your wedding day look. The antique matte finish gives it a timeless elegance.\" \/>\n<meta property=\"og:url\" content=\"https:\/\/www.purejewels.com\/de\/produkt-2\/22ct-gold-braut-do-ladda-halskette-47107\/\" \/>\n<meta property=\"og:site_name\" content=\"PureJewels UK\" \/>\n<meta property=\"article:modified_time\" content=\"2026-01-06T11:29:00+00:00\" \/>\n<meta property=\"og:image\" content=\"https:\/\/static.purejewels.com\/wp-content\/uploads\/2024\/06\/47107.png\" \/>\n\t<meta property=\"og:image:width\" content=\"1000\" \/>\n\t<meta property=\"og:image:height\" content=\"1000\" \/>\n\t<meta property=\"og:image:type\" content=\"image\/png\" \/>\n<meta name=\"twitter:card\" content=\"summary_large_image\" \/>\n<meta name=\"twitter:label1\" content=\"Gesch\u00e4tzte Lesezeit\" \/>\n\t<meta name=\"twitter:data1\" content=\"1\u00a0Minute\" \/>\n<script type=\"application\/ld+json\" class=\"yoast-schema-graph\">{\"@context\":\"https:\\\/\\\/schema.org\",\"@graph\":[{\"@type\":[\"WebPage\",\"ItemPage\"],\"@id\":\"https:\\\/\\\/www.purejewels.com\\\/product\\\/22ct-gold-bridal-do-ladda-necklace-47107\\\/\",\"url\":\"https:\\\/\\\/www.purejewels.com\\\/product\\\/22ct-gold-bridal-do-ladda-necklace-47107\\\/\",\"name\":\"22ct Gold Bridal Multi Layered Necklace | Antique Matte Finish\",\"isPartOf\":{\"@id\":\"https:\\\/\\\/www.purejewels.com\\\/#website\"},\"primaryImageOfPage\":{\"@id\":\"https:\\\/\\\/www.purejewels.com\\\/product\\\/22ct-gold-bridal-do-ladda-necklace-47107\\\/#primaryimage\"},\"image\":{\"@id\":\"https:\\\/\\\/www.purejewels.com\\\/product\\\/22ct-gold-bridal-do-ladda-necklace-47107\\\/#primaryimage\"},\"thumbnailUrl\":\"https:\\\/\\\/static.purejewels.com\\\/wp-content\\\/uploads\\\/2024\\\/06\\\/47107.png\",\"datePublished\":\"2024-07-07T08:03:59+00:00\",\"dateModified\":\"2026-01-06T11:29:00+00:00\",\"description\":\"22ct gold bridal haar is the perfect finishing touch to your wedding day look. The antique matte finish gives it a timeless elegance.\",\"breadcrumb\":{\"@id\":\"https:\\\/\\\/www.purejewels.com\\\/product\\\/22ct-gold-bridal-do-ladda-necklace-47107\\\/#breadcrumb\"},\"inLanguage\":\"de\",\"potentialAction\":[{\"@type\":\"ReadAction\",\"target\":[\"https:\\\/\\\/www.purejewels.com\\\/product\\\/22ct-gold-bridal-do-ladda-necklace-47107\\\/\"]}]},{\"@type\":\"ImageObject\",\"inLanguage\":\"de\",\"@id\":\"https:\\\/\\\/www.purejewels.com\\\/product\\\/22ct-gold-bridal-do-ladda-necklace-47107\\\/#primaryimage\",\"url\":\"https:\\\/\\\/static.purejewels.com\\\/wp-content\\\/uploads\\\/2024\\\/06\\\/47107.png\",\"contentUrl\":\"https:\\\/\\\/static.purejewels.com\\\/wp-content\\\/uploads\\\/2024\\\/06\\\/47107.png\",\"width\":1000,\"height\":1000,\"caption\":\"22ct Gold Necklace\"},{\"@type\":\"BreadcrumbList\",\"@id\":\"https:\\\/\\\/www.purejewels.com\\\/product\\\/22ct-gold-bridal-do-ladda-necklace-47107\\\/#breadcrumb\",\"itemListElement\":[{\"@type\":\"ListItem\",\"position\":1,\"name\":\"Home\",\"item\":\"https:\\\/\\\/www.purejewels.com\\\/\"},{\"@type\":\"ListItem\",\"position\":2,\"name\":\"Shop\",\"item\":\"https:\\\/\\\/www.purejewels.com\\\/shop\\\/\"},{\"@type\":\"ListItem\",\"position\":3,\"name\":\"22ct Gold Bridal Do Ladda Necklace | Antique Matte Finish\"}]},{\"@type\":\"WebSite\",\"@id\":\"https:\\\/\\\/www.purejewels.com\\\/#website\",\"url\":\"https:\\\/\\\/www.purejewels.com\\\/\",\"name\":\"PureJewels UK\",\"description\":\"Share the Love\",\"publisher\":{\"@id\":\"https:\\\/\\\/www.purejewels.com\\\/#organization\"},\"potentialAction\":[{\"@type\":\"SearchAction\",\"target\":{\"@type\":\"EntryPoint\",\"urlTemplate\":\"https:\\\/\\\/www.purejewels.com\\\/?s={search_term_string}\"},\"query-input\":{\"@type\":\"PropertyValueSpecification\",\"valueRequired\":true,\"valueName\":\"search_term_string\"}}],\"inLanguage\":\"de\"},{\"@type\":\"Organization\",\"@id\":\"https:\\\/\\\/www.purejewels.com\\\/#organization\",\"name\":\"PureJewels UK\",\"url\":\"https:\\\/\\\/www.purejewels.com\\\/\",\"logo\":{\"@type\":\"ImageObject\",\"inLanguage\":\"de\",\"@id\":\"https:\\\/\\\/www.purejewels.com\\\/#\\\/schema\\\/logo\\\/image\\\/\",\"url\":\"https:\\\/\\\/static.purejewels.com\\\/wp-content\\\/uploads\\\/2020\\\/11\\\/Logo-PJ-New-1.png\",\"contentUrl\":\"https:\\\/\\\/static.purejewels.com\\\/wp-content\\\/uploads\\\/2020\\\/11\\\/Logo-PJ-New-1.png\",\"width\":150,\"height\":80,\"caption\":\"PureJewels UK\"},\"image\":{\"@id\":\"https:\\\/\\\/www.purejewels.com\\\/#\\\/schema\\\/logo\\\/image\\\/\"}}]}<\/script>\n<!-- \/ Yoast SEO plugin. -->","yoast_head_json":{"title":"22ct Gold Braut mehrschichtige Halskette | Antike Matte Finish","description":"Die 22-kar\u00e4tige Brautschmuckkette aus Gold ist die perfekte Erg\u00e4nzung f\u00fcr Ihren Look am Hochzeitstag. Das antike, matte Finish verleiht ihm zeitlose Eleganz.","robots":{"index":"index","follow":"follow","max-snippet":"max-snippet:-1","max-image-preview":"max-image-preview:large","max-video-preview":"max-video-preview:-1"},"canonical":"https:\/\/www.purejewels.com\/de\/produkt-2\/22ct-gold-braut-do-ladda-halskette-47107\/","og_locale":"de_DE","og_type":"article","og_title":"22ct Gold Bridal Multi Layered Necklace | Antique Matte Finish","og_description":"22ct gold bridal haar is the perfect finishing touch to your wedding day look. The antique matte finish gives it a timeless elegance.","og_url":"https:\/\/www.purejewels.com\/de\/produkt-2\/22ct-gold-braut-do-ladda-halskette-47107\/","og_site_name":"PureJewels UK","article_modified_time":"2026-01-06T11:29:00+00:00","og_image":[{"width":1000,"height":1000,"url":"https:\/\/static.purejewels.com\/wp-content\/uploads\/2024\/06\/47107.png","type":"image\/png"}],"twitter_card":"summary_large_image","twitter_misc":{"Gesch\u00e4tzte Lesezeit":"1\u00a0Minute"},"schema":{"@context":"https:\/\/schema.org","@graph":[{"@type":["WebPage","ItemPage"],"@id":"https:\/\/www.purejewels.com\/product\/22ct-gold-bridal-do-ladda-necklace-47107\/","url":"https:\/\/www.purejewels.com\/product\/22ct-gold-bridal-do-ladda-necklace-47107\/","name":"22ct Gold Braut mehrschichtige Halskette | Antike Matte Finish","isPartOf":{"@id":"https:\/\/www.purejewels.com\/#website"},"primaryImageOfPage":{"@id":"https:\/\/www.purejewels.com\/product\/22ct-gold-bridal-do-ladda-necklace-47107\/#primaryimage"},"image":{"@id":"https:\/\/www.purejewels.com\/product\/22ct-gold-bridal-do-ladda-necklace-47107\/#primaryimage"},"thumbnailUrl":"https:\/\/static.purejewels.com\/wp-content\/uploads\/2024\/06\/47107.png","datePublished":"2024-07-07T08:03:59+00:00","dateModified":"2026-01-06T11:29:00+00:00","description":"Die 22-kar\u00e4tige Brautschmuckkette aus Gold ist die perfekte Erg\u00e4nzung f\u00fcr Ihren Look am Hochzeitstag. Das antike, matte Finish verleiht ihm zeitlose Eleganz.","breadcrumb":{"@id":"https:\/\/www.purejewels.com\/product\/22ct-gold-bridal-do-ladda-necklace-47107\/#breadcrumb"},"inLanguage":"de","potentialAction":[{"@type":"ReadAction","target":["https:\/\/www.purejewels.com\/product\/22ct-gold-bridal-do-ladda-necklace-47107\/"]}]},{"@type":"ImageObject","inLanguage":"de","@id":"https:\/\/www.purejewels.com\/product\/22ct-gold-bridal-do-ladda-necklace-47107\/#primaryimage","url":"https:\/\/static.purejewels.com\/wp-content\/uploads\/2024\/06\/47107.png","contentUrl":"https:\/\/static.purejewels.com\/wp-content\/uploads\/2024\/06\/47107.png","width":1000,"height":1000,"caption":"22ct Gold Necklace"},{"@type":"BreadcrumbList","@id":"https:\/\/www.purejewels.com\/product\/22ct-gold-bridal-do-ladda-necklace-47107\/#breadcrumb","itemListElement":[{"@type":"ListItem","position":1,"name":"Home","item":"https:\/\/www.purejewels.com\/"},{"@type":"ListItem","position":2,"name":"Shop","item":"https:\/\/www.purejewels.com\/shop\/"},{"@type":"ListItem","position":3,"name":"22ct Gold Bridal Do Ladda Necklace | Antique Matte Finish"}]},{"@type":"WebSite","@id":"https:\/\/www.purejewels.com\/#website","url":"https:\/\/www.purejewels.com\/","name":"PureJewels UK","description":"Teile die Liebe","publisher":{"@id":"https:\/\/www.purejewels.com\/#organization"},"potentialAction":[{"@type":"SearchAction","target":{"@type":"EntryPoint","urlTemplate":"https:\/\/www.purejewels.com\/?s={search_term_string}"},"query-input":{"@type":"PropertyValueSpecification","valueRequired":true,"valueName":"search_term_string"}}],"inLanguage":"de"},{"@type":"Organization","@id":"https:\/\/www.purejewels.com\/#organization","name":"PureJewels UK","url":"https:\/\/www.purejewels.com\/","logo":{"@type":"ImageObject","inLanguage":"de","@id":"https:\/\/www.purejewels.com\/#\/schema\/logo\/image\/","url":"https:\/\/static.purejewels.com\/wp-content\/uploads\/2020\/11\/Logo-PJ-New-1.png","contentUrl":"https:\/\/static.purejewels.com\/wp-content\/uploads\/2020\/11\/Logo-PJ-New-1.png","width":150,"height":80,"caption":"PureJewels UK"},"image":{"@id":"https:\/\/www.purejewels.com\/#\/schema\/logo\/image\/"}}]}},"_links":{"self":[{"href":"https:\/\/www.purejewels.com\/de\/wp-json\/wp\/v2\/product\/353677","targetHints":{"allow":["GET"]}}],"collection":[{"href":"https:\/\/www.purejewels.com\/de\/wp-json\/wp\/v2\/product"}],"about":[{"href":"https:\/\/www.purejewels.com\/de\/wp-json\/wp\/v2\/types\/product"}],"replies":[{"embeddable":true,"href":"https:\/\/www.purejewels.com\/de\/wp-json\/wp\/v2\/comments?post=353677"}],"version-history":[{"count":4,"href":"https:\/\/www.purejewels.com\/de\/wp-json\/wp\/v2\/product\/353677\/revisions"}],"predecessor-version":[{"id":416467,"href":"https:\/\/www.purejewels.com\/de\/wp-json\/wp\/v2\/product\/353677\/revisions\/416467"}],"wp:featuredmedia":[{"embeddable":true,"href":"https:\/\/www.purejewels.com\/de\/wp-json\/wp\/v2\/media\/366319"}],"wp:attachment":[{"href":"https:\/\/www.purejewels.com\/de\/wp-json\/wp\/v2\/media?parent=353677"}],"wp:term":[{"taxonomy":"product_brand","embeddable":true,"href":"https:\/\/www.purejewels.com\/de\/wp-json\/wp\/v2\/product_brand?post=353677"},{"taxonomy":"product_cat","embeddable":true,"href":"https:\/\/www.purejewels.com\/de\/wp-json\/wp\/v2\/product_cat?post=353677"},{"taxonomy":"product_tag","embeddable":true,"href":"https:\/\/www.purejewels.com\/de\/wp-json\/wp\/v2\/product_tag?post=353677"}],"curies":[{"name":"wp","href":"https:\/\/api.w.org\/{rel}","templated":true}]}}