{"id":353898,"date":"2023-11-22T09:02:01","date_gmt":"2023-11-22T09:02:01","guid":{"rendered":"https:\/\/www.purejewels.com\/?post_type=product&#038;p=353898"},"modified":"2026-02-24T04:19:15","modified_gmt":"2026-02-24T04:19:15","slug":"rosette-kollektion-braut-kada-in-22ct-gold-jwbnkdrs030s7","status":"publish","type":"product","link":"https:\/\/www.purejewels.com\/de\/product\/rosette-collection-bridal-kada-in-22ct-gold-jwbnkdrs030s7\/","title":{"rendered":"Rosette Sammlung Bridal Kada in 22ct Gold | Gr\u00f6\u00dfe 2.7"},"content":{"rendered":"<p data-sourcepos=\"5:1-5:58\">Dieser wundersch\u00f6ne Rosetten-Kada-Armreif ist die perfekte Erg\u00e4nzung f\u00fcr Ihre Brautmodenkollektion. Er ist aus hochwertigem Gold gefertigt und in verschiedenen Gr\u00f6\u00dfen erh\u00e4ltlich. Dieser Armreif verleiht Ihrem Hochzeitstag-Ensemble einen Hauch von Eleganz und Raffinesse.<\/p>","protected":false},"excerpt":{"rendered":"<table class=\"sh_desc\" style=\"width: 100%;height: 298px\">\n<tbody>\n<tr style=\"height: 27px\">\n<td style=\"height: 27px\">Art des Armreifs<\/td>\n<td style=\"height: 27px\">Brautmode Kada<\/td>\n<\/tr>\n<tr style=\"height: 27px\">\n<td style=\"height: 27px\">SKU<\/td>\n<td style=\"height: 27px\">47058, 46483<\/td>\n<\/tr>\n<tr style=\"height: 27px\">\n<td style=\"height: 27px\">Gewicht<\/td>\n<td style=\"height: 27px\">\u00a033 Gms<\/td>\n<\/tr>\n<tr style=\"height: 27px\">\n<td style=\"height: 27px\">Metall<\/td>\n<td style=\"height: 27px\">22ct Gold<\/td>\n<\/tr>\n<tr style=\"height: 27px\">\n<td style=\"height: 27px\">Armreif Gr\u00f6\u00dfe<\/td>\n<td style=\"height: 27px\">2.7 (Weitere Gr\u00f6\u00dfen bitte anfragen)<\/td>\n<\/tr>\n<tr style=\"height: 27px\">\n<td style=\"height: 27px\">KatalogID<\/td>\n<td style=\"height: 27px\">R1035<\/td>\n<\/tr>\n<tr style=\"height: 27px\">\n<td style=\"height: 27px\">Sammlung<\/td>\n<td style=\"height: 27px\"><strong>Kollektion Rosette<\/strong><\/td>\n<\/tr>\n<tr style=\"height: 27px\">\n<td style=\"height: 27px\">Wahrzeichen<\/td>\n<td style=\"height: 27px\">22ct Gold gestempelt von London Assay Office<\/td>\n<\/tr>\n<tr style=\"height: 27px\">\n<td style=\"height: 27px\">Entgelte<\/td>\n<td style=\"height: 27px\">Lieferung und Mehrwertsteuer inbegriffen<\/td>\n<\/tr>\n<tr style=\"height: 27px\">\n<td style=\"height: 27px\">Verpackung<\/td>\n<td style=\"height: 27px\">Mit Pr\u00e4sentationsbox<\/td>\n<\/tr>\n<tr style=\"height: 55px\">\n<td style=\"height: 55px\">Mehr Informationen<\/td>\n<td style=\"height: 55px\">\n<ul>\n<li>Hinweis: Live-Chat mit uns f\u00fcr die Verf\u00fcgbarkeit und mehr Bilder<\/li>\n<li>Klicken Sie hier f\u00fcr die \u00dcberpr\u00fcfung Ihrer\u00a0<strong>Armreif Gr\u00f6\u00dfe<\/strong><\/li>\n<li>der hier angegebene Preis gilt f\u00fcr einen einzelnen Armreif<\/li>\n<\/ul>\n<\/td>\n<\/tr>\n<\/tbody>\n<\/table>\n<p>&nbsp;<\/p>","protected":false},"featured_media":346496,"comment_status":"closed","ping_status":"closed","template":"","meta":{"_eb_attr":"","_crsspst_to_jayantr4sg-hostcom":false},"product_brand":[],"product_cat":[1659,1233,5271,5273,1656,1657,1574],"product_tag":[],"class_list":{"0":"post-353898","1":"product","2":"type-product","3":"status-publish","4":"has-post-thumbnail","6":"product_cat-bridal-and-party-wear-gold-kada-bangle","7":"product_cat-gold-bangles","8":"product_cat-occasion-wear-bangles","9":"product_cat-22ct-gold-poncha-bracelet","10":"product_cat-rosettes-collections","11":"product_cat-single-bangle","12":"product_cat-womens-jewellery","14":"first","15":"onbackorder","16":"taxable","17":"shipping-taxable","18":"product-type-simple","19":"add-to-wishlist-before_image"},"yoast_head":"<!-- This site is optimized with the Yoast SEO plugin v27.5 - https:\/\/yoast.com\/product\/yoast-seo-wordpress\/ -->\n<title>Rosette Collection Bridal Kada in 22ct Gold | PureJewels UK<\/title>\n<meta name=\"description\" content=\"Featuring a timeless design with intricate detailing, this kada will add a touch of elegance and sophistication to your wedding ensemble. Buy this Kada!\" \/>\n<meta name=\"robots\" content=\"index, follow, max-snippet:-1, max-image-preview:large, max-video-preview:-1\" \/>\n<link rel=\"canonical\" href=\"https:\/\/www.purejewels.com\/de\/produkt-2\/rosette-kollektion-braut-kada-in-22ct-gold-jwbnkdrs030s7\/\" \/>\n<meta property=\"og:locale\" content=\"de_DE\" \/>\n<meta property=\"og:type\" content=\"article\" \/>\n<meta property=\"og:title\" content=\"Rosette Collection Bridal Kada in 22ct Gold | PureJewels UK\" \/>\n<meta property=\"og:description\" content=\"Featuring a timeless design with intricate detailing, this kada will add a touch of elegance and sophistication to your wedding ensemble. Buy this Kada!\" \/>\n<meta property=\"og:url\" content=\"https:\/\/www.purejewels.com\/de\/produkt-2\/rosette-kollektion-braut-kada-in-22ct-gold-jwbnkdrs030s7\/\" \/>\n<meta property=\"og:site_name\" content=\"PureJewels UK\" \/>\n<meta property=\"article:modified_time\" content=\"2026-02-24T04:19:15+00:00\" \/>\n<meta property=\"og:image\" content=\"https:\/\/static.purejewels.com\/wp-content\/uploads\/2023\/05\/SKU-45232.jpg\" \/>\n\t<meta property=\"og:image:width\" content=\"1\" \/>\n\t<meta property=\"og:image:height\" content=\"1\" \/>\n\t<meta property=\"og:image:type\" content=\"image\/jpeg\" \/>\n<meta name=\"twitter:card\" content=\"summary_large_image\" \/>\n<meta name=\"twitter:label1\" content=\"Gesch\u00e4tzte Lesezeit\" \/>\n\t<meta name=\"twitter:data1\" content=\"1\u00a0Minute\" \/>\n<script type=\"application\/ld+json\" class=\"yoast-schema-graph\">{\"@context\":\"https:\\\/\\\/schema.org\",\"@graph\":[{\"@type\":[\"WebPage\",\"ItemPage\"],\"@id\":\"https:\\\/\\\/www.purejewels.com\\\/product\\\/rosette-collection-bridal-kada-in-22ct-gold-jwbnkdrs030s7\\\/\",\"url\":\"https:\\\/\\\/www.purejewels.com\\\/product\\\/rosette-collection-bridal-kada-in-22ct-gold-jwbnkdrs030s7\\\/\",\"name\":\"Rosette Collection Bridal Kada in 22ct Gold | PureJewels UK\",\"isPartOf\":{\"@id\":\"https:\\\/\\\/www.purejewels.com\\\/#website\"},\"primaryImageOfPage\":{\"@id\":\"https:\\\/\\\/www.purejewels.com\\\/product\\\/rosette-collection-bridal-kada-in-22ct-gold-jwbnkdrs030s7\\\/#primaryimage\"},\"image\":{\"@id\":\"https:\\\/\\\/www.purejewels.com\\\/product\\\/rosette-collection-bridal-kada-in-22ct-gold-jwbnkdrs030s7\\\/#primaryimage\"},\"thumbnailUrl\":\"https:\\\/\\\/static.purejewels.com\\\/wp-content\\\/uploads\\\/2023\\\/05\\\/SKU-45232.jpg\",\"datePublished\":\"2023-11-22T09:02:01+00:00\",\"dateModified\":\"2026-02-24T04:19:15+00:00\",\"description\":\"Featuring a timeless design with intricate detailing, this kada will add a touch of elegance and sophistication to your wedding ensemble. Buy this Kada!\",\"breadcrumb\":{\"@id\":\"https:\\\/\\\/www.purejewels.com\\\/product\\\/rosette-collection-bridal-kada-in-22ct-gold-jwbnkdrs030s7\\\/#breadcrumb\"},\"inLanguage\":\"de\",\"potentialAction\":[{\"@type\":\"ReadAction\",\"target\":[\"https:\\\/\\\/www.purejewels.com\\\/product\\\/rosette-collection-bridal-kada-in-22ct-gold-jwbnkdrs030s7\\\/\"]}]},{\"@type\":\"ImageObject\",\"inLanguage\":\"de\",\"@id\":\"https:\\\/\\\/www.purejewels.com\\\/product\\\/rosette-collection-bridal-kada-in-22ct-gold-jwbnkdrs030s7\\\/#primaryimage\",\"url\":\"https:\\\/\\\/static.purejewels.com\\\/wp-content\\\/uploads\\\/2023\\\/05\\\/SKU-45232.jpg\",\"contentUrl\":\"https:\\\/\\\/static.purejewels.com\\\/wp-content\\\/uploads\\\/2023\\\/05\\\/SKU-45232.jpg\",\"caption\":\"22ct Gold Rosette Bridal Kada\"},{\"@type\":\"BreadcrumbList\",\"@id\":\"https:\\\/\\\/www.purejewels.com\\\/product\\\/rosette-collection-bridal-kada-in-22ct-gold-jwbnkdrs030s7\\\/#breadcrumb\",\"itemListElement\":[{\"@type\":\"ListItem\",\"position\":1,\"name\":\"Home\",\"item\":\"https:\\\/\\\/www.purejewels.com\\\/\"},{\"@type\":\"ListItem\",\"position\":2,\"name\":\"Shop\",\"item\":\"https:\\\/\\\/www.purejewels.com\\\/shop\\\/\"},{\"@type\":\"ListItem\",\"position\":3,\"name\":\"Rosette Collection Bridal Kada in 22ct Gold | Size 2.7\"}]},{\"@type\":\"WebSite\",\"@id\":\"https:\\\/\\\/www.purejewels.com\\\/#website\",\"url\":\"https:\\\/\\\/www.purejewels.com\\\/\",\"name\":\"PureJewels UK\",\"description\":\"Share the Love\",\"publisher\":{\"@id\":\"https:\\\/\\\/www.purejewels.com\\\/#organization\"},\"potentialAction\":[{\"@type\":\"SearchAction\",\"target\":{\"@type\":\"EntryPoint\",\"urlTemplate\":\"https:\\\/\\\/www.purejewels.com\\\/?s={search_term_string}\"},\"query-input\":{\"@type\":\"PropertyValueSpecification\",\"valueRequired\":true,\"valueName\":\"search_term_string\"}}],\"inLanguage\":\"de\"},{\"@type\":\"Organization\",\"@id\":\"https:\\\/\\\/www.purejewels.com\\\/#organization\",\"name\":\"PureJewels UK\",\"url\":\"https:\\\/\\\/www.purejewels.com\\\/\",\"logo\":{\"@type\":\"ImageObject\",\"inLanguage\":\"de\",\"@id\":\"https:\\\/\\\/www.purejewels.com\\\/#\\\/schema\\\/logo\\\/image\\\/\",\"url\":\"https:\\\/\\\/static.purejewels.com\\\/wp-content\\\/uploads\\\/2020\\\/11\\\/Logo-PJ-New-1.png\",\"contentUrl\":\"https:\\\/\\\/static.purejewels.com\\\/wp-content\\\/uploads\\\/2020\\\/11\\\/Logo-PJ-New-1.png\",\"width\":150,\"height\":80,\"caption\":\"PureJewels UK\"},\"image\":{\"@id\":\"https:\\\/\\\/www.purejewels.com\\\/#\\\/schema\\\/logo\\\/image\\\/\"}}]}<\/script>\n<!-- \/ Yoast SEO plugin. -->","yoast_head_json":{"title":"Rosette Sammlung Bridal Kada in 22ct Gold | PureJewels UK","description":"Mit seinem zeitlosen Design und den filigranen Details verleiht dieses Kada Ihrem Hochzeitsensemble einen Hauch von Eleganz und Raffinesse. Kaufen Sie diese Kada!","robots":{"index":"index","follow":"follow","max-snippet":"max-snippet:-1","max-image-preview":"max-image-preview:large","max-video-preview":"max-video-preview:-1"},"canonical":"https:\/\/www.purejewels.com\/de\/produkt-2\/rosette-kollektion-braut-kada-in-22ct-gold-jwbnkdrs030s7\/","og_locale":"de_DE","og_type":"article","og_title":"Rosette Collection Bridal Kada in 22ct Gold | PureJewels UK","og_description":"Featuring a timeless design with intricate detailing, this kada will add a touch of elegance and sophistication to your wedding ensemble. Buy this Kada!","og_url":"https:\/\/www.purejewels.com\/de\/produkt-2\/rosette-kollektion-braut-kada-in-22ct-gold-jwbnkdrs030s7\/","og_site_name":"PureJewels UK","article_modified_time":"2026-02-24T04:19:15+00:00","og_image":[{"url":"https:\/\/static.purejewels.com\/wp-content\/uploads\/2023\/05\/SKU-45232.jpg","width":1,"height":1,"type":"image\/jpeg"}],"twitter_card":"summary_large_image","twitter_misc":{"Gesch\u00e4tzte Lesezeit":"1\u00a0Minute"},"schema":{"@context":"https:\/\/schema.org","@graph":[{"@type":["WebPage","ItemPage"],"@id":"https:\/\/www.purejewels.com\/product\/rosette-collection-bridal-kada-in-22ct-gold-jwbnkdrs030s7\/","url":"https:\/\/www.purejewels.com\/product\/rosette-collection-bridal-kada-in-22ct-gold-jwbnkdrs030s7\/","name":"Rosette Sammlung Bridal Kada in 22ct Gold | PureJewels UK","isPartOf":{"@id":"https:\/\/www.purejewels.com\/#website"},"primaryImageOfPage":{"@id":"https:\/\/www.purejewels.com\/product\/rosette-collection-bridal-kada-in-22ct-gold-jwbnkdrs030s7\/#primaryimage"},"image":{"@id":"https:\/\/www.purejewels.com\/product\/rosette-collection-bridal-kada-in-22ct-gold-jwbnkdrs030s7\/#primaryimage"},"thumbnailUrl":"https:\/\/static.purejewels.com\/wp-content\/uploads\/2023\/05\/SKU-45232.jpg","datePublished":"2023-11-22T09:02:01+00:00","dateModified":"2026-02-24T04:19:15+00:00","description":"Mit seinem zeitlosen Design und den filigranen Details verleiht dieses Kada Ihrem Hochzeitsensemble einen Hauch von Eleganz und Raffinesse. Kaufen Sie diese Kada!","breadcrumb":{"@id":"https:\/\/www.purejewels.com\/product\/rosette-collection-bridal-kada-in-22ct-gold-jwbnkdrs030s7\/#breadcrumb"},"inLanguage":"de","potentialAction":[{"@type":"ReadAction","target":["https:\/\/www.purejewels.com\/product\/rosette-collection-bridal-kada-in-22ct-gold-jwbnkdrs030s7\/"]}]},{"@type":"ImageObject","inLanguage":"de","@id":"https:\/\/www.purejewels.com\/product\/rosette-collection-bridal-kada-in-22ct-gold-jwbnkdrs030s7\/#primaryimage","url":"https:\/\/static.purejewels.com\/wp-content\/uploads\/2023\/05\/SKU-45232.jpg","contentUrl":"https:\/\/static.purejewels.com\/wp-content\/uploads\/2023\/05\/SKU-45232.jpg","caption":"22ct Gold Rosette Bridal Kada"},{"@type":"BreadcrumbList","@id":"https:\/\/www.purejewels.com\/product\/rosette-collection-bridal-kada-in-22ct-gold-jwbnkdrs030s7\/#breadcrumb","itemListElement":[{"@type":"ListItem","position":1,"name":"Home","item":"https:\/\/www.purejewels.com\/"},{"@type":"ListItem","position":2,"name":"Shop","item":"https:\/\/www.purejewels.com\/shop\/"},{"@type":"ListItem","position":3,"name":"Rosette Collection Bridal Kada in 22ct Gold | Size 2.7"}]},{"@type":"WebSite","@id":"https:\/\/www.purejewels.com\/#website","url":"https:\/\/www.purejewels.com\/","name":"PureJewels UK","description":"Teile die Liebe","publisher":{"@id":"https:\/\/www.purejewels.com\/#organization"},"potentialAction":[{"@type":"SearchAction","target":{"@type":"EntryPoint","urlTemplate":"https:\/\/www.purejewels.com\/?s={search_term_string}"},"query-input":{"@type":"PropertyValueSpecification","valueRequired":true,"valueName":"search_term_string"}}],"inLanguage":"de"},{"@type":"Organization","@id":"https:\/\/www.purejewels.com\/#organization","name":"PureJewels UK","url":"https:\/\/www.purejewels.com\/","logo":{"@type":"ImageObject","inLanguage":"de","@id":"https:\/\/www.purejewels.com\/#\/schema\/logo\/image\/","url":"https:\/\/static.purejewels.com\/wp-content\/uploads\/2020\/11\/Logo-PJ-New-1.png","contentUrl":"https:\/\/static.purejewels.com\/wp-content\/uploads\/2020\/11\/Logo-PJ-New-1.png","width":150,"height":80,"caption":"PureJewels UK"},"image":{"@id":"https:\/\/www.purejewels.com\/#\/schema\/logo\/image\/"}}]}},"_links":{"self":[{"href":"https:\/\/www.purejewels.com\/de\/wp-json\/wp\/v2\/product\/353898","targetHints":{"allow":["GET"]}}],"collection":[{"href":"https:\/\/www.purejewels.com\/de\/wp-json\/wp\/v2\/product"}],"about":[{"href":"https:\/\/www.purejewels.com\/de\/wp-json\/wp\/v2\/types\/product"}],"replies":[{"embeddable":true,"href":"https:\/\/www.purejewels.com\/de\/wp-json\/wp\/v2\/comments?post=353898"}],"version-history":[{"count":4,"href":"https:\/\/www.purejewels.com\/de\/wp-json\/wp\/v2\/product\/353898\/revisions"}],"predecessor-version":[{"id":398624,"href":"https:\/\/www.purejewels.com\/de\/wp-json\/wp\/v2\/product\/353898\/revisions\/398624"}],"wp:featuredmedia":[{"embeddable":true,"href":"https:\/\/www.purejewels.com\/de\/wp-json\/wp\/v2\/media\/346496"}],"wp:attachment":[{"href":"https:\/\/www.purejewels.com\/de\/wp-json\/wp\/v2\/media?parent=353898"}],"wp:term":[{"taxonomy":"product_brand","embeddable":true,"href":"https:\/\/www.purejewels.com\/de\/wp-json\/wp\/v2\/product_brand?post=353898"},{"taxonomy":"product_cat","embeddable":true,"href":"https:\/\/www.purejewels.com\/de\/wp-json\/wp\/v2\/product_cat?post=353898"},{"taxonomy":"product_tag","embeddable":true,"href":"https:\/\/www.purejewels.com\/de\/wp-json\/wp\/v2\/product_tag?post=353898"}],"curies":[{"name":"wp","href":"https:\/\/api.w.org\/{rel}","templated":true}]}}