{"id":354076,"date":"2023-11-28T05:04:13","date_gmt":"2023-11-28T05:04:13","guid":{"rendered":"https:\/\/www.purejewels.com\/?post_type=product&#038;p=354076"},"modified":"2026-02-24T04:19:53","modified_gmt":"2026-02-24T04:19:53","slug":"22-kt-gold-braut-kada-armreif-jwbnkdrs021s5","status":"publish","type":"product","link":"https:\/\/www.purejewels.com\/de\/product\/22ct-gold-bridal-kada-bangle-jwbnkdrs021s5\/","title":{"rendered":"22ct Gold Bridal Kada Armreif | Gr\u00f6\u00dfe 2.5"},"content":{"rendered":"<p>Der Inbegriff von Anmut und Raffinesse mit dem <a href=\"https:\/\/www.purejewels.com\/de\/product\/22ct-gold-bridal-kada-42948\/\">22ct Gold Braut Kada<\/a> Armreif, ein Meisterwerk, das mit exquisiter Kunstfertigkeit und traditionellen Techniken hergestellt wird. Dieser bezaubernde Armreif, der exklusiv bei PureJewels - Green Street London erh\u00e4ltlich ist, wird die Herzen von Br\u00e4uten und Schmuckliebhabern gleicherma\u00dfen erobern.<\/p>\n<p data-sourcepos=\"9:1-9:119\">In sorgf\u00e4ltiger Handarbeit von qualifizierten Handwerkern hergestellt, ist das <a href=\"https:\/\/www.purejewels.com\/de\/product\/22ct-gold-jali-filigree-ring-jali-collection-31926\/\">22ct<\/a> Der goldene Bridal Kada Armreif zeigt die Brillanz der F\u00e4rbetechniken.<\/p>\n<p data-sourcepos=\"9:1-9:119\">Der 22ct Gold Bridal Kada Bangle ist mehr als nur ein Schmuckst\u00fcck; er ist ein Erbst\u00fcck, das \u00fcber Generationen hinweg in Ehren gehalten wird. Vererben Sie dieses exquisite St\u00fcck als Symbol f\u00fcr Liebe, Tradition und dauerhafte Eleganz.<\/p>","protected":false},"excerpt":{"rendered":"<div class=\"woocommerce-product-details__short-description\">\n<table class=\"sh_desc\">\n<tbody>\n<tr>\n<td>Art des Armreifs<\/td>\n<td>Brautmode Kada Armreif<\/td>\n<\/tr>\n<tr>\n<td>SKU<\/td>\n<td>43905<\/td>\n<\/tr>\n<tr>\n<td>Gewicht<\/td>\n<td>\u00a035,1 Gramm<\/td>\n<\/tr>\n<tr>\n<td>Metall<\/td>\n<td>22ct Gold<\/td>\n<\/tr>\n<tr>\n<td>Armreif Gr\u00f6\u00dfe<\/td>\n<td>2.5 (Weitere Gr\u00f6\u00dfen bitte anfragen)<\/td>\n<\/tr>\n<tr>\n<td>Sammlung<\/td>\n<td><strong>Kollektion Rosetten<\/strong><\/td>\n<\/tr>\n<tr>\n<td>Wahrzeichen<\/td>\n<td>22ct Gold gestempelt von London Assay Office<\/td>\n<\/tr>\n<tr>\n<td>Entgelte<\/td>\n<td>Lieferung und Mehrwertsteuer inbegriffen<\/td>\n<\/tr>\n<tr>\n<td>Verpackung<\/td>\n<td>Mit Pr\u00e4sentationsbox<\/td>\n<\/tr>\n<tr>\n<td>Mehr Informationen<\/td>\n<td>\n<ul>\n<li>Hinweis: Der hier angegebene Preis gilt f\u00fcr eine einzelne Kada<\/li>\n<li>Klicken Sie hier zur \u00dcberpr\u00fcfung Ihrer <strong>Armreif Gr\u00f6\u00dfe<\/strong><\/li>\n<li>Live-Chat mit uns f\u00fcr Verf\u00fcgbarkeit und mehr Bilder<\/li>\n<\/ul>\n<\/td>\n<\/tr>\n<\/tbody>\n<\/table>\n<\/div>\n<p>&nbsp;<\/p>","protected":false},"featured_media":348798,"comment_status":"closed","ping_status":"closed","template":"","meta":{"_eb_attr":"","_crsspst_to_jayantr4sg-hostcom":false},"product_brand":[],"product_cat":[1791,236,1233,5271,5273,1656,1657,1573,1574,5349],"product_tag":[],"class_list":{"0":"post-354076","1":"product","2":"type-product","3":"status-publish","4":"has-post-thumbnail","6":"product_cat-anniversary-gifts","7":"product_cat-collections","8":"product_cat-gold-bangles","9":"product_cat-occasion-wear-bangles","10":"product_cat-22ct-gold-poncha-bracelet","11":"product_cat-rosettes-collections","12":"product_cat-single-bangle","13":"product_cat-wedding-gifts","14":"product_cat-womens-jewellery","15":"product_cat-yellow-gold-jewellery","17":"first","18":"onbackorder","19":"taxable","20":"shipping-taxable","21":"product-type-simple","22":"add-to-wishlist-before_image"},"yoast_head":"<!-- This site is optimized with the Yoast SEO plugin v27.3 - https:\/\/yoast.com\/product\/yoast-seo-wordpress\/ -->\n<title>Shop online 22ct Gold Bridal Kada Bangle | Size 2.5<\/title>\n<meta name=\"description\" content=\"This stunning 22ct gold kada bangle is a must-have for any bride-to-be. The heavy, intricate design is sure to make a statement on your special day.\" \/>\n<meta name=\"robots\" content=\"index, follow, max-snippet:-1, max-image-preview:large, max-video-preview:-1\" \/>\n<link rel=\"canonical\" href=\"https:\/\/www.purejewels.com\/de\/produkt-2\/22-kt-gold-braut-kada-armreif-jwbnkdrs021s5\/\" \/>\n<meta property=\"og:locale\" content=\"de_DE\" \/>\n<meta property=\"og:type\" content=\"article\" \/>\n<meta property=\"og:title\" content=\"Shop online 22ct Gold Bridal Kada Bangle | Size 2.5\" \/>\n<meta property=\"og:description\" content=\"This stunning 22ct gold kada bangle is a must-have for any bride-to-be. The heavy, intricate design is sure to make a statement on your special day.\" \/>\n<meta property=\"og:url\" content=\"https:\/\/www.purejewels.com\/de\/produkt-2\/22-kt-gold-braut-kada-armreif-jwbnkdrs021s5\/\" \/>\n<meta property=\"og:site_name\" content=\"PureJewels UK\" \/>\n<meta property=\"article:modified_time\" content=\"2026-02-24T04:19:53+00:00\" \/>\n<meta property=\"og:image\" content=\"https:\/\/static.purejewels.com\/wp-content\/uploads\/2023\/06\/SKU-44892.jpg\" \/>\n\t<meta property=\"og:image:width\" content=\"1000\" \/>\n\t<meta property=\"og:image:height\" content=\"1000\" \/>\n\t<meta property=\"og:image:type\" content=\"image\/jpeg\" \/>\n<meta name=\"twitter:card\" content=\"summary_large_image\" \/>\n<meta name=\"twitter:label1\" content=\"Gesch\u00e4tzte Lesezeit\" \/>\n\t<meta name=\"twitter:data1\" content=\"1\u00a0Minute\" \/>\n<script type=\"application\/ld+json\" class=\"yoast-schema-graph\">{\"@context\":\"https:\\\/\\\/schema.org\",\"@graph\":[{\"@type\":[\"WebPage\",\"ItemPage\"],\"@id\":\"https:\\\/\\\/www.purejewels.com\\\/product\\\/22ct-gold-bridal-kada-bangle-jwbnkdrs021s5\\\/\",\"url\":\"https:\\\/\\\/www.purejewels.com\\\/product\\\/22ct-gold-bridal-kada-bangle-jwbnkdrs021s5\\\/\",\"name\":\"Shop online 22ct Gold Bridal Kada Bangle | Size 2.5\",\"isPartOf\":{\"@id\":\"https:\\\/\\\/www.purejewels.com\\\/#website\"},\"primaryImageOfPage\":{\"@id\":\"https:\\\/\\\/www.purejewels.com\\\/product\\\/22ct-gold-bridal-kada-bangle-jwbnkdrs021s5\\\/#primaryimage\"},\"image\":{\"@id\":\"https:\\\/\\\/www.purejewels.com\\\/product\\\/22ct-gold-bridal-kada-bangle-jwbnkdrs021s5\\\/#primaryimage\"},\"thumbnailUrl\":\"https:\\\/\\\/static.purejewels.com\\\/wp-content\\\/uploads\\\/2023\\\/06\\\/SKU-44892.jpg\",\"datePublished\":\"2023-11-28T05:04:13+00:00\",\"dateModified\":\"2026-02-24T04:19:53+00:00\",\"description\":\"This stunning 22ct gold kada bangle is a must-have for any bride-to-be. The heavy, intricate design is sure to make a statement on your special day.\",\"breadcrumb\":{\"@id\":\"https:\\\/\\\/www.purejewels.com\\\/product\\\/22ct-gold-bridal-kada-bangle-jwbnkdrs021s5\\\/#breadcrumb\"},\"inLanguage\":\"de\",\"potentialAction\":[{\"@type\":\"ReadAction\",\"target\":[\"https:\\\/\\\/www.purejewels.com\\\/product\\\/22ct-gold-bridal-kada-bangle-jwbnkdrs021s5\\\/\"]}]},{\"@type\":\"ImageObject\",\"inLanguage\":\"de\",\"@id\":\"https:\\\/\\\/www.purejewels.com\\\/product\\\/22ct-gold-bridal-kada-bangle-jwbnkdrs021s5\\\/#primaryimage\",\"url\":\"https:\\\/\\\/static.purejewels.com\\\/wp-content\\\/uploads\\\/2023\\\/06\\\/SKU-44892.jpg\",\"contentUrl\":\"https:\\\/\\\/static.purejewels.com\\\/wp-content\\\/uploads\\\/2023\\\/06\\\/SKU-44892.jpg\",\"width\":1000,\"height\":1000,\"caption\":\"Rosette Collection 22ct Gold Kada Bangle\"},{\"@type\":\"BreadcrumbList\",\"@id\":\"https:\\\/\\\/www.purejewels.com\\\/product\\\/22ct-gold-bridal-kada-bangle-jwbnkdrs021s5\\\/#breadcrumb\",\"itemListElement\":[{\"@type\":\"ListItem\",\"position\":1,\"name\":\"Home\",\"item\":\"https:\\\/\\\/www.purejewels.com\\\/\"},{\"@type\":\"ListItem\",\"position\":2,\"name\":\"Shop\",\"item\":\"https:\\\/\\\/www.purejewels.com\\\/shop\\\/\"},{\"@type\":\"ListItem\",\"position\":3,\"name\":\"22ct Gold Bridal Kada Bangle | Size 2.5\"}]},{\"@type\":\"WebSite\",\"@id\":\"https:\\\/\\\/www.purejewels.com\\\/#website\",\"url\":\"https:\\\/\\\/www.purejewels.com\\\/\",\"name\":\"PureJewels UK\",\"description\":\"Share the Love\",\"publisher\":{\"@id\":\"https:\\\/\\\/www.purejewels.com\\\/#organization\"},\"potentialAction\":[{\"@type\":\"SearchAction\",\"target\":{\"@type\":\"EntryPoint\",\"urlTemplate\":\"https:\\\/\\\/www.purejewels.com\\\/?s={search_term_string}\"},\"query-input\":{\"@type\":\"PropertyValueSpecification\",\"valueRequired\":true,\"valueName\":\"search_term_string\"}}],\"inLanguage\":\"de\"},{\"@type\":\"Organization\",\"@id\":\"https:\\\/\\\/www.purejewels.com\\\/#organization\",\"name\":\"PureJewels UK\",\"url\":\"https:\\\/\\\/www.purejewels.com\\\/\",\"logo\":{\"@type\":\"ImageObject\",\"inLanguage\":\"de\",\"@id\":\"https:\\\/\\\/www.purejewels.com\\\/#\\\/schema\\\/logo\\\/image\\\/\",\"url\":\"https:\\\/\\\/static.purejewels.com\\\/wp-content\\\/uploads\\\/2020\\\/11\\\/Logo-PJ-New-1.png\",\"contentUrl\":\"https:\\\/\\\/static.purejewels.com\\\/wp-content\\\/uploads\\\/2020\\\/11\\\/Logo-PJ-New-1.png\",\"width\":150,\"height\":80,\"caption\":\"PureJewels UK\"},\"image\":{\"@id\":\"https:\\\/\\\/www.purejewels.com\\\/#\\\/schema\\\/logo\\\/image\\\/\"}}]}<\/script>\n<!-- \/ Yoast SEO plugin. -->","yoast_head_json":{"title":"Online einkaufen 22ct Gold Bridal Kada Armreif | Gr\u00f6\u00dfe 2.5","description":"Dieser atemberaubende Kada-Armreif aus 22 Karat Gold ist ein Muss f\u00fcr jede zuk\u00fcnftige Braut. Das schwere, verschlungene Design wird an Ihrem besonderen Tag sicher ein Statement abgeben.","robots":{"index":"index","follow":"follow","max-snippet":"max-snippet:-1","max-image-preview":"max-image-preview:large","max-video-preview":"max-video-preview:-1"},"canonical":"https:\/\/www.purejewels.com\/de\/produkt-2\/22-kt-gold-braut-kada-armreif-jwbnkdrs021s5\/","og_locale":"de_DE","og_type":"article","og_title":"Shop online 22ct Gold Bridal Kada Bangle | Size 2.5","og_description":"This stunning 22ct gold kada bangle is a must-have for any bride-to-be. The heavy, intricate design is sure to make a statement on your special day.","og_url":"https:\/\/www.purejewels.com\/de\/produkt-2\/22-kt-gold-braut-kada-armreif-jwbnkdrs021s5\/","og_site_name":"PureJewels UK","article_modified_time":"2026-02-24T04:19:53+00:00","og_image":[{"width":1000,"height":1000,"url":"https:\/\/static.purejewels.com\/wp-content\/uploads\/2023\/06\/SKU-44892.jpg","type":"image\/jpeg"}],"twitter_card":"summary_large_image","twitter_misc":{"Gesch\u00e4tzte Lesezeit":"1\u00a0Minute"},"schema":{"@context":"https:\/\/schema.org","@graph":[{"@type":["WebPage","ItemPage"],"@id":"https:\/\/www.purejewels.com\/product\/22ct-gold-bridal-kada-bangle-jwbnkdrs021s5\/","url":"https:\/\/www.purejewels.com\/product\/22ct-gold-bridal-kada-bangle-jwbnkdrs021s5\/","name":"Online einkaufen 22ct Gold Bridal Kada Armreif | Gr\u00f6\u00dfe 2.5","isPartOf":{"@id":"https:\/\/www.purejewels.com\/#website"},"primaryImageOfPage":{"@id":"https:\/\/www.purejewels.com\/product\/22ct-gold-bridal-kada-bangle-jwbnkdrs021s5\/#primaryimage"},"image":{"@id":"https:\/\/www.purejewels.com\/product\/22ct-gold-bridal-kada-bangle-jwbnkdrs021s5\/#primaryimage"},"thumbnailUrl":"https:\/\/static.purejewels.com\/wp-content\/uploads\/2023\/06\/SKU-44892.jpg","datePublished":"2023-11-28T05:04:13+00:00","dateModified":"2026-02-24T04:19:53+00:00","description":"Dieser atemberaubende Kada-Armreif aus 22 Karat Gold ist ein Muss f\u00fcr jede zuk\u00fcnftige Braut. Das schwere, verschlungene Design wird an Ihrem besonderen Tag sicher ein Statement abgeben.","breadcrumb":{"@id":"https:\/\/www.purejewels.com\/product\/22ct-gold-bridal-kada-bangle-jwbnkdrs021s5\/#breadcrumb"},"inLanguage":"de","potentialAction":[{"@type":"ReadAction","target":["https:\/\/www.purejewels.com\/product\/22ct-gold-bridal-kada-bangle-jwbnkdrs021s5\/"]}]},{"@type":"ImageObject","inLanguage":"de","@id":"https:\/\/www.purejewels.com\/product\/22ct-gold-bridal-kada-bangle-jwbnkdrs021s5\/#primaryimage","url":"https:\/\/static.purejewels.com\/wp-content\/uploads\/2023\/06\/SKU-44892.jpg","contentUrl":"https:\/\/static.purejewels.com\/wp-content\/uploads\/2023\/06\/SKU-44892.jpg","width":1000,"height":1000,"caption":"Rosette Collection 22ct Gold Kada Bangle"},{"@type":"BreadcrumbList","@id":"https:\/\/www.purejewels.com\/product\/22ct-gold-bridal-kada-bangle-jwbnkdrs021s5\/#breadcrumb","itemListElement":[{"@type":"ListItem","position":1,"name":"Home","item":"https:\/\/www.purejewels.com\/"},{"@type":"ListItem","position":2,"name":"Shop","item":"https:\/\/www.purejewels.com\/shop\/"},{"@type":"ListItem","position":3,"name":"22ct Gold Bridal Kada Bangle | Size 2.5"}]},{"@type":"WebSite","@id":"https:\/\/www.purejewels.com\/#website","url":"https:\/\/www.purejewels.com\/","name":"PureJewels UK","description":"Teile die Liebe","publisher":{"@id":"https:\/\/www.purejewels.com\/#organization"},"potentialAction":[{"@type":"SearchAction","target":{"@type":"EntryPoint","urlTemplate":"https:\/\/www.purejewels.com\/?s={search_term_string}"},"query-input":{"@type":"PropertyValueSpecification","valueRequired":true,"valueName":"search_term_string"}}],"inLanguage":"de"},{"@type":"Organization","@id":"https:\/\/www.purejewels.com\/#organization","name":"PureJewels UK","url":"https:\/\/www.purejewels.com\/","logo":{"@type":"ImageObject","inLanguage":"de","@id":"https:\/\/www.purejewels.com\/#\/schema\/logo\/image\/","url":"https:\/\/static.purejewels.com\/wp-content\/uploads\/2020\/11\/Logo-PJ-New-1.png","contentUrl":"https:\/\/static.purejewels.com\/wp-content\/uploads\/2020\/11\/Logo-PJ-New-1.png","width":150,"height":80,"caption":"PureJewels UK"},"image":{"@id":"https:\/\/www.purejewels.com\/#\/schema\/logo\/image\/"}}]}},"_links":{"self":[{"href":"https:\/\/www.purejewels.com\/de\/wp-json\/wp\/v2\/product\/354076","targetHints":{"allow":["GET"]}}],"collection":[{"href":"https:\/\/www.purejewels.com\/de\/wp-json\/wp\/v2\/product"}],"about":[{"href":"https:\/\/www.purejewels.com\/de\/wp-json\/wp\/v2\/types\/product"}],"replies":[{"embeddable":true,"href":"https:\/\/www.purejewels.com\/de\/wp-json\/wp\/v2\/comments?post=354076"}],"version-history":[{"count":2,"href":"https:\/\/www.purejewels.com\/de\/wp-json\/wp\/v2\/product\/354076\/revisions"}],"predecessor-version":[{"id":395961,"href":"https:\/\/www.purejewels.com\/de\/wp-json\/wp\/v2\/product\/354076\/revisions\/395961"}],"wp:featuredmedia":[{"embeddable":true,"href":"https:\/\/www.purejewels.com\/de\/wp-json\/wp\/v2\/media\/348798"}],"wp:attachment":[{"href":"https:\/\/www.purejewels.com\/de\/wp-json\/wp\/v2\/media?parent=354076"}],"wp:term":[{"taxonomy":"product_brand","embeddable":true,"href":"https:\/\/www.purejewels.com\/de\/wp-json\/wp\/v2\/product_brand?post=354076"},{"taxonomy":"product_cat","embeddable":true,"href":"https:\/\/www.purejewels.com\/de\/wp-json\/wp\/v2\/product_cat?post=354076"},{"taxonomy":"product_tag","embeddable":true,"href":"https:\/\/www.purejewels.com\/de\/wp-json\/wp\/v2\/product_tag?post=354076"}],"curies":[{"name":"wp","href":"https:\/\/api.w.org\/{rel}","templated":true}]}}