{"id":354388,"date":"2023-12-05T11:58:13","date_gmt":"2023-12-05T11:58:13","guid":{"rendered":"https:\/\/www.purejewels.com\/?post_type=product&#038;p=354388"},"modified":"2026-02-03T08:08:10","modified_gmt":"2026-02-03T08:08:10","slug":"22ct-rosette-blume-einzelne-linie-armband-47054","status":"publish","type":"product","link":"https:\/\/www.purejewels.com\/de\/product\/22ct-rosette-flower-single-line-bracelet-47054\/","title":{"rendered":"22ct Rosette Blume Single Line Armband"},"content":{"rendered":"<ul>\n<li><b>Bereich ID:<\/b> JWBRBSRS026<\/li>\n<li><b>SKU:<\/b> 47054<\/li>\n<\/ul>","protected":false},"excerpt":{"rendered":"<table class=\"sh_desc\" style=\"width: 100%;\">\n<tbody>\n<tr>\n<td style=\"width: 23.8333%;\">Typ des Armbands<\/td>\n<td style=\"width: 76%;\">22ct Gold Armband<\/td>\n<\/tr>\n<tr>\n<td style=\"width: 23.8333%;\">SKU<\/td>\n<td style=\"width: 76%;\">47054<\/td>\n<\/tr>\n<tr>\n<td style=\"width: 23.8333%;\">Gewicht<\/td>\n<td style=\"width: 76%;\">4 Gramm<\/td>\n<\/tr>\n<tr>\n<td style=\"width: 23.8333%;\">Breite der Blume<\/td>\n<td style=\"width: 76%;\">5 mm<\/td>\n<\/tr>\n<tr>\n<td style=\"width: 23.8333%;\">L\u00e4nge<\/td>\n<td style=\"width: 76%;\">6,25 Zoll<\/td>\n<\/tr>\n<tr>\n<td style=\"width: 23.8333%;\">Wahrzeichen<\/td>\n<td style=\"width: 76%;\">22ct Gold gestempelt von London Assay Office<\/td>\n<\/tr>\n<tr>\n<td style=\"width: 23.8333%;\">Entgelte<\/td>\n<td style=\"width: 76%;\">Lieferung und Mehrwertsteuer inbegriffen<\/td>\n<\/tr>\n<tr>\n<td style=\"width: 23.8333%;\">Verpackung<\/td>\n<td style=\"width: 76%;\">Mit Pr\u00e4sentationsbox<\/td>\n<\/tr>\n<tr>\n<td style=\"width: 23.8333%;\">Mehr Informationen<\/td>\n<td style=\"width: 76%;\">Live-Chat mit uns f\u00fcr die Verf\u00fcgbarkeit und mehr Bilder von Gold Bracelet<\/td>\n<\/tr>\n<\/tbody>\n<\/table>","protected":false},"featured_media":349734,"comment_status":"closed","ping_status":"closed","template":"","meta":{"_eb_attr":"","_crsspst_to_jayantr4sg-hostcom":false},"product_brand":[],"product_cat":[1791,5441,1559,236,1790,1324,1229,5586,1656,1573,1574,5349],"product_tag":[5634],"class_list":{"0":"post-354388","1":"product","2":"type-product","3":"status-publish","4":"has-post-thumbnail","6":"product_cat-anniversary-gifts","7":"product_cat-gold-bead-bracelets","8":"product_cat-birthday-gifts","9":"product_cat-collections","10":"product_cat-for-whom-when","11":"product_cat-gold-bracelet","12":"product_cat-22ct-gold-jewellery","13":"product_cat-rosette-bracelet","14":"product_cat-rosettes-collections","15":"product_cat-wedding-gifts","16":"product_cat-womens-jewellery","17":"product_cat-yellow-gold-jewellery","18":"product_tag-22ct-gold-bracelet-for-ladies","20":"first","21":"onbackorder","22":"taxable","23":"shipping-taxable","24":"product-type-simple","25":"add-to-wishlist-before_image"},"yoast_head":"<!-- This site is optimized with the Yoast SEO plugin v27.3 - https:\/\/yoast.com\/product\/yoast-seo-wordpress\/ -->\n<title>22ct Rosette Flower Single Line Bracelet | PureJewels UK<\/title>\n<meta name=\"description\" content=\"Our 22ct Rosette Flower Single Line Bracelet is a symbol of elegance and femininity. Shop now this bracelet and let your wrist bloom with beauty.\" \/>\n<meta name=\"robots\" content=\"index, follow, max-snippet:-1, max-image-preview:large, max-video-preview:-1\" \/>\n<link rel=\"canonical\" href=\"https:\/\/www.purejewels.com\/de\/produkt-2\/22ct-rosette-blume-einzelne-linie-armband-47054\/\" \/>\n<meta property=\"og:locale\" content=\"de_DE\" \/>\n<meta property=\"og:type\" content=\"article\" \/>\n<meta property=\"og:title\" content=\"22ct Rosette Flower Single Line Bracelet | PureJewels UK\" \/>\n<meta property=\"og:description\" content=\"Our 22ct Rosette Flower Single Line Bracelet is a symbol of elegance and femininity. Shop now this bracelet and let your wrist bloom with beauty.\" \/>\n<meta property=\"og:url\" content=\"https:\/\/www.purejewels.com\/de\/produkt-2\/22ct-rosette-blume-einzelne-linie-armband-47054\/\" \/>\n<meta property=\"og:site_name\" content=\"PureJewels UK\" \/>\n<meta property=\"article:modified_time\" content=\"2026-02-03T08:08:10+00:00\" \/>\n<meta property=\"og:image\" content=\"https:\/\/static.purejewels.com\/wp-content\/uploads\/2023\/08\/45737.jpg\" \/>\n\t<meta property=\"og:image:width\" content=\"1000\" \/>\n\t<meta property=\"og:image:height\" content=\"1000\" \/>\n\t<meta property=\"og:image:type\" content=\"image\/jpeg\" \/>\n<meta name=\"twitter:card\" content=\"summary_large_image\" \/>\n<meta name=\"twitter:label1\" content=\"Gesch\u00e4tzte Lesezeit\" \/>\n\t<meta name=\"twitter:data1\" content=\"1\u00a0Minute\" \/>\n<script type=\"application\/ld+json\" class=\"yoast-schema-graph\">{\"@context\":\"https:\\\/\\\/schema.org\",\"@graph\":[{\"@type\":[\"WebPage\",\"ItemPage\"],\"@id\":\"https:\\\/\\\/www.purejewels.com\\\/product\\\/22ct-rosette-flower-single-line-bracelet-47054\\\/\",\"url\":\"https:\\\/\\\/www.purejewels.com\\\/product\\\/22ct-rosette-flower-single-line-bracelet-47054\\\/\",\"name\":\"22ct Rosette Flower Single Line Bracelet | PureJewels UK\",\"isPartOf\":{\"@id\":\"https:\\\/\\\/www.purejewels.com\\\/#website\"},\"primaryImageOfPage\":{\"@id\":\"https:\\\/\\\/www.purejewels.com\\\/product\\\/22ct-rosette-flower-single-line-bracelet-47054\\\/#primaryimage\"},\"image\":{\"@id\":\"https:\\\/\\\/www.purejewels.com\\\/product\\\/22ct-rosette-flower-single-line-bracelet-47054\\\/#primaryimage\"},\"thumbnailUrl\":\"https:\\\/\\\/static.purejewels.com\\\/wp-content\\\/uploads\\\/2023\\\/08\\\/45737.jpg\",\"datePublished\":\"2023-12-05T11:58:13+00:00\",\"dateModified\":\"2026-02-03T08:08:10+00:00\",\"description\":\"Our 22ct Rosette Flower Single Line Bracelet is a symbol of elegance and femininity. Shop now this bracelet and let your wrist bloom with beauty.\",\"breadcrumb\":{\"@id\":\"https:\\\/\\\/www.purejewels.com\\\/product\\\/22ct-rosette-flower-single-line-bracelet-47054\\\/#breadcrumb\"},\"inLanguage\":\"de\",\"potentialAction\":[{\"@type\":\"ReadAction\",\"target\":[\"https:\\\/\\\/www.purejewels.com\\\/product\\\/22ct-rosette-flower-single-line-bracelet-47054\\\/\"]}]},{\"@type\":\"ImageObject\",\"inLanguage\":\"de\",\"@id\":\"https:\\\/\\\/www.purejewels.com\\\/product\\\/22ct-rosette-flower-single-line-bracelet-47054\\\/#primaryimage\",\"url\":\"https:\\\/\\\/static.purejewels.com\\\/wp-content\\\/uploads\\\/2023\\\/08\\\/45737.jpg\",\"contentUrl\":\"https:\\\/\\\/static.purejewels.com\\\/wp-content\\\/uploads\\\/2023\\\/08\\\/45737.jpg\",\"width\":1000,\"height\":1000,\"caption\":\"22ct Rosette Waterfall Single Line Bracelet\"},{\"@type\":\"BreadcrumbList\",\"@id\":\"https:\\\/\\\/www.purejewels.com\\\/product\\\/22ct-rosette-flower-single-line-bracelet-47054\\\/#breadcrumb\",\"itemListElement\":[{\"@type\":\"ListItem\",\"position\":1,\"name\":\"Home\",\"item\":\"https:\\\/\\\/www.purejewels.com\\\/\"},{\"@type\":\"ListItem\",\"position\":2,\"name\":\"Shop\",\"item\":\"https:\\\/\\\/www.purejewels.com\\\/shop\\\/\"},{\"@type\":\"ListItem\",\"position\":3,\"name\":\"22ct Rosette Flower Single Line Bracelet\"}]},{\"@type\":\"WebSite\",\"@id\":\"https:\\\/\\\/www.purejewels.com\\\/#website\",\"url\":\"https:\\\/\\\/www.purejewels.com\\\/\",\"name\":\"PureJewels UK\",\"description\":\"Share the Love\",\"publisher\":{\"@id\":\"https:\\\/\\\/www.purejewels.com\\\/#organization\"},\"potentialAction\":[{\"@type\":\"SearchAction\",\"target\":{\"@type\":\"EntryPoint\",\"urlTemplate\":\"https:\\\/\\\/www.purejewels.com\\\/?s={search_term_string}\"},\"query-input\":{\"@type\":\"PropertyValueSpecification\",\"valueRequired\":true,\"valueName\":\"search_term_string\"}}],\"inLanguage\":\"de\"},{\"@type\":\"Organization\",\"@id\":\"https:\\\/\\\/www.purejewels.com\\\/#organization\",\"name\":\"PureJewels UK\",\"url\":\"https:\\\/\\\/www.purejewels.com\\\/\",\"logo\":{\"@type\":\"ImageObject\",\"inLanguage\":\"de\",\"@id\":\"https:\\\/\\\/www.purejewels.com\\\/#\\\/schema\\\/logo\\\/image\\\/\",\"url\":\"https:\\\/\\\/static.purejewels.com\\\/wp-content\\\/uploads\\\/2020\\\/11\\\/Logo-PJ-New-1.png\",\"contentUrl\":\"https:\\\/\\\/static.purejewels.com\\\/wp-content\\\/uploads\\\/2020\\\/11\\\/Logo-PJ-New-1.png\",\"width\":150,\"height\":80,\"caption\":\"PureJewels UK\"},\"image\":{\"@id\":\"https:\\\/\\\/www.purejewels.com\\\/#\\\/schema\\\/logo\\\/image\\\/\"}}]}<\/script>\n<!-- \/ Yoast SEO plugin. -->","yoast_head_json":{"title":"22ct Rosette Blume einzelne Linie Armband | PureJewels UK","description":"Unser 22ct Rosette Flower Single Line Bracelet ist ein Symbol f\u00fcr Eleganz und Weiblichkeit. Kaufen Sie jetzt dieses Armband und lassen Sie Ihr Handgelenk vor Sch\u00f6nheit erbl\u00fchen.","robots":{"index":"index","follow":"follow","max-snippet":"max-snippet:-1","max-image-preview":"max-image-preview:large","max-video-preview":"max-video-preview:-1"},"canonical":"https:\/\/www.purejewels.com\/de\/produkt-2\/22ct-rosette-blume-einzelne-linie-armband-47054\/","og_locale":"de_DE","og_type":"article","og_title":"22ct Rosette Flower Single Line Bracelet | PureJewels UK","og_description":"Our 22ct Rosette Flower Single Line Bracelet is a symbol of elegance and femininity. Shop now this bracelet and let your wrist bloom with beauty.","og_url":"https:\/\/www.purejewels.com\/de\/produkt-2\/22ct-rosette-blume-einzelne-linie-armband-47054\/","og_site_name":"PureJewels UK","article_modified_time":"2026-02-03T08:08:10+00:00","og_image":[{"width":1000,"height":1000,"url":"https:\/\/static.purejewels.com\/wp-content\/uploads\/2023\/08\/45737.jpg","type":"image\/jpeg"}],"twitter_card":"summary_large_image","twitter_misc":{"Gesch\u00e4tzte Lesezeit":"1\u00a0Minute"},"schema":{"@context":"https:\/\/schema.org","@graph":[{"@type":["WebPage","ItemPage"],"@id":"https:\/\/www.purejewels.com\/product\/22ct-rosette-flower-single-line-bracelet-47054\/","url":"https:\/\/www.purejewels.com\/product\/22ct-rosette-flower-single-line-bracelet-47054\/","name":"22ct Rosette Blume einzelne Linie Armband | PureJewels UK","isPartOf":{"@id":"https:\/\/www.purejewels.com\/#website"},"primaryImageOfPage":{"@id":"https:\/\/www.purejewels.com\/product\/22ct-rosette-flower-single-line-bracelet-47054\/#primaryimage"},"image":{"@id":"https:\/\/www.purejewels.com\/product\/22ct-rosette-flower-single-line-bracelet-47054\/#primaryimage"},"thumbnailUrl":"https:\/\/static.purejewels.com\/wp-content\/uploads\/2023\/08\/45737.jpg","datePublished":"2023-12-05T11:58:13+00:00","dateModified":"2026-02-03T08:08:10+00:00","description":"Unser 22ct Rosette Flower Single Line Bracelet ist ein Symbol f\u00fcr Eleganz und Weiblichkeit. Kaufen Sie jetzt dieses Armband und lassen Sie Ihr Handgelenk vor Sch\u00f6nheit erbl\u00fchen.","breadcrumb":{"@id":"https:\/\/www.purejewels.com\/product\/22ct-rosette-flower-single-line-bracelet-47054\/#breadcrumb"},"inLanguage":"de","potentialAction":[{"@type":"ReadAction","target":["https:\/\/www.purejewels.com\/product\/22ct-rosette-flower-single-line-bracelet-47054\/"]}]},{"@type":"ImageObject","inLanguage":"de","@id":"https:\/\/www.purejewels.com\/product\/22ct-rosette-flower-single-line-bracelet-47054\/#primaryimage","url":"https:\/\/static.purejewels.com\/wp-content\/uploads\/2023\/08\/45737.jpg","contentUrl":"https:\/\/static.purejewels.com\/wp-content\/uploads\/2023\/08\/45737.jpg","width":1000,"height":1000,"caption":"22ct Rosette Waterfall Single Line Bracelet"},{"@type":"BreadcrumbList","@id":"https:\/\/www.purejewels.com\/product\/22ct-rosette-flower-single-line-bracelet-47054\/#breadcrumb","itemListElement":[{"@type":"ListItem","position":1,"name":"Home","item":"https:\/\/www.purejewels.com\/"},{"@type":"ListItem","position":2,"name":"Shop","item":"https:\/\/www.purejewels.com\/shop\/"},{"@type":"ListItem","position":3,"name":"22ct Rosette Flower Single Line Bracelet"}]},{"@type":"WebSite","@id":"https:\/\/www.purejewels.com\/#website","url":"https:\/\/www.purejewels.com\/","name":"PureJewels UK","description":"Teile die Liebe","publisher":{"@id":"https:\/\/www.purejewels.com\/#organization"},"potentialAction":[{"@type":"SearchAction","target":{"@type":"EntryPoint","urlTemplate":"https:\/\/www.purejewels.com\/?s={search_term_string}"},"query-input":{"@type":"PropertyValueSpecification","valueRequired":true,"valueName":"search_term_string"}}],"inLanguage":"de"},{"@type":"Organization","@id":"https:\/\/www.purejewels.com\/#organization","name":"PureJewels UK","url":"https:\/\/www.purejewels.com\/","logo":{"@type":"ImageObject","inLanguage":"de","@id":"https:\/\/www.purejewels.com\/#\/schema\/logo\/image\/","url":"https:\/\/static.purejewels.com\/wp-content\/uploads\/2020\/11\/Logo-PJ-New-1.png","contentUrl":"https:\/\/static.purejewels.com\/wp-content\/uploads\/2020\/11\/Logo-PJ-New-1.png","width":150,"height":80,"caption":"PureJewels UK"},"image":{"@id":"https:\/\/www.purejewels.com\/#\/schema\/logo\/image\/"}}]}},"_links":{"self":[{"href":"https:\/\/www.purejewels.com\/de\/wp-json\/wp\/v2\/product\/354388","targetHints":{"allow":["GET"]}}],"collection":[{"href":"https:\/\/www.purejewels.com\/de\/wp-json\/wp\/v2\/product"}],"about":[{"href":"https:\/\/www.purejewels.com\/de\/wp-json\/wp\/v2\/types\/product"}],"replies":[{"embeddable":true,"href":"https:\/\/www.purejewels.com\/de\/wp-json\/wp\/v2\/comments?post=354388"}],"version-history":[{"count":3,"href":"https:\/\/www.purejewels.com\/de\/wp-json\/wp\/v2\/product\/354388\/revisions"}],"predecessor-version":[{"id":398796,"href":"https:\/\/www.purejewels.com\/de\/wp-json\/wp\/v2\/product\/354388\/revisions\/398796"}],"wp:featuredmedia":[{"embeddable":true,"href":"https:\/\/www.purejewels.com\/de\/wp-json\/wp\/v2\/media\/349734"}],"wp:attachment":[{"href":"https:\/\/www.purejewels.com\/de\/wp-json\/wp\/v2\/media?parent=354388"}],"wp:term":[{"taxonomy":"product_brand","embeddable":true,"href":"https:\/\/www.purejewels.com\/de\/wp-json\/wp\/v2\/product_brand?post=354388"},{"taxonomy":"product_cat","embeddable":true,"href":"https:\/\/www.purejewels.com\/de\/wp-json\/wp\/v2\/product_cat?post=354388"},{"taxonomy":"product_tag","embeddable":true,"href":"https:\/\/www.purejewels.com\/de\/wp-json\/wp\/v2\/product_tag?post=354388"}],"curies":[{"name":"wp","href":"https:\/\/api.w.org\/{rel}","templated":true}]}}