{"id":354661,"date":"2023-09-13T06:44:41","date_gmt":"2023-09-13T05:44:41","guid":{"rendered":"https:\/\/www.purejewels.com\/?post_type=product&#038;p=354661"},"modified":"2026-01-30T10:47:28","modified_gmt":"2026-01-30T10:47:28","slug":"22ct-gold-antik-finish-band-grose-o-47430","status":"publish","type":"product","link":"https:\/\/www.purejewels.com\/de\/product\/22ct-gold-antique-finish-band-size-o-47430\/","title":{"rendered":"22ct Gold Antik Finish Band | Gr\u00f6\u00dfe O"},"content":{"rendered":"<p data-start=\"272\" data-end=\"638\">Das aus leuchtendem 22-kar\u00e4tigem Gold gefertigte <strong data-start=\"307\" data-end=\"330\">Band in antiker Ausf\u00fchrung<\/strong> ist ein zeitloser Ausdruck von Kunstfertigkeit und Erbe. Die breite Oberfl\u00e4che des Rings ist mit einem erhabenen, floral inspirierten Muster verziert, bei dem polierte goldene Scheiben einen sch\u00f6nen Kontrast zu dem strukturierten antiken Hintergrund bilden. Das Ergebnis ist ein k\u00fchnes und doch raffiniertes Design, das sowohl traditionell als auch modern wirkt.<\/p>\n<p data-start=\"640\" data-end=\"980\">Im Inneren des Bandes sorgt ein sternf\u00f6rmiges Gitter f\u00fcr ein Element versteckter Sch\u00f6nheit - ein Hauch von <a href=\"https:\/\/www.purejewels.com\/de\/a-guide-to-die-stamping\/\">Handwerkskunst<\/a> die nur der Tr\u00e4gerin bekannt sind und die sorgf\u00e4ltige Arbeit der Goldschmiedemeister widerspiegeln. Dimensioniert nach <strong data-start=\"832\" data-end=\"837\">O<\/strong>Der Ring bietet Komfort und ein auff\u00e4lliges Design und eignet sich daher perfekt als symbolischer Ring, als Schmuckst\u00fcck oder als wertvolles Familienerbst\u00fcck.<\/p>\n<p data-start=\"982\" data-end=\"1110\">Traditionsreich und vielseitig im Stil, ist das <strong data-start=\"1028\" data-end=\"1061\">22ct Gold Antik Finish Band<\/strong> ist ein St\u00fcck, das \u00fcber Generationen hinweg in Ehren gehalten wird.<\/p>","protected":false},"excerpt":{"rendered":"<table style=\"border-collapse: collapse; width: 100%; height: 196px;\">\n<tbody>\n<tr style=\"height: 28px;\">\n<td style=\"width: 28.1667%; height: 28px;\">Typ des Rings<\/td>\n<td style=\"width: 71.8333%; height: 28px;\">22ct Gold Damenring<\/td>\n<\/tr>\n<tr style=\"height: 28px;\">\n<td style=\"width: 28.1667%; height: 28px;\">SKU<\/td>\n<td style=\"width: 71.8333%; height: 28px;\">47430<\/td>\n<\/tr>\n<tr style=\"height: 28px;\">\n<td style=\"width: 28.1667%; height: 28px;\">Gewicht<\/td>\n<td style=\"width: 71.8333%; height: 28px;\">4,1 Gramm<\/td>\n<\/tr>\n<tr style=\"height: 28px;\">\n<td style=\"width: 28.1667%; height: 28px;\">Ringgr\u00f6\u00dfe<\/td>\n<td style=\"width: 71.8333%; height: 28px;\">O<\/td>\n<\/tr>\n<tr style=\"height: 28px;\">\n<td style=\"width: 28.1667%; height: 28px;\">Breite<\/td>\n<td style=\"width: 71.8333%; height: 28px;\">6mm<\/td>\n<\/tr>\n<tr style=\"height: 28px;\">\n<td style=\"width: 28.1667%; height: 28px;\">Entgelte<\/td>\n<td style=\"width: 71.8333%; height: 28px;\">Lieferung und Mehrwertsteuer inbegriffen<\/td>\n<\/tr>\n<tr style=\"height: 28px;\">\n<td style=\"width: 28.1667%; height: 28px;\">Verpackung<\/td>\n<td style=\"width: 71.8333%; height: 28px;\">Mit Pr\u00e4sentationsbox<\/td>\n<\/tr>\n<tr>\n<td style=\"width: 28.1667%;\">Mehr Informationen<\/td>\n<td style=\"width: 71.8333%;\">\n<ul>\n<li>Live-Chat mit uns f\u00fcr Verf\u00fcgbarkeit und mehr Bilder<\/li>\n<li>Klicken Sie hier zur \u00dcberpr\u00fcfung Ihrer\u00a0<strong>Ringgr\u00f6\u00dfe<\/strong><\/li>\n<\/ul>\n<\/td>\n<\/tr>\n<\/tbody>\n<\/table>\n<p>&nbsp;<\/p>","protected":false},"featured_media":351280,"comment_status":"closed","ping_status":"closed","template":"","meta":{"_eb_attr":"","_crsspst_to_jayantr4sg-hostcom":false},"product_brand":[],"product_cat":[1791,6158,245,5642,236,5370,1229,1235,1783,1786,1573,1574,5349],"product_tag":[64],"class_list":{"0":"post-354661","1":"product","2":"type-product","3":"status-publish","4":"has-post-thumbnail","6":"product_cat-anniversary-gifts","7":"product_cat-armari-band","8":"product_cat-armari-collections","9":"product_cat-armari-ring","10":"product_cat-collections","11":"product_cat-ethnic-jewellery","12":"product_cat-22ct-gold-jewellery","13":"product_cat-gold-rings","14":"product_cat-ladies-rings","15":"product_cat-occasional-wear-rings","16":"product_cat-wedding-gifts","17":"product_cat-womens-jewellery","18":"product_cat-yellow-gold-jewellery","19":"product_tag-rings","21":"first","22":"onbackorder","23":"taxable","24":"shipping-taxable","25":"purchasable","26":"product-type-simple","27":"add-to-wishlist-before_image"},"yoast_head":"<!-- This site is optimized with the Yoast SEO plugin v27.5 - https:\/\/yoast.com\/product\/yoast-seo-wordpress\/ -->\n<title>22ct Gold Ladies Antique Finish Band<\/title>\n<meta name=\"description\" content=\"Armari Collection Unique designer rings at low prices, including this 22ct gold antique finish band. Shop online now | Free delivery across UK\" \/>\n<meta name=\"robots\" content=\"index, follow, max-snippet:-1, max-image-preview:large, max-video-preview:-1\" \/>\n<link rel=\"canonical\" href=\"https:\/\/www.purejewels.com\/de\/produkt-2\/22ct-gold-antik-finish-band-grose-o-47430\/\" \/>\n<meta property=\"og:locale\" content=\"de_DE\" \/>\n<meta property=\"og:type\" content=\"article\" \/>\n<meta property=\"og:title\" content=\"22ct Gold Ladies Antique Finish Band\" \/>\n<meta property=\"og:description\" content=\"Armari Collection Unique designer rings at low prices, including this 22ct gold antique finish band. Shop online now | Free delivery across UK\" \/>\n<meta property=\"og:url\" content=\"https:\/\/www.purejewels.com\/de\/produkt-2\/22ct-gold-antik-finish-band-grose-o-47430\/\" \/>\n<meta property=\"og:site_name\" content=\"PureJewels UK\" \/>\n<meta property=\"article:modified_time\" content=\"2026-01-30T10:47:28+00:00\" \/>\n<meta property=\"og:image\" content=\"https:\/\/static.purejewels.com\/wp-content\/uploads\/2023\/09\/SKU-46360.png\" \/>\n\t<meta property=\"og:image:width\" content=\"1000\" \/>\n\t<meta property=\"og:image:height\" content=\"1000\" \/>\n\t<meta property=\"og:image:type\" content=\"image\/png\" \/>\n<meta name=\"twitter:card\" content=\"summary_large_image\" \/>\n<meta name=\"twitter:label1\" content=\"Gesch\u00e4tzte Lesezeit\" \/>\n\t<meta name=\"twitter:data1\" content=\"1\u00a0Minute\" \/>\n<script type=\"application\/ld+json\" class=\"yoast-schema-graph\">{\"@context\":\"https:\\\/\\\/schema.org\",\"@graph\":[{\"@type\":[\"WebPage\",\"ItemPage\"],\"@id\":\"https:\\\/\\\/www.purejewels.com\\\/product\\\/22ct-gold-antique-finish-band-size-o-47430\\\/\",\"url\":\"https:\\\/\\\/www.purejewels.com\\\/product\\\/22ct-gold-antique-finish-band-size-o-47430\\\/\",\"name\":\"22ct Gold Ladies Antique Finish Band\",\"isPartOf\":{\"@id\":\"https:\\\/\\\/www.purejewels.com\\\/#website\"},\"primaryImageOfPage\":{\"@id\":\"https:\\\/\\\/www.purejewels.com\\\/product\\\/22ct-gold-antique-finish-band-size-o-47430\\\/#primaryimage\"},\"image\":{\"@id\":\"https:\\\/\\\/www.purejewels.com\\\/product\\\/22ct-gold-antique-finish-band-size-o-47430\\\/#primaryimage\"},\"thumbnailUrl\":\"https:\\\/\\\/static.purejewels.com\\\/wp-content\\\/uploads\\\/2023\\\/09\\\/SKU-46360.png\",\"datePublished\":\"2023-09-13T05:44:41+00:00\",\"dateModified\":\"2026-01-30T10:47:28+00:00\",\"description\":\"Armari Collection Unique designer rings at low prices, including this 22ct gold antique finish band. Shop online now | Free delivery across UK\",\"breadcrumb\":{\"@id\":\"https:\\\/\\\/www.purejewels.com\\\/product\\\/22ct-gold-antique-finish-band-size-o-47430\\\/#breadcrumb\"},\"inLanguage\":\"de\",\"potentialAction\":[{\"@type\":\"ReadAction\",\"target\":[\"https:\\\/\\\/www.purejewels.com\\\/product\\\/22ct-gold-antique-finish-band-size-o-47430\\\/\"]}]},{\"@type\":\"ImageObject\",\"inLanguage\":\"de\",\"@id\":\"https:\\\/\\\/www.purejewels.com\\\/product\\\/22ct-gold-antique-finish-band-size-o-47430\\\/#primaryimage\",\"url\":\"https:\\\/\\\/static.purejewels.com\\\/wp-content\\\/uploads\\\/2023\\\/09\\\/SKU-46360.png\",\"contentUrl\":\"https:\\\/\\\/static.purejewels.com\\\/wp-content\\\/uploads\\\/2023\\\/09\\\/SKU-46360.png\",\"width\":1000,\"height\":1000,\"caption\":\"22ct Gold Ring Band with Antique Finish\"},{\"@type\":\"BreadcrumbList\",\"@id\":\"https:\\\/\\\/www.purejewels.com\\\/product\\\/22ct-gold-antique-finish-band-size-o-47430\\\/#breadcrumb\",\"itemListElement\":[{\"@type\":\"ListItem\",\"position\":1,\"name\":\"Home\",\"item\":\"https:\\\/\\\/www.purejewels.com\\\/\"},{\"@type\":\"ListItem\",\"position\":2,\"name\":\"Shop\",\"item\":\"https:\\\/\\\/www.purejewels.com\\\/shop\\\/\"},{\"@type\":\"ListItem\",\"position\":3,\"name\":\"22ct Gold Antique Finish Band | Size O\"}]},{\"@type\":\"WebSite\",\"@id\":\"https:\\\/\\\/www.purejewels.com\\\/#website\",\"url\":\"https:\\\/\\\/www.purejewels.com\\\/\",\"name\":\"PureJewels UK\",\"description\":\"Share the Love\",\"publisher\":{\"@id\":\"https:\\\/\\\/www.purejewels.com\\\/#organization\"},\"potentialAction\":[{\"@type\":\"SearchAction\",\"target\":{\"@type\":\"EntryPoint\",\"urlTemplate\":\"https:\\\/\\\/www.purejewels.com\\\/?s={search_term_string}\"},\"query-input\":{\"@type\":\"PropertyValueSpecification\",\"valueRequired\":true,\"valueName\":\"search_term_string\"}}],\"inLanguage\":\"de\"},{\"@type\":\"Organization\",\"@id\":\"https:\\\/\\\/www.purejewels.com\\\/#organization\",\"name\":\"PureJewels UK\",\"url\":\"https:\\\/\\\/www.purejewels.com\\\/\",\"logo\":{\"@type\":\"ImageObject\",\"inLanguage\":\"de\",\"@id\":\"https:\\\/\\\/www.purejewels.com\\\/#\\\/schema\\\/logo\\\/image\\\/\",\"url\":\"https:\\\/\\\/static.purejewels.com\\\/wp-content\\\/uploads\\\/2020\\\/11\\\/Logo-PJ-New-1.png\",\"contentUrl\":\"https:\\\/\\\/static.purejewels.com\\\/wp-content\\\/uploads\\\/2020\\\/11\\\/Logo-PJ-New-1.png\",\"width\":150,\"height\":80,\"caption\":\"PureJewels UK\"},\"image\":{\"@id\":\"https:\\\/\\\/www.purejewels.com\\\/#\\\/schema\\\/logo\\\/image\\\/\"}}]}<\/script>\n<!-- \/ Yoast SEO plugin. -->","yoast_head_json":{"title":"22ct Gold Damen Antique Finish Band","description":"Armari Collection Einzigartige Designer-Ringe zu g\u00fcnstigen Preisen, wie dieser 22-kar\u00e4tige Goldring mit Antik-Finish. Jetzt online kaufen | Kostenlose Lieferung in ganz Gro\u00dfbritannien","robots":{"index":"index","follow":"follow","max-snippet":"max-snippet:-1","max-image-preview":"max-image-preview:large","max-video-preview":"max-video-preview:-1"},"canonical":"https:\/\/www.purejewels.com\/de\/produkt-2\/22ct-gold-antik-finish-band-grose-o-47430\/","og_locale":"de_DE","og_type":"article","og_title":"22ct Gold Ladies Antique Finish Band","og_description":"Armari Collection Unique designer rings at low prices, including this 22ct gold antique finish band. Shop online now | Free delivery across UK","og_url":"https:\/\/www.purejewels.com\/de\/produkt-2\/22ct-gold-antik-finish-band-grose-o-47430\/","og_site_name":"PureJewels UK","article_modified_time":"2026-01-30T10:47:28+00:00","og_image":[{"width":1000,"height":1000,"url":"https:\/\/static.purejewels.com\/wp-content\/uploads\/2023\/09\/SKU-46360.png","type":"image\/png"}],"twitter_card":"summary_large_image","twitter_misc":{"Gesch\u00e4tzte Lesezeit":"1\u00a0Minute"},"schema":{"@context":"https:\/\/schema.org","@graph":[{"@type":["WebPage","ItemPage"],"@id":"https:\/\/www.purejewels.com\/product\/22ct-gold-antique-finish-band-size-o-47430\/","url":"https:\/\/www.purejewels.com\/product\/22ct-gold-antique-finish-band-size-o-47430\/","name":"22ct Gold Damen Antique Finish Band","isPartOf":{"@id":"https:\/\/www.purejewels.com\/#website"},"primaryImageOfPage":{"@id":"https:\/\/www.purejewels.com\/product\/22ct-gold-antique-finish-band-size-o-47430\/#primaryimage"},"image":{"@id":"https:\/\/www.purejewels.com\/product\/22ct-gold-antique-finish-band-size-o-47430\/#primaryimage"},"thumbnailUrl":"https:\/\/static.purejewels.com\/wp-content\/uploads\/2023\/09\/SKU-46360.png","datePublished":"2023-09-13T05:44:41+00:00","dateModified":"2026-01-30T10:47:28+00:00","description":"Armari Collection Einzigartige Designer-Ringe zu g\u00fcnstigen Preisen, wie dieser 22-kar\u00e4tige Goldring mit Antik-Finish. Jetzt online kaufen | Kostenlose Lieferung in ganz Gro\u00dfbritannien","breadcrumb":{"@id":"https:\/\/www.purejewels.com\/product\/22ct-gold-antique-finish-band-size-o-47430\/#breadcrumb"},"inLanguage":"de","potentialAction":[{"@type":"ReadAction","target":["https:\/\/www.purejewels.com\/product\/22ct-gold-antique-finish-band-size-o-47430\/"]}]},{"@type":"ImageObject","inLanguage":"de","@id":"https:\/\/www.purejewels.com\/product\/22ct-gold-antique-finish-band-size-o-47430\/#primaryimage","url":"https:\/\/static.purejewels.com\/wp-content\/uploads\/2023\/09\/SKU-46360.png","contentUrl":"https:\/\/static.purejewels.com\/wp-content\/uploads\/2023\/09\/SKU-46360.png","width":1000,"height":1000,"caption":"22ct Gold Ring Band with Antique Finish"},{"@type":"BreadcrumbList","@id":"https:\/\/www.purejewels.com\/product\/22ct-gold-antique-finish-band-size-o-47430\/#breadcrumb","itemListElement":[{"@type":"ListItem","position":1,"name":"Home","item":"https:\/\/www.purejewels.com\/"},{"@type":"ListItem","position":2,"name":"Shop","item":"https:\/\/www.purejewels.com\/shop\/"},{"@type":"ListItem","position":3,"name":"22ct Gold Antique Finish Band | Size O"}]},{"@type":"WebSite","@id":"https:\/\/www.purejewels.com\/#website","url":"https:\/\/www.purejewels.com\/","name":"PureJewels UK","description":"Teile die Liebe","publisher":{"@id":"https:\/\/www.purejewels.com\/#organization"},"potentialAction":[{"@type":"SearchAction","target":{"@type":"EntryPoint","urlTemplate":"https:\/\/www.purejewels.com\/?s={search_term_string}"},"query-input":{"@type":"PropertyValueSpecification","valueRequired":true,"valueName":"search_term_string"}}],"inLanguage":"de"},{"@type":"Organization","@id":"https:\/\/www.purejewels.com\/#organization","name":"PureJewels UK","url":"https:\/\/www.purejewels.com\/","logo":{"@type":"ImageObject","inLanguage":"de","@id":"https:\/\/www.purejewels.com\/#\/schema\/logo\/image\/","url":"https:\/\/static.purejewels.com\/wp-content\/uploads\/2020\/11\/Logo-PJ-New-1.png","contentUrl":"https:\/\/static.purejewels.com\/wp-content\/uploads\/2020\/11\/Logo-PJ-New-1.png","width":150,"height":80,"caption":"PureJewels UK"},"image":{"@id":"https:\/\/www.purejewels.com\/#\/schema\/logo\/image\/"}}]}},"_links":{"self":[{"href":"https:\/\/www.purejewels.com\/de\/wp-json\/wp\/v2\/product\/354661","targetHints":{"allow":["GET"]}}],"collection":[{"href":"https:\/\/www.purejewels.com\/de\/wp-json\/wp\/v2\/product"}],"about":[{"href":"https:\/\/www.purejewels.com\/de\/wp-json\/wp\/v2\/types\/product"}],"replies":[{"embeddable":true,"href":"https:\/\/www.purejewels.com\/de\/wp-json\/wp\/v2\/comments?post=354661"}],"version-history":[{"count":3,"href":"https:\/\/www.purejewels.com\/de\/wp-json\/wp\/v2\/product\/354661\/revisions"}],"predecessor-version":[{"id":415490,"href":"https:\/\/www.purejewels.com\/de\/wp-json\/wp\/v2\/product\/354661\/revisions\/415490"}],"wp:featuredmedia":[{"embeddable":true,"href":"https:\/\/www.purejewels.com\/de\/wp-json\/wp\/v2\/media\/351280"}],"wp:attachment":[{"href":"https:\/\/www.purejewels.com\/de\/wp-json\/wp\/v2\/media?parent=354661"}],"wp:term":[{"taxonomy":"product_brand","embeddable":true,"href":"https:\/\/www.purejewels.com\/de\/wp-json\/wp\/v2\/product_brand?post=354661"},{"taxonomy":"product_cat","embeddable":true,"href":"https:\/\/www.purejewels.com\/de\/wp-json\/wp\/v2\/product_cat?post=354661"},{"taxonomy":"product_tag","embeddable":true,"href":"https:\/\/www.purejewels.com\/de\/wp-json\/wp\/v2\/product_tag?post=354661"}],"curies":[{"name":"wp","href":"https:\/\/api.w.org\/{rel}","templated":true}]}}