{"id":354740,"date":"2023-10-14T07:23:29","date_gmt":"2023-10-14T06:23:29","guid":{"rendered":"https:\/\/www.purejewels.com\/?post_type=product&#038;p=354740"},"modified":"2026-02-03T07:44:42","modified_gmt":"2026-02-03T07:44:42","slug":"22ct-gold-cocktail-verstellbarer-ring-armari-kollektion-15mm-52991","status":"publish","type":"product","link":"https:\/\/www.purejewels.com\/de\/product\/22ct-gold-cocktail-adjustable-ring-armari-collection-15mm-52991\/","title":{"rendered":"22ct Gold Cocktail Verstellbarer Ring | Armari Kollektion | 15mm"},"content":{"rendered":"<p data-start=\"322\" data-end=\"694\">Verleihen Sie Ihrer Schmucksammlung einen Hauch von Eleganz mit dem verstellbaren Cocktailring aus 22 Karat Gold aus der Armari Kollektion von PureJewels. Dieses wundersch\u00f6n handgefertigte St\u00fcck verf\u00fcgt \u00fcber eine breite 15 mm gro\u00dfe Kuppeloberfl\u00e4che, die mit detaillierten Blumenmotiven und einer fein ge\u00e4tzten, seilartigen Umrandung verziert ist. Die antike, matte Oberfl\u00e4che unterstreicht die reiche Textur und verleiht ihm einen klassischen, historischen Charme.<\/p>\n<p data-start=\"696\" data-end=\"966\">Das verstellbare Band garantiert eine bequeme Passform f\u00fcr die meisten Gr\u00f6\u00dfen und macht ihn zu einer durchdachten und flexiblen Geschenkwahl. Egal, ob Sie sich f\u00fcr eine festliche Feier herausputzen oder Ihr t\u00e4gliches Ensemble mit einem auff\u00e4lligen St\u00fcck erg\u00e4nzen m\u00f6chten, dieser Ring ist ideal.<\/p>\n<p data-start=\"968\" data-end=\"1225\">Sein kompliziertes <a href=\"https:\/\/www.purejewels.com\/de\/a-guide-to-die-stamping\/\">Handwerkskunst<\/a> und k\u00f6nigliche Pr\u00e4senz machen ihn nicht nur zu einem modischen Accessoire, sondern auch zu einem zeitlosen Andenken - perfekt f\u00fcr festliche Anl\u00e4sse wie Hochzeiten, Partys und <strong data-start=\"1145\" data-end=\"1163\">Diwali-Geschenke<\/strong>. Lassen Sie diesen Ring das Herzst\u00fcck Ihrer Feier sein.<\/p>","protected":false},"excerpt":{"rendered":"<p data-start=\"29\" data-end=\"284\">Ziehen Sie die Blicke auf sich mit diesem atemberaubenden verstellbaren Cocktailring aus 22 Karat Gold aus unserer Armari-Kollektion. Mit seinem komplizierten floralen Kuppeldesign und seiner Vintage-Struktur ist er die perfekte Mischung aus Tradition und k\u00fchnem Stil. Leicht und doch eindrucksvoll - gemacht, um bemerkt zu werden.<\/p>\n<p><strong>Material:<\/strong>\u00a022ct Gold (91,6% reines Gold)<br \/>\n<strong>Wahrzeichen:<\/strong>\u00a0Britisches G\u00fctesiegel<br \/>\n<strong>Bruttogewicht:<\/strong> 4.08 Gms<br \/>\n<strong>Ringgr\u00f6\u00dfe:<\/strong> Einstellbar<br \/>\n<strong>SKU: <\/strong>52991<\/p>\n<p><strong>Preis und Lieferung<\/strong>: Inklusive Mehrwertsteuer und Lieferkosten<br \/>\nInternationaler Versand auf Anfrage m\u00f6glich<br \/>\n<a href=\"https:\/\/www.purejewels.com\/de\/ruckgabepolitik\/\">R\u00fcckgabepolitik<\/a><\/p>","protected":false},"featured_media":346905,"comment_status":"closed","ping_status":"closed","template":"","meta":{"_eb_attr":"","_crsspst_to_jayantr4sg-hostcom":false},"product_brand":[],"product_cat":[1791,6159,245,5642,1559,6041,1229,1235,1570,1786,1573,1574,5349],"product_tag":[1430],"class_list":{"0":"post-354740","1":"product","2":"type-product","3":"status-publish","4":"has-post-thumbnail","6":"product_cat-anniversary-gifts","7":"product_cat-armari-cocktail-ring","8":"product_cat-armari-collections","9":"product_cat-armari-ring","10":"product_cat-birthday-gifts","11":"product_cat-cocktail-ring","12":"product_cat-22ct-gold-jewellery","13":"product_cat-gold-rings","14":"product_cat-mothers-day-gifts","15":"product_cat-occasional-wear-rings","16":"product_cat-wedding-gifts","17":"product_cat-womens-jewellery","18":"product_cat-yellow-gold-jewellery","19":"product_tag-diwali-gift","21":"first","22":"instock","23":"featured","24":"taxable","25":"shipping-taxable","26":"purchasable","27":"product-type-simple","28":"add-to-wishlist-before_image"},"yoast_head":"<!-- This site is optimized with the Yoast SEO plugin v27.5 - https:\/\/yoast.com\/product\/yoast-seo-wordpress\/ -->\n<title>22ct Gold Cocktail Adjustable Ring at PureJewels UK<\/title>\n<meta name=\"description\" content=\"Indulge in the timeless beauty of the Armari Collection&#039;s 22ct Gold Cocktail Adjustable Ring, available at purejewels.com\" \/>\n<meta name=\"robots\" content=\"index, follow, max-snippet:-1, max-image-preview:large, max-video-preview:-1\" \/>\n<link rel=\"canonical\" href=\"https:\/\/www.purejewels.com\/de\/produkt-2\/22ct-gold-cocktail-verstellbarer-ring-armari-kollektion-15mm-52991\/\" \/>\n<meta property=\"og:locale\" content=\"de_DE\" \/>\n<meta property=\"og:type\" content=\"article\" \/>\n<meta property=\"og:title\" content=\"22ct Gold Cocktail Adjustable Ring at PureJewels UK\" \/>\n<meta property=\"og:description\" content=\"Indulge in the timeless beauty of the Armari Collection&#039;s 22ct Gold Cocktail Adjustable Ring, available at purejewels.com\" \/>\n<meta property=\"og:url\" content=\"https:\/\/www.purejewels.com\/de\/produkt-2\/22ct-gold-cocktail-verstellbarer-ring-armari-kollektion-15mm-52991\/\" \/>\n<meta property=\"og:site_name\" content=\"PureJewels UK\" \/>\n<meta property=\"article:modified_time\" content=\"2026-02-03T07:44:42+00:00\" \/>\n<meta property=\"og:image\" content=\"https:\/\/static.purejewels.com\/wp-content\/uploads\/2023\/05\/SKU-45041.jpg\" \/>\n\t<meta property=\"og:image:width\" content=\"1\" \/>\n\t<meta property=\"og:image:height\" content=\"1\" \/>\n\t<meta property=\"og:image:type\" content=\"image\/jpeg\" \/>\n<meta name=\"twitter:card\" content=\"summary_large_image\" \/>\n<meta name=\"twitter:label1\" content=\"Gesch\u00e4tzte Lesezeit\" \/>\n\t<meta name=\"twitter:data1\" content=\"1\u00a0Minute\" \/>\n<script type=\"application\/ld+json\" class=\"yoast-schema-graph\">{\"@context\":\"https:\\\/\\\/schema.org\",\"@graph\":[{\"@type\":[\"WebPage\",\"ItemPage\"],\"@id\":\"https:\\\/\\\/www.purejewels.com\\\/product\\\/22ct-gold-cocktail-adjustable-ring-armari-collection-15mm-52991\\\/\",\"url\":\"https:\\\/\\\/www.purejewels.com\\\/product\\\/22ct-gold-cocktail-adjustable-ring-armari-collection-15mm-52991\\\/\",\"name\":\"22ct Gold Cocktail Adjustable Ring at PureJewels UK\",\"isPartOf\":{\"@id\":\"https:\\\/\\\/www.purejewels.com\\\/#website\"},\"primaryImageOfPage\":{\"@id\":\"https:\\\/\\\/www.purejewels.com\\\/product\\\/22ct-gold-cocktail-adjustable-ring-armari-collection-15mm-52991\\\/#primaryimage\"},\"image\":{\"@id\":\"https:\\\/\\\/www.purejewels.com\\\/product\\\/22ct-gold-cocktail-adjustable-ring-armari-collection-15mm-52991\\\/#primaryimage\"},\"thumbnailUrl\":\"https:\\\/\\\/static.purejewels.com\\\/wp-content\\\/uploads\\\/2023\\\/05\\\/SKU-45041.jpg\",\"datePublished\":\"2023-10-14T06:23:29+00:00\",\"dateModified\":\"2026-02-03T07:44:42+00:00\",\"description\":\"Indulge in the timeless beauty of the Armari Collection's 22ct Gold Cocktail Adjustable Ring, available at purejewels.com\",\"breadcrumb\":{\"@id\":\"https:\\\/\\\/www.purejewels.com\\\/product\\\/22ct-gold-cocktail-adjustable-ring-armari-collection-15mm-52991\\\/#breadcrumb\"},\"inLanguage\":\"de\",\"potentialAction\":[{\"@type\":\"ReadAction\",\"target\":[\"https:\\\/\\\/www.purejewels.com\\\/product\\\/22ct-gold-cocktail-adjustable-ring-armari-collection-15mm-52991\\\/\"]}]},{\"@type\":\"ImageObject\",\"inLanguage\":\"de\",\"@id\":\"https:\\\/\\\/www.purejewels.com\\\/product\\\/22ct-gold-cocktail-adjustable-ring-armari-collection-15mm-52991\\\/#primaryimage\",\"url\":\"https:\\\/\\\/static.purejewels.com\\\/wp-content\\\/uploads\\\/2023\\\/05\\\/SKU-45041.jpg\",\"contentUrl\":\"https:\\\/\\\/static.purejewels.com\\\/wp-content\\\/uploads\\\/2023\\\/05\\\/SKU-45041.jpg\",\"caption\":\"22ct Gold Cocktail Adjustable Armari Collection Ring\"},{\"@type\":\"BreadcrumbList\",\"@id\":\"https:\\\/\\\/www.purejewels.com\\\/product\\\/22ct-gold-cocktail-adjustable-ring-armari-collection-15mm-52991\\\/#breadcrumb\",\"itemListElement\":[{\"@type\":\"ListItem\",\"position\":1,\"name\":\"Home\",\"item\":\"https:\\\/\\\/www.purejewels.com\\\/\"},{\"@type\":\"ListItem\",\"position\":2,\"name\":\"Shop\",\"item\":\"https:\\\/\\\/www.purejewels.com\\\/shop\\\/\"},{\"@type\":\"ListItem\",\"position\":3,\"name\":\"22ct Gold Cocktail Adjustable Ring | Armari Collection | 15mm\"}]},{\"@type\":\"WebSite\",\"@id\":\"https:\\\/\\\/www.purejewels.com\\\/#website\",\"url\":\"https:\\\/\\\/www.purejewels.com\\\/\",\"name\":\"PureJewels UK\",\"description\":\"Share the Love\",\"publisher\":{\"@id\":\"https:\\\/\\\/www.purejewels.com\\\/#organization\"},\"potentialAction\":[{\"@type\":\"SearchAction\",\"target\":{\"@type\":\"EntryPoint\",\"urlTemplate\":\"https:\\\/\\\/www.purejewels.com\\\/?s={search_term_string}\"},\"query-input\":{\"@type\":\"PropertyValueSpecification\",\"valueRequired\":true,\"valueName\":\"search_term_string\"}}],\"inLanguage\":\"de\"},{\"@type\":\"Organization\",\"@id\":\"https:\\\/\\\/www.purejewels.com\\\/#organization\",\"name\":\"PureJewels UK\",\"url\":\"https:\\\/\\\/www.purejewels.com\\\/\",\"logo\":{\"@type\":\"ImageObject\",\"inLanguage\":\"de\",\"@id\":\"https:\\\/\\\/www.purejewels.com\\\/#\\\/schema\\\/logo\\\/image\\\/\",\"url\":\"https:\\\/\\\/static.purejewels.com\\\/wp-content\\\/uploads\\\/2020\\\/11\\\/Logo-PJ-New-1.png\",\"contentUrl\":\"https:\\\/\\\/static.purejewels.com\\\/wp-content\\\/uploads\\\/2020\\\/11\\\/Logo-PJ-New-1.png\",\"width\":150,\"height\":80,\"caption\":\"PureJewels UK\"},\"image\":{\"@id\":\"https:\\\/\\\/www.purejewels.com\\\/#\\\/schema\\\/logo\\\/image\\\/\"}}]}<\/script>\n<!-- \/ Yoast SEO plugin. -->","yoast_head_json":{"title":"22ct Gold Cocktail Verstellbarer Ring bei PureJewels UK","description":"G\u00f6nnen Sie sich die zeitlose Sch\u00f6nheit des verstellbaren 22-kar\u00e4tigen Gold-Cocktailrings der Armari Collection, erh\u00e4ltlich bei purejewels.com","robots":{"index":"index","follow":"follow","max-snippet":"max-snippet:-1","max-image-preview":"max-image-preview:large","max-video-preview":"max-video-preview:-1"},"canonical":"https:\/\/www.purejewels.com\/de\/produkt-2\/22ct-gold-cocktail-verstellbarer-ring-armari-kollektion-15mm-52991\/","og_locale":"de_DE","og_type":"article","og_title":"22ct Gold Cocktail Adjustable Ring at PureJewels UK","og_description":"Indulge in the timeless beauty of the Armari Collection's 22ct Gold Cocktail Adjustable Ring, available at purejewels.com","og_url":"https:\/\/www.purejewels.com\/de\/produkt-2\/22ct-gold-cocktail-verstellbarer-ring-armari-kollektion-15mm-52991\/","og_site_name":"PureJewels UK","article_modified_time":"2026-02-03T07:44:42+00:00","og_image":[{"url":"https:\/\/static.purejewels.com\/wp-content\/uploads\/2023\/05\/SKU-45041.jpg","width":1,"height":1,"type":"image\/jpeg"}],"twitter_card":"summary_large_image","twitter_misc":{"Gesch\u00e4tzte Lesezeit":"1\u00a0Minute"},"schema":{"@context":"https:\/\/schema.org","@graph":[{"@type":["WebPage","ItemPage"],"@id":"https:\/\/www.purejewels.com\/product\/22ct-gold-cocktail-adjustable-ring-armari-collection-15mm-52991\/","url":"https:\/\/www.purejewels.com\/product\/22ct-gold-cocktail-adjustable-ring-armari-collection-15mm-52991\/","name":"22ct Gold Cocktail Verstellbarer Ring bei PureJewels UK","isPartOf":{"@id":"https:\/\/www.purejewels.com\/#website"},"primaryImageOfPage":{"@id":"https:\/\/www.purejewels.com\/product\/22ct-gold-cocktail-adjustable-ring-armari-collection-15mm-52991\/#primaryimage"},"image":{"@id":"https:\/\/www.purejewels.com\/product\/22ct-gold-cocktail-adjustable-ring-armari-collection-15mm-52991\/#primaryimage"},"thumbnailUrl":"https:\/\/static.purejewels.com\/wp-content\/uploads\/2023\/05\/SKU-45041.jpg","datePublished":"2023-10-14T06:23:29+00:00","dateModified":"2026-02-03T07:44:42+00:00","description":"G\u00f6nnen Sie sich die zeitlose Sch\u00f6nheit des verstellbaren 22-kar\u00e4tigen Gold-Cocktailrings der Armari Collection, erh\u00e4ltlich bei purejewels.com","breadcrumb":{"@id":"https:\/\/www.purejewels.com\/product\/22ct-gold-cocktail-adjustable-ring-armari-collection-15mm-52991\/#breadcrumb"},"inLanguage":"de","potentialAction":[{"@type":"ReadAction","target":["https:\/\/www.purejewels.com\/product\/22ct-gold-cocktail-adjustable-ring-armari-collection-15mm-52991\/"]}]},{"@type":"ImageObject","inLanguage":"de","@id":"https:\/\/www.purejewels.com\/product\/22ct-gold-cocktail-adjustable-ring-armari-collection-15mm-52991\/#primaryimage","url":"https:\/\/static.purejewels.com\/wp-content\/uploads\/2023\/05\/SKU-45041.jpg","contentUrl":"https:\/\/static.purejewels.com\/wp-content\/uploads\/2023\/05\/SKU-45041.jpg","caption":"22ct Gold Cocktail Adjustable Armari Collection Ring"},{"@type":"BreadcrumbList","@id":"https:\/\/www.purejewels.com\/product\/22ct-gold-cocktail-adjustable-ring-armari-collection-15mm-52991\/#breadcrumb","itemListElement":[{"@type":"ListItem","position":1,"name":"Home","item":"https:\/\/www.purejewels.com\/"},{"@type":"ListItem","position":2,"name":"Shop","item":"https:\/\/www.purejewels.com\/shop\/"},{"@type":"ListItem","position":3,"name":"22ct Gold Cocktail Adjustable Ring | Armari Collection | 15mm"}]},{"@type":"WebSite","@id":"https:\/\/www.purejewels.com\/#website","url":"https:\/\/www.purejewels.com\/","name":"PureJewels UK","description":"Teile die Liebe","publisher":{"@id":"https:\/\/www.purejewels.com\/#organization"},"potentialAction":[{"@type":"SearchAction","target":{"@type":"EntryPoint","urlTemplate":"https:\/\/www.purejewels.com\/?s={search_term_string}"},"query-input":{"@type":"PropertyValueSpecification","valueRequired":true,"valueName":"search_term_string"}}],"inLanguage":"de"},{"@type":"Organization","@id":"https:\/\/www.purejewels.com\/#organization","name":"PureJewels UK","url":"https:\/\/www.purejewels.com\/","logo":{"@type":"ImageObject","inLanguage":"de","@id":"https:\/\/www.purejewels.com\/#\/schema\/logo\/image\/","url":"https:\/\/static.purejewels.com\/wp-content\/uploads\/2020\/11\/Logo-PJ-New-1.png","contentUrl":"https:\/\/static.purejewels.com\/wp-content\/uploads\/2020\/11\/Logo-PJ-New-1.png","width":150,"height":80,"caption":"PureJewels UK"},"image":{"@id":"https:\/\/www.purejewels.com\/#\/schema\/logo\/image\/"}}]}},"_links":{"self":[{"href":"https:\/\/www.purejewels.com\/de\/wp-json\/wp\/v2\/product\/354740","targetHints":{"allow":["GET"]}}],"collection":[{"href":"https:\/\/www.purejewels.com\/de\/wp-json\/wp\/v2\/product"}],"about":[{"href":"https:\/\/www.purejewels.com\/de\/wp-json\/wp\/v2\/types\/product"}],"replies":[{"embeddable":true,"href":"https:\/\/www.purejewels.com\/de\/wp-json\/wp\/v2\/comments?post=354740"}],"version-history":[{"count":3,"href":"https:\/\/www.purejewels.com\/de\/wp-json\/wp\/v2\/product\/354740\/revisions"}],"predecessor-version":[{"id":415757,"href":"https:\/\/www.purejewels.com\/de\/wp-json\/wp\/v2\/product\/354740\/revisions\/415757"}],"wp:featuredmedia":[{"embeddable":true,"href":"https:\/\/www.purejewels.com\/de\/wp-json\/wp\/v2\/media\/346905"}],"wp:attachment":[{"href":"https:\/\/www.purejewels.com\/de\/wp-json\/wp\/v2\/media?parent=354740"}],"wp:term":[{"taxonomy":"product_brand","embeddable":true,"href":"https:\/\/www.purejewels.com\/de\/wp-json\/wp\/v2\/product_brand?post=354740"},{"taxonomy":"product_cat","embeddable":true,"href":"https:\/\/www.purejewels.com\/de\/wp-json\/wp\/v2\/product_cat?post=354740"},{"taxonomy":"product_tag","embeddable":true,"href":"https:\/\/www.purejewels.com\/de\/wp-json\/wp\/v2\/product_tag?post=354740"}],"curies":[{"name":"wp","href":"https:\/\/api.w.org\/{rel}","templated":true}]}}