{"id":354761,"date":"2023-07-14T08:13:10","date_gmt":"2023-07-14T07:13:10","guid":{"rendered":"https:\/\/www.purejewels.com\/?post_type=product&#038;p=354761"},"modified":"2026-01-30T10:49:27","modified_gmt":"2026-01-30T10:49:27","slug":"22ct-gold-antik-mattiert-ring-grose-n-1-2-45287","status":"publish","type":"product","link":"https:\/\/www.purejewels.com\/de\/product\/22ct-gold-antique-matte-finish-ring-size-n-1-2-45287\/","title":{"rendered":"22ct Gold Antik Matt Finish Ring | Gr\u00f6\u00dfe N 1\/2"},"content":{"rendered":"<ul>\n<li><b>Bereich ID:<\/b> JWRNBRAR002<\/li>\n<\/ul>\n<p>Wir pr\u00e4sentieren die exquisite 22ct Gold <a href=\"https:\/\/www.purejewels.com\/de\/armari-collection\/\">Antike Ausf\u00fchrung<\/a> Ringband aus der Kollektion Armari, ein Zeugnis zeitloser Eleganz und unersch\u00fctterlichen Mutes. Dieses bezaubernde Schmuckst\u00fcck strahlt ein Gef\u00fchl der Furchtlosigkeit aus und spiegelt den Geist der Armari Collection wider. Der mit viel Liebe zum Detail gefertigte Ring besticht durch sein antikes Finish, das seinem Design einen Hauch von Vintage-All\u00fcre verleiht.<\/p>\n<p>Die Armari-Kollektion zeichnet sich durch ihre einzigartige Pr\u00e4getechnik aus, mit der komplizierte Muster und Texturen geschaffen werden, die die Gesamt\u00e4sthetik aufwerten. Jedes Detail ist eine Anspielung auf die k\u00fchne und furchtlose Inspiration der Kollektion und macht dieses Ringband zu einem Symbol f\u00fcr St\u00e4rke und Individualit\u00e4t.<\/p>\n<p>Dieses au\u00dfergew\u00f6hnliche St\u00fcck ist nicht nur ein Ring, sondern eine Manifestation von Stil und Charakter. Die Zusammensetzung aus 22 Karat Gold sorgt f\u00fcr ein luxuri\u00f6ses Gef\u00fchl und einen zeitlosen Reiz. Machen Sie sich den Geist der Armari-Kollektion zu eigen mit diesem bemerkenswerten Ringband, das Ihren unverwechselbaren Geschmack und Ihre furchtlose Einstellung zur Mode zum Ausdruck bringt.<\/p>","protected":false},"excerpt":{"rendered":"<table>\n<tbody>\n<tr>\n<td>Typ des Rings<\/td>\n<td>22ct Gold Unisex Ring<\/td>\n<\/tr>\n<tr>\n<td>SKU<\/td>\n<td>45287<\/td>\n<\/tr>\n<tr>\n<td>Gewicht<\/td>\n<td>5,2 Gramm<\/td>\n<\/tr>\n<tr>\n<td>Breite<\/td>\n<td>7 mm<\/td>\n<\/tr>\n<tr>\n<td>Ringgr\u00f6\u00dfe<\/td>\n<td>\u00a0N 1\/2<\/td>\n<\/tr>\n<tr>\n<td>Entgelte<\/td>\n<td>Lieferung und Mehrwertsteuer inbegriffen<\/td>\n<\/tr>\n<tr>\n<td>Verpackung<\/td>\n<td>Mit Pr\u00e4sentationsbox<\/td>\n<\/tr>\n<tr>\n<td>Mehr Informationen<\/td>\n<td>\n<ul>\n<li>Live-Chat mit uns f\u00fcr Verf\u00fcgbarkeit und mehr Bilder<\/li>\n<li>Klicken Sie hier zur \u00dcberpr\u00fcfung Ihrer\u00a0<strong>Ringgr\u00f6\u00dfe<\/strong><\/li>\n<\/ul>\n<\/td>\n<\/tr>\n<\/tbody>\n<\/table>","protected":false},"featured_media":354609,"comment_status":"closed","ping_status":"closed","template":"","meta":{"_eb_attr":"","_crsspst_to_jayantr4sg-hostcom":false},"product_brand":[],"product_cat":[1791,6158,245,5642,236,1235,1783,1786,1573,1574,5349],"product_tag":[1430],"class_list":{"0":"post-354761","1":"product","2":"type-product","3":"status-publish","4":"has-post-thumbnail","6":"product_cat-anniversary-gifts","7":"product_cat-armari-band","8":"product_cat-armari-collections","9":"product_cat-armari-ring","10":"product_cat-collections","11":"product_cat-gold-rings","12":"product_cat-ladies-rings","13":"product_cat-occasional-wear-rings","14":"product_cat-wedding-gifts","15":"product_cat-womens-jewellery","16":"product_cat-yellow-gold-jewellery","17":"product_tag-diwali-gift","19":"first","20":"instock","21":"taxable","22":"shipping-taxable","23":"purchasable","24":"product-type-simple","25":"add-to-wishlist-before_image"},"yoast_head":"<!-- This site is optimized with the Yoast SEO plugin v27.3 - https:\/\/yoast.com\/product\/yoast-seo-wordpress\/ -->\n<title>22ct Gold Antique Finish Ring Band in PureJewels<\/title>\n<meta name=\"description\" content=\"22ct Gold Antique Finish Ring Band, a stunning piece from the Armari Collection at Purejewels. Elevate your style with classic allure now!\" \/>\n<meta name=\"robots\" content=\"index, follow, max-snippet:-1, max-image-preview:large, max-video-preview:-1\" \/>\n<link rel=\"canonical\" href=\"https:\/\/www.purejewels.com\/de\/produkt-2\/22ct-gold-antik-mattiert-ring-grose-n-1-2-45287\/\" \/>\n<meta property=\"og:locale\" content=\"de_DE\" \/>\n<meta property=\"og:type\" content=\"article\" \/>\n<meta property=\"og:title\" content=\"22ct Gold Antique Finish Ring Band in PureJewels\" \/>\n<meta property=\"og:description\" content=\"22ct Gold Antique Finish Ring Band, a stunning piece from the Armari Collection at Purejewels. Elevate your style with classic allure now!\" \/>\n<meta property=\"og:url\" content=\"https:\/\/www.purejewels.com\/de\/produkt-2\/22ct-gold-antik-mattiert-ring-grose-n-1-2-45287\/\" \/>\n<meta property=\"og:site_name\" content=\"PureJewels UK\" \/>\n<meta property=\"article:modified_time\" content=\"2026-01-30T10:49:27+00:00\" \/>\n<meta property=\"og:image\" content=\"https:\/\/static.purejewels.com\/wp-content\/uploads\/2023\/08\/45287-charlotte-edit-.jpg\" \/>\n\t<meta property=\"og:image:width\" content=\"1\" \/>\n\t<meta property=\"og:image:height\" content=\"1\" \/>\n\t<meta property=\"og:image:type\" content=\"image\/jpeg\" \/>\n<meta name=\"twitter:card\" content=\"summary_large_image\" \/>\n<meta name=\"twitter:label1\" content=\"Gesch\u00e4tzte Lesezeit\" \/>\n\t<meta name=\"twitter:data1\" content=\"1\u00a0Minute\" \/>\n<script type=\"application\/ld+json\" class=\"yoast-schema-graph\">{\"@context\":\"https:\\\/\\\/schema.org\",\"@graph\":[{\"@type\":[\"WebPage\",\"ItemPage\"],\"@id\":\"https:\\\/\\\/www.purejewels.com\\\/product\\\/22ct-gold-antique-matte-finish-ring-size-n-1-2-45287\\\/\",\"url\":\"https:\\\/\\\/www.purejewels.com\\\/product\\\/22ct-gold-antique-matte-finish-ring-size-n-1-2-45287\\\/\",\"name\":\"22ct Gold Antique Finish Ring Band in PureJewels\",\"isPartOf\":{\"@id\":\"https:\\\/\\\/www.purejewels.com\\\/#website\"},\"primaryImageOfPage\":{\"@id\":\"https:\\\/\\\/www.purejewels.com\\\/product\\\/22ct-gold-antique-matte-finish-ring-size-n-1-2-45287\\\/#primaryimage\"},\"image\":{\"@id\":\"https:\\\/\\\/www.purejewels.com\\\/product\\\/22ct-gold-antique-matte-finish-ring-size-n-1-2-45287\\\/#primaryimage\"},\"thumbnailUrl\":\"https:\\\/\\\/static.purejewels.com\\\/wp-content\\\/uploads\\\/2023\\\/08\\\/45287-charlotte-edit-.jpg\",\"datePublished\":\"2023-07-14T07:13:10+00:00\",\"dateModified\":\"2026-01-30T10:49:27+00:00\",\"description\":\"22ct Gold Antique Finish Ring Band, a stunning piece from the Armari Collection at Purejewels. Elevate your style with classic allure now!\",\"breadcrumb\":{\"@id\":\"https:\\\/\\\/www.purejewels.com\\\/product\\\/22ct-gold-antique-matte-finish-ring-size-n-1-2-45287\\\/#breadcrumb\"},\"inLanguage\":\"de\",\"potentialAction\":[{\"@type\":\"ReadAction\",\"target\":[\"https:\\\/\\\/www.purejewels.com\\\/product\\\/22ct-gold-antique-matte-finish-ring-size-n-1-2-45287\\\/\"]}]},{\"@type\":\"ImageObject\",\"inLanguage\":\"de\",\"@id\":\"https:\\\/\\\/www.purejewels.com\\\/product\\\/22ct-gold-antique-matte-finish-ring-size-n-1-2-45287\\\/#primaryimage\",\"url\":\"https:\\\/\\\/static.purejewels.com\\\/wp-content\\\/uploads\\\/2023\\\/08\\\/45287-charlotte-edit-.jpg\",\"contentUrl\":\"https:\\\/\\\/static.purejewels.com\\\/wp-content\\\/uploads\\\/2023\\\/08\\\/45287-charlotte-edit-.jpg\",\"caption\":\"Antique Finish Ring Band in 22ct Gold\"},{\"@type\":\"BreadcrumbList\",\"@id\":\"https:\\\/\\\/www.purejewels.com\\\/product\\\/22ct-gold-antique-matte-finish-ring-size-n-1-2-45287\\\/#breadcrumb\",\"itemListElement\":[{\"@type\":\"ListItem\",\"position\":1,\"name\":\"Home\",\"item\":\"https:\\\/\\\/www.purejewels.com\\\/\"},{\"@type\":\"ListItem\",\"position\":2,\"name\":\"Shop\",\"item\":\"https:\\\/\\\/www.purejewels.com\\\/shop\\\/\"},{\"@type\":\"ListItem\",\"position\":3,\"name\":\"22ct Gold Antique Matte Finish Ring | Size N 1\\\/2\"}]},{\"@type\":\"WebSite\",\"@id\":\"https:\\\/\\\/www.purejewels.com\\\/#website\",\"url\":\"https:\\\/\\\/www.purejewels.com\\\/\",\"name\":\"PureJewels UK\",\"description\":\"Share the Love\",\"publisher\":{\"@id\":\"https:\\\/\\\/www.purejewels.com\\\/#organization\"},\"potentialAction\":[{\"@type\":\"SearchAction\",\"target\":{\"@type\":\"EntryPoint\",\"urlTemplate\":\"https:\\\/\\\/www.purejewels.com\\\/?s={search_term_string}\"},\"query-input\":{\"@type\":\"PropertyValueSpecification\",\"valueRequired\":true,\"valueName\":\"search_term_string\"}}],\"inLanguage\":\"de\"},{\"@type\":\"Organization\",\"@id\":\"https:\\\/\\\/www.purejewels.com\\\/#organization\",\"name\":\"PureJewels UK\",\"url\":\"https:\\\/\\\/www.purejewels.com\\\/\",\"logo\":{\"@type\":\"ImageObject\",\"inLanguage\":\"de\",\"@id\":\"https:\\\/\\\/www.purejewels.com\\\/#\\\/schema\\\/logo\\\/image\\\/\",\"url\":\"https:\\\/\\\/static.purejewels.com\\\/wp-content\\\/uploads\\\/2020\\\/11\\\/Logo-PJ-New-1.png\",\"contentUrl\":\"https:\\\/\\\/static.purejewels.com\\\/wp-content\\\/uploads\\\/2020\\\/11\\\/Logo-PJ-New-1.png\",\"width\":150,\"height\":80,\"caption\":\"PureJewels UK\"},\"image\":{\"@id\":\"https:\\\/\\\/www.purejewels.com\\\/#\\\/schema\\\/logo\\\/image\\\/\"}}]}<\/script>\n<!-- \/ Yoast SEO plugin. -->","yoast_head_json":{"title":"22ct Gold Antik Finish Ring Band in PureJewels","description":"22ct Gold Antique Finish Ring Band, ein atemberaubendes St\u00fcck aus der Armari Kollektion bei Purejewels. Erh\u00f6hen Sie jetzt Ihren Stil mit klassischem Charme!","robots":{"index":"index","follow":"follow","max-snippet":"max-snippet:-1","max-image-preview":"max-image-preview:large","max-video-preview":"max-video-preview:-1"},"canonical":"https:\/\/www.purejewels.com\/de\/produkt-2\/22ct-gold-antik-mattiert-ring-grose-n-1-2-45287\/","og_locale":"de_DE","og_type":"article","og_title":"22ct Gold Antique Finish Ring Band in PureJewels","og_description":"22ct Gold Antique Finish Ring Band, a stunning piece from the Armari Collection at Purejewels. Elevate your style with classic allure now!","og_url":"https:\/\/www.purejewels.com\/de\/produkt-2\/22ct-gold-antik-mattiert-ring-grose-n-1-2-45287\/","og_site_name":"PureJewels UK","article_modified_time":"2026-01-30T10:49:27+00:00","og_image":[{"url":"https:\/\/static.purejewels.com\/wp-content\/uploads\/2023\/08\/45287-charlotte-edit-.jpg","width":1,"height":1,"type":"image\/jpeg"}],"twitter_card":"summary_large_image","twitter_misc":{"Gesch\u00e4tzte Lesezeit":"1\u00a0Minute"},"schema":{"@context":"https:\/\/schema.org","@graph":[{"@type":["WebPage","ItemPage"],"@id":"https:\/\/www.purejewels.com\/product\/22ct-gold-antique-matte-finish-ring-size-n-1-2-45287\/","url":"https:\/\/www.purejewels.com\/product\/22ct-gold-antique-matte-finish-ring-size-n-1-2-45287\/","name":"22ct Gold Antik Finish Ring Band in PureJewels","isPartOf":{"@id":"https:\/\/www.purejewels.com\/#website"},"primaryImageOfPage":{"@id":"https:\/\/www.purejewels.com\/product\/22ct-gold-antique-matte-finish-ring-size-n-1-2-45287\/#primaryimage"},"image":{"@id":"https:\/\/www.purejewels.com\/product\/22ct-gold-antique-matte-finish-ring-size-n-1-2-45287\/#primaryimage"},"thumbnailUrl":"https:\/\/static.purejewels.com\/wp-content\/uploads\/2023\/08\/45287-charlotte-edit-.jpg","datePublished":"2023-07-14T07:13:10+00:00","dateModified":"2026-01-30T10:49:27+00:00","description":"22ct Gold Antique Finish Ring Band, ein atemberaubendes St\u00fcck aus der Armari Kollektion bei Purejewels. Erh\u00f6hen Sie jetzt Ihren Stil mit klassischem Charme!","breadcrumb":{"@id":"https:\/\/www.purejewels.com\/product\/22ct-gold-antique-matte-finish-ring-size-n-1-2-45287\/#breadcrumb"},"inLanguage":"de","potentialAction":[{"@type":"ReadAction","target":["https:\/\/www.purejewels.com\/product\/22ct-gold-antique-matte-finish-ring-size-n-1-2-45287\/"]}]},{"@type":"ImageObject","inLanguage":"de","@id":"https:\/\/www.purejewels.com\/product\/22ct-gold-antique-matte-finish-ring-size-n-1-2-45287\/#primaryimage","url":"https:\/\/static.purejewels.com\/wp-content\/uploads\/2023\/08\/45287-charlotte-edit-.jpg","contentUrl":"https:\/\/static.purejewels.com\/wp-content\/uploads\/2023\/08\/45287-charlotte-edit-.jpg","caption":"Antique Finish Ring Band in 22ct Gold"},{"@type":"BreadcrumbList","@id":"https:\/\/www.purejewels.com\/product\/22ct-gold-antique-matte-finish-ring-size-n-1-2-45287\/#breadcrumb","itemListElement":[{"@type":"ListItem","position":1,"name":"Home","item":"https:\/\/www.purejewels.com\/"},{"@type":"ListItem","position":2,"name":"Shop","item":"https:\/\/www.purejewels.com\/shop\/"},{"@type":"ListItem","position":3,"name":"22ct Gold Antique Matte Finish Ring | Size N 1\/2"}]},{"@type":"WebSite","@id":"https:\/\/www.purejewels.com\/#website","url":"https:\/\/www.purejewels.com\/","name":"PureJewels UK","description":"Teile die Liebe","publisher":{"@id":"https:\/\/www.purejewels.com\/#organization"},"potentialAction":[{"@type":"SearchAction","target":{"@type":"EntryPoint","urlTemplate":"https:\/\/www.purejewels.com\/?s={search_term_string}"},"query-input":{"@type":"PropertyValueSpecification","valueRequired":true,"valueName":"search_term_string"}}],"inLanguage":"de"},{"@type":"Organization","@id":"https:\/\/www.purejewels.com\/#organization","name":"PureJewels UK","url":"https:\/\/www.purejewels.com\/","logo":{"@type":"ImageObject","inLanguage":"de","@id":"https:\/\/www.purejewels.com\/#\/schema\/logo\/image\/","url":"https:\/\/static.purejewels.com\/wp-content\/uploads\/2020\/11\/Logo-PJ-New-1.png","contentUrl":"https:\/\/static.purejewels.com\/wp-content\/uploads\/2020\/11\/Logo-PJ-New-1.png","width":150,"height":80,"caption":"PureJewels UK"},"image":{"@id":"https:\/\/www.purejewels.com\/#\/schema\/logo\/image\/"}}]}},"_links":{"self":[{"href":"https:\/\/www.purejewels.com\/de\/wp-json\/wp\/v2\/product\/354761","targetHints":{"allow":["GET"]}}],"collection":[{"href":"https:\/\/www.purejewels.com\/de\/wp-json\/wp\/v2\/product"}],"about":[{"href":"https:\/\/www.purejewels.com\/de\/wp-json\/wp\/v2\/types\/product"}],"replies":[{"embeddable":true,"href":"https:\/\/www.purejewels.com\/de\/wp-json\/wp\/v2\/comments?post=354761"}],"version-history":[{"count":4,"href":"https:\/\/www.purejewels.com\/de\/wp-json\/wp\/v2\/product\/354761\/revisions"}],"predecessor-version":[{"id":425047,"href":"https:\/\/www.purejewels.com\/de\/wp-json\/wp\/v2\/product\/354761\/revisions\/425047"}],"wp:featuredmedia":[{"embeddable":true,"href":"https:\/\/www.purejewels.com\/de\/wp-json\/wp\/v2\/media\/354609"}],"wp:attachment":[{"href":"https:\/\/www.purejewels.com\/de\/wp-json\/wp\/v2\/media?parent=354761"}],"wp:term":[{"taxonomy":"product_brand","embeddable":true,"href":"https:\/\/www.purejewels.com\/de\/wp-json\/wp\/v2\/product_brand?post=354761"},{"taxonomy":"product_cat","embeddable":true,"href":"https:\/\/www.purejewels.com\/de\/wp-json\/wp\/v2\/product_cat?post=354761"},{"taxonomy":"product_tag","embeddable":true,"href":"https:\/\/www.purejewels.com\/de\/wp-json\/wp\/v2\/product_tag?post=354761"}],"curies":[{"name":"wp","href":"https:\/\/api.w.org\/{rel}","templated":true}]}}