{"id":354963,"date":"2023-12-18T12:42:34","date_gmt":"2023-12-18T12:42:34","guid":{"rendered":"https:\/\/www.purejewels.com\/?post_type=product&#038;p=354963"},"modified":"2025-11-12T06:41:21","modified_gmt":"2025-11-12T06:41:21","slug":"platin-diamantring-fur-frauen-46875","status":"publish","type":"product","link":"https:\/\/www.purejewels.com\/de\/product\/platinum-diamond-ring-for-women-46875\/","title":{"rendered":"Platin Diamant Verlobungsring f\u00fcr Frauen"},"content":{"rendered":"<p data-start=\"329\" data-end=\"655\"><strong data-start=\"329\" data-end=\"339\">Gestaltung<\/strong><br data-start=\"339\" data-end=\"342\" \/>Dieser Verlobungsring aus Platin ist um einen 0,84-Karat-Diamanten herum angeordnet, der sorgf\u00e4ltig positioniert wurde, um den Blick auf sich zu ziehen, ohne die Hand zu \u00fcberw\u00e4ltigen. Das Band ist in einer klaren, anmutigen Silhouette geformt, die modern und dennoch zeitlos wirkt. Ausgewogene Proportionen verleihen dem Ring eine raffinierte Ausstrahlung, die aus jedem Blickwinkel wundersch\u00f6n zur Geltung kommt.<\/p>\n<p data-start=\"657\" data-end=\"1000\"><strong data-start=\"657\" data-end=\"674\"><a href=\"https:\/\/www.purejewels.com\/de\/a-guide-to-die-stamping\/\">Handwerkliches K\u00f6nnen<\/a><\/strong><br data-start=\"674\" data-end=\"677\" \/>Der Ring ist in hochwertigem Platin handgefertigt und so pr\u00e4zise gearbeitet, dass die Fassung den Diamanten sicher umschlie\u00dft und gleichzeitig maximale Brillanz erm\u00f6glicht. Jedes St\u00fcck ist in Gro\u00dfbritannien punziert, um Reinheit und Sicherheit zu gew\u00e4hrleisten. Glatte Innenkanten und sorgf\u00e4ltige Politur sorgen daf\u00fcr, dass er sich genauso angenehm tr\u00e4gt, wie er aussieht.<\/p>\n<p data-start=\"1002\" data-end=\"1384\" data-is-last-node=\"\" data-is-only-node=\"\"><strong data-start=\"1002\" data-end=\"1023\">Styling-Ideen<\/strong><br data-start=\"1023\" data-end=\"1026\" \/>Dieses als Verlobungsring entworfene Schmuckst\u00fcck l\u00e4sst sich m\u00fchelos mit schmalen Eheringen aus Platin oder mit Diamanten kombinieren. Dank seiner eleganten Schlichtheit eignet es sich perfekt f\u00fcr den Alltag, von der Arbeit bis zum Abendprogramm. Kombinieren Sie es mit einem schlichten Diamantarmband oder Ohrsteckern, um einen harmonischen, strahlenden Look zu erzielen, bei dem der Fokus auf dem zentralen Stein liegt.<\/p>","protected":false},"excerpt":{"rendered":"<table>\n<tbody>\n<tr>\n<td>Typ des Rings<\/td>\n<td>Platin-Diamant-Ring<\/td>\n<\/tr>\n<tr>\n<td>SKU<\/td>\n<td>46875<\/td>\n<\/tr>\n<tr>\n<td>Ringgr\u00f6\u00dfe<\/td>\n<td>K 1\/2<\/td>\n<\/tr>\n<tr>\n<td>Metall<\/td>\n<td>Platin<\/td>\n<\/tr>\n<tr>\n<td>Diamant Wt.<\/td>\n<td>0,84ct<\/td>\n<\/tr>\n<tr>\n<td>Entgelte<\/td>\n<td>Lieferung und Mehrwertsteuer inbegriffen<\/td>\n<\/tr>\n<tr>\n<td>Verpackung<\/td>\n<td>Mit Pr\u00e4sentationsbox<\/td>\n<\/tr>\n<tr>\n<td>Mehr Informationen<\/td>\n<td>Live-Chat mit uns f\u00fcr Verf\u00fcgbarkeit und mehr Bilder<\/td>\n<\/tr>\n<\/tbody>\n<\/table>","protected":false},"featured_media":355168,"comment_status":"closed","ping_status":"closed","template":"","meta":{"_eb_attr":"","_crsspst_to_jayantr4sg-hostcom":true},"product_brand":[],"product_cat":[1791,5460,231,6083,5350,6084,1574],"product_tag":[64],"class_list":{"0":"post-354963","1":"product","2":"type-product","3":"status-publish","4":"has-post-thumbnail","6":"product_cat-anniversary-gifts","7":"product_cat-diamond-ring","8":"product_cat-engagement-rings","9":"product_cat-platinum-jewellery-2","10":"product_cat-platinum-jewellery","11":"product_cat-platinum-ring","12":"product_cat-womens-jewellery","13":"product_tag-rings","15":"first","16":"instock","17":"taxable","18":"shipping-taxable","19":"purchasable","20":"product-type-simple","21":"add-to-wishlist-before_image"},"yoast_head":"<!-- This site is optimized with the Yoast SEO plugin v27.5 - https:\/\/yoast.com\/product\/yoast-seo-wordpress\/ -->\n<title>Platinum Diamond Engagement Ring for Women | PureJewels UK<\/title>\n<meta name=\"description\" content=\"Skip the store, find forever! Order online our breathtaking Platinum Engagement Double Halo Ring. Shop online and ignite her love with this timeless treasure.\" \/>\n<meta name=\"robots\" content=\"index, follow, max-snippet:-1, max-image-preview:large, max-video-preview:-1\" \/>\n<link rel=\"canonical\" href=\"https:\/\/www.purejewels.com\/de\/produkt-2\/platin-diamantring-fur-frauen-46875\/\" \/>\n<meta property=\"og:locale\" content=\"de_DE\" \/>\n<meta property=\"og:type\" content=\"article\" \/>\n<meta property=\"og:title\" content=\"Platinum Diamond Engagement Ring for Women | PureJewels UK\" \/>\n<meta property=\"og:description\" content=\"Skip the store, find forever! Order online our breathtaking Platinum Engagement Double Halo Ring. Shop online and ignite her love with this timeless treasure.\" \/>\n<meta property=\"og:url\" content=\"https:\/\/www.purejewels.com\/de\/produkt-2\/platin-diamantring-fur-frauen-46875\/\" \/>\n<meta property=\"og:site_name\" content=\"PureJewels UK\" \/>\n<meta property=\"article:modified_time\" content=\"2025-11-12T06:41:21+00:00\" \/>\n<meta property=\"og:image\" content=\"https:\/\/www.purejewels.com\/wp-content\/uploads\/2023\/12\/46875-1.jpg\" \/>\n\t<meta property=\"og:image:width\" content=\"1000\" \/>\n\t<meta property=\"og:image:height\" content=\"1000\" \/>\n\t<meta property=\"og:image:type\" content=\"image\/jpeg\" \/>\n<meta name=\"twitter:card\" content=\"summary_large_image\" \/>\n<meta name=\"twitter:label1\" content=\"Gesch\u00e4tzte Lesezeit\" \/>\n\t<meta name=\"twitter:data1\" content=\"1\u00a0Minute\" \/>\n<script type=\"application\/ld+json\" class=\"yoast-schema-graph\">{\"@context\":\"https:\\\/\\\/schema.org\",\"@graph\":[{\"@type\":[\"WebPage\",\"ItemPage\"],\"@id\":\"https:\\\/\\\/www.purejewels.com\\\/product\\\/platinum-diamond-ring-for-women-46875\\\/\",\"url\":\"https:\\\/\\\/www.purejewels.com\\\/product\\\/platinum-diamond-ring-for-women-46875\\\/\",\"name\":\"Platinum Diamond Engagement Ring for Women | PureJewels UK\",\"isPartOf\":{\"@id\":\"https:\\\/\\\/www.purejewels.com\\\/#website\"},\"primaryImageOfPage\":{\"@id\":\"https:\\\/\\\/www.purejewels.com\\\/product\\\/platinum-diamond-ring-for-women-46875\\\/#primaryimage\"},\"image\":{\"@id\":\"https:\\\/\\\/www.purejewels.com\\\/product\\\/platinum-diamond-ring-for-women-46875\\\/#primaryimage\"},\"thumbnailUrl\":\"https:\\\/\\\/static.purejewels.com\\\/wp-content\\\/uploads\\\/2023\\\/12\\\/46875-1.jpg\",\"datePublished\":\"2023-12-18T12:42:34+00:00\",\"dateModified\":\"2025-11-12T06:41:21+00:00\",\"description\":\"Skip the store, find forever! Order online our breathtaking Platinum Engagement Double Halo Ring. Shop online and ignite her love with this timeless treasure.\",\"breadcrumb\":{\"@id\":\"https:\\\/\\\/www.purejewels.com\\\/product\\\/platinum-diamond-ring-for-women-46875\\\/#breadcrumb\"},\"inLanguage\":\"de\",\"potentialAction\":[{\"@type\":\"ReadAction\",\"target\":[\"https:\\\/\\\/www.purejewels.com\\\/product\\\/platinum-diamond-ring-for-women-46875\\\/\"]}]},{\"@type\":\"ImageObject\",\"inLanguage\":\"de\",\"@id\":\"https:\\\/\\\/www.purejewels.com\\\/product\\\/platinum-diamond-ring-for-women-46875\\\/#primaryimage\",\"url\":\"https:\\\/\\\/static.purejewels.com\\\/wp-content\\\/uploads\\\/2023\\\/12\\\/46875-1.jpg\",\"contentUrl\":\"https:\\\/\\\/static.purejewels.com\\\/wp-content\\\/uploads\\\/2023\\\/12\\\/46875-1.jpg\",\"width\":1000,\"height\":1000,\"caption\":\"Platinum Engagement Ring\"},{\"@type\":\"BreadcrumbList\",\"@id\":\"https:\\\/\\\/www.purejewels.com\\\/product\\\/platinum-diamond-ring-for-women-46875\\\/#breadcrumb\",\"itemListElement\":[{\"@type\":\"ListItem\",\"position\":1,\"name\":\"Home\",\"item\":\"https:\\\/\\\/www.purejewels.com\\\/\"},{\"@type\":\"ListItem\",\"position\":2,\"name\":\"Shop\",\"item\":\"https:\\\/\\\/www.purejewels.com\\\/shop\\\/\"},{\"@type\":\"ListItem\",\"position\":3,\"name\":\"Platinum Diamond Engagement Ring for Women\"}]},{\"@type\":\"WebSite\",\"@id\":\"https:\\\/\\\/www.purejewels.com\\\/#website\",\"url\":\"https:\\\/\\\/www.purejewels.com\\\/\",\"name\":\"PureJewels UK\",\"description\":\"Share the Love\",\"publisher\":{\"@id\":\"https:\\\/\\\/www.purejewels.com\\\/#organization\"},\"potentialAction\":[{\"@type\":\"SearchAction\",\"target\":{\"@type\":\"EntryPoint\",\"urlTemplate\":\"https:\\\/\\\/www.purejewels.com\\\/?s={search_term_string}\"},\"query-input\":{\"@type\":\"PropertyValueSpecification\",\"valueRequired\":true,\"valueName\":\"search_term_string\"}}],\"inLanguage\":\"de\"},{\"@type\":\"Organization\",\"@id\":\"https:\\\/\\\/www.purejewels.com\\\/#organization\",\"name\":\"PureJewels UK\",\"url\":\"https:\\\/\\\/www.purejewels.com\\\/\",\"logo\":{\"@type\":\"ImageObject\",\"inLanguage\":\"de\",\"@id\":\"https:\\\/\\\/www.purejewels.com\\\/#\\\/schema\\\/logo\\\/image\\\/\",\"url\":\"https:\\\/\\\/static.purejewels.com\\\/wp-content\\\/uploads\\\/2020\\\/11\\\/Logo-PJ-New-1.png\",\"contentUrl\":\"https:\\\/\\\/static.purejewels.com\\\/wp-content\\\/uploads\\\/2020\\\/11\\\/Logo-PJ-New-1.png\",\"width\":150,\"height\":80,\"caption\":\"PureJewels UK\"},\"image\":{\"@id\":\"https:\\\/\\\/www.purejewels.com\\\/#\\\/schema\\\/logo\\\/image\\\/\"}}]}<\/script>\n<!-- \/ Yoast SEO plugin. -->","yoast_head_json":{"title":"Platin Diamant Verlobungsring f\u00fcr Frauen | PureJewels UK","description":"\u00dcberspringen Sie den Laden, finden Sie f\u00fcr immer! Bestellen Sie online unseren atemberaubenden Doppelhalo-Verlobungsring aus Platin. Kaufen Sie online und entfachen Sie ihre Liebe mit diesem zeitlosen Schatz.","robots":{"index":"index","follow":"follow","max-snippet":"max-snippet:-1","max-image-preview":"max-image-preview:large","max-video-preview":"max-video-preview:-1"},"canonical":"https:\/\/www.purejewels.com\/de\/produkt-2\/platin-diamantring-fur-frauen-46875\/","og_locale":"de_DE","og_type":"article","og_title":"Platinum Diamond Engagement Ring for Women | PureJewels UK","og_description":"Skip the store, find forever! Order online our breathtaking Platinum Engagement Double Halo Ring. Shop online and ignite her love with this timeless treasure.","og_url":"https:\/\/www.purejewels.com\/de\/produkt-2\/platin-diamantring-fur-frauen-46875\/","og_site_name":"PureJewels UK","article_modified_time":"2025-11-12T06:41:21+00:00","og_image":[{"width":1000,"height":1000,"url":"https:\/\/www.purejewels.com\/wp-content\/uploads\/2023\/12\/46875-1.jpg","type":"image\/jpeg"}],"twitter_card":"summary_large_image","twitter_misc":{"Gesch\u00e4tzte Lesezeit":"1\u00a0Minute"},"schema":{"@context":"https:\/\/schema.org","@graph":[{"@type":["WebPage","ItemPage"],"@id":"https:\/\/www.purejewels.com\/product\/platinum-diamond-ring-for-women-46875\/","url":"https:\/\/www.purejewels.com\/product\/platinum-diamond-ring-for-women-46875\/","name":"Platin Diamant Verlobungsring f\u00fcr Frauen | PureJewels UK","isPartOf":{"@id":"https:\/\/www.purejewels.com\/#website"},"primaryImageOfPage":{"@id":"https:\/\/www.purejewels.com\/product\/platinum-diamond-ring-for-women-46875\/#primaryimage"},"image":{"@id":"https:\/\/www.purejewels.com\/product\/platinum-diamond-ring-for-women-46875\/#primaryimage"},"thumbnailUrl":"https:\/\/static.purejewels.com\/wp-content\/uploads\/2023\/12\/46875-1.jpg","datePublished":"2023-12-18T12:42:34+00:00","dateModified":"2025-11-12T06:41:21+00:00","description":"\u00dcberspringen Sie den Laden, finden Sie f\u00fcr immer! Bestellen Sie online unseren atemberaubenden Doppelhalo-Verlobungsring aus Platin. Kaufen Sie online und entfachen Sie ihre Liebe mit diesem zeitlosen Schatz.","breadcrumb":{"@id":"https:\/\/www.purejewels.com\/product\/platinum-diamond-ring-for-women-46875\/#breadcrumb"},"inLanguage":"de","potentialAction":[{"@type":"ReadAction","target":["https:\/\/www.purejewels.com\/product\/platinum-diamond-ring-for-women-46875\/"]}]},{"@type":"ImageObject","inLanguage":"de","@id":"https:\/\/www.purejewels.com\/product\/platinum-diamond-ring-for-women-46875\/#primaryimage","url":"https:\/\/static.purejewels.com\/wp-content\/uploads\/2023\/12\/46875-1.jpg","contentUrl":"https:\/\/static.purejewels.com\/wp-content\/uploads\/2023\/12\/46875-1.jpg","width":1000,"height":1000,"caption":"Platinum Engagement Ring"},{"@type":"BreadcrumbList","@id":"https:\/\/www.purejewels.com\/product\/platinum-diamond-ring-for-women-46875\/#breadcrumb","itemListElement":[{"@type":"ListItem","position":1,"name":"Home","item":"https:\/\/www.purejewels.com\/"},{"@type":"ListItem","position":2,"name":"Shop","item":"https:\/\/www.purejewels.com\/shop\/"},{"@type":"ListItem","position":3,"name":"Platinum Diamond Engagement Ring for Women"}]},{"@type":"WebSite","@id":"https:\/\/www.purejewels.com\/#website","url":"https:\/\/www.purejewels.com\/","name":"PureJewels UK","description":"Teile die Liebe","publisher":{"@id":"https:\/\/www.purejewels.com\/#organization"},"potentialAction":[{"@type":"SearchAction","target":{"@type":"EntryPoint","urlTemplate":"https:\/\/www.purejewels.com\/?s={search_term_string}"},"query-input":{"@type":"PropertyValueSpecification","valueRequired":true,"valueName":"search_term_string"}}],"inLanguage":"de"},{"@type":"Organization","@id":"https:\/\/www.purejewels.com\/#organization","name":"PureJewels UK","url":"https:\/\/www.purejewels.com\/","logo":{"@type":"ImageObject","inLanguage":"de","@id":"https:\/\/www.purejewels.com\/#\/schema\/logo\/image\/","url":"https:\/\/static.purejewels.com\/wp-content\/uploads\/2020\/11\/Logo-PJ-New-1.png","contentUrl":"https:\/\/static.purejewels.com\/wp-content\/uploads\/2020\/11\/Logo-PJ-New-1.png","width":150,"height":80,"caption":"PureJewels UK"},"image":{"@id":"https:\/\/www.purejewels.com\/#\/schema\/logo\/image\/"}}]}},"_links":{"self":[{"href":"https:\/\/www.purejewels.com\/de\/wp-json\/wp\/v2\/product\/354963","targetHints":{"allow":["GET"]}}],"collection":[{"href":"https:\/\/www.purejewels.com\/de\/wp-json\/wp\/v2\/product"}],"about":[{"href":"https:\/\/www.purejewels.com\/de\/wp-json\/wp\/v2\/types\/product"}],"replies":[{"embeddable":true,"href":"https:\/\/www.purejewels.com\/de\/wp-json\/wp\/v2\/comments?post=354963"}],"version-history":[{"count":3,"href":"https:\/\/www.purejewels.com\/de\/wp-json\/wp\/v2\/product\/354963\/revisions"}],"predecessor-version":[{"id":420850,"href":"https:\/\/www.purejewels.com\/de\/wp-json\/wp\/v2\/product\/354963\/revisions\/420850"}],"wp:featuredmedia":[{"embeddable":true,"href":"https:\/\/www.purejewels.com\/de\/wp-json\/wp\/v2\/media\/355168"}],"wp:attachment":[{"href":"https:\/\/www.purejewels.com\/de\/wp-json\/wp\/v2\/media?parent=354963"}],"wp:term":[{"taxonomy":"product_brand","embeddable":true,"href":"https:\/\/www.purejewels.com\/de\/wp-json\/wp\/v2\/product_brand?post=354963"},{"taxonomy":"product_cat","embeddable":true,"href":"https:\/\/www.purejewels.com\/de\/wp-json\/wp\/v2\/product_cat?post=354963"},{"taxonomy":"product_tag","embeddable":true,"href":"https:\/\/www.purejewels.com\/de\/wp-json\/wp\/v2\/product_tag?post=354963"}],"curies":[{"name":"wp","href":"https:\/\/api.w.org\/{rel}","templated":true}]}}