{"id":3554,"date":"2017-07-19T13:15:14","date_gmt":"2017-07-19T12:15:14","guid":{"rendered":"http:\/\/new.purejewels.com\/product\/rado-hyperchrome-automatic-chronograph-r32275152\/"},"modified":"2021-12-16T17:18:47","modified_gmt":"2021-12-16T17:18:47","slug":"rado-hyperchromer-automatischer-chronograph-r32275152","status":"publish","type":"product","link":"https:\/\/www.purejewels.com\/de\/product\/rado-hyperchrome-automatic-chronograph-r32275152\/","title":{"rendered":"Rado HyperChrome Automatik-Chronograph Herrenuhr"},"content":{"rendered":"<p>Muster Nr.\u00a0<span style=\"float: none; background-color: transparent; color: #000000; font-family: 'Libre Baskerville',serif; font-size: 12px; font-style: normal; font-variant: normal; font-weight: 400; letter-spacing: normal; line-height: 13.44px; text-align: left; text-decoration: none; text-indent: 0px;\">R32275152<\/span><\/p>\n<p>Gr\u00f6\u00dfe: 45.0<\/p>\n<p>Uhrwerk: Automatik<\/p>\n<p>Geh\u00e4use &amp; L\u00fcnette: Edelstahl, Hightech-Keramik, transparenter Saphirglasboden<\/p>\n<p><a href=\"https:\/\/www.purejewels.com\/de\/product-category\/22ct-gold-jewellery\/gold-bracelet\/\">Armb\u00e4nder<\/a>: Hightech-Keramik<\/p>\n<p>Zifferblatt: Dunkel<\/p>\n<p>Glas: Saphirglas mit Antireflexionsbeschichtung<\/p>\n<p>Wasserdichtigkeit: 10 bar (100m)<\/p>\n<p>Referenznummer: 01.650.0275.3.015<\/p>","protected":false},"excerpt":{"rendered":"<p>Autorisierter Rado-H\u00e4ndler in London<\/p>\n<p>Rado HyperChrome Automatik-Chronograph<\/p>\n<p>Ein technologischer Durchbruch<\/p>\n<p>Ein Monoblock-Geh\u00e4use bildet die gesamte Struktur des Zeitmessers und erreicht damit neue Gipfel der technischen Komplexit\u00e4t. Die kontrastierenden Klammern sch\u00fctzen und unterstreichen seine Einzigartigkeit.<\/p>\n<p>Gr\u00f6\u00dfe: 45.0<br \/>\nUhrwerk: Automatik<br \/>\nGeh\u00e4use &amp; L\u00fcnette: Edelstahl, Hightech-Keramik, transparenter Saphirglasboden<br \/>\nArmb\u00e4nder: Hightech-Keramik<br \/>\nZifferblatt: Dunkel<br \/>\nGlas: Saphirglas mit Antireflexionsbeschichtung<br \/>\nWasserdichtigkeit: 10 bar (100m)<br \/>\nReferenznummer: 01.650.0275.3.015<\/p>","protected":false},"featured_media":297698,"comment_status":"closed","ping_status":"closed","template":"","meta":{"_eb_attr":"","_crsspst_to_jayantr4sg-hostcom":false},"product_brand":[],"product_cat":[1559,1571,1789],"product_tag":[],"class_list":{"0":"post-3554","1":"product","2":"type-product","3":"status-publish","4":"has-post-thumbnail","6":"product_cat-birthday-gifts","7":"product_cat-fathers-day-gifts","8":"product_cat-gents-watches","10":"first","11":"outofstock","12":"featured","13":"taxable","14":"shipping-taxable","15":"product-type-simple","16":"add-to-wishlist-before_image"},"yoast_head":"<!-- This site is optimized with the Yoast SEO plugin v27.4 - https:\/\/yoast.com\/product\/yoast-seo-wordpress\/ -->\n<title>Rado HyperChrome Automatic Chronograph - PureJewels<\/title>\n<meta name=\"robots\" content=\"index, follow, max-snippet:-1, max-image-preview:large, max-video-preview:-1\" \/>\n<link rel=\"canonical\" href=\"https:\/\/www.purejewels.com\/de\/produkt-2\/rado-hyperchromer-automatischer-chronograph-r32275152\/\" \/>\n<meta property=\"og:locale\" content=\"de_DE\" \/>\n<meta property=\"og:type\" content=\"article\" \/>\n<meta property=\"og:title\" content=\"Rado HyperChrome Automatic Chronograph - PureJewels\" \/>\n<meta property=\"og:description\" content=\"Authorised Rado London Stockist  Rado HyperChrome Automatic Chronograph  A technological breakthrough  Reaching new summits of technical complexity, a monobloc case forms the entire structure of the timepiece. Contrasting parentheses protect and underline its uniqueness.  Size: 45.0 Movement: Automatic Case &amp; Bezel: Stainless steel, High-tech ceramic, Transparent sapphire case back Bracelet: High-tech ceramic Dial: Dark Crystal: Sapphire Crystal with anti-reflective coating Water Resistance: 10 bar (100m) Reference Number: 01.650.0275.3.015\" \/>\n<meta property=\"og:url\" content=\"https:\/\/www.purejewels.com\/de\/produkt-2\/rado-hyperchromer-automatischer-chronograph-r32275152\/\" \/>\n<meta property=\"og:site_name\" content=\"PureJewels UK\" \/>\n<meta property=\"article:modified_time\" content=\"2021-12-16T17:18:47+00:00\" \/>\n<meta property=\"og:image\" content=\"https:\/\/www.purejewels.com\/wp-content\/uploads\/2017\/12\/R32275152.png\" \/>\n\t<meta property=\"og:image:width\" content=\"1000\" \/>\n\t<meta property=\"og:image:height\" content=\"1000\" \/>\n\t<meta property=\"og:image:type\" content=\"image\/png\" \/>\n<meta name=\"twitter:card\" content=\"summary_large_image\" \/>\n<script type=\"application\/ld+json\" class=\"yoast-schema-graph\">{\"@context\":\"https:\\\/\\\/schema.org\",\"@graph\":[{\"@type\":[\"WebPage\",\"ItemPage\"],\"@id\":\"https:\\\/\\\/www.purejewels.com\\\/product\\\/rado-hyperchrome-automatic-chronograph-r32275152\\\/\",\"url\":\"https:\\\/\\\/www.purejewels.com\\\/product\\\/rado-hyperchrome-automatic-chronograph-r32275152\\\/\",\"name\":\"Rado HyperChrome Automatic Chronograph - PureJewels\",\"isPartOf\":{\"@id\":\"https:\\\/\\\/www.purejewels.com\\\/#website\"},\"primaryImageOfPage\":{\"@id\":\"https:\\\/\\\/www.purejewels.com\\\/product\\\/rado-hyperchrome-automatic-chronograph-r32275152\\\/#primaryimage\"},\"image\":{\"@id\":\"https:\\\/\\\/www.purejewels.com\\\/product\\\/rado-hyperchrome-automatic-chronograph-r32275152\\\/#primaryimage\"},\"thumbnailUrl\":\"https:\\\/\\\/static.purejewels.com\\\/wp-content\\\/uploads\\\/2017\\\/12\\\/R32275152.png\",\"datePublished\":\"2017-07-19T12:15:14+00:00\",\"dateModified\":\"2021-12-16T17:18:47+00:00\",\"breadcrumb\":{\"@id\":\"https:\\\/\\\/www.purejewels.com\\\/product\\\/rado-hyperchrome-automatic-chronograph-r32275152\\\/#breadcrumb\"},\"inLanguage\":\"de\",\"potentialAction\":[{\"@type\":\"ReadAction\",\"target\":[\"https:\\\/\\\/www.purejewels.com\\\/product\\\/rado-hyperchrome-automatic-chronograph-r32275152\\\/\"]}]},{\"@type\":\"ImageObject\",\"inLanguage\":\"de\",\"@id\":\"https:\\\/\\\/www.purejewels.com\\\/product\\\/rado-hyperchrome-automatic-chronograph-r32275152\\\/#primaryimage\",\"url\":\"https:\\\/\\\/static.purejewels.com\\\/wp-content\\\/uploads\\\/2017\\\/12\\\/R32275152.png\",\"contentUrl\":\"https:\\\/\\\/static.purejewels.com\\\/wp-content\\\/uploads\\\/2017\\\/12\\\/R32275152.png\",\"width\":1000,\"height\":1000,\"caption\":\"R32275152\"},{\"@type\":\"BreadcrumbList\",\"@id\":\"https:\\\/\\\/www.purejewels.com\\\/product\\\/rado-hyperchrome-automatic-chronograph-r32275152\\\/#breadcrumb\",\"itemListElement\":[{\"@type\":\"ListItem\",\"position\":1,\"name\":\"Home\",\"item\":\"https:\\\/\\\/www.purejewels.com\\\/\"},{\"@type\":\"ListItem\",\"position\":2,\"name\":\"Shop\",\"item\":\"https:\\\/\\\/www.purejewels.com\\\/shop\\\/\"},{\"@type\":\"ListItem\",\"position\":3,\"name\":\"Rado HyperChrome Automatic Chronograph Mens Watch\"}]},{\"@type\":\"WebSite\",\"@id\":\"https:\\\/\\\/www.purejewels.com\\\/#website\",\"url\":\"https:\\\/\\\/www.purejewels.com\\\/\",\"name\":\"PureJewels UK\",\"description\":\"Share the Love\",\"publisher\":{\"@id\":\"https:\\\/\\\/www.purejewels.com\\\/#organization\"},\"potentialAction\":[{\"@type\":\"SearchAction\",\"target\":{\"@type\":\"EntryPoint\",\"urlTemplate\":\"https:\\\/\\\/www.purejewels.com\\\/?s={search_term_string}\"},\"query-input\":{\"@type\":\"PropertyValueSpecification\",\"valueRequired\":true,\"valueName\":\"search_term_string\"}}],\"inLanguage\":\"de\"},{\"@type\":\"Organization\",\"@id\":\"https:\\\/\\\/www.purejewels.com\\\/#organization\",\"name\":\"PureJewels UK\",\"url\":\"https:\\\/\\\/www.purejewels.com\\\/\",\"logo\":{\"@type\":\"ImageObject\",\"inLanguage\":\"de\",\"@id\":\"https:\\\/\\\/www.purejewels.com\\\/#\\\/schema\\\/logo\\\/image\\\/\",\"url\":\"https:\\\/\\\/static.purejewels.com\\\/wp-content\\\/uploads\\\/2020\\\/11\\\/Logo-PJ-New-1.png\",\"contentUrl\":\"https:\\\/\\\/static.purejewels.com\\\/wp-content\\\/uploads\\\/2020\\\/11\\\/Logo-PJ-New-1.png\",\"width\":150,\"height\":80,\"caption\":\"PureJewels UK\"},\"image\":{\"@id\":\"https:\\\/\\\/www.purejewels.com\\\/#\\\/schema\\\/logo\\\/image\\\/\"}}]}<\/script>\n<!-- \/ Yoast SEO plugin. -->","yoast_head_json":{"title":"Rado HyperChrome Automatik Chronograph - PureJewels","robots":{"index":"index","follow":"follow","max-snippet":"max-snippet:-1","max-image-preview":"max-image-preview:large","max-video-preview":"max-video-preview:-1"},"canonical":"https:\/\/www.purejewels.com\/de\/produkt-2\/rado-hyperchromer-automatischer-chronograph-r32275152\/","og_locale":"de_DE","og_type":"article","og_title":"Rado HyperChrome Automatic Chronograph - PureJewels","og_description":"Authorised Rado London Stockist  Rado HyperChrome Automatic Chronograph  A technological breakthrough  Reaching new summits of technical complexity, a monobloc case forms the entire structure of the timepiece. Contrasting parentheses protect and underline its uniqueness.  Size: 45.0 Movement: Automatic Case &amp; Bezel: Stainless steel, High-tech ceramic, Transparent sapphire case back Bracelet: High-tech ceramic Dial: Dark Crystal: Sapphire Crystal with anti-reflective coating Water Resistance: 10 bar (100m) Reference Number: 01.650.0275.3.015","og_url":"https:\/\/www.purejewels.com\/de\/produkt-2\/rado-hyperchromer-automatischer-chronograph-r32275152\/","og_site_name":"PureJewels UK","article_modified_time":"2021-12-16T17:18:47+00:00","og_image":[{"width":1000,"height":1000,"url":"https:\/\/www.purejewels.com\/wp-content\/uploads\/2017\/12\/R32275152.png","type":"image\/png"}],"twitter_card":"summary_large_image","schema":{"@context":"https:\/\/schema.org","@graph":[{"@type":["WebPage","ItemPage"],"@id":"https:\/\/www.purejewels.com\/product\/rado-hyperchrome-automatic-chronograph-r32275152\/","url":"https:\/\/www.purejewels.com\/product\/rado-hyperchrome-automatic-chronograph-r32275152\/","name":"Rado HyperChrome Automatik Chronograph - PureJewels","isPartOf":{"@id":"https:\/\/www.purejewels.com\/#website"},"primaryImageOfPage":{"@id":"https:\/\/www.purejewels.com\/product\/rado-hyperchrome-automatic-chronograph-r32275152\/#primaryimage"},"image":{"@id":"https:\/\/www.purejewels.com\/product\/rado-hyperchrome-automatic-chronograph-r32275152\/#primaryimage"},"thumbnailUrl":"https:\/\/static.purejewels.com\/wp-content\/uploads\/2017\/12\/R32275152.png","datePublished":"2017-07-19T12:15:14+00:00","dateModified":"2021-12-16T17:18:47+00:00","breadcrumb":{"@id":"https:\/\/www.purejewels.com\/product\/rado-hyperchrome-automatic-chronograph-r32275152\/#breadcrumb"},"inLanguage":"de","potentialAction":[{"@type":"ReadAction","target":["https:\/\/www.purejewels.com\/product\/rado-hyperchrome-automatic-chronograph-r32275152\/"]}]},{"@type":"ImageObject","inLanguage":"de","@id":"https:\/\/www.purejewels.com\/product\/rado-hyperchrome-automatic-chronograph-r32275152\/#primaryimage","url":"https:\/\/static.purejewels.com\/wp-content\/uploads\/2017\/12\/R32275152.png","contentUrl":"https:\/\/static.purejewels.com\/wp-content\/uploads\/2017\/12\/R32275152.png","width":1000,"height":1000,"caption":"R32275152"},{"@type":"BreadcrumbList","@id":"https:\/\/www.purejewels.com\/product\/rado-hyperchrome-automatic-chronograph-r32275152\/#breadcrumb","itemListElement":[{"@type":"ListItem","position":1,"name":"Home","item":"https:\/\/www.purejewels.com\/"},{"@type":"ListItem","position":2,"name":"Shop","item":"https:\/\/www.purejewels.com\/shop\/"},{"@type":"ListItem","position":3,"name":"Rado HyperChrome Automatic Chronograph Mens Watch"}]},{"@type":"WebSite","@id":"https:\/\/www.purejewels.com\/#website","url":"https:\/\/www.purejewels.com\/","name":"PureJewels UK","description":"Teile die Liebe","publisher":{"@id":"https:\/\/www.purejewels.com\/#organization"},"potentialAction":[{"@type":"SearchAction","target":{"@type":"EntryPoint","urlTemplate":"https:\/\/www.purejewels.com\/?s={search_term_string}"},"query-input":{"@type":"PropertyValueSpecification","valueRequired":true,"valueName":"search_term_string"}}],"inLanguage":"de"},{"@type":"Organization","@id":"https:\/\/www.purejewels.com\/#organization","name":"PureJewels UK","url":"https:\/\/www.purejewels.com\/","logo":{"@type":"ImageObject","inLanguage":"de","@id":"https:\/\/www.purejewels.com\/#\/schema\/logo\/image\/","url":"https:\/\/static.purejewels.com\/wp-content\/uploads\/2020\/11\/Logo-PJ-New-1.png","contentUrl":"https:\/\/static.purejewels.com\/wp-content\/uploads\/2020\/11\/Logo-PJ-New-1.png","width":150,"height":80,"caption":"PureJewels UK"},"image":{"@id":"https:\/\/www.purejewels.com\/#\/schema\/logo\/image\/"}}]}},"_links":{"self":[{"href":"https:\/\/www.purejewels.com\/de\/wp-json\/wp\/v2\/product\/3554","targetHints":{"allow":["GET"]}}],"collection":[{"href":"https:\/\/www.purejewels.com\/de\/wp-json\/wp\/v2\/product"}],"about":[{"href":"https:\/\/www.purejewels.com\/de\/wp-json\/wp\/v2\/types\/product"}],"replies":[{"embeddable":true,"href":"https:\/\/www.purejewels.com\/de\/wp-json\/wp\/v2\/comments?post=3554"}],"version-history":[{"count":0,"href":"https:\/\/www.purejewels.com\/de\/wp-json\/wp\/v2\/product\/3554\/revisions"}],"wp:featuredmedia":[{"embeddable":true,"href":"https:\/\/www.purejewels.com\/de\/wp-json\/wp\/v2\/media\/297698"}],"wp:attachment":[{"href":"https:\/\/www.purejewels.com\/de\/wp-json\/wp\/v2\/media?parent=3554"}],"wp:term":[{"taxonomy":"product_brand","embeddable":true,"href":"https:\/\/www.purejewels.com\/de\/wp-json\/wp\/v2\/product_brand?post=3554"},{"taxonomy":"product_cat","embeddable":true,"href":"https:\/\/www.purejewels.com\/de\/wp-json\/wp\/v2\/product_cat?post=3554"},{"taxonomy":"product_tag","embeddable":true,"href":"https:\/\/www.purejewels.com\/de\/wp-json\/wp\/v2\/product_tag?post=3554"}],"curies":[{"name":"wp","href":"https:\/\/api.w.org\/{rel}","templated":true}]}}