{"id":355498,"date":"2024-01-03T12:18:14","date_gmt":"2024-01-03T12:18:14","guid":{"rendered":"https:\/\/www.purejewels.com\/?post_type=product&#038;p=355498"},"modified":"2026-04-10T06:32:53","modified_gmt":"2026-04-10T05:32:53","slug":"fuskettchen-aus-22-karat-gold-mit-tropfsteinen-10-zoll-46404","status":"publish","type":"product","link":"https:\/\/www.purejewels.com\/de\/product\/22ct-gold-anklet-with-droppers-10-inches-46404\/","title":{"rendered":"22ct Gold Fu\u00dfkettchen mit Ghungroo | 10 Zentimeter"},"content":{"rendered":"<h3>Designkonzept<\/h3>\n<p>Inspiriert von traditionellen indischen Fu\u00dfkettchen verk\u00f6rpert das Design Rhythmus und Weiblichkeit. Der sanfte Klang des Ghungroo symbolisiert Feierlichkeit und Anmut und verbindet uralte Kunstfertigkeit mit der zeitgen\u00f6ssischen Designsensibilit\u00e4t von PureJewels.<\/p>\n<h3>Handwerkliches K\u00f6nnen<\/h3>\n<p>Das fachm\u00e4nnisch aus 22-kar\u00e4tigem Gold gefertigte Fu\u00dfkettchen zeichnet sich durch sorgf\u00e4ltige Details und eine sichere Gliederkonstruktion aus. Jeder Ghungroo-Charme wird einzeln poliert, um eine perfekte Resonanz und Bewegung zu erreichen und sowohl Sch\u00f6nheit als auch Haltbarkeit zu gew\u00e4hrleisten.<\/p>\n<h3>Styling &amp; Geschenkartikel<\/h3>\n<p>Ideal f\u00fcr festliche Anl\u00e4sse Hochzeiten oder sinnvolle Geschenke dieses Fu\u00dfkettchen f\u00fcgt einen charmanten Abschluss zu traditionellen Kleidung. Es wird in der charakteristischen Luxusbox von PureJewels geliefert - ein wundersch\u00f6ner Schatz f\u00fcr Sie selbst oder jemand Besonderen.<\/p>","protected":false},"excerpt":{"rendered":"<p>Ein wundersch\u00f6n handgefertigtes Fu\u00dfkettchen aus 22 Karat Gold mit winzigen Ghungroo-Anh\u00e4ngern. Jede Bewegung erzeugt ein sanftes, melodisches Glockenspiel und ist ein zeitloser Ausdruck von Anmut und Tradition.<\/p>\n<p><strong>Material:<\/strong> 22ct Gold<br \/>\n<strong>Reinheit:<\/strong>\u00a091.6% reines Gold<br \/>\n<strong>Wahrzeichen:<\/strong>\u00a0Britisches G\u00fctesiegel<br \/>\n<strong>SKU:<\/strong> 52904<br \/>\n<strong>Gewicht:<\/strong> 5.8Gms<br \/>\n<strong>L\u00e4nge:<\/strong> 10 Zoll<\/p>\n<p><strong>Preis und Lieferung:<\/strong>\u00a0Inklusive Mehrwertsteuer und Lieferkosten<br \/>\n<a href=\"https:\/\/www.purejewels.com\/de\/ruckgabepolitik\/\"><strong>R\u00fcckgabepolitik<\/strong><\/a><\/p>","protected":false},"featured_media":344965,"comment_status":"closed","ping_status":"closed","template":"","meta":{"_eb_attr":"","_crsspst_to_jayantr4sg-hostcom":true},"product_brand":[],"product_cat":[1760,1559,236,1792,1574],"product_tag":[],"class_list":{"0":"post-355498","1":"product","2":"type-product","3":"status-publish","4":"has-post-thumbnail","6":"product_cat-gold-anklets","7":"product_cat-birthday-gifts","8":"product_cat-collections","9":"product_cat-festival-gifts","10":"product_cat-womens-jewellery","12":"first","13":"outofstock","14":"taxable","15":"shipping-taxable","16":"product-type-simple","17":"add-to-wishlist-before_image"},"yoast_head":"<!-- This site is optimized with the Yoast SEO plugin v27.5 - https:\/\/yoast.com\/product\/yoast-seo-wordpress\/ -->\n<title>22ct Anklet with Ghungroo | Traditional Gold Payal by PureJewels<\/title>\n<meta name=\"description\" content=\"Shop 22ct Gold Anklet with Droppers with our Latest gold anklet designs collection online. Buy gold payal, gold anklets from PureJewels UK.\" \/>\n<meta name=\"robots\" content=\"index, follow, max-snippet:-1, max-image-preview:large, max-video-preview:-1\" \/>\n<link rel=\"canonical\" href=\"https:\/\/www.purejewels.com\/de\/produkt-2\/fuskettchen-aus-22-karat-gold-mit-tropfsteinen-10-zoll-46404\/\" \/>\n<meta property=\"og:locale\" content=\"de_DE\" \/>\n<meta property=\"og:type\" content=\"article\" \/>\n<meta property=\"og:title\" content=\"22ct Anklet with Ghungroo | Traditional Gold Payal by PureJewels\" \/>\n<meta property=\"og:description\" content=\"Shop 22ct Gold Anklet with Droppers with our Latest gold anklet designs collection online. Buy gold payal, gold anklets from PureJewels UK.\" \/>\n<meta property=\"og:url\" content=\"https:\/\/www.purejewels.com\/de\/produkt-2\/fuskettchen-aus-22-karat-gold-mit-tropfsteinen-10-zoll-46404\/\" \/>\n<meta property=\"og:site_name\" content=\"PureJewels UK\" \/>\n<meta property=\"article:modified_time\" content=\"2026-04-10T05:32:53+00:00\" \/>\n<meta property=\"og:image\" content=\"https:\/\/static.purejewels.com\/wp-content\/uploads\/2023\/03\/44275-1.jpg\" \/>\n\t<meta property=\"og:image:width\" content=\"1\" \/>\n\t<meta property=\"og:image:height\" content=\"1\" \/>\n\t<meta property=\"og:image:type\" content=\"image\/jpeg\" \/>\n<meta name=\"twitter:card\" content=\"summary_large_image\" \/>\n<meta name=\"twitter:label1\" content=\"Gesch\u00e4tzte Lesezeit\" \/>\n\t<meta name=\"twitter:data1\" content=\"1\u00a0Minute\" \/>\n<script type=\"application\/ld+json\" class=\"yoast-schema-graph\">{\"@context\":\"https:\\\/\\\/schema.org\",\"@graph\":[{\"@type\":[\"WebPage\",\"ItemPage\"],\"@id\":\"https:\\\/\\\/www.purejewels.com\\\/product\\\/22ct-gold-anklet-with-droppers-10-inches-46404\\\/\",\"url\":\"https:\\\/\\\/www.purejewels.com\\\/product\\\/22ct-gold-anklet-with-droppers-10-inches-46404\\\/\",\"name\":\"22ct Anklet with Ghungroo | Traditional Gold Payal by PureJewels\",\"isPartOf\":{\"@id\":\"https:\\\/\\\/www.purejewels.com\\\/#website\"},\"primaryImageOfPage\":{\"@id\":\"https:\\\/\\\/www.purejewels.com\\\/product\\\/22ct-gold-anklet-with-droppers-10-inches-46404\\\/#primaryimage\"},\"image\":{\"@id\":\"https:\\\/\\\/www.purejewels.com\\\/product\\\/22ct-gold-anklet-with-droppers-10-inches-46404\\\/#primaryimage\"},\"thumbnailUrl\":\"https:\\\/\\\/static.purejewels.com\\\/wp-content\\\/uploads\\\/2023\\\/03\\\/44275-1.jpg\",\"datePublished\":\"2024-01-03T12:18:14+00:00\",\"dateModified\":\"2026-04-10T05:32:53+00:00\",\"description\":\"Shop 22ct Gold Anklet with Droppers with our Latest gold anklet designs collection online. Buy gold payal, gold anklets from PureJewels UK.\",\"breadcrumb\":{\"@id\":\"https:\\\/\\\/www.purejewels.com\\\/product\\\/22ct-gold-anklet-with-droppers-10-inches-46404\\\/#breadcrumb\"},\"inLanguage\":\"de\",\"potentialAction\":[{\"@type\":\"ReadAction\",\"target\":[\"https:\\\/\\\/www.purejewels.com\\\/product\\\/22ct-gold-anklet-with-droppers-10-inches-46404\\\/\"]}]},{\"@type\":\"ImageObject\",\"inLanguage\":\"de\",\"@id\":\"https:\\\/\\\/www.purejewels.com\\\/product\\\/22ct-gold-anklet-with-droppers-10-inches-46404\\\/#primaryimage\",\"url\":\"https:\\\/\\\/static.purejewels.com\\\/wp-content\\\/uploads\\\/2023\\\/03\\\/44275-1.jpg\",\"contentUrl\":\"https:\\\/\\\/static.purejewels.com\\\/wp-content\\\/uploads\\\/2023\\\/03\\\/44275-1.jpg\",\"caption\":\"Gold Anklet For Women 44275-1\"},{\"@type\":\"BreadcrumbList\",\"@id\":\"https:\\\/\\\/www.purejewels.com\\\/product\\\/22ct-gold-anklet-with-droppers-10-inches-46404\\\/#breadcrumb\",\"itemListElement\":[{\"@type\":\"ListItem\",\"position\":1,\"name\":\"Home\",\"item\":\"https:\\\/\\\/www.purejewels.com\\\/\"},{\"@type\":\"ListItem\",\"position\":2,\"name\":\"Shop\",\"item\":\"https:\\\/\\\/www.purejewels.com\\\/shop\\\/\"},{\"@type\":\"ListItem\",\"position\":3,\"name\":\"22ct Gold Anklet with Ghungroo | 10 Inches\"}]},{\"@type\":\"WebSite\",\"@id\":\"https:\\\/\\\/www.purejewels.com\\\/#website\",\"url\":\"https:\\\/\\\/www.purejewels.com\\\/\",\"name\":\"PureJewels UK\",\"description\":\"Share the Love\",\"publisher\":{\"@id\":\"https:\\\/\\\/www.purejewels.com\\\/#organization\"},\"potentialAction\":[{\"@type\":\"SearchAction\",\"target\":{\"@type\":\"EntryPoint\",\"urlTemplate\":\"https:\\\/\\\/www.purejewels.com\\\/?s={search_term_string}\"},\"query-input\":{\"@type\":\"PropertyValueSpecification\",\"valueRequired\":true,\"valueName\":\"search_term_string\"}}],\"inLanguage\":\"de\"},{\"@type\":\"Organization\",\"@id\":\"https:\\\/\\\/www.purejewels.com\\\/#organization\",\"name\":\"PureJewels UK\",\"url\":\"https:\\\/\\\/www.purejewels.com\\\/\",\"logo\":{\"@type\":\"ImageObject\",\"inLanguage\":\"de\",\"@id\":\"https:\\\/\\\/www.purejewels.com\\\/#\\\/schema\\\/logo\\\/image\\\/\",\"url\":\"https:\\\/\\\/static.purejewels.com\\\/wp-content\\\/uploads\\\/2020\\\/11\\\/Logo-PJ-New-1.png\",\"contentUrl\":\"https:\\\/\\\/static.purejewels.com\\\/wp-content\\\/uploads\\\/2020\\\/11\\\/Logo-PJ-New-1.png\",\"width\":150,\"height\":80,\"caption\":\"PureJewels UK\"},\"image\":{\"@id\":\"https:\\\/\\\/www.purejewels.com\\\/#\\\/schema\\\/logo\\\/image\\\/\"}}]}<\/script>\n<!-- \/ Yoast SEO plugin. -->","yoast_head_json":{"title":"22ct Fu\u00dfkettchen mit Ghungroo | Traditionelle Gold Payal von PureJewels","description":"Shop 22ct Gold Fu\u00dfkettchen mit Droppern mit unseren neuesten Gold Fu\u00dfkettchen Designs Sammlung online. Kaufen Sie Gold Payal, Gold Fu\u00dfkettchen von PureJewels UK.","robots":{"index":"index","follow":"follow","max-snippet":"max-snippet:-1","max-image-preview":"max-image-preview:large","max-video-preview":"max-video-preview:-1"},"canonical":"https:\/\/www.purejewels.com\/de\/produkt-2\/fuskettchen-aus-22-karat-gold-mit-tropfsteinen-10-zoll-46404\/","og_locale":"de_DE","og_type":"article","og_title":"22ct Anklet with Ghungroo | Traditional Gold Payal by PureJewels","og_description":"Shop 22ct Gold Anklet with Droppers with our Latest gold anklet designs collection online. Buy gold payal, gold anklets from PureJewels UK.","og_url":"https:\/\/www.purejewels.com\/de\/produkt-2\/fuskettchen-aus-22-karat-gold-mit-tropfsteinen-10-zoll-46404\/","og_site_name":"PureJewels UK","article_modified_time":"2026-04-10T05:32:53+00:00","og_image":[{"url":"https:\/\/static.purejewels.com\/wp-content\/uploads\/2023\/03\/44275-1.jpg","width":1,"height":1,"type":"image\/jpeg"}],"twitter_card":"summary_large_image","twitter_misc":{"Gesch\u00e4tzte Lesezeit":"1\u00a0Minute"},"schema":{"@context":"https:\/\/schema.org","@graph":[{"@type":["WebPage","ItemPage"],"@id":"https:\/\/www.purejewels.com\/product\/22ct-gold-anklet-with-droppers-10-inches-46404\/","url":"https:\/\/www.purejewels.com\/product\/22ct-gold-anklet-with-droppers-10-inches-46404\/","name":"22ct Fu\u00dfkettchen mit Ghungroo | Traditionelle Gold Payal von PureJewels","isPartOf":{"@id":"https:\/\/www.purejewels.com\/#website"},"primaryImageOfPage":{"@id":"https:\/\/www.purejewels.com\/product\/22ct-gold-anklet-with-droppers-10-inches-46404\/#primaryimage"},"image":{"@id":"https:\/\/www.purejewels.com\/product\/22ct-gold-anklet-with-droppers-10-inches-46404\/#primaryimage"},"thumbnailUrl":"https:\/\/static.purejewels.com\/wp-content\/uploads\/2023\/03\/44275-1.jpg","datePublished":"2024-01-03T12:18:14+00:00","dateModified":"2026-04-10T05:32:53+00:00","description":"Shop 22ct Gold Fu\u00dfkettchen mit Droppern mit unseren neuesten Gold Fu\u00dfkettchen Designs Sammlung online. Kaufen Sie Gold Payal, Gold Fu\u00dfkettchen von PureJewels UK.","breadcrumb":{"@id":"https:\/\/www.purejewels.com\/product\/22ct-gold-anklet-with-droppers-10-inches-46404\/#breadcrumb"},"inLanguage":"de","potentialAction":[{"@type":"ReadAction","target":["https:\/\/www.purejewels.com\/product\/22ct-gold-anklet-with-droppers-10-inches-46404\/"]}]},{"@type":"ImageObject","inLanguage":"de","@id":"https:\/\/www.purejewels.com\/product\/22ct-gold-anklet-with-droppers-10-inches-46404\/#primaryimage","url":"https:\/\/static.purejewels.com\/wp-content\/uploads\/2023\/03\/44275-1.jpg","contentUrl":"https:\/\/static.purejewels.com\/wp-content\/uploads\/2023\/03\/44275-1.jpg","caption":"Gold Anklet For Women 44275-1"},{"@type":"BreadcrumbList","@id":"https:\/\/www.purejewels.com\/product\/22ct-gold-anklet-with-droppers-10-inches-46404\/#breadcrumb","itemListElement":[{"@type":"ListItem","position":1,"name":"Home","item":"https:\/\/www.purejewels.com\/"},{"@type":"ListItem","position":2,"name":"Shop","item":"https:\/\/www.purejewels.com\/shop\/"},{"@type":"ListItem","position":3,"name":"22ct Gold Anklet with Ghungroo | 10 Inches"}]},{"@type":"WebSite","@id":"https:\/\/www.purejewels.com\/#website","url":"https:\/\/www.purejewels.com\/","name":"PureJewels UK","description":"Teile die Liebe","publisher":{"@id":"https:\/\/www.purejewels.com\/#organization"},"potentialAction":[{"@type":"SearchAction","target":{"@type":"EntryPoint","urlTemplate":"https:\/\/www.purejewels.com\/?s={search_term_string}"},"query-input":{"@type":"PropertyValueSpecification","valueRequired":true,"valueName":"search_term_string"}}],"inLanguage":"de"},{"@type":"Organization","@id":"https:\/\/www.purejewels.com\/#organization","name":"PureJewels UK","url":"https:\/\/www.purejewels.com\/","logo":{"@type":"ImageObject","inLanguage":"de","@id":"https:\/\/www.purejewels.com\/#\/schema\/logo\/image\/","url":"https:\/\/static.purejewels.com\/wp-content\/uploads\/2020\/11\/Logo-PJ-New-1.png","contentUrl":"https:\/\/static.purejewels.com\/wp-content\/uploads\/2020\/11\/Logo-PJ-New-1.png","width":150,"height":80,"caption":"PureJewels UK"},"image":{"@id":"https:\/\/www.purejewels.com\/#\/schema\/logo\/image\/"}}]}},"_links":{"self":[{"href":"https:\/\/www.purejewels.com\/de\/wp-json\/wp\/v2\/product\/355498","targetHints":{"allow":["GET"]}}],"collection":[{"href":"https:\/\/www.purejewels.com\/de\/wp-json\/wp\/v2\/product"}],"about":[{"href":"https:\/\/www.purejewels.com\/de\/wp-json\/wp\/v2\/types\/product"}],"replies":[{"embeddable":true,"href":"https:\/\/www.purejewels.com\/de\/wp-json\/wp\/v2\/comments?post=355498"}],"version-history":[{"count":4,"href":"https:\/\/www.purejewels.com\/de\/wp-json\/wp\/v2\/product\/355498\/revisions"}],"predecessor-version":[{"id":419450,"href":"https:\/\/www.purejewels.com\/de\/wp-json\/wp\/v2\/product\/355498\/revisions\/419450"}],"wp:featuredmedia":[{"embeddable":true,"href":"https:\/\/www.purejewels.com\/de\/wp-json\/wp\/v2\/media\/344965"}],"wp:attachment":[{"href":"https:\/\/www.purejewels.com\/de\/wp-json\/wp\/v2\/media?parent=355498"}],"wp:term":[{"taxonomy":"product_brand","embeddable":true,"href":"https:\/\/www.purejewels.com\/de\/wp-json\/wp\/v2\/product_brand?post=355498"},{"taxonomy":"product_cat","embeddable":true,"href":"https:\/\/www.purejewels.com\/de\/wp-json\/wp\/v2\/product_cat?post=355498"},{"taxonomy":"product_tag","embeddable":true,"href":"https:\/\/www.purejewels.com\/de\/wp-json\/wp\/v2\/product_tag?post=355498"}],"curies":[{"name":"wp","href":"https:\/\/api.w.org\/{rel}","templated":true}]}}