{"id":355532,"date":"2025-07-01T07:34:56","date_gmt":"2025-07-01T06:34:56","guid":{"rendered":"https:\/\/www.purejewels.com\/?post_type=product&#038;p=355532"},"modified":"2026-03-30T06:55:19","modified_gmt":"2026-03-30T05:55:19","slug":"herren-armband-aus-22-karat-gelbgold-46966","status":"publish","type":"product","link":"https:\/\/www.purejewels.com\/de\/product\/gents-22ct-yellow-gold-bracelet-46966\/","title":{"rendered":"Kubanisches Gliederarmband UK"},"content":{"rendered":"<p>Dieses kubanische Gliederarmband aus strahlendem 22-kar\u00e4tigem Gold verk\u00f6rpert St\u00e4rke, Stil und zeitlosen Reiz. Das elegante, ineinandergreifende Muster bietet ein raffiniertes und doch maskulines Finish und macht es zu einer unverzichtbaren Armbandkette f\u00fcr M\u00e4nner, die dezenten Luxus sch\u00e4tzen. Dieses f\u00fcr Komfort und Langlebigkeit konzipierte Schmuckst\u00fcck l\u00e4sst sich m\u00fchelos am Handgelenk tragen - perfekt f\u00fcr den Alltag oder f\u00fcr gehobene Anl\u00e4sse. Diese Armbandkette f\u00fcr M\u00e4nner ist ein echter Klassiker und spiegelt die Best\u00e4ndigkeit <a href=\"https:\/\/www.purejewels.com\/de\/a-guide-to-die-stamping\/\">Handwerkskunst<\/a> und selbstbewusste Eleganz.<\/p>","protected":false},"excerpt":{"rendered":"<p>Dieses zeitlose und raffinierte kubanische Goldarmband f\u00fcr Herren ist aus reinem 22-kar\u00e4tigem Gold gefertigt und hat einen Durchmesser von 8,5 Zoll. Ein klassisches Symbol f\u00fcr St\u00e4rke und Stil, perfekt f\u00fcr das t\u00e4gliche Tragen oder besondere Anl\u00e4sse.<\/p>\n<p><strong>Material:<\/strong>\u00a022ct Gold<strong><br \/>\nWahrzeichen:\u00a0<\/strong>Britisches G\u00fctesiegel<strong><br \/>\n<\/strong><strong>Bruttogewicht: <\/strong>7.30 Gms<br \/>\n<strong>Breite:<\/strong> 3,2 mm<br \/>\n<strong>L\u00e4nge:<\/strong> 8,5 Zoll<br \/>\n<strong>SKU:<\/strong> 49987<\/p>\n<p><strong>Preis und Lieferung<\/strong>: Inklusive Mehrwertsteuer und Lieferkosten<br \/>\n<a href=\"https:\/\/www.purejewels.com\/de\/ruckgabepolitik\/\">R\u00fcckgabepolitik<\/a><\/p>","protected":false},"featured_media":403240,"comment_status":"closed","ping_status":"closed","template":"","meta":{"_eb_attr":"","_crsspst_to_jayantr4sg-hostcom":true},"product_brand":[],"product_cat":[6057,1571,1790,1324,1229,1572,1628,5349],"product_tag":[],"class_list":{"0":"post-355532","1":"product","2":"type-product","3":"status-publish","4":"has-post-thumbnail","6":"product_cat-chain-bracelet","7":"product_cat-fathers-day-gifts","8":"product_cat-for-whom-when","9":"product_cat-gold-bracelet","10":"product_cat-22ct-gold-jewellery","11":"product_cat-mens-jewellery","12":"product_cat-mens-bracelet","13":"product_cat-yellow-gold-jewellery","15":"first","16":"instock","17":"taxable","18":"shipping-taxable","19":"purchasable","20":"product-type-simple","21":"add-to-wishlist-before_image"},"yoast_head":"<!-- This site is optimized with the Yoast SEO plugin v27.6 - https:\/\/yoast.com\/product\/yoast-seo-wordpress\/ -->\n<title>Gents 22ct Yellow Gold Bracelet Online at UK<\/title>\n<meta name=\"description\" content=\"Elevate your style with our exquisite collection of 22ct yellow gold bracelets for gentlemen, available at PureJewels online\" \/>\n<meta name=\"robots\" content=\"index, follow, max-snippet:-1, max-image-preview:large, max-video-preview:-1\" \/>\n<link rel=\"canonical\" href=\"https:\/\/www.purejewels.com\/de\/produkt-2\/herren-armband-aus-22-karat-gelbgold-46966\/\" \/>\n<meta property=\"og:locale\" content=\"de_DE\" \/>\n<meta property=\"og:type\" content=\"article\" \/>\n<meta property=\"og:title\" content=\"Gents 22ct Yellow Gold Bracelet Online at UK\" \/>\n<meta property=\"og:description\" content=\"Elevate your style with our exquisite collection of 22ct yellow gold bracelets for gentlemen, available at PureJewels online\" \/>\n<meta property=\"og:url\" content=\"https:\/\/www.purejewels.com\/de\/produkt-2\/herren-armband-aus-22-karat-gelbgold-46966\/\" \/>\n<meta property=\"og:site_name\" content=\"PureJewels UK\" \/>\n<meta property=\"article:modified_time\" content=\"2026-03-30T05:55:19+00:00\" \/>\n<meta property=\"og:image\" content=\"https:\/\/static.purejewels.com\/wp-content\/uploads\/2024\/01\/SKU-49987.jpg\" \/>\n\t<meta property=\"og:image:width\" content=\"1000\" \/>\n\t<meta property=\"og:image:height\" content=\"1000\" \/>\n\t<meta property=\"og:image:type\" content=\"image\/jpeg\" \/>\n<meta name=\"twitter:card\" content=\"summary_large_image\" \/>\n<meta name=\"twitter:label1\" content=\"Gesch\u00e4tzte Lesezeit\" \/>\n\t<meta name=\"twitter:data1\" content=\"1\u00a0Minute\" \/>\n<script type=\"application\/ld+json\" class=\"yoast-schema-graph\">{\"@context\":\"https:\\\/\\\/schema.org\",\"@graph\":[{\"@type\":[\"WebPage\",\"ItemPage\"],\"@id\":\"https:\\\/\\\/www.purejewels.com\\\/product\\\/gents-22ct-yellow-gold-bracelet-46966\\\/\",\"url\":\"https:\\\/\\\/www.purejewels.com\\\/product\\\/gents-22ct-yellow-gold-bracelet-46966\\\/\",\"name\":\"Gents 22ct Yellow Gold Bracelet Online at UK\",\"isPartOf\":{\"@id\":\"https:\\\/\\\/www.purejewels.com\\\/#website\"},\"primaryImageOfPage\":{\"@id\":\"https:\\\/\\\/www.purejewels.com\\\/product\\\/gents-22ct-yellow-gold-bracelet-46966\\\/#primaryimage\"},\"image\":{\"@id\":\"https:\\\/\\\/www.purejewels.com\\\/product\\\/gents-22ct-yellow-gold-bracelet-46966\\\/#primaryimage\"},\"thumbnailUrl\":\"https:\\\/\\\/static.purejewels.com\\\/wp-content\\\/uploads\\\/2024\\\/01\\\/SKU-49987.jpg\",\"datePublished\":\"2025-07-01T06:34:56+00:00\",\"dateModified\":\"2026-03-30T05:55:19+00:00\",\"description\":\"Elevate your style with our exquisite collection of 22ct yellow gold bracelets for gentlemen, available at PureJewels online\",\"breadcrumb\":{\"@id\":\"https:\\\/\\\/www.purejewels.com\\\/product\\\/gents-22ct-yellow-gold-bracelet-46966\\\/#breadcrumb\"},\"inLanguage\":\"de\",\"potentialAction\":[{\"@type\":\"ReadAction\",\"target\":[\"https:\\\/\\\/www.purejewels.com\\\/product\\\/gents-22ct-yellow-gold-bracelet-46966\\\/\"]}]},{\"@type\":\"ImageObject\",\"inLanguage\":\"de\",\"@id\":\"https:\\\/\\\/www.purejewels.com\\\/product\\\/gents-22ct-yellow-gold-bracelet-46966\\\/#primaryimage\",\"url\":\"https:\\\/\\\/static.purejewels.com\\\/wp-content\\\/uploads\\\/2024\\\/01\\\/SKU-49987.jpg\",\"contentUrl\":\"https:\\\/\\\/static.purejewels.com\\\/wp-content\\\/uploads\\\/2024\\\/01\\\/SKU-49987.jpg\",\"width\":1000,\"height\":1000,\"caption\":\"Gents Cuban Link Bracelet UK\"},{\"@type\":\"BreadcrumbList\",\"@id\":\"https:\\\/\\\/www.purejewels.com\\\/product\\\/gents-22ct-yellow-gold-bracelet-46966\\\/#breadcrumb\",\"itemListElement\":[{\"@type\":\"ListItem\",\"position\":1,\"name\":\"Home\",\"item\":\"https:\\\/\\\/www.purejewels.com\\\/\"},{\"@type\":\"ListItem\",\"position\":2,\"name\":\"Shop\",\"item\":\"https:\\\/\\\/www.purejewels.com\\\/shop\\\/\"},{\"@type\":\"ListItem\",\"position\":3,\"name\":\"Cuban Link Bracelet UK\"}]},{\"@type\":\"WebSite\",\"@id\":\"https:\\\/\\\/www.purejewels.com\\\/#website\",\"url\":\"https:\\\/\\\/www.purejewels.com\\\/\",\"name\":\"PureJewels UK\",\"description\":\"Share the Love\",\"publisher\":{\"@id\":\"https:\\\/\\\/www.purejewels.com\\\/#organization\"},\"potentialAction\":[{\"@type\":\"SearchAction\",\"target\":{\"@type\":\"EntryPoint\",\"urlTemplate\":\"https:\\\/\\\/www.purejewels.com\\\/?s={search_term_string}\"},\"query-input\":{\"@type\":\"PropertyValueSpecification\",\"valueRequired\":true,\"valueName\":\"search_term_string\"}}],\"inLanguage\":\"de\"},{\"@type\":\"Organization\",\"@id\":\"https:\\\/\\\/www.purejewels.com\\\/#organization\",\"name\":\"PureJewels UK\",\"url\":\"https:\\\/\\\/www.purejewels.com\\\/\",\"logo\":{\"@type\":\"ImageObject\",\"inLanguage\":\"de\",\"@id\":\"https:\\\/\\\/www.purejewels.com\\\/#\\\/schema\\\/logo\\\/image\\\/\",\"url\":\"https:\\\/\\\/static.purejewels.com\\\/wp-content\\\/uploads\\\/2020\\\/11\\\/Logo-PJ-New-1.png\",\"contentUrl\":\"https:\\\/\\\/static.purejewels.com\\\/wp-content\\\/uploads\\\/2020\\\/11\\\/Logo-PJ-New-1.png\",\"width\":150,\"height\":80,\"caption\":\"PureJewels UK\"},\"image\":{\"@id\":\"https:\\\/\\\/www.purejewels.com\\\/#\\\/schema\\\/logo\\\/image\\\/\"}}]}<\/script>\n<!-- \/ Yoast SEO plugin. -->","yoast_head_json":{"title":"Herrenarmband aus 22 kt Gelbgold Online bei UK","description":"Erh\u00f6hen Sie Ihren Stil mit unserer exquisiten Kollektion von Armb\u00e4ndern aus 22 Karat Gelbgold f\u00fcr Herren, erh\u00e4ltlich bei PureJewels online","robots":{"index":"index","follow":"follow","max-snippet":"max-snippet:-1","max-image-preview":"max-image-preview:large","max-video-preview":"max-video-preview:-1"},"canonical":"https:\/\/www.purejewels.com\/de\/produkt-2\/herren-armband-aus-22-karat-gelbgold-46966\/","og_locale":"de_DE","og_type":"article","og_title":"Gents 22ct Yellow Gold Bracelet Online at UK","og_description":"Elevate your style with our exquisite collection of 22ct yellow gold bracelets for gentlemen, available at PureJewels online","og_url":"https:\/\/www.purejewels.com\/de\/produkt-2\/herren-armband-aus-22-karat-gelbgold-46966\/","og_site_name":"PureJewels UK","article_modified_time":"2026-03-30T05:55:19+00:00","og_image":[{"width":1000,"height":1000,"url":"https:\/\/static.purejewels.com\/wp-content\/uploads\/2024\/01\/SKU-49987.jpg","type":"image\/jpeg"}],"twitter_card":"summary_large_image","twitter_misc":{"Gesch\u00e4tzte Lesezeit":"1\u00a0Minute"},"schema":{"@context":"https:\/\/schema.org","@graph":[{"@type":["WebPage","ItemPage"],"@id":"https:\/\/www.purejewels.com\/product\/gents-22ct-yellow-gold-bracelet-46966\/","url":"https:\/\/www.purejewels.com\/product\/gents-22ct-yellow-gold-bracelet-46966\/","name":"Herrenarmband aus 22 kt Gelbgold Online bei UK","isPartOf":{"@id":"https:\/\/www.purejewels.com\/#website"},"primaryImageOfPage":{"@id":"https:\/\/www.purejewels.com\/product\/gents-22ct-yellow-gold-bracelet-46966\/#primaryimage"},"image":{"@id":"https:\/\/www.purejewels.com\/product\/gents-22ct-yellow-gold-bracelet-46966\/#primaryimage"},"thumbnailUrl":"https:\/\/static.purejewels.com\/wp-content\/uploads\/2024\/01\/SKU-49987.jpg","datePublished":"2025-07-01T06:34:56+00:00","dateModified":"2026-03-30T05:55:19+00:00","description":"Erh\u00f6hen Sie Ihren Stil mit unserer exquisiten Kollektion von Armb\u00e4ndern aus 22 Karat Gelbgold f\u00fcr Herren, erh\u00e4ltlich bei PureJewels online","breadcrumb":{"@id":"https:\/\/www.purejewels.com\/product\/gents-22ct-yellow-gold-bracelet-46966\/#breadcrumb"},"inLanguage":"de","potentialAction":[{"@type":"ReadAction","target":["https:\/\/www.purejewels.com\/product\/gents-22ct-yellow-gold-bracelet-46966\/"]}]},{"@type":"ImageObject","inLanguage":"de","@id":"https:\/\/www.purejewels.com\/product\/gents-22ct-yellow-gold-bracelet-46966\/#primaryimage","url":"https:\/\/static.purejewels.com\/wp-content\/uploads\/2024\/01\/SKU-49987.jpg","contentUrl":"https:\/\/static.purejewels.com\/wp-content\/uploads\/2024\/01\/SKU-49987.jpg","width":1000,"height":1000,"caption":"Gents Cuban Link Bracelet UK"},{"@type":"BreadcrumbList","@id":"https:\/\/www.purejewels.com\/product\/gents-22ct-yellow-gold-bracelet-46966\/#breadcrumb","itemListElement":[{"@type":"ListItem","position":1,"name":"Home","item":"https:\/\/www.purejewels.com\/"},{"@type":"ListItem","position":2,"name":"Shop","item":"https:\/\/www.purejewels.com\/shop\/"},{"@type":"ListItem","position":3,"name":"Cuban Link Bracelet UK"}]},{"@type":"WebSite","@id":"https:\/\/www.purejewels.com\/#website","url":"https:\/\/www.purejewels.com\/","name":"PureJewels UK","description":"Teile die Liebe","publisher":{"@id":"https:\/\/www.purejewels.com\/#organization"},"potentialAction":[{"@type":"SearchAction","target":{"@type":"EntryPoint","urlTemplate":"https:\/\/www.purejewels.com\/?s={search_term_string}"},"query-input":{"@type":"PropertyValueSpecification","valueRequired":true,"valueName":"search_term_string"}}],"inLanguage":"de"},{"@type":"Organization","@id":"https:\/\/www.purejewels.com\/#organization","name":"PureJewels UK","url":"https:\/\/www.purejewels.com\/","logo":{"@type":"ImageObject","inLanguage":"de","@id":"https:\/\/www.purejewels.com\/#\/schema\/logo\/image\/","url":"https:\/\/static.purejewels.com\/wp-content\/uploads\/2020\/11\/Logo-PJ-New-1.png","contentUrl":"https:\/\/static.purejewels.com\/wp-content\/uploads\/2020\/11\/Logo-PJ-New-1.png","width":150,"height":80,"caption":"PureJewels UK"},"image":{"@id":"https:\/\/www.purejewels.com\/#\/schema\/logo\/image\/"}}]}},"_links":{"self":[{"href":"https:\/\/www.purejewels.com\/de\/wp-json\/wp\/v2\/product\/355532","targetHints":{"allow":["GET"]}}],"collection":[{"href":"https:\/\/www.purejewels.com\/de\/wp-json\/wp\/v2\/product"}],"about":[{"href":"https:\/\/www.purejewels.com\/de\/wp-json\/wp\/v2\/types\/product"}],"replies":[{"embeddable":true,"href":"https:\/\/www.purejewels.com\/de\/wp-json\/wp\/v2\/comments?post=355532"}],"version-history":[{"count":4,"href":"https:\/\/www.purejewels.com\/de\/wp-json\/wp\/v2\/product\/355532\/revisions"}],"predecessor-version":[{"id":427784,"href":"https:\/\/www.purejewels.com\/de\/wp-json\/wp\/v2\/product\/355532\/revisions\/427784"}],"wp:featuredmedia":[{"embeddable":true,"href":"https:\/\/www.purejewels.com\/de\/wp-json\/wp\/v2\/media\/403240"}],"wp:attachment":[{"href":"https:\/\/www.purejewels.com\/de\/wp-json\/wp\/v2\/media?parent=355532"}],"wp:term":[{"taxonomy":"product_brand","embeddable":true,"href":"https:\/\/www.purejewels.com\/de\/wp-json\/wp\/v2\/product_brand?post=355532"},{"taxonomy":"product_cat","embeddable":true,"href":"https:\/\/www.purejewels.com\/de\/wp-json\/wp\/v2\/product_cat?post=355532"},{"taxonomy":"product_tag","embeddable":true,"href":"https:\/\/www.purejewels.com\/de\/wp-json\/wp\/v2\/product_tag?post=355532"}],"curies":[{"name":"wp","href":"https:\/\/api.w.org\/{rel}","templated":true}]}}