{"id":355537,"date":"2024-06-25T07:51:11","date_gmt":"2024-06-25T06:51:11","guid":{"rendered":"https:\/\/www.purejewels.com\/?post_type=product&#038;p=355537"},"modified":"2026-04-14T08:45:45","modified_gmt":"2026-04-14T07:45:45","slug":"22ct-gold-antik-finish-anhanger-10mm-47881","status":"publish","type":"product","link":"https:\/\/www.purejewels.com\/de\/product\/22ct-gold-antique-finish-pendant-10mm-47881\/","title":{"rendered":"22ct Sunrise Gold-Anh\u00e4nger | 10mm"},"content":{"rendered":"<p data-start=\"631\" data-end=\"1003\">Der Anh\u00e4nger der Rosette Collection aus 22-kar\u00e4tigem Sunrise-Gold zelebriert die florale Sch\u00f6nheit durch zartes, skulpturales Design. In der Mitte sitzt ein fein detailliertes Rosettenmotiv, das die Zartheit und Eleganz einer bl\u00fchenden Blume einf\u00e4ngt. Der warme Schimmer des Sunrise Goldes hebt die strukturierten Bl\u00fctenbl\u00e4tter hervor und schafft einen zeitlosen Anh\u00e4nger, der das Erbe widerspiegelt. <a href=\"https:\/\/www.purejewels.com\/de\/a-guide-to-die-stamping\/\">Handwerkskunst<\/a> und anmutige Einfachheit.<\/p>\n<h3 data-section-id=\"1qj9e1g\" data-start=\"1219\" data-end=\"1239\">Designkonzept<\/h3>\n<p data-start=\"1240\" data-end=\"1420\">Inspiriert von bl\u00fchenden Rosetten, symbolisiert das Blumenmotiv die Feier der Sch\u00f6nheit und die Reise des Lebens. Die modellierten Bl\u00fctenbl\u00e4tter schaffen eine sanfte Tiefe und Balance innerhalb einer raffinierten runden Form.<\/p>\n<h3 data-section-id=\"n147pz\" data-start=\"1427\" data-end=\"1446\">Handwerkliches K\u00f6nnen<\/h3>\n<p data-start=\"1447\" data-end=\"1653\">Der fachm\u00e4nnisch aus hochreinem 22-kar\u00e4tigem Sunrise-Gold gefertigte Anh\u00e4nger zeichnet sich durch sorgf\u00e4ltig geformte Bl\u00fctenbl\u00e4tter aus, die die Tiefe und Brillanz der Textur hervorheben. Jedes St\u00fcck zeugt von geschickter Goldschmiedekunst und Liebe zum Detail.<\/p>\n<h3 data-section-id=\"lvxqx6\" data-start=\"1660\" data-end=\"1678\">Styling-Tipps<\/h3>\n<p data-start=\"1679\" data-end=\"1864\" data-is-last-node=\"\" data-is-only-node=\"\">Kombinieren Sie sie mit einer zarten 22-kar\u00e4tigen Goldkette f\u00fcr einen eleganten Alltagslook.<br data-start=\"1745\" data-end=\"1748\" \/>Tragen Sie dazu die Rosette-Ohrringe f\u00fcr einen koordinierten Stil.<br data-start=\"1799\" data-end=\"1802\" \/>F\u00fcr ein modernes, raffiniertes Finish kombinieren Sie es mit mehrlagigen goldenen Halsketten.<\/p>","protected":false},"excerpt":{"rendered":"<table class=\"sh_desc\">\n<tbody>\n<tr>\n<td>Typ des Anh\u00e4ngers<\/td>\n<td>Fancy Zwei-Lagen-Anh\u00e4nger<\/td>\n<\/tr>\n<tr>\n<td>SKU<\/td>\n<td>49092, 49093, 54837, 54838, 54839, 54840, 54841, 54842, 55494<\/td>\n<\/tr>\n<tr>\n<td>Gewicht<\/td>\n<td>1.23Gms<\/td>\n<\/tr>\n<tr>\n<td>Breite<\/td>\n<td>10mm<\/td>\n<\/tr>\n<tr>\n<td>Metall<\/td>\n<td>22ct Sonnenaufgang Gold<\/td>\n<\/tr>\n<tr>\n<td>KatalogID<\/td>\n<td>R1023<\/td>\n<\/tr>\n<tr>\n<td>Sammlung<\/td>\n<td><strong>Kollektion Rosetten<\/strong><\/td>\n<\/tr>\n<tr>\n<td>Entgelte<\/td>\n<td>Lieferung und Mehrwertsteuer inbegriffen<\/td>\n<\/tr>\n<tr>\n<td>Verpackung<\/td>\n<td>Mit Pr\u00e4sentationsbox<\/td>\n<\/tr>\n<tr>\n<td>Mehr Informationen<\/td>\n<td>\n<ul>\n<li>Kette ist nicht enthalten<\/li>\n<li>Sehen Sie sich unsere Sammlung von\u00a0<strong>Gold-Ketten<\/strong><\/li>\n<li>Live-Chat mit uns f\u00fcr Verf\u00fcgbarkeit und mehr Bilder<\/li>\n<\/ul>\n<\/td>\n<\/tr>\n<\/tbody>\n<\/table>","protected":false},"featured_media":365483,"comment_status":"closed","ping_status":"closed","template":"","meta":{"_eb_attr":"","_crsspst_to_jayantr4sg-hostcom":false},"product_brand":[],"product_cat":[1791,1559,1793,1770,1229,1255,1767,1570,5585,1656,1569,1573,1574],"product_tag":[],"class_list":{"0":"post-355537","1":"product","2":"type-product","3":"status-publish","4":"has-post-thumbnail","6":"product_cat-anniversary-gifts","7":"product_cat-birthday-gifts","8":"product_cat-diwali-gifts","9":"product_cat-fancy-pendants","10":"product_cat-22ct-gold-jewellery","11":"product_cat-gold-pendants","12":"product_cat-ladies-pendants","13":"product_cat-mothers-day-gifts","14":"product_cat-rosette-pendant","15":"product_cat-rosettes-collections","16":"product_cat-valentine-day-gifts","17":"product_cat-wedding-gifts","18":"product_cat-womens-jewellery","20":"first","21":"instock","22":"taxable","23":"shipping-taxable","24":"purchasable","25":"product-type-simple","26":"add-to-wishlist-before_image"},"yoast_head":"<!-- This site is optimized with the Yoast SEO plugin v27.5 - https:\/\/yoast.com\/product\/yoast-seo-wordpress\/ -->\n<title>22ct Gold Antique finish Pendant online at PureJewels<\/title>\n<meta name=\"description\" content=\"Elevate your style with our stunning 22ct gold antique finish pendants from the Rosette Collection, available at PureJeweles online.\" \/>\n<meta name=\"robots\" content=\"index, follow, max-snippet:-1, max-image-preview:large, max-video-preview:-1\" \/>\n<link rel=\"canonical\" href=\"https:\/\/www.purejewels.com\/de\/produkt-2\/22ct-gold-antik-finish-anhanger-10mm-47881\/\" \/>\n<meta property=\"og:locale\" content=\"de_DE\" \/>\n<meta property=\"og:type\" content=\"article\" \/>\n<meta property=\"og:title\" content=\"22ct Gold Antique finish Pendant online at PureJewels\" \/>\n<meta property=\"og:description\" content=\"Elevate your style with our stunning 22ct gold antique finish pendants from the Rosette Collection, available at PureJeweles online.\" \/>\n<meta property=\"og:url\" content=\"https:\/\/www.purejewels.com\/de\/produkt-2\/22ct-gold-antik-finish-anhanger-10mm-47881\/\" \/>\n<meta property=\"og:site_name\" content=\"PureJewels UK\" \/>\n<meta property=\"article:modified_time\" content=\"2026-04-14T07:45:45+00:00\" \/>\n<meta property=\"og:image\" content=\"https:\/\/static.purejewels.com\/wp-content\/uploads\/2024\/05\/47880.png\" \/>\n\t<meta property=\"og:image:width\" content=\"1000\" \/>\n\t<meta property=\"og:image:height\" content=\"1000\" \/>\n\t<meta property=\"og:image:type\" content=\"image\/png\" \/>\n<meta name=\"twitter:card\" content=\"summary_large_image\" \/>\n<meta name=\"twitter:label1\" content=\"Gesch\u00e4tzte Lesezeit\" \/>\n\t<meta name=\"twitter:data1\" content=\"1\u00a0Minute\" \/>\n<script type=\"application\/ld+json\" class=\"yoast-schema-graph\">{\"@context\":\"https:\\\/\\\/schema.org\",\"@graph\":[{\"@type\":[\"WebPage\",\"ItemPage\"],\"@id\":\"https:\\\/\\\/www.purejewels.com\\\/product\\\/22ct-gold-antique-finish-pendant-10mm-47881\\\/\",\"url\":\"https:\\\/\\\/www.purejewels.com\\\/product\\\/22ct-gold-antique-finish-pendant-10mm-47881\\\/\",\"name\":\"22ct Gold Antique finish Pendant online at PureJewels\",\"isPartOf\":{\"@id\":\"https:\\\/\\\/www.purejewels.com\\\/#website\"},\"primaryImageOfPage\":{\"@id\":\"https:\\\/\\\/www.purejewels.com\\\/product\\\/22ct-gold-antique-finish-pendant-10mm-47881\\\/#primaryimage\"},\"image\":{\"@id\":\"https:\\\/\\\/www.purejewels.com\\\/product\\\/22ct-gold-antique-finish-pendant-10mm-47881\\\/#primaryimage\"},\"thumbnailUrl\":\"https:\\\/\\\/static.purejewels.com\\\/wp-content\\\/uploads\\\/2024\\\/05\\\/47880.png\",\"datePublished\":\"2024-06-25T06:51:11+00:00\",\"dateModified\":\"2026-04-14T07:45:45+00:00\",\"description\":\"Elevate your style with our stunning 22ct gold antique finish pendants from the Rosette Collection, available at PureJeweles online.\",\"breadcrumb\":{\"@id\":\"https:\\\/\\\/www.purejewels.com\\\/product\\\/22ct-gold-antique-finish-pendant-10mm-47881\\\/#breadcrumb\"},\"inLanguage\":\"de\",\"potentialAction\":[{\"@type\":\"ReadAction\",\"target\":[\"https:\\\/\\\/www.purejewels.com\\\/product\\\/22ct-gold-antique-finish-pendant-10mm-47881\\\/\"]}]},{\"@type\":\"ImageObject\",\"inLanguage\":\"de\",\"@id\":\"https:\\\/\\\/www.purejewels.com\\\/product\\\/22ct-gold-antique-finish-pendant-10mm-47881\\\/#primaryimage\",\"url\":\"https:\\\/\\\/static.purejewels.com\\\/wp-content\\\/uploads\\\/2024\\\/05\\\/47880.png\",\"contentUrl\":\"https:\\\/\\\/static.purejewels.com\\\/wp-content\\\/uploads\\\/2024\\\/05\\\/47880.png\",\"width\":1000,\"height\":1000},{\"@type\":\"BreadcrumbList\",\"@id\":\"https:\\\/\\\/www.purejewels.com\\\/product\\\/22ct-gold-antique-finish-pendant-10mm-47881\\\/#breadcrumb\",\"itemListElement\":[{\"@type\":\"ListItem\",\"position\":1,\"name\":\"Home\",\"item\":\"https:\\\/\\\/www.purejewels.com\\\/\"},{\"@type\":\"ListItem\",\"position\":2,\"name\":\"Shop\",\"item\":\"https:\\\/\\\/www.purejewels.com\\\/shop\\\/\"},{\"@type\":\"ListItem\",\"position\":3,\"name\":\"22ct Sunrise Gold Pendant | 10mm\"}]},{\"@type\":\"WebSite\",\"@id\":\"https:\\\/\\\/www.purejewels.com\\\/#website\",\"url\":\"https:\\\/\\\/www.purejewels.com\\\/\",\"name\":\"PureJewels UK\",\"description\":\"Share the Love\",\"publisher\":{\"@id\":\"https:\\\/\\\/www.purejewels.com\\\/#organization\"},\"potentialAction\":[{\"@type\":\"SearchAction\",\"target\":{\"@type\":\"EntryPoint\",\"urlTemplate\":\"https:\\\/\\\/www.purejewels.com\\\/?s={search_term_string}\"},\"query-input\":{\"@type\":\"PropertyValueSpecification\",\"valueRequired\":true,\"valueName\":\"search_term_string\"}}],\"inLanguage\":\"de\"},{\"@type\":\"Organization\",\"@id\":\"https:\\\/\\\/www.purejewels.com\\\/#organization\",\"name\":\"PureJewels UK\",\"url\":\"https:\\\/\\\/www.purejewels.com\\\/\",\"logo\":{\"@type\":\"ImageObject\",\"inLanguage\":\"de\",\"@id\":\"https:\\\/\\\/www.purejewels.com\\\/#\\\/schema\\\/logo\\\/image\\\/\",\"url\":\"https:\\\/\\\/static.purejewels.com\\\/wp-content\\\/uploads\\\/2020\\\/11\\\/Logo-PJ-New-1.png\",\"contentUrl\":\"https:\\\/\\\/static.purejewels.com\\\/wp-content\\\/uploads\\\/2020\\\/11\\\/Logo-PJ-New-1.png\",\"width\":150,\"height\":80,\"caption\":\"PureJewels UK\"},\"image\":{\"@id\":\"https:\\\/\\\/www.purejewels.com\\\/#\\\/schema\\\/logo\\\/image\\\/\"}}]}<\/script>\n<!-- \/ Yoast SEO plugin. -->","yoast_head_json":{"title":"22ct Gold Antik-Finish-Anh\u00e4nger online bei PureJewels","description":"Erh\u00f6hen Sie Ihren Stil mit unseren atemberaubenden 22-Karat-Gold-Anh\u00e4ngern mit Antik-Finish aus der Rosette-Kollektion, erh\u00e4ltlich bei PureJeweles online.","robots":{"index":"index","follow":"follow","max-snippet":"max-snippet:-1","max-image-preview":"max-image-preview:large","max-video-preview":"max-video-preview:-1"},"canonical":"https:\/\/www.purejewels.com\/de\/produkt-2\/22ct-gold-antik-finish-anhanger-10mm-47881\/","og_locale":"de_DE","og_type":"article","og_title":"22ct Gold Antique finish Pendant online at PureJewels","og_description":"Elevate your style with our stunning 22ct gold antique finish pendants from the Rosette Collection, available at PureJeweles online.","og_url":"https:\/\/www.purejewels.com\/de\/produkt-2\/22ct-gold-antik-finish-anhanger-10mm-47881\/","og_site_name":"PureJewels UK","article_modified_time":"2026-04-14T07:45:45+00:00","og_image":[{"width":1000,"height":1000,"url":"https:\/\/static.purejewels.com\/wp-content\/uploads\/2024\/05\/47880.png","type":"image\/png"}],"twitter_card":"summary_large_image","twitter_misc":{"Gesch\u00e4tzte Lesezeit":"1\u00a0Minute"},"schema":{"@context":"https:\/\/schema.org","@graph":[{"@type":["WebPage","ItemPage"],"@id":"https:\/\/www.purejewels.com\/product\/22ct-gold-antique-finish-pendant-10mm-47881\/","url":"https:\/\/www.purejewels.com\/product\/22ct-gold-antique-finish-pendant-10mm-47881\/","name":"22ct Gold Antik-Finish-Anh\u00e4nger online bei PureJewels","isPartOf":{"@id":"https:\/\/www.purejewels.com\/#website"},"primaryImageOfPage":{"@id":"https:\/\/www.purejewels.com\/product\/22ct-gold-antique-finish-pendant-10mm-47881\/#primaryimage"},"image":{"@id":"https:\/\/www.purejewels.com\/product\/22ct-gold-antique-finish-pendant-10mm-47881\/#primaryimage"},"thumbnailUrl":"https:\/\/static.purejewels.com\/wp-content\/uploads\/2024\/05\/47880.png","datePublished":"2024-06-25T06:51:11+00:00","dateModified":"2026-04-14T07:45:45+00:00","description":"Erh\u00f6hen Sie Ihren Stil mit unseren atemberaubenden 22-Karat-Gold-Anh\u00e4ngern mit Antik-Finish aus der Rosette-Kollektion, erh\u00e4ltlich bei PureJeweles online.","breadcrumb":{"@id":"https:\/\/www.purejewels.com\/product\/22ct-gold-antique-finish-pendant-10mm-47881\/#breadcrumb"},"inLanguage":"de","potentialAction":[{"@type":"ReadAction","target":["https:\/\/www.purejewels.com\/product\/22ct-gold-antique-finish-pendant-10mm-47881\/"]}]},{"@type":"ImageObject","inLanguage":"de","@id":"https:\/\/www.purejewels.com\/product\/22ct-gold-antique-finish-pendant-10mm-47881\/#primaryimage","url":"https:\/\/static.purejewels.com\/wp-content\/uploads\/2024\/05\/47880.png","contentUrl":"https:\/\/static.purejewels.com\/wp-content\/uploads\/2024\/05\/47880.png","width":1000,"height":1000},{"@type":"BreadcrumbList","@id":"https:\/\/www.purejewels.com\/product\/22ct-gold-antique-finish-pendant-10mm-47881\/#breadcrumb","itemListElement":[{"@type":"ListItem","position":1,"name":"Home","item":"https:\/\/www.purejewels.com\/"},{"@type":"ListItem","position":2,"name":"Shop","item":"https:\/\/www.purejewels.com\/shop\/"},{"@type":"ListItem","position":3,"name":"22ct Sunrise Gold Pendant | 10mm"}]},{"@type":"WebSite","@id":"https:\/\/www.purejewels.com\/#website","url":"https:\/\/www.purejewels.com\/","name":"PureJewels UK","description":"Teile die Liebe","publisher":{"@id":"https:\/\/www.purejewels.com\/#organization"},"potentialAction":[{"@type":"SearchAction","target":{"@type":"EntryPoint","urlTemplate":"https:\/\/www.purejewels.com\/?s={search_term_string}"},"query-input":{"@type":"PropertyValueSpecification","valueRequired":true,"valueName":"search_term_string"}}],"inLanguage":"de"},{"@type":"Organization","@id":"https:\/\/www.purejewels.com\/#organization","name":"PureJewels UK","url":"https:\/\/www.purejewels.com\/","logo":{"@type":"ImageObject","inLanguage":"de","@id":"https:\/\/www.purejewels.com\/#\/schema\/logo\/image\/","url":"https:\/\/static.purejewels.com\/wp-content\/uploads\/2020\/11\/Logo-PJ-New-1.png","contentUrl":"https:\/\/static.purejewels.com\/wp-content\/uploads\/2020\/11\/Logo-PJ-New-1.png","width":150,"height":80,"caption":"PureJewels UK"},"image":{"@id":"https:\/\/www.purejewels.com\/#\/schema\/logo\/image\/"}}]}},"_links":{"self":[{"href":"https:\/\/www.purejewels.com\/de\/wp-json\/wp\/v2\/product\/355537","targetHints":{"allow":["GET"]}}],"collection":[{"href":"https:\/\/www.purejewels.com\/de\/wp-json\/wp\/v2\/product"}],"about":[{"href":"https:\/\/www.purejewels.com\/de\/wp-json\/wp\/v2\/types\/product"}],"replies":[{"embeddable":true,"href":"https:\/\/www.purejewels.com\/de\/wp-json\/wp\/v2\/comments?post=355537"}],"version-history":[{"count":5,"href":"https:\/\/www.purejewels.com\/de\/wp-json\/wp\/v2\/product\/355537\/revisions"}],"predecessor-version":[{"id":428425,"href":"https:\/\/www.purejewels.com\/de\/wp-json\/wp\/v2\/product\/355537\/revisions\/428425"}],"wp:featuredmedia":[{"embeddable":true,"href":"https:\/\/www.purejewels.com\/de\/wp-json\/wp\/v2\/media\/365483"}],"wp:attachment":[{"href":"https:\/\/www.purejewels.com\/de\/wp-json\/wp\/v2\/media?parent=355537"}],"wp:term":[{"taxonomy":"product_brand","embeddable":true,"href":"https:\/\/www.purejewels.com\/de\/wp-json\/wp\/v2\/product_brand?post=355537"},{"taxonomy":"product_cat","embeddable":true,"href":"https:\/\/www.purejewels.com\/de\/wp-json\/wp\/v2\/product_cat?post=355537"},{"taxonomy":"product_tag","embeddable":true,"href":"https:\/\/www.purejewels.com\/de\/wp-json\/wp\/v2\/product_tag?post=355537"}],"curies":[{"name":"wp","href":"https:\/\/api.w.org\/{rel}","templated":true}]}}